{"id":19770,"date":"2019-04-11T13:35:21","date_gmt":"2019-04-11T12:35:21","guid":{"rendered":"https:\/\/www.fernco.de\/?post_type=product&#038;p=19770"},"modified":"2025-01-30T14:26:28","modified_gmt":"2025-01-30T14:26:28","slug":"wraparound-couplings","status":"publish","type":"product","link":"https:\/\/www.fernco.de\/en\/product\/wraparound-couplings","title":{"rendered":"WRC\/MAGWRC &#8211; Wraparound Repair Couplings"},"content":{"rendered":"<p>WRC WRC3xx WRC4xx WRC5xx WRC6xx WRC7xx WRC8xx WRC9xx WRC10xx WRC11xx WRC12xx WRC13xx WRC14xx WRC15xx WRC16xx WRC17xx WRC18xx WRC19xx WRC20xx WRC21xx MWRC MWRC3xx MWRC4xx MWRC5xx MWRC6xx MWRC7xx MWRC8xx MWRC9xx MWRC10xx MWRC11xx MWRC12xx MWRC13xx MWRC14xx MWRC15xx MWRC16xx MWRC17xx MWRC18xx MWRC19xx MWRC20xx MWRC21xx MAGWRC MAGWRC3xx MAGWRC4xx MAGWRC5xx MAGWRC6xx MAGWRC7xx MAGWRC8xx MAGWRC9xx MAGWRC10xx MAGWRC11xx MAGWRC12xx MAGWRC13xx MAGWRC14xx MAGWRC15xx MAGWRC16xx MAGWRC17xx MAGWRC18xx MAGWRC19xx MAGWRC20xx MAGWRC21xx<\/p>\n<p>Reparaturmanschetten offene Reparaturkupplung manschette magnum offene Reparaturkupplung besch\u00e4digtes Rohr Sonderanfertigung scherlastsicher Scherband Spannband Spannb\u00e4nder Reparatur Wartung indidviduelle Fertigung Wraparound Coupling open version repair coupling damaged pipe shear proof tension bands repair maintenance indidvidual manufacturing Special design Raccords de R\u00e9paration Wraparound MAGWRC ouvert tube endommag\u00e9 fabrication sp\u00e9ciale r\u00e9sistant au cisaillement collier de serrage collier de serrage r\u00e9paration entretien fabrication individuelle Manszeta naprawcza<\/p>\n<p>Rohrverbindungen pipes connections joints Raccords de tuyaux po\u0142\u0105czenia rurowe<br \/>\nTiefbau Abwasser Civils Drainage G\u00e9nie Civil Assainissement Infrastruktura kanalizacji sanitarnej i deszczowej<br \/>\nScherband scherlastsicher scherstabil scherlaststabilit\u00e4t shear bands tension proof Bande de cisaillement serrage r\u00e9sistant \u00e0 la charge de cisaillement Stabilit\u00e9 au cisaillement Opaska przeciw\u015bcinaj\u0105ca Odporna na obci\u0105\u017cenia \u015bcinaj\u0105ce Przeciw\u015bcinaj\u0105ca<br \/>\nSpannband Spannb\u00e4nder Sangles clamp bands<br \/>\nReparaturen reparieren Wartungen warten besch\u00e4digtes Rohre repairs repairing reparing maintenance damaged pipe r\u00e9parer r\u00e9paration tuyaux endommag\u00e9s Naprawcza Do naprawy Uszkodzona rura<br \/>\nindidviduelle Fertigungen Sonderanfertigungen indidvidual manufacturing Special designs custom configuration fabrications fabrications individuelles Ex\u00e9cutions sp\u00e9ciales Produkty na zam\u00f3wienie Indywidualne wymagania<\/p>\n<p>EPDM Gummi Elastomere kautschuk UV best\u00e4ndig rubber resistant Caoutchouc \u00c9lastom\u00e8re r\u00e9sistant Guma Elastomery Odporne na promieniowanie<br \/>\nNBR Gummi Elastomere \u00f6lbest\u00e4ndig benzinbest\u00e4ndig treibstoff tankstelle rubber gasoline fuel oil resistant gas Caoutchouc \u00c9lastom\u00e8re r\u00e9sistant l&#8217;huile r\u00e9sistant \u00e0 l&#8217;essence Guma Elastomery Odporne na oleje<br \/>\nV2A 1.4301 304 W4 Edelstahl Stahl rostfrei Metall Stainless steel Metal rust free Acier inoxydable M\u00e9tal Stal Nierdzwena<br \/>\nV4A 1.4404 1.4401 316 W5 Edelstahl Stahl rostfrei Metall seewasser best\u00e4ndig salzwasser meer k\u00fcsten schiffahrt coast sea ocean salt water ship shipping r\u00e9sistant \u00e0 l&#8217;eau de mer eau sal\u00e9e navigation Stal Nierdzewna Odporna<br \/>\nsilber silver srebrny<br \/>\nschwarz black noir czarny<\/p>\n<p>Rohrverbindungen pipe connections joints Raccords de tuyaux Po\u0142\u0105czenia rurowe<br \/>\nKG KG2000 PVC Kunststoffrohre d\u00fcnnwandiges glattes Rohr PVCu plastics pipes Thin-Walled Pipe smooth Tubes en plastique Rury plastikowe cienko\u015bcienne g\u0142adkie<br \/>\nBetonrohre concrete pipes asbestos Tubes en b\u00e9ton Rury betonowe<br \/>\nSteinzeugrohre eurotop vitrified clay pipes Tuyaux en gr\u00e8s Rury kamionkowe<br \/>\ngeripptes gewelltes Rohre Rippen kunststoff plastik strukturiertes Wellen doppelwandiges Robukan UR UltraRib ribbed ribs structured pipes twin-walled tube nervur\u00e9 ondul\u00e9 Rury faliste plastikowe dwu\u015bcienne<br \/>\nSML Gussrohre Gusseisen GGG cast ductile iron pipes Tuyaux en fonte Rury \u017celiwne \u017beliwo<br \/>\nAbwasserrohre Abflusssysteme Kanal Kanalisation sewage pipes systems Tuyaux d&#8217;\u00e9vacuation Syst\u00e8mes d&#8217;\u00e9vacuation Rury kanalizacyjne Systemy odwadniaj\u0105ce Kanalizacja<\/p>\n","protected":false},"excerpt":{"rendered":"<p>The WRC\/MAGWRC couplings are designed for the repair of damaged pipes. To install the split repair couplings, it is not necessary to remove a piece of pipe from the pipe, which considerably reduces the time and material required during repairs.<\/p>\n<p><strong>Product Benefits:<\/strong><\/p>\n<ul>\n<li>Ideal for quick, permanent and reliable repairs<\/li>\n<li>Reduced repair time<\/li>\n<li>Manufactured to specific needs of the project<\/li>\n<li>Easy installation<\/li>\n<\/ul>\n","protected":false},"featured_media":21798,"template":"","meta":{"_acf_changed":false,"_mi_skip_tracking":false,"_monsterinsights_sitenote_active":false,"_monsterinsights_sitenote_note":"","_monsterinsights_sitenote_category":0},"product_cat":[224],"product_tag":[],"acf":[],"yoast_head":"<!-- This site is optimized with the Yoast SEO plugin v22.7 - https:\/\/yoast.com\/wordpress\/plugins\/seo\/ -->\n<title>Repair Coupling | Civils &amp; Drainage | Pipe Connection<\/title>\n<meta name=\"description\" content=\"Fernco Wraparound Repair Couplings \u2013 fast, reliable pipe repair without pipe removal. Easy installation &amp; reduced downtime.\" \/>\n<meta name=\"robots\" content=\"index, follow, max-snippet:-1, max-image-preview:large, max-video-preview:-1\" \/>\n<link rel=\"canonical\" href=\"https:\/\/www.fernco.de\/en\/product\/wraparound-couplings\" \/>\n<meta property=\"og:locale\" content=\"en_US\" \/>\n<meta property=\"og:type\" content=\"article\" \/>\n<meta property=\"og:title\" content=\"Repair Coupling | Civils &amp; Drainage | Pipe Connection\" \/>\n<meta property=\"og:description\" content=\"Fernco Wraparound Repair Couplings \u2013 fast, reliable pipe repair without pipe removal. Easy installation &amp; reduced downtime.\" \/>\n<meta property=\"og:url\" content=\"https:\/\/www.fernco.de\/en\/product\/wraparound-couplings\" \/>\n<meta property=\"og:site_name\" content=\"Fernco\" \/>\n<meta property=\"article:publisher\" content=\"https:\/\/www.facebook.com\/Flexseal\" \/>\n<meta property=\"article:modified_time\" content=\"2025-01-30T14:26:28+00:00\" \/>\n<meta property=\"og:image\" content=\"https:\/\/www.fernco.de\/wp-content\/uploads\/2019\/04\/Wraparound-Coupling.jpg\" \/>\n\t<meta property=\"og:image:width\" content=\"800\" \/>\n\t<meta property=\"og:image:height\" content=\"450\" \/>\n\t<meta property=\"og:image:type\" content=\"image\/jpeg\" \/>\n<meta name=\"twitter:card\" content=\"summary_large_image\" \/>\n<meta name=\"twitter:site\" content=\"@FlexsealUK\" \/>\n<meta name=\"twitter:label1\" content=\"Est. reading time\" \/>\n\t<meta name=\"twitter:data1\" content=\"3 minutes\" \/>\n<script type=\"application\/ld+json\" class=\"yoast-schema-graph\">{\"@context\":\"https:\/\/schema.org\",\"@graph\":[{\"@type\":\"WebPage\",\"@id\":\"https:\/\/www.fernco.de\/en\/product\/wraparound-couplings\",\"url\":\"https:\/\/www.fernco.de\/en\/product\/wraparound-couplings\",\"name\":\"Repair Coupling | Civils & Drainage | Pipe Connection\",\"isPartOf\":{\"@id\":\"https:\/\/www.fernco.de\/en\/#website\"},\"primaryImageOfPage\":{\"@id\":\"https:\/\/www.fernco.de\/en\/product\/wraparound-couplings#primaryimage\"},\"image\":{\"@id\":\"https:\/\/www.fernco.de\/en\/product\/wraparound-couplings#primaryimage\"},\"thumbnailUrl\":\"https:\/\/www.fernco.de\/wp-content\/uploads\/2019\/04\/Wraparound-Coupling.jpg\",\"datePublished\":\"2019-04-11T12:35:21+00:00\",\"dateModified\":\"2025-01-30T14:26:28+00:00\",\"description\":\"Fernco Wraparound Repair Couplings \u2013 fast, reliable pipe repair without pipe removal. Easy installation & reduced downtime.\",\"breadcrumb\":{\"@id\":\"https:\/\/www.fernco.de\/en\/product\/wraparound-couplings#breadcrumb\"},\"inLanguage\":\"en-US\",\"potentialAction\":[{\"@type\":\"ReadAction\",\"target\":[\"https:\/\/www.fernco.de\/en\/product\/wraparound-couplings\"]}]},{\"@type\":\"ImageObject\",\"inLanguage\":\"en-US\",\"@id\":\"https:\/\/www.fernco.de\/en\/product\/wraparound-couplings#primaryimage\",\"url\":\"https:\/\/www.fernco.de\/wp-content\/uploads\/2019\/04\/Wraparound-Coupling.jpg\",\"contentUrl\":\"https:\/\/www.fernco.de\/wp-content\/uploads\/2019\/04\/Wraparound-Coupling.jpg\",\"width\":800,\"height\":450,\"caption\":\"Wraparound Coupling\"},{\"@type\":\"BreadcrumbList\",\"@id\":\"https:\/\/www.fernco.de\/en\/product\/wraparound-couplings#breadcrumb\",\"itemListElement\":[{\"@type\":\"ListItem\",\"position\":1,\"name\":\"Home\",\"item\":\"https:\/\/www.fernco.de\/en\"},{\"@type\":\"ListItem\",\"position\":2,\"name\":\"Products\",\"item\":\"https:\/\/www.fernco.de\/en\/shop\"},{\"@type\":\"ListItem\",\"position\":3,\"name\":\"WRC\/MAGWRC &#8211; Wraparound Repair Couplings\"}]},{\"@type\":\"WebSite\",\"@id\":\"https:\/\/www.fernco.de\/en\/#website\",\"url\":\"https:\/\/www.fernco.de\/en\/\",\"name\":\"Fernco\",\"description\":\"Flexible Couplings, Drainage &amp; Plumbing Systems\",\"publisher\":{\"@id\":\"https:\/\/www.fernco.de\/en\/#organization\"},\"potentialAction\":[{\"@type\":\"SearchAction\",\"target\":{\"@type\":\"EntryPoint\",\"urlTemplate\":\"https:\/\/www.fernco.de\/en\/?s={search_term_string}\"},\"query-input\":\"required name=search_term_string\"}],\"inLanguage\":\"en-US\"},{\"@type\":\"Organization\",\"@id\":\"https:\/\/www.fernco.de\/en\/#organization\",\"name\":\"Fernco GmbH\",\"alternateName\":\"Fernco\",\"url\":\"https:\/\/www.fernco.de\/en\/\",\"logo\":{\"@type\":\"ImageObject\",\"inLanguage\":\"en-US\",\"@id\":\"https:\/\/www.fernco.de\/en\/#\/schema\/logo\/image\/\",\"url\":\"https:\/\/www.fernco.de\/wp-content\/uploads\/2022\/06\/fernco-logo.png\",\"contentUrl\":\"https:\/\/www.fernco.de\/wp-content\/uploads\/2022\/06\/fernco-logo.png\",\"width\":287,\"height\":50,\"caption\":\"Fernco GmbH\"},\"image\":{\"@id\":\"https:\/\/www.fernco.de\/en\/#\/schema\/logo\/image\/\"},\"sameAs\":[\"https:\/\/www.facebook.com\/Flexseal\",\"https:\/\/x.com\/FlexsealUK\"]}]}<\/script>\n<!-- \/ Yoast SEO plugin. -->","yoast_head_json":{"title":"Repair Coupling | Civils & Drainage | Pipe Connection","description":"Fernco Wraparound Repair Couplings \u2013 fast, reliable pipe repair without pipe removal. Easy installation & reduced downtime.","robots":{"index":"index","follow":"follow","max-snippet":"max-snippet:-1","max-image-preview":"max-image-preview:large","max-video-preview":"max-video-preview:-1"},"canonical":"https:\/\/www.fernco.de\/en\/product\/wraparound-couplings","og_locale":"en_US","og_type":"article","og_title":"Repair Coupling | Civils & Drainage | Pipe Connection","og_description":"Fernco Wraparound Repair Couplings \u2013 fast, reliable pipe repair without pipe removal. Easy installation & reduced downtime.","og_url":"https:\/\/www.fernco.de\/en\/product\/wraparound-couplings","og_site_name":"Fernco","article_publisher":"https:\/\/www.facebook.com\/Flexseal","article_modified_time":"2025-01-30T14:26:28+00:00","og_image":[{"width":800,"height":450,"url":"https:\/\/www.fernco.de\/wp-content\/uploads\/2019\/04\/Wraparound-Coupling.jpg","type":"image\/jpeg"}],"twitter_card":"summary_large_image","twitter_site":"@FlexsealUK","twitter_misc":{"Est. reading time":"3 minutes"},"schema":{"@context":"https:\/\/schema.org","@graph":[{"@type":"WebPage","@id":"https:\/\/www.fernco.de\/en\/product\/wraparound-couplings","url":"https:\/\/www.fernco.de\/en\/product\/wraparound-couplings","name":"Repair Coupling | Civils & Drainage | Pipe Connection","isPartOf":{"@id":"https:\/\/www.fernco.de\/en\/#website"},"primaryImageOfPage":{"@id":"https:\/\/www.fernco.de\/en\/product\/wraparound-couplings#primaryimage"},"image":{"@id":"https:\/\/www.fernco.de\/en\/product\/wraparound-couplings#primaryimage"},"thumbnailUrl":"https:\/\/www.fernco.de\/wp-content\/uploads\/2019\/04\/Wraparound-Coupling.jpg","datePublished":"2019-04-11T12:35:21+00:00","dateModified":"2025-01-30T14:26:28+00:00","description":"Fernco Wraparound Repair Couplings \u2013 fast, reliable pipe repair without pipe removal. Easy installation & reduced downtime.","breadcrumb":{"@id":"https:\/\/www.fernco.de\/en\/product\/wraparound-couplings#breadcrumb"},"inLanguage":"en-US","potentialAction":[{"@type":"ReadAction","target":["https:\/\/www.fernco.de\/en\/product\/wraparound-couplings"]}]},{"@type":"ImageObject","inLanguage":"en-US","@id":"https:\/\/www.fernco.de\/en\/product\/wraparound-couplings#primaryimage","url":"https:\/\/www.fernco.de\/wp-content\/uploads\/2019\/04\/Wraparound-Coupling.jpg","contentUrl":"https:\/\/www.fernco.de\/wp-content\/uploads\/2019\/04\/Wraparound-Coupling.jpg","width":800,"height":450,"caption":"Wraparound Coupling"},{"@type":"BreadcrumbList","@id":"https:\/\/www.fernco.de\/en\/product\/wraparound-couplings#breadcrumb","itemListElement":[{"@type":"ListItem","position":1,"name":"Home","item":"https:\/\/www.fernco.de\/en"},{"@type":"ListItem","position":2,"name":"Products","item":"https:\/\/www.fernco.de\/en\/shop"},{"@type":"ListItem","position":3,"name":"WRC\/MAGWRC &#8211; Wraparound Repair Couplings"}]},{"@type":"WebSite","@id":"https:\/\/www.fernco.de\/en\/#website","url":"https:\/\/www.fernco.de\/en\/","name":"Fernco","description":"Flexible Couplings, Drainage &amp; Plumbing Systems","publisher":{"@id":"https:\/\/www.fernco.de\/en\/#organization"},"potentialAction":[{"@type":"SearchAction","target":{"@type":"EntryPoint","urlTemplate":"https:\/\/www.fernco.de\/en\/?s={search_term_string}"},"query-input":"required name=search_term_string"}],"inLanguage":"en-US"},{"@type":"Organization","@id":"https:\/\/www.fernco.de\/en\/#organization","name":"Fernco GmbH","alternateName":"Fernco","url":"https:\/\/www.fernco.de\/en\/","logo":{"@type":"ImageObject","inLanguage":"en-US","@id":"https:\/\/www.fernco.de\/en\/#\/schema\/logo\/image\/","url":"https:\/\/www.fernco.de\/wp-content\/uploads\/2022\/06\/fernco-logo.png","contentUrl":"https:\/\/www.fernco.de\/wp-content\/uploads\/2022\/06\/fernco-logo.png","width":287,"height":50,"caption":"Fernco GmbH"},"image":{"@id":"https:\/\/www.fernco.de\/en\/#\/schema\/logo\/image\/"},"sameAs":["https:\/\/www.facebook.com\/Flexseal","https:\/\/x.com\/FlexsealUK"]}]}},"_links":{"self":[{"href":"https:\/\/www.fernco.de\/en\/wp-json\/wp\/v2\/product\/19770"}],"collection":[{"href":"https:\/\/www.fernco.de\/en\/wp-json\/wp\/v2\/product"}],"about":[{"href":"https:\/\/www.fernco.de\/en\/wp-json\/wp\/v2\/types\/product"}],"wp:featuredmedia":[{"embeddable":true,"href":"https:\/\/www.fernco.de\/en\/wp-json\/wp\/v2\/media\/21798"}],"wp:attachment":[{"href":"https:\/\/www.fernco.de\/en\/wp-json\/wp\/v2\/media?parent=19770"}],"wp:term":[{"taxonomy":"product_cat","embeddable":true,"href":"https:\/\/www.fernco.de\/en\/wp-json\/wp\/v2\/product_cat?post=19770"},{"taxonomy":"product_tag","embeddable":true,"href":"https:\/\/www.fernco.de\/en\/wp-json\/wp\/v2\/product_tag?post=19770"}],"curies":[{"name":"wp","href":"https:\/\/api.w.org\/{rel}","templated":true}]}}