{"id":19772,"date":"2019-04-11T13:36:18","date_gmt":"2019-04-11T12:36:18","guid":{"rendered":"https:\/\/www.fernco.de\/?post_type=product&#038;p=19772"},"modified":"2025-10-07T14:22:35","modified_gmt":"2025-10-07T13:22:35","slug":"drain-coupling","status":"publish","type":"product","link":"https:\/\/www.fernco.de\/en\/product\/drain-coupling","title":{"rendered":"Drainage Coupling DC"},"content":{"rendered":"<p>PC DC TD PC35 PC43 DC50 PC56 TDCB058 DC65 PC68 DC75 PC76 PC85 PC92 DC95 PC100 DC115 DC125 DC135 DC150 DC165 DC175 DC185 DC195 DC215 DC225 DC250 DC265 DC275<\/p>\n<p>Drainagesysteme gleicher \u00e4hnliche Au\u00dfendurchmesser Drainagekupplungen Drainage systems same similar outer diameter Drainage couplings<\/p>\n<p>EPDM Gummi Eloastomere UV best\u00e4ndig rubber resistant Caoutchouc \u00c9lastom\u00e8re r\u00e9sistant Guma Elastomery Odporne na promieniowanie<br \/>\nschwarz black noir czarny<br \/>\nV2A 1.4301 304 W4 Edelstahl Stahl rostfrei Metall Stainless steel Metal rust free Acier inoxydable M\u00e9tal Stal Nierdzwena<br \/>\nV4A 1.4404 1.4401 316 W5 Edelstahl Stahl rostfrei Metall seewasser best\u00e4ndig salzwasser meer k\u00fcsten schiffahrt coast sea ocean salt water ship shipping r\u00e9sistant \u00e0 l&#8217;eau de mer eau sal\u00e9e navigation Stal Nierdzewna Odporna<\/p>\n<p>Reparatur repair muffenlos socketless Adapter adaptor Verbindungen connections Spannband Spannb\u00e4nder Wartungen maintenance besch\u00e4digtes Rohre damaged pipe r\u00e9parer r\u00e9paration tuyaux endommag\u00e9s Naprawcza Do naprawy Uszkodzona rura<br \/>\nSpannband Spannb\u00e4nder Sangles clamp bands<\/p>\n<p>Rohrverbindungen pipe connections joints Raccords de tuyaux Po\u0142\u0105czenia rurowe<br \/>\nAbwasserrohre Abflusssysteme Kanal Kanalisation sewage pipes systems Tuyaux d&#8217;\u00e9vacuation Syst\u00e8mes d&#8217;\u00e9vacuation Rury kanalizacyjne Systemy odwadniaj\u0105ce Kanalizacja<br \/>\nKG KG2000 PVC Kunststoffrohre d\u00fcnnwandiges glattes Rohr PVCu plastics pipes Thin-Walled Pipe smooth Tubes en plastique Rury plastikowe cienko\u015bcienne g\u0142adkie<br \/>\nBetonrohre concrete pipes Tubes en b\u00e9ton Rury betonowe<br \/>\nSteinzeugrohre eurotop vitrified clay pipes Tuyaux en gr\u00e8s Rury kamionkowe<br \/>\ngeripptes gewelltes Rohre Rippen kunststoff plastik strukturiertes Wellen doppelwandiges Robukan UR UltraRib ribbed ribs structured pipes twin-walled tube nervur\u00e9 ondul\u00e9 Rury faliste plastikowe dwu\u015bcienne<br \/>\nSML Gussrohre Gusseisen GGG cast ductile iron pipes Tuyaux en fonte Rury \u017celiwne \u017beliwo<\/p>\n<p>Manschettendichtungen manschetten dichtungen rohrverbindungen couplings sealings pipe joints connections Joints de manchette raccords Manszety Manszeta uszczelniaj\u0105ca<br \/>\nTiefbau Abwasser Civils Drainage G\u00e9nie Civil Assainissement Infrastruktura kanalizacji sanitarnej i deszczowej<br \/>\nHaustechnik sanit\u00e4r bad Domestic sanitary bathroom Dometique Instalacja sanitarna<\/p>\n","protected":false},"excerpt":{"rendered":"<p>Fernco Drain Couplings Typ 1 comprise a moulded EPDM sleeve which is attached using Grade 1.4301 (304) wormdrive stainless steel clamping bands at either end. It is suitable for use in drainage systems where there is no need to consider shear loads.<\/p>\n<p><strong>Product benefits:<\/strong><\/p>\n<ul>\n<li>Low cost solution to damaged drainage systems<\/li>\n<li>Easy to install<\/li>\n<li>Efficient, airtight and watertight connection<\/li>\n<li>Resist a internal pressure of 0,6 bar<\/li>\n<\/ul>\n<p><a href=\"https:\/\/fernco-shop.eu\/drain-coupling.html\" target=\"_blank\" rel=\"Shop noopener now! noreferrer\"><img decoding=\"async\" class=\"alignleft wp-image-24709 size-full\" src=\"https:\/\/www.fernco.de\/wp-content\/uploads\/2021\/02\/ShopNow_Website_EU_1.png\" alt=\"SHOP NOW\" width=\"160\" height=\"60\" \/><\/a><\/p>\n","protected":false},"featured_media":31563,"template":"","meta":{"_acf_changed":false,"_mi_skip_tracking":false,"_monsterinsights_sitenote_active":false,"_monsterinsights_sitenote_note":"","_monsterinsights_sitenote_category":0},"product_cat":[224],"product_tag":[],"acf":[],"yoast_head":"<!-- This site is optimized with the Yoast SEO plugin v22.7 - https:\/\/yoast.com\/wordpress\/plugins\/seo\/ -->\n<title>Drainage Coupling DC | Civils &amp; Drainage | Pipe Connections<\/title>\n<meta name=\"description\" content=\"The Fernco drainage coupling is suitable for connecting all types of pipes with the same or similar outside diameters without shear loads.\" \/>\n<meta name=\"robots\" content=\"index, follow, max-snippet:-1, max-image-preview:large, max-video-preview:-1\" \/>\n<link rel=\"canonical\" href=\"https:\/\/www.fernco.de\/en\/product\/drain-coupling\" \/>\n<meta property=\"og:locale\" content=\"en_US\" \/>\n<meta property=\"og:type\" content=\"article\" \/>\n<meta property=\"og:title\" content=\"Drainage Coupling DC | Civils &amp; Drainage | Pipe Connections\" \/>\n<meta property=\"og:description\" content=\"The Fernco drainage coupling is suitable for connecting all types of pipes with the same or similar outside diameters without shear loads.\" \/>\n<meta property=\"og:url\" content=\"https:\/\/www.fernco.de\/en\/product\/drain-coupling\" \/>\n<meta property=\"og:site_name\" content=\"Fernco\" \/>\n<meta property=\"article:publisher\" content=\"https:\/\/www.facebook.com\/Flexseal\" \/>\n<meta property=\"article:modified_time\" content=\"2025-10-07T13:22:35+00:00\" \/>\n<meta property=\"og:image\" content=\"https:\/\/www.fernco.de\/wp-content\/uploads\/2019\/04\/DC_700x394.png\" \/>\n\t<meta property=\"og:image:width\" content=\"700\" \/>\n\t<meta property=\"og:image:height\" content=\"394\" \/>\n\t<meta property=\"og:image:type\" content=\"image\/png\" \/>\n<meta name=\"twitter:card\" content=\"summary_large_image\" \/>\n<meta name=\"twitter:site\" content=\"@FlexsealUK\" \/>\n<meta name=\"twitter:label1\" content=\"Est. reading time\" \/>\n\t<meta name=\"twitter:data1\" content=\"2 minutes\" \/>\n<script type=\"application\/ld+json\" class=\"yoast-schema-graph\">{\"@context\":\"https:\/\/schema.org\",\"@graph\":[{\"@type\":\"WebPage\",\"@id\":\"https:\/\/www.fernco.de\/en\/product\/drain-coupling\",\"url\":\"https:\/\/www.fernco.de\/en\/product\/drain-coupling\",\"name\":\"Drainage Coupling DC | Civils & Drainage | Pipe Connections\",\"isPartOf\":{\"@id\":\"https:\/\/www.fernco.de\/en\/#website\"},\"primaryImageOfPage\":{\"@id\":\"https:\/\/www.fernco.de\/en\/product\/drain-coupling#primaryimage\"},\"image\":{\"@id\":\"https:\/\/www.fernco.de\/en\/product\/drain-coupling#primaryimage\"},\"thumbnailUrl\":\"https:\/\/www.fernco.de\/wp-content\/uploads\/2019\/04\/DC_700x394.png\",\"datePublished\":\"2019-04-11T12:36:18+00:00\",\"dateModified\":\"2025-10-07T13:22:35+00:00\",\"description\":\"The Fernco drainage coupling is suitable for connecting all types of pipes with the same or similar outside diameters without shear loads.\",\"breadcrumb\":{\"@id\":\"https:\/\/www.fernco.de\/en\/product\/drain-coupling#breadcrumb\"},\"inLanguage\":\"en-US\",\"potentialAction\":[{\"@type\":\"ReadAction\",\"target\":[\"https:\/\/www.fernco.de\/en\/product\/drain-coupling\"]}]},{\"@type\":\"ImageObject\",\"inLanguage\":\"en-US\",\"@id\":\"https:\/\/www.fernco.de\/en\/product\/drain-coupling#primaryimage\",\"url\":\"https:\/\/www.fernco.de\/wp-content\/uploads\/2019\/04\/DC_700x394.png\",\"contentUrl\":\"https:\/\/www.fernco.de\/wp-content\/uploads\/2019\/04\/DC_700x394.png\",\"width\":700,\"height\":394},{\"@type\":\"BreadcrumbList\",\"@id\":\"https:\/\/www.fernco.de\/en\/product\/drain-coupling#breadcrumb\",\"itemListElement\":[{\"@type\":\"ListItem\",\"position\":1,\"name\":\"Home\",\"item\":\"https:\/\/www.fernco.de\/en\"},{\"@type\":\"ListItem\",\"position\":2,\"name\":\"Products\",\"item\":\"https:\/\/www.fernco.de\/en\/shop\"},{\"@type\":\"ListItem\",\"position\":3,\"name\":\"Drainage Coupling DC\"}]},{\"@type\":\"WebSite\",\"@id\":\"https:\/\/www.fernco.de\/en\/#website\",\"url\":\"https:\/\/www.fernco.de\/en\/\",\"name\":\"Fernco\",\"description\":\"Flexible Couplings, Drainage &amp; Plumbing Systems\",\"publisher\":{\"@id\":\"https:\/\/www.fernco.de\/en\/#organization\"},\"potentialAction\":[{\"@type\":\"SearchAction\",\"target\":{\"@type\":\"EntryPoint\",\"urlTemplate\":\"https:\/\/www.fernco.de\/en\/?s={search_term_string}\"},\"query-input\":\"required name=search_term_string\"}],\"inLanguage\":\"en-US\"},{\"@type\":\"Organization\",\"@id\":\"https:\/\/www.fernco.de\/en\/#organization\",\"name\":\"Fernco GmbH\",\"alternateName\":\"Fernco\",\"url\":\"https:\/\/www.fernco.de\/en\/\",\"logo\":{\"@type\":\"ImageObject\",\"inLanguage\":\"en-US\",\"@id\":\"https:\/\/www.fernco.de\/en\/#\/schema\/logo\/image\/\",\"url\":\"https:\/\/www.fernco.de\/wp-content\/uploads\/2022\/06\/fernco-logo.png\",\"contentUrl\":\"https:\/\/www.fernco.de\/wp-content\/uploads\/2022\/06\/fernco-logo.png\",\"width\":287,\"height\":50,\"caption\":\"Fernco GmbH\"},\"image\":{\"@id\":\"https:\/\/www.fernco.de\/en\/#\/schema\/logo\/image\/\"},\"sameAs\":[\"https:\/\/www.facebook.com\/Flexseal\",\"https:\/\/x.com\/FlexsealUK\"]}]}<\/script>\n<!-- \/ Yoast SEO plugin. -->","yoast_head_json":{"title":"Drainage Coupling DC | Civils & Drainage | Pipe Connections","description":"The Fernco drainage coupling is suitable for connecting all types of pipes with the same or similar outside diameters without shear loads.","robots":{"index":"index","follow":"follow","max-snippet":"max-snippet:-1","max-image-preview":"max-image-preview:large","max-video-preview":"max-video-preview:-1"},"canonical":"https:\/\/www.fernco.de\/en\/product\/drain-coupling","og_locale":"en_US","og_type":"article","og_title":"Drainage Coupling DC | Civils & Drainage | Pipe Connections","og_description":"The Fernco drainage coupling is suitable for connecting all types of pipes with the same or similar outside diameters without shear loads.","og_url":"https:\/\/www.fernco.de\/en\/product\/drain-coupling","og_site_name":"Fernco","article_publisher":"https:\/\/www.facebook.com\/Flexseal","article_modified_time":"2025-10-07T13:22:35+00:00","og_image":[{"width":700,"height":394,"url":"https:\/\/www.fernco.de\/wp-content\/uploads\/2019\/04\/DC_700x394.png","type":"image\/png"}],"twitter_card":"summary_large_image","twitter_site":"@FlexsealUK","twitter_misc":{"Est. reading time":"2 minutes"},"schema":{"@context":"https:\/\/schema.org","@graph":[{"@type":"WebPage","@id":"https:\/\/www.fernco.de\/en\/product\/drain-coupling","url":"https:\/\/www.fernco.de\/en\/product\/drain-coupling","name":"Drainage Coupling DC | Civils & Drainage | Pipe Connections","isPartOf":{"@id":"https:\/\/www.fernco.de\/en\/#website"},"primaryImageOfPage":{"@id":"https:\/\/www.fernco.de\/en\/product\/drain-coupling#primaryimage"},"image":{"@id":"https:\/\/www.fernco.de\/en\/product\/drain-coupling#primaryimage"},"thumbnailUrl":"https:\/\/www.fernco.de\/wp-content\/uploads\/2019\/04\/DC_700x394.png","datePublished":"2019-04-11T12:36:18+00:00","dateModified":"2025-10-07T13:22:35+00:00","description":"The Fernco drainage coupling is suitable for connecting all types of pipes with the same or similar outside diameters without shear loads.","breadcrumb":{"@id":"https:\/\/www.fernco.de\/en\/product\/drain-coupling#breadcrumb"},"inLanguage":"en-US","potentialAction":[{"@type":"ReadAction","target":["https:\/\/www.fernco.de\/en\/product\/drain-coupling"]}]},{"@type":"ImageObject","inLanguage":"en-US","@id":"https:\/\/www.fernco.de\/en\/product\/drain-coupling#primaryimage","url":"https:\/\/www.fernco.de\/wp-content\/uploads\/2019\/04\/DC_700x394.png","contentUrl":"https:\/\/www.fernco.de\/wp-content\/uploads\/2019\/04\/DC_700x394.png","width":700,"height":394},{"@type":"BreadcrumbList","@id":"https:\/\/www.fernco.de\/en\/product\/drain-coupling#breadcrumb","itemListElement":[{"@type":"ListItem","position":1,"name":"Home","item":"https:\/\/www.fernco.de\/en"},{"@type":"ListItem","position":2,"name":"Products","item":"https:\/\/www.fernco.de\/en\/shop"},{"@type":"ListItem","position":3,"name":"Drainage Coupling DC"}]},{"@type":"WebSite","@id":"https:\/\/www.fernco.de\/en\/#website","url":"https:\/\/www.fernco.de\/en\/","name":"Fernco","description":"Flexible Couplings, Drainage &amp; Plumbing Systems","publisher":{"@id":"https:\/\/www.fernco.de\/en\/#organization"},"potentialAction":[{"@type":"SearchAction","target":{"@type":"EntryPoint","urlTemplate":"https:\/\/www.fernco.de\/en\/?s={search_term_string}"},"query-input":"required name=search_term_string"}],"inLanguage":"en-US"},{"@type":"Organization","@id":"https:\/\/www.fernco.de\/en\/#organization","name":"Fernco GmbH","alternateName":"Fernco","url":"https:\/\/www.fernco.de\/en\/","logo":{"@type":"ImageObject","inLanguage":"en-US","@id":"https:\/\/www.fernco.de\/en\/#\/schema\/logo\/image\/","url":"https:\/\/www.fernco.de\/wp-content\/uploads\/2022\/06\/fernco-logo.png","contentUrl":"https:\/\/www.fernco.de\/wp-content\/uploads\/2022\/06\/fernco-logo.png","width":287,"height":50,"caption":"Fernco GmbH"},"image":{"@id":"https:\/\/www.fernco.de\/en\/#\/schema\/logo\/image\/"},"sameAs":["https:\/\/www.facebook.com\/Flexseal","https:\/\/x.com\/FlexsealUK"]}]}},"_links":{"self":[{"href":"https:\/\/www.fernco.de\/en\/wp-json\/wp\/v2\/product\/19772"}],"collection":[{"href":"https:\/\/www.fernco.de\/en\/wp-json\/wp\/v2\/product"}],"about":[{"href":"https:\/\/www.fernco.de\/en\/wp-json\/wp\/v2\/types\/product"}],"wp:featuredmedia":[{"embeddable":true,"href":"https:\/\/www.fernco.de\/en\/wp-json\/wp\/v2\/media\/31563"}],"wp:attachment":[{"href":"https:\/\/www.fernco.de\/en\/wp-json\/wp\/v2\/media?parent=19772"}],"wp:term":[{"taxonomy":"product_cat","embeddable":true,"href":"https:\/\/www.fernco.de\/en\/wp-json\/wp\/v2\/product_cat?post=19772"},{"taxonomy":"product_tag","embeddable":true,"href":"https:\/\/www.fernco.de\/en\/wp-json\/wp\/v2\/product_tag?post=19772"}],"curies":[{"name":"wp","href":"https:\/\/api.w.org\/{rel}","templated":true}]}}