{"id":19788,"date":"2019-04-11T13:42:01","date_gmt":"2019-04-11T12:42:01","guid":{"rendered":"https:\/\/www.fernco.de\/?post_type=product&#038;p=19788"},"modified":"2024-12-12T13:55:56","modified_gmt":"2024-12-12T13:55:56","slug":"bushes","status":"publish","type":"product","link":"https:\/\/www.fernco.de\/en\/product\/bushes","title":{"rendered":"Bushes B &#038; Multibush MB"},"content":{"rendered":"<p>BC BCYY\/XXX FlexPack FlexPack100 FlexPack100PLUS FlexPack150 FlexPack150PLUS FlexPack200 FlexPack200PLUS FR FR100 FR150 FR200<br \/>\nB BYY\/XXX FP100 FP100PLUS FP150 FP150PLUS FP200 FP200PLUS MB100 MB150 MB200<\/p>\n<p>Ausgleichsringe Bushes Manschettendichtungen Couplings Nennweite angleichen equalise equalize Au\u00dfendurchmesserunterschiede ausgleichen Bagues de Compensation Pontage compenser Pier\u015bcie\u0144 kompensacyjny<\/p>\n<p>indidviduelle Fertigung Sonderanfertigung indidvidual manufacturing Special design fabrications individuelles Ex\u00e9cutions sp\u00e9ciales Produkty na zam\u00f3wienie Indywidualne wymagania<\/p>\n<p>scherlastsicher Scherstabilit\u00e4t shear load resistant stability Bande de cisaillement serrage r\u00e9sistant \u00e0 la charge de cisaillement Stabilit\u00e9 au cisaillement Opaska przeciw\u015bcinaj\u0105ca Odporna na obci\u0105\u017cenia \u015bcinaj\u0105ce Przeciw\u015bcinaj\u0105ca<\/p>\n<p>EPDM Gummi Eloastomere UV best\u00e4ndig rubber resistant Caoutchouc \u00c9lastom\u00e8re r\u00e9sistant Guma Elastomery Odporne na promieniowanie<br \/>\nNBR Gummi Elastomere \u00f6lbest\u00e4ndig benzinbest\u00e4ndig treibstoff tankstelle rubber gasoline fuel oil resistant gas Caoutchouc \u00c9lastom\u00e8re r\u00e9sistant l&#8217;huile r\u00e9sistant \u00e0 l&#8217;essence Guma Elastomery Odporne na oleje<br \/>\nschwarz black noir czarny<\/p>\n<p>Rohrverbindung pipe connection joint<br \/>\nKG KG2000 PVC Kunststoffrohre d\u00fcnnwandiges glattes Rohr PVCu plastics pipes Thin-Walled Pipe smooth Tubes en plastique Rury plastikowe cienko\u015bcienne g\u0142adkie<br \/>\nBetonrohre concrete pipes Tubes en b\u00e9ton Rury betonowe<br \/>\nSteinzeugrohre eurotop vitrified clay pipes Tuyaux en gr\u00e8s Rury kamionkowe<br \/>\ngeripptes gewelltes Rohre Rippen kunststoff plastik strukturiertes Wellen doppelwandiges Robukan UR UltraRib ribbed ribs structured pipes twin-walled tube nervur\u00e9 ondul\u00e9 Rury faliste plastikowe dwu\u015bcienne<br \/>\nSML Gussrohre Gusseisen GGG cast ductile iron pipes Tuyaux en fonte Rury \u017celiwne \u017beliwo<br \/>\nAbwasserrohre Abflusssysteme Kanal Kanalisation sewage pipes systems Tuyaux d&#8217;\u00e9vacuation Syst\u00e8mes d&#8217;\u00e9vacuation Rury kanalizacyjne Systemy odwadniaj\u0105ce Kanalizacja<\/p>\n<p>DN100 DN150 DN200<\/p>\n<p>SC SCW EWC LC LCW EWLC MAGNUM MEGA 2B1 ALL-IN-ONE<\/p>\n","protected":false},"excerpt":{"rendered":"<p>The purpose of a bush is to increase the outside diameter of a pipe to be connected if the pipe is too small for the coupling used. Fernco bushes can be used as an additional component in a connection with couplings &amp; adapters or fittings. The bush fills the cavity between the outside of the pipe and the inside of the coupling.<\/p>\n<p><strong>Product Benefits:<\/strong><\/p>\n<ul>\n<li>Bushes are used when outside diameters of the pipes to be connected are significantly different<\/li>\n<li>Can be manufactured to suit specific site and application requirements<\/li>\n<li>Provide a high performance seal on low pressure pipes<\/li>\n<li>Versatility in application enables the bush to be used when an increase in pipe outside diameter is needed<\/li>\n<\/ul>\n","protected":false},"featured_media":31566,"template":"","meta":{"_acf_changed":false,"_mi_skip_tracking":false,"_monsterinsights_sitenote_active":false,"_monsterinsights_sitenote_note":"","_monsterinsights_sitenote_category":0},"product_cat":[224],"product_tag":[],"acf":[],"yoast_head":"<!-- This site is optimized with the Yoast SEO plugin v22.7 - https:\/\/yoast.com\/wordpress\/plugins\/seo\/ -->\n<title>Bushes and Multibushes | Civils &amp; Drainage | Pipe Connection<\/title>\n<meta name=\"description\" content=\"Compensating rings and multibushes made of EPDM are used to bridge a considerable difference in pipe diameter when connecting two pipes.\" \/>\n<meta name=\"robots\" content=\"index, follow, max-snippet:-1, max-image-preview:large, max-video-preview:-1\" \/>\n<link rel=\"canonical\" href=\"https:\/\/www.fernco.de\/en\/product\/bushes\" \/>\n<meta property=\"og:locale\" content=\"en_US\" \/>\n<meta property=\"og:type\" content=\"article\" \/>\n<meta property=\"og:title\" content=\"Bushes and Multibushes | Civils &amp; Drainage | Pipe Connection\" \/>\n<meta property=\"og:description\" content=\"Compensating rings and multibushes made of EPDM are used to bridge a considerable difference in pipe diameter when connecting two pipes.\" \/>\n<meta property=\"og:url\" content=\"https:\/\/www.fernco.de\/en\/product\/bushes\" \/>\n<meta property=\"og:site_name\" content=\"Fernco\" \/>\n<meta property=\"article:publisher\" content=\"https:\/\/www.facebook.com\/Flexseal\" \/>\n<meta property=\"article:modified_time\" content=\"2024-12-12T13:55:56+00:00\" \/>\n<meta property=\"og:image\" content=\"https:\/\/www.fernco.de\/wp-content\/uploads\/2019\/04\/B_700x394.png\" \/>\n\t<meta property=\"og:image:width\" content=\"700\" \/>\n\t<meta property=\"og:image:height\" content=\"394\" \/>\n\t<meta property=\"og:image:type\" content=\"image\/png\" \/>\n<meta name=\"twitter:card\" content=\"summary_large_image\" \/>\n<meta name=\"twitter:site\" content=\"@FlexsealUK\" \/>\n<meta name=\"twitter:label1\" content=\"Est. reading time\" \/>\n\t<meta name=\"twitter:data1\" content=\"2 minutes\" \/>\n<script type=\"application\/ld+json\" class=\"yoast-schema-graph\">{\"@context\":\"https:\/\/schema.org\",\"@graph\":[{\"@type\":\"WebPage\",\"@id\":\"https:\/\/www.fernco.de\/en\/product\/bushes\",\"url\":\"https:\/\/www.fernco.de\/en\/product\/bushes\",\"name\":\"Bushes and Multibushes | Civils & Drainage | Pipe Connection\",\"isPartOf\":{\"@id\":\"https:\/\/www.fernco.de\/en\/#website\"},\"primaryImageOfPage\":{\"@id\":\"https:\/\/www.fernco.de\/en\/product\/bushes#primaryimage\"},\"image\":{\"@id\":\"https:\/\/www.fernco.de\/en\/product\/bushes#primaryimage\"},\"thumbnailUrl\":\"https:\/\/www.fernco.de\/wp-content\/uploads\/2019\/04\/B_700x394.png\",\"datePublished\":\"2019-04-11T12:42:01+00:00\",\"dateModified\":\"2024-12-12T13:55:56+00:00\",\"description\":\"Compensating rings and multibushes made of EPDM are used to bridge a considerable difference in pipe diameter when connecting two pipes.\",\"breadcrumb\":{\"@id\":\"https:\/\/www.fernco.de\/en\/product\/bushes#breadcrumb\"},\"inLanguage\":\"en-US\",\"potentialAction\":[{\"@type\":\"ReadAction\",\"target\":[\"https:\/\/www.fernco.de\/en\/product\/bushes\"]}]},{\"@type\":\"ImageObject\",\"inLanguage\":\"en-US\",\"@id\":\"https:\/\/www.fernco.de\/en\/product\/bushes#primaryimage\",\"url\":\"https:\/\/www.fernco.de\/wp-content\/uploads\/2019\/04\/B_700x394.png\",\"contentUrl\":\"https:\/\/www.fernco.de\/wp-content\/uploads\/2019\/04\/B_700x394.png\",\"width\":700,\"height\":394},{\"@type\":\"BreadcrumbList\",\"@id\":\"https:\/\/www.fernco.de\/en\/product\/bushes#breadcrumb\",\"itemListElement\":[{\"@type\":\"ListItem\",\"position\":1,\"name\":\"Home\",\"item\":\"https:\/\/www.fernco.de\/en\"},{\"@type\":\"ListItem\",\"position\":2,\"name\":\"Products\",\"item\":\"https:\/\/www.fernco.de\/en\/shop\"},{\"@type\":\"ListItem\",\"position\":3,\"name\":\"Bushes B &#038; Multibush MB\"}]},{\"@type\":\"WebSite\",\"@id\":\"https:\/\/www.fernco.de\/en\/#website\",\"url\":\"https:\/\/www.fernco.de\/en\/\",\"name\":\"Fernco\",\"description\":\"Flexible Couplings, Drainage &amp; Plumbing Systems\",\"publisher\":{\"@id\":\"https:\/\/www.fernco.de\/en\/#organization\"},\"potentialAction\":[{\"@type\":\"SearchAction\",\"target\":{\"@type\":\"EntryPoint\",\"urlTemplate\":\"https:\/\/www.fernco.de\/en\/?s={search_term_string}\"},\"query-input\":\"required name=search_term_string\"}],\"inLanguage\":\"en-US\"},{\"@type\":\"Organization\",\"@id\":\"https:\/\/www.fernco.de\/en\/#organization\",\"name\":\"Fernco GmbH\",\"alternateName\":\"Fernco\",\"url\":\"https:\/\/www.fernco.de\/en\/\",\"logo\":{\"@type\":\"ImageObject\",\"inLanguage\":\"en-US\",\"@id\":\"https:\/\/www.fernco.de\/en\/#\/schema\/logo\/image\/\",\"url\":\"https:\/\/www.fernco.de\/wp-content\/uploads\/2022\/06\/fernco-logo.png\",\"contentUrl\":\"https:\/\/www.fernco.de\/wp-content\/uploads\/2022\/06\/fernco-logo.png\",\"width\":287,\"height\":50,\"caption\":\"Fernco GmbH\"},\"image\":{\"@id\":\"https:\/\/www.fernco.de\/en\/#\/schema\/logo\/image\/\"},\"sameAs\":[\"https:\/\/www.facebook.com\/Flexseal\",\"https:\/\/x.com\/FlexsealUK\"]}]}<\/script>\n<!-- \/ Yoast SEO plugin. -->","yoast_head_json":{"title":"Bushes and Multibushes | Civils & Drainage | Pipe Connection","description":"Compensating rings and multibushes made of EPDM are used to bridge a considerable difference in pipe diameter when connecting two pipes.","robots":{"index":"index","follow":"follow","max-snippet":"max-snippet:-1","max-image-preview":"max-image-preview:large","max-video-preview":"max-video-preview:-1"},"canonical":"https:\/\/www.fernco.de\/en\/product\/bushes","og_locale":"en_US","og_type":"article","og_title":"Bushes and Multibushes | Civils & Drainage | Pipe Connection","og_description":"Compensating rings and multibushes made of EPDM are used to bridge a considerable difference in pipe diameter when connecting two pipes.","og_url":"https:\/\/www.fernco.de\/en\/product\/bushes","og_site_name":"Fernco","article_publisher":"https:\/\/www.facebook.com\/Flexseal","article_modified_time":"2024-12-12T13:55:56+00:00","og_image":[{"width":700,"height":394,"url":"https:\/\/www.fernco.de\/wp-content\/uploads\/2019\/04\/B_700x394.png","type":"image\/png"}],"twitter_card":"summary_large_image","twitter_site":"@FlexsealUK","twitter_misc":{"Est. reading time":"2 minutes"},"schema":{"@context":"https:\/\/schema.org","@graph":[{"@type":"WebPage","@id":"https:\/\/www.fernco.de\/en\/product\/bushes","url":"https:\/\/www.fernco.de\/en\/product\/bushes","name":"Bushes and Multibushes | Civils & Drainage | Pipe Connection","isPartOf":{"@id":"https:\/\/www.fernco.de\/en\/#website"},"primaryImageOfPage":{"@id":"https:\/\/www.fernco.de\/en\/product\/bushes#primaryimage"},"image":{"@id":"https:\/\/www.fernco.de\/en\/product\/bushes#primaryimage"},"thumbnailUrl":"https:\/\/www.fernco.de\/wp-content\/uploads\/2019\/04\/B_700x394.png","datePublished":"2019-04-11T12:42:01+00:00","dateModified":"2024-12-12T13:55:56+00:00","description":"Compensating rings and multibushes made of EPDM are used to bridge a considerable difference in pipe diameter when connecting two pipes.","breadcrumb":{"@id":"https:\/\/www.fernco.de\/en\/product\/bushes#breadcrumb"},"inLanguage":"en-US","potentialAction":[{"@type":"ReadAction","target":["https:\/\/www.fernco.de\/en\/product\/bushes"]}]},{"@type":"ImageObject","inLanguage":"en-US","@id":"https:\/\/www.fernco.de\/en\/product\/bushes#primaryimage","url":"https:\/\/www.fernco.de\/wp-content\/uploads\/2019\/04\/B_700x394.png","contentUrl":"https:\/\/www.fernco.de\/wp-content\/uploads\/2019\/04\/B_700x394.png","width":700,"height":394},{"@type":"BreadcrumbList","@id":"https:\/\/www.fernco.de\/en\/product\/bushes#breadcrumb","itemListElement":[{"@type":"ListItem","position":1,"name":"Home","item":"https:\/\/www.fernco.de\/en"},{"@type":"ListItem","position":2,"name":"Products","item":"https:\/\/www.fernco.de\/en\/shop"},{"@type":"ListItem","position":3,"name":"Bushes B &#038; Multibush MB"}]},{"@type":"WebSite","@id":"https:\/\/www.fernco.de\/en\/#website","url":"https:\/\/www.fernco.de\/en\/","name":"Fernco","description":"Flexible Couplings, Drainage &amp; Plumbing Systems","publisher":{"@id":"https:\/\/www.fernco.de\/en\/#organization"},"potentialAction":[{"@type":"SearchAction","target":{"@type":"EntryPoint","urlTemplate":"https:\/\/www.fernco.de\/en\/?s={search_term_string}"},"query-input":"required name=search_term_string"}],"inLanguage":"en-US"},{"@type":"Organization","@id":"https:\/\/www.fernco.de\/en\/#organization","name":"Fernco GmbH","alternateName":"Fernco","url":"https:\/\/www.fernco.de\/en\/","logo":{"@type":"ImageObject","inLanguage":"en-US","@id":"https:\/\/www.fernco.de\/en\/#\/schema\/logo\/image\/","url":"https:\/\/www.fernco.de\/wp-content\/uploads\/2022\/06\/fernco-logo.png","contentUrl":"https:\/\/www.fernco.de\/wp-content\/uploads\/2022\/06\/fernco-logo.png","width":287,"height":50,"caption":"Fernco GmbH"},"image":{"@id":"https:\/\/www.fernco.de\/en\/#\/schema\/logo\/image\/"},"sameAs":["https:\/\/www.facebook.com\/Flexseal","https:\/\/x.com\/FlexsealUK"]}]}},"_links":{"self":[{"href":"https:\/\/www.fernco.de\/en\/wp-json\/wp\/v2\/product\/19788"}],"collection":[{"href":"https:\/\/www.fernco.de\/en\/wp-json\/wp\/v2\/product"}],"about":[{"href":"https:\/\/www.fernco.de\/en\/wp-json\/wp\/v2\/types\/product"}],"wp:featuredmedia":[{"embeddable":true,"href":"https:\/\/www.fernco.de\/en\/wp-json\/wp\/v2\/media\/31566"}],"wp:attachment":[{"href":"https:\/\/www.fernco.de\/en\/wp-json\/wp\/v2\/media?parent=19788"}],"wp:term":[{"taxonomy":"product_cat","embeddable":true,"href":"https:\/\/www.fernco.de\/en\/wp-json\/wp\/v2\/product_cat?post=19788"},{"taxonomy":"product_tag","embeddable":true,"href":"https:\/\/www.fernco.de\/en\/wp-json\/wp\/v2\/product_tag?post=19788"}],"curies":[{"name":"wp","href":"https:\/\/api.w.org\/{rel}","templated":true}]}}