{"id":19876,"date":"2019-04-26T09:24:04","date_gmt":"2019-04-26T08:24:04","guid":{"rendered":"https:\/\/www.fernco.de\/?post_type=product&#038;p=19876"},"modified":"2025-01-30T15:25:47","modified_gmt":"2025-01-30T15:25:47","slug":"puddle-flanges","status":"publish","type":"product","link":"https:\/\/www.fernco.de\/en\/product\/puddle-flanges","title":{"rendered":"Puddle Flange PFT"},"content":{"rendered":"<p>FRK FRK9602 FRK9403 FRK9603 FRK9404 FRK9605 FRK9406 FRK9606 FRK9407 FRK9607 FRK9609 FRK9611 FRK9412 FRK9612 FRK9614 FRK9616 FRK9618 FRK9420 FRK9422 FRK9425 FRK9426 FRK9431 FRK9503 FRK9504 FRK9505 FRK9506 FRK9507 FRK9508 FRK9509 FRK9510 FRK9511 FRK9512<\/p>\n<p>PF PFT PFT025 PFT032 PFT040 PFT050 PFT063 PFT075 PFT090 PFT110 PFT125 PFT140 PFT160 PFT175 PFT200 PFT225 PFT250 PFT275 PFT315 PFT325 PFT350 PFT375 PFT400 PFT425 PFT450 PFT475 PFT500 PFT525 PFT550 PFT575 PFT600 PFT630<\/p>\n<p>Mauerkragen Twin Puddle Flange Mauerdurchf\u00fchrung Hochwasser Hochwasserschutz Grundwasser R\u00fcckfluss Grundwasserspiegel Geb\u00e4ude Feuchtigkeit Fl\u00fcssigkeit Schwimmbecken Bodenwannen Untergrund einbetoniert radondicht Radon Rohrdurchf\u00fchrung wall penetration flood protection groundwater backflow water table building moisture liquid swimming pools floor pans underground concreted radon tight Mauerkragen flansch mauerdurchf\u00fchrung bodendurchf\u00fchrung schwimmbad schwimmbecekn hochwasser grundwasser fl\u00fcssigkeit Puddle Flange wall floor drain flood swimming pool water liquids Flasque d\u2019\u00c9tanch\u00e9it\u00e9 eau Ko\u0142nierz \u015bcienny<br \/>\nRohrdurchf\u00fchrungen pipe lead-through lead through walls Travers\u00e9es de Tuyaux Przepusty rurowe<\/p>\n<p>EPDM Gummi Elastomere kautschuk UV best\u00e4ndig rubber resistant Caoutchouc \u00c9lastom\u00e8re r\u00e9sistant Guma Elastomery Odporne na promieniowanie<br \/>\nV2A 1.4301 304 W4 Edelstahl Stahl rostfrei Metall Stainless steel Metal rust free Acier inoxydable M\u00e9tal Stal Nierdzwena<br \/>\nV4A 1.4404 1.4401 316 W5 Edelstahl Stahl rostfrei Metall seewasser best\u00e4ndig salzwasser meer k\u00fcsten schiffahrt coast sea ocean salt water ship shipping r\u00e9sistant \u00e0 l&#8217;eau de mer eau sal\u00e9e navigation Stal Nierdzewna Odporna<br \/>\nschwarz black noir czarny<\/p>\n<p>druckdicht wasserdicht luftdicht pressuretight watertight airtight gases \u00e9tanche \u00e0 la pression \u00e9tanche \u00e0 l&#8217;eau \u00e9tanche \u00e0 l&#8217;air hermetyczny wodoszczelny hermetyczny<br \/>\nMFPA Spannband Spannb\u00e4nder<\/p>\n<p>DN100 DN125 DN150 DN200 DN225 DN250 DN300 DN400 DN500 DN600<\/p>\n<p>col de mur travers\u00e9e de mur inondation protection contre les crues nappe phr\u00e9atique reflux nappe phr\u00e9atique b\u00e2timent humidit\u00e9 liquide piscine bassins de sol sous-sol b\u00e9tonn\u00e9 \u00e9tanche au radon travers\u00e9e de tuyau wall penetration flood protection groundwater backflow water table building moisture liquid swimming pools floor pans underground concreted radon tight<\/p>\n<p>EPDM caoutchouc rubber noir black Eloastomer<br \/>\nV2A 1.4301 304 W4 Acier inoxydable M\u00e9tal Stainless steel Metal<br \/>\nV4A 1.4404 316 W5 r\u00e9sistant \u00e0 l&#8217;eau de mer salzwasser sea salt water<\/p>\n<p>pressuretight watertight \u00e9tanche \u00e0 l&#8217;eau MFPA Bande de serrage Bande de serrage<br \/>\nKG KG2000 PVC Kunststoffrohre d\u00fcnnwandiges glattes Rohr PVCu plastics pipes Thin-Walled Pipe smooth Tubes en plastique Rury plastikowe cienko\u015bcienne g\u0142adkie<br \/>\nBetonrohre concrete pipes asbestos Tubes en b\u00e9ton Rury betonowe<br \/>\nSteinzeugrohre eurotop vitrified clay pipes Tuyaux en gr\u00e8s Rury kamionkowe<br \/>\ngeripptes gewelltes Rohre Rippen kunststoff plastik strukturiertes Wellen doppelwandiges Robukan UR UltraRib ribbed ribs structured pipes twin-walled tube nervur\u00e9 ondul\u00e9 Rury faliste plastikowe dwu\u015bcienne<br \/>\nSML Gussrohre Gusseisen GGG cast ductile iron pipes Tuyaux en fonte Rury \u017celiwne \u017beliwo<\/p>\n","protected":false},"excerpt":{"rendered":"<p>Fernco Puddle Flanges provide an effective solution against water penetration along the external surface of pipes that pass through concrete structures such as tanks, manhole chambers, shafts, floor slabs and basements. The Puddle Flange ensures a watertight seal where pipes pass through the walls of any structure below groundwater level.<\/p>\n<ul>\n<li>Easy to install<\/li>\n<li>A cost effective solution<\/li>\n<li>Can be installed in walls, floors and ceilings<\/li>\n<li>Good general chemical resistance<\/li>\n<li>radon proof \u2013 <a href=\"https:\/\/www.fernco.de\/wp-content\/uploads\/2023\/12\/Puddle-Flange_Radon-test.pdf\">click here for the test repot<\/a><\/li>\n<\/ul>\n<p><a href=\"https:\/\/fernco-shop.eu\/puddle-flange.html\" target=\"_blank\" rel=\"Shop noopener now! noreferrer\"><img decoding=\"async\" class=\"alignleft wp-image-24709 size-full\" src=\"https:\/\/www.fernco.de\/wp-content\/uploads\/2021\/02\/ShopNow_Website_EU_1.png\" alt=\"SHOP NOW\" width=\"160\" height=\"60\" \/><\/a><\/p>\n","protected":false},"featured_media":29263,"template":"","meta":{"_acf_changed":false,"_mi_skip_tracking":false,"_monsterinsights_sitenote_active":false,"_monsterinsights_sitenote_note":"","_monsterinsights_sitenote_category":0},"product_cat":[232],"product_tag":[],"acf":[],"yoast_head":"<!-- This site is optimized with the Yoast SEO plugin v22.7 - https:\/\/yoast.com\/wordpress\/plugins\/seo\/ -->\n<title>Puddle Flange PFT | Fernco<\/title>\n<meta name=\"description\" content=\"Fernco Puddle Flanges ensure a watertight and pressure-tight seal where pipes pass through concrete walls of any structure or building.\" \/>\n<meta name=\"robots\" content=\"index, follow, max-snippet:-1, max-image-preview:large, max-video-preview:-1\" \/>\n<link rel=\"canonical\" href=\"https:\/\/www.fernco.de\/en\/product\/puddle-flanges\" \/>\n<meta property=\"og:locale\" content=\"en_US\" \/>\n<meta property=\"og:type\" content=\"article\" \/>\n<meta property=\"og:title\" content=\"Puddle Flange PFT | Fernco\" \/>\n<meta property=\"og:description\" content=\"Fernco Puddle Flanges ensure a watertight and pressure-tight seal where pipes pass through concrete walls of any structure or building.\" \/>\n<meta property=\"og:url\" content=\"https:\/\/www.fernco.de\/en\/product\/puddle-flanges\" \/>\n<meta property=\"og:site_name\" content=\"Fernco\" \/>\n<meta property=\"article:publisher\" content=\"https:\/\/www.facebook.com\/Flexseal\" \/>\n<meta property=\"article:modified_time\" content=\"2025-01-30T15:25:47+00:00\" \/>\n<meta property=\"og:image\" content=\"https:\/\/www.fernco.de\/wp-content\/uploads\/2023\/11\/twin-puddle-flange.png\" \/>\n\t<meta property=\"og:image:width\" content=\"700\" \/>\n\t<meta property=\"og:image:height\" content=\"394\" \/>\n\t<meta property=\"og:image:type\" content=\"image\/png\" \/>\n<meta name=\"twitter:card\" content=\"summary_large_image\" \/>\n<meta name=\"twitter:site\" content=\"@FlexsealUK\" \/>\n<meta name=\"twitter:label1\" content=\"Est. reading time\" \/>\n\t<meta name=\"twitter:data1\" content=\"2 minutes\" \/>\n<script type=\"application\/ld+json\" class=\"yoast-schema-graph\">{\"@context\":\"https:\/\/schema.org\",\"@graph\":[{\"@type\":\"WebPage\",\"@id\":\"https:\/\/www.fernco.de\/en\/product\/puddle-flanges\",\"url\":\"https:\/\/www.fernco.de\/en\/product\/puddle-flanges\",\"name\":\"Puddle Flange PFT | Fernco\",\"isPartOf\":{\"@id\":\"https:\/\/www.fernco.de\/en\/#website\"},\"primaryImageOfPage\":{\"@id\":\"https:\/\/www.fernco.de\/en\/product\/puddle-flanges#primaryimage\"},\"image\":{\"@id\":\"https:\/\/www.fernco.de\/en\/product\/puddle-flanges#primaryimage\"},\"thumbnailUrl\":\"https:\/\/www.fernco.de\/wp-content\/uploads\/2023\/11\/twin-puddle-flange.png\",\"datePublished\":\"2019-04-26T08:24:04+00:00\",\"dateModified\":\"2025-01-30T15:25:47+00:00\",\"description\":\"Fernco Puddle Flanges ensure a watertight and pressure-tight seal where pipes pass through concrete walls of any structure or building.\",\"breadcrumb\":{\"@id\":\"https:\/\/www.fernco.de\/en\/product\/puddle-flanges#breadcrumb\"},\"inLanguage\":\"en-US\",\"potentialAction\":[{\"@type\":\"ReadAction\",\"target\":[\"https:\/\/www.fernco.de\/en\/product\/puddle-flanges\"]}]},{\"@type\":\"ImageObject\",\"inLanguage\":\"en-US\",\"@id\":\"https:\/\/www.fernco.de\/en\/product\/puddle-flanges#primaryimage\",\"url\":\"https:\/\/www.fernco.de\/wp-content\/uploads\/2023\/11\/twin-puddle-flange.png\",\"contentUrl\":\"https:\/\/www.fernco.de\/wp-content\/uploads\/2023\/11\/twin-puddle-flange.png\",\"width\":700,\"height\":394},{\"@type\":\"BreadcrumbList\",\"@id\":\"https:\/\/www.fernco.de\/en\/product\/puddle-flanges#breadcrumb\",\"itemListElement\":[{\"@type\":\"ListItem\",\"position\":1,\"name\":\"Home\",\"item\":\"https:\/\/www.fernco.de\/en\"},{\"@type\":\"ListItem\",\"position\":2,\"name\":\"Products\",\"item\":\"https:\/\/www.fernco.de\/en\/shop\"},{\"@type\":\"ListItem\",\"position\":3,\"name\":\"Puddle Flange PFT\"}]},{\"@type\":\"WebSite\",\"@id\":\"https:\/\/www.fernco.de\/en\/#website\",\"url\":\"https:\/\/www.fernco.de\/en\/\",\"name\":\"Fernco\",\"description\":\"Flexible Couplings, Drainage &amp; Plumbing Systems\",\"publisher\":{\"@id\":\"https:\/\/www.fernco.de\/en\/#organization\"},\"potentialAction\":[{\"@type\":\"SearchAction\",\"target\":{\"@type\":\"EntryPoint\",\"urlTemplate\":\"https:\/\/www.fernco.de\/en\/?s={search_term_string}\"},\"query-input\":\"required name=search_term_string\"}],\"inLanguage\":\"en-US\"},{\"@type\":\"Organization\",\"@id\":\"https:\/\/www.fernco.de\/en\/#organization\",\"name\":\"Fernco GmbH\",\"alternateName\":\"Fernco\",\"url\":\"https:\/\/www.fernco.de\/en\/\",\"logo\":{\"@type\":\"ImageObject\",\"inLanguage\":\"en-US\",\"@id\":\"https:\/\/www.fernco.de\/en\/#\/schema\/logo\/image\/\",\"url\":\"https:\/\/www.fernco.de\/wp-content\/uploads\/2022\/06\/fernco-logo.png\",\"contentUrl\":\"https:\/\/www.fernco.de\/wp-content\/uploads\/2022\/06\/fernco-logo.png\",\"width\":287,\"height\":50,\"caption\":\"Fernco GmbH\"},\"image\":{\"@id\":\"https:\/\/www.fernco.de\/en\/#\/schema\/logo\/image\/\"},\"sameAs\":[\"https:\/\/www.facebook.com\/Flexseal\",\"https:\/\/x.com\/FlexsealUK\"]}]}<\/script>\n<!-- \/ Yoast SEO plugin. -->","yoast_head_json":{"title":"Puddle Flange PFT | Fernco","description":"Fernco Puddle Flanges ensure a watertight and pressure-tight seal where pipes pass through concrete walls of any structure or building.","robots":{"index":"index","follow":"follow","max-snippet":"max-snippet:-1","max-image-preview":"max-image-preview:large","max-video-preview":"max-video-preview:-1"},"canonical":"https:\/\/www.fernco.de\/en\/product\/puddle-flanges","og_locale":"en_US","og_type":"article","og_title":"Puddle Flange PFT | Fernco","og_description":"Fernco Puddle Flanges ensure a watertight and pressure-tight seal where pipes pass through concrete walls of any structure or building.","og_url":"https:\/\/www.fernco.de\/en\/product\/puddle-flanges","og_site_name":"Fernco","article_publisher":"https:\/\/www.facebook.com\/Flexseal","article_modified_time":"2025-01-30T15:25:47+00:00","og_image":[{"width":700,"height":394,"url":"https:\/\/www.fernco.de\/wp-content\/uploads\/2023\/11\/twin-puddle-flange.png","type":"image\/png"}],"twitter_card":"summary_large_image","twitter_site":"@FlexsealUK","twitter_misc":{"Est. reading time":"2 minutes"},"schema":{"@context":"https:\/\/schema.org","@graph":[{"@type":"WebPage","@id":"https:\/\/www.fernco.de\/en\/product\/puddle-flanges","url":"https:\/\/www.fernco.de\/en\/product\/puddle-flanges","name":"Puddle Flange PFT | Fernco","isPartOf":{"@id":"https:\/\/www.fernco.de\/en\/#website"},"primaryImageOfPage":{"@id":"https:\/\/www.fernco.de\/en\/product\/puddle-flanges#primaryimage"},"image":{"@id":"https:\/\/www.fernco.de\/en\/product\/puddle-flanges#primaryimage"},"thumbnailUrl":"https:\/\/www.fernco.de\/wp-content\/uploads\/2023\/11\/twin-puddle-flange.png","datePublished":"2019-04-26T08:24:04+00:00","dateModified":"2025-01-30T15:25:47+00:00","description":"Fernco Puddle Flanges ensure a watertight and pressure-tight seal where pipes pass through concrete walls of any structure or building.","breadcrumb":{"@id":"https:\/\/www.fernco.de\/en\/product\/puddle-flanges#breadcrumb"},"inLanguage":"en-US","potentialAction":[{"@type":"ReadAction","target":["https:\/\/www.fernco.de\/en\/product\/puddle-flanges"]}]},{"@type":"ImageObject","inLanguage":"en-US","@id":"https:\/\/www.fernco.de\/en\/product\/puddle-flanges#primaryimage","url":"https:\/\/www.fernco.de\/wp-content\/uploads\/2023\/11\/twin-puddle-flange.png","contentUrl":"https:\/\/www.fernco.de\/wp-content\/uploads\/2023\/11\/twin-puddle-flange.png","width":700,"height":394},{"@type":"BreadcrumbList","@id":"https:\/\/www.fernco.de\/en\/product\/puddle-flanges#breadcrumb","itemListElement":[{"@type":"ListItem","position":1,"name":"Home","item":"https:\/\/www.fernco.de\/en"},{"@type":"ListItem","position":2,"name":"Products","item":"https:\/\/www.fernco.de\/en\/shop"},{"@type":"ListItem","position":3,"name":"Puddle Flange PFT"}]},{"@type":"WebSite","@id":"https:\/\/www.fernco.de\/en\/#website","url":"https:\/\/www.fernco.de\/en\/","name":"Fernco","description":"Flexible Couplings, Drainage &amp; Plumbing Systems","publisher":{"@id":"https:\/\/www.fernco.de\/en\/#organization"},"potentialAction":[{"@type":"SearchAction","target":{"@type":"EntryPoint","urlTemplate":"https:\/\/www.fernco.de\/en\/?s={search_term_string}"},"query-input":"required name=search_term_string"}],"inLanguage":"en-US"},{"@type":"Organization","@id":"https:\/\/www.fernco.de\/en\/#organization","name":"Fernco GmbH","alternateName":"Fernco","url":"https:\/\/www.fernco.de\/en\/","logo":{"@type":"ImageObject","inLanguage":"en-US","@id":"https:\/\/www.fernco.de\/en\/#\/schema\/logo\/image\/","url":"https:\/\/www.fernco.de\/wp-content\/uploads\/2022\/06\/fernco-logo.png","contentUrl":"https:\/\/www.fernco.de\/wp-content\/uploads\/2022\/06\/fernco-logo.png","width":287,"height":50,"caption":"Fernco GmbH"},"image":{"@id":"https:\/\/www.fernco.de\/en\/#\/schema\/logo\/image\/"},"sameAs":["https:\/\/www.facebook.com\/Flexseal","https:\/\/x.com\/FlexsealUK"]}]}},"_links":{"self":[{"href":"https:\/\/www.fernco.de\/en\/wp-json\/wp\/v2\/product\/19876"}],"collection":[{"href":"https:\/\/www.fernco.de\/en\/wp-json\/wp\/v2\/product"}],"about":[{"href":"https:\/\/www.fernco.de\/en\/wp-json\/wp\/v2\/types\/product"}],"wp:featuredmedia":[{"embeddable":true,"href":"https:\/\/www.fernco.de\/en\/wp-json\/wp\/v2\/media\/29263"}],"wp:attachment":[{"href":"https:\/\/www.fernco.de\/en\/wp-json\/wp\/v2\/media?parent=19876"}],"wp:term":[{"taxonomy":"product_cat","embeddable":true,"href":"https:\/\/www.fernco.de\/en\/wp-json\/wp\/v2\/product_cat?post=19876"},{"taxonomy":"product_tag","embeddable":true,"href":"https:\/\/www.fernco.de\/en\/wp-json\/wp\/v2\/product_tag?post=19876"}],"curies":[{"name":"wp","href":"https:\/\/api.w.org\/{rel}","templated":true}]}}