{"id":19879,"date":"2019-04-26T09:26:12","date_gmt":"2019-04-26T08:26:12","guid":{"rendered":"https:\/\/www.fernco.de\/?post_type=product&#038;p=19879"},"modified":"2025-01-30T15:09:07","modified_gmt":"2025-01-30T15:09:07","slug":"wall-tank-gully-seals","status":"publish","type":"product","link":"https:\/\/www.fernco.de\/en\/product\/wall-tank-gully-seals","title":{"rendered":"Pipe Seal LM"},"content":{"rendered":"<p>LM20-40 LM20-50 LM20-63 LM20-75 LM08-80 LM04-110 LM10-110 LM20-110 LM07-160 LM20-160<br \/>\nLM60-131 LM60-186 LM60-242 LM60-296<br \/>\nLM50-40 LM50-50 LM50-75 LM50-90 LM50-110 LM50-125 LM50-160 LM50-200 LM50-250 LM50-315 LM50-135 LM50-210 LM50-274 LM50-168 LM50-220 LM50-272 LM50-118 LM50-170 LM50-222<br \/>\nLM150-110 LM150-125 LM150-160 LM150-200 LM150-250 LM150-315 LM150-135 LM150-210 LM150-274 LM150-168 LM150-220 LM150-272 LM150-118 LM150-170 LM150-222<br \/>\nTS040-044-20 TS050-060-20 TS063-070-20 TS075-083-20 TS080-89-8 TS110-117-4 TS110-117-10 TS110-121-20 TS160-164-7 TS160-170-20<br \/>\nLM131-146-60 LM186-200-60 LM242-257-60 LM296-311-60<br \/>\nLM40-52-50 LM50-62-50 LM75-86-50 LM90-102-50 LM110-122-50 LM125-122-50 LM160-122-50 LM200-212-50 LM250-262-50 LM315-327-50 LM135-147-50 LM160-172-50 LM210-222-50 LM274-286-50 LM168-180-50 LM220-232-50 LM272-284-60 LM118-130-50 LM170-182-50 LM222-234-50<br \/>\nLM110-122-150 LM125-137-150 LM160-172-150 LM200-212-150 LM250-262-150 LM315-327-150 LM135-147-150 LM210-222-150 LM274-286-150 LM168-180-150 LM220-232-150 LM272-286-150 LM118-130-150 LM170-182-150 LM222-234-150<\/p>\n<p>KG KG2000 PVC Kunststoffrohre d\u00fcnnwandiges glattes Rohr d\u00fcnnwandige Rohre thin walled PVCu plastics pipes Thin-Walled Pipe smooth Tubes en plastique Rury plastikowe cienko\u015bcienne g\u0142adkie<br \/>\nBetonrohre concrete pipes asbestos Tubes en b\u00e9ton Rury betonowe<br \/>\nAnschlussdichtungen seitlicher Anschluss Anschl\u00fcsse Hauptrohre Hauptleitungen pipe seals lateral connection main pipes Joints de Tuyaux raccordement lat\u00e9ral Tuyaux principaux Conduites principales Uszczelki przy\u0142\u0105czeniowe Uszczelka przy\u0142\u0105czeniowa<\/p>\n<p>DN100 DN125 DN150 DN200 DN225 DN250 DN300<\/p>\n<p>EPDM Gummi Eloastomere kautschuk UV best\u00e4ndig rubber resistant Caoutchouc \u00c9lastom\u00e8re r\u00e9sistant Guma Elastomery Odporne na promieniowanie<br \/>\nschwarz black noir czarny<br \/>\nindidviduelle Fertigungen Sonderanfertigungen indidvidual manufacturing Special designs fabrications individuelles Ex\u00e9cutions sp\u00e9ciales Produkty na zam\u00f3wienie Indywidualne wymagania<br \/>\nRohrverbindungen pipes connections joints Abwasserrohre Abflusssysteme sewage Hauptrohre Hauptleitungen main pipes Schacht Sch\u00e4chte<\/p>\n","protected":false},"excerpt":{"rendered":"<p>The different lengths of the LM seal offer the right connection seal for connecting vitrified clay pipes and smooth-walled pipes to pipes of all types. Only the wall thickness of the main pipes is decisive for the right LM seal!<\/p>\n<p><strong>Product Benefits:<\/strong><\/p>\n<ul>\n<li>Used for the subsequent connection of pipes of all manufacturers to main pipes and manholes made of concrete or reinforced concrete<\/li>\n<li>Material made of a high-quality EPDM according to DIN EN 681-1<\/li>\n<li>The thick profile of the LM 60 makes it possible to compensate for the higher weight and tolerance variations of vitrified clay pipes<\/li>\n<\/ul>\n<p><a href=\"https:\/\/fernco-shop.eu\/pipe-seals\/connection-seal-lm.html\" target=\"_blank\" rel=\"Shop noopener now! noreferrer\"><img decoding=\"async\" class=\"alignleft wp-image-24709 size-full\" src=\"https:\/\/www.fernco.de\/wp-content\/uploads\/2021\/02\/ShopNow_Website_EU_1.png\" alt=\"SHOP NOW\" width=\"160\" height=\"60\" \/><\/a><\/p>\n","protected":false},"featured_media":28188,"template":"","meta":{"_acf_changed":false,"_mi_skip_tracking":false,"_monsterinsights_sitenote_active":false,"_monsterinsights_sitenote_note":"","_monsterinsights_sitenote_category":0},"product_cat":[230],"product_tag":[],"acf":[],"yoast_head":"<!-- This site is optimized with the Yoast SEO plugin v22.7 - https:\/\/yoast.com\/wordpress\/plugins\/seo\/ -->\n<title>Pipe Seal LM | Fernco<\/title>\n<meta name=\"description\" content=\"Fernco LM Pipe Seals \u2013 the perfect connection for vitrified clay &amp; smooth-walled pipes. Reliable, high-quality EPDM seal for secure pipe connections\" \/>\n<meta name=\"robots\" content=\"index, follow, max-snippet:-1, max-image-preview:large, max-video-preview:-1\" \/>\n<link rel=\"canonical\" href=\"https:\/\/www.fernco.de\/en\/product\/wall-tank-gully-seals\" \/>\n<meta property=\"og:locale\" content=\"en_US\" \/>\n<meta property=\"og:type\" content=\"article\" \/>\n<meta property=\"og:title\" content=\"Pipe Seal LM | Fernco\" \/>\n<meta property=\"og:description\" content=\"Fernco LM Pipe Seals \u2013 the perfect connection for vitrified clay &amp; smooth-walled pipes. Reliable, high-quality EPDM seal for secure pipe connections\" \/>\n<meta property=\"og:url\" content=\"https:\/\/www.fernco.de\/en\/product\/wall-tank-gully-seals\" \/>\n<meta property=\"og:site_name\" content=\"Fernco\" \/>\n<meta property=\"article:publisher\" content=\"https:\/\/www.facebook.com\/Flexseal\" \/>\n<meta property=\"article:modified_time\" content=\"2025-01-30T15:09:07+00:00\" \/>\n<meta property=\"og:image\" content=\"https:\/\/www.fernco.de\/wp-content\/uploads\/2023\/05\/LM_700x394.png\" \/>\n\t<meta property=\"og:image:width\" content=\"700\" \/>\n\t<meta property=\"og:image:height\" content=\"394\" \/>\n\t<meta property=\"og:image:type\" content=\"image\/png\" \/>\n<meta name=\"twitter:card\" content=\"summary_large_image\" \/>\n<meta name=\"twitter:site\" content=\"@FlexsealUK\" \/>\n<meta name=\"twitter:label1\" content=\"Est. reading time\" \/>\n\t<meta name=\"twitter:data1\" content=\"2 minutes\" \/>\n<script type=\"application\/ld+json\" class=\"yoast-schema-graph\">{\"@context\":\"https:\/\/schema.org\",\"@graph\":[{\"@type\":\"WebPage\",\"@id\":\"https:\/\/www.fernco.de\/en\/product\/wall-tank-gully-seals\",\"url\":\"https:\/\/www.fernco.de\/en\/product\/wall-tank-gully-seals\",\"name\":\"Pipe Seal LM | Fernco\",\"isPartOf\":{\"@id\":\"https:\/\/www.fernco.de\/en\/#website\"},\"primaryImageOfPage\":{\"@id\":\"https:\/\/www.fernco.de\/en\/product\/wall-tank-gully-seals#primaryimage\"},\"image\":{\"@id\":\"https:\/\/www.fernco.de\/en\/product\/wall-tank-gully-seals#primaryimage\"},\"thumbnailUrl\":\"https:\/\/www.fernco.de\/wp-content\/uploads\/2023\/05\/LM_700x394.png\",\"datePublished\":\"2019-04-26T08:26:12+00:00\",\"dateModified\":\"2025-01-30T15:09:07+00:00\",\"description\":\"Fernco LM Pipe Seals \u2013 the perfect connection for vitrified clay & smooth-walled pipes. Reliable, high-quality EPDM seal for secure pipe connections\",\"breadcrumb\":{\"@id\":\"https:\/\/www.fernco.de\/en\/product\/wall-tank-gully-seals#breadcrumb\"},\"inLanguage\":\"en-US\",\"potentialAction\":[{\"@type\":\"ReadAction\",\"target\":[\"https:\/\/www.fernco.de\/en\/product\/wall-tank-gully-seals\"]}]},{\"@type\":\"ImageObject\",\"inLanguage\":\"en-US\",\"@id\":\"https:\/\/www.fernco.de\/en\/product\/wall-tank-gully-seals#primaryimage\",\"url\":\"https:\/\/www.fernco.de\/wp-content\/uploads\/2023\/05\/LM_700x394.png\",\"contentUrl\":\"https:\/\/www.fernco.de\/wp-content\/uploads\/2023\/05\/LM_700x394.png\",\"width\":700,\"height\":394},{\"@type\":\"BreadcrumbList\",\"@id\":\"https:\/\/www.fernco.de\/en\/product\/wall-tank-gully-seals#breadcrumb\",\"itemListElement\":[{\"@type\":\"ListItem\",\"position\":1,\"name\":\"Home\",\"item\":\"https:\/\/www.fernco.de\/en\"},{\"@type\":\"ListItem\",\"position\":2,\"name\":\"Products\",\"item\":\"https:\/\/www.fernco.de\/en\/shop\"},{\"@type\":\"ListItem\",\"position\":3,\"name\":\"Pipe Seal LM\"}]},{\"@type\":\"WebSite\",\"@id\":\"https:\/\/www.fernco.de\/en\/#website\",\"url\":\"https:\/\/www.fernco.de\/en\/\",\"name\":\"Fernco\",\"description\":\"Flexible Couplings, Drainage &amp; Plumbing Systems\",\"publisher\":{\"@id\":\"https:\/\/www.fernco.de\/en\/#organization\"},\"potentialAction\":[{\"@type\":\"SearchAction\",\"target\":{\"@type\":\"EntryPoint\",\"urlTemplate\":\"https:\/\/www.fernco.de\/en\/?s={search_term_string}\"},\"query-input\":\"required name=search_term_string\"}],\"inLanguage\":\"en-US\"},{\"@type\":\"Organization\",\"@id\":\"https:\/\/www.fernco.de\/en\/#organization\",\"name\":\"Fernco GmbH\",\"alternateName\":\"Fernco\",\"url\":\"https:\/\/www.fernco.de\/en\/\",\"logo\":{\"@type\":\"ImageObject\",\"inLanguage\":\"en-US\",\"@id\":\"https:\/\/www.fernco.de\/en\/#\/schema\/logo\/image\/\",\"url\":\"https:\/\/www.fernco.de\/wp-content\/uploads\/2022\/06\/fernco-logo.png\",\"contentUrl\":\"https:\/\/www.fernco.de\/wp-content\/uploads\/2022\/06\/fernco-logo.png\",\"width\":287,\"height\":50,\"caption\":\"Fernco GmbH\"},\"image\":{\"@id\":\"https:\/\/www.fernco.de\/en\/#\/schema\/logo\/image\/\"},\"sameAs\":[\"https:\/\/www.facebook.com\/Flexseal\",\"https:\/\/x.com\/FlexsealUK\"]}]}<\/script>\n<!-- \/ Yoast SEO plugin. -->","yoast_head_json":{"title":"Pipe Seal LM | Fernco","description":"Fernco LM Pipe Seals \u2013 the perfect connection for vitrified clay & smooth-walled pipes. Reliable, high-quality EPDM seal for secure pipe connections","robots":{"index":"index","follow":"follow","max-snippet":"max-snippet:-1","max-image-preview":"max-image-preview:large","max-video-preview":"max-video-preview:-1"},"canonical":"https:\/\/www.fernco.de\/en\/product\/wall-tank-gully-seals","og_locale":"en_US","og_type":"article","og_title":"Pipe Seal LM | Fernco","og_description":"Fernco LM Pipe Seals \u2013 the perfect connection for vitrified clay & smooth-walled pipes. Reliable, high-quality EPDM seal for secure pipe connections","og_url":"https:\/\/www.fernco.de\/en\/product\/wall-tank-gully-seals","og_site_name":"Fernco","article_publisher":"https:\/\/www.facebook.com\/Flexseal","article_modified_time":"2025-01-30T15:09:07+00:00","og_image":[{"width":700,"height":394,"url":"https:\/\/www.fernco.de\/wp-content\/uploads\/2023\/05\/LM_700x394.png","type":"image\/png"}],"twitter_card":"summary_large_image","twitter_site":"@FlexsealUK","twitter_misc":{"Est. reading time":"2 minutes"},"schema":{"@context":"https:\/\/schema.org","@graph":[{"@type":"WebPage","@id":"https:\/\/www.fernco.de\/en\/product\/wall-tank-gully-seals","url":"https:\/\/www.fernco.de\/en\/product\/wall-tank-gully-seals","name":"Pipe Seal LM | Fernco","isPartOf":{"@id":"https:\/\/www.fernco.de\/en\/#website"},"primaryImageOfPage":{"@id":"https:\/\/www.fernco.de\/en\/product\/wall-tank-gully-seals#primaryimage"},"image":{"@id":"https:\/\/www.fernco.de\/en\/product\/wall-tank-gully-seals#primaryimage"},"thumbnailUrl":"https:\/\/www.fernco.de\/wp-content\/uploads\/2023\/05\/LM_700x394.png","datePublished":"2019-04-26T08:26:12+00:00","dateModified":"2025-01-30T15:09:07+00:00","description":"Fernco LM Pipe Seals \u2013 the perfect connection for vitrified clay & smooth-walled pipes. Reliable, high-quality EPDM seal for secure pipe connections","breadcrumb":{"@id":"https:\/\/www.fernco.de\/en\/product\/wall-tank-gully-seals#breadcrumb"},"inLanguage":"en-US","potentialAction":[{"@type":"ReadAction","target":["https:\/\/www.fernco.de\/en\/product\/wall-tank-gully-seals"]}]},{"@type":"ImageObject","inLanguage":"en-US","@id":"https:\/\/www.fernco.de\/en\/product\/wall-tank-gully-seals#primaryimage","url":"https:\/\/www.fernco.de\/wp-content\/uploads\/2023\/05\/LM_700x394.png","contentUrl":"https:\/\/www.fernco.de\/wp-content\/uploads\/2023\/05\/LM_700x394.png","width":700,"height":394},{"@type":"BreadcrumbList","@id":"https:\/\/www.fernco.de\/en\/product\/wall-tank-gully-seals#breadcrumb","itemListElement":[{"@type":"ListItem","position":1,"name":"Home","item":"https:\/\/www.fernco.de\/en"},{"@type":"ListItem","position":2,"name":"Products","item":"https:\/\/www.fernco.de\/en\/shop"},{"@type":"ListItem","position":3,"name":"Pipe Seal LM"}]},{"@type":"WebSite","@id":"https:\/\/www.fernco.de\/en\/#website","url":"https:\/\/www.fernco.de\/en\/","name":"Fernco","description":"Flexible Couplings, Drainage &amp; Plumbing Systems","publisher":{"@id":"https:\/\/www.fernco.de\/en\/#organization"},"potentialAction":[{"@type":"SearchAction","target":{"@type":"EntryPoint","urlTemplate":"https:\/\/www.fernco.de\/en\/?s={search_term_string}"},"query-input":"required name=search_term_string"}],"inLanguage":"en-US"},{"@type":"Organization","@id":"https:\/\/www.fernco.de\/en\/#organization","name":"Fernco GmbH","alternateName":"Fernco","url":"https:\/\/www.fernco.de\/en\/","logo":{"@type":"ImageObject","inLanguage":"en-US","@id":"https:\/\/www.fernco.de\/en\/#\/schema\/logo\/image\/","url":"https:\/\/www.fernco.de\/wp-content\/uploads\/2022\/06\/fernco-logo.png","contentUrl":"https:\/\/www.fernco.de\/wp-content\/uploads\/2022\/06\/fernco-logo.png","width":287,"height":50,"caption":"Fernco GmbH"},"image":{"@id":"https:\/\/www.fernco.de\/en\/#\/schema\/logo\/image\/"},"sameAs":["https:\/\/www.facebook.com\/Flexseal","https:\/\/x.com\/FlexsealUK"]}]}},"_links":{"self":[{"href":"https:\/\/www.fernco.de\/en\/wp-json\/wp\/v2\/product\/19879"}],"collection":[{"href":"https:\/\/www.fernco.de\/en\/wp-json\/wp\/v2\/product"}],"about":[{"href":"https:\/\/www.fernco.de\/en\/wp-json\/wp\/v2\/types\/product"}],"wp:featuredmedia":[{"embeddable":true,"href":"https:\/\/www.fernco.de\/en\/wp-json\/wp\/v2\/media\/28188"}],"wp:attachment":[{"href":"https:\/\/www.fernco.de\/en\/wp-json\/wp\/v2\/media?parent=19879"}],"wp:term":[{"taxonomy":"product_cat","embeddable":true,"href":"https:\/\/www.fernco.de\/en\/wp-json\/wp\/v2\/product_cat?post=19879"},{"taxonomy":"product_tag","embeddable":true,"href":"https:\/\/www.fernco.de\/en\/wp-json\/wp\/v2\/product_tag?post=19879"}],"curies":[{"name":"wp","href":"https:\/\/api.w.org\/{rel}","templated":true}]}}