{"id":19891,"date":"2019-04-26T12:59:45","date_gmt":"2019-04-26T11:59:45","guid":{"rendered":"https:\/\/www.fernco.de\/?post_type=product&#038;p=19891"},"modified":"2024-07-25T07:43:24","modified_gmt":"2024-07-25T06:43:24","slug":"saddles-for-smooth-pvc-pipe","status":"publish","type":"product","link":"https:\/\/www.fernco.de\/en\/product\/saddles-for-smooth-pvc-pipe","title":{"rendered":"Saddle TA for Smooth PVC Pipe"},"content":{"rendered":"<p>TA TA11090 TA11045 TA16090 TA16045 TA20045<\/p>\n<p>d\u00fcnnwandige Rohre thin wall pipes Anschlusselemente Sattel s\u00e4ttel Saddle Selle de Piquage Rapide Tulipe Element przy\u0142\u0105czeniowy Hauptrohre Hauptleitungen main pipes<br \/>\nKG KG2000 PVC Kunststoffrohre d\u00fcnnwandiges glattes Rohr PVCu plastics pipes Thin-Walled Pipe smooth Tubes en plastique Rury plastikowe cienko\u015bcienne g\u0142adkie<br \/>\nRohrverbindungen pipes connections joints 45\u00b0 90\u00b0 Grad Winkel Abgang abgewinkelt angewinkelt gewinkelt Anschlussmuffe Abzweig degree angle outlet angled angled connection sleeve branching<br \/>\nGussrohre Gusseisen cast iron d\u00fcnnwandige glattwandige Rohre Haputrohre Hauptleitungen Tiefbau Abwasser Abflusssysteme sewage Niederdruck Kanalisationssysteme Abwasser Regenwasser Industriewasser Low pressure Sewerage systems Waste water Rainwater Industrial water Basse pression Syst\u00e8mes d&#8217;assainissement Eaux us\u00e9es Eau de pluie Eaux industrielles<br \/>\nAnschlusselemente Sattel S\u00e4ttel Rohrverbindungen seitlicher Anschluss Anschl\u00fcsse Hauptrohre Hauptleitungen seitliche abzweigende rohre Hauptleitung Hauptflussleitung Rohrbett Betonhauptrohr Anschlussrohr Anschlussstutzen Distanzringe connections elements pipe connections lateral branching pipes main pipe main flow pipe fast installation pipe bed concrete clay main pipe connection pipe connection spigots spacer rings El\u00e9ments de connexion Selles de Piquage raccordement lat\u00e9ral Tuyaux principaux Conduites principales elementy przy\u0142\u0105czeniowe przy\u0142\u0105czeniowy<\/p>\n<p>Spanneinheiten Spannband Spannb\u00e4nder Sangles clamp bands thermoplastisches<\/p>\n<p>DN100 DN150 DN200 90\u00b0 45\u00b0<\/p>\n<p>V2A 1.4301 304 W4 Edelstahl Stahl rostfrei Metall Stainless steel Metal rust free Acier inoxydable M\u00e9tal Stal Nierdzwena<br \/>\nPVC Neopren Gummi rubber schwarz black noir czarny Eloastomer<\/p>\n<p>thin wall pipes \u00e9l\u00e9ments de raccordement selles selles lateral connection elements saddles tubes principaux Hauptleitungen main pipes<br \/>\nRohrverbindungen pipes connections joints KG tuyaux en plastique plastics \u00e9l\u00e9ments de raccordement selles \u00e9l\u00e9ments selles 45\u00b0 angle de 90\u00b0 sortie coud\u00e9e coud\u00e9e manchon de raccordement d\u00e9rivation Pipe connections pipes connections joints KG tuyaux en plastique plastics connection elements sddle elements sddles 45\u00b0 angle de 90\u00b0 angle outlet angled connection sleeve branching<br \/>\nKG tuyau plastique tuyau en fonte tuyau m\u00e9tallique DN100 DN150 DN200 tuyaux en fonte cast iron tuyaux \u00e0 parois minces tuyaux \u00e0 parois lisses tuyaux haput conduites principales g\u00e9nie civil eaux us\u00e9es syst\u00e8mes d&#8217;\u00e9vacuation sewage<br \/>\nColliers de serrage Unit\u00e9s de serrage \u00e9lastom\u00e8re thermoplastique <\/p>\n","protected":false},"excerpt":{"rendered":"<p>The Fernco saddles Type TA offer a fast and favorable opportunity, to connect KG- or cast iron pipes DN 100 and DN 150 to all smooth surfaces main pipes to an outside diameter of 400 mm.<\/p>\n<p><strong>Product Benefits:<\/strong><\/p>\n<ul>\n<li>The TA saddle can be applied to pipes of any wall thickness<\/li>\n<li>No exact core drilling required<\/li>\n<li>No use of adhesive, sealant or concrete required<\/li>\n<li>Reduction of labour and material costs<\/li>\n<li>Withstands 0.6 bar internal pipe pressure<\/li>\n<li>Available for both 45\u00b0 and 90\u00b0 side connections<\/li>\n<li>Easy, simple handling for quick installation<\/li>\n<li>No special tools required<\/li>\n<\/ul>\n<p><a href=\"https:\/\/fernco-shop.eu\/saddles-for-smooth-pvc-pipe.html\" target=\"_blank\" rel=\"Shop noopener now! noreferrer\"><img decoding=\"async\" class=\"alignleft wp-image-24709 size-full\" src=\"https:\/\/www.fernco.de\/wp-content\/uploads\/2021\/02\/ShopNow_Website_EU_1.png\" alt=\"SHOP NOW\" width=\"160\" height=\"60\" \/><\/a><\/p>\n","protected":false},"featured_media":28156,"template":"","meta":{"_acf_changed":false,"_mi_skip_tracking":false,"_monsterinsights_sitenote_active":false,"_monsterinsights_sitenote_note":"","_monsterinsights_sitenote_category":0},"product_cat":[228],"product_tag":[],"acf":[],"yoast_head":"<!-- This site is optimized with the Yoast SEO plugin v22.7 - https:\/\/yoast.com\/wordpress\/plugins\/seo\/ -->\n<title>Saddle TA for Smooth PVC Pipe | Fernco<\/title>\n<meta name=\"description\" content=\"Our TA-Saddles connect plastic pipes DN 100, 150, and 200 to smooth-walled main pipes AD 200-600 mm. Secure, simple connections. Explore now!\" \/>\n<meta name=\"robots\" content=\"index, follow, max-snippet:-1, max-image-preview:large, max-video-preview:-1\" \/>\n<link rel=\"canonical\" href=\"https:\/\/www.fernco.de\/en\/product\/saddles-for-smooth-pvc-pipe\" \/>\n<meta property=\"og:locale\" content=\"en_US\" \/>\n<meta property=\"og:type\" content=\"article\" \/>\n<meta property=\"og:title\" content=\"Saddle TA for Smooth PVC Pipe | Fernco\" \/>\n<meta property=\"og:description\" content=\"Our TA-Saddles connect plastic pipes DN 100, 150, and 200 to smooth-walled main pipes AD 200-600 mm. Secure, simple connections. Explore now!\" \/>\n<meta property=\"og:url\" content=\"https:\/\/www.fernco.de\/en\/product\/saddles-for-smooth-pvc-pipe\" \/>\n<meta property=\"og:site_name\" content=\"Fernco\" \/>\n<meta property=\"article:publisher\" content=\"https:\/\/www.facebook.com\/Flexseal\" \/>\n<meta property=\"article:modified_time\" content=\"2024-07-25T06:43:24+00:00\" \/>\n<meta property=\"og:image\" content=\"https:\/\/www.fernco.de\/wp-content\/uploads\/2019\/04\/TA_700x394.png\" \/>\n\t<meta property=\"og:image:width\" content=\"700\" \/>\n\t<meta property=\"og:image:height\" content=\"394\" \/>\n\t<meta property=\"og:image:type\" content=\"image\/png\" \/>\n<meta name=\"twitter:card\" content=\"summary_large_image\" \/>\n<meta name=\"twitter:site\" content=\"@FlexsealUK\" \/>\n<meta name=\"twitter:label1\" content=\"Est. reading time\" \/>\n\t<meta name=\"twitter:data1\" content=\"2 minutes\" \/>\n<script type=\"application\/ld+json\" class=\"yoast-schema-graph\">{\"@context\":\"https:\/\/schema.org\",\"@graph\":[{\"@type\":\"WebPage\",\"@id\":\"https:\/\/www.fernco.de\/en\/product\/saddles-for-smooth-pvc-pipe\",\"url\":\"https:\/\/www.fernco.de\/en\/product\/saddles-for-smooth-pvc-pipe\",\"name\":\"Saddle TA for Smooth PVC Pipe | Fernco\",\"isPartOf\":{\"@id\":\"https:\/\/www.fernco.de\/en\/#website\"},\"primaryImageOfPage\":{\"@id\":\"https:\/\/www.fernco.de\/en\/product\/saddles-for-smooth-pvc-pipe#primaryimage\"},\"image\":{\"@id\":\"https:\/\/www.fernco.de\/en\/product\/saddles-for-smooth-pvc-pipe#primaryimage\"},\"thumbnailUrl\":\"https:\/\/www.fernco.de\/wp-content\/uploads\/2019\/04\/TA_700x394.png\",\"datePublished\":\"2019-04-26T11:59:45+00:00\",\"dateModified\":\"2024-07-25T06:43:24+00:00\",\"description\":\"Our TA-Saddles connect plastic pipes DN 100, 150, and 200 to smooth-walled main pipes AD 200-600 mm. Secure, simple connections. Explore now!\",\"breadcrumb\":{\"@id\":\"https:\/\/www.fernco.de\/en\/product\/saddles-for-smooth-pvc-pipe#breadcrumb\"},\"inLanguage\":\"en-US\",\"potentialAction\":[{\"@type\":\"ReadAction\",\"target\":[\"https:\/\/www.fernco.de\/en\/product\/saddles-for-smooth-pvc-pipe\"]}]},{\"@type\":\"ImageObject\",\"inLanguage\":\"en-US\",\"@id\":\"https:\/\/www.fernco.de\/en\/product\/saddles-for-smooth-pvc-pipe#primaryimage\",\"url\":\"https:\/\/www.fernco.de\/wp-content\/uploads\/2019\/04\/TA_700x394.png\",\"contentUrl\":\"https:\/\/www.fernco.de\/wp-content\/uploads\/2019\/04\/TA_700x394.png\",\"width\":700,\"height\":394},{\"@type\":\"BreadcrumbList\",\"@id\":\"https:\/\/www.fernco.de\/en\/product\/saddles-for-smooth-pvc-pipe#breadcrumb\",\"itemListElement\":[{\"@type\":\"ListItem\",\"position\":1,\"name\":\"Home\",\"item\":\"https:\/\/www.fernco.de\/en\"},{\"@type\":\"ListItem\",\"position\":2,\"name\":\"Products\",\"item\":\"https:\/\/www.fernco.de\/en\/shop\"},{\"@type\":\"ListItem\",\"position\":3,\"name\":\"Saddle TA for Smooth PVC Pipe\"}]},{\"@type\":\"WebSite\",\"@id\":\"https:\/\/www.fernco.de\/en\/#website\",\"url\":\"https:\/\/www.fernco.de\/en\/\",\"name\":\"Fernco\",\"description\":\"Flexible Couplings, Drainage &amp; Plumbing Systems\",\"publisher\":{\"@id\":\"https:\/\/www.fernco.de\/en\/#organization\"},\"potentialAction\":[{\"@type\":\"SearchAction\",\"target\":{\"@type\":\"EntryPoint\",\"urlTemplate\":\"https:\/\/www.fernco.de\/en\/?s={search_term_string}\"},\"query-input\":\"required name=search_term_string\"}],\"inLanguage\":\"en-US\"},{\"@type\":\"Organization\",\"@id\":\"https:\/\/www.fernco.de\/en\/#organization\",\"name\":\"Fernco GmbH\",\"alternateName\":\"Fernco\",\"url\":\"https:\/\/www.fernco.de\/en\/\",\"logo\":{\"@type\":\"ImageObject\",\"inLanguage\":\"en-US\",\"@id\":\"https:\/\/www.fernco.de\/en\/#\/schema\/logo\/image\/\",\"url\":\"https:\/\/www.fernco.de\/wp-content\/uploads\/2022\/06\/fernco-logo.png\",\"contentUrl\":\"https:\/\/www.fernco.de\/wp-content\/uploads\/2022\/06\/fernco-logo.png\",\"width\":287,\"height\":50,\"caption\":\"Fernco GmbH\"},\"image\":{\"@id\":\"https:\/\/www.fernco.de\/en\/#\/schema\/logo\/image\/\"},\"sameAs\":[\"https:\/\/www.facebook.com\/Flexseal\",\"https:\/\/x.com\/FlexsealUK\"]}]}<\/script>\n<!-- \/ Yoast SEO plugin. -->","yoast_head_json":{"title":"Saddle TA for Smooth PVC Pipe | Fernco","description":"Our TA-Saddles connect plastic pipes DN 100, 150, and 200 to smooth-walled main pipes AD 200-600 mm. Secure, simple connections. Explore now!","robots":{"index":"index","follow":"follow","max-snippet":"max-snippet:-1","max-image-preview":"max-image-preview:large","max-video-preview":"max-video-preview:-1"},"canonical":"https:\/\/www.fernco.de\/en\/product\/saddles-for-smooth-pvc-pipe","og_locale":"en_US","og_type":"article","og_title":"Saddle TA for Smooth PVC Pipe | Fernco","og_description":"Our TA-Saddles connect plastic pipes DN 100, 150, and 200 to smooth-walled main pipes AD 200-600 mm. Secure, simple connections. Explore now!","og_url":"https:\/\/www.fernco.de\/en\/product\/saddles-for-smooth-pvc-pipe","og_site_name":"Fernco","article_publisher":"https:\/\/www.facebook.com\/Flexseal","article_modified_time":"2024-07-25T06:43:24+00:00","og_image":[{"width":700,"height":394,"url":"https:\/\/www.fernco.de\/wp-content\/uploads\/2019\/04\/TA_700x394.png","type":"image\/png"}],"twitter_card":"summary_large_image","twitter_site":"@FlexsealUK","twitter_misc":{"Est. reading time":"2 minutes"},"schema":{"@context":"https:\/\/schema.org","@graph":[{"@type":"WebPage","@id":"https:\/\/www.fernco.de\/en\/product\/saddles-for-smooth-pvc-pipe","url":"https:\/\/www.fernco.de\/en\/product\/saddles-for-smooth-pvc-pipe","name":"Saddle TA for Smooth PVC Pipe | Fernco","isPartOf":{"@id":"https:\/\/www.fernco.de\/en\/#website"},"primaryImageOfPage":{"@id":"https:\/\/www.fernco.de\/en\/product\/saddles-for-smooth-pvc-pipe#primaryimage"},"image":{"@id":"https:\/\/www.fernco.de\/en\/product\/saddles-for-smooth-pvc-pipe#primaryimage"},"thumbnailUrl":"https:\/\/www.fernco.de\/wp-content\/uploads\/2019\/04\/TA_700x394.png","datePublished":"2019-04-26T11:59:45+00:00","dateModified":"2024-07-25T06:43:24+00:00","description":"Our TA-Saddles connect plastic pipes DN 100, 150, and 200 to smooth-walled main pipes AD 200-600 mm. Secure, simple connections. Explore now!","breadcrumb":{"@id":"https:\/\/www.fernco.de\/en\/product\/saddles-for-smooth-pvc-pipe#breadcrumb"},"inLanguage":"en-US","potentialAction":[{"@type":"ReadAction","target":["https:\/\/www.fernco.de\/en\/product\/saddles-for-smooth-pvc-pipe"]}]},{"@type":"ImageObject","inLanguage":"en-US","@id":"https:\/\/www.fernco.de\/en\/product\/saddles-for-smooth-pvc-pipe#primaryimage","url":"https:\/\/www.fernco.de\/wp-content\/uploads\/2019\/04\/TA_700x394.png","contentUrl":"https:\/\/www.fernco.de\/wp-content\/uploads\/2019\/04\/TA_700x394.png","width":700,"height":394},{"@type":"BreadcrumbList","@id":"https:\/\/www.fernco.de\/en\/product\/saddles-for-smooth-pvc-pipe#breadcrumb","itemListElement":[{"@type":"ListItem","position":1,"name":"Home","item":"https:\/\/www.fernco.de\/en"},{"@type":"ListItem","position":2,"name":"Products","item":"https:\/\/www.fernco.de\/en\/shop"},{"@type":"ListItem","position":3,"name":"Saddle TA for Smooth PVC Pipe"}]},{"@type":"WebSite","@id":"https:\/\/www.fernco.de\/en\/#website","url":"https:\/\/www.fernco.de\/en\/","name":"Fernco","description":"Flexible Couplings, Drainage &amp; Plumbing Systems","publisher":{"@id":"https:\/\/www.fernco.de\/en\/#organization"},"potentialAction":[{"@type":"SearchAction","target":{"@type":"EntryPoint","urlTemplate":"https:\/\/www.fernco.de\/en\/?s={search_term_string}"},"query-input":"required name=search_term_string"}],"inLanguage":"en-US"},{"@type":"Organization","@id":"https:\/\/www.fernco.de\/en\/#organization","name":"Fernco GmbH","alternateName":"Fernco","url":"https:\/\/www.fernco.de\/en\/","logo":{"@type":"ImageObject","inLanguage":"en-US","@id":"https:\/\/www.fernco.de\/en\/#\/schema\/logo\/image\/","url":"https:\/\/www.fernco.de\/wp-content\/uploads\/2022\/06\/fernco-logo.png","contentUrl":"https:\/\/www.fernco.de\/wp-content\/uploads\/2022\/06\/fernco-logo.png","width":287,"height":50,"caption":"Fernco GmbH"},"image":{"@id":"https:\/\/www.fernco.de\/en\/#\/schema\/logo\/image\/"},"sameAs":["https:\/\/www.facebook.com\/Flexseal","https:\/\/x.com\/FlexsealUK"]}]}},"_links":{"self":[{"href":"https:\/\/www.fernco.de\/en\/wp-json\/wp\/v2\/product\/19891"}],"collection":[{"href":"https:\/\/www.fernco.de\/en\/wp-json\/wp\/v2\/product"}],"about":[{"href":"https:\/\/www.fernco.de\/en\/wp-json\/wp\/v2\/types\/product"}],"wp:featuredmedia":[{"embeddable":true,"href":"https:\/\/www.fernco.de\/en\/wp-json\/wp\/v2\/media\/28156"}],"wp:attachment":[{"href":"https:\/\/www.fernco.de\/en\/wp-json\/wp\/v2\/media?parent=19891"}],"wp:term":[{"taxonomy":"product_cat","embeddable":true,"href":"https:\/\/www.fernco.de\/en\/wp-json\/wp\/v2\/product_cat?post=19891"},{"taxonomy":"product_tag","embeddable":true,"href":"https:\/\/www.fernco.de\/en\/wp-json\/wp\/v2\/product_tag?post=19891"}],"curies":[{"name":"wp","href":"https:\/\/api.w.org\/{rel}","templated":true}]}}