{"id":19894,"date":"2019-04-26T13:00:48","date_gmt":"2019-04-26T12:00:48","guid":{"rendered":"https:\/\/www.fernco.de\/?post_type=product&#038;p=19894"},"modified":"2025-09-10T14:52:13","modified_gmt":"2025-09-10T13:52:13","slug":"saddle-pa-for-twin-wall-pipe","status":"publish","type":"product","link":"https:\/\/www.fernco.de\/en\/product\/saddle-pa-for-twin-wall-pipe","title":{"rendered":"Saddle PA for twin wall pipes"},"content":{"rendered":"<p>PA PA300-01 PA1530 PA400-01 PA1540 PA500-01 PA1550 PA600-01 PA1560 LPA110 PA-AS110 LPA130 PA-AS130 LPA180 PA-AS180<br \/>\nUA DN700 HS-K90-177 BK-K90\/177<\/p>\n<p>Distanzringe spacer rings anneaux d&#8217;\u00e9cartement Bagues d&#8217;espacement Pier\u015bcienie dystansowe<br \/>\ngeripptes gewelltes Rohre Rippen kunststoff plastik strukturiertes Wellen doppelwandiges Robukan UR UltraRib ribbed ribs structured pipes twin-walled tube nervur\u00e9 ondul\u00e9 Rury faliste plastikowe dwu\u015bcienne Anschlusselemente f\u00fcr gewellte Rohre geripptes gewelltes Rohre Rippen ribbed ribs pipes Abwasserrohre Abflusssysteme sewage Abwasserrohre Abflusssysteme Kanal Kanalisation sewage pipes systems Tuyaux d&#8217;\u00e9vacuation Syst\u00e8mes d&#8217;\u00e9vacuation Rury kanalizacyjne Systemy odwadniaj\u0105ce Kanalizacja<\/p>\n<p>DN300 DN400 DN500 DN600<\/p>\n<p>Anschlusselemente Sattel S\u00e4ttel seitlicher Anschluss lateral connection elements saddles Hauptrohre Hauptleitungen main pipes Anschlusselemente Sattel S\u00e4ttel Rohrverbindungen seitlicher Anschluss Anschl\u00fcsse Hauptrohre Hauptleitungen seitliche abzweigende rohre Hauptleitung Hauptflussleitung Rohrbett Betonhauptrohr Anschlussrohr Anschlussstutzen Distanzringe connections elements pipe connections lateral branching pipes main pipe main flow pipe fast installation pipe bed concrete clay main pipe connection pipe connection spigots spacer rings El\u00e9ments de connexion Selles de Piquage raccordement lat\u00e9ral Tuyaux principaux Conduites principales elementy przy\u0142\u0105czeniowe przy\u0142\u0105czeniowy<\/p>\n<p>wasserdicht luftdicht watertight airtight gases \u00e9tanche eau air wodoszczelny hermetyczny<\/p>\n<p>tuyaux ondul\u00e9s<br \/>\n\u00c9l\u00e9ments de raccordement pour tubes ondul\u00e9s tubes ondul\u00e9s nervur\u00e9s ribbed ribs pipes Tuyaux d&#8217;\u00e9vacuation Syst\u00e8mes d&#8217;\u00e9vacuation sewage<\/p>\n<p>\u00e9l\u00e9ments de raccordement selles selles raccordement lat\u00e9ral lateral connection elements saddles<br \/>\nHauptleitungen main pipes KG PVC tuyau en plastique plastic PA-Adapter PA KG DN150 tuyau en gr\u00e8s clay<\/p>\n<p>schwarz black noir czarny<\/p>\n","protected":false},"excerpt":{"rendered":"<p>Our <strong>PA<\/strong> and <strong>UA<\/strong> saddles offer a proven and flexible solution for lateral connection to double-walled or corrugated main pipes.<\/p>\n<p>The PA Saddle is suitable for the lateral connection of plastic pipes (KG, PVC, etc.) with an outer diameter of 160 mm to double-walled or corrugated main pipes from DN 300. From DN 700, the universal UA saddle is used, which is customised on request to match the exact wall thickness of the main pipe (30 to 122 mm) and connects pipes with a nominal diameter of DN 150.<\/p>\n<p><strong>Product Benefits:<\/strong><\/p>\n<ul>\n<li>Resists an internal pressure of 0.5 bar<\/li>\n<li>The main pipe must not be completely uncovered, the pipe can remain undamaged<\/li>\n<li>All materials resist normal ground conditions<\/li>\n<\/ul>\n","protected":false},"featured_media":21802,"template":"","meta":{"_acf_changed":false,"_mi_skip_tracking":false,"_monsterinsights_sitenote_active":false,"_monsterinsights_sitenote_note":"","_monsterinsights_sitenote_category":0},"product_cat":[228],"product_tag":[],"acf":[],"yoast_head":"<!-- This site is optimized with the Yoast SEO plugin v22.7 - https:\/\/yoast.com\/wordpress\/plugins\/seo\/ -->\n<title>Saddle PA for twin wall pipes | Fernco<\/title>\n<meta name=\"description\" content=\"The PA saddle connects plastic pipes \u00d8 160 mm laterally to twin-wall or corrugated main pipes from DN 300. Ideal for standard pipe thicknesses.\" \/>\n<meta name=\"robots\" content=\"index, follow, max-snippet:-1, max-image-preview:large, max-video-preview:-1\" \/>\n<link rel=\"canonical\" href=\"https:\/\/www.fernco.de\/en\/product\/saddle-pa-for-twin-wall-pipe\" \/>\n<meta property=\"og:locale\" content=\"en_US\" \/>\n<meta property=\"og:type\" content=\"article\" \/>\n<meta property=\"og:title\" content=\"Saddle PA for twin wall pipes | Fernco\" \/>\n<meta property=\"og:description\" content=\"The PA saddle connects plastic pipes \u00d8 160 mm laterally to twin-wall or corrugated main pipes from DN 300. Ideal for standard pipe thicknesses.\" \/>\n<meta property=\"og:url\" content=\"https:\/\/www.fernco.de\/en\/product\/saddle-pa-for-twin-wall-pipe\" \/>\n<meta property=\"og:site_name\" content=\"Fernco\" \/>\n<meta property=\"article:publisher\" content=\"https:\/\/www.facebook.com\/Flexseal\" \/>\n<meta property=\"article:modified_time\" content=\"2025-09-10T13:52:13+00:00\" \/>\n<meta property=\"og:image\" content=\"https:\/\/www.fernco.de\/wp-content\/uploads\/2019\/04\/PA-Saddle-on-twinwall-pipe.jpg\" \/>\n\t<meta property=\"og:image:width\" content=\"800\" \/>\n\t<meta property=\"og:image:height\" content=\"450\" \/>\n\t<meta property=\"og:image:type\" content=\"image\/jpeg\" \/>\n<meta name=\"twitter:card\" content=\"summary_large_image\" \/>\n<meta name=\"twitter:site\" content=\"@FlexsealUK\" \/>\n<meta name=\"twitter:label1\" content=\"Est. reading time\" \/>\n\t<meta name=\"twitter:data1\" content=\"2 minutes\" \/>\n<script type=\"application\/ld+json\" class=\"yoast-schema-graph\">{\"@context\":\"https:\/\/schema.org\",\"@graph\":[{\"@type\":\"WebPage\",\"@id\":\"https:\/\/www.fernco.de\/en\/product\/saddle-pa-for-twin-wall-pipe\",\"url\":\"https:\/\/www.fernco.de\/en\/product\/saddle-pa-for-twin-wall-pipe\",\"name\":\"Saddle PA for twin wall pipes | Fernco\",\"isPartOf\":{\"@id\":\"https:\/\/www.fernco.de\/en\/#website\"},\"primaryImageOfPage\":{\"@id\":\"https:\/\/www.fernco.de\/en\/product\/saddle-pa-for-twin-wall-pipe#primaryimage\"},\"image\":{\"@id\":\"https:\/\/www.fernco.de\/en\/product\/saddle-pa-for-twin-wall-pipe#primaryimage\"},\"thumbnailUrl\":\"https:\/\/www.fernco.de\/wp-content\/uploads\/2019\/04\/PA-Saddle-on-twinwall-pipe.jpg\",\"datePublished\":\"2019-04-26T12:00:48+00:00\",\"dateModified\":\"2025-09-10T13:52:13+00:00\",\"description\":\"The PA saddle connects plastic pipes \u00d8 160 mm laterally to twin-wall or corrugated main pipes from DN 300. Ideal for standard pipe thicknesses.\",\"breadcrumb\":{\"@id\":\"https:\/\/www.fernco.de\/en\/product\/saddle-pa-for-twin-wall-pipe#breadcrumb\"},\"inLanguage\":\"en-US\",\"potentialAction\":[{\"@type\":\"ReadAction\",\"target\":[\"https:\/\/www.fernco.de\/en\/product\/saddle-pa-for-twin-wall-pipe\"]}]},{\"@type\":\"ImageObject\",\"inLanguage\":\"en-US\",\"@id\":\"https:\/\/www.fernco.de\/en\/product\/saddle-pa-for-twin-wall-pipe#primaryimage\",\"url\":\"https:\/\/www.fernco.de\/wp-content\/uploads\/2019\/04\/PA-Saddle-on-twinwall-pipe.jpg\",\"contentUrl\":\"https:\/\/www.fernco.de\/wp-content\/uploads\/2019\/04\/PA-Saddle-on-twinwall-pipe.jpg\",\"width\":800,\"height\":450,\"caption\":\"PA Saddle on twinwall pipe\"},{\"@type\":\"BreadcrumbList\",\"@id\":\"https:\/\/www.fernco.de\/en\/product\/saddle-pa-for-twin-wall-pipe#breadcrumb\",\"itemListElement\":[{\"@type\":\"ListItem\",\"position\":1,\"name\":\"Home\",\"item\":\"https:\/\/www.fernco.de\/en\"},{\"@type\":\"ListItem\",\"position\":2,\"name\":\"Products\",\"item\":\"https:\/\/www.fernco.de\/en\/shop\"},{\"@type\":\"ListItem\",\"position\":3,\"name\":\"Saddle PA for twin wall pipes\"}]},{\"@type\":\"WebSite\",\"@id\":\"https:\/\/www.fernco.de\/en\/#website\",\"url\":\"https:\/\/www.fernco.de\/en\/\",\"name\":\"Fernco\",\"description\":\"Flexible Couplings, Drainage &amp; Plumbing Systems\",\"publisher\":{\"@id\":\"https:\/\/www.fernco.de\/en\/#organization\"},\"potentialAction\":[{\"@type\":\"SearchAction\",\"target\":{\"@type\":\"EntryPoint\",\"urlTemplate\":\"https:\/\/www.fernco.de\/en\/?s={search_term_string}\"},\"query-input\":\"required name=search_term_string\"}],\"inLanguage\":\"en-US\"},{\"@type\":\"Organization\",\"@id\":\"https:\/\/www.fernco.de\/en\/#organization\",\"name\":\"Fernco GmbH\",\"alternateName\":\"Fernco\",\"url\":\"https:\/\/www.fernco.de\/en\/\",\"logo\":{\"@type\":\"ImageObject\",\"inLanguage\":\"en-US\",\"@id\":\"https:\/\/www.fernco.de\/en\/#\/schema\/logo\/image\/\",\"url\":\"https:\/\/www.fernco.de\/wp-content\/uploads\/2022\/06\/fernco-logo.png\",\"contentUrl\":\"https:\/\/www.fernco.de\/wp-content\/uploads\/2022\/06\/fernco-logo.png\",\"width\":287,\"height\":50,\"caption\":\"Fernco GmbH\"},\"image\":{\"@id\":\"https:\/\/www.fernco.de\/en\/#\/schema\/logo\/image\/\"},\"sameAs\":[\"https:\/\/www.facebook.com\/Flexseal\",\"https:\/\/x.com\/FlexsealUK\"]}]}<\/script>\n<!-- \/ Yoast SEO plugin. -->","yoast_head_json":{"title":"Saddle PA for twin wall pipes | Fernco","description":"The PA saddle connects plastic pipes \u00d8 160 mm laterally to twin-wall or corrugated main pipes from DN 300. Ideal for standard pipe thicknesses.","robots":{"index":"index","follow":"follow","max-snippet":"max-snippet:-1","max-image-preview":"max-image-preview:large","max-video-preview":"max-video-preview:-1"},"canonical":"https:\/\/www.fernco.de\/en\/product\/saddle-pa-for-twin-wall-pipe","og_locale":"en_US","og_type":"article","og_title":"Saddle PA for twin wall pipes | Fernco","og_description":"The PA saddle connects plastic pipes \u00d8 160 mm laterally to twin-wall or corrugated main pipes from DN 300. Ideal for standard pipe thicknesses.","og_url":"https:\/\/www.fernco.de\/en\/product\/saddle-pa-for-twin-wall-pipe","og_site_name":"Fernco","article_publisher":"https:\/\/www.facebook.com\/Flexseal","article_modified_time":"2025-09-10T13:52:13+00:00","og_image":[{"width":800,"height":450,"url":"https:\/\/www.fernco.de\/wp-content\/uploads\/2019\/04\/PA-Saddle-on-twinwall-pipe.jpg","type":"image\/jpeg"}],"twitter_card":"summary_large_image","twitter_site":"@FlexsealUK","twitter_misc":{"Est. reading time":"2 minutes"},"schema":{"@context":"https:\/\/schema.org","@graph":[{"@type":"WebPage","@id":"https:\/\/www.fernco.de\/en\/product\/saddle-pa-for-twin-wall-pipe","url":"https:\/\/www.fernco.de\/en\/product\/saddle-pa-for-twin-wall-pipe","name":"Saddle PA for twin wall pipes | Fernco","isPartOf":{"@id":"https:\/\/www.fernco.de\/en\/#website"},"primaryImageOfPage":{"@id":"https:\/\/www.fernco.de\/en\/product\/saddle-pa-for-twin-wall-pipe#primaryimage"},"image":{"@id":"https:\/\/www.fernco.de\/en\/product\/saddle-pa-for-twin-wall-pipe#primaryimage"},"thumbnailUrl":"https:\/\/www.fernco.de\/wp-content\/uploads\/2019\/04\/PA-Saddle-on-twinwall-pipe.jpg","datePublished":"2019-04-26T12:00:48+00:00","dateModified":"2025-09-10T13:52:13+00:00","description":"The PA saddle connects plastic pipes \u00d8 160 mm laterally to twin-wall or corrugated main pipes from DN 300. Ideal for standard pipe thicknesses.","breadcrumb":{"@id":"https:\/\/www.fernco.de\/en\/product\/saddle-pa-for-twin-wall-pipe#breadcrumb"},"inLanguage":"en-US","potentialAction":[{"@type":"ReadAction","target":["https:\/\/www.fernco.de\/en\/product\/saddle-pa-for-twin-wall-pipe"]}]},{"@type":"ImageObject","inLanguage":"en-US","@id":"https:\/\/www.fernco.de\/en\/product\/saddle-pa-for-twin-wall-pipe#primaryimage","url":"https:\/\/www.fernco.de\/wp-content\/uploads\/2019\/04\/PA-Saddle-on-twinwall-pipe.jpg","contentUrl":"https:\/\/www.fernco.de\/wp-content\/uploads\/2019\/04\/PA-Saddle-on-twinwall-pipe.jpg","width":800,"height":450,"caption":"PA Saddle on twinwall pipe"},{"@type":"BreadcrumbList","@id":"https:\/\/www.fernco.de\/en\/product\/saddle-pa-for-twin-wall-pipe#breadcrumb","itemListElement":[{"@type":"ListItem","position":1,"name":"Home","item":"https:\/\/www.fernco.de\/en"},{"@type":"ListItem","position":2,"name":"Products","item":"https:\/\/www.fernco.de\/en\/shop"},{"@type":"ListItem","position":3,"name":"Saddle PA for twin wall pipes"}]},{"@type":"WebSite","@id":"https:\/\/www.fernco.de\/en\/#website","url":"https:\/\/www.fernco.de\/en\/","name":"Fernco","description":"Flexible Couplings, Drainage &amp; Plumbing Systems","publisher":{"@id":"https:\/\/www.fernco.de\/en\/#organization"},"potentialAction":[{"@type":"SearchAction","target":{"@type":"EntryPoint","urlTemplate":"https:\/\/www.fernco.de\/en\/?s={search_term_string}"},"query-input":"required name=search_term_string"}],"inLanguage":"en-US"},{"@type":"Organization","@id":"https:\/\/www.fernco.de\/en\/#organization","name":"Fernco GmbH","alternateName":"Fernco","url":"https:\/\/www.fernco.de\/en\/","logo":{"@type":"ImageObject","inLanguage":"en-US","@id":"https:\/\/www.fernco.de\/en\/#\/schema\/logo\/image\/","url":"https:\/\/www.fernco.de\/wp-content\/uploads\/2022\/06\/fernco-logo.png","contentUrl":"https:\/\/www.fernco.de\/wp-content\/uploads\/2022\/06\/fernco-logo.png","width":287,"height":50,"caption":"Fernco GmbH"},"image":{"@id":"https:\/\/www.fernco.de\/en\/#\/schema\/logo\/image\/"},"sameAs":["https:\/\/www.facebook.com\/Flexseal","https:\/\/x.com\/FlexsealUK"]}]}},"_links":{"self":[{"href":"https:\/\/www.fernco.de\/en\/wp-json\/wp\/v2\/product\/19894"}],"collection":[{"href":"https:\/\/www.fernco.de\/en\/wp-json\/wp\/v2\/product"}],"about":[{"href":"https:\/\/www.fernco.de\/en\/wp-json\/wp\/v2\/types\/product"}],"wp:featuredmedia":[{"embeddable":true,"href":"https:\/\/www.fernco.de\/en\/wp-json\/wp\/v2\/media\/21802"}],"wp:attachment":[{"href":"https:\/\/www.fernco.de\/en\/wp-json\/wp\/v2\/media?parent=19894"}],"wp:term":[{"taxonomy":"product_cat","embeddable":true,"href":"https:\/\/www.fernco.de\/en\/wp-json\/wp\/v2\/product_cat?post=19894"},{"taxonomy":"product_tag","embeddable":true,"href":"https:\/\/www.fernco.de\/en\/wp-json\/wp\/v2\/product_tag?post=19894"}],"curies":[{"name":"wp","href":"https:\/\/api.w.org\/{rel}","templated":true}]}}