{"id":19904,"date":"2019-04-26T14:15:33","date_gmt":"2019-04-26T13:15:33","guid":{"rendered":"https:\/\/www.fernco.de\/?post_type=product&#038;p=19904"},"modified":"2024-08-01T12:03:46","modified_gmt":"2024-08-01T11:03:46","slug":"non-return-valves","status":"publish","type":"product","link":"https:\/\/www.fernco.de\/en\/product\/non-return-valves","title":{"rendered":"Non-Return Valve NRV"},"content":{"rendered":"<p>NRV NRV100 NRV150 NRV110 NRV160<\/p>\n<p>R\u00fcckstauventil non return valve abwasser sewage water main pipe block return R\u00fcckfluss blockieren Hauptleitungen Wasser \u00dcberschwemmungen Floods schnell quick Steckverbindung push fit Sch\u00e4dlinge vermin ratten Rats Nagetiere rodents Klappe flap valve R\u00fcckstau clapet anti-retour non return valve eaux us\u00e9es sewage water main pipe block retunrn reflux bloquer conduites principales eau inondations Floods rapide quick connecteur push fit nuisibles vermin rats rongeurs rodents clapet flap valve anti-retour Froschklappe Flap valve frog Clapet de grenouille Hochwasserschutz Hochwasser flut \u00fcberschwemmbungen r\u00fcckfluss abwasser kanalisation floods defense defence protection backflow sewage sewerage water block return protection inondations crues inondations reflux eaux us\u00e9es \u00e9gouts ochrona przeciwpowodziowa pow\u00f3d\u017a przep\u0142yw zwrotny kanalizacja system kanalizacyjny<\/p>\n<p>DN100 DN110 DN150 DN160<\/p>\n<p>KG KG2000 PVC Kunststoffrohre d\u00fcnnwandiges glattes Rohr PVCu plastics pipes Thin-Walled Pipe smooth Tubes en plastique Rury plastikowe cienko\u015bcienne g\u0142adkie<br \/>\nBetonrohre concrete pipes asbestos Tubes en b\u00e9ton Rury betonowe<br \/>\nSteinzeugrohre eurotop vitrified clay pipes Tuyaux en gr\u00e8s Rury kamionkowe<\/p>\n<p>Kunststoff plastic gummi rubber Plastique<\/p>\n<p>rot red rouge czerwony<br \/>\norange pomara\u0144czowy pomaranczowy<br \/>\ngelb yellow jaune z\u00f3\u0142ty zolty<br \/>\nbraun brown marron br\u0105zowy brazowy<br \/>\nwei\u00df white blanc bia\u0142y bialy<br \/>\nschwarz black noir czarny<\/p>\n","protected":false},"excerpt":{"rendered":"<p>Fernco\u2019s Non-return valves allow sewer or surface water materials to freely flow in the direction of the systems mains but block backflow of those materials in the opposite direction in instances, such as, flooding.<\/p>\n<ul>\n<li>Unobtrusive to natural flow<\/li>\n<li>A proven flood prevention method<\/li>\n<li>Helps to protect homes, properties, commercial buildings, roads etc<\/li>\n<li>Also suitable as rodent deterrents with rat block features<\/li>\n<li>Maintenance free<\/li>\n<\/ul>\n","protected":false},"featured_media":27261,"template":"","meta":{"_acf_changed":false,"_mi_skip_tracking":false,"_monsterinsights_sitenote_active":false,"_monsterinsights_sitenote_note":"","_monsterinsights_sitenote_category":0},"product_cat":[242],"product_tag":[],"acf":[],"yoast_head":"<!-- This site is optimized with the Yoast SEO plugin v22.7 - https:\/\/yoast.com\/wordpress\/plugins\/seo\/ -->\n<title>Non-Return Valve NRV | Fernco<\/title>\n<meta name=\"description\" content=\"Fernco&#039;s Non-return valves allow sewer or surface water to freely flow in the direction of the systems mains but block backflow from flooding and clogging.\" \/>\n<meta name=\"robots\" content=\"index, follow, max-snippet:-1, max-image-preview:large, max-video-preview:-1\" \/>\n<link rel=\"canonical\" href=\"https:\/\/www.fernco.de\/en\/product\/non-return-valves\" \/>\n<meta property=\"og:locale\" content=\"en_US\" \/>\n<meta property=\"og:type\" content=\"article\" \/>\n<meta property=\"og:title\" content=\"Non-Return Valve NRV | Fernco\" \/>\n<meta property=\"og:description\" content=\"Fernco&#039;s Non-return valves allow sewer or surface water to freely flow in the direction of the systems mains but block backflow from flooding and clogging.\" \/>\n<meta property=\"og:url\" content=\"https:\/\/www.fernco.de\/en\/product\/non-return-valves\" \/>\n<meta property=\"og:site_name\" content=\"Fernco\" \/>\n<meta property=\"article:publisher\" content=\"https:\/\/www.facebook.com\/Flexseal\" \/>\n<meta property=\"article:modified_time\" content=\"2024-08-01T11:03:46+00:00\" \/>\n<meta property=\"og:image\" content=\"https:\/\/www.fernco.de\/wp-content\/uploads\/2019\/04\/Rueckstauventil_detail-1.png\" \/>\n\t<meta property=\"og:image:width\" content=\"500\" \/>\n\t<meta property=\"og:image:height\" content=\"281\" \/>\n\t<meta property=\"og:image:type\" content=\"image\/png\" \/>\n<meta name=\"twitter:card\" content=\"summary_large_image\" \/>\n<meta name=\"twitter:site\" content=\"@FlexsealUK\" \/>\n<meta name=\"twitter:label1\" content=\"Est. reading time\" \/>\n\t<meta name=\"twitter:data1\" content=\"2 minutes\" \/>\n<script type=\"application\/ld+json\" class=\"yoast-schema-graph\">{\"@context\":\"https:\/\/schema.org\",\"@graph\":[{\"@type\":\"WebPage\",\"@id\":\"https:\/\/www.fernco.de\/en\/product\/non-return-valves\",\"url\":\"https:\/\/www.fernco.de\/en\/product\/non-return-valves\",\"name\":\"Non-Return Valve NRV | Fernco\",\"isPartOf\":{\"@id\":\"https:\/\/www.fernco.de\/en\/#website\"},\"primaryImageOfPage\":{\"@id\":\"https:\/\/www.fernco.de\/en\/product\/non-return-valves#primaryimage\"},\"image\":{\"@id\":\"https:\/\/www.fernco.de\/en\/product\/non-return-valves#primaryimage\"},\"thumbnailUrl\":\"https:\/\/www.fernco.de\/wp-content\/uploads\/2019\/04\/Rueckstauventil_detail-1.png\",\"datePublished\":\"2019-04-26T13:15:33+00:00\",\"dateModified\":\"2024-08-01T11:03:46+00:00\",\"description\":\"Fernco's Non-return valves allow sewer or surface water to freely flow in the direction of the systems mains but block backflow from flooding and clogging.\",\"breadcrumb\":{\"@id\":\"https:\/\/www.fernco.de\/en\/product\/non-return-valves#breadcrumb\"},\"inLanguage\":\"en-US\",\"potentialAction\":[{\"@type\":\"ReadAction\",\"target\":[\"https:\/\/www.fernco.de\/en\/product\/non-return-valves\"]}]},{\"@type\":\"ImageObject\",\"inLanguage\":\"en-US\",\"@id\":\"https:\/\/www.fernco.de\/en\/product\/non-return-valves#primaryimage\",\"url\":\"https:\/\/www.fernco.de\/wp-content\/uploads\/2019\/04\/Rueckstauventil_detail-1.png\",\"contentUrl\":\"https:\/\/www.fernco.de\/wp-content\/uploads\/2019\/04\/Rueckstauventil_detail-1.png\",\"width\":500,\"height\":281},{\"@type\":\"BreadcrumbList\",\"@id\":\"https:\/\/www.fernco.de\/en\/product\/non-return-valves#breadcrumb\",\"itemListElement\":[{\"@type\":\"ListItem\",\"position\":1,\"name\":\"Home\",\"item\":\"https:\/\/www.fernco.de\/en\"},{\"@type\":\"ListItem\",\"position\":2,\"name\":\"Products\",\"item\":\"https:\/\/www.fernco.de\/en\/shop\"},{\"@type\":\"ListItem\",\"position\":3,\"name\":\"Non-Return Valve NRV\"}]},{\"@type\":\"WebSite\",\"@id\":\"https:\/\/www.fernco.de\/en\/#website\",\"url\":\"https:\/\/www.fernco.de\/en\/\",\"name\":\"Fernco\",\"description\":\"Flexible Couplings, Drainage &amp; Plumbing Systems\",\"publisher\":{\"@id\":\"https:\/\/www.fernco.de\/en\/#organization\"},\"potentialAction\":[{\"@type\":\"SearchAction\",\"target\":{\"@type\":\"EntryPoint\",\"urlTemplate\":\"https:\/\/www.fernco.de\/en\/?s={search_term_string}\"},\"query-input\":\"required name=search_term_string\"}],\"inLanguage\":\"en-US\"},{\"@type\":\"Organization\",\"@id\":\"https:\/\/www.fernco.de\/en\/#organization\",\"name\":\"Fernco GmbH\",\"alternateName\":\"Fernco\",\"url\":\"https:\/\/www.fernco.de\/en\/\",\"logo\":{\"@type\":\"ImageObject\",\"inLanguage\":\"en-US\",\"@id\":\"https:\/\/www.fernco.de\/en\/#\/schema\/logo\/image\/\",\"url\":\"https:\/\/www.fernco.de\/wp-content\/uploads\/2022\/06\/fernco-logo.png\",\"contentUrl\":\"https:\/\/www.fernco.de\/wp-content\/uploads\/2022\/06\/fernco-logo.png\",\"width\":287,\"height\":50,\"caption\":\"Fernco GmbH\"},\"image\":{\"@id\":\"https:\/\/www.fernco.de\/en\/#\/schema\/logo\/image\/\"},\"sameAs\":[\"https:\/\/www.facebook.com\/Flexseal\",\"https:\/\/x.com\/FlexsealUK\"]}]}<\/script>\n<!-- \/ Yoast SEO plugin. -->","yoast_head_json":{"title":"Non-Return Valve NRV | Fernco","description":"Fernco's Non-return valves allow sewer or surface water to freely flow in the direction of the systems mains but block backflow from flooding and clogging.","robots":{"index":"index","follow":"follow","max-snippet":"max-snippet:-1","max-image-preview":"max-image-preview:large","max-video-preview":"max-video-preview:-1"},"canonical":"https:\/\/www.fernco.de\/en\/product\/non-return-valves","og_locale":"en_US","og_type":"article","og_title":"Non-Return Valve NRV | Fernco","og_description":"Fernco's Non-return valves allow sewer or surface water to freely flow in the direction of the systems mains but block backflow from flooding and clogging.","og_url":"https:\/\/www.fernco.de\/en\/product\/non-return-valves","og_site_name":"Fernco","article_publisher":"https:\/\/www.facebook.com\/Flexseal","article_modified_time":"2024-08-01T11:03:46+00:00","og_image":[{"width":500,"height":281,"url":"https:\/\/www.fernco.de\/wp-content\/uploads\/2019\/04\/Rueckstauventil_detail-1.png","type":"image\/png"}],"twitter_card":"summary_large_image","twitter_site":"@FlexsealUK","twitter_misc":{"Est. reading time":"2 minutes"},"schema":{"@context":"https:\/\/schema.org","@graph":[{"@type":"WebPage","@id":"https:\/\/www.fernco.de\/en\/product\/non-return-valves","url":"https:\/\/www.fernco.de\/en\/product\/non-return-valves","name":"Non-Return Valve NRV | Fernco","isPartOf":{"@id":"https:\/\/www.fernco.de\/en\/#website"},"primaryImageOfPage":{"@id":"https:\/\/www.fernco.de\/en\/product\/non-return-valves#primaryimage"},"image":{"@id":"https:\/\/www.fernco.de\/en\/product\/non-return-valves#primaryimage"},"thumbnailUrl":"https:\/\/www.fernco.de\/wp-content\/uploads\/2019\/04\/Rueckstauventil_detail-1.png","datePublished":"2019-04-26T13:15:33+00:00","dateModified":"2024-08-01T11:03:46+00:00","description":"Fernco's Non-return valves allow sewer or surface water to freely flow in the direction of the systems mains but block backflow from flooding and clogging.","breadcrumb":{"@id":"https:\/\/www.fernco.de\/en\/product\/non-return-valves#breadcrumb"},"inLanguage":"en-US","potentialAction":[{"@type":"ReadAction","target":["https:\/\/www.fernco.de\/en\/product\/non-return-valves"]}]},{"@type":"ImageObject","inLanguage":"en-US","@id":"https:\/\/www.fernco.de\/en\/product\/non-return-valves#primaryimage","url":"https:\/\/www.fernco.de\/wp-content\/uploads\/2019\/04\/Rueckstauventil_detail-1.png","contentUrl":"https:\/\/www.fernco.de\/wp-content\/uploads\/2019\/04\/Rueckstauventil_detail-1.png","width":500,"height":281},{"@type":"BreadcrumbList","@id":"https:\/\/www.fernco.de\/en\/product\/non-return-valves#breadcrumb","itemListElement":[{"@type":"ListItem","position":1,"name":"Home","item":"https:\/\/www.fernco.de\/en"},{"@type":"ListItem","position":2,"name":"Products","item":"https:\/\/www.fernco.de\/en\/shop"},{"@type":"ListItem","position":3,"name":"Non-Return Valve NRV"}]},{"@type":"WebSite","@id":"https:\/\/www.fernco.de\/en\/#website","url":"https:\/\/www.fernco.de\/en\/","name":"Fernco","description":"Flexible Couplings, Drainage &amp; Plumbing Systems","publisher":{"@id":"https:\/\/www.fernco.de\/en\/#organization"},"potentialAction":[{"@type":"SearchAction","target":{"@type":"EntryPoint","urlTemplate":"https:\/\/www.fernco.de\/en\/?s={search_term_string}"},"query-input":"required name=search_term_string"}],"inLanguage":"en-US"},{"@type":"Organization","@id":"https:\/\/www.fernco.de\/en\/#organization","name":"Fernco GmbH","alternateName":"Fernco","url":"https:\/\/www.fernco.de\/en\/","logo":{"@type":"ImageObject","inLanguage":"en-US","@id":"https:\/\/www.fernco.de\/en\/#\/schema\/logo\/image\/","url":"https:\/\/www.fernco.de\/wp-content\/uploads\/2022\/06\/fernco-logo.png","contentUrl":"https:\/\/www.fernco.de\/wp-content\/uploads\/2022\/06\/fernco-logo.png","width":287,"height":50,"caption":"Fernco GmbH"},"image":{"@id":"https:\/\/www.fernco.de\/en\/#\/schema\/logo\/image\/"},"sameAs":["https:\/\/www.facebook.com\/Flexseal","https:\/\/x.com\/FlexsealUK"]}]}},"_links":{"self":[{"href":"https:\/\/www.fernco.de\/en\/wp-json\/wp\/v2\/product\/19904"}],"collection":[{"href":"https:\/\/www.fernco.de\/en\/wp-json\/wp\/v2\/product"}],"about":[{"href":"https:\/\/www.fernco.de\/en\/wp-json\/wp\/v2\/types\/product"}],"wp:featuredmedia":[{"embeddable":true,"href":"https:\/\/www.fernco.de\/en\/wp-json\/wp\/v2\/media\/27261"}],"wp:attachment":[{"href":"https:\/\/www.fernco.de\/en\/wp-json\/wp\/v2\/media?parent=19904"}],"wp:term":[{"taxonomy":"product_cat","embeddable":true,"href":"https:\/\/www.fernco.de\/en\/wp-json\/wp\/v2\/product_cat?post=19904"},{"taxonomy":"product_tag","embeddable":true,"href":"https:\/\/www.fernco.de\/en\/wp-json\/wp\/v2\/product_tag?post=19904"}],"curies":[{"name":"wp","href":"https:\/\/api.w.org\/{rel}","templated":true}]}}