{"id":19909,"date":"2019-04-26T14:21:55","date_gmt":"2019-04-26T13:21:55","guid":{"rendered":"https:\/\/www.fernco.de\/?post_type=product&#038;p=19909"},"modified":"2025-01-29T11:34:19","modified_gmt":"2025-01-29T11:34:19","slug":"penstocks","status":"publish","type":"product","link":"https:\/\/www.fernco.de\/en\/product\/penstocks","title":{"rendered":"Penstock PS"},"content":{"rendered":"<p>PS100 PS150 PS200 PS250 PS300 PS400 PS500 PS600<br \/>\nPSTK PSGB PSHW PSES500 PSES750 PSES1000 PSES1500 PSES2000 PSES2500 PSES3000 PSES3500 PSES4000<br \/>\nAbsperrschieber Penstocks Vannes Murales \u00e0 Guillotine Zasuwa no\u017cowa<\/p>\n<p>T-Schl\u00fcssel F\u00fchrungsb\u00fcgel Wandhalterung Verl\u00e4ngerungsspindel Handrad chemische Verankerungselemente<br \/>\nAbsperrschieber Wasser Abwassersysteme PS schwarz Edelstahl UV-stabil korrosionsbest\u00e4ndig<br \/>\nWasserstra\u00dfen Kraftwerke Industrieabwasseranlagen Wasserkraftwerke Kl\u00e4ranlagen Entw\u00e4sserungsanlagen Hochwasserschutz<br \/>\nEdelstahl V2A (1.4301) V4A (1.4404) HMPE HDPE PTFE POM Bronze<br \/>\nT-key guide bracket wall bracket extension spindle handwheel chemical anchoring elements<br \/>\ngate valves water sewage systems PS black stainless steel UV-stable corrosion resistant<br \/>\nwaterways power plants industrial waste water systems hydroelectric power plants sewage treatment plants drainage systems flood protection<br \/>\nCl\u00e9 en T support de guidage support mural tige d&#8217;extension volant manuel \u00e9l\u00e9ments d&#8217;ancrage chimique<br \/>\nrobinets-vannes eau syst\u00e8mes d&#8217;assainissement PS noir acier inoxydable stable aux UV r\u00e9sistant \u00e0 la corrosion<br \/>\nvoies navigables centrales \u00e9lectriques syst\u00e8mes de traitement des eaux us\u00e9es industrielles centrales hydro\u00e9lectriques stations d&#8217;\u00e9puration syst\u00e8mes de drainage protection contre les inondations<br \/>\nklucz T wspornik prowadnicy wspornik \u015bcienny przed\u0142u\u017cenie wrzeciona pokr\u0119t\u0142o chemiczne elementy kotwi\u0105ce<br \/>\nzasuwy wodoci\u0105gi kanalizacja PS stal nierdzewna czarna odporna na promieniowanie UV odporna na korozj\u0119<br \/>\ndrogi wodne elektrownie przemys\u0142owe systemy \u015bciekowe elektrownie wodne oczyszczalnie \u015bciek\u00f3w systemy odwadniaj\u0105ce ochrona przeciwpowodziowa<\/p>\n<p>V2A 1.4301 304 W4 Edelstahl Stahl rostfrei Metall Stainless steel Metal rust free Acier inoxydable M\u00e9tal Stal Nierdzwena<br \/>\nV4A 1.4404 1.4401 316 W5 Edelstahl Stahl rostfrei Metall seewasser best\u00e4ndig salzwasser meer k\u00fcsten schiffahrt coast sea ocean salt water ship shipping r\u00e9sistant \u00e0 l&#8217;eau de mer eau sal\u00e9e navigation Stal Nierdzewna Odporna<br \/>\nHMPE HDPE PTFE POM Bronze<br \/>\nsilber silver srebrny<br \/>\nschwarz black noir czarny<\/p>\n","protected":false},"excerpt":{"rendered":"<p>The Fernco HDPE Penstocks provide a high strength, easy to install solution to control the flow of water and wastewater.<\/p>\n<ul>\n<li>Lightweight range of penstocks<\/li>\n<li>Available \u2013 wall, side wall or channel mounted<\/li>\n<li>Easy and quick installation \u2013 no need for grout between frame and wall<\/li>\n<li>Materials are corrosion resistant<\/li>\n<li>Robust and rigid construction<\/li>\n<li>UV stable<\/li>\n<li>Fully recyclable<\/li>\n<li>Little to no maintenance required<\/li>\n<li>Manufactured to DIN. 19569-4 class 5<\/li>\n<\/ul>\n","protected":false},"featured_media":20844,"template":"","meta":{"_acf_changed":false,"_mi_skip_tracking":false,"_monsterinsights_sitenote_active":false,"_monsterinsights_sitenote_note":"","_monsterinsights_sitenote_category":0},"product_cat":[242],"product_tag":[],"acf":[],"yoast_head":"<!-- This site is optimized with the Yoast SEO plugin v22.7 - https:\/\/yoast.com\/wordpress\/plugins\/seo\/ -->\n<title>Penstock PS | Fernco<\/title>\n<meta name=\"description\" content=\"Fernco HDPE penstocks provide a high-strength, easy-to-install solution for controlling water and wastewater flow.\" \/>\n<meta name=\"robots\" content=\"index, follow, max-snippet:-1, max-image-preview:large, max-video-preview:-1\" \/>\n<link rel=\"canonical\" href=\"https:\/\/www.fernco.de\/en\/product\/penstocks\" \/>\n<meta property=\"og:locale\" content=\"en_US\" \/>\n<meta property=\"og:type\" content=\"article\" \/>\n<meta property=\"og:title\" content=\"Penstock PS | Fernco\" \/>\n<meta property=\"og:description\" content=\"Fernco HDPE penstocks provide a high-strength, easy-to-install solution for controlling water and wastewater flow.\" \/>\n<meta property=\"og:url\" content=\"https:\/\/www.fernco.de\/en\/product\/penstocks\" \/>\n<meta property=\"og:site_name\" content=\"Fernco\" \/>\n<meta property=\"article:publisher\" content=\"https:\/\/www.facebook.com\/Flexseal\" \/>\n<meta property=\"article:modified_time\" content=\"2025-01-29T11:34:19+00:00\" \/>\n<meta property=\"og:image\" content=\"https:\/\/www.fernco.de\/wp-content\/uploads\/2020\/01\/Penstocks-Isolated.png\" \/>\n\t<meta property=\"og:image:width\" content=\"800\" \/>\n\t<meta property=\"og:image:height\" content=\"450\" \/>\n\t<meta property=\"og:image:type\" content=\"image\/png\" \/>\n<meta name=\"twitter:card\" content=\"summary_large_image\" \/>\n<meta name=\"twitter:site\" content=\"@FlexsealUK\" \/>\n<meta name=\"twitter:label1\" content=\"Est. reading time\" \/>\n\t<meta name=\"twitter:data1\" content=\"2 minutes\" \/>\n<script type=\"application\/ld+json\" class=\"yoast-schema-graph\">{\"@context\":\"https:\/\/schema.org\",\"@graph\":[{\"@type\":\"WebPage\",\"@id\":\"https:\/\/www.fernco.de\/en\/product\/penstocks\",\"url\":\"https:\/\/www.fernco.de\/en\/product\/penstocks\",\"name\":\"Penstock PS | Fernco\",\"isPartOf\":{\"@id\":\"https:\/\/www.fernco.de\/en\/#website\"},\"primaryImageOfPage\":{\"@id\":\"https:\/\/www.fernco.de\/en\/product\/penstocks#primaryimage\"},\"image\":{\"@id\":\"https:\/\/www.fernco.de\/en\/product\/penstocks#primaryimage\"},\"thumbnailUrl\":\"https:\/\/www.fernco.de\/wp-content\/uploads\/2020\/01\/Penstocks-Isolated.png\",\"datePublished\":\"2019-04-26T13:21:55+00:00\",\"dateModified\":\"2025-01-29T11:34:19+00:00\",\"description\":\"Fernco HDPE penstocks provide a high-strength, easy-to-install solution for controlling water and wastewater flow.\",\"breadcrumb\":{\"@id\":\"https:\/\/www.fernco.de\/en\/product\/penstocks#breadcrumb\"},\"inLanguage\":\"en-US\",\"potentialAction\":[{\"@type\":\"ReadAction\",\"target\":[\"https:\/\/www.fernco.de\/en\/product\/penstocks\"]}]},{\"@type\":\"ImageObject\",\"inLanguage\":\"en-US\",\"@id\":\"https:\/\/www.fernco.de\/en\/product\/penstocks#primaryimage\",\"url\":\"https:\/\/www.fernco.de\/wp-content\/uploads\/2020\/01\/Penstocks-Isolated.png\",\"contentUrl\":\"https:\/\/www.fernco.de\/wp-content\/uploads\/2020\/01\/Penstocks-Isolated.png\",\"width\":800,\"height\":450,\"caption\":\"Flexseal Penstocks\"},{\"@type\":\"BreadcrumbList\",\"@id\":\"https:\/\/www.fernco.de\/en\/product\/penstocks#breadcrumb\",\"itemListElement\":[{\"@type\":\"ListItem\",\"position\":1,\"name\":\"Home\",\"item\":\"https:\/\/www.fernco.de\/en\"},{\"@type\":\"ListItem\",\"position\":2,\"name\":\"Products\",\"item\":\"https:\/\/www.fernco.de\/en\/shop\"},{\"@type\":\"ListItem\",\"position\":3,\"name\":\"Penstock PS\"}]},{\"@type\":\"WebSite\",\"@id\":\"https:\/\/www.fernco.de\/en\/#website\",\"url\":\"https:\/\/www.fernco.de\/en\/\",\"name\":\"Fernco\",\"description\":\"Flexible Couplings, Drainage &amp; Plumbing Systems\",\"publisher\":{\"@id\":\"https:\/\/www.fernco.de\/en\/#organization\"},\"potentialAction\":[{\"@type\":\"SearchAction\",\"target\":{\"@type\":\"EntryPoint\",\"urlTemplate\":\"https:\/\/www.fernco.de\/en\/?s={search_term_string}\"},\"query-input\":\"required name=search_term_string\"}],\"inLanguage\":\"en-US\"},{\"@type\":\"Organization\",\"@id\":\"https:\/\/www.fernco.de\/en\/#organization\",\"name\":\"Fernco GmbH\",\"alternateName\":\"Fernco\",\"url\":\"https:\/\/www.fernco.de\/en\/\",\"logo\":{\"@type\":\"ImageObject\",\"inLanguage\":\"en-US\",\"@id\":\"https:\/\/www.fernco.de\/en\/#\/schema\/logo\/image\/\",\"url\":\"https:\/\/www.fernco.de\/wp-content\/uploads\/2022\/06\/fernco-logo.png\",\"contentUrl\":\"https:\/\/www.fernco.de\/wp-content\/uploads\/2022\/06\/fernco-logo.png\",\"width\":287,\"height\":50,\"caption\":\"Fernco GmbH\"},\"image\":{\"@id\":\"https:\/\/www.fernco.de\/en\/#\/schema\/logo\/image\/\"},\"sameAs\":[\"https:\/\/www.facebook.com\/Flexseal\",\"https:\/\/x.com\/FlexsealUK\"]}]}<\/script>\n<!-- \/ Yoast SEO plugin. -->","yoast_head_json":{"title":"Penstock PS | Fernco","description":"Fernco HDPE penstocks provide a high-strength, easy-to-install solution for controlling water and wastewater flow.","robots":{"index":"index","follow":"follow","max-snippet":"max-snippet:-1","max-image-preview":"max-image-preview:large","max-video-preview":"max-video-preview:-1"},"canonical":"https:\/\/www.fernco.de\/en\/product\/penstocks","og_locale":"en_US","og_type":"article","og_title":"Penstock PS | Fernco","og_description":"Fernco HDPE penstocks provide a high-strength, easy-to-install solution for controlling water and wastewater flow.","og_url":"https:\/\/www.fernco.de\/en\/product\/penstocks","og_site_name":"Fernco","article_publisher":"https:\/\/www.facebook.com\/Flexseal","article_modified_time":"2025-01-29T11:34:19+00:00","og_image":[{"width":800,"height":450,"url":"https:\/\/www.fernco.de\/wp-content\/uploads\/2020\/01\/Penstocks-Isolated.png","type":"image\/png"}],"twitter_card":"summary_large_image","twitter_site":"@FlexsealUK","twitter_misc":{"Est. reading time":"2 minutes"},"schema":{"@context":"https:\/\/schema.org","@graph":[{"@type":"WebPage","@id":"https:\/\/www.fernco.de\/en\/product\/penstocks","url":"https:\/\/www.fernco.de\/en\/product\/penstocks","name":"Penstock PS | Fernco","isPartOf":{"@id":"https:\/\/www.fernco.de\/en\/#website"},"primaryImageOfPage":{"@id":"https:\/\/www.fernco.de\/en\/product\/penstocks#primaryimage"},"image":{"@id":"https:\/\/www.fernco.de\/en\/product\/penstocks#primaryimage"},"thumbnailUrl":"https:\/\/www.fernco.de\/wp-content\/uploads\/2020\/01\/Penstocks-Isolated.png","datePublished":"2019-04-26T13:21:55+00:00","dateModified":"2025-01-29T11:34:19+00:00","description":"Fernco HDPE penstocks provide a high-strength, easy-to-install solution for controlling water and wastewater flow.","breadcrumb":{"@id":"https:\/\/www.fernco.de\/en\/product\/penstocks#breadcrumb"},"inLanguage":"en-US","potentialAction":[{"@type":"ReadAction","target":["https:\/\/www.fernco.de\/en\/product\/penstocks"]}]},{"@type":"ImageObject","inLanguage":"en-US","@id":"https:\/\/www.fernco.de\/en\/product\/penstocks#primaryimage","url":"https:\/\/www.fernco.de\/wp-content\/uploads\/2020\/01\/Penstocks-Isolated.png","contentUrl":"https:\/\/www.fernco.de\/wp-content\/uploads\/2020\/01\/Penstocks-Isolated.png","width":800,"height":450,"caption":"Flexseal Penstocks"},{"@type":"BreadcrumbList","@id":"https:\/\/www.fernco.de\/en\/product\/penstocks#breadcrumb","itemListElement":[{"@type":"ListItem","position":1,"name":"Home","item":"https:\/\/www.fernco.de\/en"},{"@type":"ListItem","position":2,"name":"Products","item":"https:\/\/www.fernco.de\/en\/shop"},{"@type":"ListItem","position":3,"name":"Penstock PS"}]},{"@type":"WebSite","@id":"https:\/\/www.fernco.de\/en\/#website","url":"https:\/\/www.fernco.de\/en\/","name":"Fernco","description":"Flexible Couplings, Drainage &amp; Plumbing Systems","publisher":{"@id":"https:\/\/www.fernco.de\/en\/#organization"},"potentialAction":[{"@type":"SearchAction","target":{"@type":"EntryPoint","urlTemplate":"https:\/\/www.fernco.de\/en\/?s={search_term_string}"},"query-input":"required name=search_term_string"}],"inLanguage":"en-US"},{"@type":"Organization","@id":"https:\/\/www.fernco.de\/en\/#organization","name":"Fernco GmbH","alternateName":"Fernco","url":"https:\/\/www.fernco.de\/en\/","logo":{"@type":"ImageObject","inLanguage":"en-US","@id":"https:\/\/www.fernco.de\/en\/#\/schema\/logo\/image\/","url":"https:\/\/www.fernco.de\/wp-content\/uploads\/2022\/06\/fernco-logo.png","contentUrl":"https:\/\/www.fernco.de\/wp-content\/uploads\/2022\/06\/fernco-logo.png","width":287,"height":50,"caption":"Fernco GmbH"},"image":{"@id":"https:\/\/www.fernco.de\/en\/#\/schema\/logo\/image\/"},"sameAs":["https:\/\/www.facebook.com\/Flexseal","https:\/\/x.com\/FlexsealUK"]}]}},"_links":{"self":[{"href":"https:\/\/www.fernco.de\/en\/wp-json\/wp\/v2\/product\/19909"}],"collection":[{"href":"https:\/\/www.fernco.de\/en\/wp-json\/wp\/v2\/product"}],"about":[{"href":"https:\/\/www.fernco.de\/en\/wp-json\/wp\/v2\/types\/product"}],"wp:featuredmedia":[{"embeddable":true,"href":"https:\/\/www.fernco.de\/en\/wp-json\/wp\/v2\/media\/20844"}],"wp:attachment":[{"href":"https:\/\/www.fernco.de\/en\/wp-json\/wp\/v2\/media?parent=19909"}],"wp:term":[{"taxonomy":"product_cat","embeddable":true,"href":"https:\/\/www.fernco.de\/en\/wp-json\/wp\/v2\/product_cat?post=19909"},{"taxonomy":"product_tag","embeddable":true,"href":"https:\/\/www.fernco.de\/en\/wp-json\/wp\/v2\/product_tag?post=19909"}],"curies":[{"name":"wp","href":"https:\/\/api.w.org\/{rel}","templated":true}]}}