{"id":19914,"date":"2019-04-26T14:33:37","date_gmt":"2019-04-26T13:33:37","guid":{"rendered":"https:\/\/www.fernco.de\/?post_type=product&#038;p=19914"},"modified":"2025-01-31T13:23:30","modified_gmt":"2025-01-31T13:23:30","slug":"access-point","status":"publish","type":"product","link":"https:\/\/www.fernco.de\/en\/product\/access-point","title":{"rendered":"Access Point AP"},"content":{"rendered":"<p>Rohrverschluss access point obturateur de tuyau point d\u2019acc\u00e8s zamkni\u0119cie rurowe<br \/>\nPDCCTV AP AP54-KIT PDCCTVKit AP54-10 PDCCTV10 AP54-20 PDCCTV20 AP54-500 PDCCTV500<\/p>\n<p>wiederverwenden wiederverwendbar reuse reusable r\u00e9utiliser r\u00e9utilisable r\u00e9utilisable wielorazowy wielorazowego u\u017cytku<br \/>\nrenigung revision pr\u00fcfen maintenance cleaning Abwasser sewage Regenrohr rain water pipes r\u00e9fection r\u00e9vision contr\u00f4le maintenance nettoyage eaux us\u00e9es acess maintenance opening inspection curage<\/p>\n<p>DN70 DN100 DN150<\/p>\n<p>Gummi rubber Caoutchouc black schwarz noir czarny<br \/>\nEloastomere Caoutchouc \u00c9lastom\u00e8re r\u00e9sistant Guma Elastomery Odporne na promieniowanie<\/p>\n","protected":false},"excerpt":{"rendered":"<p>The Fernco Access Point is ideally suited as an inspection or cleaning opening or as a repair seal for pressureless waste water and rainwater pipes of 70, 100 or 150 mm outer diameter and a wall thickness of up to 7 mm.<\/p>\n<p><strong>Benefits:<\/strong><\/p>\n<ul>\n<li>Creates a professional and tidy finish<\/li>\n<li>Quick and easy installation<\/li>\n<li>Can be removed and refitted<\/li>\n<li>Withstands up to 1 bar<\/li>\n<li>Pre-assembled for direct insertion into the host pipe<\/li>\n<\/ul>\n","protected":false},"featured_media":20846,"template":"","meta":{"_acf_changed":false,"_mi_skip_tracking":false,"_monsterinsights_sitenote_active":false,"_monsterinsights_sitenote_note":"","_monsterinsights_sitenote_category":0},"product_cat":[236],"product_tag":[],"acf":[],"yoast_head":"<!-- This site is optimized with the Yoast SEO plugin v22.7 - https:\/\/yoast.com\/wordpress\/plugins\/seo\/ -->\n<title>Access Point AP | Fernco<\/title>\n<meta name=\"description\" content=\"The ideal solution for inspection, cleaning, and repairs in wastewater and rainwater pipes. Quick installation, removable &amp; refittable!\" \/>\n<meta name=\"robots\" content=\"index, follow, max-snippet:-1, max-image-preview:large, max-video-preview:-1\" \/>\n<link rel=\"canonical\" href=\"https:\/\/www.fernco.de\/en\/product\/access-point\" \/>\n<meta property=\"og:locale\" content=\"en_US\" \/>\n<meta property=\"og:type\" content=\"article\" \/>\n<meta property=\"og:title\" content=\"Access Point AP | Fernco\" \/>\n<meta property=\"og:description\" content=\"The ideal solution for inspection, cleaning, and repairs in wastewater and rainwater pipes. Quick installation, removable &amp; refittable!\" \/>\n<meta property=\"og:url\" content=\"https:\/\/www.fernco.de\/en\/product\/access-point\" \/>\n<meta property=\"og:site_name\" content=\"Fernco\" \/>\n<meta property=\"article:publisher\" content=\"https:\/\/www.facebook.com\/Flexseal\" \/>\n<meta property=\"article:modified_time\" content=\"2025-01-31T13:23:30+00:00\" \/>\n<meta property=\"og:image\" content=\"https:\/\/www.fernco.de\/wp-content\/uploads\/2020\/01\/Access-Point-Isolated-1.jpg\" \/>\n\t<meta property=\"og:image:width\" content=\"700\" \/>\n\t<meta property=\"og:image:height\" content=\"394\" \/>\n\t<meta property=\"og:image:type\" content=\"image\/jpeg\" \/>\n<meta name=\"twitter:card\" content=\"summary_large_image\" \/>\n<meta name=\"twitter:site\" content=\"@FlexsealUK\" \/>\n<meta name=\"twitter:label1\" content=\"Est. reading time\" \/>\n\t<meta name=\"twitter:data1\" content=\"1 minute\" \/>\n<script type=\"application\/ld+json\" class=\"yoast-schema-graph\">{\"@context\":\"https:\/\/schema.org\",\"@graph\":[{\"@type\":\"WebPage\",\"@id\":\"https:\/\/www.fernco.de\/en\/product\/access-point\",\"url\":\"https:\/\/www.fernco.de\/en\/product\/access-point\",\"name\":\"Access Point AP | Fernco\",\"isPartOf\":{\"@id\":\"https:\/\/www.fernco.de\/en\/#website\"},\"primaryImageOfPage\":{\"@id\":\"https:\/\/www.fernco.de\/en\/product\/access-point#primaryimage\"},\"image\":{\"@id\":\"https:\/\/www.fernco.de\/en\/product\/access-point#primaryimage\"},\"thumbnailUrl\":\"https:\/\/www.fernco.de\/wp-content\/uploads\/2020\/01\/Access-Point-Isolated-1.jpg\",\"datePublished\":\"2019-04-26T13:33:37+00:00\",\"dateModified\":\"2025-01-31T13:23:30+00:00\",\"description\":\"The ideal solution for inspection, cleaning, and repairs in wastewater and rainwater pipes. Quick installation, removable & refittable!\",\"breadcrumb\":{\"@id\":\"https:\/\/www.fernco.de\/en\/product\/access-point#breadcrumb\"},\"inLanguage\":\"en-US\",\"potentialAction\":[{\"@type\":\"ReadAction\",\"target\":[\"https:\/\/www.fernco.de\/en\/product\/access-point\"]}]},{\"@type\":\"ImageObject\",\"inLanguage\":\"en-US\",\"@id\":\"https:\/\/www.fernco.de\/en\/product\/access-point#primaryimage\",\"url\":\"https:\/\/www.fernco.de\/wp-content\/uploads\/2020\/01\/Access-Point-Isolated-1.jpg\",\"contentUrl\":\"https:\/\/www.fernco.de\/wp-content\/uploads\/2020\/01\/Access-Point-Isolated-1.jpg\",\"width\":700,\"height\":394,\"caption\":\"Flexseal Access Points\"},{\"@type\":\"BreadcrumbList\",\"@id\":\"https:\/\/www.fernco.de\/en\/product\/access-point#breadcrumb\",\"itemListElement\":[{\"@type\":\"ListItem\",\"position\":1,\"name\":\"Home\",\"item\":\"https:\/\/www.fernco.de\/en\"},{\"@type\":\"ListItem\",\"position\":2,\"name\":\"Products\",\"item\":\"https:\/\/www.fernco.de\/en\/shop\"},{\"@type\":\"ListItem\",\"position\":3,\"name\":\"Access Point AP\"}]},{\"@type\":\"WebSite\",\"@id\":\"https:\/\/www.fernco.de\/en\/#website\",\"url\":\"https:\/\/www.fernco.de\/en\/\",\"name\":\"Fernco\",\"description\":\"Flexible Couplings, Drainage &amp; Plumbing Systems\",\"publisher\":{\"@id\":\"https:\/\/www.fernco.de\/en\/#organization\"},\"potentialAction\":[{\"@type\":\"SearchAction\",\"target\":{\"@type\":\"EntryPoint\",\"urlTemplate\":\"https:\/\/www.fernco.de\/en\/?s={search_term_string}\"},\"query-input\":\"required name=search_term_string\"}],\"inLanguage\":\"en-US\"},{\"@type\":\"Organization\",\"@id\":\"https:\/\/www.fernco.de\/en\/#organization\",\"name\":\"Fernco GmbH\",\"alternateName\":\"Fernco\",\"url\":\"https:\/\/www.fernco.de\/en\/\",\"logo\":{\"@type\":\"ImageObject\",\"inLanguage\":\"en-US\",\"@id\":\"https:\/\/www.fernco.de\/en\/#\/schema\/logo\/image\/\",\"url\":\"https:\/\/www.fernco.de\/wp-content\/uploads\/2022\/06\/fernco-logo.png\",\"contentUrl\":\"https:\/\/www.fernco.de\/wp-content\/uploads\/2022\/06\/fernco-logo.png\",\"width\":287,\"height\":50,\"caption\":\"Fernco GmbH\"},\"image\":{\"@id\":\"https:\/\/www.fernco.de\/en\/#\/schema\/logo\/image\/\"},\"sameAs\":[\"https:\/\/www.facebook.com\/Flexseal\",\"https:\/\/x.com\/FlexsealUK\"]}]}<\/script>\n<!-- \/ Yoast SEO plugin. -->","yoast_head_json":{"title":"Access Point AP | Fernco","description":"The ideal solution for inspection, cleaning, and repairs in wastewater and rainwater pipes. Quick installation, removable & refittable!","robots":{"index":"index","follow":"follow","max-snippet":"max-snippet:-1","max-image-preview":"max-image-preview:large","max-video-preview":"max-video-preview:-1"},"canonical":"https:\/\/www.fernco.de\/en\/product\/access-point","og_locale":"en_US","og_type":"article","og_title":"Access Point AP | Fernco","og_description":"The ideal solution for inspection, cleaning, and repairs in wastewater and rainwater pipes. Quick installation, removable & refittable!","og_url":"https:\/\/www.fernco.de\/en\/product\/access-point","og_site_name":"Fernco","article_publisher":"https:\/\/www.facebook.com\/Flexseal","article_modified_time":"2025-01-31T13:23:30+00:00","og_image":[{"width":700,"height":394,"url":"https:\/\/www.fernco.de\/wp-content\/uploads\/2020\/01\/Access-Point-Isolated-1.jpg","type":"image\/jpeg"}],"twitter_card":"summary_large_image","twitter_site":"@FlexsealUK","twitter_misc":{"Est. reading time":"1 minute"},"schema":{"@context":"https:\/\/schema.org","@graph":[{"@type":"WebPage","@id":"https:\/\/www.fernco.de\/en\/product\/access-point","url":"https:\/\/www.fernco.de\/en\/product\/access-point","name":"Access Point AP | Fernco","isPartOf":{"@id":"https:\/\/www.fernco.de\/en\/#website"},"primaryImageOfPage":{"@id":"https:\/\/www.fernco.de\/en\/product\/access-point#primaryimage"},"image":{"@id":"https:\/\/www.fernco.de\/en\/product\/access-point#primaryimage"},"thumbnailUrl":"https:\/\/www.fernco.de\/wp-content\/uploads\/2020\/01\/Access-Point-Isolated-1.jpg","datePublished":"2019-04-26T13:33:37+00:00","dateModified":"2025-01-31T13:23:30+00:00","description":"The ideal solution for inspection, cleaning, and repairs in wastewater and rainwater pipes. Quick installation, removable & refittable!","breadcrumb":{"@id":"https:\/\/www.fernco.de\/en\/product\/access-point#breadcrumb"},"inLanguage":"en-US","potentialAction":[{"@type":"ReadAction","target":["https:\/\/www.fernco.de\/en\/product\/access-point"]}]},{"@type":"ImageObject","inLanguage":"en-US","@id":"https:\/\/www.fernco.de\/en\/product\/access-point#primaryimage","url":"https:\/\/www.fernco.de\/wp-content\/uploads\/2020\/01\/Access-Point-Isolated-1.jpg","contentUrl":"https:\/\/www.fernco.de\/wp-content\/uploads\/2020\/01\/Access-Point-Isolated-1.jpg","width":700,"height":394,"caption":"Flexseal Access Points"},{"@type":"BreadcrumbList","@id":"https:\/\/www.fernco.de\/en\/product\/access-point#breadcrumb","itemListElement":[{"@type":"ListItem","position":1,"name":"Home","item":"https:\/\/www.fernco.de\/en"},{"@type":"ListItem","position":2,"name":"Products","item":"https:\/\/www.fernco.de\/en\/shop"},{"@type":"ListItem","position":3,"name":"Access Point AP"}]},{"@type":"WebSite","@id":"https:\/\/www.fernco.de\/en\/#website","url":"https:\/\/www.fernco.de\/en\/","name":"Fernco","description":"Flexible Couplings, Drainage &amp; Plumbing Systems","publisher":{"@id":"https:\/\/www.fernco.de\/en\/#organization"},"potentialAction":[{"@type":"SearchAction","target":{"@type":"EntryPoint","urlTemplate":"https:\/\/www.fernco.de\/en\/?s={search_term_string}"},"query-input":"required name=search_term_string"}],"inLanguage":"en-US"},{"@type":"Organization","@id":"https:\/\/www.fernco.de\/en\/#organization","name":"Fernco GmbH","alternateName":"Fernco","url":"https:\/\/www.fernco.de\/en\/","logo":{"@type":"ImageObject","inLanguage":"en-US","@id":"https:\/\/www.fernco.de\/en\/#\/schema\/logo\/image\/","url":"https:\/\/www.fernco.de\/wp-content\/uploads\/2022\/06\/fernco-logo.png","contentUrl":"https:\/\/www.fernco.de\/wp-content\/uploads\/2022\/06\/fernco-logo.png","width":287,"height":50,"caption":"Fernco GmbH"},"image":{"@id":"https:\/\/www.fernco.de\/en\/#\/schema\/logo\/image\/"},"sameAs":["https:\/\/www.facebook.com\/Flexseal","https:\/\/x.com\/FlexsealUK"]}]}},"_links":{"self":[{"href":"https:\/\/www.fernco.de\/en\/wp-json\/wp\/v2\/product\/19914"}],"collection":[{"href":"https:\/\/www.fernco.de\/en\/wp-json\/wp\/v2\/product"}],"about":[{"href":"https:\/\/www.fernco.de\/en\/wp-json\/wp\/v2\/types\/product"}],"wp:featuredmedia":[{"embeddable":true,"href":"https:\/\/www.fernco.de\/en\/wp-json\/wp\/v2\/media\/20846"}],"wp:attachment":[{"href":"https:\/\/www.fernco.de\/en\/wp-json\/wp\/v2\/media?parent=19914"}],"wp:term":[{"taxonomy":"product_cat","embeddable":true,"href":"https:\/\/www.fernco.de\/en\/wp-json\/wp\/v2\/product_cat?post=19914"},{"taxonomy":"product_tag","embeddable":true,"href":"https:\/\/www.fernco.de\/en\/wp-json\/wp\/v2\/product_tag?post=19914"}],"curies":[{"name":"wp","href":"https:\/\/api.w.org\/{rel}","templated":true}]}}