{"id":19928,"date":"2019-04-26T15:26:32","date_gmt":"2019-04-26T14:26:32","guid":{"rendered":"https:\/\/www.fernco.de\/?post_type=product&#038;p=19928"},"modified":"2024-08-01T11:08:02","modified_gmt":"2024-08-01T10:08:02","slug":"pow-r-wrap","status":"publish","type":"product","link":"https:\/\/www.fernco.de\/en\/product\/pow-r-wrap","title":{"rendered":"Pow-R Wrap FPW"},"content":{"rendered":"<p>FPW FPW25 FPW80 FPW150 FPW25PL FPW80PL FPW150PL<\/p>\n<p>Rohrbandage Pipe bandage Powrwrap pow r wrap pow-r-wrap repair kit reparaturset kit r\u00e9paration tuyaux endommag\u00e9s besch\u00e4digte Rohre damaged Pipe zestaw naprawczy do rur banda\u017cowanie uszkodzonych rur<br \/>\nKG KG2000 PVC Kunststoffrohre d\u00fcnnwandiges glattes Rohr PVCu plastics pipes Thin-Walled Pipe smooth Tubes en plastique Rury plastikowe cienko\u015bcienne g\u0142adkie<br \/>\nBetonrohre concrete pipes asbestos Tubes en b\u00e9ton Rury betonowe<br \/>\nSML Gussrohre Gusseisen GGG cast ductile iron pipes Tuyaux en fonte Rury \u017celiwne \u017beliwo<\/p>\n<p>Kupfer copper Cuivre Mied\u017a<br \/>\nGummi rubber Caoutchouc guma<br \/>\nKunststoffe plastics Plastiques Tworzywa sztuczne<br \/>\nFiberglas glasfaser fibreglass Fibre de verre w\u0142\u00f3kno szklane<br \/>\nBeton concrete B\u00e9ton<br \/>\nmetall metal m\u00e9tal steel stahl gusseisen acier cuivre<\/p>\n","protected":false},"excerpt":{"rendered":"<p>Pow-R wrap is a strong, permanent and economical repair, which works on virtually every kind of pipe and hose. The wrap can be used on all fluid bearing pipes and hoses including potable water, steam, air, gas, sewerage and fuel hydraulics.\u00a0It\u2019s an easy alternative to traditional methods such as cementing, soldering, welding, sleeving and replacement. The wrap will work on wet, dry, clean, dirty or corroded pipes, and even under water (salt or fresh) and can be sanded and painted if desired.<\/p>\n<p><strong>Repairs virtually any material:<\/strong><\/p>\n<ul>\n<li>Copper<\/li>\n<li>Rubber<\/li>\n<li>Plastics<\/li>\n<li>Fibreglass<\/li>\n<li>PVC Pipe<\/li>\n<li>Galvanised<\/li>\n<li>Concrete<\/li>\n<\/ul>\n<p><a href=\"https:\/\/fernco-shop.eu\/pow-r-wrap.html\" target=\"_blank\" rel=\"Shop noopener now! noreferrer\"><img decoding=\"async\" class=\"alignleft wp-image-24709 size-full\" src=\"https:\/\/www.fernco.de\/wp-content\/uploads\/2021\/02\/ShopNow_Website_EU_1.png\" alt=\"SHOP NOW\" width=\"160\" height=\"60\" \/><\/a><\/p>\n","protected":false},"featured_media":28198,"template":"","meta":{"_acf_changed":false,"_mi_skip_tracking":false,"_monsterinsights_sitenote_active":false,"_monsterinsights_sitenote_note":"","_monsterinsights_sitenote_category":0},"product_cat":[240],"product_tag":[],"acf":[],"yoast_head":"<!-- This site is optimized with the Yoast SEO plugin v22.7 - https:\/\/yoast.com\/wordpress\/plugins\/seo\/ -->\n<title>Pow-R Wrap FPW | Fernco<\/title>\n<meta name=\"description\" content=\"Pow-R Wrap by Fernco is a strong, permanent repair solution suitable for all types of pipe. Alternative to soldering, welding or pipe replacement\" \/>\n<meta name=\"robots\" content=\"index, follow, max-snippet:-1, max-image-preview:large, max-video-preview:-1\" \/>\n<link rel=\"canonical\" href=\"https:\/\/www.fernco.de\/en\/product\/pow-r-wrap\" \/>\n<meta property=\"og:locale\" content=\"en_US\" \/>\n<meta property=\"og:type\" content=\"article\" \/>\n<meta property=\"og:title\" content=\"Pow-R Wrap FPW | Fernco\" \/>\n<meta property=\"og:description\" content=\"Pow-R Wrap by Fernco is a strong, permanent repair solution suitable for all types of pipe. Alternative to soldering, welding or pipe replacement\" \/>\n<meta property=\"og:url\" content=\"https:\/\/www.fernco.de\/en\/product\/pow-r-wrap\" \/>\n<meta property=\"og:site_name\" content=\"Fernco\" \/>\n<meta property=\"article:publisher\" content=\"https:\/\/www.facebook.com\/Flexseal\" \/>\n<meta property=\"article:modified_time\" content=\"2024-08-01T10:08:02+00:00\" \/>\n<meta property=\"og:image\" content=\"https:\/\/www.fernco.de\/wp-content\/uploads\/2023\/05\/powrwrap_700x394.png\" \/>\n\t<meta property=\"og:image:width\" content=\"700\" \/>\n\t<meta property=\"og:image:height\" content=\"394\" \/>\n\t<meta property=\"og:image:type\" content=\"image\/png\" \/>\n<meta name=\"twitter:card\" content=\"summary_large_image\" \/>\n<meta name=\"twitter:site\" content=\"@FlexsealUK\" \/>\n<meta name=\"twitter:label1\" content=\"Est. reading time\" \/>\n\t<meta name=\"twitter:data1\" content=\"1 minute\" \/>\n<script type=\"application\/ld+json\" class=\"yoast-schema-graph\">{\"@context\":\"https:\/\/schema.org\",\"@graph\":[{\"@type\":\"WebPage\",\"@id\":\"https:\/\/www.fernco.de\/en\/product\/pow-r-wrap\",\"url\":\"https:\/\/www.fernco.de\/en\/product\/pow-r-wrap\",\"name\":\"Pow-R Wrap FPW | Fernco\",\"isPartOf\":{\"@id\":\"https:\/\/www.fernco.de\/en\/#website\"},\"primaryImageOfPage\":{\"@id\":\"https:\/\/www.fernco.de\/en\/product\/pow-r-wrap#primaryimage\"},\"image\":{\"@id\":\"https:\/\/www.fernco.de\/en\/product\/pow-r-wrap#primaryimage\"},\"thumbnailUrl\":\"https:\/\/www.fernco.de\/wp-content\/uploads\/2023\/05\/powrwrap_700x394.png\",\"datePublished\":\"2019-04-26T14:26:32+00:00\",\"dateModified\":\"2024-08-01T10:08:02+00:00\",\"description\":\"Pow-R Wrap by Fernco is a strong, permanent repair solution suitable for all types of pipe. Alternative to soldering, welding or pipe replacement\",\"breadcrumb\":{\"@id\":\"https:\/\/www.fernco.de\/en\/product\/pow-r-wrap#breadcrumb\"},\"inLanguage\":\"en-US\",\"potentialAction\":[{\"@type\":\"ReadAction\",\"target\":[\"https:\/\/www.fernco.de\/en\/product\/pow-r-wrap\"]}]},{\"@type\":\"ImageObject\",\"inLanguage\":\"en-US\",\"@id\":\"https:\/\/www.fernco.de\/en\/product\/pow-r-wrap#primaryimage\",\"url\":\"https:\/\/www.fernco.de\/wp-content\/uploads\/2023\/05\/powrwrap_700x394.png\",\"contentUrl\":\"https:\/\/www.fernco.de\/wp-content\/uploads\/2023\/05\/powrwrap_700x394.png\",\"width\":700,\"height\":394},{\"@type\":\"BreadcrumbList\",\"@id\":\"https:\/\/www.fernco.de\/en\/product\/pow-r-wrap#breadcrumb\",\"itemListElement\":[{\"@type\":\"ListItem\",\"position\":1,\"name\":\"Home\",\"item\":\"https:\/\/www.fernco.de\/en\"},{\"@type\":\"ListItem\",\"position\":2,\"name\":\"Products\",\"item\":\"https:\/\/www.fernco.de\/en\/shop\"},{\"@type\":\"ListItem\",\"position\":3,\"name\":\"Pow-R Wrap FPW\"}]},{\"@type\":\"WebSite\",\"@id\":\"https:\/\/www.fernco.de\/en\/#website\",\"url\":\"https:\/\/www.fernco.de\/en\/\",\"name\":\"Fernco\",\"description\":\"Flexible Couplings, Drainage &amp; Plumbing Systems\",\"publisher\":{\"@id\":\"https:\/\/www.fernco.de\/en\/#organization\"},\"potentialAction\":[{\"@type\":\"SearchAction\",\"target\":{\"@type\":\"EntryPoint\",\"urlTemplate\":\"https:\/\/www.fernco.de\/en\/?s={search_term_string}\"},\"query-input\":\"required name=search_term_string\"}],\"inLanguage\":\"en-US\"},{\"@type\":\"Organization\",\"@id\":\"https:\/\/www.fernco.de\/en\/#organization\",\"name\":\"Fernco GmbH\",\"alternateName\":\"Fernco\",\"url\":\"https:\/\/www.fernco.de\/en\/\",\"logo\":{\"@type\":\"ImageObject\",\"inLanguage\":\"en-US\",\"@id\":\"https:\/\/www.fernco.de\/en\/#\/schema\/logo\/image\/\",\"url\":\"https:\/\/www.fernco.de\/wp-content\/uploads\/2022\/06\/fernco-logo.png\",\"contentUrl\":\"https:\/\/www.fernco.de\/wp-content\/uploads\/2022\/06\/fernco-logo.png\",\"width\":287,\"height\":50,\"caption\":\"Fernco GmbH\"},\"image\":{\"@id\":\"https:\/\/www.fernco.de\/en\/#\/schema\/logo\/image\/\"},\"sameAs\":[\"https:\/\/www.facebook.com\/Flexseal\",\"https:\/\/x.com\/FlexsealUK\"]}]}<\/script>\n<!-- \/ Yoast SEO plugin. -->","yoast_head_json":{"title":"Pow-R Wrap FPW | Fernco","description":"Pow-R Wrap by Fernco is a strong, permanent repair solution suitable for all types of pipe. Alternative to soldering, welding or pipe replacement","robots":{"index":"index","follow":"follow","max-snippet":"max-snippet:-1","max-image-preview":"max-image-preview:large","max-video-preview":"max-video-preview:-1"},"canonical":"https:\/\/www.fernco.de\/en\/product\/pow-r-wrap","og_locale":"en_US","og_type":"article","og_title":"Pow-R Wrap FPW | Fernco","og_description":"Pow-R Wrap by Fernco is a strong, permanent repair solution suitable for all types of pipe. Alternative to soldering, welding or pipe replacement","og_url":"https:\/\/www.fernco.de\/en\/product\/pow-r-wrap","og_site_name":"Fernco","article_publisher":"https:\/\/www.facebook.com\/Flexseal","article_modified_time":"2024-08-01T10:08:02+00:00","og_image":[{"width":700,"height":394,"url":"https:\/\/www.fernco.de\/wp-content\/uploads\/2023\/05\/powrwrap_700x394.png","type":"image\/png"}],"twitter_card":"summary_large_image","twitter_site":"@FlexsealUK","twitter_misc":{"Est. reading time":"1 minute"},"schema":{"@context":"https:\/\/schema.org","@graph":[{"@type":"WebPage","@id":"https:\/\/www.fernco.de\/en\/product\/pow-r-wrap","url":"https:\/\/www.fernco.de\/en\/product\/pow-r-wrap","name":"Pow-R Wrap FPW | Fernco","isPartOf":{"@id":"https:\/\/www.fernco.de\/en\/#website"},"primaryImageOfPage":{"@id":"https:\/\/www.fernco.de\/en\/product\/pow-r-wrap#primaryimage"},"image":{"@id":"https:\/\/www.fernco.de\/en\/product\/pow-r-wrap#primaryimage"},"thumbnailUrl":"https:\/\/www.fernco.de\/wp-content\/uploads\/2023\/05\/powrwrap_700x394.png","datePublished":"2019-04-26T14:26:32+00:00","dateModified":"2024-08-01T10:08:02+00:00","description":"Pow-R Wrap by Fernco is a strong, permanent repair solution suitable for all types of pipe. Alternative to soldering, welding or pipe replacement","breadcrumb":{"@id":"https:\/\/www.fernco.de\/en\/product\/pow-r-wrap#breadcrumb"},"inLanguage":"en-US","potentialAction":[{"@type":"ReadAction","target":["https:\/\/www.fernco.de\/en\/product\/pow-r-wrap"]}]},{"@type":"ImageObject","inLanguage":"en-US","@id":"https:\/\/www.fernco.de\/en\/product\/pow-r-wrap#primaryimage","url":"https:\/\/www.fernco.de\/wp-content\/uploads\/2023\/05\/powrwrap_700x394.png","contentUrl":"https:\/\/www.fernco.de\/wp-content\/uploads\/2023\/05\/powrwrap_700x394.png","width":700,"height":394},{"@type":"BreadcrumbList","@id":"https:\/\/www.fernco.de\/en\/product\/pow-r-wrap#breadcrumb","itemListElement":[{"@type":"ListItem","position":1,"name":"Home","item":"https:\/\/www.fernco.de\/en"},{"@type":"ListItem","position":2,"name":"Products","item":"https:\/\/www.fernco.de\/en\/shop"},{"@type":"ListItem","position":3,"name":"Pow-R Wrap FPW"}]},{"@type":"WebSite","@id":"https:\/\/www.fernco.de\/en\/#website","url":"https:\/\/www.fernco.de\/en\/","name":"Fernco","description":"Flexible Couplings, Drainage &amp; Plumbing Systems","publisher":{"@id":"https:\/\/www.fernco.de\/en\/#organization"},"potentialAction":[{"@type":"SearchAction","target":{"@type":"EntryPoint","urlTemplate":"https:\/\/www.fernco.de\/en\/?s={search_term_string}"},"query-input":"required name=search_term_string"}],"inLanguage":"en-US"},{"@type":"Organization","@id":"https:\/\/www.fernco.de\/en\/#organization","name":"Fernco GmbH","alternateName":"Fernco","url":"https:\/\/www.fernco.de\/en\/","logo":{"@type":"ImageObject","inLanguage":"en-US","@id":"https:\/\/www.fernco.de\/en\/#\/schema\/logo\/image\/","url":"https:\/\/www.fernco.de\/wp-content\/uploads\/2022\/06\/fernco-logo.png","contentUrl":"https:\/\/www.fernco.de\/wp-content\/uploads\/2022\/06\/fernco-logo.png","width":287,"height":50,"caption":"Fernco GmbH"},"image":{"@id":"https:\/\/www.fernco.de\/en\/#\/schema\/logo\/image\/"},"sameAs":["https:\/\/www.facebook.com\/Flexseal","https:\/\/x.com\/FlexsealUK"]}]}},"_links":{"self":[{"href":"https:\/\/www.fernco.de\/en\/wp-json\/wp\/v2\/product\/19928"}],"collection":[{"href":"https:\/\/www.fernco.de\/en\/wp-json\/wp\/v2\/product"}],"about":[{"href":"https:\/\/www.fernco.de\/en\/wp-json\/wp\/v2\/types\/product"}],"wp:featuredmedia":[{"embeddable":true,"href":"https:\/\/www.fernco.de\/en\/wp-json\/wp\/v2\/media\/28198"}],"wp:attachment":[{"href":"https:\/\/www.fernco.de\/en\/wp-json\/wp\/v2\/media?parent=19928"}],"wp:term":[{"taxonomy":"product_cat","embeddable":true,"href":"https:\/\/www.fernco.de\/en\/wp-json\/wp\/v2\/product_cat?post=19928"},{"taxonomy":"product_tag","embeddable":true,"href":"https:\/\/www.fernco.de\/en\/wp-json\/wp\/v2\/product_tag?post=19928"}],"curies":[{"name":"wp","href":"https:\/\/api.w.org\/{rel}","templated":true}]}}