{"id":22419,"date":"2020-09-18T03:26:53","date_gmt":"2020-09-18T02:26:53","guid":{"rendered":"https:\/\/www.fernco.de\/?post_type=product&#038;p=22419"},"modified":"2025-01-30T15:54:01","modified_gmt":"2025-01-30T15:54:01","slug":"compact-seals","status":"publish","type":"product","link":"https:\/\/www.fernco.de\/en\/product\/compact-seals","title":{"rendered":"Compact Seal CS"},"content":{"rendered":"<p>KTW PD60-30mWS PD70-30mWS PD80-30mWS PD100-30mWS PD125-30mWS PD150-30mWS PD200-30mWS PD250-30mWS PD300-30mWS PD350-30mWS PD400-30mWS PD450-30mWS PD500-30mWS PD PD60 PD70 PD80 PD100 PD125 PD150 PD200 PD250 PD300 PD350 PD400 PD450 PD500 PD60-30mWS-G PD70-30mWS-G PD80-30mWS-G PD100-30mWS-G PD125-30mWS-G PD150-30mWS-G PD200-30mWS-G PD250-30mWS-G PD300-30mWS-G PD350-30mWS-G PD400-30mWS-G PD450-30mWS-G PD500-30mWS-G PD60-30mWS-V4A PD70-30mWS-V4A PD80-30mWS-V4A PD100-30mWS-V4A PD125-30mWS-V4A PD150-30mWS-V4A PD200-30mWS-V4A PD250-30mWS-V4A PD300-30mWS-V4A PD350-30mWS-V4A PD400-30mWS-V4A PD450-30mWS-V4A PD500-30mWS-V4A PD60-30mWS-V4A-G PD70-30mWS-V4A-G PD80-30mWS-V4A-G PD100-30mWS-V4A-G PD125-30mWS-V4A-G PD150-30mWS-V4A-G PD200-30mWS-V4A-G PD250-30mWS-V4A-G PD300-30mWS-V4A-G PD350-30mWS-V4A-G PD400-30mWS-V4A-G PD450-30mWS-V4A-G PD500-30mWS-V4A-G PD60-50mWS PD70-50mWS PD80-50mWS PD100-50mWS PD125-50mWS PD150-50mWS PD200-50mWS PD250-50mWS PD300-50mWS PD350-50mWS PD400-50mWS PD450-50mWS PD500-50mWS PD60-50mWS-G PD70-50mWS-G PD80-50mWS-G PD100-50mWS-G PD125-50mWS-G PD150-50mWS-G PD200-50mWS-G PD250-50mWS-G PD300-50mWS-G PD350-50mWS-G PD400-50mWS-G PD450-50mWS-G PD500-50mWS-G PD60-50mWS-V4A PD70-50mWS-V4A PD80-50mWS-V4A PD100-50mWS-V4A PD125-50mWS-V4A PD150-50mWS-V4A PD200-50mWS-V4A PD250-50mWS-V4A PD300-50mWS-V4A PD350-50mWS-V4A PD400-50mWS-V4A PD450-50mWS-V4A PD500-50mWS-V4A PD60-50mWS-V4A-G PD70-50mWS-V4A-G PD80-50mWS-V4A-G PD100-50mWS-V4A-G PD125-50mWS-V4A-G PD150-50mWS-V4A-G PD200-50mWS-V4A-G PD250-50mWS-V4A-G PD300-50mWS-V4A-G PD350-50mWS-V4A-G PD400-50mWS-V4A-G PD450-50mWS-V4A-G PD500-50mWS-V4A-G<br \/>\nPD80-30-HY PD100-30-HY PD125-30-HY PD150-30-HY PD200-30-HY PD250-30-HY PD300-30-HY PD350-30-HY PD400-30-HY PD-HY HY PD HY Hybrid PD80-50-HY PD100-50-HY PD125-50-HY PD150-50-HY PD200-50-HY PD250-50-HY PD300-50-HY PD350-50-HY PD400-50-HY hybrid<br \/>\nPD50 PD100-63-S PD125-75-S PD150-110-S PD200-140-S PD200-160-S PD250-175-S PD300-200-S PDS PD-S Senso<br \/>\nPD-ZWR-100 PD-ZWR-100-G PD-ZWR-125 PD-ZWR-150 PD-ZWR-200 PD- FD-100-3 PD-MFD-100-3G PD-MFD-100-4 PD-MFD-100-4G PD-MFD-125-5G PD-MFD-150-4G PD-MFD-150-8G PD-MFD-200-12G PD-MFD-250-2 PD-MFD-250-2G PD-MFD-250-3 PD-MFD-250-3G PD-MFD-300-4 PD-MFD-300-4G ZWR MFD PD-ZWR System Zwiebelringdichtung Pressraumdichtung Ringraumdichtungen<br \/>\ncavo in PD110-CI-2-G CSSCI110-636 PD110-CI-1-G CSSCI110-648<br \/>\nCS60-3 CS70-3 CS80-3 CS100-3 CS125-3 CS150-3 CS200-3 CS250-3 CS300-3 CS350-3 CS400-3 CS450-3 CS500-3 CS60-5 CS70-5 CS80-5 CS100-5 CS125-5 CS150-5 CS200-5 CS250-5 CS300-5 CS350-5 CS400-5 CS450-5 CS500-5<br \/>\nCSU-100 CSUS-100 CSU-125 CSU-150 CSU-200 CSM100-3H CSMS100-3H CSM100-4H CSMS100-4H CSMS125-5H CSMS150-4H CSMS150-8H CSMS200-12H CSM250-2H CSMS250-2H CSM250-3H CSMS250-3H CSM300-4H CSMS300-4H<br \/>\nCSH80-3 CSH100-3 CSH125-3 CSH150-3 CSH200-3 CSH250-3 CSH300-3 CSH350-3 CSH400-3 CSH80-5 CSH100-5 CSH125-5 CSH150-5 CSH200-5 CSH250-5 CSH300-5 CSH350-5 CSH400-5<br \/>\nCS100_PU CS125_PU CS150_PU CS200_PU CS200_PU CS250_PU CS300_PU<\/p>\n<p>Stromverteilung Wasserverteilung Gasverteilung Hochbau Tiefbau Trinkwasser Electricity distribution Water distribution Gas distribution Building construction Civil engineering Drinking water e-auto e-mobilit\u00e4t electrical elektro Dystrybucja energii elektrycznej Dystrybucja wody Dystrybucja gazu Budownictwo In\u017cynieria l\u0105dowa Woda pitna e-auto e-mobilit\u00e4t elektryczne elektro Distribution d&#8217;\u00e9lectricit\u00e9 Distribution d&#8217;eau Distribution de gaz Construction de b\u00e2timents G\u00e9nie civil Eau potable e-auto e-mobilit\u00e4t electrical elektro<\/p>\n<p>KTW EPDM Gummi Eloastomere UV best\u00e4ndig rubber resistant Caoutchouc \u00c9lastom\u00e8re r\u00e9sistant Guma Elastomery Odporne na promieniowanie<br \/>\nV2A 1.4301 304 W4 Edelstahl Stahl rostfrei Metall Stainless steel Metal rust free Acier inoxydable M\u00e9tal Stal Nierdzwena<br \/>\nV4A 1.4404 1.4401 316 W5 Edelstahl Stahl rostfrei Metall seewasser best\u00e4ndig salzwasser meer k\u00fcsten schiffahrt coast sea ocean salt water ship shipping r\u00e9sistant \u00e0 l&#8217;eau de mer eau sal\u00e9e navigation Stal Nierdzewna Odporna<\/p>\n<p>schwarz black noir czarny blau blue bleu niebieski<br \/>\ndruckdicht wasserdicht luftdicht pressuretight watertight airtight gases \u00e9tanche \u00e0 la pression \u00e9tanche \u00e0 l&#8217;eau \u00e9tanche \u00e0 l&#8217;air hermetyczny wodoszczelny hermetyczny<\/p>\n<p>KG KG2000 PVC Kunststoffrohre d\u00fcnnwandiges glattes Rohr PVCu plastics pipes Thin-Walled Pipe smooth Tubes en plastique Rury plastikowe cienko\u015bcienne g\u0142adkie geripptes gewelltes Rohre Rippen kunststoff plastik strukturiertes Wellen doppelwandiges Robukan UR UltraRib ribbed ribs structured pipes twin-walled tube nervur\u00e9 ondul\u00e9 Rury faliste plastikowe dwu\u015bcienne<\/p>\n","protected":false},"excerpt":{"rendered":"<p>The Fernco compact seals can be used universally in civil engineering for the areas of electricity, gas and water distribution. By tightening the nuts, the metal plates are pressed against the rubber sealing ring. This causes the elastomer ring to expand evenly in all directions and reliably seals the pipeline. In addition, these sealing inserts serve for guidance and acoustic decoupling.<\/p>\n<ul>\n<li>Tight against pressing water and gases (in EPDM)<\/li>\n<li>Tight against aggressive media (oil and petrol resistant &#8211; NBR on request)<\/li>\n<li>Use in sound insulation according to DIN 4190<\/li>\n<li>No special tools required &#8211; quick, safe and easy installation<\/li>\n<li>radon proof<\/li>\n<\/ul>\n","protected":false},"featured_media":28194,"template":"","meta":{"_acf_changed":false,"_mi_skip_tracking":false,"_monsterinsights_sitenote_active":false,"_monsterinsights_sitenote_note":"","_monsterinsights_sitenote_category":0},"product_cat":[232],"product_tag":[],"acf":[],"yoast_head":"<!-- This site is optimized with the Yoast SEO plugin v22.7 - https:\/\/yoast.com\/wordpress\/plugins\/seo\/ -->\n<title>Compact Seal CS | Fernco<\/title>\n<meta name=\"description\" content=\"Compact Seals - seal pipes of all diameters. Easy to install, ensures reliable sealing. Ideal for utility distribution in construction. Radon proof.\" \/>\n<meta name=\"robots\" content=\"index, follow, max-snippet:-1, max-image-preview:large, max-video-preview:-1\" \/>\n<link rel=\"canonical\" href=\"https:\/\/www.fernco.de\/en\/product\/compact-seals\" \/>\n<meta property=\"og:locale\" content=\"en_US\" \/>\n<meta property=\"og:type\" content=\"article\" \/>\n<meta property=\"og:title\" content=\"Compact Seal CS | Fernco\" \/>\n<meta property=\"og:description\" content=\"Compact Seals - seal pipes of all diameters. Easy to install, ensures reliable sealing. Ideal for utility distribution in construction. Radon proof.\" \/>\n<meta property=\"og:url\" content=\"https:\/\/www.fernco.de\/en\/product\/compact-seals\" \/>\n<meta property=\"og:site_name\" content=\"Fernco\" \/>\n<meta property=\"article:publisher\" content=\"https:\/\/www.facebook.com\/Flexseal\" \/>\n<meta property=\"article:modified_time\" content=\"2025-01-30T15:54:01+00:00\" \/>\n<meta property=\"og:image\" content=\"https:\/\/www.fernco.de\/wp-content\/uploads\/2023\/05\/PD_700x394.png\" \/>\n\t<meta property=\"og:image:width\" content=\"700\" \/>\n\t<meta property=\"og:image:height\" content=\"394\" \/>\n\t<meta property=\"og:image:type\" content=\"image\/png\" \/>\n<meta name=\"twitter:card\" content=\"summary_large_image\" \/>\n<meta name=\"twitter:site\" content=\"@FlexsealUK\" \/>\n<meta name=\"twitter:label1\" content=\"Est. reading time\" \/>\n\t<meta name=\"twitter:data1\" content=\"3 minutes\" \/>\n<script type=\"application\/ld+json\" class=\"yoast-schema-graph\">{\"@context\":\"https:\/\/schema.org\",\"@graph\":[{\"@type\":\"WebPage\",\"@id\":\"https:\/\/www.fernco.de\/en\/product\/compact-seals\",\"url\":\"https:\/\/www.fernco.de\/en\/product\/compact-seals\",\"name\":\"Compact Seal CS | Fernco\",\"isPartOf\":{\"@id\":\"https:\/\/www.fernco.de\/en\/#website\"},\"primaryImageOfPage\":{\"@id\":\"https:\/\/www.fernco.de\/en\/product\/compact-seals#primaryimage\"},\"image\":{\"@id\":\"https:\/\/www.fernco.de\/en\/product\/compact-seals#primaryimage\"},\"thumbnailUrl\":\"https:\/\/www.fernco.de\/wp-content\/uploads\/2023\/05\/PD_700x394.png\",\"datePublished\":\"2020-09-18T02:26:53+00:00\",\"dateModified\":\"2025-01-30T15:54:01+00:00\",\"description\":\"Compact Seals - seal pipes of all diameters. Easy to install, ensures reliable sealing. Ideal for utility distribution in construction. Radon proof.\",\"breadcrumb\":{\"@id\":\"https:\/\/www.fernco.de\/en\/product\/compact-seals#breadcrumb\"},\"inLanguage\":\"en-US\",\"potentialAction\":[{\"@type\":\"ReadAction\",\"target\":[\"https:\/\/www.fernco.de\/en\/product\/compact-seals\"]}]},{\"@type\":\"ImageObject\",\"inLanguage\":\"en-US\",\"@id\":\"https:\/\/www.fernco.de\/en\/product\/compact-seals#primaryimage\",\"url\":\"https:\/\/www.fernco.de\/wp-content\/uploads\/2023\/05\/PD_700x394.png\",\"contentUrl\":\"https:\/\/www.fernco.de\/wp-content\/uploads\/2023\/05\/PD_700x394.png\",\"width\":700,\"height\":394},{\"@type\":\"BreadcrumbList\",\"@id\":\"https:\/\/www.fernco.de\/en\/product\/compact-seals#breadcrumb\",\"itemListElement\":[{\"@type\":\"ListItem\",\"position\":1,\"name\":\"Home\",\"item\":\"https:\/\/www.fernco.de\/en\"},{\"@type\":\"ListItem\",\"position\":2,\"name\":\"Products\",\"item\":\"https:\/\/www.fernco.de\/en\/shop\"},{\"@type\":\"ListItem\",\"position\":3,\"name\":\"Compact Seal CS\"}]},{\"@type\":\"WebSite\",\"@id\":\"https:\/\/www.fernco.de\/en\/#website\",\"url\":\"https:\/\/www.fernco.de\/en\/\",\"name\":\"Fernco\",\"description\":\"Flexible Couplings, Drainage &amp; Plumbing Systems\",\"publisher\":{\"@id\":\"https:\/\/www.fernco.de\/en\/#organization\"},\"potentialAction\":[{\"@type\":\"SearchAction\",\"target\":{\"@type\":\"EntryPoint\",\"urlTemplate\":\"https:\/\/www.fernco.de\/en\/?s={search_term_string}\"},\"query-input\":\"required name=search_term_string\"}],\"inLanguage\":\"en-US\"},{\"@type\":\"Organization\",\"@id\":\"https:\/\/www.fernco.de\/en\/#organization\",\"name\":\"Fernco GmbH\",\"alternateName\":\"Fernco\",\"url\":\"https:\/\/www.fernco.de\/en\/\",\"logo\":{\"@type\":\"ImageObject\",\"inLanguage\":\"en-US\",\"@id\":\"https:\/\/www.fernco.de\/en\/#\/schema\/logo\/image\/\",\"url\":\"https:\/\/www.fernco.de\/wp-content\/uploads\/2022\/06\/fernco-logo.png\",\"contentUrl\":\"https:\/\/www.fernco.de\/wp-content\/uploads\/2022\/06\/fernco-logo.png\",\"width\":287,\"height\":50,\"caption\":\"Fernco GmbH\"},\"image\":{\"@id\":\"https:\/\/www.fernco.de\/en\/#\/schema\/logo\/image\/\"},\"sameAs\":[\"https:\/\/www.facebook.com\/Flexseal\",\"https:\/\/x.com\/FlexsealUK\"]}]}<\/script>\n<!-- \/ Yoast SEO plugin. -->","yoast_head_json":{"title":"Compact Seal CS | Fernco","description":"Compact Seals - seal pipes of all diameters. Easy to install, ensures reliable sealing. Ideal for utility distribution in construction. Radon proof.","robots":{"index":"index","follow":"follow","max-snippet":"max-snippet:-1","max-image-preview":"max-image-preview:large","max-video-preview":"max-video-preview:-1"},"canonical":"https:\/\/www.fernco.de\/en\/product\/compact-seals","og_locale":"en_US","og_type":"article","og_title":"Compact Seal CS | Fernco","og_description":"Compact Seals - seal pipes of all diameters. Easy to install, ensures reliable sealing. Ideal for utility distribution in construction. Radon proof.","og_url":"https:\/\/www.fernco.de\/en\/product\/compact-seals","og_site_name":"Fernco","article_publisher":"https:\/\/www.facebook.com\/Flexseal","article_modified_time":"2025-01-30T15:54:01+00:00","og_image":[{"width":700,"height":394,"url":"https:\/\/www.fernco.de\/wp-content\/uploads\/2023\/05\/PD_700x394.png","type":"image\/png"}],"twitter_card":"summary_large_image","twitter_site":"@FlexsealUK","twitter_misc":{"Est. reading time":"3 minutes"},"schema":{"@context":"https:\/\/schema.org","@graph":[{"@type":"WebPage","@id":"https:\/\/www.fernco.de\/en\/product\/compact-seals","url":"https:\/\/www.fernco.de\/en\/product\/compact-seals","name":"Compact Seal CS | Fernco","isPartOf":{"@id":"https:\/\/www.fernco.de\/en\/#website"},"primaryImageOfPage":{"@id":"https:\/\/www.fernco.de\/en\/product\/compact-seals#primaryimage"},"image":{"@id":"https:\/\/www.fernco.de\/en\/product\/compact-seals#primaryimage"},"thumbnailUrl":"https:\/\/www.fernco.de\/wp-content\/uploads\/2023\/05\/PD_700x394.png","datePublished":"2020-09-18T02:26:53+00:00","dateModified":"2025-01-30T15:54:01+00:00","description":"Compact Seals - seal pipes of all diameters. Easy to install, ensures reliable sealing. Ideal for utility distribution in construction. Radon proof.","breadcrumb":{"@id":"https:\/\/www.fernco.de\/en\/product\/compact-seals#breadcrumb"},"inLanguage":"en-US","potentialAction":[{"@type":"ReadAction","target":["https:\/\/www.fernco.de\/en\/product\/compact-seals"]}]},{"@type":"ImageObject","inLanguage":"en-US","@id":"https:\/\/www.fernco.de\/en\/product\/compact-seals#primaryimage","url":"https:\/\/www.fernco.de\/wp-content\/uploads\/2023\/05\/PD_700x394.png","contentUrl":"https:\/\/www.fernco.de\/wp-content\/uploads\/2023\/05\/PD_700x394.png","width":700,"height":394},{"@type":"BreadcrumbList","@id":"https:\/\/www.fernco.de\/en\/product\/compact-seals#breadcrumb","itemListElement":[{"@type":"ListItem","position":1,"name":"Home","item":"https:\/\/www.fernco.de\/en"},{"@type":"ListItem","position":2,"name":"Products","item":"https:\/\/www.fernco.de\/en\/shop"},{"@type":"ListItem","position":3,"name":"Compact Seal CS"}]},{"@type":"WebSite","@id":"https:\/\/www.fernco.de\/en\/#website","url":"https:\/\/www.fernco.de\/en\/","name":"Fernco","description":"Flexible Couplings, Drainage &amp; Plumbing Systems","publisher":{"@id":"https:\/\/www.fernco.de\/en\/#organization"},"potentialAction":[{"@type":"SearchAction","target":{"@type":"EntryPoint","urlTemplate":"https:\/\/www.fernco.de\/en\/?s={search_term_string}"},"query-input":"required name=search_term_string"}],"inLanguage":"en-US"},{"@type":"Organization","@id":"https:\/\/www.fernco.de\/en\/#organization","name":"Fernco GmbH","alternateName":"Fernco","url":"https:\/\/www.fernco.de\/en\/","logo":{"@type":"ImageObject","inLanguage":"en-US","@id":"https:\/\/www.fernco.de\/en\/#\/schema\/logo\/image\/","url":"https:\/\/www.fernco.de\/wp-content\/uploads\/2022\/06\/fernco-logo.png","contentUrl":"https:\/\/www.fernco.de\/wp-content\/uploads\/2022\/06\/fernco-logo.png","width":287,"height":50,"caption":"Fernco GmbH"},"image":{"@id":"https:\/\/www.fernco.de\/en\/#\/schema\/logo\/image\/"},"sameAs":["https:\/\/www.facebook.com\/Flexseal","https:\/\/x.com\/FlexsealUK"]}]}},"_links":{"self":[{"href":"https:\/\/www.fernco.de\/en\/wp-json\/wp\/v2\/product\/22419"}],"collection":[{"href":"https:\/\/www.fernco.de\/en\/wp-json\/wp\/v2\/product"}],"about":[{"href":"https:\/\/www.fernco.de\/en\/wp-json\/wp\/v2\/types\/product"}],"wp:featuredmedia":[{"embeddable":true,"href":"https:\/\/www.fernco.de\/en\/wp-json\/wp\/v2\/media\/28194"}],"wp:attachment":[{"href":"https:\/\/www.fernco.de\/en\/wp-json\/wp\/v2\/media?parent=22419"}],"wp:term":[{"taxonomy":"product_cat","embeddable":true,"href":"https:\/\/www.fernco.de\/en\/wp-json\/wp\/v2\/product_cat?post=22419"},{"taxonomy":"product_tag","embeddable":true,"href":"https:\/\/www.fernco.de\/en\/wp-json\/wp\/v2\/product_tag?post=22419"}],"curies":[{"name":"wp","href":"https:\/\/api.w.org\/{rel}","templated":true}]}}