{"id":22425,"date":"2020-09-18T04:10:44","date_gmt":"2020-09-18T03:10:44","guid":{"rendered":"https:\/\/www.fernco.de\/?post_type=product&#038;p=22425"},"modified":"2024-08-01T10:40:48","modified_gmt":"2024-08-01T09:40:48","slug":"drain-test-plugs","status":"publish","type":"product","link":"https:\/\/www.fernco.de\/en\/product\/drain-test-plugs","title":{"rendered":"Drain Test Plug DTP"},"content":{"rendered":"<p>DTP DTP40 DTP50 DTP65 DTP75 DTP85 DTP100\/5 DTP115 DTP125\/5 DTP150\/5 DTP180 DTP200 DTP225 DTP250 DTP300 DTP350 DTP400 DTP500 DTP600 DTP040 DTP050 DTP065 DTP075 DTP085 DTP100 DTP125 DTP150<\/p>\n<p>Schnellverschlussteller Verschluss schnell Druckprobe Kanalrohr Aluminium metall Hohlschraube<br \/>\nDrain Test Plug quick pressure sewage pipe metal aluminum pipe end<br \/>\nObturateurs M\u00e9caniques \u00e0 Vis disque de fermeture rapide fermeture rapide Bouchon vidange tuyau d&#8217;\u00e9gout pression extr\u00e9mit\u00e9 m\u00e9tal<br \/>\nKorek kontrolny spustu \u015aruba banjo bolt Wtyczka testowa spustu szybkoci\u015bnieniowa rura kanalizacyjna metalowa aluminiowa ko\u0144c\u00f3wka rury<\/p>\n<p>EPDM Gummi Eloastomere UV best\u00e4ndig rubber resistant Caoutchouc \u00c9lastom\u00e8re r\u00e9sistant vis creuse Guma Elastomery Odporne na promieniowanie<\/p>\n<p>wiederverwenden wiederverwendbar reuse reusable r\u00e9utiliser r\u00e9utilisable wielorazowy wielorazowego u\u017cytku<\/p>\n<p>gelb yellow jaune z\u00f3\u0142ty zolty<br \/>\nschwarz black noir czarny<\/p>\n<p>DN100 DN125 DN150 DN200 DN250 DN300 DN400 DN500 DN600<\/p>\n","protected":false},"excerpt":{"rendered":"<p>The Fernco drain test plug is a versatile product for all sewer systems. Due to its robust nature, the drain test plug can be used again and again. The plate is inserted into the pipe end (spigot or sleeve) and seals on the inner wall of the pipe. Fernco plugs can be used in sewer pipes as preassure test. Their simple and fast installation are advantageous. The plug also can be used as prermanent cleaning closure or as temporary protection against dirt.<\/p>\n<p><b>Product Benefits: <\/b><\/p>\n<ul>\n<li>Robust product that can be used and re-used time and time again<\/li>\n<li>Versatile &#8211; fits all sewer pipes<\/li>\n<li>Simple installation<\/li>\n<li>Quick release for easy removal and re-use<\/li>\n<\/ul>\n<p><a href=\"https:\/\/flexseal-shop.com\/drain-test-plug.html\" target=\"_blank\" rel=\"Shop noopener now! noreferrer\"><img decoding=\"async\" class=\"alignleft wp-image-24709 size-full\" src=\"https:\/\/www.fernco.de\/wp-content\/uploads\/2021\/02\/ShopNow_Website_EU_1.png\" alt=\"SHOP NOW\" width=\"160\" height=\"60\" \/><\/a><\/p>\n","protected":false},"featured_media":32938,"template":"","meta":{"_acf_changed":false,"_mi_skip_tracking":false,"_monsterinsights_sitenote_active":false,"_monsterinsights_sitenote_note":"","_monsterinsights_sitenote_category":0},"product_cat":[236],"product_tag":[],"acf":[],"yoast_head":"<!-- This site is optimized with the Yoast SEO plugin v22.7 - https:\/\/yoast.com\/wordpress\/plugins\/seo\/ -->\n<title>Drain Test Plug DTP | Fernco<\/title>\n<meta name=\"description\" content=\"Drain Test Plug from Fernco: perfect for pressure tests of sewer pipes thanks to the test connection with a hollow bolt. Quick installation and reusable.\" \/>\n<meta name=\"robots\" content=\"index, follow, max-snippet:-1, max-image-preview:large, max-video-preview:-1\" \/>\n<link rel=\"canonical\" href=\"https:\/\/www.fernco.de\/en\/product\/drain-test-plugs\" \/>\n<meta property=\"og:locale\" content=\"en_US\" \/>\n<meta property=\"og:type\" content=\"article\" \/>\n<meta property=\"og:title\" content=\"Drain Test Plug DTP | Fernco\" \/>\n<meta property=\"og:description\" content=\"Drain Test Plug from Fernco: perfect for pressure tests of sewer pipes thanks to the test connection with a hollow bolt. Quick installation and reusable.\" \/>\n<meta property=\"og:url\" content=\"https:\/\/www.fernco.de\/en\/product\/drain-test-plugs\" \/>\n<meta property=\"og:site_name\" content=\"Fernco\" \/>\n<meta property=\"article:publisher\" content=\"https:\/\/www.facebook.com\/Flexseal\" \/>\n<meta property=\"article:modified_time\" content=\"2024-08-01T09:40:48+00:00\" \/>\n<meta property=\"og:image\" content=\"https:\/\/www.fernco.de\/wp-content\/uploads\/2020\/09\/DTP_700x394.png\" \/>\n\t<meta property=\"og:image:width\" content=\"700\" \/>\n\t<meta property=\"og:image:height\" content=\"394\" \/>\n\t<meta property=\"og:image:type\" content=\"image\/png\" \/>\n<meta name=\"twitter:card\" content=\"summary_large_image\" \/>\n<meta name=\"twitter:site\" content=\"@FlexsealUK\" \/>\n<meta name=\"twitter:label1\" content=\"Est. reading time\" \/>\n\t<meta name=\"twitter:data1\" content=\"1 minute\" \/>\n<script type=\"application\/ld+json\" class=\"yoast-schema-graph\">{\"@context\":\"https:\/\/schema.org\",\"@graph\":[{\"@type\":\"WebPage\",\"@id\":\"https:\/\/www.fernco.de\/en\/product\/drain-test-plugs\",\"url\":\"https:\/\/www.fernco.de\/en\/product\/drain-test-plugs\",\"name\":\"Drain Test Plug DTP | Fernco\",\"isPartOf\":{\"@id\":\"https:\/\/www.fernco.de\/en\/#website\"},\"primaryImageOfPage\":{\"@id\":\"https:\/\/www.fernco.de\/en\/product\/drain-test-plugs#primaryimage\"},\"image\":{\"@id\":\"https:\/\/www.fernco.de\/en\/product\/drain-test-plugs#primaryimage\"},\"thumbnailUrl\":\"https:\/\/www.fernco.de\/wp-content\/uploads\/2020\/09\/DTP_700x394.png\",\"datePublished\":\"2020-09-18T03:10:44+00:00\",\"dateModified\":\"2024-08-01T09:40:48+00:00\",\"description\":\"Drain Test Plug from Fernco: perfect for pressure tests of sewer pipes thanks to the test connection with a hollow bolt. Quick installation and reusable.\",\"breadcrumb\":{\"@id\":\"https:\/\/www.fernco.de\/en\/product\/drain-test-plugs#breadcrumb\"},\"inLanguage\":\"en-US\",\"potentialAction\":[{\"@type\":\"ReadAction\",\"target\":[\"https:\/\/www.fernco.de\/en\/product\/drain-test-plugs\"]}]},{\"@type\":\"ImageObject\",\"inLanguage\":\"en-US\",\"@id\":\"https:\/\/www.fernco.de\/en\/product\/drain-test-plugs#primaryimage\",\"url\":\"https:\/\/www.fernco.de\/wp-content\/uploads\/2020\/09\/DTP_700x394.png\",\"contentUrl\":\"https:\/\/www.fernco.de\/wp-content\/uploads\/2020\/09\/DTP_700x394.png\",\"width\":700,\"height\":394},{\"@type\":\"BreadcrumbList\",\"@id\":\"https:\/\/www.fernco.de\/en\/product\/drain-test-plugs#breadcrumb\",\"itemListElement\":[{\"@type\":\"ListItem\",\"position\":1,\"name\":\"Home\",\"item\":\"https:\/\/www.fernco.de\/en\"},{\"@type\":\"ListItem\",\"position\":2,\"name\":\"Products\",\"item\":\"https:\/\/www.fernco.de\/en\/shop\"},{\"@type\":\"ListItem\",\"position\":3,\"name\":\"Drain Test Plug DTP\"}]},{\"@type\":\"WebSite\",\"@id\":\"https:\/\/www.fernco.de\/en\/#website\",\"url\":\"https:\/\/www.fernco.de\/en\/\",\"name\":\"Fernco\",\"description\":\"Flexible Couplings, Drainage &amp; Plumbing Systems\",\"publisher\":{\"@id\":\"https:\/\/www.fernco.de\/en\/#organization\"},\"potentialAction\":[{\"@type\":\"SearchAction\",\"target\":{\"@type\":\"EntryPoint\",\"urlTemplate\":\"https:\/\/www.fernco.de\/en\/?s={search_term_string}\"},\"query-input\":\"required name=search_term_string\"}],\"inLanguage\":\"en-US\"},{\"@type\":\"Organization\",\"@id\":\"https:\/\/www.fernco.de\/en\/#organization\",\"name\":\"Fernco GmbH\",\"alternateName\":\"Fernco\",\"url\":\"https:\/\/www.fernco.de\/en\/\",\"logo\":{\"@type\":\"ImageObject\",\"inLanguage\":\"en-US\",\"@id\":\"https:\/\/www.fernco.de\/en\/#\/schema\/logo\/image\/\",\"url\":\"https:\/\/www.fernco.de\/wp-content\/uploads\/2022\/06\/fernco-logo.png\",\"contentUrl\":\"https:\/\/www.fernco.de\/wp-content\/uploads\/2022\/06\/fernco-logo.png\",\"width\":287,\"height\":50,\"caption\":\"Fernco GmbH\"},\"image\":{\"@id\":\"https:\/\/www.fernco.de\/en\/#\/schema\/logo\/image\/\"},\"sameAs\":[\"https:\/\/www.facebook.com\/Flexseal\",\"https:\/\/x.com\/FlexsealUK\"]}]}<\/script>\n<!-- \/ Yoast SEO plugin. -->","yoast_head_json":{"title":"Drain Test Plug DTP | Fernco","description":"Drain Test Plug from Fernco: perfect for pressure tests of sewer pipes thanks to the test connection with a hollow bolt. Quick installation and reusable.","robots":{"index":"index","follow":"follow","max-snippet":"max-snippet:-1","max-image-preview":"max-image-preview:large","max-video-preview":"max-video-preview:-1"},"canonical":"https:\/\/www.fernco.de\/en\/product\/drain-test-plugs","og_locale":"en_US","og_type":"article","og_title":"Drain Test Plug DTP | Fernco","og_description":"Drain Test Plug from Fernco: perfect for pressure tests of sewer pipes thanks to the test connection with a hollow bolt. Quick installation and reusable.","og_url":"https:\/\/www.fernco.de\/en\/product\/drain-test-plugs","og_site_name":"Fernco","article_publisher":"https:\/\/www.facebook.com\/Flexseal","article_modified_time":"2024-08-01T09:40:48+00:00","og_image":[{"width":700,"height":394,"url":"https:\/\/www.fernco.de\/wp-content\/uploads\/2020\/09\/DTP_700x394.png","type":"image\/png"}],"twitter_card":"summary_large_image","twitter_site":"@FlexsealUK","twitter_misc":{"Est. reading time":"1 minute"},"schema":{"@context":"https:\/\/schema.org","@graph":[{"@type":"WebPage","@id":"https:\/\/www.fernco.de\/en\/product\/drain-test-plugs","url":"https:\/\/www.fernco.de\/en\/product\/drain-test-plugs","name":"Drain Test Plug DTP | Fernco","isPartOf":{"@id":"https:\/\/www.fernco.de\/en\/#website"},"primaryImageOfPage":{"@id":"https:\/\/www.fernco.de\/en\/product\/drain-test-plugs#primaryimage"},"image":{"@id":"https:\/\/www.fernco.de\/en\/product\/drain-test-plugs#primaryimage"},"thumbnailUrl":"https:\/\/www.fernco.de\/wp-content\/uploads\/2020\/09\/DTP_700x394.png","datePublished":"2020-09-18T03:10:44+00:00","dateModified":"2024-08-01T09:40:48+00:00","description":"Drain Test Plug from Fernco: perfect for pressure tests of sewer pipes thanks to the test connection with a hollow bolt. Quick installation and reusable.","breadcrumb":{"@id":"https:\/\/www.fernco.de\/en\/product\/drain-test-plugs#breadcrumb"},"inLanguage":"en-US","potentialAction":[{"@type":"ReadAction","target":["https:\/\/www.fernco.de\/en\/product\/drain-test-plugs"]}]},{"@type":"ImageObject","inLanguage":"en-US","@id":"https:\/\/www.fernco.de\/en\/product\/drain-test-plugs#primaryimage","url":"https:\/\/www.fernco.de\/wp-content\/uploads\/2020\/09\/DTP_700x394.png","contentUrl":"https:\/\/www.fernco.de\/wp-content\/uploads\/2020\/09\/DTP_700x394.png","width":700,"height":394},{"@type":"BreadcrumbList","@id":"https:\/\/www.fernco.de\/en\/product\/drain-test-plugs#breadcrumb","itemListElement":[{"@type":"ListItem","position":1,"name":"Home","item":"https:\/\/www.fernco.de\/en"},{"@type":"ListItem","position":2,"name":"Products","item":"https:\/\/www.fernco.de\/en\/shop"},{"@type":"ListItem","position":3,"name":"Drain Test Plug DTP"}]},{"@type":"WebSite","@id":"https:\/\/www.fernco.de\/en\/#website","url":"https:\/\/www.fernco.de\/en\/","name":"Fernco","description":"Flexible Couplings, Drainage &amp; Plumbing Systems","publisher":{"@id":"https:\/\/www.fernco.de\/en\/#organization"},"potentialAction":[{"@type":"SearchAction","target":{"@type":"EntryPoint","urlTemplate":"https:\/\/www.fernco.de\/en\/?s={search_term_string}"},"query-input":"required name=search_term_string"}],"inLanguage":"en-US"},{"@type":"Organization","@id":"https:\/\/www.fernco.de\/en\/#organization","name":"Fernco GmbH","alternateName":"Fernco","url":"https:\/\/www.fernco.de\/en\/","logo":{"@type":"ImageObject","inLanguage":"en-US","@id":"https:\/\/www.fernco.de\/en\/#\/schema\/logo\/image\/","url":"https:\/\/www.fernco.de\/wp-content\/uploads\/2022\/06\/fernco-logo.png","contentUrl":"https:\/\/www.fernco.de\/wp-content\/uploads\/2022\/06\/fernco-logo.png","width":287,"height":50,"caption":"Fernco GmbH"},"image":{"@id":"https:\/\/www.fernco.de\/en\/#\/schema\/logo\/image\/"},"sameAs":["https:\/\/www.facebook.com\/Flexseal","https:\/\/x.com\/FlexsealUK"]}]}},"_links":{"self":[{"href":"https:\/\/www.fernco.de\/en\/wp-json\/wp\/v2\/product\/22425"}],"collection":[{"href":"https:\/\/www.fernco.de\/en\/wp-json\/wp\/v2\/product"}],"about":[{"href":"https:\/\/www.fernco.de\/en\/wp-json\/wp\/v2\/types\/product"}],"wp:featuredmedia":[{"embeddable":true,"href":"https:\/\/www.fernco.de\/en\/wp-json\/wp\/v2\/media\/32938"}],"wp:attachment":[{"href":"https:\/\/www.fernco.de\/en\/wp-json\/wp\/v2\/media?parent=22425"}],"wp:term":[{"taxonomy":"product_cat","embeddable":true,"href":"https:\/\/www.fernco.de\/en\/wp-json\/wp\/v2\/product_cat?post=22425"},{"taxonomy":"product_tag","embeddable":true,"href":"https:\/\/www.fernco.de\/en\/wp-json\/wp\/v2\/product_tag?post=22425"}],"curies":[{"name":"wp","href":"https:\/\/api.w.org\/{rel}","templated":true}]}}