{"id":22747,"date":"2020-10-27T08:24:50","date_gmt":"2020-10-27T08:24:50","guid":{"rendered":"https:\/\/www.fernco.de\/?post_type=product&#038;p=22747"},"modified":"2024-08-01T10:23:10","modified_gmt":"2024-08-01T09:23:10","slug":"p-ring","status":"publish","type":"product","link":"https:\/\/www.fernco.de\/en\/product\/p-ring","title":{"rendered":"P-Ring PR"},"content":{"rendered":"<p>PR Passring P-Ring Pier\u015bcie\u0144 pasowany<br \/>\nPR200N PR200H PR250N PR250H PR300N PR300H PR400N PR400H PR500N PR500H PR600N PR600H<br \/>\nPRN200 PRH200 PRN250 PRH250 PRN300 PRH300 PRN400 PRH400 PRN500 PRH500 PRN600 PRH600<\/p>\n<p>DN200 DN250 DN300 DN400 DN500 DN600<\/p>\n<p>Dichtringe steinzeugrohr rohrspitzende abdichten sealing rings Bagues d&#8217;\u00c9tanch\u00e9it\u00e9 Pier\u015bcienie Pier\u015bcie\u0144 uszczelniaj\u0105ce<\/p>\n<p>Hochlast Normallast High load Normal load Charge \u00e9lev\u00e9e Charge normale Wysokie obci\u0105\u017cenie Normalne obci\u0105\u017cenie<br \/>\nSteinzeugrohre eurotop\tvitrified clay pipes Tuyaux en gr\u00e8s Rury kamionkowe<br \/>\nRohrverbindungen\tpipe connections\tjoints Raccords de tuyaux\tPo\u0142\u0105czenia rurowe<\/p>\n<p>EPDM Gummi Elastomere kautschuk UV best\u00e4ndig\trubber resistant\tCaoutchouc \u00c9lastom\u00e8re r\u00e9sistant\tGuma Elastomery Odporne na promieniowanie<br \/>\nV2A 1.4301 304 W4 Edelstahl Stahl rostfrei Metall\tStainless steel Metal rust free\tAcier inoxydable M\u00e9tal\tStal Nierdzwena<br \/>\nschwarz\tblack\tnoir\tczarny<\/p>\n<p>Reparaturen repair Wartungen maintenance<\/p>\n","protected":false},"excerpt":{"rendered":"<p>The Fernco P-Rings are sealing elements for the tip end of clay pipes and moldings.<\/p>\n<p><a href=\"https:\/\/fernco-shop.eu\/fit-ring.html\" target=\"_blank\" rel=\"Shop noopener now! noreferrer\"><img decoding=\"async\" class=\"alignleft wp-image-24709 size-full\" src=\"https:\/\/www.fernco.de\/wp-content\/uploads\/2021\/02\/ShopNow_Website_EU_1.png\" alt=\"SHOP NOW\" width=\"160\" height=\"60\" \/><\/a><\/p>\n","protected":false},"featured_media":28200,"template":"","meta":{"_acf_changed":false,"_mi_skip_tracking":false,"_monsterinsights_sitenote_active":false,"_monsterinsights_sitenote_note":"","_monsterinsights_sitenote_category":0},"product_cat":[234],"product_tag":[],"acf":[],"yoast_head":"<!-- This site is optimized with the Yoast SEO plugin v22.7 - https:\/\/yoast.com\/wordpress\/plugins\/seo\/ -->\n<title>P-Ring PR | Fernco<\/title>\n<meta name=\"description\" content=\"P-Rings from Fernco are sealing elements for vitrified clay pipes, suitable for normal load and high load, consist of NR rubber with steel inlay\" \/>\n<meta name=\"robots\" content=\"index, follow, max-snippet:-1, max-image-preview:large, max-video-preview:-1\" \/>\n<link rel=\"canonical\" href=\"https:\/\/www.fernco.de\/en\/product\/p-ring\" \/>\n<meta property=\"og:locale\" content=\"en_US\" \/>\n<meta property=\"og:type\" content=\"article\" \/>\n<meta property=\"og:title\" content=\"P-Ring PR | Fernco\" \/>\n<meta property=\"og:description\" content=\"P-Rings from Fernco are sealing elements for vitrified clay pipes, suitable for normal load and high load, consist of NR rubber with steel inlay\" \/>\n<meta property=\"og:url\" content=\"https:\/\/www.fernco.de\/en\/product\/p-ring\" \/>\n<meta property=\"og:site_name\" content=\"Fernco\" \/>\n<meta property=\"article:publisher\" content=\"https:\/\/www.facebook.com\/Flexseal\" \/>\n<meta property=\"article:modified_time\" content=\"2024-08-01T09:23:10+00:00\" \/>\n<meta property=\"og:image\" content=\"https:\/\/www.fernco.de\/wp-content\/uploads\/2023\/05\/PR_700x394.png\" \/>\n\t<meta property=\"og:image:width\" content=\"700\" \/>\n\t<meta property=\"og:image:height\" content=\"394\" \/>\n\t<meta property=\"og:image:type\" content=\"image\/png\" \/>\n<meta name=\"twitter:card\" content=\"summary_large_image\" \/>\n<meta name=\"twitter:site\" content=\"@FlexsealUK\" \/>\n<meta name=\"twitter:label1\" content=\"Est. reading time\" \/>\n\t<meta name=\"twitter:data1\" content=\"1 minute\" \/>\n<script type=\"application\/ld+json\" class=\"yoast-schema-graph\">{\"@context\":\"https:\/\/schema.org\",\"@graph\":[{\"@type\":\"WebPage\",\"@id\":\"https:\/\/www.fernco.de\/en\/product\/p-ring\",\"url\":\"https:\/\/www.fernco.de\/en\/product\/p-ring\",\"name\":\"P-Ring PR | Fernco\",\"isPartOf\":{\"@id\":\"https:\/\/www.fernco.de\/en\/#website\"},\"primaryImageOfPage\":{\"@id\":\"https:\/\/www.fernco.de\/en\/product\/p-ring#primaryimage\"},\"image\":{\"@id\":\"https:\/\/www.fernco.de\/en\/product\/p-ring#primaryimage\"},\"thumbnailUrl\":\"https:\/\/www.fernco.de\/wp-content\/uploads\/2023\/05\/PR_700x394.png\",\"datePublished\":\"2020-10-27T08:24:50+00:00\",\"dateModified\":\"2024-08-01T09:23:10+00:00\",\"description\":\"P-Rings from Fernco are sealing elements for vitrified clay pipes, suitable for normal load and high load, consist of NR rubber with steel inlay\",\"breadcrumb\":{\"@id\":\"https:\/\/www.fernco.de\/en\/product\/p-ring#breadcrumb\"},\"inLanguage\":\"en-US\",\"potentialAction\":[{\"@type\":\"ReadAction\",\"target\":[\"https:\/\/www.fernco.de\/en\/product\/p-ring\"]}]},{\"@type\":\"ImageObject\",\"inLanguage\":\"en-US\",\"@id\":\"https:\/\/www.fernco.de\/en\/product\/p-ring#primaryimage\",\"url\":\"https:\/\/www.fernco.de\/wp-content\/uploads\/2023\/05\/PR_700x394.png\",\"contentUrl\":\"https:\/\/www.fernco.de\/wp-content\/uploads\/2023\/05\/PR_700x394.png\",\"width\":700,\"height\":394},{\"@type\":\"BreadcrumbList\",\"@id\":\"https:\/\/www.fernco.de\/en\/product\/p-ring#breadcrumb\",\"itemListElement\":[{\"@type\":\"ListItem\",\"position\":1,\"name\":\"Home\",\"item\":\"https:\/\/www.fernco.de\/en\"},{\"@type\":\"ListItem\",\"position\":2,\"name\":\"Products\",\"item\":\"https:\/\/www.fernco.de\/en\/shop\"},{\"@type\":\"ListItem\",\"position\":3,\"name\":\"P-Ring PR\"}]},{\"@type\":\"WebSite\",\"@id\":\"https:\/\/www.fernco.de\/en\/#website\",\"url\":\"https:\/\/www.fernco.de\/en\/\",\"name\":\"Fernco\",\"description\":\"Flexible Couplings, Drainage &amp; Plumbing Systems\",\"publisher\":{\"@id\":\"https:\/\/www.fernco.de\/en\/#organization\"},\"potentialAction\":[{\"@type\":\"SearchAction\",\"target\":{\"@type\":\"EntryPoint\",\"urlTemplate\":\"https:\/\/www.fernco.de\/en\/?s={search_term_string}\"},\"query-input\":\"required name=search_term_string\"}],\"inLanguage\":\"en-US\"},{\"@type\":\"Organization\",\"@id\":\"https:\/\/www.fernco.de\/en\/#organization\",\"name\":\"Fernco GmbH\",\"alternateName\":\"Fernco\",\"url\":\"https:\/\/www.fernco.de\/en\/\",\"logo\":{\"@type\":\"ImageObject\",\"inLanguage\":\"en-US\",\"@id\":\"https:\/\/www.fernco.de\/en\/#\/schema\/logo\/image\/\",\"url\":\"https:\/\/www.fernco.de\/wp-content\/uploads\/2022\/06\/fernco-logo.png\",\"contentUrl\":\"https:\/\/www.fernco.de\/wp-content\/uploads\/2022\/06\/fernco-logo.png\",\"width\":287,\"height\":50,\"caption\":\"Fernco GmbH\"},\"image\":{\"@id\":\"https:\/\/www.fernco.de\/en\/#\/schema\/logo\/image\/\"},\"sameAs\":[\"https:\/\/www.facebook.com\/Flexseal\",\"https:\/\/x.com\/FlexsealUK\"]}]}<\/script>\n<!-- \/ Yoast SEO plugin. -->","yoast_head_json":{"title":"P-Ring PR | Fernco","description":"P-Rings from Fernco are sealing elements for vitrified clay pipes, suitable for normal load and high load, consist of NR rubber with steel inlay","robots":{"index":"index","follow":"follow","max-snippet":"max-snippet:-1","max-image-preview":"max-image-preview:large","max-video-preview":"max-video-preview:-1"},"canonical":"https:\/\/www.fernco.de\/en\/product\/p-ring","og_locale":"en_US","og_type":"article","og_title":"P-Ring PR | Fernco","og_description":"P-Rings from Fernco are sealing elements for vitrified clay pipes, suitable for normal load and high load, consist of NR rubber with steel inlay","og_url":"https:\/\/www.fernco.de\/en\/product\/p-ring","og_site_name":"Fernco","article_publisher":"https:\/\/www.facebook.com\/Flexseal","article_modified_time":"2024-08-01T09:23:10+00:00","og_image":[{"width":700,"height":394,"url":"https:\/\/www.fernco.de\/wp-content\/uploads\/2023\/05\/PR_700x394.png","type":"image\/png"}],"twitter_card":"summary_large_image","twitter_site":"@FlexsealUK","twitter_misc":{"Est. reading time":"1 minute"},"schema":{"@context":"https:\/\/schema.org","@graph":[{"@type":"WebPage","@id":"https:\/\/www.fernco.de\/en\/product\/p-ring","url":"https:\/\/www.fernco.de\/en\/product\/p-ring","name":"P-Ring PR | Fernco","isPartOf":{"@id":"https:\/\/www.fernco.de\/en\/#website"},"primaryImageOfPage":{"@id":"https:\/\/www.fernco.de\/en\/product\/p-ring#primaryimage"},"image":{"@id":"https:\/\/www.fernco.de\/en\/product\/p-ring#primaryimage"},"thumbnailUrl":"https:\/\/www.fernco.de\/wp-content\/uploads\/2023\/05\/PR_700x394.png","datePublished":"2020-10-27T08:24:50+00:00","dateModified":"2024-08-01T09:23:10+00:00","description":"P-Rings from Fernco are sealing elements for vitrified clay pipes, suitable for normal load and high load, consist of NR rubber with steel inlay","breadcrumb":{"@id":"https:\/\/www.fernco.de\/en\/product\/p-ring#breadcrumb"},"inLanguage":"en-US","potentialAction":[{"@type":"ReadAction","target":["https:\/\/www.fernco.de\/en\/product\/p-ring"]}]},{"@type":"ImageObject","inLanguage":"en-US","@id":"https:\/\/www.fernco.de\/en\/product\/p-ring#primaryimage","url":"https:\/\/www.fernco.de\/wp-content\/uploads\/2023\/05\/PR_700x394.png","contentUrl":"https:\/\/www.fernco.de\/wp-content\/uploads\/2023\/05\/PR_700x394.png","width":700,"height":394},{"@type":"BreadcrumbList","@id":"https:\/\/www.fernco.de\/en\/product\/p-ring#breadcrumb","itemListElement":[{"@type":"ListItem","position":1,"name":"Home","item":"https:\/\/www.fernco.de\/en"},{"@type":"ListItem","position":2,"name":"Products","item":"https:\/\/www.fernco.de\/en\/shop"},{"@type":"ListItem","position":3,"name":"P-Ring PR"}]},{"@type":"WebSite","@id":"https:\/\/www.fernco.de\/en\/#website","url":"https:\/\/www.fernco.de\/en\/","name":"Fernco","description":"Flexible Couplings, Drainage &amp; Plumbing Systems","publisher":{"@id":"https:\/\/www.fernco.de\/en\/#organization"},"potentialAction":[{"@type":"SearchAction","target":{"@type":"EntryPoint","urlTemplate":"https:\/\/www.fernco.de\/en\/?s={search_term_string}"},"query-input":"required name=search_term_string"}],"inLanguage":"en-US"},{"@type":"Organization","@id":"https:\/\/www.fernco.de\/en\/#organization","name":"Fernco GmbH","alternateName":"Fernco","url":"https:\/\/www.fernco.de\/en\/","logo":{"@type":"ImageObject","inLanguage":"en-US","@id":"https:\/\/www.fernco.de\/en\/#\/schema\/logo\/image\/","url":"https:\/\/www.fernco.de\/wp-content\/uploads\/2022\/06\/fernco-logo.png","contentUrl":"https:\/\/www.fernco.de\/wp-content\/uploads\/2022\/06\/fernco-logo.png","width":287,"height":50,"caption":"Fernco GmbH"},"image":{"@id":"https:\/\/www.fernco.de\/en\/#\/schema\/logo\/image\/"},"sameAs":["https:\/\/www.facebook.com\/Flexseal","https:\/\/x.com\/FlexsealUK"]}]}},"_links":{"self":[{"href":"https:\/\/www.fernco.de\/en\/wp-json\/wp\/v2\/product\/22747"}],"collection":[{"href":"https:\/\/www.fernco.de\/en\/wp-json\/wp\/v2\/product"}],"about":[{"href":"https:\/\/www.fernco.de\/en\/wp-json\/wp\/v2\/types\/product"}],"wp:featuredmedia":[{"embeddable":true,"href":"https:\/\/www.fernco.de\/en\/wp-json\/wp\/v2\/media\/28200"}],"wp:attachment":[{"href":"https:\/\/www.fernco.de\/en\/wp-json\/wp\/v2\/media?parent=22747"}],"wp:term":[{"taxonomy":"product_cat","embeddable":true,"href":"https:\/\/www.fernco.de\/en\/wp-json\/wp\/v2\/product_cat?post=22747"},{"taxonomy":"product_tag","embeddable":true,"href":"https:\/\/www.fernco.de\/en\/wp-json\/wp\/v2\/product_tag?post=22747"}],"curies":[{"name":"wp","href":"https:\/\/api.w.org\/{rel}","templated":true}]}}