{"id":22749,"date":"2020-10-27T08:26:25","date_gmt":"2020-10-27T08:26:25","guid":{"rendered":"https:\/\/www.fernco.de\/?post_type=product&#038;p=22749"},"modified":"2024-08-01T10:24:40","modified_gmt":"2024-08-01T09:24:40","slug":"u-ring","status":"publish","type":"product","link":"https:\/\/www.fernco.de\/en\/product\/u-ring","title":{"rendered":"U-Ring UR"},"content":{"rendered":"<p>\u00dcR \u00dcR100-SML\/KG \u00dcR125-SML \u00dcR150-SML\/KG \u00dcR150-GGG\/FZ \u00dcR200-SML \u00dcR100 \u00dcR125 \u00dcR150 \u00dcR150 \u00dcR200 \u00dcR<br \/>\nUR100-110 UR125-135 UR150-160 UR150-170 UR200-210<\/p>\n<p>\u00dcbergangsrollring \u00fcbergangsring Rolling Ring u \u00fc ring Pier\u015bcie\u0144 przej\u015bciowy<br \/>\n\u00dcbergangsringe transition rings Tiefbau Abwasser sewage Civil Engineering Dichtringe steinzeugrohr rohrspitzende abdichten sealing rings Bagues d&#8217;\u00c9tanch\u00e9it\u00e9 Pier\u015bcienie Pier\u015bcie\u0144 uszczelniaj\u0105ce<br \/>\nRohrverbindungen pipes connections joints Raccords de tuyaux po\u0142\u0105czenia rurowe<\/p>\n<p>Steinzeugrohre eurotop vitrified clay pipes Tuyaux en gr\u00e8s Rury kamionkowe<\/p>\n<p>SBR Gummi Elastomere kautschuk rubber Caoutchouc \u00c9lastom\u00e8re Guma Elastomery<br \/>\nschwarz black noir czarny<\/p>\n<p>DN100 DN125 DN150 DN200<\/p>\n","protected":false},"excerpt":{"rendered":"<p>The Fernco transition rings according to DIN EN 295, part 4 are used, when transitions of spigot ends from different pipe material such as PVCu, Cast Iron, Ductile Iron, Asbestos Cement to clay sockets with the connection system F, with lip seal \u201cL\u201d should be connected.<\/p>\n<p>The transition ring is pushed as far as it will go to the chamfered end\u00a0of the tube tip and then inserted into the corresponding sleeve with\u00a0a lip seal \u201cL\u201d like a stone tip end.<\/p>\n<p><a href=\"https:\/\/fernco-shop.eu\/rolling-ring.html\" target=\"_blank\" rel=\"Shop noopener now! noreferrer\"><img decoding=\"async\" class=\"alignleft wp-image-24709 size-full\" src=\"https:\/\/www.fernco.de\/wp-content\/uploads\/2021\/02\/ShopNow_Website_EU_1.png\" alt=\"SHOP NOW\" width=\"160\" height=\"60\" \/><\/a><\/p>\n","protected":false},"featured_media":28166,"template":"","meta":{"_acf_changed":false,"_mi_skip_tracking":false,"_monsterinsights_sitenote_active":false,"_monsterinsights_sitenote_note":"","_monsterinsights_sitenote_category":0},"product_cat":[234],"product_tag":[],"acf":[],"yoast_head":"<!-- This site is optimized with the Yoast SEO plugin v22.7 - https:\/\/yoast.com\/wordpress\/plugins\/seo\/ -->\n<title>U-Ring UR | Fernco<\/title>\n<meta name=\"description\" content=\"Transition rings from Fernco for the transition of pipe spigot ends made of different materials on vitrified clay sockets. DIN EN 295-4 compliant.\" \/>\n<meta name=\"robots\" content=\"index, follow, max-snippet:-1, max-image-preview:large, max-video-preview:-1\" \/>\n<link rel=\"canonical\" href=\"https:\/\/www.fernco.de\/en\/product\/u-ring\" \/>\n<meta property=\"og:locale\" content=\"en_US\" \/>\n<meta property=\"og:type\" content=\"article\" \/>\n<meta property=\"og:title\" content=\"U-Ring UR | Fernco\" \/>\n<meta property=\"og:description\" content=\"Transition rings from Fernco for the transition of pipe spigot ends made of different materials on vitrified clay sockets. DIN EN 295-4 compliant.\" \/>\n<meta property=\"og:url\" content=\"https:\/\/www.fernco.de\/en\/product\/u-ring\" \/>\n<meta property=\"og:site_name\" content=\"Fernco\" \/>\n<meta property=\"article:publisher\" content=\"https:\/\/www.facebook.com\/Flexseal\" \/>\n<meta property=\"article:modified_time\" content=\"2024-08-01T09:24:40+00:00\" \/>\n<meta property=\"og:image\" content=\"https:\/\/www.fernco.de\/wp-content\/uploads\/2023\/05\/UeGR_700x394.png\" \/>\n\t<meta property=\"og:image:width\" content=\"700\" \/>\n\t<meta property=\"og:image:height\" content=\"394\" \/>\n\t<meta property=\"og:image:type\" content=\"image\/png\" \/>\n<meta name=\"twitter:card\" content=\"summary_large_image\" \/>\n<meta name=\"twitter:site\" content=\"@FlexsealUK\" \/>\n<meta name=\"twitter:label1\" content=\"Est. reading time\" \/>\n\t<meta name=\"twitter:data1\" content=\"1 minute\" \/>\n<script type=\"application\/ld+json\" class=\"yoast-schema-graph\">{\"@context\":\"https:\/\/schema.org\",\"@graph\":[{\"@type\":\"WebPage\",\"@id\":\"https:\/\/www.fernco.de\/en\/product\/u-ring\",\"url\":\"https:\/\/www.fernco.de\/en\/product\/u-ring\",\"name\":\"U-Ring UR | Fernco\",\"isPartOf\":{\"@id\":\"https:\/\/www.fernco.de\/en\/#website\"},\"primaryImageOfPage\":{\"@id\":\"https:\/\/www.fernco.de\/en\/product\/u-ring#primaryimage\"},\"image\":{\"@id\":\"https:\/\/www.fernco.de\/en\/product\/u-ring#primaryimage\"},\"thumbnailUrl\":\"https:\/\/www.fernco.de\/wp-content\/uploads\/2023\/05\/UeGR_700x394.png\",\"datePublished\":\"2020-10-27T08:26:25+00:00\",\"dateModified\":\"2024-08-01T09:24:40+00:00\",\"description\":\"Transition rings from Fernco for the transition of pipe spigot ends made of different materials on vitrified clay sockets. DIN EN 295-4 compliant.\",\"breadcrumb\":{\"@id\":\"https:\/\/www.fernco.de\/en\/product\/u-ring#breadcrumb\"},\"inLanguage\":\"en-US\",\"potentialAction\":[{\"@type\":\"ReadAction\",\"target\":[\"https:\/\/www.fernco.de\/en\/product\/u-ring\"]}]},{\"@type\":\"ImageObject\",\"inLanguage\":\"en-US\",\"@id\":\"https:\/\/www.fernco.de\/en\/product\/u-ring#primaryimage\",\"url\":\"https:\/\/www.fernco.de\/wp-content\/uploads\/2023\/05\/UeGR_700x394.png\",\"contentUrl\":\"https:\/\/www.fernco.de\/wp-content\/uploads\/2023\/05\/UeGR_700x394.png\",\"width\":700,\"height\":394},{\"@type\":\"BreadcrumbList\",\"@id\":\"https:\/\/www.fernco.de\/en\/product\/u-ring#breadcrumb\",\"itemListElement\":[{\"@type\":\"ListItem\",\"position\":1,\"name\":\"Home\",\"item\":\"https:\/\/www.fernco.de\/en\"},{\"@type\":\"ListItem\",\"position\":2,\"name\":\"Products\",\"item\":\"https:\/\/www.fernco.de\/en\/shop\"},{\"@type\":\"ListItem\",\"position\":3,\"name\":\"U-Ring UR\"}]},{\"@type\":\"WebSite\",\"@id\":\"https:\/\/www.fernco.de\/en\/#website\",\"url\":\"https:\/\/www.fernco.de\/en\/\",\"name\":\"Fernco\",\"description\":\"Flexible Couplings, Drainage &amp; Plumbing Systems\",\"publisher\":{\"@id\":\"https:\/\/www.fernco.de\/en\/#organization\"},\"potentialAction\":[{\"@type\":\"SearchAction\",\"target\":{\"@type\":\"EntryPoint\",\"urlTemplate\":\"https:\/\/www.fernco.de\/en\/?s={search_term_string}\"},\"query-input\":\"required name=search_term_string\"}],\"inLanguage\":\"en-US\"},{\"@type\":\"Organization\",\"@id\":\"https:\/\/www.fernco.de\/en\/#organization\",\"name\":\"Fernco GmbH\",\"alternateName\":\"Fernco\",\"url\":\"https:\/\/www.fernco.de\/en\/\",\"logo\":{\"@type\":\"ImageObject\",\"inLanguage\":\"en-US\",\"@id\":\"https:\/\/www.fernco.de\/en\/#\/schema\/logo\/image\/\",\"url\":\"https:\/\/www.fernco.de\/wp-content\/uploads\/2022\/06\/fernco-logo.png\",\"contentUrl\":\"https:\/\/www.fernco.de\/wp-content\/uploads\/2022\/06\/fernco-logo.png\",\"width\":287,\"height\":50,\"caption\":\"Fernco GmbH\"},\"image\":{\"@id\":\"https:\/\/www.fernco.de\/en\/#\/schema\/logo\/image\/\"},\"sameAs\":[\"https:\/\/www.facebook.com\/Flexseal\",\"https:\/\/x.com\/FlexsealUK\"]}]}<\/script>\n<!-- \/ Yoast SEO plugin. -->","yoast_head_json":{"title":"U-Ring UR | Fernco","description":"Transition rings from Fernco for the transition of pipe spigot ends made of different materials on vitrified clay sockets. DIN EN 295-4 compliant.","robots":{"index":"index","follow":"follow","max-snippet":"max-snippet:-1","max-image-preview":"max-image-preview:large","max-video-preview":"max-video-preview:-1"},"canonical":"https:\/\/www.fernco.de\/en\/product\/u-ring","og_locale":"en_US","og_type":"article","og_title":"U-Ring UR | Fernco","og_description":"Transition rings from Fernco for the transition of pipe spigot ends made of different materials on vitrified clay sockets. DIN EN 295-4 compliant.","og_url":"https:\/\/www.fernco.de\/en\/product\/u-ring","og_site_name":"Fernco","article_publisher":"https:\/\/www.facebook.com\/Flexseal","article_modified_time":"2024-08-01T09:24:40+00:00","og_image":[{"width":700,"height":394,"url":"https:\/\/www.fernco.de\/wp-content\/uploads\/2023\/05\/UeGR_700x394.png","type":"image\/png"}],"twitter_card":"summary_large_image","twitter_site":"@FlexsealUK","twitter_misc":{"Est. reading time":"1 minute"},"schema":{"@context":"https:\/\/schema.org","@graph":[{"@type":"WebPage","@id":"https:\/\/www.fernco.de\/en\/product\/u-ring","url":"https:\/\/www.fernco.de\/en\/product\/u-ring","name":"U-Ring UR | Fernco","isPartOf":{"@id":"https:\/\/www.fernco.de\/en\/#website"},"primaryImageOfPage":{"@id":"https:\/\/www.fernco.de\/en\/product\/u-ring#primaryimage"},"image":{"@id":"https:\/\/www.fernco.de\/en\/product\/u-ring#primaryimage"},"thumbnailUrl":"https:\/\/www.fernco.de\/wp-content\/uploads\/2023\/05\/UeGR_700x394.png","datePublished":"2020-10-27T08:26:25+00:00","dateModified":"2024-08-01T09:24:40+00:00","description":"Transition rings from Fernco for the transition of pipe spigot ends made of different materials on vitrified clay sockets. DIN EN 295-4 compliant.","breadcrumb":{"@id":"https:\/\/www.fernco.de\/en\/product\/u-ring#breadcrumb"},"inLanguage":"en-US","potentialAction":[{"@type":"ReadAction","target":["https:\/\/www.fernco.de\/en\/product\/u-ring"]}]},{"@type":"ImageObject","inLanguage":"en-US","@id":"https:\/\/www.fernco.de\/en\/product\/u-ring#primaryimage","url":"https:\/\/www.fernco.de\/wp-content\/uploads\/2023\/05\/UeGR_700x394.png","contentUrl":"https:\/\/www.fernco.de\/wp-content\/uploads\/2023\/05\/UeGR_700x394.png","width":700,"height":394},{"@type":"BreadcrumbList","@id":"https:\/\/www.fernco.de\/en\/product\/u-ring#breadcrumb","itemListElement":[{"@type":"ListItem","position":1,"name":"Home","item":"https:\/\/www.fernco.de\/en"},{"@type":"ListItem","position":2,"name":"Products","item":"https:\/\/www.fernco.de\/en\/shop"},{"@type":"ListItem","position":3,"name":"U-Ring UR"}]},{"@type":"WebSite","@id":"https:\/\/www.fernco.de\/en\/#website","url":"https:\/\/www.fernco.de\/en\/","name":"Fernco","description":"Flexible Couplings, Drainage &amp; Plumbing Systems","publisher":{"@id":"https:\/\/www.fernco.de\/en\/#organization"},"potentialAction":[{"@type":"SearchAction","target":{"@type":"EntryPoint","urlTemplate":"https:\/\/www.fernco.de\/en\/?s={search_term_string}"},"query-input":"required name=search_term_string"}],"inLanguage":"en-US"},{"@type":"Organization","@id":"https:\/\/www.fernco.de\/en\/#organization","name":"Fernco GmbH","alternateName":"Fernco","url":"https:\/\/www.fernco.de\/en\/","logo":{"@type":"ImageObject","inLanguage":"en-US","@id":"https:\/\/www.fernco.de\/en\/#\/schema\/logo\/image\/","url":"https:\/\/www.fernco.de\/wp-content\/uploads\/2022\/06\/fernco-logo.png","contentUrl":"https:\/\/www.fernco.de\/wp-content\/uploads\/2022\/06\/fernco-logo.png","width":287,"height":50,"caption":"Fernco GmbH"},"image":{"@id":"https:\/\/www.fernco.de\/en\/#\/schema\/logo\/image\/"},"sameAs":["https:\/\/www.facebook.com\/Flexseal","https:\/\/x.com\/FlexsealUK"]}]}},"_links":{"self":[{"href":"https:\/\/www.fernco.de\/en\/wp-json\/wp\/v2\/product\/22749"}],"collection":[{"href":"https:\/\/www.fernco.de\/en\/wp-json\/wp\/v2\/product"}],"about":[{"href":"https:\/\/www.fernco.de\/en\/wp-json\/wp\/v2\/types\/product"}],"wp:featuredmedia":[{"embeddable":true,"href":"https:\/\/www.fernco.de\/en\/wp-json\/wp\/v2\/media\/28166"}],"wp:attachment":[{"href":"https:\/\/www.fernco.de\/en\/wp-json\/wp\/v2\/media?parent=22749"}],"wp:term":[{"taxonomy":"product_cat","embeddable":true,"href":"https:\/\/www.fernco.de\/en\/wp-json\/wp\/v2\/product_cat?post=22749"},{"taxonomy":"product_tag","embeddable":true,"href":"https:\/\/www.fernco.de\/en\/wp-json\/wp\/v2\/product_tag?post=22749"}],"curies":[{"name":"wp","href":"https:\/\/api.w.org\/{rel}","templated":true}]}}