{"id":22755,"date":"2020-10-27T08:30:29","date_gmt":"2020-10-27T08:30:29","guid":{"rendered":"https:\/\/www.fernco.de\/?post_type=product&#038;p=22755"},"modified":"2025-12-22T09:00:20","modified_gmt":"2025-12-22T09:00:20","slug":"rolling-rings","status":"publish","type":"product","link":"https:\/\/www.fernco.de\/en\/product\/rolling-rings","title":{"rendered":"Rolling Rings RR"},"content":{"rendered":"<p>RSR100\/16 RSR100\/18 RSR100\/20 RSR125\/20 RSR125\/22 RSR125\/24 RSR150\/20 RSR150\/22 RSR150\/24 RSR200\/24 RSR200\/26<br \/>\nRR100-16 RR100-18 RR100-20 RR125-20 RR125-22 RR125-24 RR150-20 RR150-22 RR150-24 RR200-24 RR200-26<\/p>\n<p>RR RSR Rundschnurring Rollring Rundschnurring \u00fcbergangsring rollring Transition Ring round Pier\u015bcie\u0144 linkowy przej\u015bciowy<br \/>\nDichtringe steinzeugrohr rohrspitzende abdichten sealing rings Bagues d&#8217;\u00c9tanch\u00e9it\u00e9 Pier\u015bcienie Pier\u015bcie\u0144 uszczelniaj\u0105ce<br \/>\nabgel\u00e4ngte Steinzeugrohre Steckmuffe L<br \/>\nSteinzeugrohre vitrified clay Betonrohre concrete pipes Abwasserrohre Abflusssysteme sewage Steinzeugrohre eurotop vitrified clay pipes Tuyaux en gr\u00e8s Rury kamionkowe<\/p>\n<p>EPDM Gummi Elastomere kautschuk UV best\u00e4ndig rubber resistant Caoutchouc \u00c9lastom\u00e8re r\u00e9sistant Guma Elastomery Odporne na promieniowanie schwarz black noir czarny<\/p>\n<p>DN100 DN125 DN150 DN200<\/p>\n","protected":false},"excerpt":{"rendered":"<ul>\n<li>For use in pipe sockets with missing seals<\/li>\n<li>Permanent sealing when connecting different sewage pipe systems<\/li>\n<li>Made of EPDM in accordance with DIN EN 681-1<\/li>\n<\/ul>\n<p>The Fernco transition ring is used for the connection of sewage pipes from different sewage pipe systems to clay pipe or concrete sockets without seal.<\/p>\n<p><strong>Material<\/strong>: The rolling ring consists of a cellular rubber which is a closed cell foamy elastomer.<\/p>\n","protected":false},"featured_media":34066,"template":"","meta":{"_acf_changed":false,"_mi_skip_tracking":false,"_monsterinsights_sitenote_active":false,"_monsterinsights_sitenote_note":"","_monsterinsights_sitenote_category":0},"product_cat":[234],"product_tag":[],"acf":[],"yoast_head":"<!-- This site is optimized with the Yoast SEO plugin v22.7 - https:\/\/yoast.com\/wordpress\/plugins\/seo\/ -->\n<title>Rolling Rings RR | Fernco<\/title>\n<meta name=\"robots\" content=\"index, follow, max-snippet:-1, max-image-preview:large, max-video-preview:-1\" \/>\n<link rel=\"canonical\" href=\"https:\/\/www.fernco.de\/en\/product\/rolling-rings\" \/>\n<meta property=\"og:locale\" content=\"en_US\" \/>\n<meta property=\"og:type\" content=\"article\" \/>\n<meta property=\"og:title\" content=\"Rolling Rings RR | Fernco\" \/>\n<meta property=\"og:description\" content=\"For use in pipe sockets with missing seals  Permanent sealing when connecting different sewage pipe systems  Made of EPDM in accordance with DIN EN 681-1  The Fernco transition ring is used for the connection of sewage pipes from different sewage pipe systems to clay pipe or concrete sockets without seal.  Material: The rolling ring consists of a cellular rubber which is a closed cell foamy elastomer.\" \/>\n<meta property=\"og:url\" content=\"https:\/\/www.fernco.de\/en\/product\/rolling-rings\" \/>\n<meta property=\"og:site_name\" content=\"Fernco\" \/>\n<meta property=\"article:publisher\" content=\"https:\/\/www.facebook.com\/Flexseal\" \/>\n<meta property=\"article:modified_time\" content=\"2025-12-22T09:00:20+00:00\" \/>\n<meta property=\"og:image\" content=\"https:\/\/www.fernco.de\/wp-content\/uploads\/2020\/10\/RRs_700x394.png\" \/>\n\t<meta property=\"og:image:width\" content=\"700\" \/>\n\t<meta property=\"og:image:height\" content=\"394\" \/>\n\t<meta property=\"og:image:type\" content=\"image\/png\" \/>\n<meta name=\"twitter:card\" content=\"summary_large_image\" \/>\n<meta name=\"twitter:site\" content=\"@FlexsealUK\" \/>\n<meta name=\"twitter:label1\" content=\"Est. reading time\" \/>\n\t<meta name=\"twitter:data1\" content=\"1 minute\" \/>\n<script type=\"application\/ld+json\" class=\"yoast-schema-graph\">{\"@context\":\"https:\/\/schema.org\",\"@graph\":[{\"@type\":\"WebPage\",\"@id\":\"https:\/\/www.fernco.de\/en\/product\/rolling-rings\",\"url\":\"https:\/\/www.fernco.de\/en\/product\/rolling-rings\",\"name\":\"Rolling Rings RR | Fernco\",\"isPartOf\":{\"@id\":\"https:\/\/www.fernco.de\/en\/#website\"},\"primaryImageOfPage\":{\"@id\":\"https:\/\/www.fernco.de\/en\/product\/rolling-rings#primaryimage\"},\"image\":{\"@id\":\"https:\/\/www.fernco.de\/en\/product\/rolling-rings#primaryimage\"},\"thumbnailUrl\":\"https:\/\/www.fernco.de\/wp-content\/uploads\/2020\/10\/RRs_700x394.png\",\"datePublished\":\"2020-10-27T08:30:29+00:00\",\"dateModified\":\"2025-12-22T09:00:20+00:00\",\"breadcrumb\":{\"@id\":\"https:\/\/www.fernco.de\/en\/product\/rolling-rings#breadcrumb\"},\"inLanguage\":\"en-US\",\"potentialAction\":[{\"@type\":\"ReadAction\",\"target\":[\"https:\/\/www.fernco.de\/en\/product\/rolling-rings\"]}]},{\"@type\":\"ImageObject\",\"inLanguage\":\"en-US\",\"@id\":\"https:\/\/www.fernco.de\/en\/product\/rolling-rings#primaryimage\",\"url\":\"https:\/\/www.fernco.de\/wp-content\/uploads\/2020\/10\/RRs_700x394.png\",\"contentUrl\":\"https:\/\/www.fernco.de\/wp-content\/uploads\/2020\/10\/RRs_700x394.png\",\"width\":700,\"height\":394},{\"@type\":\"BreadcrumbList\",\"@id\":\"https:\/\/www.fernco.de\/en\/product\/rolling-rings#breadcrumb\",\"itemListElement\":[{\"@type\":\"ListItem\",\"position\":1,\"name\":\"Home\",\"item\":\"https:\/\/www.fernco.de\/en\"},{\"@type\":\"ListItem\",\"position\":2,\"name\":\"Products\",\"item\":\"https:\/\/www.fernco.de\/en\/shop\"},{\"@type\":\"ListItem\",\"position\":3,\"name\":\"Rolling Rings RR\"}]},{\"@type\":\"WebSite\",\"@id\":\"https:\/\/www.fernco.de\/en\/#website\",\"url\":\"https:\/\/www.fernco.de\/en\/\",\"name\":\"Fernco\",\"description\":\"Flexible Couplings, Drainage &amp; Plumbing Systems\",\"publisher\":{\"@id\":\"https:\/\/www.fernco.de\/en\/#organization\"},\"potentialAction\":[{\"@type\":\"SearchAction\",\"target\":{\"@type\":\"EntryPoint\",\"urlTemplate\":\"https:\/\/www.fernco.de\/en\/?s={search_term_string}\"},\"query-input\":\"required name=search_term_string\"}],\"inLanguage\":\"en-US\"},{\"@type\":\"Organization\",\"@id\":\"https:\/\/www.fernco.de\/en\/#organization\",\"name\":\"Fernco GmbH\",\"alternateName\":\"Fernco\",\"url\":\"https:\/\/www.fernco.de\/en\/\",\"logo\":{\"@type\":\"ImageObject\",\"inLanguage\":\"en-US\",\"@id\":\"https:\/\/www.fernco.de\/en\/#\/schema\/logo\/image\/\",\"url\":\"https:\/\/www.fernco.de\/wp-content\/uploads\/2022\/06\/fernco-logo.png\",\"contentUrl\":\"https:\/\/www.fernco.de\/wp-content\/uploads\/2022\/06\/fernco-logo.png\",\"width\":287,\"height\":50,\"caption\":\"Fernco GmbH\"},\"image\":{\"@id\":\"https:\/\/www.fernco.de\/en\/#\/schema\/logo\/image\/\"},\"sameAs\":[\"https:\/\/www.facebook.com\/Flexseal\",\"https:\/\/x.com\/FlexsealUK\"]}]}<\/script>\n<!-- \/ Yoast SEO plugin. -->","yoast_head_json":{"title":"Rolling Rings RR | Fernco","robots":{"index":"index","follow":"follow","max-snippet":"max-snippet:-1","max-image-preview":"max-image-preview:large","max-video-preview":"max-video-preview:-1"},"canonical":"https:\/\/www.fernco.de\/en\/product\/rolling-rings","og_locale":"en_US","og_type":"article","og_title":"Rolling Rings RR | Fernco","og_description":"For use in pipe sockets with missing seals  Permanent sealing when connecting different sewage pipe systems  Made of EPDM in accordance with DIN EN 681-1  The Fernco transition ring is used for the connection of sewage pipes from different sewage pipe systems to clay pipe or concrete sockets without seal.  Material: The rolling ring consists of a cellular rubber which is a closed cell foamy elastomer.","og_url":"https:\/\/www.fernco.de\/en\/product\/rolling-rings","og_site_name":"Fernco","article_publisher":"https:\/\/www.facebook.com\/Flexseal","article_modified_time":"2025-12-22T09:00:20+00:00","og_image":[{"width":700,"height":394,"url":"https:\/\/www.fernco.de\/wp-content\/uploads\/2020\/10\/RRs_700x394.png","type":"image\/png"}],"twitter_card":"summary_large_image","twitter_site":"@FlexsealUK","twitter_misc":{"Est. reading time":"1 minute"},"schema":{"@context":"https:\/\/schema.org","@graph":[{"@type":"WebPage","@id":"https:\/\/www.fernco.de\/en\/product\/rolling-rings","url":"https:\/\/www.fernco.de\/en\/product\/rolling-rings","name":"Rolling Rings RR | Fernco","isPartOf":{"@id":"https:\/\/www.fernco.de\/en\/#website"},"primaryImageOfPage":{"@id":"https:\/\/www.fernco.de\/en\/product\/rolling-rings#primaryimage"},"image":{"@id":"https:\/\/www.fernco.de\/en\/product\/rolling-rings#primaryimage"},"thumbnailUrl":"https:\/\/www.fernco.de\/wp-content\/uploads\/2020\/10\/RRs_700x394.png","datePublished":"2020-10-27T08:30:29+00:00","dateModified":"2025-12-22T09:00:20+00:00","breadcrumb":{"@id":"https:\/\/www.fernco.de\/en\/product\/rolling-rings#breadcrumb"},"inLanguage":"en-US","potentialAction":[{"@type":"ReadAction","target":["https:\/\/www.fernco.de\/en\/product\/rolling-rings"]}]},{"@type":"ImageObject","inLanguage":"en-US","@id":"https:\/\/www.fernco.de\/en\/product\/rolling-rings#primaryimage","url":"https:\/\/www.fernco.de\/wp-content\/uploads\/2020\/10\/RRs_700x394.png","contentUrl":"https:\/\/www.fernco.de\/wp-content\/uploads\/2020\/10\/RRs_700x394.png","width":700,"height":394},{"@type":"BreadcrumbList","@id":"https:\/\/www.fernco.de\/en\/product\/rolling-rings#breadcrumb","itemListElement":[{"@type":"ListItem","position":1,"name":"Home","item":"https:\/\/www.fernco.de\/en"},{"@type":"ListItem","position":2,"name":"Products","item":"https:\/\/www.fernco.de\/en\/shop"},{"@type":"ListItem","position":3,"name":"Rolling Rings RR"}]},{"@type":"WebSite","@id":"https:\/\/www.fernco.de\/en\/#website","url":"https:\/\/www.fernco.de\/en\/","name":"Fernco","description":"Flexible Couplings, Drainage &amp; Plumbing Systems","publisher":{"@id":"https:\/\/www.fernco.de\/en\/#organization"},"potentialAction":[{"@type":"SearchAction","target":{"@type":"EntryPoint","urlTemplate":"https:\/\/www.fernco.de\/en\/?s={search_term_string}"},"query-input":"required name=search_term_string"}],"inLanguage":"en-US"},{"@type":"Organization","@id":"https:\/\/www.fernco.de\/en\/#organization","name":"Fernco GmbH","alternateName":"Fernco","url":"https:\/\/www.fernco.de\/en\/","logo":{"@type":"ImageObject","inLanguage":"en-US","@id":"https:\/\/www.fernco.de\/en\/#\/schema\/logo\/image\/","url":"https:\/\/www.fernco.de\/wp-content\/uploads\/2022\/06\/fernco-logo.png","contentUrl":"https:\/\/www.fernco.de\/wp-content\/uploads\/2022\/06\/fernco-logo.png","width":287,"height":50,"caption":"Fernco GmbH"},"image":{"@id":"https:\/\/www.fernco.de\/en\/#\/schema\/logo\/image\/"},"sameAs":["https:\/\/www.facebook.com\/Flexseal","https:\/\/x.com\/FlexsealUK"]}]}},"_links":{"self":[{"href":"https:\/\/www.fernco.de\/en\/wp-json\/wp\/v2\/product\/22755"}],"collection":[{"href":"https:\/\/www.fernco.de\/en\/wp-json\/wp\/v2\/product"}],"about":[{"href":"https:\/\/www.fernco.de\/en\/wp-json\/wp\/v2\/types\/product"}],"wp:featuredmedia":[{"embeddable":true,"href":"https:\/\/www.fernco.de\/en\/wp-json\/wp\/v2\/media\/34066"}],"wp:attachment":[{"href":"https:\/\/www.fernco.de\/en\/wp-json\/wp\/v2\/media?parent=22755"}],"wp:term":[{"taxonomy":"product_cat","embeddable":true,"href":"https:\/\/www.fernco.de\/en\/wp-json\/wp\/v2\/product_cat?post=22755"},{"taxonomy":"product_tag","embeddable":true,"href":"https:\/\/www.fernco.de\/en\/wp-json\/wp\/v2\/product_tag?post=22755"}],"curies":[{"name":"wp","href":"https:\/\/api.w.org\/{rel}","templated":true}]}}