{"id":23868,"date":"2021-02-11T11:02:21","date_gmt":"2021-02-11T11:02:21","guid":{"rendered":"https:\/\/www.fernco.de\/?post_type=product&#038;p=23868"},"modified":"2025-10-08T07:50:39","modified_gmt":"2025-10-08T06:50:39","slug":"typ-2a-for-clay-pipes","status":"publish","type":"product","link":"https:\/\/www.fernco.de\/en\/product\/typ-2a-for-clay-pipes","title":{"rendered":"Type 2A Coupling for Clay Pipes"},"content":{"rendered":"<p>TC TC135 TC165 TC190 TC250 TC265 TC305 TC325 TC360 TC385 TC425 TC440 TC500 TC560 TC590<\/p>\n<p>Manschettendichtungen couplings sealings Joints de manchette raccords Manszety Manszeta uszczelniaj\u0105ca Manschettendichtung steinzeug Coupling vitrified clay Manszeta uszczelniaj\u0105ca<br \/>\nScherband scherlastsicher scherstabil scherlaststabilit\u00e4t Spannband Spannb\u00e4nder shear bands tension proof Sangles clamp Bande de cisaillement serrage<br \/>\nTiefbau Abwasser Civils Drainage G\u00e9nie Civil Assainissement Infrastruktura kanalizacji sanitarnej i deszczowej Manschettendichtungen manschetten dichtungen rohrverbindungen couplings sealings pipe joints connections Joints de manchette raccords Manszety Manszeta uszczelniaj\u0105ca<br \/>\nScherband scherlastsicher scherstabil scherlaststabilit\u00e4t shear bands tension proof Bande de cisaillement serrage r\u00e9sistant \u00e0 la charge de cisaillement Stabilit\u00e9 au cisaillement Opaska przeciw\u015bcinaj\u0105ca Odporna na obci\u0105\u017cenia \u015bcinaj\u0105ce Przeciw\u015bcinaj\u0105ca<br \/>\nSpannband Spannb\u00e4nder Sangles clamp bands<br \/>\nReparaturen reparieren Wartungen warten besch\u00e4digtes Rohre repairs repairing reparing maintenance damaged pipe r\u00e9parer r\u00e9paration tuyaux endommag\u00e9s Naprawcza Do naprawy Uszkodzona rura<br \/>\nTiefbau Abwasser Civils Drainage G\u00e9nie Civil Assainissement Infrastruktura kanalizacji sanitarnej i deszczowej Niederdruck Kanalisationssysteme Abwasser Regenwasser Industriewasser Low pressure Sewerage systems Waste water Rainwater Industrial water Basse pression Syst\u00e8mes d&#8217;assainissement Eaux us\u00e9es Eau de pluie Eaux industrielles<\/p>\n<p>EPDM Gummi Elastomere kautschuk UV best\u00e4ndig rubber resistant Caoutchouc \u00c9lastom\u00e8re r\u00e9sistant Guma Elastomery Odporne na promieniowanie<br \/>\nNBR Gummi Elastomere \u00f6lbest\u00e4ndig benzinbest\u00e4ndig treibstoff tankstelle rubber gasoline fuel oil resistant gas Caoutchouc \u00c9lastom\u00e8re r\u00e9sistant l&#8217;huile r\u00e9sistant \u00e0 l&#8217;essence Guma Elastomery Odporne na oleje<br \/>\nV2A 1.4301 304 W4 Edelstahl Stahl rostfrei Metall Stainless steel Metal rust free Acier inoxydable M\u00e9tal Stal Nierdzwena<br \/>\nV4A 1.4404 1.4401 316 W5 Edelstahl Stahl rostfrei Metall seewasser best\u00e4ndig salzwasser meer k\u00fcsten schiffahrt coast sea ocean salt water ship shipping r\u00e9sistant \u00e0 l&#8217;eau de mer eau sal\u00e9e navigation Stal Nierdzewna Odporna<br \/>\nsilber silver srebrny<br \/>\nschwarz black noir czarny<\/p>\n<p>scherlastsicher Manschetten Dichtungen Rohrverbindung Steinzeugrohre Scherband Spannband Spannb\u00e4nder Abwasserrohr Ausgleichsringe shear load proof sleeve seal coupling Rohrverbindungen pipe connections joints Raccords de tuyaux Po\u0142\u0105czenia rurowe<\/p>\n<p>DN100 DN125 DN150 DN200 DN250 DN300 DN350 DN400 DN450 DN500 Hochlast Normallast<\/p>\n<p>pipe connection vitrified clay pipes shear tension bands Sewage pipe bushes rings oil resistant gasoline fuel resistant<\/p>\n","protected":false},"excerpt":{"rendered":"<p>The coupling type 2A is basically designed for clay pipes of all manufacturers. Furthermore, it is possible to use it for all pipe materials, which fall into the outer diameter of the clamping area of the coupling! The outer diameter difference, which can be bridged to a maximum\u00a0is 10 mm.<\/p>\n<p>The coupling can only be used in the low pressure range up to 6mWs (0.6 bar)!<\/p>\n<p><strong>Product Benefits:<\/strong><\/p>\n<ul>\n<li>Withstands internal pressures of up to 0.6 bar<\/li>\n<li>A proven, durable and tested design ensures high performance and reliable connections<\/li>\n<li>Stainless steel shear band &#8211; thicker than the standard requires \u2013 provides excellent protection against heavy loads and shear forces<\/li>\n<li>Integrated torque control minimises installation errors<\/li>\n<li>Approved to DIN EN 295-4<\/li>\n<\/ul>\n","protected":false},"featured_media":28164,"template":"","meta":{"_acf_changed":false,"_mi_skip_tracking":false,"_monsterinsights_sitenote_active":false,"_monsterinsights_sitenote_note":"","_monsterinsights_sitenote_category":0},"product_cat":[224],"product_tag":[],"acf":[],"yoast_head":"<!-- This site is optimized with the Yoast SEO plugin v22.7 - https:\/\/yoast.com\/wordpress\/plugins\/seo\/ -->\n<title>Type 2A Coupling | Civils &amp; Drainage| Pipe connection<\/title>\n<meta name=\"description\" content=\"Type 2A Coupling from Fernco, for connecting vitrified clay pipes from all manufacturers, use in the low-pressure range up to 0.6 bar.\" \/>\n<meta name=\"robots\" content=\"index, follow, max-snippet:-1, max-image-preview:large, max-video-preview:-1\" \/>\n<link rel=\"canonical\" href=\"https:\/\/www.fernco.de\/en\/product\/typ-2a-for-clay-pipes\" \/>\n<meta property=\"og:locale\" content=\"en_US\" \/>\n<meta property=\"og:type\" content=\"article\" \/>\n<meta property=\"og:title\" content=\"Type 2A Coupling | Civils &amp; Drainage| Pipe connection\" \/>\n<meta property=\"og:description\" content=\"Type 2A Coupling from Fernco, for connecting vitrified clay pipes from all manufacturers, use in the low-pressure range up to 0.6 bar.\" \/>\n<meta property=\"og:url\" content=\"https:\/\/www.fernco.de\/en\/product\/typ-2a-for-clay-pipes\" \/>\n<meta property=\"og:site_name\" content=\"Fernco\" \/>\n<meta property=\"article:publisher\" content=\"https:\/\/www.facebook.com\/Flexseal\" \/>\n<meta property=\"article:modified_time\" content=\"2025-10-08T06:50:39+00:00\" \/>\n<meta property=\"og:image\" content=\"https:\/\/www.fernco.de\/wp-content\/uploads\/2023\/05\/TC_700x394.png\" \/>\n\t<meta property=\"og:image:width\" content=\"700\" \/>\n\t<meta property=\"og:image:height\" content=\"394\" \/>\n\t<meta property=\"og:image:type\" content=\"image\/png\" \/>\n<meta name=\"twitter:card\" content=\"summary_large_image\" \/>\n<meta name=\"twitter:site\" content=\"@FlexsealUK\" \/>\n<meta name=\"twitter:label1\" content=\"Est. reading time\" \/>\n\t<meta name=\"twitter:data1\" content=\"2 minutes\" \/>\n<script type=\"application\/ld+json\" class=\"yoast-schema-graph\">{\"@context\":\"https:\/\/schema.org\",\"@graph\":[{\"@type\":\"WebPage\",\"@id\":\"https:\/\/www.fernco.de\/en\/product\/typ-2a-for-clay-pipes\",\"url\":\"https:\/\/www.fernco.de\/en\/product\/typ-2a-for-clay-pipes\",\"name\":\"Type 2A Coupling | Civils & Drainage| Pipe connection\",\"isPartOf\":{\"@id\":\"https:\/\/www.fernco.de\/en\/#website\"},\"primaryImageOfPage\":{\"@id\":\"https:\/\/www.fernco.de\/en\/product\/typ-2a-for-clay-pipes#primaryimage\"},\"image\":{\"@id\":\"https:\/\/www.fernco.de\/en\/product\/typ-2a-for-clay-pipes#primaryimage\"},\"thumbnailUrl\":\"https:\/\/www.fernco.de\/wp-content\/uploads\/2023\/05\/TC_700x394.png\",\"datePublished\":\"2021-02-11T11:02:21+00:00\",\"dateModified\":\"2025-10-08T06:50:39+00:00\",\"description\":\"Type 2A Coupling from Fernco, for connecting vitrified clay pipes from all manufacturers, use in the low-pressure range up to 0.6 bar.\",\"breadcrumb\":{\"@id\":\"https:\/\/www.fernco.de\/en\/product\/typ-2a-for-clay-pipes#breadcrumb\"},\"inLanguage\":\"en-US\",\"potentialAction\":[{\"@type\":\"ReadAction\",\"target\":[\"https:\/\/www.fernco.de\/en\/product\/typ-2a-for-clay-pipes\"]}]},{\"@type\":\"ImageObject\",\"inLanguage\":\"en-US\",\"@id\":\"https:\/\/www.fernco.de\/en\/product\/typ-2a-for-clay-pipes#primaryimage\",\"url\":\"https:\/\/www.fernco.de\/wp-content\/uploads\/2023\/05\/TC_700x394.png\",\"contentUrl\":\"https:\/\/www.fernco.de\/wp-content\/uploads\/2023\/05\/TC_700x394.png\",\"width\":700,\"height\":394},{\"@type\":\"BreadcrumbList\",\"@id\":\"https:\/\/www.fernco.de\/en\/product\/typ-2a-for-clay-pipes#breadcrumb\",\"itemListElement\":[{\"@type\":\"ListItem\",\"position\":1,\"name\":\"Home\",\"item\":\"https:\/\/www.fernco.de\/en\"},{\"@type\":\"ListItem\",\"position\":2,\"name\":\"Products\",\"item\":\"https:\/\/www.fernco.de\/en\/shop\"},{\"@type\":\"ListItem\",\"position\":3,\"name\":\"Type 2A Coupling for Clay Pipes\"}]},{\"@type\":\"WebSite\",\"@id\":\"https:\/\/www.fernco.de\/en\/#website\",\"url\":\"https:\/\/www.fernco.de\/en\/\",\"name\":\"Fernco\",\"description\":\"Flexible Couplings, Drainage &amp; Plumbing Systems\",\"publisher\":{\"@id\":\"https:\/\/www.fernco.de\/en\/#organization\"},\"potentialAction\":[{\"@type\":\"SearchAction\",\"target\":{\"@type\":\"EntryPoint\",\"urlTemplate\":\"https:\/\/www.fernco.de\/en\/?s={search_term_string}\"},\"query-input\":\"required name=search_term_string\"}],\"inLanguage\":\"en-US\"},{\"@type\":\"Organization\",\"@id\":\"https:\/\/www.fernco.de\/en\/#organization\",\"name\":\"Fernco GmbH\",\"alternateName\":\"Fernco\",\"url\":\"https:\/\/www.fernco.de\/en\/\",\"logo\":{\"@type\":\"ImageObject\",\"inLanguage\":\"en-US\",\"@id\":\"https:\/\/www.fernco.de\/en\/#\/schema\/logo\/image\/\",\"url\":\"https:\/\/www.fernco.de\/wp-content\/uploads\/2022\/06\/fernco-logo.png\",\"contentUrl\":\"https:\/\/www.fernco.de\/wp-content\/uploads\/2022\/06\/fernco-logo.png\",\"width\":287,\"height\":50,\"caption\":\"Fernco GmbH\"},\"image\":{\"@id\":\"https:\/\/www.fernco.de\/en\/#\/schema\/logo\/image\/\"},\"sameAs\":[\"https:\/\/www.facebook.com\/Flexseal\",\"https:\/\/x.com\/FlexsealUK\"]}]}<\/script>\n<!-- \/ Yoast SEO plugin. -->","yoast_head_json":{"title":"Type 2A Coupling | Civils & Drainage| Pipe connection","description":"Type 2A Coupling from Fernco, for connecting vitrified clay pipes from all manufacturers, use in the low-pressure range up to 0.6 bar.","robots":{"index":"index","follow":"follow","max-snippet":"max-snippet:-1","max-image-preview":"max-image-preview:large","max-video-preview":"max-video-preview:-1"},"canonical":"https:\/\/www.fernco.de\/en\/product\/typ-2a-for-clay-pipes","og_locale":"en_US","og_type":"article","og_title":"Type 2A Coupling | Civils & Drainage| Pipe connection","og_description":"Type 2A Coupling from Fernco, for connecting vitrified clay pipes from all manufacturers, use in the low-pressure range up to 0.6 bar.","og_url":"https:\/\/www.fernco.de\/en\/product\/typ-2a-for-clay-pipes","og_site_name":"Fernco","article_publisher":"https:\/\/www.facebook.com\/Flexseal","article_modified_time":"2025-10-08T06:50:39+00:00","og_image":[{"width":700,"height":394,"url":"https:\/\/www.fernco.de\/wp-content\/uploads\/2023\/05\/TC_700x394.png","type":"image\/png"}],"twitter_card":"summary_large_image","twitter_site":"@FlexsealUK","twitter_misc":{"Est. reading time":"2 minutes"},"schema":{"@context":"https:\/\/schema.org","@graph":[{"@type":"WebPage","@id":"https:\/\/www.fernco.de\/en\/product\/typ-2a-for-clay-pipes","url":"https:\/\/www.fernco.de\/en\/product\/typ-2a-for-clay-pipes","name":"Type 2A Coupling | Civils & Drainage| Pipe connection","isPartOf":{"@id":"https:\/\/www.fernco.de\/en\/#website"},"primaryImageOfPage":{"@id":"https:\/\/www.fernco.de\/en\/product\/typ-2a-for-clay-pipes#primaryimage"},"image":{"@id":"https:\/\/www.fernco.de\/en\/product\/typ-2a-for-clay-pipes#primaryimage"},"thumbnailUrl":"https:\/\/www.fernco.de\/wp-content\/uploads\/2023\/05\/TC_700x394.png","datePublished":"2021-02-11T11:02:21+00:00","dateModified":"2025-10-08T06:50:39+00:00","description":"Type 2A Coupling from Fernco, for connecting vitrified clay pipes from all manufacturers, use in the low-pressure range up to 0.6 bar.","breadcrumb":{"@id":"https:\/\/www.fernco.de\/en\/product\/typ-2a-for-clay-pipes#breadcrumb"},"inLanguage":"en-US","potentialAction":[{"@type":"ReadAction","target":["https:\/\/www.fernco.de\/en\/product\/typ-2a-for-clay-pipes"]}]},{"@type":"ImageObject","inLanguage":"en-US","@id":"https:\/\/www.fernco.de\/en\/product\/typ-2a-for-clay-pipes#primaryimage","url":"https:\/\/www.fernco.de\/wp-content\/uploads\/2023\/05\/TC_700x394.png","contentUrl":"https:\/\/www.fernco.de\/wp-content\/uploads\/2023\/05\/TC_700x394.png","width":700,"height":394},{"@type":"BreadcrumbList","@id":"https:\/\/www.fernco.de\/en\/product\/typ-2a-for-clay-pipes#breadcrumb","itemListElement":[{"@type":"ListItem","position":1,"name":"Home","item":"https:\/\/www.fernco.de\/en"},{"@type":"ListItem","position":2,"name":"Products","item":"https:\/\/www.fernco.de\/en\/shop"},{"@type":"ListItem","position":3,"name":"Type 2A Coupling for Clay Pipes"}]},{"@type":"WebSite","@id":"https:\/\/www.fernco.de\/en\/#website","url":"https:\/\/www.fernco.de\/en\/","name":"Fernco","description":"Flexible Couplings, Drainage &amp; Plumbing Systems","publisher":{"@id":"https:\/\/www.fernco.de\/en\/#organization"},"potentialAction":[{"@type":"SearchAction","target":{"@type":"EntryPoint","urlTemplate":"https:\/\/www.fernco.de\/en\/?s={search_term_string}"},"query-input":"required name=search_term_string"}],"inLanguage":"en-US"},{"@type":"Organization","@id":"https:\/\/www.fernco.de\/en\/#organization","name":"Fernco GmbH","alternateName":"Fernco","url":"https:\/\/www.fernco.de\/en\/","logo":{"@type":"ImageObject","inLanguage":"en-US","@id":"https:\/\/www.fernco.de\/en\/#\/schema\/logo\/image\/","url":"https:\/\/www.fernco.de\/wp-content\/uploads\/2022\/06\/fernco-logo.png","contentUrl":"https:\/\/www.fernco.de\/wp-content\/uploads\/2022\/06\/fernco-logo.png","width":287,"height":50,"caption":"Fernco GmbH"},"image":{"@id":"https:\/\/www.fernco.de\/en\/#\/schema\/logo\/image\/"},"sameAs":["https:\/\/www.facebook.com\/Flexseal","https:\/\/x.com\/FlexsealUK"]}]}},"_links":{"self":[{"href":"https:\/\/www.fernco.de\/en\/wp-json\/wp\/v2\/product\/23868"}],"collection":[{"href":"https:\/\/www.fernco.de\/en\/wp-json\/wp\/v2\/product"}],"about":[{"href":"https:\/\/www.fernco.de\/en\/wp-json\/wp\/v2\/types\/product"}],"wp:featuredmedia":[{"embeddable":true,"href":"https:\/\/www.fernco.de\/en\/wp-json\/wp\/v2\/media\/28164"}],"wp:attachment":[{"href":"https:\/\/www.fernco.de\/en\/wp-json\/wp\/v2\/media?parent=23868"}],"wp:term":[{"taxonomy":"product_cat","embeddable":true,"href":"https:\/\/www.fernco.de\/en\/wp-json\/wp\/v2\/product_cat?post=23868"},{"taxonomy":"product_tag","embeddable":true,"href":"https:\/\/www.fernco.de\/en\/wp-json\/wp\/v2\/product_tag?post=23868"}],"curies":[{"name":"wp","href":"https:\/\/api.w.org\/{rel}","templated":true}]}}