{"id":23971,"date":"2021-02-15T07:56:58","date_gmt":"2021-02-15T07:56:58","guid":{"rendered":"https:\/\/www.fernco.de\/?post_type=product&#038;p=23971"},"modified":"2025-10-31T14:29:49","modified_gmt":"2025-10-31T14:29:49","slug":"2b-all-in-one","status":"publish","type":"product","link":"https:\/\/www.fernco.de\/en\/product\/2b-all-in-one","title":{"rendered":"Coupling 2B1 ALL-IN-ONE"},"content":{"rendered":"<p>2B1 2B1-100 2B1-125 2B1-150 2B1-150B 2B1-200S 2B1-200L 2B1-220 2B1-280 2B1-290 2B1-305 2B1-305L 2B1-320 2B1-320L 2B1-360 2B1-390 2B1-390L 2B1-445 2B1-465 2B1-300B 2B1-540 2B1-570<\/p>\n<p>Manschettendichtungen couplings sealings Joints de manchette raccords Manszety Manszeta uszczelniaj\u0105ca<br \/>\nuniversal variable variabel universel uniwersalny toleranzen tolerances ausgleichen unterschiedlicher Au\u00dfendurchmesser different outer diameter unbekannte Gr\u00f6\u00dfe unknown size Ausgleichsringe Bushes \u00dcberbr\u00fccken<\/p>\n<p>Edelstahl Stahl rostfreier Metall Stainless steel Metal Acier inoxydable M\u00e9tal Stal Nierdzwena<br \/>\nV4A 1.4404 316 W5 seewasser best\u00e4ndig salzwasser meer k\u00fcsten schiffahrt coast sea ocean salt water ship shipping r\u00e9sistant \u00e0 l&#8217;eau de mer eau sal\u00e9e navigation Stal Nierdzewna Odporna<br \/>\nEPDM Gummi rubber schwarz black Elastomer Caoutchouc \u00c9lastom\u00e8re Profile gumowe noir Czarny<\/p>\n<p>DN100 DN125 DN150 DN200 DN250 DN300 DN400<\/p>\n<p>Aluminium Legierung alloy blau blue bleu niebieski Korrosionsbest\u00e4ndig corrosion proof<\/p>\n<p>Scherlastsicher Scherstabilit\u00e4t stability Scherband shear bands tension proof Spannband Spannb\u00e4nder Bande de cisaillement serrage r\u00e9sistant \u00e0 la charge de cisaillement Stabilit\u00e9 au cisaillement Opaska przeciw\u015bcinaj\u0105ca Odporna na obci\u0105\u017cenia \u015bcinaj\u0105ce Przeciw\u015bcinaj\u0105ca<\/p>\n<p>Rohrverbindung pipe connection joint KG Kunststoffrohr plastic Betonrohr concrete Steinzeugrohr vitrified clay SML Gussrohr cast iron geripptes Rohr Rippen ribbed ribs pipes Abwasserrohr sewage Joints de manchette raccords Manszety Manszeta uszczelniaj\u0105ca joints Raccords de tuyaux Po\u0142\u0105czenia rurowe<br \/>\nunterschiedlicher verschiedene Au\u00dfendurchmesser different outer diameter Diff\u00e9rents diam\u00e8tres ext\u00e9rieurs R\u00f3\u017cne \u015brednice zewn\u0119trzne<br \/>\nTiefbau Abwasser Civils Drainage G\u00e9nie Civil Assainissement Infrastruktura kanalizacji sanitarnej i deszczowej<\/p>\n","protected":false},"excerpt":{"rendered":"<p>The universal connector 2B ALL-IN-ONE connects any two pipes of the same nominal diameter regardless of the differences in outside diameter, providing it is within the products size range. The 2B ALL-IN-ONE performs the connections what would traditionally require a multitude of flexible couplings. Furthermore, the coupling outperforms many of the features of the Unicon and similar products.<\/p>\n<p><strong>Product benefits:<\/strong><\/p>\n<ul>\n<li>Range available for DN 100 to DN 400<\/li>\n<li>Improved profile ensures the rubber doesn\u2019t collapse when installed to a pipe within its size range<\/li>\n<li>The reducing shearband made of a seawater-resistant aluminum alloy offers maximum protection against vertical shear loads<\/li>\n<li>High quality tension bands made from V4A 1.4404 (316) stainless steel<\/li>\n<li>Pressure tight up to 2,5 bar<\/li>\n<li>Corrosion resistant<\/li>\n<li>Reduces the need to carry excessive inventory<\/li>\n<li>Quick and easy to install &#8211; no special tools required<\/li>\n<li>Satisfies the requirements of EN295-4 und EN681-1<\/li>\n<\/ul>\n<p><a href=\"https:\/\/fernco-shop.eu\/civils-drainage\/couplings-and-adaptors\/2b-all-in-one.html\" target=\"_blank\" rel=\"Shop noopener now! noreferrer\"><img decoding=\"async\" class=\"alignleft wp-image-24709 size-full\" src=\"https:\/\/www.fernco.de\/wp-content\/uploads\/2021\/02\/ShopNow_Website_EU_1.png\" alt=\"SHOP NOW\" width=\"160\" height=\"60\" \/><\/a><\/p>\n","protected":false},"featured_media":28168,"template":"","meta":{"_acf_changed":false,"_mi_skip_tracking":false,"_monsterinsights_sitenote_active":false,"_monsterinsights_sitenote_note":"","_monsterinsights_sitenote_category":0},"product_cat":[224],"product_tag":[],"acf":[],"yoast_head":"<!-- This site is optimized with the Yoast SEO plugin v22.7 - https:\/\/yoast.com\/wordpress\/plugins\/seo\/ -->\n<title>Coupling 2B1 ALL-IN-ONE | Civils &amp; Drainge | Pipe Connection<\/title>\n<meta name=\"description\" content=\"Fernco 2B1 ALL-IN-ONE for connecting pipes of one nominal diameter regardless of the differences in outer diameter. Quick and safe installation.\" \/>\n<meta name=\"robots\" content=\"index, follow, max-snippet:-1, max-image-preview:large, max-video-preview:-1\" \/>\n<link rel=\"canonical\" href=\"https:\/\/www.fernco.de\/en\/product\/2b-all-in-one\" \/>\n<meta property=\"og:locale\" content=\"en_US\" \/>\n<meta property=\"og:type\" content=\"article\" \/>\n<meta property=\"og:title\" content=\"Coupling 2B1 ALL-IN-ONE | Civils &amp; Drainge | Pipe Connection\" \/>\n<meta property=\"og:description\" content=\"Fernco 2B1 ALL-IN-ONE for connecting pipes of one nominal diameter regardless of the differences in outer diameter. Quick and safe installation.\" \/>\n<meta property=\"og:url\" content=\"https:\/\/www.fernco.de\/en\/product\/2b-all-in-one\" \/>\n<meta property=\"og:site_name\" content=\"Fernco\" \/>\n<meta property=\"article:publisher\" content=\"https:\/\/www.facebook.com\/Flexseal\" \/>\n<meta property=\"article:modified_time\" content=\"2025-10-31T14:29:49+00:00\" \/>\n<meta property=\"og:image\" content=\"https:\/\/www.fernco.de\/wp-content\/uploads\/2023\/05\/2B1_700x394.png\" \/>\n\t<meta property=\"og:image:width\" content=\"700\" \/>\n\t<meta property=\"og:image:height\" content=\"394\" \/>\n\t<meta property=\"og:image:type\" content=\"image\/png\" \/>\n<meta name=\"twitter:card\" content=\"summary_large_image\" \/>\n<meta name=\"twitter:site\" content=\"@FlexsealUK\" \/>\n<meta name=\"twitter:label1\" content=\"Est. reading time\" \/>\n\t<meta name=\"twitter:data1\" content=\"2 minutes\" \/>\n<script type=\"application\/ld+json\" class=\"yoast-schema-graph\">{\"@context\":\"https:\/\/schema.org\",\"@graph\":[{\"@type\":\"WebPage\",\"@id\":\"https:\/\/www.fernco.de\/en\/product\/2b-all-in-one\",\"url\":\"https:\/\/www.fernco.de\/en\/product\/2b-all-in-one\",\"name\":\"Coupling 2B1 ALL-IN-ONE | Civils & Drainge | Pipe Connection\",\"isPartOf\":{\"@id\":\"https:\/\/www.fernco.de\/en\/#website\"},\"primaryImageOfPage\":{\"@id\":\"https:\/\/www.fernco.de\/en\/product\/2b-all-in-one#primaryimage\"},\"image\":{\"@id\":\"https:\/\/www.fernco.de\/en\/product\/2b-all-in-one#primaryimage\"},\"thumbnailUrl\":\"https:\/\/www.fernco.de\/wp-content\/uploads\/2023\/05\/2B1_700x394.png\",\"datePublished\":\"2021-02-15T07:56:58+00:00\",\"dateModified\":\"2025-10-31T14:29:49+00:00\",\"description\":\"Fernco 2B1 ALL-IN-ONE for connecting pipes of one nominal diameter regardless of the differences in outer diameter. Quick and safe installation.\",\"breadcrumb\":{\"@id\":\"https:\/\/www.fernco.de\/en\/product\/2b-all-in-one#breadcrumb\"},\"inLanguage\":\"en-US\",\"potentialAction\":[{\"@type\":\"ReadAction\",\"target\":[\"https:\/\/www.fernco.de\/en\/product\/2b-all-in-one\"]}]},{\"@type\":\"ImageObject\",\"inLanguage\":\"en-US\",\"@id\":\"https:\/\/www.fernco.de\/en\/product\/2b-all-in-one#primaryimage\",\"url\":\"https:\/\/www.fernco.de\/wp-content\/uploads\/2023\/05\/2B1_700x394.png\",\"contentUrl\":\"https:\/\/www.fernco.de\/wp-content\/uploads\/2023\/05\/2B1_700x394.png\",\"width\":700,\"height\":394},{\"@type\":\"BreadcrumbList\",\"@id\":\"https:\/\/www.fernco.de\/en\/product\/2b-all-in-one#breadcrumb\",\"itemListElement\":[{\"@type\":\"ListItem\",\"position\":1,\"name\":\"Home\",\"item\":\"https:\/\/www.fernco.de\/en\"},{\"@type\":\"ListItem\",\"position\":2,\"name\":\"Products\",\"item\":\"https:\/\/www.fernco.de\/en\/shop\"},{\"@type\":\"ListItem\",\"position\":3,\"name\":\"Coupling 2B1 ALL-IN-ONE\"}]},{\"@type\":\"WebSite\",\"@id\":\"https:\/\/www.fernco.de\/en\/#website\",\"url\":\"https:\/\/www.fernco.de\/en\/\",\"name\":\"Fernco\",\"description\":\"Flexible Couplings, Drainage &amp; Plumbing Systems\",\"publisher\":{\"@id\":\"https:\/\/www.fernco.de\/en\/#organization\"},\"potentialAction\":[{\"@type\":\"SearchAction\",\"target\":{\"@type\":\"EntryPoint\",\"urlTemplate\":\"https:\/\/www.fernco.de\/en\/?s={search_term_string}\"},\"query-input\":\"required name=search_term_string\"}],\"inLanguage\":\"en-US\"},{\"@type\":\"Organization\",\"@id\":\"https:\/\/www.fernco.de\/en\/#organization\",\"name\":\"Fernco GmbH\",\"alternateName\":\"Fernco\",\"url\":\"https:\/\/www.fernco.de\/en\/\",\"logo\":{\"@type\":\"ImageObject\",\"inLanguage\":\"en-US\",\"@id\":\"https:\/\/www.fernco.de\/en\/#\/schema\/logo\/image\/\",\"url\":\"https:\/\/www.fernco.de\/wp-content\/uploads\/2022\/06\/fernco-logo.png\",\"contentUrl\":\"https:\/\/www.fernco.de\/wp-content\/uploads\/2022\/06\/fernco-logo.png\",\"width\":287,\"height\":50,\"caption\":\"Fernco GmbH\"},\"image\":{\"@id\":\"https:\/\/www.fernco.de\/en\/#\/schema\/logo\/image\/\"},\"sameAs\":[\"https:\/\/www.facebook.com\/Flexseal\",\"https:\/\/x.com\/FlexsealUK\"]}]}<\/script>\n<!-- \/ Yoast SEO plugin. -->","yoast_head_json":{"title":"Coupling 2B1 ALL-IN-ONE | Civils & Drainge | Pipe Connection","description":"Fernco 2B1 ALL-IN-ONE for connecting pipes of one nominal diameter regardless of the differences in outer diameter. Quick and safe installation.","robots":{"index":"index","follow":"follow","max-snippet":"max-snippet:-1","max-image-preview":"max-image-preview:large","max-video-preview":"max-video-preview:-1"},"canonical":"https:\/\/www.fernco.de\/en\/product\/2b-all-in-one","og_locale":"en_US","og_type":"article","og_title":"Coupling 2B1 ALL-IN-ONE | Civils & Drainge | Pipe Connection","og_description":"Fernco 2B1 ALL-IN-ONE for connecting pipes of one nominal diameter regardless of the differences in outer diameter. Quick and safe installation.","og_url":"https:\/\/www.fernco.de\/en\/product\/2b-all-in-one","og_site_name":"Fernco","article_publisher":"https:\/\/www.facebook.com\/Flexseal","article_modified_time":"2025-10-31T14:29:49+00:00","og_image":[{"width":700,"height":394,"url":"https:\/\/www.fernco.de\/wp-content\/uploads\/2023\/05\/2B1_700x394.png","type":"image\/png"}],"twitter_card":"summary_large_image","twitter_site":"@FlexsealUK","twitter_misc":{"Est. reading time":"2 minutes"},"schema":{"@context":"https:\/\/schema.org","@graph":[{"@type":"WebPage","@id":"https:\/\/www.fernco.de\/en\/product\/2b-all-in-one","url":"https:\/\/www.fernco.de\/en\/product\/2b-all-in-one","name":"Coupling 2B1 ALL-IN-ONE | Civils & Drainge | Pipe Connection","isPartOf":{"@id":"https:\/\/www.fernco.de\/en\/#website"},"primaryImageOfPage":{"@id":"https:\/\/www.fernco.de\/en\/product\/2b-all-in-one#primaryimage"},"image":{"@id":"https:\/\/www.fernco.de\/en\/product\/2b-all-in-one#primaryimage"},"thumbnailUrl":"https:\/\/www.fernco.de\/wp-content\/uploads\/2023\/05\/2B1_700x394.png","datePublished":"2021-02-15T07:56:58+00:00","dateModified":"2025-10-31T14:29:49+00:00","description":"Fernco 2B1 ALL-IN-ONE for connecting pipes of one nominal diameter regardless of the differences in outer diameter. Quick and safe installation.","breadcrumb":{"@id":"https:\/\/www.fernco.de\/en\/product\/2b-all-in-one#breadcrumb"},"inLanguage":"en-US","potentialAction":[{"@type":"ReadAction","target":["https:\/\/www.fernco.de\/en\/product\/2b-all-in-one"]}]},{"@type":"ImageObject","inLanguage":"en-US","@id":"https:\/\/www.fernco.de\/en\/product\/2b-all-in-one#primaryimage","url":"https:\/\/www.fernco.de\/wp-content\/uploads\/2023\/05\/2B1_700x394.png","contentUrl":"https:\/\/www.fernco.de\/wp-content\/uploads\/2023\/05\/2B1_700x394.png","width":700,"height":394},{"@type":"BreadcrumbList","@id":"https:\/\/www.fernco.de\/en\/product\/2b-all-in-one#breadcrumb","itemListElement":[{"@type":"ListItem","position":1,"name":"Home","item":"https:\/\/www.fernco.de\/en"},{"@type":"ListItem","position":2,"name":"Products","item":"https:\/\/www.fernco.de\/en\/shop"},{"@type":"ListItem","position":3,"name":"Coupling 2B1 ALL-IN-ONE"}]},{"@type":"WebSite","@id":"https:\/\/www.fernco.de\/en\/#website","url":"https:\/\/www.fernco.de\/en\/","name":"Fernco","description":"Flexible Couplings, Drainage &amp; Plumbing Systems","publisher":{"@id":"https:\/\/www.fernco.de\/en\/#organization"},"potentialAction":[{"@type":"SearchAction","target":{"@type":"EntryPoint","urlTemplate":"https:\/\/www.fernco.de\/en\/?s={search_term_string}"},"query-input":"required name=search_term_string"}],"inLanguage":"en-US"},{"@type":"Organization","@id":"https:\/\/www.fernco.de\/en\/#organization","name":"Fernco GmbH","alternateName":"Fernco","url":"https:\/\/www.fernco.de\/en\/","logo":{"@type":"ImageObject","inLanguage":"en-US","@id":"https:\/\/www.fernco.de\/en\/#\/schema\/logo\/image\/","url":"https:\/\/www.fernco.de\/wp-content\/uploads\/2022\/06\/fernco-logo.png","contentUrl":"https:\/\/www.fernco.de\/wp-content\/uploads\/2022\/06\/fernco-logo.png","width":287,"height":50,"caption":"Fernco GmbH"},"image":{"@id":"https:\/\/www.fernco.de\/en\/#\/schema\/logo\/image\/"},"sameAs":["https:\/\/www.facebook.com\/Flexseal","https:\/\/x.com\/FlexsealUK"]}]}},"_links":{"self":[{"href":"https:\/\/www.fernco.de\/en\/wp-json\/wp\/v2\/product\/23971"}],"collection":[{"href":"https:\/\/www.fernco.de\/en\/wp-json\/wp\/v2\/product"}],"about":[{"href":"https:\/\/www.fernco.de\/en\/wp-json\/wp\/v2\/types\/product"}],"wp:featuredmedia":[{"embeddable":true,"href":"https:\/\/www.fernco.de\/en\/wp-json\/wp\/v2\/media\/28168"}],"wp:attachment":[{"href":"https:\/\/www.fernco.de\/en\/wp-json\/wp\/v2\/media?parent=23971"}],"wp:term":[{"taxonomy":"product_cat","embeddable":true,"href":"https:\/\/www.fernco.de\/en\/wp-json\/wp\/v2\/product_cat?post=23971"},{"taxonomy":"product_tag","embeddable":true,"href":"https:\/\/www.fernco.de\/en\/wp-json\/wp\/v2\/product_tag?post=23971"}],"curies":[{"name":"wp","href":"https:\/\/api.w.org\/{rel}","templated":true}]}}