{"id":24514,"date":"2020-09-18T04:14:25","date_gmt":"2020-09-18T03:14:25","guid":{"rendered":"https:\/\/www.fernco.de\/product\/high-pressure-couplings-2"},"modified":"2025-02-03T11:01:16","modified_gmt":"2025-02-03T11:01:16","slug":"high-pressure-couplings","status":"publish","type":"product","link":"https:\/\/www.fernco.de\/en\/product\/high-pressure-couplings","title":{"rendered":"High Pressure Coupling HP"},"content":{"rendered":"<p>Hochdruckkupplung druckmanschette gas dampf druckdichtdichtung krallenring stahlbandeinlage z\u00e4hne teeth claws ring schiffbau offshore wasseraufbereitung chemische prozessindustrie infrastruktur high pressure coupling steam gas vapour pressure seal claw ring steel strip insert shipbuilding offshore water treatment chemical process industry infrastructure Raccords haute pression Z\u0142\u0105cze wysokoci\u015bnieniowe<\/p>\n<p>HP-FLEX 21 HP-F1S HP-GRIP 21 HP-G1S HP-PLAST GRIP 39 HP-COMBI GRIP 39 HP-REP<\/p>\n<p>VITON EPDM NBR Gummi Elastomere \u00f6lbest\u00e4ndig benzinbest\u00e4ndig treibstoff tankstelle rubber gasoline fuel oil resistant gas Caoutchouc \u00c9lastom\u00e8re r\u00e9sistant l&#8217;huile r\u00e9sistant \u00e0 l&#8217;essence Guma Elastomery Odporne na oleje<br \/>\nV4A 1.4404 1.4401 316 W5 Edelstahl Stahl rostfrei Metall seewasser best\u00e4ndig salzwasser meer k\u00fcsten schiffahrt coast sea ocean salt water ship shipping r\u00e9sistant \u00e0 l&#8217;eau de mer eau sal\u00e9e navigation Stal Nierdzewna Odporna<\/p>\n<p>blau blue bleu niebieski<br \/>\nsilber silver srebrny<br \/>\nschwarz black noir czarny<\/p>\n<p>Rohrsysteme Trinkwasser Abwasser Druckluft Gase Fl\u00fcssigkeiten K\u00fchlfl\u00fcssigkeiten Heizung Klimaanlagen<br \/>\nPipe systems Drinking water Waste water Compressed air Gases Fluids Cooling Heating Air conditioning systems<br \/>\nTuyauterie Eau potable Eaux us\u00e9es Air comprim\u00e9 Gaz Liquides Liquides de refroidissement Chauffage Climatisation<br \/>\nSystemy rurowe Woda pitna \u015acieki Spr\u0119\u017cone powietrze Gazy Ciecze P\u0142yny ch\u0142odz\u0105ce Ogrzewanie Systemy klimatyzacji<\/p>\n<p>druckdicht wasserdicht luftdicht pressuretight watertight airtight \u00e9tanche \u00e0 la pression \u00e9tanche \u00e0 l&#8217;eau \u00e9tanche \u00e0 l&#8217;air hermetyczny wodoszczelny<br \/>\nzugfest tensile strength r\u00e9sistant \u00e0 la traction Wytrzyma\u0142o\u015b\u0107 na rozci\u0105ganie<\/p>\n<p>Rohrverbindungen pipes connections joints<br \/>\nKG Kunststoffrohre plastics metallrohre metal pipes<\/p>\n<p>Reparatur Ersatz repair pressure replace r\u00e9paration remplacement naprawa wymiana<\/p>\n","protected":false},"excerpt":{"rendered":"<p>The stainless steel coupling has a number of advantages\u00a0compared to similar couplers. A patented seal that eliminates\u00a0the risk of leakage and a special shaped anchoring grip ring,\u00a0which ensures a reliable, restraint connection.<\/p>\n<p><strong>Product Benefits:<\/strong><\/p>\n<ul>\n<li>Seawater-resistant (W5) pipe connection<\/li>\n<li>For metal and plastic connections<\/li>\n<li>Safe and easy installation<\/li>\n<li>Saves space, time and weight<\/li>\n<li>Durable, stress-free and damping<\/li>\n<\/ul>\n","protected":false},"featured_media":28180,"template":"","meta":{"_acf_changed":false,"_mi_skip_tracking":false,"_monsterinsights_sitenote_active":false,"_monsterinsights_sitenote_note":"","_monsterinsights_sitenote_category":0},"product_cat":[238,244],"product_tag":[],"acf":[],"yoast_head":"<!-- This site is optimized with the Yoast SEO plugin v22.7 - https:\/\/yoast.com\/wordpress\/plugins\/seo\/ -->\n<title>High Pressure Coupling HP | Fernco<\/title>\n<meta name=\"description\" content=\"Fernco High Pressure Couplings offer a secure, leak-proof connection for metal and plastic pipes. Seawater-resistant, space-saving &amp; easy to install\" \/>\n<meta name=\"robots\" content=\"index, follow, max-snippet:-1, max-image-preview:large, max-video-preview:-1\" \/>\n<link rel=\"canonical\" href=\"https:\/\/www.fernco.de\/en\/product\/high-pressure-couplings\" \/>\n<meta property=\"og:locale\" content=\"en_US\" \/>\n<meta property=\"og:type\" content=\"article\" \/>\n<meta property=\"og:title\" content=\"High Pressure Coupling HP | Fernco\" \/>\n<meta property=\"og:description\" content=\"Fernco High Pressure Couplings offer a secure, leak-proof connection for metal and plastic pipes. Seawater-resistant, space-saving &amp; easy to install\" \/>\n<meta property=\"og:url\" content=\"https:\/\/www.fernco.de\/en\/product\/high-pressure-couplings\" \/>\n<meta property=\"og:site_name\" content=\"Fernco\" \/>\n<meta property=\"article:publisher\" content=\"https:\/\/www.facebook.com\/Flexseal\" \/>\n<meta property=\"article:modified_time\" content=\"2025-02-03T11:01:16+00:00\" \/>\n<meta property=\"og:image\" content=\"https:\/\/www.fernco.de\/wp-content\/uploads\/2023\/05\/HP_700x394.png\" \/>\n\t<meta property=\"og:image:width\" content=\"700\" \/>\n\t<meta property=\"og:image:height\" content=\"394\" \/>\n\t<meta property=\"og:image:type\" content=\"image\/png\" \/>\n<meta name=\"twitter:card\" content=\"summary_large_image\" \/>\n<meta name=\"twitter:site\" content=\"@FlexsealUK\" \/>\n<meta name=\"twitter:label1\" content=\"Est. reading time\" \/>\n\t<meta name=\"twitter:data1\" content=\"2 minutes\" \/>\n<script type=\"application\/ld+json\" class=\"yoast-schema-graph\">{\"@context\":\"https:\/\/schema.org\",\"@graph\":[{\"@type\":\"WebPage\",\"@id\":\"https:\/\/www.fernco.de\/en\/product\/high-pressure-couplings\",\"url\":\"https:\/\/www.fernco.de\/en\/product\/high-pressure-couplings\",\"name\":\"High Pressure Coupling HP | Fernco\",\"isPartOf\":{\"@id\":\"https:\/\/www.fernco.de\/en\/#website\"},\"primaryImageOfPage\":{\"@id\":\"https:\/\/www.fernco.de\/en\/product\/high-pressure-couplings#primaryimage\"},\"image\":{\"@id\":\"https:\/\/www.fernco.de\/en\/product\/high-pressure-couplings#primaryimage\"},\"thumbnailUrl\":\"https:\/\/www.fernco.de\/wp-content\/uploads\/2023\/05\/HP_700x394.png\",\"datePublished\":\"2020-09-18T03:14:25+00:00\",\"dateModified\":\"2025-02-03T11:01:16+00:00\",\"description\":\"Fernco High Pressure Couplings offer a secure, leak-proof connection for metal and plastic pipes. Seawater-resistant, space-saving & easy to install\",\"breadcrumb\":{\"@id\":\"https:\/\/www.fernco.de\/en\/product\/high-pressure-couplings#breadcrumb\"},\"inLanguage\":\"en-US\",\"potentialAction\":[{\"@type\":\"ReadAction\",\"target\":[\"https:\/\/www.fernco.de\/en\/product\/high-pressure-couplings\"]}]},{\"@type\":\"ImageObject\",\"inLanguage\":\"en-US\",\"@id\":\"https:\/\/www.fernco.de\/en\/product\/high-pressure-couplings#primaryimage\",\"url\":\"https:\/\/www.fernco.de\/wp-content\/uploads\/2023\/05\/HP_700x394.png\",\"contentUrl\":\"https:\/\/www.fernco.de\/wp-content\/uploads\/2023\/05\/HP_700x394.png\",\"width\":700,\"height\":394},{\"@type\":\"BreadcrumbList\",\"@id\":\"https:\/\/www.fernco.de\/en\/product\/high-pressure-couplings#breadcrumb\",\"itemListElement\":[{\"@type\":\"ListItem\",\"position\":1,\"name\":\"Home\",\"item\":\"https:\/\/www.fernco.de\/en\"},{\"@type\":\"ListItem\",\"position\":2,\"name\":\"Products\",\"item\":\"https:\/\/www.fernco.de\/en\/shop\"},{\"@type\":\"ListItem\",\"position\":3,\"name\":\"High Pressure Coupling HP\"}]},{\"@type\":\"WebSite\",\"@id\":\"https:\/\/www.fernco.de\/en\/#website\",\"url\":\"https:\/\/www.fernco.de\/en\/\",\"name\":\"Fernco\",\"description\":\"Flexible Couplings, Drainage &amp; Plumbing Systems\",\"publisher\":{\"@id\":\"https:\/\/www.fernco.de\/en\/#organization\"},\"potentialAction\":[{\"@type\":\"SearchAction\",\"target\":{\"@type\":\"EntryPoint\",\"urlTemplate\":\"https:\/\/www.fernco.de\/en\/?s={search_term_string}\"},\"query-input\":\"required name=search_term_string\"}],\"inLanguage\":\"en-US\"},{\"@type\":\"Organization\",\"@id\":\"https:\/\/www.fernco.de\/en\/#organization\",\"name\":\"Fernco GmbH\",\"alternateName\":\"Fernco\",\"url\":\"https:\/\/www.fernco.de\/en\/\",\"logo\":{\"@type\":\"ImageObject\",\"inLanguage\":\"en-US\",\"@id\":\"https:\/\/www.fernco.de\/en\/#\/schema\/logo\/image\/\",\"url\":\"https:\/\/www.fernco.de\/wp-content\/uploads\/2022\/06\/fernco-logo.png\",\"contentUrl\":\"https:\/\/www.fernco.de\/wp-content\/uploads\/2022\/06\/fernco-logo.png\",\"width\":287,\"height\":50,\"caption\":\"Fernco GmbH\"},\"image\":{\"@id\":\"https:\/\/www.fernco.de\/en\/#\/schema\/logo\/image\/\"},\"sameAs\":[\"https:\/\/www.facebook.com\/Flexseal\",\"https:\/\/x.com\/FlexsealUK\"]}]}<\/script>\n<!-- \/ Yoast SEO plugin. -->","yoast_head_json":{"title":"High Pressure Coupling HP | Fernco","description":"Fernco High Pressure Couplings offer a secure, leak-proof connection for metal and plastic pipes. Seawater-resistant, space-saving & easy to install","robots":{"index":"index","follow":"follow","max-snippet":"max-snippet:-1","max-image-preview":"max-image-preview:large","max-video-preview":"max-video-preview:-1"},"canonical":"https:\/\/www.fernco.de\/en\/product\/high-pressure-couplings","og_locale":"en_US","og_type":"article","og_title":"High Pressure Coupling HP | Fernco","og_description":"Fernco High Pressure Couplings offer a secure, leak-proof connection for metal and plastic pipes. Seawater-resistant, space-saving & easy to install","og_url":"https:\/\/www.fernco.de\/en\/product\/high-pressure-couplings","og_site_name":"Fernco","article_publisher":"https:\/\/www.facebook.com\/Flexseal","article_modified_time":"2025-02-03T11:01:16+00:00","og_image":[{"width":700,"height":394,"url":"https:\/\/www.fernco.de\/wp-content\/uploads\/2023\/05\/HP_700x394.png","type":"image\/png"}],"twitter_card":"summary_large_image","twitter_site":"@FlexsealUK","twitter_misc":{"Est. reading time":"2 minutes"},"schema":{"@context":"https:\/\/schema.org","@graph":[{"@type":"WebPage","@id":"https:\/\/www.fernco.de\/en\/product\/high-pressure-couplings","url":"https:\/\/www.fernco.de\/en\/product\/high-pressure-couplings","name":"High Pressure Coupling HP | Fernco","isPartOf":{"@id":"https:\/\/www.fernco.de\/en\/#website"},"primaryImageOfPage":{"@id":"https:\/\/www.fernco.de\/en\/product\/high-pressure-couplings#primaryimage"},"image":{"@id":"https:\/\/www.fernco.de\/en\/product\/high-pressure-couplings#primaryimage"},"thumbnailUrl":"https:\/\/www.fernco.de\/wp-content\/uploads\/2023\/05\/HP_700x394.png","datePublished":"2020-09-18T03:14:25+00:00","dateModified":"2025-02-03T11:01:16+00:00","description":"Fernco High Pressure Couplings offer a secure, leak-proof connection for metal and plastic pipes. Seawater-resistant, space-saving & easy to install","breadcrumb":{"@id":"https:\/\/www.fernco.de\/en\/product\/high-pressure-couplings#breadcrumb"},"inLanguage":"en-US","potentialAction":[{"@type":"ReadAction","target":["https:\/\/www.fernco.de\/en\/product\/high-pressure-couplings"]}]},{"@type":"ImageObject","inLanguage":"en-US","@id":"https:\/\/www.fernco.de\/en\/product\/high-pressure-couplings#primaryimage","url":"https:\/\/www.fernco.de\/wp-content\/uploads\/2023\/05\/HP_700x394.png","contentUrl":"https:\/\/www.fernco.de\/wp-content\/uploads\/2023\/05\/HP_700x394.png","width":700,"height":394},{"@type":"BreadcrumbList","@id":"https:\/\/www.fernco.de\/en\/product\/high-pressure-couplings#breadcrumb","itemListElement":[{"@type":"ListItem","position":1,"name":"Home","item":"https:\/\/www.fernco.de\/en"},{"@type":"ListItem","position":2,"name":"Products","item":"https:\/\/www.fernco.de\/en\/shop"},{"@type":"ListItem","position":3,"name":"High Pressure Coupling HP"}]},{"@type":"WebSite","@id":"https:\/\/www.fernco.de\/en\/#website","url":"https:\/\/www.fernco.de\/en\/","name":"Fernco","description":"Flexible Couplings, Drainage &amp; Plumbing Systems","publisher":{"@id":"https:\/\/www.fernco.de\/en\/#organization"},"potentialAction":[{"@type":"SearchAction","target":{"@type":"EntryPoint","urlTemplate":"https:\/\/www.fernco.de\/en\/?s={search_term_string}"},"query-input":"required name=search_term_string"}],"inLanguage":"en-US"},{"@type":"Organization","@id":"https:\/\/www.fernco.de\/en\/#organization","name":"Fernco GmbH","alternateName":"Fernco","url":"https:\/\/www.fernco.de\/en\/","logo":{"@type":"ImageObject","inLanguage":"en-US","@id":"https:\/\/www.fernco.de\/en\/#\/schema\/logo\/image\/","url":"https:\/\/www.fernco.de\/wp-content\/uploads\/2022\/06\/fernco-logo.png","contentUrl":"https:\/\/www.fernco.de\/wp-content\/uploads\/2022\/06\/fernco-logo.png","width":287,"height":50,"caption":"Fernco GmbH"},"image":{"@id":"https:\/\/www.fernco.de\/en\/#\/schema\/logo\/image\/"},"sameAs":["https:\/\/www.facebook.com\/Flexseal","https:\/\/x.com\/FlexsealUK"]}]}},"_links":{"self":[{"href":"https:\/\/www.fernco.de\/en\/wp-json\/wp\/v2\/product\/24514"}],"collection":[{"href":"https:\/\/www.fernco.de\/en\/wp-json\/wp\/v2\/product"}],"about":[{"href":"https:\/\/www.fernco.de\/en\/wp-json\/wp\/v2\/types\/product"}],"wp:featuredmedia":[{"embeddable":true,"href":"https:\/\/www.fernco.de\/en\/wp-json\/wp\/v2\/media\/28180"}],"wp:attachment":[{"href":"https:\/\/www.fernco.de\/en\/wp-json\/wp\/v2\/media?parent=24514"}],"wp:term":[{"taxonomy":"product_cat","embeddable":true,"href":"https:\/\/www.fernco.de\/en\/wp-json\/wp\/v2\/product_cat?post=24514"},{"taxonomy":"product_tag","embeddable":true,"href":"https:\/\/www.fernco.de\/en\/wp-json\/wp\/v2\/product_tag?post=24514"}],"curies":[{"name":"wp","href":"https:\/\/api.w.org\/{rel}","templated":true}]}}