{"id":24690,"date":"2021-05-12T08:14:53","date_gmt":"2021-05-12T07:14:53","guid":{"rendered":"https:\/\/www.fernco.de\/product\/proflex"},"modified":"2025-02-03T11:17:20","modified_gmt":"2025-02-03T11:17:20","slug":"proflex-coupling","status":"publish","type":"product","link":"https:\/\/www.fernco.de\/en\/product\/proflex-coupling","title":{"rendered":"Transition Coupling PROFLEX PRX"},"content":{"rendered":"<p>PRX3000-150 PRX3006-215 PRX3003-22 PRX3000-22 PRX3000-33 PRX3005-33 PRX3000-43 PRX3005-43 PRX3000-44 PRX Proflex<br \/>\nDN30 DN32 DN35 DN40 DN50 DN70 DN75 DN100 DN150<\/p>\n<p>Scherlastresitente \u00dcbergangsmanschette transition coupling<br \/>\nScherlastsicher Scherstabilit\u00e4t stability Scherband shear bands tension proof Spannband Spannb\u00e4nder Reparaturen repair Wartungen maintenance besch\u00e4digtes Rohre damaged pipe<br \/>\nscherlastsicher scherlasten stabil langlebig Rohrverbindung Entl\u00fcftungssysteme airing<br \/>\nRohrverbindung pipe connection joint KG Kunststoffrohr plastic Betonrohr concrete Steinzeugrohr vitrified clay SML Gussrohr cast iron geripptes Rohr Rippen ribbed ribs pipes Abwasserrohr sewage<br \/>\nManschettendichtungen manschetten dichtungen rohrverbindungen couplings sealings pipe joints connections Joints de manchette raccords Manszety Manszeta uszczelniaj\u0105ca<br \/>\nIndustrie Industry Przemys\u0142 Gospodarka<br \/>\nKG KG2000 PVC Kunststoffrohre d\u00fcnnwandiges glattes Rohr PVCu plastics pipes Thin-Walled Pipe smooth Tubes en plastique Rury plastikowe cienko\u015bcienne g\u0142adkie<br \/>\nBetonrohre concrete pipes asbestos Tubes en b\u00e9ton Rury betonowe<br \/>\nSteinzeugrohre eurotop vitrified clay pipes Tuyaux en gr\u00e8s Rury kamionkowe<br \/>\ngeripptes gewelltes Rohre Rippen kunststoff plastik strukturiertes Wellen doppelwandiges Robukan UR UltraRib ribbed ribs structured pipes twin-walled tube nervur\u00e9 ondul\u00e9 Rury faliste plastikowe dwu\u015bcienne<br \/>\nSML Gussrohre Gusseisen GGG cast ductile iron pipes Tuyaux en fonte Rury \u017celiwne \u017beliwo<br \/>\nAbwasserrohre Abflusssysteme Kanal Kanalisation sewage pipes systems Tuyaux d&#8217;\u00e9vacuation Syst\u00e8mes d&#8217;\u00e9vacuation Rury kanalizacyjne Systemy odwadniaj\u0105ce Kanalizacja<\/p>\n<p>Neopren Gummi Elastomere kautschuk rubber Caoutchouc \u00c9lastom\u00e8re Guma Elastomery<br \/>\nV2A 1.4301 304 W4 Edelstahl Stahl rostfrei Metall Stainless steel Metal rust free Acier inoxydable M\u00e9tal Stal Nierdzwena<br \/>\ngelb yellow jaune z\u00f3\u0142ty zolty<br \/>\nschwarz black noir czarny<\/p>\n<p>Scherband scherlastsicher scherstabil scherlaststabilit\u00e4t shear bands tension proof Bande de cisaillement serrage r\u00e9sistant \u00e0 la charge de cisaillement Stabilit\u00e9 au cisaillement Opaska przeciw\u015bcinaj\u0105ca Odporna na obci\u0105\u017cenia \u015bcinaj\u0105ce Przeciw\u015bcinaj\u0105ca<br \/>\nSpannband Spannb\u00e4nder Sangles clamp bands<\/p>\n<p>scherlastsichere \u00dcbergangsmanschette Proflex Shielded Transition Coupling Manszeta przej\u015bciowa<\/p>\n","protected":false},"excerpt":{"rendered":"<p>Proflex is a shielded transition\u00a0pipe coupling that\u00a0allows you to make\u00a0pipe connections that are resistant to shear forces, while creating a rigid, long-lasting pipe joint. From 1 \u00bd&#8221; to 8&#8243; pipe diameters\u00a0&#8211; Proflex connects cast iron, plastic, steel, copper and tubular, drain waste and vent systems for above-ground applications.<\/p>\n","protected":false},"featured_media":28202,"template":"","meta":{"_acf_changed":false,"_mi_skip_tracking":false,"_monsterinsights_sitenote_active":false,"_monsterinsights_sitenote_note":"","_monsterinsights_sitenote_category":0},"product_cat":[238,244],"product_tag":[],"acf":[],"yoast_head":"<!-- This site is optimized with the Yoast SEO plugin v22.7 - https:\/\/yoast.com\/wordpress\/plugins\/seo\/ -->\n<title>PROFLEX Coupling | Civils &amp; Drainage | Pipe Connections<\/title>\n<meta name=\"description\" content=\"Fernco Proflex Transition Coupling ensures a rigid, long-lasting pipe joint. Connects cast iron, plastic, steel &amp; more while resisting shear forces.\" \/>\n<meta name=\"robots\" content=\"index, follow, max-snippet:-1, max-image-preview:large, max-video-preview:-1\" \/>\n<link rel=\"canonical\" href=\"https:\/\/www.fernco.de\/en\/product\/proflex-coupling\" \/>\n<meta property=\"og:locale\" content=\"en_US\" \/>\n<meta property=\"og:type\" content=\"article\" \/>\n<meta property=\"og:title\" content=\"PROFLEX Coupling | Civils &amp; Drainage | Pipe Connections\" \/>\n<meta property=\"og:description\" content=\"Fernco Proflex Transition Coupling ensures a rigid, long-lasting pipe joint. Connects cast iron, plastic, steel &amp; more while resisting shear forces.\" \/>\n<meta property=\"og:url\" content=\"https:\/\/www.fernco.de\/en\/product\/proflex-coupling\" \/>\n<meta property=\"og:site_name\" content=\"Fernco\" \/>\n<meta property=\"article:publisher\" content=\"https:\/\/www.facebook.com\/Flexseal\" \/>\n<meta property=\"article:modified_time\" content=\"2025-02-03T11:17:20+00:00\" \/>\n<meta property=\"og:image\" content=\"https:\/\/www.fernco.de\/wp-content\/uploads\/2023\/05\/Proflex_700x394.png\" \/>\n\t<meta property=\"og:image:width\" content=\"700\" \/>\n\t<meta property=\"og:image:height\" content=\"394\" \/>\n\t<meta property=\"og:image:type\" content=\"image\/png\" \/>\n<meta name=\"twitter:card\" content=\"summary_large_image\" \/>\n<meta name=\"twitter:site\" content=\"@FlexsealUK\" \/>\n<meta name=\"twitter:label1\" content=\"Est. reading time\" \/>\n\t<meta name=\"twitter:data1\" content=\"2 minutes\" \/>\n<script type=\"application\/ld+json\" class=\"yoast-schema-graph\">{\"@context\":\"https:\/\/schema.org\",\"@graph\":[{\"@type\":\"WebPage\",\"@id\":\"https:\/\/www.fernco.de\/en\/product\/proflex-coupling\",\"url\":\"https:\/\/www.fernco.de\/en\/product\/proflex-coupling\",\"name\":\"PROFLEX Coupling | Civils & Drainage | Pipe Connections\",\"isPartOf\":{\"@id\":\"https:\/\/www.fernco.de\/en\/#website\"},\"primaryImageOfPage\":{\"@id\":\"https:\/\/www.fernco.de\/en\/product\/proflex-coupling#primaryimage\"},\"image\":{\"@id\":\"https:\/\/www.fernco.de\/en\/product\/proflex-coupling#primaryimage\"},\"thumbnailUrl\":\"https:\/\/www.fernco.de\/wp-content\/uploads\/2023\/05\/Proflex_700x394.png\",\"datePublished\":\"2021-05-12T07:14:53+00:00\",\"dateModified\":\"2025-02-03T11:17:20+00:00\",\"description\":\"Fernco Proflex Transition Coupling ensures a rigid, long-lasting pipe joint. Connects cast iron, plastic, steel & more while resisting shear forces.\",\"breadcrumb\":{\"@id\":\"https:\/\/www.fernco.de\/en\/product\/proflex-coupling#breadcrumb\"},\"inLanguage\":\"en-US\",\"potentialAction\":[{\"@type\":\"ReadAction\",\"target\":[\"https:\/\/www.fernco.de\/en\/product\/proflex-coupling\"]}]},{\"@type\":\"ImageObject\",\"inLanguage\":\"en-US\",\"@id\":\"https:\/\/www.fernco.de\/en\/product\/proflex-coupling#primaryimage\",\"url\":\"https:\/\/www.fernco.de\/wp-content\/uploads\/2023\/05\/Proflex_700x394.png\",\"contentUrl\":\"https:\/\/www.fernco.de\/wp-content\/uploads\/2023\/05\/Proflex_700x394.png\",\"width\":700,\"height\":394},{\"@type\":\"BreadcrumbList\",\"@id\":\"https:\/\/www.fernco.de\/en\/product\/proflex-coupling#breadcrumb\",\"itemListElement\":[{\"@type\":\"ListItem\",\"position\":1,\"name\":\"Home\",\"item\":\"https:\/\/www.fernco.de\/en\"},{\"@type\":\"ListItem\",\"position\":2,\"name\":\"Products\",\"item\":\"https:\/\/www.fernco.de\/en\/shop\"},{\"@type\":\"ListItem\",\"position\":3,\"name\":\"Transition Coupling PROFLEX PRX\"}]},{\"@type\":\"WebSite\",\"@id\":\"https:\/\/www.fernco.de\/en\/#website\",\"url\":\"https:\/\/www.fernco.de\/en\/\",\"name\":\"Fernco\",\"description\":\"Flexible Couplings, Drainage &amp; Plumbing Systems\",\"publisher\":{\"@id\":\"https:\/\/www.fernco.de\/en\/#organization\"},\"potentialAction\":[{\"@type\":\"SearchAction\",\"target\":{\"@type\":\"EntryPoint\",\"urlTemplate\":\"https:\/\/www.fernco.de\/en\/?s={search_term_string}\"},\"query-input\":\"required name=search_term_string\"}],\"inLanguage\":\"en-US\"},{\"@type\":\"Organization\",\"@id\":\"https:\/\/www.fernco.de\/en\/#organization\",\"name\":\"Fernco GmbH\",\"alternateName\":\"Fernco\",\"url\":\"https:\/\/www.fernco.de\/en\/\",\"logo\":{\"@type\":\"ImageObject\",\"inLanguage\":\"en-US\",\"@id\":\"https:\/\/www.fernco.de\/en\/#\/schema\/logo\/image\/\",\"url\":\"https:\/\/www.fernco.de\/wp-content\/uploads\/2022\/06\/fernco-logo.png\",\"contentUrl\":\"https:\/\/www.fernco.de\/wp-content\/uploads\/2022\/06\/fernco-logo.png\",\"width\":287,\"height\":50,\"caption\":\"Fernco GmbH\"},\"image\":{\"@id\":\"https:\/\/www.fernco.de\/en\/#\/schema\/logo\/image\/\"},\"sameAs\":[\"https:\/\/www.facebook.com\/Flexseal\",\"https:\/\/x.com\/FlexsealUK\"]}]}<\/script>\n<!-- \/ Yoast SEO plugin. -->","yoast_head_json":{"title":"PROFLEX Coupling | Civils & Drainage | Pipe Connections","description":"Fernco Proflex Transition Coupling ensures a rigid, long-lasting pipe joint. Connects cast iron, plastic, steel & more while resisting shear forces.","robots":{"index":"index","follow":"follow","max-snippet":"max-snippet:-1","max-image-preview":"max-image-preview:large","max-video-preview":"max-video-preview:-1"},"canonical":"https:\/\/www.fernco.de\/en\/product\/proflex-coupling","og_locale":"en_US","og_type":"article","og_title":"PROFLEX Coupling | Civils & Drainage | Pipe Connections","og_description":"Fernco Proflex Transition Coupling ensures a rigid, long-lasting pipe joint. Connects cast iron, plastic, steel & more while resisting shear forces.","og_url":"https:\/\/www.fernco.de\/en\/product\/proflex-coupling","og_site_name":"Fernco","article_publisher":"https:\/\/www.facebook.com\/Flexseal","article_modified_time":"2025-02-03T11:17:20+00:00","og_image":[{"width":700,"height":394,"url":"https:\/\/www.fernco.de\/wp-content\/uploads\/2023\/05\/Proflex_700x394.png","type":"image\/png"}],"twitter_card":"summary_large_image","twitter_site":"@FlexsealUK","twitter_misc":{"Est. reading time":"2 minutes"},"schema":{"@context":"https:\/\/schema.org","@graph":[{"@type":"WebPage","@id":"https:\/\/www.fernco.de\/en\/product\/proflex-coupling","url":"https:\/\/www.fernco.de\/en\/product\/proflex-coupling","name":"PROFLEX Coupling | Civils & Drainage | Pipe Connections","isPartOf":{"@id":"https:\/\/www.fernco.de\/en\/#website"},"primaryImageOfPage":{"@id":"https:\/\/www.fernco.de\/en\/product\/proflex-coupling#primaryimage"},"image":{"@id":"https:\/\/www.fernco.de\/en\/product\/proflex-coupling#primaryimage"},"thumbnailUrl":"https:\/\/www.fernco.de\/wp-content\/uploads\/2023\/05\/Proflex_700x394.png","datePublished":"2021-05-12T07:14:53+00:00","dateModified":"2025-02-03T11:17:20+00:00","description":"Fernco Proflex Transition Coupling ensures a rigid, long-lasting pipe joint. Connects cast iron, plastic, steel & more while resisting shear forces.","breadcrumb":{"@id":"https:\/\/www.fernco.de\/en\/product\/proflex-coupling#breadcrumb"},"inLanguage":"en-US","potentialAction":[{"@type":"ReadAction","target":["https:\/\/www.fernco.de\/en\/product\/proflex-coupling"]}]},{"@type":"ImageObject","inLanguage":"en-US","@id":"https:\/\/www.fernco.de\/en\/product\/proflex-coupling#primaryimage","url":"https:\/\/www.fernco.de\/wp-content\/uploads\/2023\/05\/Proflex_700x394.png","contentUrl":"https:\/\/www.fernco.de\/wp-content\/uploads\/2023\/05\/Proflex_700x394.png","width":700,"height":394},{"@type":"BreadcrumbList","@id":"https:\/\/www.fernco.de\/en\/product\/proflex-coupling#breadcrumb","itemListElement":[{"@type":"ListItem","position":1,"name":"Home","item":"https:\/\/www.fernco.de\/en"},{"@type":"ListItem","position":2,"name":"Products","item":"https:\/\/www.fernco.de\/en\/shop"},{"@type":"ListItem","position":3,"name":"Transition Coupling PROFLEX PRX"}]},{"@type":"WebSite","@id":"https:\/\/www.fernco.de\/en\/#website","url":"https:\/\/www.fernco.de\/en\/","name":"Fernco","description":"Flexible Couplings, Drainage &amp; Plumbing Systems","publisher":{"@id":"https:\/\/www.fernco.de\/en\/#organization"},"potentialAction":[{"@type":"SearchAction","target":{"@type":"EntryPoint","urlTemplate":"https:\/\/www.fernco.de\/en\/?s={search_term_string}"},"query-input":"required name=search_term_string"}],"inLanguage":"en-US"},{"@type":"Organization","@id":"https:\/\/www.fernco.de\/en\/#organization","name":"Fernco GmbH","alternateName":"Fernco","url":"https:\/\/www.fernco.de\/en\/","logo":{"@type":"ImageObject","inLanguage":"en-US","@id":"https:\/\/www.fernco.de\/en\/#\/schema\/logo\/image\/","url":"https:\/\/www.fernco.de\/wp-content\/uploads\/2022\/06\/fernco-logo.png","contentUrl":"https:\/\/www.fernco.de\/wp-content\/uploads\/2022\/06\/fernco-logo.png","width":287,"height":50,"caption":"Fernco GmbH"},"image":{"@id":"https:\/\/www.fernco.de\/en\/#\/schema\/logo\/image\/"},"sameAs":["https:\/\/www.facebook.com\/Flexseal","https:\/\/x.com\/FlexsealUK"]}]}},"_links":{"self":[{"href":"https:\/\/www.fernco.de\/en\/wp-json\/wp\/v2\/product\/24690"}],"collection":[{"href":"https:\/\/www.fernco.de\/en\/wp-json\/wp\/v2\/product"}],"about":[{"href":"https:\/\/www.fernco.de\/en\/wp-json\/wp\/v2\/types\/product"}],"wp:featuredmedia":[{"embeddable":true,"href":"https:\/\/www.fernco.de\/en\/wp-json\/wp\/v2\/media\/28202"}],"wp:attachment":[{"href":"https:\/\/www.fernco.de\/en\/wp-json\/wp\/v2\/media?parent=24690"}],"wp:term":[{"taxonomy":"product_cat","embeddable":true,"href":"https:\/\/www.fernco.de\/en\/wp-json\/wp\/v2\/product_cat?post=24690"},{"taxonomy":"product_tag","embeddable":true,"href":"https:\/\/www.fernco.de\/en\/wp-json\/wp\/v2\/product_tag?post=24690"}],"curies":[{"name":"wp","href":"https:\/\/api.w.org\/{rel}","templated":true}]}}