{"id":28715,"date":"2023-08-18T14:15:51","date_gmt":"2023-08-18T13:15:51","guid":{"rendered":"https:\/\/www.fernco.de\/?post_type=product&#038;p=28715"},"modified":"2025-01-30T15:10:22","modified_gmt":"2025-01-30T15:10:22","slug":"lps","status":"publish","type":"product","link":"https:\/\/www.fernco.de\/en\/product\/lps","title":{"rendered":"Pipe Seal LPS"},"content":{"rendered":"<p>LPS Tubocor LPS110-250-400 LPS110-630-1000 LPS160-300-500 LPS160-630-1000 LPS160-1200 LPS200-315 LPS200-400-500 LPS200-630-1000 LPS200-1200 LPS250-400-500 LPS250-630-1000 LPS315-630-1000 LPS400-1000-1200<\/p>\n<p>Anschlussdichtungen seitlicher Anschluss Anschl\u00fcsse Hauptrohre Hauptleitungen pipe seals lateral connection main pipes Joints de Tuyaux raccordement lat\u00e9ral Tuyaux principaux Conduites principales Uszczelki przy\u0142\u0105czeniowe Uszczelka przy\u0142\u0105czeniowa<\/p>\n<p>KG KG2000 PVC Kunststoffrohre d\u00fcnnwandiges glattes Rohr PVCu plastics pipes Thin-Walled Pipe smooth Tubes en plastique Rury plastikowe cienko\u015bcienne g\u0142adkie<br \/>\nBetonrohre concrete pipes asbestos Tubes en b\u00e9ton Rury betonowe<br \/>\ngeripptes gewelltes Rohre Rippen kunststoff plastik strukturiertes Wellen doppelwandiges Robukan UR UltraRib ribbed ribs structured pipes twin-walled tube nervur\u00e9 ondul\u00e9 Rury faliste plastikowe dwu\u015bcienne<br \/>\nAbwasserrohre Abflusssysteme Kanal Kanalisation sewage pipes systems Tuyaux d&#8217;\u00e9vacuation Syst\u00e8mes d&#8217;\u00e9vacuation Rury kanalizacyjne Systemy odwadniaj\u0105ce Kanalizacja<br \/>\nHauptrohre Hauptleitung Sch\u00e4chte Schacht Bohrung Dichtungen main pipes main line manholes bore gasket Tuyaux principaux Conduite principale Puits Puits Per\u00e7age Joints d&#8217;\u00e9tanch\u00e9it\u00e9 Rury magistralne Rury magistralne Studzienki Uszczelki studzienek<\/p>\n<p>NBR SBR EPDM Elastomere \u00f6lbest\u00e4ndig benzinbest\u00e4ndig treibstoff tankstelle kautschuk UV best\u00e4ndig rubber resistant gasoline fuel oil resistant gas caoutchouc \u00c9lastom\u00e8re r\u00e9sistant l&#8217;huile r\u00e9sistant l&#8217;essence Guma Elastomery Odporne na promieniowanie na oleje<br \/>\nschwarz black noir czarny<\/p>\n<p>DN110 DN160 DN200 DN250 DN315 DN400<\/p>\n","protected":false},"excerpt":{"rendered":"<p>The Fernco Pipe Seal LPS is a simple, quick and safe way to connect smooth-walled plastic pipes laterally to main drainage systems. The seal provides a 90\u02da inlet into the main system, regardless of whether the connection is to an existing\/new main pipe or a manhole.<\/p>\n<p>The seal can be easily installed in a core hole in the pipe, to which a lateral pipe is then connected. The seals are made of EPDM material that complies with the EN 681-1 standard to ensure long-term reliability. If required, the seals can also be made of NBR material if the connection seal needs to be oil and petrol resistant.<\/p>\n<p><strong>The product benefits at a glance:<\/strong><\/p>\n<ul>\n<li>Fast and effective pipe sealing<\/li>\n<li>For use in new or existing wastewater systems<\/li>\n<li>Reduced material and labour costs<\/li>\n<li>Increases flexibility in positioning<\/li>\n<li>Small and lightweight, easy to transport, easy to handle for quick installation<\/li>\n<li>Installation is independent of weather conditions<\/li>\n<\/ul>\n","protected":false},"featured_media":28717,"template":"","meta":{"_acf_changed":false,"_mi_skip_tracking":false,"_monsterinsights_sitenote_active":false,"_monsterinsights_sitenote_note":"","_monsterinsights_sitenote_category":0},"product_cat":[230],"product_tag":[],"acf":[],"yoast_head":"<!-- This site is optimized with the Yoast SEO plugin v22.7 - https:\/\/yoast.com\/wordpress\/plugins\/seo\/ -->\n<title>Pipe Seal LPS | Fernco<\/title>\n<meta name=\"description\" content=\"The quick &amp; secure way to connect plastic pipes to main drainage systems. Easy installation, durable EPDM seal, and flexible positioning!\" \/>\n<meta name=\"robots\" content=\"index, follow, max-snippet:-1, max-image-preview:large, max-video-preview:-1\" \/>\n<link rel=\"canonical\" href=\"https:\/\/www.fernco.de\/en\/product\/lps\" \/>\n<meta property=\"og:locale\" content=\"en_US\" \/>\n<meta property=\"og:type\" content=\"article\" \/>\n<meta property=\"og:title\" content=\"Pipe Seal LPS | Fernco\" \/>\n<meta property=\"og:description\" content=\"The quick &amp; secure way to connect plastic pipes to main drainage systems. Easy installation, durable EPDM seal, and flexible positioning!\" \/>\n<meta property=\"og:url\" content=\"https:\/\/www.fernco.de\/en\/product\/lps\" \/>\n<meta property=\"og:site_name\" content=\"Fernco\" \/>\n<meta property=\"article:publisher\" content=\"https:\/\/www.facebook.com\/Flexseal\" \/>\n<meta property=\"article:modified_time\" content=\"2025-01-30T15:10:22+00:00\" \/>\n<meta property=\"og:image\" content=\"https:\/\/www.fernco.de\/wp-content\/uploads\/2023\/08\/Anschlussdichtung_LPS.jpg\" \/>\n\t<meta property=\"og:image:width\" content=\"1912\" \/>\n\t<meta property=\"og:image:height\" content=\"1078\" \/>\n\t<meta property=\"og:image:type\" content=\"image\/jpeg\" \/>\n<meta name=\"twitter:card\" content=\"summary_large_image\" \/>\n<meta name=\"twitter:site\" content=\"@FlexsealUK\" \/>\n<meta name=\"twitter:label1\" content=\"Est. reading time\" \/>\n\t<meta name=\"twitter:data1\" content=\"1 minute\" \/>\n<script type=\"application\/ld+json\" class=\"yoast-schema-graph\">{\"@context\":\"https:\/\/schema.org\",\"@graph\":[{\"@type\":\"WebPage\",\"@id\":\"https:\/\/www.fernco.de\/en\/product\/lps\",\"url\":\"https:\/\/www.fernco.de\/en\/product\/lps\",\"name\":\"Pipe Seal LPS | Fernco\",\"isPartOf\":{\"@id\":\"https:\/\/www.fernco.de\/en\/#website\"},\"primaryImageOfPage\":{\"@id\":\"https:\/\/www.fernco.de\/en\/product\/lps#primaryimage\"},\"image\":{\"@id\":\"https:\/\/www.fernco.de\/en\/product\/lps#primaryimage\"},\"thumbnailUrl\":\"https:\/\/www.fernco.de\/wp-content\/uploads\/2023\/08\/Anschlussdichtung_LPS.jpg\",\"datePublished\":\"2023-08-18T13:15:51+00:00\",\"dateModified\":\"2025-01-30T15:10:22+00:00\",\"description\":\"The quick & secure way to connect plastic pipes to main drainage systems. Easy installation, durable EPDM seal, and flexible positioning!\",\"breadcrumb\":{\"@id\":\"https:\/\/www.fernco.de\/en\/product\/lps#breadcrumb\"},\"inLanguage\":\"en-US\",\"potentialAction\":[{\"@type\":\"ReadAction\",\"target\":[\"https:\/\/www.fernco.de\/en\/product\/lps\"]}]},{\"@type\":\"ImageObject\",\"inLanguage\":\"en-US\",\"@id\":\"https:\/\/www.fernco.de\/en\/product\/lps#primaryimage\",\"url\":\"https:\/\/www.fernco.de\/wp-content\/uploads\/2023\/08\/Anschlussdichtung_LPS.jpg\",\"contentUrl\":\"https:\/\/www.fernco.de\/wp-content\/uploads\/2023\/08\/Anschlussdichtung_LPS.jpg\",\"width\":1912,\"height\":1078,\"caption\":\"Produktrendering Anschlussdichtung LPS\"},{\"@type\":\"BreadcrumbList\",\"@id\":\"https:\/\/www.fernco.de\/en\/product\/lps#breadcrumb\",\"itemListElement\":[{\"@type\":\"ListItem\",\"position\":1,\"name\":\"Home\",\"item\":\"https:\/\/www.fernco.de\/en\"},{\"@type\":\"ListItem\",\"position\":2,\"name\":\"Products\",\"item\":\"https:\/\/www.fernco.de\/en\/shop\"},{\"@type\":\"ListItem\",\"position\":3,\"name\":\"Pipe Seal LPS\"}]},{\"@type\":\"WebSite\",\"@id\":\"https:\/\/www.fernco.de\/en\/#website\",\"url\":\"https:\/\/www.fernco.de\/en\/\",\"name\":\"Fernco\",\"description\":\"Flexible Couplings, Drainage &amp; Plumbing Systems\",\"publisher\":{\"@id\":\"https:\/\/www.fernco.de\/en\/#organization\"},\"potentialAction\":[{\"@type\":\"SearchAction\",\"target\":{\"@type\":\"EntryPoint\",\"urlTemplate\":\"https:\/\/www.fernco.de\/en\/?s={search_term_string}\"},\"query-input\":\"required name=search_term_string\"}],\"inLanguage\":\"en-US\"},{\"@type\":\"Organization\",\"@id\":\"https:\/\/www.fernco.de\/en\/#organization\",\"name\":\"Fernco GmbH\",\"alternateName\":\"Fernco\",\"url\":\"https:\/\/www.fernco.de\/en\/\",\"logo\":{\"@type\":\"ImageObject\",\"inLanguage\":\"en-US\",\"@id\":\"https:\/\/www.fernco.de\/en\/#\/schema\/logo\/image\/\",\"url\":\"https:\/\/www.fernco.de\/wp-content\/uploads\/2022\/06\/fernco-logo.png\",\"contentUrl\":\"https:\/\/www.fernco.de\/wp-content\/uploads\/2022\/06\/fernco-logo.png\",\"width\":287,\"height\":50,\"caption\":\"Fernco GmbH\"},\"image\":{\"@id\":\"https:\/\/www.fernco.de\/en\/#\/schema\/logo\/image\/\"},\"sameAs\":[\"https:\/\/www.facebook.com\/Flexseal\",\"https:\/\/x.com\/FlexsealUK\"]}]}<\/script>\n<!-- \/ Yoast SEO plugin. -->","yoast_head_json":{"title":"Pipe Seal LPS | Fernco","description":"The quick & secure way to connect plastic pipes to main drainage systems. Easy installation, durable EPDM seal, and flexible positioning!","robots":{"index":"index","follow":"follow","max-snippet":"max-snippet:-1","max-image-preview":"max-image-preview:large","max-video-preview":"max-video-preview:-1"},"canonical":"https:\/\/www.fernco.de\/en\/product\/lps","og_locale":"en_US","og_type":"article","og_title":"Pipe Seal LPS | Fernco","og_description":"The quick & secure way to connect plastic pipes to main drainage systems. Easy installation, durable EPDM seal, and flexible positioning!","og_url":"https:\/\/www.fernco.de\/en\/product\/lps","og_site_name":"Fernco","article_publisher":"https:\/\/www.facebook.com\/Flexseal","article_modified_time":"2025-01-30T15:10:22+00:00","og_image":[{"width":1912,"height":1078,"url":"https:\/\/www.fernco.de\/wp-content\/uploads\/2023\/08\/Anschlussdichtung_LPS.jpg","type":"image\/jpeg"}],"twitter_card":"summary_large_image","twitter_site":"@FlexsealUK","twitter_misc":{"Est. reading time":"1 minute"},"schema":{"@context":"https:\/\/schema.org","@graph":[{"@type":"WebPage","@id":"https:\/\/www.fernco.de\/en\/product\/lps","url":"https:\/\/www.fernco.de\/en\/product\/lps","name":"Pipe Seal LPS | Fernco","isPartOf":{"@id":"https:\/\/www.fernco.de\/en\/#website"},"primaryImageOfPage":{"@id":"https:\/\/www.fernco.de\/en\/product\/lps#primaryimage"},"image":{"@id":"https:\/\/www.fernco.de\/en\/product\/lps#primaryimage"},"thumbnailUrl":"https:\/\/www.fernco.de\/wp-content\/uploads\/2023\/08\/Anschlussdichtung_LPS.jpg","datePublished":"2023-08-18T13:15:51+00:00","dateModified":"2025-01-30T15:10:22+00:00","description":"The quick & secure way to connect plastic pipes to main drainage systems. Easy installation, durable EPDM seal, and flexible positioning!","breadcrumb":{"@id":"https:\/\/www.fernco.de\/en\/product\/lps#breadcrumb"},"inLanguage":"en-US","potentialAction":[{"@type":"ReadAction","target":["https:\/\/www.fernco.de\/en\/product\/lps"]}]},{"@type":"ImageObject","inLanguage":"en-US","@id":"https:\/\/www.fernco.de\/en\/product\/lps#primaryimage","url":"https:\/\/www.fernco.de\/wp-content\/uploads\/2023\/08\/Anschlussdichtung_LPS.jpg","contentUrl":"https:\/\/www.fernco.de\/wp-content\/uploads\/2023\/08\/Anschlussdichtung_LPS.jpg","width":1912,"height":1078,"caption":"Produktrendering Anschlussdichtung LPS"},{"@type":"BreadcrumbList","@id":"https:\/\/www.fernco.de\/en\/product\/lps#breadcrumb","itemListElement":[{"@type":"ListItem","position":1,"name":"Home","item":"https:\/\/www.fernco.de\/en"},{"@type":"ListItem","position":2,"name":"Products","item":"https:\/\/www.fernco.de\/en\/shop"},{"@type":"ListItem","position":3,"name":"Pipe Seal LPS"}]},{"@type":"WebSite","@id":"https:\/\/www.fernco.de\/en\/#website","url":"https:\/\/www.fernco.de\/en\/","name":"Fernco","description":"Flexible Couplings, Drainage &amp; Plumbing Systems","publisher":{"@id":"https:\/\/www.fernco.de\/en\/#organization"},"potentialAction":[{"@type":"SearchAction","target":{"@type":"EntryPoint","urlTemplate":"https:\/\/www.fernco.de\/en\/?s={search_term_string}"},"query-input":"required name=search_term_string"}],"inLanguage":"en-US"},{"@type":"Organization","@id":"https:\/\/www.fernco.de\/en\/#organization","name":"Fernco GmbH","alternateName":"Fernco","url":"https:\/\/www.fernco.de\/en\/","logo":{"@type":"ImageObject","inLanguage":"en-US","@id":"https:\/\/www.fernco.de\/en\/#\/schema\/logo\/image\/","url":"https:\/\/www.fernco.de\/wp-content\/uploads\/2022\/06\/fernco-logo.png","contentUrl":"https:\/\/www.fernco.de\/wp-content\/uploads\/2022\/06\/fernco-logo.png","width":287,"height":50,"caption":"Fernco GmbH"},"image":{"@id":"https:\/\/www.fernco.de\/en\/#\/schema\/logo\/image\/"},"sameAs":["https:\/\/www.facebook.com\/Flexseal","https:\/\/x.com\/FlexsealUK"]}]}},"_links":{"self":[{"href":"https:\/\/www.fernco.de\/en\/wp-json\/wp\/v2\/product\/28715"}],"collection":[{"href":"https:\/\/www.fernco.de\/en\/wp-json\/wp\/v2\/product"}],"about":[{"href":"https:\/\/www.fernco.de\/en\/wp-json\/wp\/v2\/types\/product"}],"wp:featuredmedia":[{"embeddable":true,"href":"https:\/\/www.fernco.de\/en\/wp-json\/wp\/v2\/media\/28717"}],"wp:attachment":[{"href":"https:\/\/www.fernco.de\/en\/wp-json\/wp\/v2\/media?parent=28715"}],"wp:term":[{"taxonomy":"product_cat","embeddable":true,"href":"https:\/\/www.fernco.de\/en\/wp-json\/wp\/v2\/product_cat?post=28715"},{"taxonomy":"product_tag","embeddable":true,"href":"https:\/\/www.fernco.de\/en\/wp-json\/wp\/v2\/product_tag?post=28715"}],"curies":[{"name":"wp","href":"https:\/\/api.w.org\/{rel}","templated":true}]}}