{"id":30198,"date":"2021-02-12T13:00:05","date_gmt":"2024-01-19T13:05:00","guid":{"rendered":"https:\/\/www.fernco.de\/?post_type=product&#038;p=30198"},"modified":"2024-12-13T09:08:28","modified_gmt":"2024-12-13T09:08:28","slug":"ring-seals","status":"publish","type":"product","link":"https:\/\/www.fernco.de\/en\/product\/ring-seals","title":{"rendered":"Ring Seal MRS"},"content":{"rendered":"<p>GK200-VZ-20 GK250-VZ-20 GK275-VZ-20 GK300-VZ-20 GK325-VZ-20 GK350-VZ-20 GK375-VZ-20 GK400-VZ-20 GK415-VZ-20 GK425-VZ-20 GK475-VZ-20 GK500-VZ-20 GK525-VZ-20 GK575-VZ-20 GK600- VZ-20 GK650-VZ-20 GK GK200-A2-20 GK250-A2-20 GK275-A2-20 GK300-A2-20 GK325-A2-20 GK350-A2-20 GK375-A2-20 GK400-A2-20 GK415-A2-20 GK425-A2-20 GK475-A2-20 GK500-A2-20 GK525-A2-20 GK575-A2-20 GK600-A2-20 GK650-A2-20 GK200-A4-20 GK250-A4-20 GK275-A4-20 GK300-A4-20 GK325-A4-20 GK350-A4-20 GK375-A4-20 GK400-A4-20 GK415-A4-20 GK425-A4-20 GK475-A4-20 GK500-A4-20 GK525-A4-20 GK575-A4-20 GK600-A4-20 GK650-A4-20 GK200-A2-20-KTW GK250-A2-20-KTW GK275-A2-20-KTW GK300-A2-20-KTW GK325-A2-20-KTW GK350-A2-20-KTW GK375-A2-20-KTW GK400-A2-20-KTW GK415-A2-20-KTW GK425-A2-20-KTW GK475-A2-20-KTW GK500-A2-20-KTW GK525-A2-20-KTW GK575-A2-20-KTW GK600-A2-20-KTW GK650-A2-20-KTW KTW GK200-VZ-20-NBR GK250-VZ-20-NBR GK275-VZ-20-NBR GK300-VZ-20-NBR GK325-VZ-20-NBR GK350-VZ-20-NBR GK375-VZ-20-NBR GK400-VZ-20-NBR GK415-VZ-20-NBR GK425-VZ-20-NBR GK475-VZ-20-NBR GK500-VZ-20-NBR GK525-VZ-20-NBR GK575-VZ-20-NBR GK600-VZ-20-NBR GK650-VZ-20-NBR GK200-A2-20-NBR GK250-A2-20-NBR GK275-A2-20-NBR GK300-A2-20-NBR GK325-A2-20-NBR GK350-A2-20- BR GK375-A2-20-NBR GK400-A2-20-NBR GK415-A2-20-NBR GK425-A2-20-NBR GK475-A2-20-NBR GK500-A2-20-NBR GK525-A2-20-NBR GK575-A2-20-NBR GK600-A2-20-NBR GK650-A2-20-NBR GK200-VZ-50 GK250-VZ-50 GK275-VZ-50 GK300-VZ-50 GK325-VZ-50 GK350-VZ-50 GK375-VZ-50 GK400-VZ-50 GK415-VZ-50 GK425-VZ-50 GK475-VZ-50 GK500-VZ-50 GK525-VZ-50 GK575-VZ-50 GK600-VZ-50 GK650-VZ-50 GK200-A2-50 GK250-A2-50 GK275-A2-50 GK300-A2-50 GK325-A2-50 GK350-A2-50 GK375-A2-50 GK400-A2-50 GK415-A2-50 GK425-A2-50 GK475-A2-50 GK500-A2-50 GK525-A2-50 GK575-A2-50 GK600-A2-50 GK650-A2-50 GK200-A4-50 GK250-A4-50 GK275-A4-50 GK300-A4-50 GK325-A4-50 GK350-A4-50 GK375-A4-50 GK400-A4-50 GK415-A4-50 GK425-A4-50 GK475-A4-50 GK500-A4-50 GK525-A4-50 GK575-A4-50 GK600-A4-50 GK650-A4-50 GK200-A2-50-KTW GK250-A2-50-KTW GK275-A2-50-KTW GK300-A2-50-KTW GK325-A2-50-KTW GK350-A2-50-KTW GK375-A2-50-KTW GK400-A2-50-KTW GK415-A2-50-KTW GK425-A2-50-KTW GK475-A2-50-KTW GK500-A2-50-KTW GK525-A2-50-KTW GK575-A2-50-KTW GK600-A2-50-KTW GK650-A2-50-KTW GK200-VZ-50-NBR GK250-VZ-50-NBR GK275-VZ-50-NBR GK300-VZ-50-NBR GK325-VZ-50-NBR GK350-VZ-50-NBR GK375-VZ-50-NBR GK400-VZ-50-NBR GK415-VZ-50-NBR GK425-VZ-50-NBR GK475-VZ-50-NBR GK500-VZ-50-NBR GK525-VZ-50-NBR GK575-VZ-50-NBR GK600-VZ-50-NBR GK650-VZ-50-NBR GK200-A2-50-NBR GK250-A2-50-NBR GK275-A2-50-NBR GK300-A2-50-NBR GK325-A2-50-NBR GK350-A2-50-NBR GK375-A2-50-NBR GK400-A2-50-NBR GK415-A2-50-NBR GK425-A2-50-NBR GK475-A2-50-NBR GK500-A2-50-NBR GK525-A2-50-NBR GK575-A2-50-NBR GK600-A2-50-NBR GK650-A2-50-NBR<\/p>\n<p>MRS200-2 MRS250-2 MRS275-2 MRS300-2 MRS325-2 MRS350-2 MRS375-2 MRS400-2 MRS415-2 MRS425-2 MRS475-2 MRS500-2 MRS525-2 MRS575-2 MRS600-2 MRS650-2<br \/>\nMRS200-5 MRS250-5 MRS275-5 MRS300-5 MRS325-5 MRS350-5 MRS375-5 MRS400-5 MRS415-5 MRS425-5 MRS475-5 MRS500-5 MRS525-5 MRS575-5 MRS600-5 MRS650-5<\/p>\n<p>Gliederkette Ringdichtung Modular Ring Seal Chain set modules Joint d\u2019\u00e9tanch\u00e9it\u00e9 \u00e0 maillons \u0141a\u0144cuch ogniwowy<br \/>\nRingraumdichtungen Gliederketten Ketten rings seals chains links Joints de l&#8217;espace annulaire Cha\u00eenes \u00e0 maillons Cha\u00eenes Uszczelnienia pier\u015bcieniowe \u0141a\u0144cuchy ogniwowe \u0141a\u0144cuchy<br \/>\nRohre Kabel Wasser Gase Trinkwasseranlagen KTW Schallschutz Pipes Cables Water Gases Drinking water systems Sound insulationTuyaux C\u00e2bles Eau Gaz Installations d&#8217;eau potable Insonorisation Rury Kable Woda Gazy Systemy wody pitnej Izolacja akustyczna<\/p>\n<p>Anschlussdichtungen seitlicher Anschluss Anschl\u00fcsse Hauptrohre Hauptleitungen pipe seals lateral connection main pipes Joints de Tuyaux raccordement lat\u00e9ral Tuyaux principaux Conduites principales Uszczelki przy\u0142\u0105czeniowe Uszczelka przy\u0142\u0105czeniowa<\/p>\n<p>PA kunststoff plastik schlagfest plastic impact resistant plastique r\u00e9sistant aux chocs tworzywo sztuczne odporne na uderzenia<br \/>\nEPDM Gummi Elastomere kautschuk UV best\u00e4ndig rubber resistant Caoutchouc \u00c9lastom\u00e8re r\u00e9sistant Guma Elastomery Odporne na promieniowanie<br \/>\nNBR Gummi Elastomere \u00f6lbest\u00e4ndig benzinbest\u00e4ndig treibstoff tankstelle rubber gasoline fuel oil resistant gas Caoutchouc \u00c9lastom\u00e8re r\u00e9sistant l&#8217;huile r\u00e9sistant \u00e0 l&#8217;essence Guma Elastomery Odporne na oleje<br \/>\nrot red rouge czerwony<br \/>\nblau blue bleu niebieski<br \/>\nschwarz black noir czarny<\/p>\n<p>druckdicht wasserdicht luftdicht pressuretight watertight airtight gases \u00e9tanche \u00e0 la pression \u00e9tanche \u00e0 l&#8217;eau \u00e9tanche \u00e0 l&#8217;air hermetyczny wodoszczelny hermetyczny<\/p>\n","protected":false},"excerpt":{"rendered":"<p>When pipes or cables pass throuh walls, floors or sealings it has to be assured that the lead through is permanently sealed. Neither \u00a0pressuring water nor gas must not pass through walls. Ring Seals offer a professional finish, with simple, fast installation,\u00a0where pipes and cables pass through walls.\u00a0This also prevents temperature and noise transfer.<\/p>\n<p><strong>Product Benefits:<\/strong><\/p>\n<ul>\n<li>Sealing of pipes and cables against pressing water and gases<\/li>\n<li>Sealing of pipes and cables against aggressive media<\/li>\n<li>Sealing of pipelines in drinking water systems (as KTW version)<\/li>\n<li>Use in sound insulation according to DIN 4109<\/li>\n<li>Subsequent installation (all seal inserts can be separated)<\/li>\n<\/ul>\n","protected":false},"featured_media":28178,"template":"","meta":{"_acf_changed":false,"_mi_skip_tracking":false,"_monsterinsights_sitenote_active":false,"_monsterinsights_sitenote_note":"","_monsterinsights_sitenote_category":0},"product_cat":[232],"product_tag":[],"acf":[],"yoast_head":"<!-- This site is optimized with the Yoast SEO plugin v22.7 - https:\/\/yoast.com\/wordpress\/plugins\/seo\/ -->\n<title>Ring Seal MRS | Fernco<\/title>\n<meta name=\"description\" content=\"Ring Seals provide reliable sealing for pipes and cables against water, gases and aggressive media. Ideal for drinking water and noise protection.\" \/>\n<meta name=\"robots\" content=\"index, follow, max-snippet:-1, max-image-preview:large, max-video-preview:-1\" \/>\n<link rel=\"canonical\" href=\"https:\/\/www.fernco.de\/en\/product\/ring-seals\" \/>\n<meta property=\"og:locale\" content=\"en_US\" \/>\n<meta property=\"og:type\" content=\"article\" \/>\n<meta property=\"og:title\" content=\"Ring Seal MRS | Fernco\" \/>\n<meta property=\"og:description\" content=\"Ring Seals provide reliable sealing for pipes and cables against water, gases and aggressive media. Ideal for drinking water and noise protection.\" \/>\n<meta property=\"og:url\" content=\"https:\/\/www.fernco.de\/en\/product\/ring-seals\" \/>\n<meta property=\"og:site_name\" content=\"Fernco\" \/>\n<meta property=\"article:publisher\" content=\"https:\/\/www.facebook.com\/Flexseal\" \/>\n<meta property=\"article:modified_time\" content=\"2024-12-13T09:08:28+00:00\" \/>\n<meta property=\"og:image\" content=\"https:\/\/www.fernco.de\/wp-content\/uploads\/2023\/05\/GK_700x394.png\" \/>\n\t<meta property=\"og:image:width\" content=\"700\" \/>\n\t<meta property=\"og:image:height\" content=\"394\" \/>\n\t<meta property=\"og:image:type\" content=\"image\/png\" \/>\n<meta name=\"twitter:card\" content=\"summary_large_image\" \/>\n<meta name=\"twitter:site\" content=\"@FlexsealUK\" \/>\n<meta name=\"twitter:label1\" content=\"Est. reading time\" \/>\n\t<meta name=\"twitter:data1\" content=\"2 minutes\" \/>\n<script type=\"application\/ld+json\" class=\"yoast-schema-graph\">{\"@context\":\"https:\/\/schema.org\",\"@graph\":[{\"@type\":\"WebPage\",\"@id\":\"https:\/\/www.fernco.de\/en\/product\/ring-seals\",\"url\":\"https:\/\/www.fernco.de\/en\/product\/ring-seals\",\"name\":\"Ring Seal MRS | Fernco\",\"isPartOf\":{\"@id\":\"https:\/\/www.fernco.de\/en\/#website\"},\"primaryImageOfPage\":{\"@id\":\"https:\/\/www.fernco.de\/en\/product\/ring-seals#primaryimage\"},\"image\":{\"@id\":\"https:\/\/www.fernco.de\/en\/product\/ring-seals#primaryimage\"},\"thumbnailUrl\":\"https:\/\/www.fernco.de\/wp-content\/uploads\/2023\/05\/GK_700x394.png\",\"datePublished\":\"2024-01-19T13:05:00+00:00\",\"dateModified\":\"2024-12-13T09:08:28+00:00\",\"description\":\"Ring Seals provide reliable sealing for pipes and cables against water, gases and aggressive media. Ideal for drinking water and noise protection.\",\"breadcrumb\":{\"@id\":\"https:\/\/www.fernco.de\/en\/product\/ring-seals#breadcrumb\"},\"inLanguage\":\"en-US\",\"potentialAction\":[{\"@type\":\"ReadAction\",\"target\":[\"https:\/\/www.fernco.de\/en\/product\/ring-seals\"]}]},{\"@type\":\"ImageObject\",\"inLanguage\":\"en-US\",\"@id\":\"https:\/\/www.fernco.de\/en\/product\/ring-seals#primaryimage\",\"url\":\"https:\/\/www.fernco.de\/wp-content\/uploads\/2023\/05\/GK_700x394.png\",\"contentUrl\":\"https:\/\/www.fernco.de\/wp-content\/uploads\/2023\/05\/GK_700x394.png\",\"width\":700,\"height\":394},{\"@type\":\"BreadcrumbList\",\"@id\":\"https:\/\/www.fernco.de\/en\/product\/ring-seals#breadcrumb\",\"itemListElement\":[{\"@type\":\"ListItem\",\"position\":1,\"name\":\"Home\",\"item\":\"https:\/\/www.fernco.de\/en\"},{\"@type\":\"ListItem\",\"position\":2,\"name\":\"Products\",\"item\":\"https:\/\/www.fernco.de\/en\/shop\"},{\"@type\":\"ListItem\",\"position\":3,\"name\":\"Ring Seal MRS\"}]},{\"@type\":\"WebSite\",\"@id\":\"https:\/\/www.fernco.de\/en\/#website\",\"url\":\"https:\/\/www.fernco.de\/en\/\",\"name\":\"Fernco\",\"description\":\"Flexible Couplings, Drainage &amp; Plumbing Systems\",\"publisher\":{\"@id\":\"https:\/\/www.fernco.de\/en\/#organization\"},\"potentialAction\":[{\"@type\":\"SearchAction\",\"target\":{\"@type\":\"EntryPoint\",\"urlTemplate\":\"https:\/\/www.fernco.de\/en\/?s={search_term_string}\"},\"query-input\":\"required name=search_term_string\"}],\"inLanguage\":\"en-US\"},{\"@type\":\"Organization\",\"@id\":\"https:\/\/www.fernco.de\/en\/#organization\",\"name\":\"Fernco GmbH\",\"alternateName\":\"Fernco\",\"url\":\"https:\/\/www.fernco.de\/en\/\",\"logo\":{\"@type\":\"ImageObject\",\"inLanguage\":\"en-US\",\"@id\":\"https:\/\/www.fernco.de\/en\/#\/schema\/logo\/image\/\",\"url\":\"https:\/\/www.fernco.de\/wp-content\/uploads\/2022\/06\/fernco-logo.png\",\"contentUrl\":\"https:\/\/www.fernco.de\/wp-content\/uploads\/2022\/06\/fernco-logo.png\",\"width\":287,\"height\":50,\"caption\":\"Fernco GmbH\"},\"image\":{\"@id\":\"https:\/\/www.fernco.de\/en\/#\/schema\/logo\/image\/\"},\"sameAs\":[\"https:\/\/www.facebook.com\/Flexseal\",\"https:\/\/x.com\/FlexsealUK\"]}]}<\/script>\n<!-- \/ Yoast SEO plugin. -->","yoast_head_json":{"title":"Ring Seal MRS | Fernco","description":"Ring Seals provide reliable sealing for pipes and cables against water, gases and aggressive media. Ideal for drinking water and noise protection.","robots":{"index":"index","follow":"follow","max-snippet":"max-snippet:-1","max-image-preview":"max-image-preview:large","max-video-preview":"max-video-preview:-1"},"canonical":"https:\/\/www.fernco.de\/en\/product\/ring-seals","og_locale":"en_US","og_type":"article","og_title":"Ring Seal MRS | Fernco","og_description":"Ring Seals provide reliable sealing for pipes and cables against water, gases and aggressive media. Ideal for drinking water and noise protection.","og_url":"https:\/\/www.fernco.de\/en\/product\/ring-seals","og_site_name":"Fernco","article_publisher":"https:\/\/www.facebook.com\/Flexseal","article_modified_time":"2024-12-13T09:08:28+00:00","og_image":[{"width":700,"height":394,"url":"https:\/\/www.fernco.de\/wp-content\/uploads\/2023\/05\/GK_700x394.png","type":"image\/png"}],"twitter_card":"summary_large_image","twitter_site":"@FlexsealUK","twitter_misc":{"Est. reading time":"2 minutes"},"schema":{"@context":"https:\/\/schema.org","@graph":[{"@type":"WebPage","@id":"https:\/\/www.fernco.de\/en\/product\/ring-seals","url":"https:\/\/www.fernco.de\/en\/product\/ring-seals","name":"Ring Seal MRS | Fernco","isPartOf":{"@id":"https:\/\/www.fernco.de\/en\/#website"},"primaryImageOfPage":{"@id":"https:\/\/www.fernco.de\/en\/product\/ring-seals#primaryimage"},"image":{"@id":"https:\/\/www.fernco.de\/en\/product\/ring-seals#primaryimage"},"thumbnailUrl":"https:\/\/www.fernco.de\/wp-content\/uploads\/2023\/05\/GK_700x394.png","datePublished":"2024-01-19T13:05:00+00:00","dateModified":"2024-12-13T09:08:28+00:00","description":"Ring Seals provide reliable sealing for pipes and cables against water, gases and aggressive media. Ideal for drinking water and noise protection.","breadcrumb":{"@id":"https:\/\/www.fernco.de\/en\/product\/ring-seals#breadcrumb"},"inLanguage":"en-US","potentialAction":[{"@type":"ReadAction","target":["https:\/\/www.fernco.de\/en\/product\/ring-seals"]}]},{"@type":"ImageObject","inLanguage":"en-US","@id":"https:\/\/www.fernco.de\/en\/product\/ring-seals#primaryimage","url":"https:\/\/www.fernco.de\/wp-content\/uploads\/2023\/05\/GK_700x394.png","contentUrl":"https:\/\/www.fernco.de\/wp-content\/uploads\/2023\/05\/GK_700x394.png","width":700,"height":394},{"@type":"BreadcrumbList","@id":"https:\/\/www.fernco.de\/en\/product\/ring-seals#breadcrumb","itemListElement":[{"@type":"ListItem","position":1,"name":"Home","item":"https:\/\/www.fernco.de\/en"},{"@type":"ListItem","position":2,"name":"Products","item":"https:\/\/www.fernco.de\/en\/shop"},{"@type":"ListItem","position":3,"name":"Ring Seal MRS"}]},{"@type":"WebSite","@id":"https:\/\/www.fernco.de\/en\/#website","url":"https:\/\/www.fernco.de\/en\/","name":"Fernco","description":"Flexible Couplings, Drainage &amp; Plumbing Systems","publisher":{"@id":"https:\/\/www.fernco.de\/en\/#organization"},"potentialAction":[{"@type":"SearchAction","target":{"@type":"EntryPoint","urlTemplate":"https:\/\/www.fernco.de\/en\/?s={search_term_string}"},"query-input":"required name=search_term_string"}],"inLanguage":"en-US"},{"@type":"Organization","@id":"https:\/\/www.fernco.de\/en\/#organization","name":"Fernco GmbH","alternateName":"Fernco","url":"https:\/\/www.fernco.de\/en\/","logo":{"@type":"ImageObject","inLanguage":"en-US","@id":"https:\/\/www.fernco.de\/en\/#\/schema\/logo\/image\/","url":"https:\/\/www.fernco.de\/wp-content\/uploads\/2022\/06\/fernco-logo.png","contentUrl":"https:\/\/www.fernco.de\/wp-content\/uploads\/2022\/06\/fernco-logo.png","width":287,"height":50,"caption":"Fernco GmbH"},"image":{"@id":"https:\/\/www.fernco.de\/en\/#\/schema\/logo\/image\/"},"sameAs":["https:\/\/www.facebook.com\/Flexseal","https:\/\/x.com\/FlexsealUK"]}]}},"_links":{"self":[{"href":"https:\/\/www.fernco.de\/en\/wp-json\/wp\/v2\/product\/30198"}],"collection":[{"href":"https:\/\/www.fernco.de\/en\/wp-json\/wp\/v2\/product"}],"about":[{"href":"https:\/\/www.fernco.de\/en\/wp-json\/wp\/v2\/types\/product"}],"wp:featuredmedia":[{"embeddable":true,"href":"https:\/\/www.fernco.de\/en\/wp-json\/wp\/v2\/media\/28178"}],"wp:attachment":[{"href":"https:\/\/www.fernco.de\/en\/wp-json\/wp\/v2\/media?parent=30198"}],"wp:term":[{"taxonomy":"product_cat","embeddable":true,"href":"https:\/\/www.fernco.de\/en\/wp-json\/wp\/v2\/product_cat?post=30198"},{"taxonomy":"product_tag","embeddable":true,"href":"https:\/\/www.fernco.de\/en\/wp-json\/wp\/v2\/product_tag?post=30198"}],"curies":[{"name":"wp","href":"https:\/\/api.w.org\/{rel}","templated":true}]}}