{"id":30361,"date":"2024-01-23T07:59:53","date_gmt":"2024-01-23T08:05:32","guid":{"rendered":"https:\/\/www.fernco.de\/?post_type=product&#038;p=30361"},"modified":"2025-05-15T13:32:42","modified_gmt":"2025-05-15T12:32:42","slug":"back-water-valve-bwv","status":"publish","type":"product","link":"https:\/\/www.fernco.de\/en\/product\/back-water-valve-bwv","title":{"rendered":"Back Water Valve BWV"},"content":{"rendered":"<p>BWV110-1 BWV160-1 BWV200-1 BWV110-2 BWV160-2 BWV200-2<\/p>\n<p>R\u00fcckstauverschluss kanal abfluss abwasser R\u00fcckstauklappen R\u00fcckfluss Hochwasserschutz Abwasserkanal Wasserwirtschaft Regenwasser Klappen Sch\u00e4dlinge ratten Nagetiere Nager<br \/>\nBack Water Valve sewer drain wastewater Backwater Valve Flaps Backflow Flood Protection sewer sewage water management stormwater flaps pests vermin rats rodents<br \/>\nClapet de refoulement en ligne canalisation \u00e9coulement eaux us\u00e9es clapets anti-retour protection contre les inondations canalisation d&#8217;eaux us\u00e9es gestion des eaux pluviales clapets nuisibles rats rongeurs<br \/>\nZaw\u00f3r zwrotny zasuwa burzowa kanalizacja \u015bcieki klapy zwrotne ochrona przeciwpowodziowa kanalizacja gospodarka wodna klapy burzowe szkodniki szczury gryzonie<br \/>\nClapet anti-retour Clapet anti-retour Protection contre les inondations Canalisation d&#8217;eaux us\u00e9es Gestion de l&#8217;eau Eaux pluviales Clapets anti-nuisibles Rats Rongeurs<br \/>\nWasserwirtschaft hochwasser schutz fluten fluss kanal stau r\u00fcckstau r\u00fcckfluss regen ventil regenrohre regenrinnen<br \/>\nWater Management flood defense defence defend channel backflow rain valve<br \/>\nGestion des Eaux Gospodarka wodna Przeciwpowodziowe<\/p>\n<p>braun brown marron br\u0105zowy brazowy gelb yellow jaune z\u00f3\u0142ty zolty rot red rouge czerwony<\/p>\n<p>ABS schlagfest impact resistant r\u00e9sistant aux chocs Kunststoff Plastik plastic plastique<\/p>\n","protected":false},"excerpt":{"rendered":"<p>Back Water Valves protect buildings from backflow of rain- and waste water from the drainage system with an automatic closing system. Its special design reduces the risk of deposits building up and blocking the flap.<\/p>\n<p><strong>At a glance:<\/strong><\/p>\n<ul>\n<li>Reliable and low-maintenance<\/li>\n<li>with manual emergency closure system<\/li>\n<li>keeps odours and rodents out<\/li>\n<li>made of ABS; high resistance to aggressive substances<\/li>\n<li>easy removal of the lid for regular maintenance<\/li>\n<li>suitable for faecal-free waste water<\/li>\n<\/ul>\n","protected":false},"featured_media":30365,"template":"","meta":{"_acf_changed":false,"_mi_skip_tracking":false,"_monsterinsights_sitenote_active":false,"_monsterinsights_sitenote_note":"","_monsterinsights_sitenote_category":0},"product_cat":[242],"product_tag":[],"acf":[],"yoast_head":"<!-- This site is optimized with the Yoast SEO plugin v22.7 - https:\/\/yoast.com\/wordpress\/plugins\/seo\/ -->\n<title>Back Water Valve BWV | Fernco<\/title>\n<meta name=\"description\" content=\"Fernco&#039; Back Water Valves protect buildings from backflow of rain- and waste water from the drainage system with an automatic closing system.\" \/>\n<meta name=\"robots\" content=\"index, follow, max-snippet:-1, max-image-preview:large, max-video-preview:-1\" \/>\n<link rel=\"canonical\" href=\"https:\/\/www.fernco.de\/en\/product\/back-water-valve-bwv\" \/>\n<meta property=\"og:locale\" content=\"en_US\" \/>\n<meta property=\"og:type\" content=\"article\" \/>\n<meta property=\"og:title\" content=\"Back Water Valve BWV | Fernco\" \/>\n<meta property=\"og:description\" content=\"Fernco&#039; Back Water Valves protect buildings from backflow of rain- and waste water from the drainage system with an automatic closing system.\" \/>\n<meta property=\"og:url\" content=\"https:\/\/www.fernco.de\/en\/product\/back-water-valve-bwv\" \/>\n<meta property=\"og:site_name\" content=\"Fernco\" \/>\n<meta property=\"article:publisher\" content=\"https:\/\/www.facebook.com\/Flexseal\" \/>\n<meta property=\"article:modified_time\" content=\"2025-05-15T12:32:42+00:00\" \/>\n<meta property=\"og:image\" content=\"https:\/\/www.fernco.de\/wp-content\/uploads\/2024\/01\/BWV-back-water-valve.jpg\" \/>\n\t<meta property=\"og:image:width\" content=\"700\" \/>\n\t<meta property=\"og:image:height\" content=\"394\" \/>\n\t<meta property=\"og:image:type\" content=\"image\/jpeg\" \/>\n<meta name=\"twitter:card\" content=\"summary_large_image\" \/>\n<meta name=\"twitter:site\" content=\"@FlexsealUK\" \/>\n<meta name=\"twitter:label1\" content=\"Est. reading time\" \/>\n\t<meta name=\"twitter:data1\" content=\"2 minutes\" \/>\n<script type=\"application\/ld+json\" class=\"yoast-schema-graph\">{\"@context\":\"https:\/\/schema.org\",\"@graph\":[{\"@type\":\"WebPage\",\"@id\":\"https:\/\/www.fernco.de\/en\/product\/back-water-valve-bwv\",\"url\":\"https:\/\/www.fernco.de\/en\/product\/back-water-valve-bwv\",\"name\":\"Back Water Valve BWV | Fernco\",\"isPartOf\":{\"@id\":\"https:\/\/www.fernco.de\/en\/#website\"},\"primaryImageOfPage\":{\"@id\":\"https:\/\/www.fernco.de\/en\/product\/back-water-valve-bwv#primaryimage\"},\"image\":{\"@id\":\"https:\/\/www.fernco.de\/en\/product\/back-water-valve-bwv#primaryimage\"},\"thumbnailUrl\":\"https:\/\/www.fernco.de\/wp-content\/uploads\/2024\/01\/BWV-back-water-valve.jpg\",\"datePublished\":\"2024-01-23T08:05:32+00:00\",\"dateModified\":\"2025-05-15T12:32:42+00:00\",\"description\":\"Fernco' Back Water Valves protect buildings from backflow of rain- and waste water from the drainage system with an automatic closing system.\",\"breadcrumb\":{\"@id\":\"https:\/\/www.fernco.de\/en\/product\/back-water-valve-bwv#breadcrumb\"},\"inLanguage\":\"en-US\",\"potentialAction\":[{\"@type\":\"ReadAction\",\"target\":[\"https:\/\/www.fernco.de\/en\/product\/back-water-valve-bwv\"]}]},{\"@type\":\"ImageObject\",\"inLanguage\":\"en-US\",\"@id\":\"https:\/\/www.fernco.de\/en\/product\/back-water-valve-bwv#primaryimage\",\"url\":\"https:\/\/www.fernco.de\/wp-content\/uploads\/2024\/01\/BWV-back-water-valve.jpg\",\"contentUrl\":\"https:\/\/www.fernco.de\/wp-content\/uploads\/2024\/01\/BWV-back-water-valve.jpg\",\"width\":700,\"height\":394},{\"@type\":\"BreadcrumbList\",\"@id\":\"https:\/\/www.fernco.de\/en\/product\/back-water-valve-bwv#breadcrumb\",\"itemListElement\":[{\"@type\":\"ListItem\",\"position\":1,\"name\":\"Home\",\"item\":\"https:\/\/www.fernco.de\/en\"},{\"@type\":\"ListItem\",\"position\":2,\"name\":\"Products\",\"item\":\"https:\/\/www.fernco.de\/en\/shop\"},{\"@type\":\"ListItem\",\"position\":3,\"name\":\"Back Water Valve BWV\"}]},{\"@type\":\"WebSite\",\"@id\":\"https:\/\/www.fernco.de\/en\/#website\",\"url\":\"https:\/\/www.fernco.de\/en\/\",\"name\":\"Fernco\",\"description\":\"Flexible Couplings, Drainage &amp; Plumbing Systems\",\"publisher\":{\"@id\":\"https:\/\/www.fernco.de\/en\/#organization\"},\"potentialAction\":[{\"@type\":\"SearchAction\",\"target\":{\"@type\":\"EntryPoint\",\"urlTemplate\":\"https:\/\/www.fernco.de\/en\/?s={search_term_string}\"},\"query-input\":\"required name=search_term_string\"}],\"inLanguage\":\"en-US\"},{\"@type\":\"Organization\",\"@id\":\"https:\/\/www.fernco.de\/en\/#organization\",\"name\":\"Fernco GmbH\",\"alternateName\":\"Fernco\",\"url\":\"https:\/\/www.fernco.de\/en\/\",\"logo\":{\"@type\":\"ImageObject\",\"inLanguage\":\"en-US\",\"@id\":\"https:\/\/www.fernco.de\/en\/#\/schema\/logo\/image\/\",\"url\":\"https:\/\/www.fernco.de\/wp-content\/uploads\/2022\/06\/fernco-logo.png\",\"contentUrl\":\"https:\/\/www.fernco.de\/wp-content\/uploads\/2022\/06\/fernco-logo.png\",\"width\":287,\"height\":50,\"caption\":\"Fernco GmbH\"},\"image\":{\"@id\":\"https:\/\/www.fernco.de\/en\/#\/schema\/logo\/image\/\"},\"sameAs\":[\"https:\/\/www.facebook.com\/Flexseal\",\"https:\/\/x.com\/FlexsealUK\"]}]}<\/script>\n<!-- \/ Yoast SEO plugin. -->","yoast_head_json":{"title":"Back Water Valve BWV | Fernco","description":"Fernco' Back Water Valves protect buildings from backflow of rain- and waste water from the drainage system with an automatic closing system.","robots":{"index":"index","follow":"follow","max-snippet":"max-snippet:-1","max-image-preview":"max-image-preview:large","max-video-preview":"max-video-preview:-1"},"canonical":"https:\/\/www.fernco.de\/en\/product\/back-water-valve-bwv","og_locale":"en_US","og_type":"article","og_title":"Back Water Valve BWV | Fernco","og_description":"Fernco' Back Water Valves protect buildings from backflow of rain- and waste water from the drainage system with an automatic closing system.","og_url":"https:\/\/www.fernco.de\/en\/product\/back-water-valve-bwv","og_site_name":"Fernco","article_publisher":"https:\/\/www.facebook.com\/Flexseal","article_modified_time":"2025-05-15T12:32:42+00:00","og_image":[{"width":700,"height":394,"url":"https:\/\/www.fernco.de\/wp-content\/uploads\/2024\/01\/BWV-back-water-valve.jpg","type":"image\/jpeg"}],"twitter_card":"summary_large_image","twitter_site":"@FlexsealUK","twitter_misc":{"Est. reading time":"2 minutes"},"schema":{"@context":"https:\/\/schema.org","@graph":[{"@type":"WebPage","@id":"https:\/\/www.fernco.de\/en\/product\/back-water-valve-bwv","url":"https:\/\/www.fernco.de\/en\/product\/back-water-valve-bwv","name":"Back Water Valve BWV | Fernco","isPartOf":{"@id":"https:\/\/www.fernco.de\/en\/#website"},"primaryImageOfPage":{"@id":"https:\/\/www.fernco.de\/en\/product\/back-water-valve-bwv#primaryimage"},"image":{"@id":"https:\/\/www.fernco.de\/en\/product\/back-water-valve-bwv#primaryimage"},"thumbnailUrl":"https:\/\/www.fernco.de\/wp-content\/uploads\/2024\/01\/BWV-back-water-valve.jpg","datePublished":"2024-01-23T08:05:32+00:00","dateModified":"2025-05-15T12:32:42+00:00","description":"Fernco' Back Water Valves protect buildings from backflow of rain- and waste water from the drainage system with an automatic closing system.","breadcrumb":{"@id":"https:\/\/www.fernco.de\/en\/product\/back-water-valve-bwv#breadcrumb"},"inLanguage":"en-US","potentialAction":[{"@type":"ReadAction","target":["https:\/\/www.fernco.de\/en\/product\/back-water-valve-bwv"]}]},{"@type":"ImageObject","inLanguage":"en-US","@id":"https:\/\/www.fernco.de\/en\/product\/back-water-valve-bwv#primaryimage","url":"https:\/\/www.fernco.de\/wp-content\/uploads\/2024\/01\/BWV-back-water-valve.jpg","contentUrl":"https:\/\/www.fernco.de\/wp-content\/uploads\/2024\/01\/BWV-back-water-valve.jpg","width":700,"height":394},{"@type":"BreadcrumbList","@id":"https:\/\/www.fernco.de\/en\/product\/back-water-valve-bwv#breadcrumb","itemListElement":[{"@type":"ListItem","position":1,"name":"Home","item":"https:\/\/www.fernco.de\/en"},{"@type":"ListItem","position":2,"name":"Products","item":"https:\/\/www.fernco.de\/en\/shop"},{"@type":"ListItem","position":3,"name":"Back Water Valve BWV"}]},{"@type":"WebSite","@id":"https:\/\/www.fernco.de\/en\/#website","url":"https:\/\/www.fernco.de\/en\/","name":"Fernco","description":"Flexible Couplings, Drainage &amp; Plumbing Systems","publisher":{"@id":"https:\/\/www.fernco.de\/en\/#organization"},"potentialAction":[{"@type":"SearchAction","target":{"@type":"EntryPoint","urlTemplate":"https:\/\/www.fernco.de\/en\/?s={search_term_string}"},"query-input":"required name=search_term_string"}],"inLanguage":"en-US"},{"@type":"Organization","@id":"https:\/\/www.fernco.de\/en\/#organization","name":"Fernco GmbH","alternateName":"Fernco","url":"https:\/\/www.fernco.de\/en\/","logo":{"@type":"ImageObject","inLanguage":"en-US","@id":"https:\/\/www.fernco.de\/en\/#\/schema\/logo\/image\/","url":"https:\/\/www.fernco.de\/wp-content\/uploads\/2022\/06\/fernco-logo.png","contentUrl":"https:\/\/www.fernco.de\/wp-content\/uploads\/2022\/06\/fernco-logo.png","width":287,"height":50,"caption":"Fernco GmbH"},"image":{"@id":"https:\/\/www.fernco.de\/en\/#\/schema\/logo\/image\/"},"sameAs":["https:\/\/www.facebook.com\/Flexseal","https:\/\/x.com\/FlexsealUK"]}]}},"_links":{"self":[{"href":"https:\/\/www.fernco.de\/en\/wp-json\/wp\/v2\/product\/30361"}],"collection":[{"href":"https:\/\/www.fernco.de\/en\/wp-json\/wp\/v2\/product"}],"about":[{"href":"https:\/\/www.fernco.de\/en\/wp-json\/wp\/v2\/types\/product"}],"wp:featuredmedia":[{"embeddable":true,"href":"https:\/\/www.fernco.de\/en\/wp-json\/wp\/v2\/media\/30365"}],"wp:attachment":[{"href":"https:\/\/www.fernco.de\/en\/wp-json\/wp\/v2\/media?parent=30361"}],"wp:term":[{"taxonomy":"product_cat","embeddable":true,"href":"https:\/\/www.fernco.de\/en\/wp-json\/wp\/v2\/product_cat?post=30361"},{"taxonomy":"product_tag","embeddable":true,"href":"https:\/\/www.fernco.de\/en\/wp-json\/wp\/v2\/product_tag?post=30361"}],"curies":[{"name":"wp","href":"https:\/\/api.w.org\/{rel}","templated":true}]}}