{"id":30367,"date":"2024-01-10T09:22:59","date_gmt":"2024-01-23T15:29:25","guid":{"rendered":"https:\/\/www.fernco.de\/?post_type=product&#038;p=30367"},"modified":"2024-08-01T12:18:35","modified_gmt":"2024-08-01T11:18:35","slug":"debris-gully-dg","status":"publish","type":"product","link":"https:\/\/www.fernco.de\/en\/product\/debris-gully-dg","title":{"rendered":"Debris Gully DG"},"content":{"rendered":"<p>DG50-125_GREY DG50-125_BROWN DG50-125_BLACK DG50-12 DG<\/p>\n<p>schwarz black noir czarny grau grey gray gris szary rot red rouge czerwony orange pomara\u0144czowy pomaranczowy<\/p>\n<p>Polypropylen Polypropyl\u00e8ne kunststoff plastik plastic plastique schlagfest impact resistant r\u00e9sistant aux chocs tworzywo sztuczne odporne na uderzenia<\/p>\n<p>Regensinkkasten versickern regenrohr regenfallrohr regenrinne hochwasser regenwasser dachrinnen Regenrinnen fallrohre Regenrohre R\u00fcckfluss Hochwasserschutz Abwasserkanal Wasserwirtschaft Klappen Korb Siebe<br \/>\nDebris Gully rain pipe flood trickle seep perlocate rainwater gutters gutters downpipes rainwater pipes backflow flood protection sewerage water management flaps basket strainers<br \/>\nR\u00e9cepteur eaux pluviales eaux pluviales goutti\u00e8res ch\u00e9neaux tuyaux de descente tuyaux de pluie reflux protection contre les crues \u00e9gouts gestion de l&#8217;eau clapets cribles<br \/>\nWpust deszczowy Skrzynka infiltracyjna wody deszczowej rura deszczowa rura spustowa wody deszczowej rynna deszczowa rynny spustowe rury deszczowe ochrona przeciwpowodziowa kanalizacja zarz\u0105dzanie wod\u0105 klapy sitka koszowe<\/p>\n<p>DN50 DN63 DN75 DN80 DN90 DN100 DN110 DN120 DN125<\/p>\n<p>KG Kunststoffrohre plastics Tubes en plastique Betonrohre concrete Tubes en b\u00e9ton Steinzeugrohre vitrified clay Tuyaux en gr\u00e8s SML Gussrohre Gusseisen cast iron Tuyaux en fonte geripptes gewelltes Rohre Rippen ribbed ribs pipes tube nervur\u00e9 ondul\u00e9 Abwasserrohre Abflusssysteme sewage Tuyaux d&#8217;\u00e9vacuation Syst\u00e8mes d&#8217;\u00e9vacuation Rury plastikowe cienko\u015bcienne g\u0142adkie betonowe kamionkowe faliste plastikowe dwu\u015bcienne \u017celiwne \u017beliwo zeliwo<\/p>\n","protected":false},"excerpt":{"rendered":"<p>Fernco debris gullies are designed for efficient drainage of rainwater into the drainage system outside the building. They are an ideal and aesthetic solution for family homes, apartment blocks or other facilities with gutters.<\/p>\n<p>The Fernco gullies with multiple inlet\/outlet diameters are a very good replacement for all existing gutter solutions and represent an all-in-one solution: Receiver, lid, basket and non-return valve are integrated. The basket inside catches debris (leaves, twigs, pebbles) flowing down with the water and thus prevents blockages in the sewer.<\/p>\n<p><strong>The advantages at a glance:<\/strong><\/p>\n<ul>\n<li>Direct connection of the rainwater pipe \u00d8 50, 63, 75, 80, 90, 100, 110, 120 and 125 mm<\/li>\n<li>Connection to drainpipes \u00d8 110 or 125 mm<\/li>\n<li>Durable and reliable, withstands a load of up to 1063 N<\/li>\n<li>With odour-inhibiting flap as maintenance opening<\/li>\n<li>protects the building against uneven settlement of the building, cracks in the walls and moisture inside the building by absorbing rainwater<\/li>\n<\/ul>\n","protected":false},"featured_media":31438,"template":"","meta":{"_acf_changed":false,"_mi_skip_tracking":false,"_monsterinsights_sitenote_active":false,"_monsterinsights_sitenote_note":"","_monsterinsights_sitenote_category":0},"product_cat":[238,242],"product_tag":[],"acf":[],"yoast_head":"<!-- This site is optimized with the Yoast SEO plugin v22.7 - https:\/\/yoast.com\/wordpress\/plugins\/seo\/ -->\n<title>Debris Gully DG | Fernco<\/title>\n<meta name=\"description\" content=\"Debris gullies are an element of the rainwater pipe system for the efficient drainage of rainwater into the drainage system outside the building\" \/>\n<meta name=\"robots\" content=\"index, follow, max-snippet:-1, max-image-preview:large, max-video-preview:-1\" \/>\n<link rel=\"canonical\" href=\"https:\/\/www.fernco.de\/en\/product\/debris-gully-dg\" \/>\n<meta property=\"og:locale\" content=\"en_US\" \/>\n<meta property=\"og:type\" content=\"article\" \/>\n<meta property=\"og:title\" content=\"Debris Gully DG | Fernco\" \/>\n<meta property=\"og:description\" content=\"Debris gullies are an element of the rainwater pipe system for the efficient drainage of rainwater into the drainage system outside the building\" \/>\n<meta property=\"og:url\" content=\"https:\/\/www.fernco.de\/en\/product\/debris-gully-dg\" \/>\n<meta property=\"og:site_name\" content=\"Fernco\" \/>\n<meta property=\"article:publisher\" content=\"https:\/\/www.facebook.com\/Flexseal\" \/>\n<meta property=\"article:modified_time\" content=\"2024-08-01T11:18:35+00:00\" \/>\n<meta property=\"og:image\" content=\"https:\/\/www.fernco.de\/wp-content\/uploads\/2024\/01\/DG-Debris-Gully.png\" \/>\n\t<meta property=\"og:image:width\" content=\"700\" \/>\n\t<meta property=\"og:image:height\" content=\"394\" \/>\n\t<meta property=\"og:image:type\" content=\"image\/png\" \/>\n<meta name=\"twitter:card\" content=\"summary_large_image\" \/>\n<meta name=\"twitter:site\" content=\"@FlexsealUK\" \/>\n<meta name=\"twitter:label1\" content=\"Est. reading time\" \/>\n\t<meta name=\"twitter:data1\" content=\"2 minutes\" \/>\n<script type=\"application\/ld+json\" class=\"yoast-schema-graph\">{\"@context\":\"https:\/\/schema.org\",\"@graph\":[{\"@type\":\"WebPage\",\"@id\":\"https:\/\/www.fernco.de\/en\/product\/debris-gully-dg\",\"url\":\"https:\/\/www.fernco.de\/en\/product\/debris-gully-dg\",\"name\":\"Debris Gully DG | Fernco\",\"isPartOf\":{\"@id\":\"https:\/\/www.fernco.de\/en\/#website\"},\"primaryImageOfPage\":{\"@id\":\"https:\/\/www.fernco.de\/en\/product\/debris-gully-dg#primaryimage\"},\"image\":{\"@id\":\"https:\/\/www.fernco.de\/en\/product\/debris-gully-dg#primaryimage\"},\"thumbnailUrl\":\"https:\/\/www.fernco.de\/wp-content\/uploads\/2024\/01\/DG-Debris-Gully.png\",\"datePublished\":\"2024-01-23T15:29:25+00:00\",\"dateModified\":\"2024-08-01T11:18:35+00:00\",\"description\":\"Debris gullies are an element of the rainwater pipe system for the efficient drainage of rainwater into the drainage system outside the building\",\"breadcrumb\":{\"@id\":\"https:\/\/www.fernco.de\/en\/product\/debris-gully-dg#breadcrumb\"},\"inLanguage\":\"en-US\",\"potentialAction\":[{\"@type\":\"ReadAction\",\"target\":[\"https:\/\/www.fernco.de\/en\/product\/debris-gully-dg\"]}]},{\"@type\":\"ImageObject\",\"inLanguage\":\"en-US\",\"@id\":\"https:\/\/www.fernco.de\/en\/product\/debris-gully-dg#primaryimage\",\"url\":\"https:\/\/www.fernco.de\/wp-content\/uploads\/2024\/01\/DG-Debris-Gully.png\",\"contentUrl\":\"https:\/\/www.fernco.de\/wp-content\/uploads\/2024\/01\/DG-Debris-Gully.png\",\"width\":700,\"height\":394},{\"@type\":\"BreadcrumbList\",\"@id\":\"https:\/\/www.fernco.de\/en\/product\/debris-gully-dg#breadcrumb\",\"itemListElement\":[{\"@type\":\"ListItem\",\"position\":1,\"name\":\"Home\",\"item\":\"https:\/\/www.fernco.de\/en\"},{\"@type\":\"ListItem\",\"position\":2,\"name\":\"Products\",\"item\":\"https:\/\/www.fernco.de\/en\/shop\"},{\"@type\":\"ListItem\",\"position\":3,\"name\":\"Debris Gully DG\"}]},{\"@type\":\"WebSite\",\"@id\":\"https:\/\/www.fernco.de\/en\/#website\",\"url\":\"https:\/\/www.fernco.de\/en\/\",\"name\":\"Fernco\",\"description\":\"Flexible Couplings, Drainage &amp; Plumbing Systems\",\"publisher\":{\"@id\":\"https:\/\/www.fernco.de\/en\/#organization\"},\"potentialAction\":[{\"@type\":\"SearchAction\",\"target\":{\"@type\":\"EntryPoint\",\"urlTemplate\":\"https:\/\/www.fernco.de\/en\/?s={search_term_string}\"},\"query-input\":\"required name=search_term_string\"}],\"inLanguage\":\"en-US\"},{\"@type\":\"Organization\",\"@id\":\"https:\/\/www.fernco.de\/en\/#organization\",\"name\":\"Fernco GmbH\",\"alternateName\":\"Fernco\",\"url\":\"https:\/\/www.fernco.de\/en\/\",\"logo\":{\"@type\":\"ImageObject\",\"inLanguage\":\"en-US\",\"@id\":\"https:\/\/www.fernco.de\/en\/#\/schema\/logo\/image\/\",\"url\":\"https:\/\/www.fernco.de\/wp-content\/uploads\/2022\/06\/fernco-logo.png\",\"contentUrl\":\"https:\/\/www.fernco.de\/wp-content\/uploads\/2022\/06\/fernco-logo.png\",\"width\":287,\"height\":50,\"caption\":\"Fernco GmbH\"},\"image\":{\"@id\":\"https:\/\/www.fernco.de\/en\/#\/schema\/logo\/image\/\"},\"sameAs\":[\"https:\/\/www.facebook.com\/Flexseal\",\"https:\/\/x.com\/FlexsealUK\"]}]}<\/script>\n<!-- \/ Yoast SEO plugin. -->","yoast_head_json":{"title":"Debris Gully DG | Fernco","description":"Debris gullies are an element of the rainwater pipe system for the efficient drainage of rainwater into the drainage system outside the building","robots":{"index":"index","follow":"follow","max-snippet":"max-snippet:-1","max-image-preview":"max-image-preview:large","max-video-preview":"max-video-preview:-1"},"canonical":"https:\/\/www.fernco.de\/en\/product\/debris-gully-dg","og_locale":"en_US","og_type":"article","og_title":"Debris Gully DG | Fernco","og_description":"Debris gullies are an element of the rainwater pipe system for the efficient drainage of rainwater into the drainage system outside the building","og_url":"https:\/\/www.fernco.de\/en\/product\/debris-gully-dg","og_site_name":"Fernco","article_publisher":"https:\/\/www.facebook.com\/Flexseal","article_modified_time":"2024-08-01T11:18:35+00:00","og_image":[{"width":700,"height":394,"url":"https:\/\/www.fernco.de\/wp-content\/uploads\/2024\/01\/DG-Debris-Gully.png","type":"image\/png"}],"twitter_card":"summary_large_image","twitter_site":"@FlexsealUK","twitter_misc":{"Est. reading time":"2 minutes"},"schema":{"@context":"https:\/\/schema.org","@graph":[{"@type":"WebPage","@id":"https:\/\/www.fernco.de\/en\/product\/debris-gully-dg","url":"https:\/\/www.fernco.de\/en\/product\/debris-gully-dg","name":"Debris Gully DG | Fernco","isPartOf":{"@id":"https:\/\/www.fernco.de\/en\/#website"},"primaryImageOfPage":{"@id":"https:\/\/www.fernco.de\/en\/product\/debris-gully-dg#primaryimage"},"image":{"@id":"https:\/\/www.fernco.de\/en\/product\/debris-gully-dg#primaryimage"},"thumbnailUrl":"https:\/\/www.fernco.de\/wp-content\/uploads\/2024\/01\/DG-Debris-Gully.png","datePublished":"2024-01-23T15:29:25+00:00","dateModified":"2024-08-01T11:18:35+00:00","description":"Debris gullies are an element of the rainwater pipe system for the efficient drainage of rainwater into the drainage system outside the building","breadcrumb":{"@id":"https:\/\/www.fernco.de\/en\/product\/debris-gully-dg#breadcrumb"},"inLanguage":"en-US","potentialAction":[{"@type":"ReadAction","target":["https:\/\/www.fernco.de\/en\/product\/debris-gully-dg"]}]},{"@type":"ImageObject","inLanguage":"en-US","@id":"https:\/\/www.fernco.de\/en\/product\/debris-gully-dg#primaryimage","url":"https:\/\/www.fernco.de\/wp-content\/uploads\/2024\/01\/DG-Debris-Gully.png","contentUrl":"https:\/\/www.fernco.de\/wp-content\/uploads\/2024\/01\/DG-Debris-Gully.png","width":700,"height":394},{"@type":"BreadcrumbList","@id":"https:\/\/www.fernco.de\/en\/product\/debris-gully-dg#breadcrumb","itemListElement":[{"@type":"ListItem","position":1,"name":"Home","item":"https:\/\/www.fernco.de\/en"},{"@type":"ListItem","position":2,"name":"Products","item":"https:\/\/www.fernco.de\/en\/shop"},{"@type":"ListItem","position":3,"name":"Debris Gully DG"}]},{"@type":"WebSite","@id":"https:\/\/www.fernco.de\/en\/#website","url":"https:\/\/www.fernco.de\/en\/","name":"Fernco","description":"Flexible Couplings, Drainage &amp; Plumbing Systems","publisher":{"@id":"https:\/\/www.fernco.de\/en\/#organization"},"potentialAction":[{"@type":"SearchAction","target":{"@type":"EntryPoint","urlTemplate":"https:\/\/www.fernco.de\/en\/?s={search_term_string}"},"query-input":"required name=search_term_string"}],"inLanguage":"en-US"},{"@type":"Organization","@id":"https:\/\/www.fernco.de\/en\/#organization","name":"Fernco GmbH","alternateName":"Fernco","url":"https:\/\/www.fernco.de\/en\/","logo":{"@type":"ImageObject","inLanguage":"en-US","@id":"https:\/\/www.fernco.de\/en\/#\/schema\/logo\/image\/","url":"https:\/\/www.fernco.de\/wp-content\/uploads\/2022\/06\/fernco-logo.png","contentUrl":"https:\/\/www.fernco.de\/wp-content\/uploads\/2022\/06\/fernco-logo.png","width":287,"height":50,"caption":"Fernco GmbH"},"image":{"@id":"https:\/\/www.fernco.de\/en\/#\/schema\/logo\/image\/"},"sameAs":["https:\/\/www.facebook.com\/Flexseal","https:\/\/x.com\/FlexsealUK"]}]}},"_links":{"self":[{"href":"https:\/\/www.fernco.de\/en\/wp-json\/wp\/v2\/product\/30367"}],"collection":[{"href":"https:\/\/www.fernco.de\/en\/wp-json\/wp\/v2\/product"}],"about":[{"href":"https:\/\/www.fernco.de\/en\/wp-json\/wp\/v2\/types\/product"}],"wp:featuredmedia":[{"embeddable":true,"href":"https:\/\/www.fernco.de\/en\/wp-json\/wp\/v2\/media\/31438"}],"wp:attachment":[{"href":"https:\/\/www.fernco.de\/en\/wp-json\/wp\/v2\/media?parent=30367"}],"wp:term":[{"taxonomy":"product_cat","embeddable":true,"href":"https:\/\/www.fernco.de\/en\/wp-json\/wp\/v2\/product_cat?post=30367"},{"taxonomy":"product_tag","embeddable":true,"href":"https:\/\/www.fernco.de\/en\/wp-json\/wp\/v2\/product_tag?post=30367"}],"curies":[{"name":"wp","href":"https:\/\/api.w.org\/{rel}","templated":true}]}}