{"id":33386,"date":"2024-09-16T09:50:21","date_gmt":"2024-09-16T10:00:43","guid":{"rendered":"https:\/\/www.fernco.de\/?post_type=product&#038;p=33386"},"modified":"2025-05-15T14:01:16","modified_gmt":"2025-05-15T13:01:16","slug":"floodbag","status":"publish","type":"product","link":"https:\/\/www.fernco.de\/en\/product\/floodbag","title":{"rendered":"FLOODbag"},"content":{"rendered":"<p>Floodbag floodsax sandbag sandsack FB sand FB01 Worek z piaskiem Sac de sable barriere barrier barri\u00e8re bariera<br \/>\nHochwasserschutz Hochwasser flut \u00fcberschwemmbungen r\u00fcckfluss abwasser kanalisation floods defense defence protection backflow sewage sewerage water block return protection inondations crues inondations reflux eaux us\u00e9es \u00e9gouts ochrona przeciwpowodziowa pow\u00f3d\u017a przep\u0142yw zwrotny kanalizacja system kanalizacyjny<br \/>\nSanit\u00e4r Plumbing Plomberie Hydraulika Kanalizacja<\/p>\n<p>wei\u00df white blanc bia\u0142y bialy<br \/>\nSuperabsorbierendes Polymer fleece super absorbing polymer<\/p>\n<p>wartung reparatur abwasser rohre Abwasserrohre Abflusssysteme Lecks leck Sch\u00e4den schaden regenwasser undicht<br \/>\nmaintenance repair sewage leaks damages rain water flat roofs pipes tubes<br \/>\nr\u00e9paration eaux us\u00e9es tubes eaux us\u00e9es syst\u00e8mes d&#8217;\u00e9vacuation \u00e9cologique inodore eau de pluie non \u00e9tanche toits plats<br \/>\n\u015arodek barwi\u0105cy konserwacja naprawa rury kanalizacyjne rury kanalizacyjne systemy odwadniaj\u0105ce wycieki uszkodzenia zanieczyszczenie dr\u00f3g wodnych przyjazne dla \u015brodowiska nietoksyczne bezzapachowe kolory przecieki wody deszczowej dachy p\u0142askie<\/p>\n","protected":false},"excerpt":{"rendered":"<p><strong>Fernco FLOODbags are absorbent bags filled with a super absorbent polymer (SAP), for protecting against flooding. This ideal solution is easy to store, and is a more effective and cost-efficient alternative to traditional sandbags.<\/strong><\/p>\n<p>Fernco FLOODbags can be used in a wide variety of applications including; doors, garages, flash flooding, covering air bricks, leaks, boilers and toilet backflow. The SAP technology within the Fernco FLOODbag soaks up water in minutes &#8211; no need to manually fill sacks with sand.<\/p>\n<p>The SAP inside simply absorbs the water to create a taut, mess free flood bag. They are multi-functional and flexible to be used both inside and outside.<\/p>\n<p><strong>The advantages at a glance:<\/strong><\/p>\n<ul>\n<li>Effectively block or divert floodwater from entering<\/li>\n<li>Flat-packed for easy storage &#8211; a dry bag weighs only approx. 400 grams<\/li>\n<li>Highly absorbent material and blocks the passing of further floodwater once fully absorbed<\/li>\n<li>Soaks up leaks and spillages in difficult areas<\/li>\n<li>Quick and easy installation &#8211; 3 simple steps<\/li>\n<li>Easy to transport and store<\/li>\n<\/ul>\n","protected":false},"featured_media":33294,"template":"","meta":{"_acf_changed":false,"_mi_skip_tracking":false,"_monsterinsights_sitenote_active":false,"_monsterinsights_sitenote_note":"","_monsterinsights_sitenote_category":0},"product_cat":[242],"product_tag":[],"acf":[],"yoast_head":"<!-- This site is optimized with the Yoast SEO plugin v22.7 - https:\/\/yoast.com\/wordpress\/plugins\/seo\/ -->\n<title>FLOODbag | Fernco<\/title>\n<meta name=\"description\" content=\"Fernco Floodbags protect properties from flooding. They are easy to store and are therefore a more effective alternative to sandbags.\" \/>\n<meta name=\"robots\" content=\"index, follow, max-snippet:-1, max-image-preview:large, max-video-preview:-1\" \/>\n<link rel=\"canonical\" href=\"https:\/\/www.fernco.de\/en\/product\/floodbag\" \/>\n<meta property=\"og:locale\" content=\"en_US\" \/>\n<meta property=\"og:type\" content=\"article\" \/>\n<meta property=\"og:title\" content=\"FLOODbag | Fernco\" \/>\n<meta property=\"og:description\" content=\"Fernco Floodbags protect properties from flooding. They are easy to store and are therefore a more effective alternative to sandbags.\" \/>\n<meta property=\"og:url\" content=\"https:\/\/www.fernco.de\/en\/product\/floodbag\" \/>\n<meta property=\"og:site_name\" content=\"Fernco\" \/>\n<meta property=\"article:publisher\" content=\"https:\/\/www.facebook.com\/Flexseal\" \/>\n<meta property=\"article:modified_time\" content=\"2025-05-15T13:01:16+00:00\" \/>\n<meta property=\"og:image\" content=\"https:\/\/www.fernco.de\/wp-content\/uploads\/2024\/08\/FB_700x394.png\" \/>\n\t<meta property=\"og:image:width\" content=\"700\" \/>\n\t<meta property=\"og:image:height\" content=\"394\" \/>\n\t<meta property=\"og:image:type\" content=\"image\/png\" \/>\n<meta name=\"twitter:card\" content=\"summary_large_image\" \/>\n<meta name=\"twitter:site\" content=\"@FlexsealUK\" \/>\n<meta name=\"twitter:label1\" content=\"Est. reading time\" \/>\n\t<meta name=\"twitter:data1\" content=\"1 minute\" \/>\n<script type=\"application\/ld+json\" class=\"yoast-schema-graph\">{\"@context\":\"https:\/\/schema.org\",\"@graph\":[{\"@type\":\"WebPage\",\"@id\":\"https:\/\/www.fernco.de\/en\/product\/floodbag\",\"url\":\"https:\/\/www.fernco.de\/en\/product\/floodbag\",\"name\":\"FLOODbag | Fernco\",\"isPartOf\":{\"@id\":\"https:\/\/www.fernco.de\/en\/#website\"},\"primaryImageOfPage\":{\"@id\":\"https:\/\/www.fernco.de\/en\/product\/floodbag#primaryimage\"},\"image\":{\"@id\":\"https:\/\/www.fernco.de\/en\/product\/floodbag#primaryimage\"},\"thumbnailUrl\":\"https:\/\/www.fernco.de\/wp-content\/uploads\/2024\/08\/FB_700x394.png\",\"datePublished\":\"2024-09-16T10:00:43+00:00\",\"dateModified\":\"2025-05-15T13:01:16+00:00\",\"description\":\"Fernco Floodbags protect properties from flooding. They are easy to store and are therefore a more effective alternative to sandbags.\",\"breadcrumb\":{\"@id\":\"https:\/\/www.fernco.de\/en\/product\/floodbag#breadcrumb\"},\"inLanguage\":\"en-US\",\"potentialAction\":[{\"@type\":\"ReadAction\",\"target\":[\"https:\/\/www.fernco.de\/en\/product\/floodbag\"]}]},{\"@type\":\"ImageObject\",\"inLanguage\":\"en-US\",\"@id\":\"https:\/\/www.fernco.de\/en\/product\/floodbag#primaryimage\",\"url\":\"https:\/\/www.fernco.de\/wp-content\/uploads\/2024\/08\/FB_700x394.png\",\"contentUrl\":\"https:\/\/www.fernco.de\/wp-content\/uploads\/2024\/08\/FB_700x394.png\",\"width\":700,\"height\":394},{\"@type\":\"BreadcrumbList\",\"@id\":\"https:\/\/www.fernco.de\/en\/product\/floodbag#breadcrumb\",\"itemListElement\":[{\"@type\":\"ListItem\",\"position\":1,\"name\":\"Home\",\"item\":\"https:\/\/www.fernco.de\/en\"},{\"@type\":\"ListItem\",\"position\":2,\"name\":\"Products\",\"item\":\"https:\/\/www.fernco.de\/en\/shop\"},{\"@type\":\"ListItem\",\"position\":3,\"name\":\"FLOODbag\"}]},{\"@type\":\"WebSite\",\"@id\":\"https:\/\/www.fernco.de\/en\/#website\",\"url\":\"https:\/\/www.fernco.de\/en\/\",\"name\":\"Fernco\",\"description\":\"Flexible Couplings, Drainage &amp; Plumbing Systems\",\"publisher\":{\"@id\":\"https:\/\/www.fernco.de\/en\/#organization\"},\"potentialAction\":[{\"@type\":\"SearchAction\",\"target\":{\"@type\":\"EntryPoint\",\"urlTemplate\":\"https:\/\/www.fernco.de\/en\/?s={search_term_string}\"},\"query-input\":\"required name=search_term_string\"}],\"inLanguage\":\"en-US\"},{\"@type\":\"Organization\",\"@id\":\"https:\/\/www.fernco.de\/en\/#organization\",\"name\":\"Fernco GmbH\",\"alternateName\":\"Fernco\",\"url\":\"https:\/\/www.fernco.de\/en\/\",\"logo\":{\"@type\":\"ImageObject\",\"inLanguage\":\"en-US\",\"@id\":\"https:\/\/www.fernco.de\/en\/#\/schema\/logo\/image\/\",\"url\":\"https:\/\/www.fernco.de\/wp-content\/uploads\/2022\/06\/fernco-logo.png\",\"contentUrl\":\"https:\/\/www.fernco.de\/wp-content\/uploads\/2022\/06\/fernco-logo.png\",\"width\":287,\"height\":50,\"caption\":\"Fernco GmbH\"},\"image\":{\"@id\":\"https:\/\/www.fernco.de\/en\/#\/schema\/logo\/image\/\"},\"sameAs\":[\"https:\/\/www.facebook.com\/Flexseal\",\"https:\/\/x.com\/FlexsealUK\"]}]}<\/script>\n<!-- \/ Yoast SEO plugin. -->","yoast_head_json":{"title":"FLOODbag | Fernco","description":"Fernco Floodbags protect properties from flooding. They are easy to store and are therefore a more effective alternative to sandbags.","robots":{"index":"index","follow":"follow","max-snippet":"max-snippet:-1","max-image-preview":"max-image-preview:large","max-video-preview":"max-video-preview:-1"},"canonical":"https:\/\/www.fernco.de\/en\/product\/floodbag","og_locale":"en_US","og_type":"article","og_title":"FLOODbag | Fernco","og_description":"Fernco Floodbags protect properties from flooding. They are easy to store and are therefore a more effective alternative to sandbags.","og_url":"https:\/\/www.fernco.de\/en\/product\/floodbag","og_site_name":"Fernco","article_publisher":"https:\/\/www.facebook.com\/Flexseal","article_modified_time":"2025-05-15T13:01:16+00:00","og_image":[{"width":700,"height":394,"url":"https:\/\/www.fernco.de\/wp-content\/uploads\/2024\/08\/FB_700x394.png","type":"image\/png"}],"twitter_card":"summary_large_image","twitter_site":"@FlexsealUK","twitter_misc":{"Est. reading time":"1 minute"},"schema":{"@context":"https:\/\/schema.org","@graph":[{"@type":"WebPage","@id":"https:\/\/www.fernco.de\/en\/product\/floodbag","url":"https:\/\/www.fernco.de\/en\/product\/floodbag","name":"FLOODbag | Fernco","isPartOf":{"@id":"https:\/\/www.fernco.de\/en\/#website"},"primaryImageOfPage":{"@id":"https:\/\/www.fernco.de\/en\/product\/floodbag#primaryimage"},"image":{"@id":"https:\/\/www.fernco.de\/en\/product\/floodbag#primaryimage"},"thumbnailUrl":"https:\/\/www.fernco.de\/wp-content\/uploads\/2024\/08\/FB_700x394.png","datePublished":"2024-09-16T10:00:43+00:00","dateModified":"2025-05-15T13:01:16+00:00","description":"Fernco Floodbags protect properties from flooding. They are easy to store and are therefore a more effective alternative to sandbags.","breadcrumb":{"@id":"https:\/\/www.fernco.de\/en\/product\/floodbag#breadcrumb"},"inLanguage":"en-US","potentialAction":[{"@type":"ReadAction","target":["https:\/\/www.fernco.de\/en\/product\/floodbag"]}]},{"@type":"ImageObject","inLanguage":"en-US","@id":"https:\/\/www.fernco.de\/en\/product\/floodbag#primaryimage","url":"https:\/\/www.fernco.de\/wp-content\/uploads\/2024\/08\/FB_700x394.png","contentUrl":"https:\/\/www.fernco.de\/wp-content\/uploads\/2024\/08\/FB_700x394.png","width":700,"height":394},{"@type":"BreadcrumbList","@id":"https:\/\/www.fernco.de\/en\/product\/floodbag#breadcrumb","itemListElement":[{"@type":"ListItem","position":1,"name":"Home","item":"https:\/\/www.fernco.de\/en"},{"@type":"ListItem","position":2,"name":"Products","item":"https:\/\/www.fernco.de\/en\/shop"},{"@type":"ListItem","position":3,"name":"FLOODbag"}]},{"@type":"WebSite","@id":"https:\/\/www.fernco.de\/en\/#website","url":"https:\/\/www.fernco.de\/en\/","name":"Fernco","description":"Flexible Couplings, Drainage &amp; Plumbing Systems","publisher":{"@id":"https:\/\/www.fernco.de\/en\/#organization"},"potentialAction":[{"@type":"SearchAction","target":{"@type":"EntryPoint","urlTemplate":"https:\/\/www.fernco.de\/en\/?s={search_term_string}"},"query-input":"required name=search_term_string"}],"inLanguage":"en-US"},{"@type":"Organization","@id":"https:\/\/www.fernco.de\/en\/#organization","name":"Fernco GmbH","alternateName":"Fernco","url":"https:\/\/www.fernco.de\/en\/","logo":{"@type":"ImageObject","inLanguage":"en-US","@id":"https:\/\/www.fernco.de\/en\/#\/schema\/logo\/image\/","url":"https:\/\/www.fernco.de\/wp-content\/uploads\/2022\/06\/fernco-logo.png","contentUrl":"https:\/\/www.fernco.de\/wp-content\/uploads\/2022\/06\/fernco-logo.png","width":287,"height":50,"caption":"Fernco GmbH"},"image":{"@id":"https:\/\/www.fernco.de\/en\/#\/schema\/logo\/image\/"},"sameAs":["https:\/\/www.facebook.com\/Flexseal","https:\/\/x.com\/FlexsealUK"]}]}},"_links":{"self":[{"href":"https:\/\/www.fernco.de\/en\/wp-json\/wp\/v2\/product\/33386"}],"collection":[{"href":"https:\/\/www.fernco.de\/en\/wp-json\/wp\/v2\/product"}],"about":[{"href":"https:\/\/www.fernco.de\/en\/wp-json\/wp\/v2\/types\/product"}],"wp:featuredmedia":[{"embeddable":true,"href":"https:\/\/www.fernco.de\/en\/wp-json\/wp\/v2\/media\/33294"}],"wp:attachment":[{"href":"https:\/\/www.fernco.de\/en\/wp-json\/wp\/v2\/media?parent=33386"}],"wp:term":[{"taxonomy":"product_cat","embeddable":true,"href":"https:\/\/www.fernco.de\/en\/wp-json\/wp\/v2\/product_cat?post=33386"},{"taxonomy":"product_tag","embeddable":true,"href":"https:\/\/www.fernco.de\/en\/wp-json\/wp\/v2\/product_tag?post=33386"}],"curies":[{"name":"wp","href":"https:\/\/api.w.org\/{rel}","templated":true}]}}