{"id":35478,"date":"2025-02-11T10:52:42","date_gmt":"2025-03-25T13:04:44","guid":{"rendered":"https:\/\/www.fernco.de\/?post_type=product&#038;p=35478"},"modified":"2025-05-15T09:00:36","modified_gmt":"2025-05-15T08:00:36","slug":"odor-trap-mwstop-home","status":"publish","type":"product","link":"https:\/\/www.fernco.de\/en\/product\/odor-trap-mwstop-home","title":{"rendered":"Odor Trap MwStop\u00ae Home CV-H"},"content":{"rendered":"<p>MWH MWH32 MwStop\u00ae Home DN32 CV-H<\/p>\n<p>R\u00fcckschlagventil r\u00fcckstauventil r\u00fcckfluss Kanalisation Abwassersysteme R\u00fcckstauventil R\u00fcckstauverschluss R\u00fcckfluss Hochwasserschutz Abwasserkanal Wasserwirtschaft Regenwasser Klappen Sch\u00e4dlinge ratten Nagetiere Nager<br \/>\nCheck valve backwater valve Sewerage systems Backflow Flood Protection sewer sewage water management stormwater pests vermin rats rodents<br \/>\nanti-retour \u00e9gout Syst\u00e8mes d&#8217;\u00e9vacuation des eaux us\u00e9es protection contre les crues \u00e9gout gestion de l&#8217;eau eau de pluie clapets nuisibles rats rongeurs Refoulement Protection contre les inondations \u00e9gouts eaux us\u00e9es gestion des eaux pluviales nuisibles rats rongeurs<br \/>\nZaw\u00f3r zwrotny Zaw\u00f3r zwrotny Systemy kanalizacyjne Przep\u0142yw zwrotny Ochrona przeciwpowodziowa kanalizacja gospodarka wodna woda deszczowa szkodniki szczury gryzonie<\/p>\n<p>abwasser Abwasserrohre Abflusssysteme Kanal Kanalisation sewerage sewage pipes systems \u00e9gouts Tuyaux d&#8217;\u00e9vacuation Syst\u00e8mes d&#8217;\u00e9vacuation Rury kanalizacyjne Systemy odwadniaj\u0105ce Kanalizacja<\/p>\n<p>blau blue bleu niebieski<\/p>\n<p>Sanit\u00e4r Plumbing Plomberie Hydraulika Kanalizacja<br \/>\nHaustechnik sanit\u00e4r bad Domestic sanitary bathroom Dometique Instalacja sanitarna<br \/>\nsilikon silicone<\/p>\n","protected":false},"excerpt":{"rendered":"<p>The Odor Trap MwStop\u00ae Home CV-H blocks odours from the sewer system in siphons that dry out due to low usage (flats and houses, holiday properties, catering establishments, seasonal hotels, public facilities), or for installations without siphons (floor drains, dry urinals, installations with little installation space)<\/p>\n<ul>\n<li>for DN 32<\/li>\n<li>simple installation<\/li>\n<li>integrated sealing ring replaces the siphon seal<\/li>\n<li>without mechanical components<\/li>\n<li>additional sizes coming soon<\/li>\n<\/ul>\n","protected":false},"featured_media":34742,"template":"","meta":{"_acf_changed":false,"_mi_skip_tracking":false,"_monsterinsights_sitenote_active":false,"_monsterinsights_sitenote_note":"","_monsterinsights_sitenote_category":0},"product_cat":[240],"product_tag":[],"acf":[],"yoast_head":"<!-- This site is optimized with the Yoast SEO plugin v22.7 - https:\/\/yoast.com\/wordpress\/plugins\/seo\/ -->\n<title>Odor Trap MwStop\u00ae Home CV-H | Fernco<\/title>\n<meta name=\"description\" content=\"The MwStop\u00ae Home CV-H odour trap blocks odours from the sewer system in dry traps or installations without traps\" \/>\n<meta name=\"robots\" content=\"index, follow, max-snippet:-1, max-image-preview:large, max-video-preview:-1\" \/>\n<link rel=\"canonical\" href=\"https:\/\/www.fernco.de\/en\/product\/odor-trap-mwstop-home\" \/>\n<meta property=\"og:locale\" content=\"en_US\" \/>\n<meta property=\"og:type\" content=\"article\" \/>\n<meta property=\"og:title\" content=\"Odor Trap MwStop\u00ae Home CV-H | Fernco\" \/>\n<meta property=\"og:description\" content=\"The MwStop\u00ae Home CV-H odour trap blocks odours from the sewer system in dry traps or installations without traps\" \/>\n<meta property=\"og:url\" content=\"https:\/\/www.fernco.de\/en\/product\/odor-trap-mwstop-home\" \/>\n<meta property=\"og:site_name\" content=\"Fernco\" \/>\n<meta property=\"article:publisher\" content=\"https:\/\/www.facebook.com\/Flexseal\" \/>\n<meta property=\"article:modified_time\" content=\"2025-05-15T08:00:36+00:00\" \/>\n<meta property=\"og:image\" content=\"https:\/\/www.fernco.de\/wp-content\/uploads\/2025\/02\/MWH_700x394.png\" \/>\n\t<meta property=\"og:image:width\" content=\"700\" \/>\n\t<meta property=\"og:image:height\" content=\"394\" \/>\n\t<meta property=\"og:image:type\" content=\"image\/png\" \/>\n<meta name=\"twitter:card\" content=\"summary_large_image\" \/>\n<meta name=\"twitter:site\" content=\"@FlexsealUK\" \/>\n<meta name=\"twitter:label1\" content=\"Est. reading time\" \/>\n\t<meta name=\"twitter:data1\" content=\"1 minute\" \/>\n<script type=\"application\/ld+json\" class=\"yoast-schema-graph\">{\"@context\":\"https:\/\/schema.org\",\"@graph\":[{\"@type\":\"WebPage\",\"@id\":\"https:\/\/www.fernco.de\/en\/product\/odor-trap-mwstop-home\",\"url\":\"https:\/\/www.fernco.de\/en\/product\/odor-trap-mwstop-home\",\"name\":\"Odor Trap MwStop\u00ae Home CV-H | Fernco\",\"isPartOf\":{\"@id\":\"https:\/\/www.fernco.de\/en\/#website\"},\"primaryImageOfPage\":{\"@id\":\"https:\/\/www.fernco.de\/en\/product\/odor-trap-mwstop-home#primaryimage\"},\"image\":{\"@id\":\"https:\/\/www.fernco.de\/en\/product\/odor-trap-mwstop-home#primaryimage\"},\"thumbnailUrl\":\"https:\/\/www.fernco.de\/wp-content\/uploads\/2025\/02\/MWH_700x394.png\",\"datePublished\":\"2025-03-25T13:04:44+00:00\",\"dateModified\":\"2025-05-15T08:00:36+00:00\",\"description\":\"The MwStop\u00ae Home CV-H odour trap blocks odours from the sewer system in dry traps or installations without traps\",\"breadcrumb\":{\"@id\":\"https:\/\/www.fernco.de\/en\/product\/odor-trap-mwstop-home#breadcrumb\"},\"inLanguage\":\"en-US\",\"potentialAction\":[{\"@type\":\"ReadAction\",\"target\":[\"https:\/\/www.fernco.de\/en\/product\/odor-trap-mwstop-home\"]}]},{\"@type\":\"ImageObject\",\"inLanguage\":\"en-US\",\"@id\":\"https:\/\/www.fernco.de\/en\/product\/odor-trap-mwstop-home#primaryimage\",\"url\":\"https:\/\/www.fernco.de\/wp-content\/uploads\/2025\/02\/MWH_700x394.png\",\"contentUrl\":\"https:\/\/www.fernco.de\/wp-content\/uploads\/2025\/02\/MWH_700x394.png\",\"width\":700,\"height\":394},{\"@type\":\"BreadcrumbList\",\"@id\":\"https:\/\/www.fernco.de\/en\/product\/odor-trap-mwstop-home#breadcrumb\",\"itemListElement\":[{\"@type\":\"ListItem\",\"position\":1,\"name\":\"Home\",\"item\":\"https:\/\/www.fernco.de\/en\"},{\"@type\":\"ListItem\",\"position\":2,\"name\":\"Products\",\"item\":\"https:\/\/www.fernco.de\/en\/shop\"},{\"@type\":\"ListItem\",\"position\":3,\"name\":\"Odor Trap MwStop\u00ae Home CV-H\"}]},{\"@type\":\"WebSite\",\"@id\":\"https:\/\/www.fernco.de\/en\/#website\",\"url\":\"https:\/\/www.fernco.de\/en\/\",\"name\":\"Fernco\",\"description\":\"Flexible Couplings, Drainage &amp; Plumbing Systems\",\"publisher\":{\"@id\":\"https:\/\/www.fernco.de\/en\/#organization\"},\"potentialAction\":[{\"@type\":\"SearchAction\",\"target\":{\"@type\":\"EntryPoint\",\"urlTemplate\":\"https:\/\/www.fernco.de\/en\/?s={search_term_string}\"},\"query-input\":\"required name=search_term_string\"}],\"inLanguage\":\"en-US\"},{\"@type\":\"Organization\",\"@id\":\"https:\/\/www.fernco.de\/en\/#organization\",\"name\":\"Fernco GmbH\",\"alternateName\":\"Fernco\",\"url\":\"https:\/\/www.fernco.de\/en\/\",\"logo\":{\"@type\":\"ImageObject\",\"inLanguage\":\"en-US\",\"@id\":\"https:\/\/www.fernco.de\/en\/#\/schema\/logo\/image\/\",\"url\":\"https:\/\/www.fernco.de\/wp-content\/uploads\/2022\/06\/fernco-logo.png\",\"contentUrl\":\"https:\/\/www.fernco.de\/wp-content\/uploads\/2022\/06\/fernco-logo.png\",\"width\":287,\"height\":50,\"caption\":\"Fernco GmbH\"},\"image\":{\"@id\":\"https:\/\/www.fernco.de\/en\/#\/schema\/logo\/image\/\"},\"sameAs\":[\"https:\/\/www.facebook.com\/Flexseal\",\"https:\/\/x.com\/FlexsealUK\"]}]}<\/script>\n<!-- \/ Yoast SEO plugin. -->","yoast_head_json":{"title":"Odor Trap MwStop\u00ae Home CV-H | Fernco","description":"The MwStop\u00ae Home CV-H odour trap blocks odours from the sewer system in dry traps or installations without traps","robots":{"index":"index","follow":"follow","max-snippet":"max-snippet:-1","max-image-preview":"max-image-preview:large","max-video-preview":"max-video-preview:-1"},"canonical":"https:\/\/www.fernco.de\/en\/product\/odor-trap-mwstop-home","og_locale":"en_US","og_type":"article","og_title":"Odor Trap MwStop\u00ae Home CV-H | Fernco","og_description":"The MwStop\u00ae Home CV-H odour trap blocks odours from the sewer system in dry traps or installations without traps","og_url":"https:\/\/www.fernco.de\/en\/product\/odor-trap-mwstop-home","og_site_name":"Fernco","article_publisher":"https:\/\/www.facebook.com\/Flexseal","article_modified_time":"2025-05-15T08:00:36+00:00","og_image":[{"width":700,"height":394,"url":"https:\/\/www.fernco.de\/wp-content\/uploads\/2025\/02\/MWH_700x394.png","type":"image\/png"}],"twitter_card":"summary_large_image","twitter_site":"@FlexsealUK","twitter_misc":{"Est. reading time":"1 minute"},"schema":{"@context":"https:\/\/schema.org","@graph":[{"@type":"WebPage","@id":"https:\/\/www.fernco.de\/en\/product\/odor-trap-mwstop-home","url":"https:\/\/www.fernco.de\/en\/product\/odor-trap-mwstop-home","name":"Odor Trap MwStop\u00ae Home CV-H | Fernco","isPartOf":{"@id":"https:\/\/www.fernco.de\/en\/#website"},"primaryImageOfPage":{"@id":"https:\/\/www.fernco.de\/en\/product\/odor-trap-mwstop-home#primaryimage"},"image":{"@id":"https:\/\/www.fernco.de\/en\/product\/odor-trap-mwstop-home#primaryimage"},"thumbnailUrl":"https:\/\/www.fernco.de\/wp-content\/uploads\/2025\/02\/MWH_700x394.png","datePublished":"2025-03-25T13:04:44+00:00","dateModified":"2025-05-15T08:00:36+00:00","description":"The MwStop\u00ae Home CV-H odour trap blocks odours from the sewer system in dry traps or installations without traps","breadcrumb":{"@id":"https:\/\/www.fernco.de\/en\/product\/odor-trap-mwstop-home#breadcrumb"},"inLanguage":"en-US","potentialAction":[{"@type":"ReadAction","target":["https:\/\/www.fernco.de\/en\/product\/odor-trap-mwstop-home"]}]},{"@type":"ImageObject","inLanguage":"en-US","@id":"https:\/\/www.fernco.de\/en\/product\/odor-trap-mwstop-home#primaryimage","url":"https:\/\/www.fernco.de\/wp-content\/uploads\/2025\/02\/MWH_700x394.png","contentUrl":"https:\/\/www.fernco.de\/wp-content\/uploads\/2025\/02\/MWH_700x394.png","width":700,"height":394},{"@type":"BreadcrumbList","@id":"https:\/\/www.fernco.de\/en\/product\/odor-trap-mwstop-home#breadcrumb","itemListElement":[{"@type":"ListItem","position":1,"name":"Home","item":"https:\/\/www.fernco.de\/en"},{"@type":"ListItem","position":2,"name":"Products","item":"https:\/\/www.fernco.de\/en\/shop"},{"@type":"ListItem","position":3,"name":"Odor Trap MwStop\u00ae Home CV-H"}]},{"@type":"WebSite","@id":"https:\/\/www.fernco.de\/en\/#website","url":"https:\/\/www.fernco.de\/en\/","name":"Fernco","description":"Flexible Couplings, Drainage &amp; Plumbing Systems","publisher":{"@id":"https:\/\/www.fernco.de\/en\/#organization"},"potentialAction":[{"@type":"SearchAction","target":{"@type":"EntryPoint","urlTemplate":"https:\/\/www.fernco.de\/en\/?s={search_term_string}"},"query-input":"required name=search_term_string"}],"inLanguage":"en-US"},{"@type":"Organization","@id":"https:\/\/www.fernco.de\/en\/#organization","name":"Fernco GmbH","alternateName":"Fernco","url":"https:\/\/www.fernco.de\/en\/","logo":{"@type":"ImageObject","inLanguage":"en-US","@id":"https:\/\/www.fernco.de\/en\/#\/schema\/logo\/image\/","url":"https:\/\/www.fernco.de\/wp-content\/uploads\/2022\/06\/fernco-logo.png","contentUrl":"https:\/\/www.fernco.de\/wp-content\/uploads\/2022\/06\/fernco-logo.png","width":287,"height":50,"caption":"Fernco GmbH"},"image":{"@id":"https:\/\/www.fernco.de\/en\/#\/schema\/logo\/image\/"},"sameAs":["https:\/\/www.facebook.com\/Flexseal","https:\/\/x.com\/FlexsealUK"]}]}},"_links":{"self":[{"href":"https:\/\/www.fernco.de\/en\/wp-json\/wp\/v2\/product\/35478"}],"collection":[{"href":"https:\/\/www.fernco.de\/en\/wp-json\/wp\/v2\/product"}],"about":[{"href":"https:\/\/www.fernco.de\/en\/wp-json\/wp\/v2\/types\/product"}],"wp:featuredmedia":[{"embeddable":true,"href":"https:\/\/www.fernco.de\/en\/wp-json\/wp\/v2\/media\/34742"}],"wp:attachment":[{"href":"https:\/\/www.fernco.de\/en\/wp-json\/wp\/v2\/media?parent=35478"}],"wp:term":[{"taxonomy":"product_cat","embeddable":true,"href":"https:\/\/www.fernco.de\/en\/wp-json\/wp\/v2\/product_cat?post=35478"},{"taxonomy":"product_tag","embeddable":true,"href":"https:\/\/www.fernco.de\/en\/wp-json\/wp\/v2\/product_tag?post=35478"}],"curies":[{"name":"wp","href":"https:\/\/api.w.org\/{rel}","templated":true}]}}