{"id":29330,"date":"2023-12-05T07:41:20","date_gmt":"2023-12-05T07:41:20","guid":{"rendered":"https:\/\/www.fernco.de\/?page_id=29330"},"modified":"2025-05-08T13:39:45","modified_gmt":"2025-05-08T12:39:45","slug":"choisir-fernco","status":"publish","type":"page","link":"https:\/\/www.fernco.de\/fr\/home\/choisir-fernco","title":{"rendered":"Choisir Fernco"},"content":{"rendered":"<div class=\"fusion-fullwidth fullwidth-box fusion-builder-row-1 content-page-index hundred-percent-fullwidth non-hundred-percent-height-scrolling\" style=\"--awb-border-radius-top-left:0px;--awb-border-radius-top-right:0px;--awb-border-radius-bottom-right:0px;--awb-border-radius-bottom-left:0px;--awb-flex-wrap:wrap;\" ><div class=\"fusion-builder-row fusion-row\"><div class=\"fusion-layout-column fusion_builder_column fusion-builder-column-0 fusion_builder_column_1_1 1_1 fusion-one-full fusion-column-first fusion-column-last\" style=\"--awb-bg-size:cover;\"><div class=\"fusion-column-wrapper fusion-column-has-shadow fusion-flex-column-wrapper-legacy\"><div class=\"fusion-text fusion-text-1\"><p><span data-sheets-root=\"1\">Fernco est un fabricant et un distributeur sp\u00e9cialis\u00e9 dans les secteurs du g\u00e9nie civil et du drainage, de la plomberie et de la protection contre les inondations. <\/span><\/p>\n<p>L&rsquo;entreprise a \u00e9t\u00e9 fond\u00e9e en 1989, mettant au centre de ses pr\u00e9occupations les raccords flexibles, qui \u00e9taient tout aussi importants \u00e0 l&rsquo;\u00e9poque qu&rsquo;aujourd&rsquo;hui. La croissance de cette gamme de produits au fil des ann\u00e9es a permis \u00e0 Fernco d&rsquo;innover en d\u00e9veloppant d&rsquo;autres produits pour compl\u00e9ter son offre et de s&rsquo;\u00e9largir dans de nombreux march\u00e9s et pays diff\u00e9rents.<\/p>\n<p>R\u00e9put\u00e9 pour fournir des produits de haute qualit\u00e9, Fernco offre un service \u00e0 la hauteur et agit avec un esprit d&rsquo;innovation dans tous les domaines de l&rsquo;entreprise. L&rsquo;objectif de Fernco est d&rsquo;apporter une valeur ajout\u00e9e \u00e0 tous les niveaux de la cha\u00eene d&rsquo;approvisionnement, des marchands de mat\u00e9riaux jusqu&rsquo;aux utilisateurs finaux des produits.<\/p>\n<\/div><div class=\"fusion-clearfix\"><\/div><\/div><\/div><\/div><\/div>\n","protected":false},"excerpt":{"rendered":"","protected":false},"author":1,"featured_media":0,"parent":29058,"menu_order":0,"comment_status":"open","ping_status":"closed","template":"parent-page.php","meta":{"_acf_changed":false,"_mi_skip_tracking":false,"_monsterinsights_sitenote_active":false,"_monsterinsights_sitenote_note":"","_monsterinsights_sitenote_category":0,"footnotes":""},"acf":[],"yoast_head":"<!-- This site is optimized with the Yoast SEO plugin v22.7 - https:\/\/yoast.com\/wordpress\/plugins\/seo\/ -->\n<title>Choisir Fernco | Fernco<\/title>\n<meta name=\"description\" content=\"Fernco ist spezialisierter Hersteller von Rohrverbindungstechnik f\u00fcr die Bereiche Tiefbau, Sanit\u00e4r und \u00fcberall, wo man Rohre anschlie\u00dft.\" \/>\n<meta name=\"robots\" content=\"index, follow, max-snippet:-1, max-image-preview:large, max-video-preview:-1\" \/>\n<link rel=\"canonical\" href=\"https:\/\/www.fernco.de\/fr\/home\/choisir-fernco\" \/>\n<meta property=\"og:locale\" content=\"fr_FR\" \/>\n<meta property=\"og:type\" content=\"article\" \/>\n<meta property=\"og:title\" content=\"Choisir Fernco | Fernco\" \/>\n<meta property=\"og:description\" content=\"Fernco ist spezialisierter Hersteller von Rohrverbindungstechnik f\u00fcr die Bereiche Tiefbau, Sanit\u00e4r und \u00fcberall, wo man Rohre anschlie\u00dft.\" \/>\n<meta property=\"og:url\" content=\"https:\/\/www.fernco.de\/fr\/home\/choisir-fernco\" \/>\n<meta property=\"og:site_name\" content=\"Fernco\" \/>\n<meta property=\"article:publisher\" content=\"https:\/\/www.facebook.com\/Flexseal\" \/>\n<meta property=\"article:modified_time\" content=\"2025-05-08T12:39:45+00:00\" \/>\n<meta name=\"twitter:card\" content=\"summary_large_image\" \/>\n<meta name=\"twitter:site\" content=\"@FlexsealUK\" \/>\n<meta name=\"twitter:label1\" content=\"Dur\u00e9e de lecture estim\u00e9e\" \/>\n\t<meta name=\"twitter:data1\" content=\"1 minute\" \/>\n<script type=\"application\/ld+json\" class=\"yoast-schema-graph\">{\"@context\":\"https:\/\/schema.org\",\"@graph\":[{\"@type\":\"WebPage\",\"@id\":\"https:\/\/www.fernco.de\/fr\/home\/choisir-fernco\",\"url\":\"https:\/\/www.fernco.de\/fr\/home\/choisir-fernco\",\"name\":\"Choisir Fernco | Fernco\",\"isPartOf\":{\"@id\":\"https:\/\/www.fernco.de\/fr#website\"},\"datePublished\":\"2023-12-05T07:41:20+00:00\",\"dateModified\":\"2025-05-08T12:39:45+00:00\",\"description\":\"Fernco ist spezialisierter Hersteller von Rohrverbindungstechnik f\u00fcr die Bereiche Tiefbau, Sanit\u00e4r und \u00fcberall, wo man Rohre anschlie\u00dft.\",\"breadcrumb\":{\"@id\":\"https:\/\/www.fernco.de\/fr\/home\/choisir-fernco#breadcrumb\"},\"inLanguage\":\"fr-FR\",\"potentialAction\":[{\"@type\":\"ReadAction\",\"target\":[\"https:\/\/www.fernco.de\/fr\/home\/choisir-fernco\"]}]},{\"@type\":\"BreadcrumbList\",\"@id\":\"https:\/\/www.fernco.de\/fr\/home\/choisir-fernco#breadcrumb\",\"itemListElement\":[{\"@type\":\"ListItem\",\"position\":1,\"name\":\"Home\",\"item\":\"https:\/\/www.fernco.de\/fr\"},{\"@type\":\"ListItem\",\"position\":2,\"name\":\"Accueil\",\"item\":\"https:\/\/www.fernco.de\/fr\"},{\"@type\":\"ListItem\",\"position\":3,\"name\":\"Choisir Fernco\"}]},{\"@type\":\"WebSite\",\"@id\":\"https:\/\/www.fernco.de\/fr#website\",\"url\":\"https:\/\/www.fernco.de\/fr\",\"name\":\"Fernco\",\"description\":\"Flexible Couplings, Drainage &amp; Plumbing Systems\",\"publisher\":{\"@id\":\"https:\/\/www.fernco.de\/fr#organization\"},\"potentialAction\":[{\"@type\":\"SearchAction\",\"target\":{\"@type\":\"EntryPoint\",\"urlTemplate\":\"https:\/\/www.fernco.de\/fr?s={search_term_string}\"},\"query-input\":\"required name=search_term_string\"}],\"inLanguage\":\"fr-FR\"},{\"@type\":\"Organization\",\"@id\":\"https:\/\/www.fernco.de\/fr#organization\",\"name\":\"Fernco GmbH\",\"alternateName\":\"Fernco\",\"url\":\"https:\/\/www.fernco.de\/fr\",\"logo\":{\"@type\":\"ImageObject\",\"inLanguage\":\"fr-FR\",\"@id\":\"https:\/\/www.fernco.de\/fr#\/schema\/logo\/image\/\",\"url\":\"https:\/\/www.fernco.de\/wp-content\/uploads\/2022\/06\/fernco-logo.png\",\"contentUrl\":\"https:\/\/www.fernco.de\/wp-content\/uploads\/2022\/06\/fernco-logo.png\",\"width\":287,\"height\":50,\"caption\":\"Fernco GmbH\"},\"image\":{\"@id\":\"https:\/\/www.fernco.de\/fr#\/schema\/logo\/image\/\"},\"sameAs\":[\"https:\/\/www.facebook.com\/Flexseal\",\"https:\/\/x.com\/FlexsealUK\"]}]}<\/script>\n<!-- \/ Yoast SEO plugin. -->","yoast_head_json":{"title":"Choisir Fernco | Fernco","description":"Fernco ist spezialisierter Hersteller von Rohrverbindungstechnik f\u00fcr die Bereiche Tiefbau, Sanit\u00e4r und \u00fcberall, wo man Rohre anschlie\u00dft.","robots":{"index":"index","follow":"follow","max-snippet":"max-snippet:-1","max-image-preview":"max-image-preview:large","max-video-preview":"max-video-preview:-1"},"canonical":"https:\/\/www.fernco.de\/fr\/home\/choisir-fernco","og_locale":"fr_FR","og_type":"article","og_title":"Choisir Fernco | Fernco","og_description":"Fernco ist spezialisierter Hersteller von Rohrverbindungstechnik f\u00fcr die Bereiche Tiefbau, Sanit\u00e4r und \u00fcberall, wo man Rohre anschlie\u00dft.","og_url":"https:\/\/www.fernco.de\/fr\/home\/choisir-fernco","og_site_name":"Fernco","article_publisher":"https:\/\/www.facebook.com\/Flexseal","article_modified_time":"2025-05-08T12:39:45+00:00","twitter_card":"summary_large_image","twitter_site":"@FlexsealUK","twitter_misc":{"Dur\u00e9e de lecture estim\u00e9e":"1 minute"},"schema":{"@context":"https:\/\/schema.org","@graph":[{"@type":"WebPage","@id":"https:\/\/www.fernco.de\/fr\/home\/choisir-fernco","url":"https:\/\/www.fernco.de\/fr\/home\/choisir-fernco","name":"Choisir Fernco | Fernco","isPartOf":{"@id":"https:\/\/www.fernco.de\/fr#website"},"datePublished":"2023-12-05T07:41:20+00:00","dateModified":"2025-05-08T12:39:45+00:00","description":"Fernco ist spezialisierter Hersteller von Rohrverbindungstechnik f\u00fcr die Bereiche Tiefbau, Sanit\u00e4r und \u00fcberall, wo man Rohre anschlie\u00dft.","breadcrumb":{"@id":"https:\/\/www.fernco.de\/fr\/home\/choisir-fernco#breadcrumb"},"inLanguage":"fr-FR","potentialAction":[{"@type":"ReadAction","target":["https:\/\/www.fernco.de\/fr\/home\/choisir-fernco"]}]},{"@type":"BreadcrumbList","@id":"https:\/\/www.fernco.de\/fr\/home\/choisir-fernco#breadcrumb","itemListElement":[{"@type":"ListItem","position":1,"name":"Home","item":"https:\/\/www.fernco.de\/fr"},{"@type":"ListItem","position":2,"name":"Accueil","item":"https:\/\/www.fernco.de\/fr"},{"@type":"ListItem","position":3,"name":"Choisir Fernco"}]},{"@type":"WebSite","@id":"https:\/\/www.fernco.de\/fr#website","url":"https:\/\/www.fernco.de\/fr","name":"Fernco","description":"Flexible Couplings, Drainage &amp; Plumbing Systems","publisher":{"@id":"https:\/\/www.fernco.de\/fr#organization"},"potentialAction":[{"@type":"SearchAction","target":{"@type":"EntryPoint","urlTemplate":"https:\/\/www.fernco.de\/fr?s={search_term_string}"},"query-input":"required name=search_term_string"}],"inLanguage":"fr-FR"},{"@type":"Organization","@id":"https:\/\/www.fernco.de\/fr#organization","name":"Fernco GmbH","alternateName":"Fernco","url":"https:\/\/www.fernco.de\/fr","logo":{"@type":"ImageObject","inLanguage":"fr-FR","@id":"https:\/\/www.fernco.de\/fr#\/schema\/logo\/image\/","url":"https:\/\/www.fernco.de\/wp-content\/uploads\/2022\/06\/fernco-logo.png","contentUrl":"https:\/\/www.fernco.de\/wp-content\/uploads\/2022\/06\/fernco-logo.png","width":287,"height":50,"caption":"Fernco GmbH"},"image":{"@id":"https:\/\/www.fernco.de\/fr#\/schema\/logo\/image\/"},"sameAs":["https:\/\/www.facebook.com\/Flexseal","https:\/\/x.com\/FlexsealUK"]}]}},"_links":{"self":[{"href":"https:\/\/www.fernco.de\/fr\/wp-json\/wp\/v2\/pages\/29330"}],"collection":[{"href":"https:\/\/www.fernco.de\/fr\/wp-json\/wp\/v2\/pages"}],"about":[{"href":"https:\/\/www.fernco.de\/fr\/wp-json\/wp\/v2\/types\/page"}],"author":[{"embeddable":true,"href":"https:\/\/www.fernco.de\/fr\/wp-json\/wp\/v2\/users\/1"}],"replies":[{"embeddable":true,"href":"https:\/\/www.fernco.de\/fr\/wp-json\/wp\/v2\/comments?post=29330"}],"version-history":[{"count":2,"href":"https:\/\/www.fernco.de\/fr\/wp-json\/wp\/v2\/pages\/29330\/revisions"}],"predecessor-version":[{"id":35645,"href":"https:\/\/www.fernco.de\/fr\/wp-json\/wp\/v2\/pages\/29330\/revisions\/35645"}],"up":[{"embeddable":true,"href":"https:\/\/www.fernco.de\/fr\/wp-json\/wp\/v2\/pages\/29058"}],"wp:attachment":[{"href":"https:\/\/www.fernco.de\/fr\/wp-json\/wp\/v2\/media?parent=29330"}],"curies":[{"name":"wp","href":"https:\/\/api.w.org\/{rel}","templated":true}]}}