{"id":29347,"date":"2023-12-05T07:46:37","date_gmt":"2023-12-05T07:46:37","guid":{"rendered":"https:\/\/www.fernco.de\/?page_id=29347"},"modified":"2025-10-28T06:52:07","modified_gmt":"2025-10-28T06:52:07","slug":"nos-valeurs-dentreprise","status":"publish","type":"page","link":"https:\/\/www.fernco.de\/fr\/home\/choisir-fernco\/nos-valeurs-dentreprise","title":{"rendered":"Nos valeurs d&rsquo;entreprise"},"content":{"rendered":"<div class=\"fusion-fullwidth fullwidth-box fusion-builder-row-1 hundred-percent-fullwidth non-hundred-percent-height-scrolling\" style=\"--awb-border-radius-top-left:0px;--awb-border-radius-top-right:0px;--awb-border-radius-bottom-right:0px;--awb-border-radius-bottom-left:0px;--awb-overflow:visible;--awb-flex-wrap:wrap;\" ><div class=\"fusion-builder-row fusion-row\"><div class=\"fusion-layout-column fusion_builder_column fusion-builder-column-0 fusion_builder_column_1_1 1_1 fusion-one-full fusion-column-first fusion-column-last fusion-column-no-min-height\" style=\"--awb-bg-size:cover;--awb-margin-bottom:0px;\"><div class=\"fusion-column-wrapper fusion-flex-column-wrapper-legacy\"><div class=\"fusion-text fusion-text-1\"><p>Nous prenons notre responsabilit\u00e9 tr\u00e8s au s\u00e9rieux, \u00e0 la fois en tant qu&#8217;employeur et en tant que partenaire, et nous guidons notre activit\u00e9 selon un ensemble de valeurs constamment communiqu\u00e9es au sein de notre entreprise.<\/p>\n<\/div><div class=\"fusion-sep-clear\"><\/div><div class=\"fusion-separator fusion-clearfix\" style=\"float:left;margin-top:10px;margin-bottom:20px;width:100%;max-width:10%;\"><div class=\"fusion-separator-border sep-single sep-solid\" style=\"--awb-height:20px;--awb-amount:20px;--awb-sep-color:#000000;border-color:#000000;border-top-width:1px;\"><\/div><\/div><div class=\"fusion-sep-clear\"><\/div><div class=\"fusion-text fusion-text-2\"><h2><strong>Satisfaction client<\/strong><\/h2>\n<p>Un indicateur cl\u00e9 de notre succ\u00e8s est le niveau d&rsquo;engagement que nous entretenons avec nos clients. Un engagement positif est le fruit d&rsquo;exp\u00e9riences r\u00e9ussies, c&rsquo;est pourquoi nous assumons la responsabilit\u00e9 de fournir un service, un support et une valeur ajout\u00e9e de mani\u00e8re proactive et selon des normes exceptionnelles.<\/p>\n<p>Cela ne signifie pas que nous faisons toujours tout parfaitement, mais que nous \u00e9valuons constamment nos offres, nos processus, nos performances et nos strat\u00e9gies afin d&rsquo;identifier des possibilit\u00e9s d&rsquo;am\u00e9liorations notables. Nous veillons ainsi \u00e0 ce qu&rsquo;il soit facile de nous contacter, tout en restant polyvalents et flexibles face aux \u00e9volutions des demandes.<\/p>\n<\/div><div class=\"fusion-sep-clear\"><\/div><div class=\"fusion-separator fusion-clearfix\" style=\"float:left;margin-top:10px;margin-bottom:20px;width:100%;max-width:10%;\"><div class=\"fusion-separator-border sep-single sep-solid\" style=\"--awb-height:20px;--awb-amount:20px;--awb-sep-color:#000000;border-color:#000000;border-top-width:1px;\"><\/div><\/div><div class=\"fusion-sep-clear\"><\/div><div class=\"fusion-text fusion-text-3\"><h2><strong>Champion du travail d&rsquo;\u00e9quipe\u00a0<\/strong><\/h2>\n<p>Notre valeur du travail d&rsquo;\u00e9quipe d\u00e9passe nos fonctions internes et s&rsquo;\u00e9tend \u00e0 notre mani\u00e8re d&rsquo;op\u00e9rer sur nos march\u00e9s. Dans la mesure du possible, nous collaborons avec des personnes et des ogranisations dans le but d&rsquo;apporter de la valeur \u00e0 l&rsquo;ensemble de la cha\u00eene d&rsquo;approvisionnement, jusqu&rsquo;\u00e0 l&rsquo;utilisateur final de nos produits et services.<\/p>\n<p>Chaque r\u00f4le au sein de Fernco a un impact sur notre client\u00e8le. Ainsi, pour offrir une exp\u00e9rience client exceptionnelle, nos \u00e9quipes travaillent en synergie vers des objectifs communs. Ils reposent sur la transparence, la compr\u00e9hension, l&rsquo;implication, le partage d&rsquo;id\u00e9es et, surtout, l&rsquo;action collective.<\/p>\n<\/div><div class=\"fusion-sep-clear\"><\/div><div class=\"fusion-separator fusion-clearfix\" style=\"float:left;margin-top:10px;margin-bottom:20px;width:100%;max-width:10%;\"><div class=\"fusion-separator-border sep-single sep-solid\" style=\"--awb-height:20px;--awb-amount:20px;--awb-sep-color:#000000;border-color:#000000;border-top-width:1px;\"><\/div><\/div><div class=\"fusion-sep-clear\"><\/div><div class=\"fusion-text fusion-text-4\"><h2><strong>Encourager une communication ouverte<\/strong><\/h2>\n<p>Notre entreprise a prosp\u00e9r\u00e9 gr\u00e2ce \u00e0 une communication ouverte, et nous pensons que c&rsquo;est le moteur d&rsquo;un travail d&rsquo;\u00e9quipe efficace et performant. C&rsquo;est en communiquant de mani\u00e8re rapide, directe, claire, sans retenue et avec authenticit\u00e9 que nous r\u00e9alisons de gandes choses.<\/p>\n<p>Nous comprenons \u00e9galement que la communication est un \u00e9change bilat\u00e9ral et accordons une grande importance \u00e0 \u00e9couter avec empathie et dans un esprit d&rsquo;apprentissage, que ce soit avec des coll\u00e8gues ou des clients. Une communication efficace, tant en interne qu&rsquo;avec nos partenaires ext\u00e9rieurs, est un v\u00e9ritable moteur de notre succ\u00e8s et du leur.<\/p>\n<\/div><div class=\"fusion-sep-clear\"><\/div><div class=\"fusion-separator fusion-clearfix\" style=\"float:left;margin-top:10px;margin-bottom:20px;width:100%;max-width:10%;\"><div class=\"fusion-separator-border sep-single sep-solid\" style=\"--awb-height:20px;--awb-amount:20px;--awb-sep-color:#000000;border-color:#000000;border-top-width:1px;\"><\/div><\/div><div class=\"fusion-sep-clear\"><\/div><div class=\"fusion-text fusion-text-5\"><h2><strong>\u00catre passionn\u00e9\u00a0<\/strong><\/h2>\n<p>Les envies, besoins et aspirations de nos collaborateurs sont en phase avec les valeurs fondamentales et les objectifs de notre organisation. Pour qu&rsquo;une \u00e9quipe atteigne l&rsquo;excellence, la passion doit \u00eatre profond\u00e9ment ancr\u00e9e. Avec notre r\u00e9seau de partenaires, cette passion est le moteur du succ\u00e8s continu de notre cha\u00eene d&rsquo;approvisionnement.<\/p>\n<p>Nos actions quotidiennes sont tout aussi importantes que nos d\u00e9cisions strat\u00e9giques et nous nous effor\u00e7ons d&rsquo;aborder chaque t\u00e2che avec passion et d\u00e9termination.<\/p>\n<\/div><div class=\"fusion-sep-clear\"><\/div><div class=\"fusion-separator fusion-clearfix\" style=\"float:left;margin-top:10px;margin-bottom:20px;width:100%;max-width:10%;\"><div class=\"fusion-separator-border sep-single sep-solid\" style=\"--awb-height:20px;--awb-amount:20px;--awb-sep-color:#000000;border-color:#000000;border-top-width:1px;\"><\/div><\/div><div class=\"fusion-sep-clear\"><\/div><div class=\"fusion-text fusion-text-6\"><h2><strong>Encourager l&rsquo;innovation<\/strong><\/h2>\n<p>Notre entreprise est guid\u00e9e par l&rsquo;id\u00e9e que tout peut \u00eatre am\u00e9lior\u00e9 avec du temps et du devouement. L&rsquo;innovation et la croissance sont profond\u00e9ment ancr\u00e9es dans notre culture, et cela implique d&rsquo;accepter le changement. Pour nous, rester immobile est synonyme de reculer, c&rsquo;est pourquoi nous sommes toujours \u00e0 la recherche de nouvelles opportunit\u00e9s pour mieux servir nos clients, optimiser nos processus et accompagner le d\u00e9veloppement de notre personnel.<\/p>\n<p>Ce processus d&rsquo;am\u00e9lioratoin continue, appliqu\u00e9 \u00e0 tous les aspects de notre activit\u00e9, nous permet d&rsquo;accro\u00eetre notre efficacit\u00e9, d&rsquo;am\u00e9liorer notre performance et d&rsquo;appporter une r\u00e9elle valeur ajout\u00e9e aux march\u00e9s que nous desservons.<\/p>\n<\/div><div class=\"fusion-sep-clear\"><\/div><div class=\"fusion-separator fusion-clearfix\" style=\"float:left;margin-top:10px;margin-bottom:20px;width:100%;max-width:10%;\"><div class=\"fusion-separator-border sep-single sep-solid\" style=\"--awb-height:20px;--awb-amount:20px;--awb-sep-color:#000000;border-color:#000000;border-top-width:1px;\"><\/div><\/div><div class=\"fusion-sep-clear\"><\/div><div class=\"fusion-text fusion-text-7\"><h2><strong>Rechercher la simplicit\u00e9\u00a0<\/strong><\/h2>\n<p>\u00c0 mesure que notre entreprise et notre client\u00e8le se d\u00e9veloppent, il est ais\u00e9 d&rsquo;introduire de la complexit\u00e9 dans nos activit\u00e9s quotidiennes, ce qui nuit \u00e0 notre souplesse et r\u00e9activit\u00e9. Notre objectif est de supprimer la difficult\u00e9 dans tous les domaines de notre entreprise, afin qu&rsquo;il soit facile de travailler avec Fernco, que nous puissions nous d\u00e9velopper et que la mise en \u0153uvre des changements et de l&rsquo;innovation soit simplifi\u00e9e.<\/p>\n<p>Gr\u00e2ce \u00e0 un niveau d&rsquo;autonomie optimal, notre personnel a la capacit\u00e9 et la responsabilit\u00e9 de rechercher la simplicit\u00e9 dans tout ce que nous r\u00e9alisons.<\/p>\n<\/div><div class=\"fusion-clearfix\"><\/div><\/div><\/div><\/div><\/div>\n","protected":false},"excerpt":{"rendered":"","protected":false},"author":1,"featured_media":0,"parent":29330,"menu_order":0,"comment_status":"open","ping_status":"closed","template":"","meta":{"_acf_changed":false,"_mi_skip_tracking":false,"_monsterinsights_sitenote_active":false,"_monsterinsights_sitenote_note":"","_monsterinsights_sitenote_category":0,"footnotes":""},"acf":[],"yoast_head":"<!-- This site is optimized with the Yoast SEO plugin v22.7 - https:\/\/yoast.com\/wordpress\/plugins\/seo\/ -->\n<title>Nos valeurs d&#039;entreprise | Fernco<\/title>\n<meta name=\"description\" content=\"La satisfaction client, le travail d&#039;\u00e9quipe, la communication, la passion, l&#039;innovation et l&#039;efficacit\u00e9 sont nos priorit\u00e9s absolues.\" \/>\n<meta name=\"robots\" content=\"index, follow, max-snippet:-1, max-image-preview:large, max-video-preview:-1\" \/>\n<link rel=\"canonical\" href=\"https:\/\/www.fernco.de\/fr\/home\/choisir-fernco\/nos-valeurs-dentreprise\" \/>\n<meta property=\"og:locale\" content=\"fr_FR\" \/>\n<meta property=\"og:type\" content=\"article\" \/>\n<meta property=\"og:title\" content=\"Nos valeurs d&#039;entreprise | Fernco\" \/>\n<meta property=\"og:description\" content=\"La satisfaction client, le travail d&#039;\u00e9quipe, la communication, la passion, l&#039;innovation et l&#039;efficacit\u00e9 sont nos priorit\u00e9s absolues.\" \/>\n<meta property=\"og:url\" content=\"https:\/\/www.fernco.de\/fr\/home\/choisir-fernco\/nos-valeurs-dentreprise\" \/>\n<meta property=\"og:site_name\" content=\"Fernco\" \/>\n<meta property=\"article:publisher\" content=\"https:\/\/www.facebook.com\/Flexseal\" \/>\n<meta property=\"article:modified_time\" content=\"2025-10-28T06:52:07+00:00\" \/>\n<meta name=\"twitter:card\" content=\"summary_large_image\" \/>\n<meta name=\"twitter:site\" content=\"@FlexsealUK\" \/>\n<meta name=\"twitter:label1\" content=\"Dur\u00e9e de lecture estim\u00e9e\" \/>\n\t<meta name=\"twitter:data1\" content=\"4 minutes\" \/>\n<script type=\"application\/ld+json\" class=\"yoast-schema-graph\">{\"@context\":\"https:\/\/schema.org\",\"@graph\":[{\"@type\":\"WebPage\",\"@id\":\"https:\/\/www.fernco.de\/fr\/home\/choisir-fernco\/nos-valeurs-dentreprise\",\"url\":\"https:\/\/www.fernco.de\/fr\/home\/choisir-fernco\/nos-valeurs-dentreprise\",\"name\":\"Nos valeurs d'entreprise | Fernco\",\"isPartOf\":{\"@id\":\"https:\/\/www.fernco.de\/fr#website\"},\"datePublished\":\"2023-12-05T07:46:37+00:00\",\"dateModified\":\"2025-10-28T06:52:07+00:00\",\"description\":\"La satisfaction client, le travail d'\u00e9quipe, la communication, la passion, l'innovation et l'efficacit\u00e9 sont nos priorit\u00e9s absolues.\",\"breadcrumb\":{\"@id\":\"https:\/\/www.fernco.de\/fr\/home\/choisir-fernco\/nos-valeurs-dentreprise#breadcrumb\"},\"inLanguage\":\"fr-FR\",\"potentialAction\":[{\"@type\":\"ReadAction\",\"target\":[\"https:\/\/www.fernco.de\/fr\/home\/choisir-fernco\/nos-valeurs-dentreprise\"]}]},{\"@type\":\"BreadcrumbList\",\"@id\":\"https:\/\/www.fernco.de\/fr\/home\/choisir-fernco\/nos-valeurs-dentreprise#breadcrumb\",\"itemListElement\":[{\"@type\":\"ListItem\",\"position\":1,\"name\":\"Home\",\"item\":\"https:\/\/www.fernco.de\/fr\"},{\"@type\":\"ListItem\",\"position\":2,\"name\":\"Accueil\",\"item\":\"https:\/\/www.fernco.de\/fr\"},{\"@type\":\"ListItem\",\"position\":3,\"name\":\"Choisir Fernco\",\"item\":\"https:\/\/www.fernco.de\/fr\/home\/choisir-fernco\"},{\"@type\":\"ListItem\",\"position\":4,\"name\":\"Nos valeurs d&#8217;entreprise\"}]},{\"@type\":\"WebSite\",\"@id\":\"https:\/\/www.fernco.de\/fr#website\",\"url\":\"https:\/\/www.fernco.de\/fr\",\"name\":\"Fernco\",\"description\":\"Flexible Couplings, Drainage &amp; Plumbing Systems\",\"publisher\":{\"@id\":\"https:\/\/www.fernco.de\/fr#organization\"},\"potentialAction\":[{\"@type\":\"SearchAction\",\"target\":{\"@type\":\"EntryPoint\",\"urlTemplate\":\"https:\/\/www.fernco.de\/fr?s={search_term_string}\"},\"query-input\":\"required name=search_term_string\"}],\"inLanguage\":\"fr-FR\"},{\"@type\":\"Organization\",\"@id\":\"https:\/\/www.fernco.de\/fr#organization\",\"name\":\"Fernco GmbH\",\"alternateName\":\"Fernco\",\"url\":\"https:\/\/www.fernco.de\/fr\",\"logo\":{\"@type\":\"ImageObject\",\"inLanguage\":\"fr-FR\",\"@id\":\"https:\/\/www.fernco.de\/fr#\/schema\/logo\/image\/\",\"url\":\"https:\/\/www.fernco.de\/wp-content\/uploads\/2022\/06\/fernco-logo.png\",\"contentUrl\":\"https:\/\/www.fernco.de\/wp-content\/uploads\/2022\/06\/fernco-logo.png\",\"width\":287,\"height\":50,\"caption\":\"Fernco GmbH\"},\"image\":{\"@id\":\"https:\/\/www.fernco.de\/fr#\/schema\/logo\/image\/\"},\"sameAs\":[\"https:\/\/www.facebook.com\/Flexseal\",\"https:\/\/x.com\/FlexsealUK\"]}]}<\/script>\n<!-- \/ Yoast SEO plugin. -->","yoast_head_json":{"title":"Nos valeurs d'entreprise | Fernco","description":"La satisfaction client, le travail d'\u00e9quipe, la communication, la passion, l'innovation et l'efficacit\u00e9 sont nos priorit\u00e9s absolues.","robots":{"index":"index","follow":"follow","max-snippet":"max-snippet:-1","max-image-preview":"max-image-preview:large","max-video-preview":"max-video-preview:-1"},"canonical":"https:\/\/www.fernco.de\/fr\/home\/choisir-fernco\/nos-valeurs-dentreprise","og_locale":"fr_FR","og_type":"article","og_title":"Nos valeurs d'entreprise | Fernco","og_description":"La satisfaction client, le travail d'\u00e9quipe, la communication, la passion, l'innovation et l'efficacit\u00e9 sont nos priorit\u00e9s absolues.","og_url":"https:\/\/www.fernco.de\/fr\/home\/choisir-fernco\/nos-valeurs-dentreprise","og_site_name":"Fernco","article_publisher":"https:\/\/www.facebook.com\/Flexseal","article_modified_time":"2025-10-28T06:52:07+00:00","twitter_card":"summary_large_image","twitter_site":"@FlexsealUK","twitter_misc":{"Dur\u00e9e de lecture estim\u00e9e":"4 minutes"},"schema":{"@context":"https:\/\/schema.org","@graph":[{"@type":"WebPage","@id":"https:\/\/www.fernco.de\/fr\/home\/choisir-fernco\/nos-valeurs-dentreprise","url":"https:\/\/www.fernco.de\/fr\/home\/choisir-fernco\/nos-valeurs-dentreprise","name":"Nos valeurs d'entreprise | Fernco","isPartOf":{"@id":"https:\/\/www.fernco.de\/fr#website"},"datePublished":"2023-12-05T07:46:37+00:00","dateModified":"2025-10-28T06:52:07+00:00","description":"La satisfaction client, le travail d'\u00e9quipe, la communication, la passion, l'innovation et l'efficacit\u00e9 sont nos priorit\u00e9s absolues.","breadcrumb":{"@id":"https:\/\/www.fernco.de\/fr\/home\/choisir-fernco\/nos-valeurs-dentreprise#breadcrumb"},"inLanguage":"fr-FR","potentialAction":[{"@type":"ReadAction","target":["https:\/\/www.fernco.de\/fr\/home\/choisir-fernco\/nos-valeurs-dentreprise"]}]},{"@type":"BreadcrumbList","@id":"https:\/\/www.fernco.de\/fr\/home\/choisir-fernco\/nos-valeurs-dentreprise#breadcrumb","itemListElement":[{"@type":"ListItem","position":1,"name":"Home","item":"https:\/\/www.fernco.de\/fr"},{"@type":"ListItem","position":2,"name":"Accueil","item":"https:\/\/www.fernco.de\/fr"},{"@type":"ListItem","position":3,"name":"Choisir Fernco","item":"https:\/\/www.fernco.de\/fr\/home\/choisir-fernco"},{"@type":"ListItem","position":4,"name":"Nos valeurs d&#8217;entreprise"}]},{"@type":"WebSite","@id":"https:\/\/www.fernco.de\/fr#website","url":"https:\/\/www.fernco.de\/fr","name":"Fernco","description":"Flexible Couplings, Drainage &amp; Plumbing Systems","publisher":{"@id":"https:\/\/www.fernco.de\/fr#organization"},"potentialAction":[{"@type":"SearchAction","target":{"@type":"EntryPoint","urlTemplate":"https:\/\/www.fernco.de\/fr?s={search_term_string}"},"query-input":"required name=search_term_string"}],"inLanguage":"fr-FR"},{"@type":"Organization","@id":"https:\/\/www.fernco.de\/fr#organization","name":"Fernco GmbH","alternateName":"Fernco","url":"https:\/\/www.fernco.de\/fr","logo":{"@type":"ImageObject","inLanguage":"fr-FR","@id":"https:\/\/www.fernco.de\/fr#\/schema\/logo\/image\/","url":"https:\/\/www.fernco.de\/wp-content\/uploads\/2022\/06\/fernco-logo.png","contentUrl":"https:\/\/www.fernco.de\/wp-content\/uploads\/2022\/06\/fernco-logo.png","width":287,"height":50,"caption":"Fernco GmbH"},"image":{"@id":"https:\/\/www.fernco.de\/fr#\/schema\/logo\/image\/"},"sameAs":["https:\/\/www.facebook.com\/Flexseal","https:\/\/x.com\/FlexsealUK"]}]}},"_links":{"self":[{"href":"https:\/\/www.fernco.de\/fr\/wp-json\/wp\/v2\/pages\/29347"}],"collection":[{"href":"https:\/\/www.fernco.de\/fr\/wp-json\/wp\/v2\/pages"}],"about":[{"href":"https:\/\/www.fernco.de\/fr\/wp-json\/wp\/v2\/types\/page"}],"author":[{"embeddable":true,"href":"https:\/\/www.fernco.de\/fr\/wp-json\/wp\/v2\/users\/1"}],"replies":[{"embeddable":true,"href":"https:\/\/www.fernco.de\/fr\/wp-json\/wp\/v2\/comments?post=29347"}],"version-history":[{"count":2,"href":"https:\/\/www.fernco.de\/fr\/wp-json\/wp\/v2\/pages\/29347\/revisions"}],"predecessor-version":[{"id":36717,"href":"https:\/\/www.fernco.de\/fr\/wp-json\/wp\/v2\/pages\/29347\/revisions\/36717"}],"up":[{"embeddable":true,"href":"https:\/\/www.fernco.de\/fr\/wp-json\/wp\/v2\/pages\/29330"}],"wp:attachment":[{"href":"https:\/\/www.fernco.de\/fr\/wp-json\/wp\/v2\/media?parent=29347"}],"curies":[{"name":"wp","href":"https:\/\/api.w.org\/{rel}","templated":true}]}}