{"id":29542,"date":"2023-12-06T05:30:36","date_gmt":"2023-12-06T05:30:36","guid":{"rendered":"https:\/\/www.fernco.de\/?page_id=29542"},"modified":"2025-06-17T11:50:31","modified_gmt":"2025-06-17T10:50:31","slug":"declarations-de-performances","status":"publish","type":"page","link":"https:\/\/www.fernco.de\/fr\/informations-techniques\/declarations-de-performances","title":{"rendered":"D\u00e9clarations de Performances"},"content":{"rendered":"<div class=\"fusion-fullwidth fullwidth-box fusion-builder-row-1 nonhundred-percent-fullwidth non-hundred-percent-height-scrolling\" style=\"--awb-border-radius-top-left:0px;--awb-border-radius-top-right:0px;--awb-border-radius-bottom-right:0px;--awb-border-radius-bottom-left:0px;--awb-flex-wrap:wrap;\" ><div class=\"fusion-builder-row fusion-row\"><div class=\"fusion-layout-column fusion_builder_column fusion-builder-column-0 fusion_builder_column_1_1 1_1 fusion-one-full fusion-column-first fusion-column-last\" style=\"--awb-bg-size:cover;\"><div class=\"fusion-column-wrapper fusion-column-has-shadow fusion-flex-column-wrapper-legacy\"><div class=\"fusion-text fusion-text-1\"><h1>Certifications<\/h1>\n<\/div><div class=\"fusion-text fusion-text-2\"><p>Tous les produits Fernco GmbH sont soumis \u00e0 un autocontr\u00f4le permanent dans le cadre de notre gestion de la qualit\u00e9. Dans ce processus, des tests approfondis sont effectu\u00e9s aux \u00e9tapes cl\u00e9s du cycle de production, sur la base des directives en vigueur et de nos normes de fabrication. Notre syst\u00e8me de gestion de la qualit\u00e9 est document\u00e9 et cetifi\u00e9 selon la norme ISO 9001:2015.<\/p>\n<\/div><div class=\"fusion-clearfix\"><\/div><\/div><\/div><div class=\"fusion-layout-column fusion_builder_column fusion-builder-column-1 fusion_builder_column_1_2 1_2 fusion-one-half fusion-column-first fusion-column-inner-bg-wrapper\" style=\"--awb-inner-bg-size:cover;width:48%; margin-right: 4%;\" data-scroll-devices=\"small-visibility,medium-visibility,large-visibility\"><span class=\"fusion-column-inner-bg hover-type-none\"><a class=\"fusion-column-anchor\" href=\"https:\/\/www.fernco.de\/wp-content\/uploads\/2025\/01\/FM-91289-ISO-9001_Exp-Feb-2028.pdf\" rel=\"noopener noreferrer\" target=\"_blank\"><span class=\"fusion-column-inner-bg-image\"><\/span><\/a><\/span><div class=\"fusion-column-wrapper fusion-column-has-shadow fusion-flex-column-wrapper-legacy\"><div class=\"fusion-builder-row fusion-builder-row-inner fusion-row\"><div class=\"fusion-layout-column fusion_builder_column_inner fusion-builder-nested-column-0 fusion_builder_column_inner_1_6 1_6 fusion-one-sixth fusion-column-first\" style=\"--awb-bg-size:cover;width:16.666666666667%;width:calc(16.666666666667% - ( ( 4% ) * 0.16666666666667 ) );margin-right: 4%;\"><div class=\"fusion-column-wrapper fusion-column-has-shadow fusion-flex-column-wrapper-legacy\"><div class=\"fusion-image-element in-legacy-container\" style=\"--awb-caption-title-font-family:var(--h2_typography-font-family);--awb-caption-title-font-weight:var(--h2_typography-font-weight);--awb-caption-title-font-style:var(--h2_typography-font-style);--awb-caption-title-size:var(--h2_typography-font-size);--awb-caption-title-transform:var(--h2_typography-text-transform);--awb-caption-title-line-height:var(--h2_typography-line-height);--awb-caption-title-letter-spacing:var(--h2_typography-letter-spacing);\"><span class=\" fusion-imageframe imageframe-none imageframe-1 hover-type-none\"><img decoding=\"async\" width=\"50\" height=\"50\" title=\"pdfIcon\" src=\"data:image\/svg+xml,%3Csvg%20xmlns%3D%27http%3A%2F%2Fwww.w3.org%2F2000%2Fsvg%27%20width%3D%2750%27%20height%3D%2750%27%20viewBox%3D%270%200%2050%2050%27%3E%3Crect%20width%3D%2750%27%20height%3D%2750%27%20fill-opacity%3D%220%22%2F%3E%3C%2Fsvg%3E\" data-orig-src=\"https:\/\/www.fernco.de\/wp-content\/uploads\/2019\/04\/pdfIcon.png\" alt class=\"lazyload img-responsive wp-image-29524\"\/><\/span><\/div><div class=\"fusion-clearfix\"><\/div><\/div><\/div><div class=\"fusion-layout-column fusion_builder_column_inner fusion-builder-nested-column-1 fusion_builder_column_inner_5_6 5_6 fusion-five-sixth fusion-column-last\" style=\"--awb-bg-size:cover;width:83.333333333333%;width:calc(83.333333333333% - ( ( 4% ) * 0.83333333333333 ) );\"><div class=\"fusion-column-wrapper fusion-column-has-shadow fusion-flex-column-wrapper-legacy\"><div class=\"fusion-text fusion-text-3\"><p>Certificat &#8211; ISO 9001<\/p>\n<\/div><div class=\"fusion-clearfix\"><\/div><\/div><\/div><\/div><div class=\"fusion-clearfix\"><\/div><\/div><\/div><div class=\"fusion-layout-column fusion_builder_column fusion-builder-column-2 fusion_builder_column_1_1 1_1 fusion-one-full fusion-column-last\" style=\"--awb-bg-size:cover;\"><div class=\"fusion-column-wrapper fusion-column-has-shadow fusion-flex-column-wrapper-legacy\"><div class=\"fusion-text fusion-text-4\"><p>En tant que fournisseur international, Fernco dispose naturellement des certificats de test et des attestations n\u00e9cessaires pour les pays les plus importants.<\/p>\n<\/div><div class=\"fusion-image-element fusion-image-align-center in-legacy-container\" style=\"text-align:center;--awb-caption-title-font-family:var(--h2_typography-font-family);--awb-caption-title-font-weight:var(--h2_typography-font-weight);--awb-caption-title-font-style:var(--h2_typography-font-style);--awb-caption-title-size:var(--h2_typography-font-size);--awb-caption-title-transform:var(--h2_typography-text-transform);--awb-caption-title-line-height:var(--h2_typography-line-height);--awb-caption-title-letter-spacing:var(--h2_typography-letter-spacing);\"><div class=\"imageframe-align-center\"><span class=\" fusion-imageframe imageframe-none imageframe-2 hover-type-none\"><img decoding=\"async\" width=\"1200\" height=\"400\" title=\"Zertifikate\" src=\"https:\/\/www.fernco.de\/wp-content\/uploads\/2022\/03\/Zertifikate.png\" data-orig-src=\"https:\/\/www.fernco.de\/wp-content\/uploads\/2022\/03\/Zertifikate.png\" alt class=\"lazyload img-responsive wp-image-29567\" srcset=\"data:image\/svg+xml,%3Csvg%20xmlns%3D%27http%3A%2F%2Fwww.w3.org%2F2000%2Fsvg%27%20width%3D%271200%27%20height%3D%27400%27%20viewBox%3D%270%200%201200%20400%27%3E%3Crect%20width%3D%271200%27%20height%3D%27400%27%20fill-opacity%3D%220%22%2F%3E%3C%2Fsvg%3E\" data-srcset=\"https:\/\/www.fernco.de\/wp-content\/uploads\/2022\/03\/Zertifikate-200x67.png 200w, https:\/\/www.fernco.de\/wp-content\/uploads\/2022\/03\/Zertifikate-400x133.png 400w, https:\/\/www.fernco.de\/wp-content\/uploads\/2022\/03\/Zertifikate-600x200.png 600w, https:\/\/www.fernco.de\/wp-content\/uploads\/2022\/03\/Zertifikate-800x267.png 800w, https:\/\/www.fernco.de\/wp-content\/uploads\/2022\/03\/Zertifikate.png 1200w\" data-sizes=\"auto\" data-orig-sizes=\"(max-width: 800px) 100vw, 1200px\" \/><\/span><\/div><\/div><div class=\"fusion-clearfix\"><\/div><\/div><\/div><\/div><\/div><div class=\"fusion-fullwidth fullwidth-box fusion-builder-row-2 nonhundred-percent-fullwidth non-hundred-percent-height-scrolling\" style=\"--awb-border-radius-top-left:0px;--awb-border-radius-top-right:0px;--awb-border-radius-bottom-right:0px;--awb-border-radius-bottom-left:0px;--awb-flex-wrap:wrap;\" ><div class=\"fusion-builder-row fusion-row\"><div class=\"fusion-layout-column fusion_builder_column fusion-builder-column-3 fusion_builder_column_1_1 1_1 fusion-one-full fusion-column-first fusion-column-last\" style=\"--awb-bg-size:cover;\"><div class=\"fusion-column-wrapper fusion-column-has-shadow fusion-flex-column-wrapper-legacy\"><div class=\"fusion-text fusion-text-5\"><h1>Donn\u00e9es de performance<\/h1>\n<\/div><div class=\"fusion-text fusion-text-6\"><p>Gr\u00e2ce \u00e0 la haute qualit\u00e9 des mat\u00e9riaux utilis\u00e9s, nos raccords conviennent aussi bien \u00e0 une pose en surface qu&rsquo;\u00e0 une pose enterr\u00e9e ! Leur dur\u00e9e de vie est estim\u00e9e \u00e0 100 ans ! Toutefois, des mesures de protection suppl\u00e9mentaires peuvent \u00eatre n\u00e9cessaires pour les colliers d&rsquo;\u00e9tanch\u00e9it\u00e9 en acier inoxydable V2A (1.4301) s&rsquo;ils sont pos\u00e9s dans des sols remblay\u00e9s, comme dans les d\u00e9charges industrielles, les remblais miniers, ou dans des environnements o\u00f9 le sol et les nappes phr\u00e9atiques pr\u00e9sentent une forte teneur en chlorures. Pour ces applications, il convient d&rsquo;utiliser des colliers d&rsquo;\u00e9tanch\u00e9it\u00e9 avec des composants en acier inoxydable V4A (1.4404).<\/p>\n<p>En cas de doute, veuillez contacter notre <a href=\"https:\/\/www.fernco.de\/fr\/contact\">service commercial<\/a>.<\/p>\n<\/div><div class=\"fusion-clearfix\"><\/div><\/div><\/div><div class=\"fusion-layout-column fusion_builder_column fusion-builder-column-4 fusion_builder_column_1_1 1_1 fusion-one-full fusion-column-first fusion-column-last fusion-column-inner-bg-wrapper\" style=\"--awb-inner-bg-size:cover;\" data-scroll-devices=\"small-visibility,medium-visibility,large-visibility\"><span class=\"fusion-column-inner-bg hover-type-none\"><a class=\"fusion-column-anchor\" href=\"https:\/\/www.fernco.de\/wp-content\/uploads\/2025\/03\/Declaration-of-Performance-DoP01-Couplings.pdf\" rel=\"noopener noreferrer\" target=\"_blank\"><span class=\"fusion-column-inner-bg-image\"><\/span><\/a><\/span><div class=\"fusion-column-wrapper fusion-column-has-shadow fusion-flex-column-wrapper-legacy\"><div class=\"fusion-text fusion-text-7\"><h3><strong>D\u00e9claration de performance conform\u00e9ment au R\u00e8glement sur les Produitsde Construction (RPC)<br \/>\n<\/strong><\/h3>\n<\/div><div class=\"fusion-text fusion-text-8\"><p>Certains de nos produits pour lesquels il existe une norme europ\u00e9enne harmonis\u00e9e (hEN), sont marqu\u00e9s CE conform\u00e9ment au R\u00e8glement sur les Produits de Construction. Une d\u00e9claration de performance est disponible pour chacun de ces produits.<\/p>\n<\/div><div class=\"fusion-builder-row fusion-builder-row-inner fusion-row\"><div class=\"fusion-layout-column fusion_builder_column_inner fusion-builder-nested-column-2 fusion_builder_column_inner_1_6 1_6 fusion-one-sixth fusion-column-first\" style=\"--awb-bg-size:cover;width:16.666666666667%;width:calc(16.666666666667% - ( ( 4% ) * 0.16666666666667 ) );margin-right: 4%;\"><div class=\"fusion-column-wrapper fusion-column-has-shadow fusion-flex-column-wrapper-legacy\"><div class=\"fusion-image-element in-legacy-container\" style=\"--awb-caption-title-font-family:var(--h2_typography-font-family);--awb-caption-title-font-weight:var(--h2_typography-font-weight);--awb-caption-title-font-style:var(--h2_typography-font-style);--awb-caption-title-size:var(--h2_typography-font-size);--awb-caption-title-transform:var(--h2_typography-text-transform);--awb-caption-title-line-height:var(--h2_typography-line-height);--awb-caption-title-letter-spacing:var(--h2_typography-letter-spacing);\"><span class=\" fusion-imageframe imageframe-none imageframe-3 hover-type-none\"><a class=\"fusion-no-lightbox\" href=\"https:\/\/www.fernco.de\/wp-content\/uploads\/2022\/06\/Leistungserkl\u00e4rung-nach-Bauproduktenverordnung-FERNCO.pdf\" target=\"_blank\" aria-label=\"pdfIcon\" rel=\"noopener noreferrer\"><img decoding=\"async\" width=\"50\" height=\"50\" src=\"data:image\/svg+xml,%3Csvg%20xmlns%3D%27http%3A%2F%2Fwww.w3.org%2F2000%2Fsvg%27%20width%3D%2750%27%20height%3D%2750%27%20viewBox%3D%270%200%2050%2050%27%3E%3Crect%20width%3D%2750%27%20height%3D%2750%27%20fill-opacity%3D%220%22%2F%3E%3C%2Fsvg%3E\" data-orig-src=\"https:\/\/www.fernco.de\/wp-content\/uploads\/2019\/04\/pdfIcon.png\" alt class=\"lazyload img-responsive wp-image-29524\"\/><\/a><\/span><\/div><div class=\"fusion-clearfix\"><\/div><\/div><\/div><div class=\"fusion-layout-column fusion_builder_column_inner fusion-builder-nested-column-3 fusion_builder_column_inner_5_6 5_6 fusion-five-sixth fusion-column-last\" style=\"--awb-bg-size:cover;width:83.333333333333%;width:calc(83.333333333333% - ( ( 4% ) * 0.83333333333333 ) );\"><div class=\"fusion-column-wrapper fusion-column-has-shadow fusion-flex-column-wrapper-legacy\"><div class=\"fusion-text fusion-text-9\"><p>T\u00e9l\u00e9chargement : D\u00e9claration de performance<\/p>\n<\/div><div class=\"fusion-clearfix\"><\/div><\/div><\/div><\/div><div class=\"fusion-clearfix\"><\/div><\/div><\/div><div class=\"fusion-layout-column fusion_builder_column fusion-builder-column-5 fusion_builder_column_1_1 1_1 fusion-one-full fusion-column-first fusion-column-last\" style=\"--awb-bg-size:cover;\"><div class=\"fusion-column-wrapper fusion-column-has-shadow fusion-flex-column-wrapper-legacy\"><div class=\"fusion-text fusion-text-10\"><h3><strong>Test de pression<br \/>\n<\/strong><\/h3>\n<\/div><div class=\"fusion-text fusion-text-11\"><p>Lorsqu&rsquo;ils sont correctement install\u00e9s, nos raccords supportent les pressions suivantes :<\/p>\n<\/div><div class=\"fusion-text fusion-text-12\">\n<table id=\"tablepress-128\" class=\"tablepress tablepress-id-128\">\n<thead>\n<tr class=\"row-1\">\n\t<th class=\"column-1\">Nom du produit<\/th><th class=\"column-2\">Taille<\/th><th class=\"column-3\">Pression maximale<\/th>\n<\/tr>\n<\/thead>\n<tbody class=\"row-striping row-hover\">\n<tr class=\"row-2\">\n\t<td class=\"column-1\">TC (Type 2A)<\/td><td class=\"column-2\">Toutes<\/td><td class=\"column-3\">0,6 bar<\/td>\n<\/tr>\n<tr class=\"row-3\">\n\t<td class=\"column-1\">SC (Type 2B)<\/td><td class=\"column-2\">Toutes<\/td><td class=\"column-3\">2,5 bar<\/td>\n<\/tr>\n<tr class=\"row-4\">\n\t<td class=\"column-1\">2B1 ALL-IN-ONE<\/td><td class=\"column-2\">Toutes<\/td><td class=\"column-3\">2,5 bar<\/td>\n<\/tr>\n<tr class=\"row-5\">\n\t<td class=\"column-1\">LC (Type 2B)<\/td><td class=\"column-2\">jusqu'\u00e0 LC980<\/td><td class=\"column-3\">1,5 bar<\/td>\n<\/tr>\n<tr class=\"row-6\">\n\t<td class=\"column-1\">LC (Type 2B)<\/td><td class=\"column-2\">jusqu'\u00e0 LC1380<\/td><td class=\"column-3\">1,0 bar<\/td>\n<\/tr>\n<tr class=\"row-7\">\n\t<td class=\"column-1\">LC (Type 2B)<\/td><td class=\"column-2\">jusqu'\u00e0 LC1780<\/td><td class=\"column-3\">0,6 bar<\/td>\n<\/tr>\n<tr class=\"row-8\">\n\t<td class=\"column-1\">EWC (Type 2B)<\/td><td class=\"column-2\">Toutes<\/td><td class=\"column-3\">2,5 bar<\/td>\n<\/tr>\n<tr class=\"row-9\">\n\t<td class=\"column-1\">EWLC (Type 2B)<\/td><td class=\"column-2\">jusqu'\u00e0 EWLC980<\/td><td class=\"column-3\">1,5 bar<\/td>\n<\/tr>\n<tr class=\"row-10\">\n\t<td class=\"column-1\">EWLC (Type 2B)<\/td><td class=\"column-2\">jusqu'\u00e0 EWLC1380<\/td><td class=\"column-3\">1,0 bar<\/td>\n<\/tr>\n<tr class=\"row-11\">\n\t<td class=\"column-1\">EWLC (Type 2B)<\/td><td class=\"column-2\">jusqu'\u00e0 EWLC1780<\/td><td class=\"column-3\">0,6 bar<\/td>\n<\/tr>\n<tr class=\"row-12\">\n\t<td class=\"column-1\">MAG (Type 2B)<\/td><td class=\"column-2\">jusqu'\u00e0 MAG385<\/td><td class=\"column-3\">4,0 bar<\/td>\n<\/tr>\n<tr class=\"row-13\">\n\t<td class=\"column-1\">MAG (Type 2B)<\/td><td class=\"column-2\">jusqu'\u00e0 MAG620<\/td><td class=\"column-3\">2,5 bar<\/td>\n<\/tr>\n<tr class=\"row-14\">\n\t<td class=\"column-1\">MAG (Type 2B)<\/td><td class=\"column-2\">jusqu'\u00e0 MAG980<\/td><td class=\"column-3\">1,5 bar<\/td>\n<\/tr>\n<tr class=\"row-15\">\n\t<td class=\"column-1\">MAG (Type 2B)<\/td><td class=\"column-2\">jusqu'\u00e0 MAG1380<\/td><td class=\"column-3\">1,0 bar<\/td>\n<\/tr>\n<tr class=\"row-16\">\n\t<td class=\"column-1\">MAG (Type 2B)<\/td><td class=\"column-2\">jusqu'\u00e0 MAG1780<\/td><td class=\"column-3\">0,6 bar<\/td>\n<\/tr>\n<tr class=\"row-17\">\n\t<td class=\"column-1\">WRC (Type 2B)<\/td><td class=\"column-2\">Toutes<\/td><td class=\"column-3\">Pas de garantie<\/td>\n<\/tr>\n<tr class=\"row-18\">\n\t<td class=\"column-1\">MAGWRC (Type 2B)<\/td><td class=\"column-2\">Toutes<\/td><td class=\"column-3\">Pas de garantie<\/td>\n<\/tr>\n<tr class=\"row-19\">\n\t<td class=\"column-1\">IC (ICON)<\/td><td class=\"column-2\">Toutes<\/td><td class=\"column-3\">0,5 bar<\/td>\n<\/tr>\n<tr class=\"row-20\">\n\t<td class=\"column-1\">ICP<\/td><td class=\"column-2\">Toutes<\/td><td class=\"column-3\">2,5 bar<\/td>\n<\/tr>\n<tr class=\"row-21\">\n\t<td class=\"column-1\">IA<\/td><td class=\"column-2\">Toutes<\/td><td class=\"column-3\">1,0 bar<\/td>\n<\/tr>\n<tr class=\"row-22\">\n\t<td class=\"column-1\">DC\/PC\/TDC (Type 1)<\/td><td class=\"column-2\">Toutes<\/td><td class=\"column-3\">0,6 bar<\/td>\n<\/tr>\n<tr class=\"row-23\">\n\t<td class=\"column-1\">AC\/PAC\/TAC<\/td><td class=\"column-2\">Toutes<\/td><td class=\"column-3\">0,6 bar<\/td>\n<\/tr>\n<\/tbody>\n<\/table>\n<!-- #tablepress-128 from cache -->\n<\/div><div class=\"fusion-clearfix\"><\/div><\/div><\/div><\/div><\/div><div class=\"fusion-fullwidth fullwidth-box fusion-builder-row-3 nonhundred-percent-fullwidth non-hundred-percent-height-scrolling\" style=\"--awb-border-radius-top-left:0px;--awb-border-radius-top-right:0px;--awb-border-radius-bottom-right:0px;--awb-border-radius-bottom-left:0px;--awb-flex-wrap:wrap;\" ><div class=\"fusion-builder-row fusion-row\"><div class=\"fusion-layout-column fusion_builder_column fusion-builder-column-6 fusion_builder_column_1_1 1_1 fusion-one-full fusion-column-first fusion-column-last\" style=\"--awb-bg-size:cover;\"><div class=\"fusion-column-wrapper fusion-column-has-shadow fusion-flex-column-wrapper-legacy\"><div class=\"fusion-text fusion-text-13\"><h1>Agr\u00e9ments<\/h1>\n<\/div><div class=\"fusion-text fusion-text-14\"><p>Tous les produits Fernco GmbH sont soumis \u00e0 un autocontr\u00f4le permanent dans le cadre de notre gestion de la qualit\u00e9. Dans ce processus, des tests approfondis sont effectu\u00e9s aux \u00e9tapes cl\u00e9s du cycle de production, sur la base des directives en vigueur et de nos normes de fabrication. Notre syst\u00e8me de gestion de la qualit\u00e9 est document\u00e9 et cetifi\u00e9 selon la norme ISO 9001:2015.<\/p>\n<p>En tant que fournisseur international, Fernco dispose naturellement des certificats de test et des attestations n\u00e9cessaires pour les pays les plus importants.<\/p>\n<\/div><div class=\"fusion-clearfix\"><\/div><\/div><\/div><\/div><\/div>\n","protected":false},"excerpt":{"rendered":"","protected":false},"author":1,"featured_media":0,"parent":29523,"menu_order":3,"comment_status":"open","ping_status":"closed","template":"","meta":{"_acf_changed":false,"_mi_skip_tracking":false,"_monsterinsights_sitenote_active":false,"_monsterinsights_sitenote_note":"","_monsterinsights_sitenote_category":0,"footnotes":""},"acf":[],"yoast_head":"<!-- This site is optimized with the Yoast SEO plugin v22.7 - https:\/\/yoast.com\/wordpress\/plugins\/seo\/ -->\n<title>D\u00e9clarations de Performances | Fernco<\/title>\n<meta name=\"description\" content=\"Alle Produkte der Fernco GmbH unterliegen einer st\u00e4ndigen Eigenkontrolle durch unser zertifiziertes Qualit\u00e4tsmanagement.\" \/>\n<meta name=\"robots\" content=\"index, follow, max-snippet:-1, max-image-preview:large, max-video-preview:-1\" \/>\n<link rel=\"canonical\" href=\"https:\/\/www.fernco.de\/fr\/informations-techniques\/declarations-de-performances\" \/>\n<meta property=\"og:locale\" content=\"fr_FR\" \/>\n<meta property=\"og:type\" content=\"article\" \/>\n<meta property=\"og:title\" content=\"D\u00e9clarations de Performances | Fernco\" \/>\n<meta property=\"og:description\" content=\"Alle Produkte der Fernco GmbH unterliegen einer st\u00e4ndigen Eigenkontrolle durch unser zertifiziertes Qualit\u00e4tsmanagement.\" \/>\n<meta property=\"og:url\" content=\"https:\/\/www.fernco.de\/fr\/informations-techniques\/declarations-de-performances\" \/>\n<meta property=\"og:site_name\" content=\"Fernco\" \/>\n<meta property=\"article:publisher\" content=\"https:\/\/www.facebook.com\/Flexseal\" \/>\n<meta property=\"article:modified_time\" content=\"2025-06-17T10:50:31+00:00\" \/>\n<meta name=\"twitter:card\" content=\"summary_large_image\" \/>\n<meta name=\"twitter:site\" content=\"@FlexsealUK\" \/>\n<meta name=\"twitter:label1\" content=\"Dur\u00e9e de lecture estim\u00e9e\" \/>\n\t<meta name=\"twitter:data1\" content=\"4 minutes\" \/>\n<script type=\"application\/ld+json\" class=\"yoast-schema-graph\">{\"@context\":\"https:\/\/schema.org\",\"@graph\":[{\"@type\":\"WebPage\",\"@id\":\"https:\/\/www.fernco.de\/fr\/informations-techniques\/declarations-de-performances\",\"url\":\"https:\/\/www.fernco.de\/fr\/informations-techniques\/declarations-de-performances\",\"name\":\"D\u00e9clarations de Performances | Fernco\",\"isPartOf\":{\"@id\":\"https:\/\/www.fernco.de\/fr#website\"},\"datePublished\":\"2023-12-06T05:30:36+00:00\",\"dateModified\":\"2025-06-17T10:50:31+00:00\",\"description\":\"Alle Produkte der Fernco GmbH unterliegen einer st\u00e4ndigen Eigenkontrolle durch unser zertifiziertes Qualit\u00e4tsmanagement.\",\"breadcrumb\":{\"@id\":\"https:\/\/www.fernco.de\/fr\/informations-techniques\/declarations-de-performances#breadcrumb\"},\"inLanguage\":\"fr-FR\",\"potentialAction\":[{\"@type\":\"ReadAction\",\"target\":[\"https:\/\/www.fernco.de\/fr\/informations-techniques\/declarations-de-performances\"]}]},{\"@type\":\"BreadcrumbList\",\"@id\":\"https:\/\/www.fernco.de\/fr\/informations-techniques\/declarations-de-performances#breadcrumb\",\"itemListElement\":[{\"@type\":\"ListItem\",\"position\":1,\"name\":\"Home\",\"item\":\"https:\/\/www.fernco.de\/fr\"},{\"@type\":\"ListItem\",\"position\":2,\"name\":\"Informations techniques\",\"item\":\"https:\/\/www.fernco.de\/fr\/informations-techniques\"},{\"@type\":\"ListItem\",\"position\":3,\"name\":\"D\u00e9clarations de Performances\"}]},{\"@type\":\"WebSite\",\"@id\":\"https:\/\/www.fernco.de\/fr#website\",\"url\":\"https:\/\/www.fernco.de\/fr\",\"name\":\"Fernco\",\"description\":\"Flexible Couplings, Drainage &amp; Plumbing Systems\",\"publisher\":{\"@id\":\"https:\/\/www.fernco.de\/fr#organization\"},\"potentialAction\":[{\"@type\":\"SearchAction\",\"target\":{\"@type\":\"EntryPoint\",\"urlTemplate\":\"https:\/\/www.fernco.de\/fr?s={search_term_string}\"},\"query-input\":\"required name=search_term_string\"}],\"inLanguage\":\"fr-FR\"},{\"@type\":\"Organization\",\"@id\":\"https:\/\/www.fernco.de\/fr#organization\",\"name\":\"Fernco GmbH\",\"alternateName\":\"Fernco\",\"url\":\"https:\/\/www.fernco.de\/fr\",\"logo\":{\"@type\":\"ImageObject\",\"inLanguage\":\"fr-FR\",\"@id\":\"https:\/\/www.fernco.de\/fr#\/schema\/logo\/image\/\",\"url\":\"https:\/\/www.fernco.de\/wp-content\/uploads\/2022\/06\/fernco-logo.png\",\"contentUrl\":\"https:\/\/www.fernco.de\/wp-content\/uploads\/2022\/06\/fernco-logo.png\",\"width\":287,\"height\":50,\"caption\":\"Fernco GmbH\"},\"image\":{\"@id\":\"https:\/\/www.fernco.de\/fr#\/schema\/logo\/image\/\"},\"sameAs\":[\"https:\/\/www.facebook.com\/Flexseal\",\"https:\/\/x.com\/FlexsealUK\"]}]}<\/script>\n<!-- \/ Yoast SEO plugin. -->","yoast_head_json":{"title":"D\u00e9clarations de Performances | Fernco","description":"Alle Produkte der Fernco GmbH unterliegen einer st\u00e4ndigen Eigenkontrolle durch unser zertifiziertes Qualit\u00e4tsmanagement.","robots":{"index":"index","follow":"follow","max-snippet":"max-snippet:-1","max-image-preview":"max-image-preview:large","max-video-preview":"max-video-preview:-1"},"canonical":"https:\/\/www.fernco.de\/fr\/informations-techniques\/declarations-de-performances","og_locale":"fr_FR","og_type":"article","og_title":"D\u00e9clarations de Performances | Fernco","og_description":"Alle Produkte der Fernco GmbH unterliegen einer st\u00e4ndigen Eigenkontrolle durch unser zertifiziertes Qualit\u00e4tsmanagement.","og_url":"https:\/\/www.fernco.de\/fr\/informations-techniques\/declarations-de-performances","og_site_name":"Fernco","article_publisher":"https:\/\/www.facebook.com\/Flexseal","article_modified_time":"2025-06-17T10:50:31+00:00","twitter_card":"summary_large_image","twitter_site":"@FlexsealUK","twitter_misc":{"Dur\u00e9e de lecture estim\u00e9e":"4 minutes"},"schema":{"@context":"https:\/\/schema.org","@graph":[{"@type":"WebPage","@id":"https:\/\/www.fernco.de\/fr\/informations-techniques\/declarations-de-performances","url":"https:\/\/www.fernco.de\/fr\/informations-techniques\/declarations-de-performances","name":"D\u00e9clarations de Performances | Fernco","isPartOf":{"@id":"https:\/\/www.fernco.de\/fr#website"},"datePublished":"2023-12-06T05:30:36+00:00","dateModified":"2025-06-17T10:50:31+00:00","description":"Alle Produkte der Fernco GmbH unterliegen einer st\u00e4ndigen Eigenkontrolle durch unser zertifiziertes Qualit\u00e4tsmanagement.","breadcrumb":{"@id":"https:\/\/www.fernco.de\/fr\/informations-techniques\/declarations-de-performances#breadcrumb"},"inLanguage":"fr-FR","potentialAction":[{"@type":"ReadAction","target":["https:\/\/www.fernco.de\/fr\/informations-techniques\/declarations-de-performances"]}]},{"@type":"BreadcrumbList","@id":"https:\/\/www.fernco.de\/fr\/informations-techniques\/declarations-de-performances#breadcrumb","itemListElement":[{"@type":"ListItem","position":1,"name":"Home","item":"https:\/\/www.fernco.de\/fr"},{"@type":"ListItem","position":2,"name":"Informations techniques","item":"https:\/\/www.fernco.de\/fr\/informations-techniques"},{"@type":"ListItem","position":3,"name":"D\u00e9clarations de Performances"}]},{"@type":"WebSite","@id":"https:\/\/www.fernco.de\/fr#website","url":"https:\/\/www.fernco.de\/fr","name":"Fernco","description":"Flexible Couplings, Drainage &amp; Plumbing Systems","publisher":{"@id":"https:\/\/www.fernco.de\/fr#organization"},"potentialAction":[{"@type":"SearchAction","target":{"@type":"EntryPoint","urlTemplate":"https:\/\/www.fernco.de\/fr?s={search_term_string}"},"query-input":"required name=search_term_string"}],"inLanguage":"fr-FR"},{"@type":"Organization","@id":"https:\/\/www.fernco.de\/fr#organization","name":"Fernco GmbH","alternateName":"Fernco","url":"https:\/\/www.fernco.de\/fr","logo":{"@type":"ImageObject","inLanguage":"fr-FR","@id":"https:\/\/www.fernco.de\/fr#\/schema\/logo\/image\/","url":"https:\/\/www.fernco.de\/wp-content\/uploads\/2022\/06\/fernco-logo.png","contentUrl":"https:\/\/www.fernco.de\/wp-content\/uploads\/2022\/06\/fernco-logo.png","width":287,"height":50,"caption":"Fernco GmbH"},"image":{"@id":"https:\/\/www.fernco.de\/fr#\/schema\/logo\/image\/"},"sameAs":["https:\/\/www.facebook.com\/Flexseal","https:\/\/x.com\/FlexsealUK"]}]}},"_links":{"self":[{"href":"https:\/\/www.fernco.de\/fr\/wp-json\/wp\/v2\/pages\/29542"}],"collection":[{"href":"https:\/\/www.fernco.de\/fr\/wp-json\/wp\/v2\/pages"}],"about":[{"href":"https:\/\/www.fernco.de\/fr\/wp-json\/wp\/v2\/types\/page"}],"author":[{"embeddable":true,"href":"https:\/\/www.fernco.de\/fr\/wp-json\/wp\/v2\/users\/1"}],"replies":[{"embeddable":true,"href":"https:\/\/www.fernco.de\/fr\/wp-json\/wp\/v2\/comments?post=29542"}],"version-history":[{"count":8,"href":"https:\/\/www.fernco.de\/fr\/wp-json\/wp\/v2\/pages\/29542\/revisions"}],"predecessor-version":[{"id":36242,"href":"https:\/\/www.fernco.de\/fr\/wp-json\/wp\/v2\/pages\/29542\/revisions\/36242"}],"up":[{"embeddable":true,"href":"https:\/\/www.fernco.de\/fr\/wp-json\/wp\/v2\/pages\/29523"}],"wp:attachment":[{"href":"https:\/\/www.fernco.de\/fr\/wp-json\/wp\/v2\/media?parent=29542"}],"curies":[{"name":"wp","href":"https:\/\/api.w.org\/{rel}","templated":true}]}}