{"id":29548,"date":"2023-12-06T05:36:12","date_gmt":"2023-12-06T05:36:12","guid":{"rendered":"https:\/\/www.fernco.de\/?page_id=29548"},"modified":"2025-06-06T09:06:37","modified_gmt":"2025-06-06T08:06:37","slug":"soudable-ou-toxique","status":"publish","type":"page","link":"https:\/\/www.fernco.de\/fr\/informations-techniques\/soudable-ou-toxique","title":{"rendered":"Soudable ou toxique ?"},"content":{"rendered":"<div class=\"fusion-fullwidth fullwidth-box fusion-builder-row-1 nonhundred-percent-fullwidth non-hundred-percent-height-scrolling\" style=\"--awb-border-radius-top-left:0px;--awb-border-radius-top-right:0px;--awb-border-radius-bottom-right:0px;--awb-border-radius-bottom-left:0px;--awb-flex-wrap:wrap;\" ><div class=\"fusion-builder-row fusion-row\"><div class=\"fusion-layout-column fusion_builder_column fusion-builder-column-0 fusion_builder_column_1_1 1_1 fusion-one-full fusion-column-first fusion-column-last\" style=\"--awb-bg-size:cover;\"><div class=\"fusion-column-wrapper fusion-column-has-shadow fusion-flex-column-wrapper-legacy\"><div class=\"fusion-text fusion-text-1\"><p>Aucune exp\u00e9rience \u00e0 long terme n&rsquo;existe pour les douilles clinch\u00e9es. <strong>En revanche, aucune perte due \u00e0 la corrosion caverneuse n&rsquo;a \u00e9t\u00e9 constat\u00e9e sur les raccords soud\u00e9s depuis les ann\u00e9es 1960.<\/strong> Tous les fabricants de r\u00e9f\u00e9rence soudent leurs raccords aux points soumis \u00e0 de forte contraintes !<\/p>\n<p>Pour garantir la plus grande s\u00e9curit\u00e9 possible dans toutes les applications, Fernco soude tous ses colliers d&rsquo;\u00e9tanch\u00e9it\u00e9 !<\/p>\n<\/div><div class=\"fusion-text fusion-text-2\"><h2 class=\"imagescontainer02\" style=\"text-align: center;\"><strong>Soudage par points :<br \/>\n<\/strong><\/h2>\n<p>Dans le cas du soudage par r\u00e9sistance par points, les pi\u00e8ces \u00e0 assembler sont press\u00e9es en des points sp\u00e9cifiques \u00e0 l&rsquo;aide d&rsquo;\u00e9lectrodes en cuivre refroidies \u00e0 l&rsquo;eau. \u00c0 ces points de contact, le courant passe d&rsquo;une \u00e9lectrode \u00e0 l&rsquo;autre. En raison de la r\u00e9sistance \u00e9lectrique entre les plaques, la mat\u00e9riau se r\u00e9chauffe et fond, formant ainsi un point de soudure en forme de lentille. Pour un soudage par r\u00e9sistance efficace, il est n\u00e9cessaire d&rsquo;ajuster plusieurs param\u00e8tres : la dur\u00e9e de soudage, l&rsquo;intensit\u00e9 du courant, la pression exerc\u00e9e sur les mat\u00e9riaux et les dimensions des points de soudure<\/p>\n<\/div><div class=\"fusion-text fusion-text-3\"><h2 class=\"imagescontainer02\" style=\"text-align: center;\"><strong>Clinchage TOX :<br \/>\n<\/strong><\/h2>\n<p>Le clinchage est un proc\u00e9d\u00e9 brevet\u00e9 par la soci\u00e9t\u00e9 TOX Pressotechnik, con\u00e7u pour assembler de mani\u00e8re \u00e9conomique des feuilles d&rsquo;aluminium de faible et moyenne \u00e9paisseur, en alternative au soudage, vissage, rivetage, collage etc. Pour cette m\u00e9thode, les plaques \u00e0 assembler sont press\u00e9es dans une matrice \u00e0 l&rsquo;aide d&rsquo;un poin\u00e7on. Sous l&rsquo;effet de la force exerc\u00e9e, la mat\u00e9riau des plaques se d\u00e9forme et s&rsquo;\u00e9coule dans une contre-d\u00e9pouille. Il en r\u00e9sulte une solide liaison ressemblant \u00e0 un bouton-pression qui maintient les deux plaques ensemble. Ce proc\u00e9d\u00e9 a \u00e9t\u00e9 utilis\u00e9 pour la premi\u00e8re fois lors de la production en s\u00e9rie de l&rsquo;Audi A2. Le bon comportement \u00e0 l&rsquo;\u00e9coulement de l&rsquo;ALUMINIUM (et non de l&rsquo;acier) favorise cette technique d&rsquo;assemblage.<\/p>\n<\/div><div class=\"fusion-text fusion-text-4\"><h2 style=\"text-align: center;\"><strong>Avantages et inconv\u00e9nients :<br \/>\n<\/strong><\/h2>\n<p>Le seul avantage notable du clinchage est l&rsquo;efficacit\u00e9 \u00e9conomique du processus, qui n&rsquo;est valable que pour l&rsquo;assemblage de l&rsquo;aluminium. Ce b\u00e9n\u00e9fice repose sur la durabilit\u00e9 des outils, une demande \u00e9nerg\u00e9tique l\u00e9g\u00e8rement inf\u00e9rieure, et les co\u00fbts d&rsquo;exploitation r\u00e9duits qui en r\u00e9sultent.<\/p>\n<p>L&rsquo;acier utilis\u00e9 pour les colliers d&rsquo;\u00e9tanch\u00e9it\u00e9 est beaucoup plus ductile et dur, ce qui n\u00e9cessite une pression plus \u00e9lev\u00e9e pour l&rsquo;assemblage. Par cons\u00e9quent, la durabilit\u00e9 des outils diminue consid\u00e9rablement !<\/p>\n<p><strong>LES PROBL\u00c8MES DE CORROSION \u00c9VOQU\u00c9S QUI APPARA\u00ceTRAIENT LORS DU SOUDAGE PAR POINTS PEUVENT \u00caTRE N\u00c9GLIG\u00c9S POUR NOS PRODUITS (RACCORDS POUR EAUX US\u00c9ES) !<\/strong> Cette corrosion ne survient que dans des environnements pr\u00e9sentant une teneur \u00e9lev\u00e9e en chlorures, comme les sols contamin\u00e9s, l&rsquo;eau de mer et les terrains soumis aux mar\u00e9es. Une modification structurelle v\u00e9rifiable ne peut \u00eatre d\u00e9tect\u00e9e que si l&rsquo;influence de la temp\u00e9rature dure plus d&rsquo;une minute. Ce n&rsquo;est PAS le cas pour le soudage par points. M\u00eame si l&rsquo;assemblage est utilis\u00e9 sur un sol acide et subit une action corrosive en surface, cela n&rsquo;a AUCUNE influence significative sur la r\u00e9sistance \u00e0 la traction !<\/p>\n<p><em><strong>Des tests internes sur les connexions clinch\u00e9es ont montr\u00e9 une stabilit\u00e9 inf\u00e9rieure lors de certains essais de traction !<\/strong><\/em><\/p>\n<p>M\u00eame nos concurrents soudent leurs raccords aux points soumis \u00e0 de fortes contraintes (bande de tesnion : c&rsquo;est l\u00e0 que la pression s&rsquo;exerce sur le tuyau pour le rendre \u00e9tanche). En revanche, l&rsquo;assemblage n&rsquo;est clinch\u00e9 que sur la bande de cisaillement, qui est moins sollicit\u00e9e !<\/p>\n<p>Vous trouverez ci-dessous des informations d\u00e9taill\u00e9es :<\/p>\n<ul>\n<li><em>Korrosionshandbuch f\u00fcr rostfreie St\u00e4hle<\/em> (ISBN: 91-630-2122-6) &#8211; Manuel de corrosion des aciers inoxydables<\/li>\n<li>Work of reference: Nickel Institutes: <em>\u00ab\u00a0Umformen von Edelst\u00e4hlen f\u00fcr die Wasserwirtschaft\u00a0\u00bb<\/em> &#8211; Formage des aciers inoxydables pour la gestion de l&rsquo;eau<\/li>\n<\/ul>\n<\/div><div class=\"fusion-clearfix\"><\/div><\/div><\/div><\/div><\/div>\n","protected":false},"excerpt":{"rendered":"","protected":false},"author":3,"featured_media":0,"parent":29523,"menu_order":4,"comment_status":"open","ping_status":"closed","template":"","meta":{"_acf_changed":false,"_mi_skip_tracking":false,"_monsterinsights_sitenote_active":false,"_monsterinsights_sitenote_note":"","_monsterinsights_sitenote_category":0,"footnotes":""},"acf":[],"yoast_head":"<!-- This site is optimized with the Yoast SEO plugin v22.7 - https:\/\/yoast.com\/wordpress\/plugins\/seo\/ -->\n<title>Soudable ou toxique ? | Fernco<\/title>\n<meta name=\"description\" content=\"S\u00e9curit\u00e9 maximale gr\u00e2ce au soudage de tous les raccords : Si le clinchage est rentable, le soudage assure la durabilit\u00e9 et la r\u00e9sistance \u00e0 la corrosion.\" \/>\n<meta name=\"robots\" content=\"index, follow, max-snippet:-1, max-image-preview:large, max-video-preview:-1\" \/>\n<link rel=\"canonical\" href=\"https:\/\/www.fernco.de\/fr\/informations-techniques\/soudable-ou-toxique\" \/>\n<meta property=\"og:locale\" content=\"fr_FR\" \/>\n<meta property=\"og:type\" content=\"article\" \/>\n<meta property=\"og:title\" content=\"Soudable ou toxique ? | Fernco\" \/>\n<meta property=\"og:description\" content=\"S\u00e9curit\u00e9 maximale gr\u00e2ce au soudage de tous les raccords : Si le clinchage est rentable, le soudage assure la durabilit\u00e9 et la r\u00e9sistance \u00e0 la corrosion.\" \/>\n<meta property=\"og:url\" content=\"https:\/\/www.fernco.de\/fr\/informations-techniques\/soudable-ou-toxique\" \/>\n<meta property=\"og:site_name\" content=\"Fernco\" \/>\n<meta property=\"article:publisher\" content=\"https:\/\/www.facebook.com\/Flexseal\" \/>\n<meta property=\"article:modified_time\" content=\"2025-06-06T08:06:37+00:00\" \/>\n<meta name=\"twitter:card\" content=\"summary_large_image\" \/>\n<meta name=\"twitter:site\" content=\"@FlexsealUK\" \/>\n<meta name=\"twitter:label1\" content=\"Dur\u00e9e de lecture estim\u00e9e\" \/>\n\t<meta name=\"twitter:data1\" content=\"4 minutes\" \/>\n<script type=\"application\/ld+json\" class=\"yoast-schema-graph\">{\"@context\":\"https:\/\/schema.org\",\"@graph\":[{\"@type\":\"WebPage\",\"@id\":\"https:\/\/www.fernco.de\/fr\/informations-techniques\/soudable-ou-toxique\",\"url\":\"https:\/\/www.fernco.de\/fr\/informations-techniques\/soudable-ou-toxique\",\"name\":\"Soudable ou toxique ? | Fernco\",\"isPartOf\":{\"@id\":\"https:\/\/www.fernco.de\/fr#website\"},\"datePublished\":\"2023-12-06T05:36:12+00:00\",\"dateModified\":\"2025-06-06T08:06:37+00:00\",\"description\":\"S\u00e9curit\u00e9 maximale gr\u00e2ce au soudage de tous les raccords : Si le clinchage est rentable, le soudage assure la durabilit\u00e9 et la r\u00e9sistance \u00e0 la corrosion.\",\"breadcrumb\":{\"@id\":\"https:\/\/www.fernco.de\/fr\/informations-techniques\/soudable-ou-toxique#breadcrumb\"},\"inLanguage\":\"fr-FR\",\"potentialAction\":[{\"@type\":\"ReadAction\",\"target\":[\"https:\/\/www.fernco.de\/fr\/informations-techniques\/soudable-ou-toxique\"]}]},{\"@type\":\"BreadcrumbList\",\"@id\":\"https:\/\/www.fernco.de\/fr\/informations-techniques\/soudable-ou-toxique#breadcrumb\",\"itemListElement\":[{\"@type\":\"ListItem\",\"position\":1,\"name\":\"Home\",\"item\":\"https:\/\/www.fernco.de\/fr\"},{\"@type\":\"ListItem\",\"position\":2,\"name\":\"Informations techniques\",\"item\":\"https:\/\/www.fernco.de\/fr\/informations-techniques\"},{\"@type\":\"ListItem\",\"position\":3,\"name\":\"Soudable ou toxique ?\"}]},{\"@type\":\"WebSite\",\"@id\":\"https:\/\/www.fernco.de\/fr#website\",\"url\":\"https:\/\/www.fernco.de\/fr\",\"name\":\"Fernco\",\"description\":\"Flexible Couplings, Drainage &amp; Plumbing Systems\",\"publisher\":{\"@id\":\"https:\/\/www.fernco.de\/fr#organization\"},\"potentialAction\":[{\"@type\":\"SearchAction\",\"target\":{\"@type\":\"EntryPoint\",\"urlTemplate\":\"https:\/\/www.fernco.de\/fr?s={search_term_string}\"},\"query-input\":\"required name=search_term_string\"}],\"inLanguage\":\"fr-FR\"},{\"@type\":\"Organization\",\"@id\":\"https:\/\/www.fernco.de\/fr#organization\",\"name\":\"Fernco GmbH\",\"alternateName\":\"Fernco\",\"url\":\"https:\/\/www.fernco.de\/fr\",\"logo\":{\"@type\":\"ImageObject\",\"inLanguage\":\"fr-FR\",\"@id\":\"https:\/\/www.fernco.de\/fr#\/schema\/logo\/image\/\",\"url\":\"https:\/\/www.fernco.de\/wp-content\/uploads\/2022\/06\/fernco-logo.png\",\"contentUrl\":\"https:\/\/www.fernco.de\/wp-content\/uploads\/2022\/06\/fernco-logo.png\",\"width\":287,\"height\":50,\"caption\":\"Fernco GmbH\"},\"image\":{\"@id\":\"https:\/\/www.fernco.de\/fr#\/schema\/logo\/image\/\"},\"sameAs\":[\"https:\/\/www.facebook.com\/Flexseal\",\"https:\/\/x.com\/FlexsealUK\"]}]}<\/script>\n<!-- \/ Yoast SEO plugin. -->","yoast_head_json":{"title":"Soudable ou toxique ? | Fernco","description":"S\u00e9curit\u00e9 maximale gr\u00e2ce au soudage de tous les raccords : Si le clinchage est rentable, le soudage assure la durabilit\u00e9 et la r\u00e9sistance \u00e0 la corrosion.","robots":{"index":"index","follow":"follow","max-snippet":"max-snippet:-1","max-image-preview":"max-image-preview:large","max-video-preview":"max-video-preview:-1"},"canonical":"https:\/\/www.fernco.de\/fr\/informations-techniques\/soudable-ou-toxique","og_locale":"fr_FR","og_type":"article","og_title":"Soudable ou toxique ? | Fernco","og_description":"S\u00e9curit\u00e9 maximale gr\u00e2ce au soudage de tous les raccords : Si le clinchage est rentable, le soudage assure la durabilit\u00e9 et la r\u00e9sistance \u00e0 la corrosion.","og_url":"https:\/\/www.fernco.de\/fr\/informations-techniques\/soudable-ou-toxique","og_site_name":"Fernco","article_publisher":"https:\/\/www.facebook.com\/Flexseal","article_modified_time":"2025-06-06T08:06:37+00:00","twitter_card":"summary_large_image","twitter_site":"@FlexsealUK","twitter_misc":{"Dur\u00e9e de lecture estim\u00e9e":"4 minutes"},"schema":{"@context":"https:\/\/schema.org","@graph":[{"@type":"WebPage","@id":"https:\/\/www.fernco.de\/fr\/informations-techniques\/soudable-ou-toxique","url":"https:\/\/www.fernco.de\/fr\/informations-techniques\/soudable-ou-toxique","name":"Soudable ou toxique ? | Fernco","isPartOf":{"@id":"https:\/\/www.fernco.de\/fr#website"},"datePublished":"2023-12-06T05:36:12+00:00","dateModified":"2025-06-06T08:06:37+00:00","description":"S\u00e9curit\u00e9 maximale gr\u00e2ce au soudage de tous les raccords : Si le clinchage est rentable, le soudage assure la durabilit\u00e9 et la r\u00e9sistance \u00e0 la corrosion.","breadcrumb":{"@id":"https:\/\/www.fernco.de\/fr\/informations-techniques\/soudable-ou-toxique#breadcrumb"},"inLanguage":"fr-FR","potentialAction":[{"@type":"ReadAction","target":["https:\/\/www.fernco.de\/fr\/informations-techniques\/soudable-ou-toxique"]}]},{"@type":"BreadcrumbList","@id":"https:\/\/www.fernco.de\/fr\/informations-techniques\/soudable-ou-toxique#breadcrumb","itemListElement":[{"@type":"ListItem","position":1,"name":"Home","item":"https:\/\/www.fernco.de\/fr"},{"@type":"ListItem","position":2,"name":"Informations techniques","item":"https:\/\/www.fernco.de\/fr\/informations-techniques"},{"@type":"ListItem","position":3,"name":"Soudable ou toxique ?"}]},{"@type":"WebSite","@id":"https:\/\/www.fernco.de\/fr#website","url":"https:\/\/www.fernco.de\/fr","name":"Fernco","description":"Flexible Couplings, Drainage &amp; Plumbing Systems","publisher":{"@id":"https:\/\/www.fernco.de\/fr#organization"},"potentialAction":[{"@type":"SearchAction","target":{"@type":"EntryPoint","urlTemplate":"https:\/\/www.fernco.de\/fr?s={search_term_string}"},"query-input":"required name=search_term_string"}],"inLanguage":"fr-FR"},{"@type":"Organization","@id":"https:\/\/www.fernco.de\/fr#organization","name":"Fernco GmbH","alternateName":"Fernco","url":"https:\/\/www.fernco.de\/fr","logo":{"@type":"ImageObject","inLanguage":"fr-FR","@id":"https:\/\/www.fernco.de\/fr#\/schema\/logo\/image\/","url":"https:\/\/www.fernco.de\/wp-content\/uploads\/2022\/06\/fernco-logo.png","contentUrl":"https:\/\/www.fernco.de\/wp-content\/uploads\/2022\/06\/fernco-logo.png","width":287,"height":50,"caption":"Fernco GmbH"},"image":{"@id":"https:\/\/www.fernco.de\/fr#\/schema\/logo\/image\/"},"sameAs":["https:\/\/www.facebook.com\/Flexseal","https:\/\/x.com\/FlexsealUK"]}]}},"_links":{"self":[{"href":"https:\/\/www.fernco.de\/fr\/wp-json\/wp\/v2\/pages\/29548"}],"collection":[{"href":"https:\/\/www.fernco.de\/fr\/wp-json\/wp\/v2\/pages"}],"about":[{"href":"https:\/\/www.fernco.de\/fr\/wp-json\/wp\/v2\/types\/page"}],"author":[{"embeddable":true,"href":"https:\/\/www.fernco.de\/fr\/wp-json\/wp\/v2\/users\/3"}],"replies":[{"embeddable":true,"href":"https:\/\/www.fernco.de\/fr\/wp-json\/wp\/v2\/comments?post=29548"}],"version-history":[{"count":1,"href":"https:\/\/www.fernco.de\/fr\/wp-json\/wp\/v2\/pages\/29548\/revisions"}],"predecessor-version":[{"id":35969,"href":"https:\/\/www.fernco.de\/fr\/wp-json\/wp\/v2\/pages\/29548\/revisions\/35969"}],"up":[{"embeddable":true,"href":"https:\/\/www.fernco.de\/fr\/wp-json\/wp\/v2\/pages\/29523"}],"wp:attachment":[{"href":"https:\/\/www.fernco.de\/fr\/wp-json\/wp\/v2\/media?parent=29548"}],"curies":[{"name":"wp","href":"https:\/\/api.w.org\/{rel}","templated":true}]}}