{"id":29681,"date":"2023-12-06T08:17:43","date_gmt":"2023-12-06T08:17:43","guid":{"rendered":"https:\/\/www.fernco.de\/?page_id=29681"},"modified":"2025-11-28T09:29:32","modified_gmt":"2025-11-28T09:29:32","slug":"imprimer","status":"publish","type":"page","link":"https:\/\/www.fernco.de\/fr\/home\/imprimer","title":{"rendered":"Mentions l\u00e9gales"},"content":{"rendered":"<div class=\"fusion-fullwidth fullwidth-box fusion-builder-row-1 nonhundred-percent-fullwidth non-hundred-percent-height-scrolling\" style=\"--awb-border-radius-top-left:0px;--awb-border-radius-top-right:0px;--awb-border-radius-bottom-right:0px;--awb-border-radius-bottom-left:0px;--awb-flex-wrap:wrap;\" ><div class=\"fusion-builder-row fusion-row\"><div class=\"fusion-layout-column fusion_builder_column fusion-builder-column-0 fusion_builder_column_1_1 1_1 fusion-one-full fusion-column-first fusion-column-last\" style=\"--awb-bg-size:cover;\"><div class=\"fusion-column-wrapper fusion-column-has-shadow fusion-flex-column-wrapper-legacy\"><div class=\"fusion-text fusion-text-1\"><p>Fernco GmbH<br \/>\nHessenring 31<br \/>\n37269 Eschwege<\/p>\n<p><strong>T\u00e9l\u00e9phone<\/strong>: +49-(0)5651-2296400<br \/>\n<strong>Email <\/strong>: impressum@fernco.de<\/p>\n<p><strong>Pour toute demande de renseignements ou commandes, veuillez contacter<\/strong> :<br \/>\nanfrage@fernco.de<br \/>\nsales@fernco.de<br \/>\nou <a href=\"https:\/\/www.fernco.de\/en\/contact\"><strong>Demande rapide <\/strong>(pour requ\u00eates g\u00e9n\u00e9rales)<\/a><\/p>\n<p><strong>Site internet <\/strong>:\u00a0<a href=\"https:\/\/www.fernco.de\/?lang=de\">www.fernco.de<\/a><\/p>\n<p><strong>Directeurs g\u00e9n\u00e9raux<\/strong> : Michael Penalver Giar, Christopher Cooper<br \/>\n<strong>Adresse <\/strong>: voir ci-dessus<\/p>\n<p><strong>Tribunal d&rsquo;enregistrement <\/strong>: Amtsgericht Eschwege<br \/>\n<strong>Num\u00e9ro d&rsquo;enregistrement <\/strong>: HRB 1799<br \/>\n<strong>Num\u00e9ro d&rsquo;identification TVA <\/strong>: DE 811 851 481<\/p>\n<p><strong>Responsable du contenu <\/strong>conform\u00e9ment au paragraphe 10, alin\u00e9a 3, MDStV : Jana Viereck<br \/>\n<strong>Adresse <\/strong>: voir ci-dessus<\/p>\n<p><strong>Clause de non-responsabilit\u00e9<\/strong> : Malgr\u00e9 un contr\u00f4le rigoureux du contenu, nous d\u00e9clinons toute responsabilit\u00e9 quant au contenu des liens externes. Les exploitants des pages li\u00e9es sont seuls responsables de leur contenu. Tous les droits d&rsquo;image sont d\u00e9tenus par Fernco GmbH.<\/p>\n<\/div><div class=\"fusion-clearfix\"><\/div><\/div><\/div><\/div><\/div>\n","protected":false},"excerpt":{"rendered":"","protected":false},"author":3,"featured_media":0,"parent":29058,"menu_order":0,"comment_status":"closed","ping_status":"closed","template":"","meta":{"_acf_changed":false,"_mi_skip_tracking":false,"_monsterinsights_sitenote_active":false,"_monsterinsights_sitenote_note":"","_monsterinsights_sitenote_category":0,"footnotes":""},"acf":[],"yoast_head":"<!-- This site is optimized with the Yoast SEO plugin v22.7 - https:\/\/yoast.com\/wordpress\/plugins\/seo\/ -->\n<title>Mentions l\u00e9gales | Fernco<\/title>\n<meta name=\"description\" content=\"Mentions l\u00e9gales de Fernco GmbH, dont le si\u00e8ge social est situ\u00e9 \u00e0 D-37269 Eschwege, Hessenring 31.\" \/>\n<meta name=\"robots\" content=\"index, follow, max-snippet:-1, max-image-preview:large, max-video-preview:-1\" \/>\n<link rel=\"canonical\" href=\"https:\/\/www.fernco.de\/fr\/home\/imprimer\" \/>\n<meta property=\"og:locale\" content=\"fr_FR\" \/>\n<meta property=\"og:type\" content=\"article\" \/>\n<meta property=\"og:title\" content=\"Mentions l\u00e9gales | Fernco\" \/>\n<meta property=\"og:description\" content=\"Mentions l\u00e9gales de Fernco GmbH, dont le si\u00e8ge social est situ\u00e9 \u00e0 D-37269 Eschwege, Hessenring 31.\" \/>\n<meta property=\"og:url\" content=\"https:\/\/www.fernco.de\/fr\/home\/imprimer\" \/>\n<meta property=\"og:site_name\" content=\"Fernco\" \/>\n<meta property=\"article:publisher\" content=\"https:\/\/www.facebook.com\/Flexseal\" \/>\n<meta property=\"article:modified_time\" content=\"2025-11-28T09:29:32+00:00\" \/>\n<meta name=\"twitter:card\" content=\"summary_large_image\" \/>\n<meta name=\"twitter:site\" content=\"@FlexsealUK\" \/>\n<meta name=\"twitter:label1\" content=\"Dur\u00e9e de lecture estim\u00e9e\" \/>\n\t<meta name=\"twitter:data1\" content=\"1 minute\" \/>\n<script type=\"application\/ld+json\" class=\"yoast-schema-graph\">{\"@context\":\"https:\/\/schema.org\",\"@graph\":[{\"@type\":\"WebPage\",\"@id\":\"https:\/\/www.fernco.de\/fr\/home\/imprimer\",\"url\":\"https:\/\/www.fernco.de\/fr\/home\/imprimer\",\"name\":\"Mentions l\u00e9gales | Fernco\",\"isPartOf\":{\"@id\":\"https:\/\/www.fernco.de\/fr#website\"},\"datePublished\":\"2023-12-06T08:17:43+00:00\",\"dateModified\":\"2025-11-28T09:29:32+00:00\",\"description\":\"Mentions l\u00e9gales de Fernco GmbH, dont le si\u00e8ge social est situ\u00e9 \u00e0 D-37269 Eschwege, Hessenring 31.\",\"breadcrumb\":{\"@id\":\"https:\/\/www.fernco.de\/fr\/home\/imprimer#breadcrumb\"},\"inLanguage\":\"fr-FR\",\"potentialAction\":[{\"@type\":\"ReadAction\",\"target\":[\"https:\/\/www.fernco.de\/fr\/home\/imprimer\"]}]},{\"@type\":\"BreadcrumbList\",\"@id\":\"https:\/\/www.fernco.de\/fr\/home\/imprimer#breadcrumb\",\"itemListElement\":[{\"@type\":\"ListItem\",\"position\":1,\"name\":\"Home\",\"item\":\"https:\/\/www.fernco.de\/fr\"},{\"@type\":\"ListItem\",\"position\":2,\"name\":\"Accueil\",\"item\":\"https:\/\/www.fernco.de\/fr\"},{\"@type\":\"ListItem\",\"position\":3,\"name\":\"Mentions l\u00e9gales\"}]},{\"@type\":\"WebSite\",\"@id\":\"https:\/\/www.fernco.de\/fr#website\",\"url\":\"https:\/\/www.fernco.de\/fr\",\"name\":\"Fernco\",\"description\":\"Flexible Couplings, Drainage &amp; Plumbing Systems\",\"publisher\":{\"@id\":\"https:\/\/www.fernco.de\/fr#organization\"},\"potentialAction\":[{\"@type\":\"SearchAction\",\"target\":{\"@type\":\"EntryPoint\",\"urlTemplate\":\"https:\/\/www.fernco.de\/fr?s={search_term_string}\"},\"query-input\":\"required name=search_term_string\"}],\"inLanguage\":\"fr-FR\"},{\"@type\":\"Organization\",\"@id\":\"https:\/\/www.fernco.de\/fr#organization\",\"name\":\"Fernco GmbH\",\"alternateName\":\"Fernco\",\"url\":\"https:\/\/www.fernco.de\/fr\",\"logo\":{\"@type\":\"ImageObject\",\"inLanguage\":\"fr-FR\",\"@id\":\"https:\/\/www.fernco.de\/fr#\/schema\/logo\/image\/\",\"url\":\"https:\/\/www.fernco.de\/wp-content\/uploads\/2022\/06\/fernco-logo.png\",\"contentUrl\":\"https:\/\/www.fernco.de\/wp-content\/uploads\/2022\/06\/fernco-logo.png\",\"width\":287,\"height\":50,\"caption\":\"Fernco GmbH\"},\"image\":{\"@id\":\"https:\/\/www.fernco.de\/fr#\/schema\/logo\/image\/\"},\"sameAs\":[\"https:\/\/www.facebook.com\/Flexseal\",\"https:\/\/x.com\/FlexsealUK\"]}]}<\/script>\n<!-- \/ Yoast SEO plugin. -->","yoast_head_json":{"title":"Mentions l\u00e9gales | Fernco","description":"Mentions l\u00e9gales de Fernco GmbH, dont le si\u00e8ge social est situ\u00e9 \u00e0 D-37269 Eschwege, Hessenring 31.","robots":{"index":"index","follow":"follow","max-snippet":"max-snippet:-1","max-image-preview":"max-image-preview:large","max-video-preview":"max-video-preview:-1"},"canonical":"https:\/\/www.fernco.de\/fr\/home\/imprimer","og_locale":"fr_FR","og_type":"article","og_title":"Mentions l\u00e9gales | Fernco","og_description":"Mentions l\u00e9gales de Fernco GmbH, dont le si\u00e8ge social est situ\u00e9 \u00e0 D-37269 Eschwege, Hessenring 31.","og_url":"https:\/\/www.fernco.de\/fr\/home\/imprimer","og_site_name":"Fernco","article_publisher":"https:\/\/www.facebook.com\/Flexseal","article_modified_time":"2025-11-28T09:29:32+00:00","twitter_card":"summary_large_image","twitter_site":"@FlexsealUK","twitter_misc":{"Dur\u00e9e de lecture estim\u00e9e":"1 minute"},"schema":{"@context":"https:\/\/schema.org","@graph":[{"@type":"WebPage","@id":"https:\/\/www.fernco.de\/fr\/home\/imprimer","url":"https:\/\/www.fernco.de\/fr\/home\/imprimer","name":"Mentions l\u00e9gales | Fernco","isPartOf":{"@id":"https:\/\/www.fernco.de\/fr#website"},"datePublished":"2023-12-06T08:17:43+00:00","dateModified":"2025-11-28T09:29:32+00:00","description":"Mentions l\u00e9gales de Fernco GmbH, dont le si\u00e8ge social est situ\u00e9 \u00e0 D-37269 Eschwege, Hessenring 31.","breadcrumb":{"@id":"https:\/\/www.fernco.de\/fr\/home\/imprimer#breadcrumb"},"inLanguage":"fr-FR","potentialAction":[{"@type":"ReadAction","target":["https:\/\/www.fernco.de\/fr\/home\/imprimer"]}]},{"@type":"BreadcrumbList","@id":"https:\/\/www.fernco.de\/fr\/home\/imprimer#breadcrumb","itemListElement":[{"@type":"ListItem","position":1,"name":"Home","item":"https:\/\/www.fernco.de\/fr"},{"@type":"ListItem","position":2,"name":"Accueil","item":"https:\/\/www.fernco.de\/fr"},{"@type":"ListItem","position":3,"name":"Mentions l\u00e9gales"}]},{"@type":"WebSite","@id":"https:\/\/www.fernco.de\/fr#website","url":"https:\/\/www.fernco.de\/fr","name":"Fernco","description":"Flexible Couplings, Drainage &amp; Plumbing Systems","publisher":{"@id":"https:\/\/www.fernco.de\/fr#organization"},"potentialAction":[{"@type":"SearchAction","target":{"@type":"EntryPoint","urlTemplate":"https:\/\/www.fernco.de\/fr?s={search_term_string}"},"query-input":"required name=search_term_string"}],"inLanguage":"fr-FR"},{"@type":"Organization","@id":"https:\/\/www.fernco.de\/fr#organization","name":"Fernco GmbH","alternateName":"Fernco","url":"https:\/\/www.fernco.de\/fr","logo":{"@type":"ImageObject","inLanguage":"fr-FR","@id":"https:\/\/www.fernco.de\/fr#\/schema\/logo\/image\/","url":"https:\/\/www.fernco.de\/wp-content\/uploads\/2022\/06\/fernco-logo.png","contentUrl":"https:\/\/www.fernco.de\/wp-content\/uploads\/2022\/06\/fernco-logo.png","width":287,"height":50,"caption":"Fernco GmbH"},"image":{"@id":"https:\/\/www.fernco.de\/fr#\/schema\/logo\/image\/"},"sameAs":["https:\/\/www.facebook.com\/Flexseal","https:\/\/x.com\/FlexsealUK"]}]}},"_links":{"self":[{"href":"https:\/\/www.fernco.de\/fr\/wp-json\/wp\/v2\/pages\/29681"}],"collection":[{"href":"https:\/\/www.fernco.de\/fr\/wp-json\/wp\/v2\/pages"}],"about":[{"href":"https:\/\/www.fernco.de\/fr\/wp-json\/wp\/v2\/types\/page"}],"author":[{"embeddable":true,"href":"https:\/\/www.fernco.de\/fr\/wp-json\/wp\/v2\/users\/3"}],"replies":[{"embeddable":true,"href":"https:\/\/www.fernco.de\/fr\/wp-json\/wp\/v2\/comments?post=29681"}],"version-history":[{"count":3,"href":"https:\/\/www.fernco.de\/fr\/wp-json\/wp\/v2\/pages\/29681\/revisions"}],"predecessor-version":[{"id":36875,"href":"https:\/\/www.fernco.de\/fr\/wp-json\/wp\/v2\/pages\/29681\/revisions\/36875"}],"up":[{"embeddable":true,"href":"https:\/\/www.fernco.de\/fr\/wp-json\/wp\/v2\/pages\/29058"}],"wp:attachment":[{"href":"https:\/\/www.fernco.de\/fr\/wp-json\/wp\/v2\/media?parent=29681"}],"curies":[{"name":"wp","href":"https:\/\/api.w.org\/{rel}","templated":true}]}}