{"id":28969,"date":"2019-04-26T14:21:55","date_gmt":"2023-11-22T09:54:39","guid":{"rendered":"https:\/\/www.fernco.de\/?post_type=product&#038;p=28969"},"modified":"2026-03-11T11:16:58","modified_gmt":"2026-03-11T11:16:58","slug":"conduites-forcees","status":"publish","type":"product","link":"https:\/\/www.fernco.de\/fr\/produit\/conduites-forcees","title":{"rendered":"PS \u2013 Vannes \u00e0 Guillotine"},"content":{"rendered":"<p>PS100 PS150 PS200 PS250 PS300 PS400 PS500 PS600<br \/>\nPSTK PSGB PSHW PSES500 PSES750 PSES1000 PSES1500 PSES2000 PSES2500 PSES3000 PSES3500 PSES4000<br \/>\nAbsperrschieber Penstocks Vannes Murales \u00e0 Guillotine Zasuwa no\u017cowa<\/p>\n<p>T-Schl\u00fcssel F\u00fchrungsb\u00fcgel Wandhalterung Verl\u00e4ngerungsspindel Handrad chemische Verankerungselemente<br \/>\nAbsperrschieber Wasser Abwassersysteme PS schwarz Edelstahl UV-stabil korrosionsbest\u00e4ndig<br \/>\nWasserstra\u00dfen Kraftwerke Industrieabwasseranlagen Wasserkraftwerke Kl\u00e4ranlagen Entw\u00e4sserungsanlagen Hochwasserschutz<br \/>\nEdelstahl V2A (1.4301) V4A (1.4404) HMPE HDPE PTFE POM Bronze<br \/>\nT-key guide bracket wall bracket extension spindle handwheel chemical anchoring elements<br \/>\ngate valves water sewage systems PS black stainless steel UV-stable corrosion resistant<br \/>\nwaterways power plants industrial waste water systems hydroelectric power plants sewage treatment plants drainage systems flood protection<br \/>\nCl\u00e9 en T support de guidage support mural tige d&rsquo;extension volant manuel \u00e9l\u00e9ments d&rsquo;ancrage chimique<br \/>\nrobinets-vannes eau syst\u00e8mes d&rsquo;assainissement PS noir acier inoxydable stable aux UV r\u00e9sistant \u00e0 la corrosion<br \/>\nvoies navigables centrales \u00e9lectriques syst\u00e8mes de traitement des eaux us\u00e9es industrielles centrales hydro\u00e9lectriques stations d&rsquo;\u00e9puration syst\u00e8mes de drainage protection contre les inondations<br \/>\nklucz T wspornik prowadnicy wspornik \u015bcienny przed\u0142u\u017cenie wrzeciona pokr\u0119t\u0142o chemiczne elementy kotwi\u0105ce<br \/>\nzasuwy wodoci\u0105gi kanalizacja PS stal nierdzewna czarna odporna na promieniowanie UV odporna na korozj\u0119<br \/>\ndrogi wodne elektrownie przemys\u0142owe systemy \u015bciekowe elektrownie wodne oczyszczalnie \u015bciek\u00f3w systemy odwadniaj\u0105ce ochrona przeciwpowodziowa<\/p>\n<p>V2A 1.4301 304 W4 Edelstahl Stahl rostfrei Metall Stainless steel Metal rust free Acier inoxydable M\u00e9tal Stal Nierdzwena<br \/>\nV4A 1.4404 1.4401 316 W5 Edelstahl Stahl rostfrei Metall seewasser best\u00e4ndig salzwasser meer k\u00fcsten schiffahrt coast sea ocean salt water ship shipping r\u00e9sistant \u00e0 l&rsquo;eau de mer eau sal\u00e9e navigation Stal Nierdzewna Odporna<br \/>\nHMPE HDPE PTFE POM Bronze<br \/>\nsilber silver srebrny<br \/>\nschwarz black noir czarny<\/p>\n","protected":false},"excerpt":{"rendered":"<p>Les vannes murales en PEHD (poly\u00e9thyl\u00e8ne haute densit\u00e9) Fernco offrent une solution robuste et facile \u00e0 installer pour contr\u00f4ler le flux d&rsquo;eau et des eaux us\u00e9es.<\/p>\n<ul>\n<li>Gamme de vannes murales l\u00e9g\u00e8res<\/li>\n<li>Disponibles en montage mural, lat\u00e9ral ou sur canal<\/li>\n<li>Installation facile et rapide &#8211; sans besoin de coulis entre le cadre et le mur<\/li>\n<li>Les mat\u00e9riaux sont r\u00e9sistants \u00e0 la corrosion<\/li>\n<li>Une construction robuste et rigide<\/li>\n<li>R\u00e9sistante aux UV<\/li>\n<li>Enti\u00e8rement recyclable<\/li>\n<li>Pas ou peu d&rsquo;entretien n\u00e9cessaire<\/li>\n<li>Fabriqu\u00e9e selon la norme DIN 19569-4 classe 5<\/li>\n<\/ul>\n","protected":false},"featured_media":29007,"template":"","meta":{"_acf_changed":false,"_mi_skip_tracking":false,"_monsterinsights_sitenote_active":false,"_monsterinsights_sitenote_note":"","_monsterinsights_sitenote_category":0},"product_cat":[243],"product_tag":[],"acf":[],"yoast_head":"<!-- This site is optimized with the Yoast SEO plugin v22.7 - https:\/\/yoast.com\/wordpress\/plugins\/seo\/ -->\n<title>PS \u2013 Vannes \u00e0 Guillotine | Fernco<\/title>\n<meta name=\"description\" content=\"Les vannes murales en PEHD (poly\u00e9thyl\u00e8ne haute densit\u00e9) Fernco offrent une solution haute r\u00e9sistance et facile \u00e0 installer pour contr\u00f4ler l&#039;\u00e9coulement de l&#039;eau et des eaux us\u00e9es.\" \/>\n<meta name=\"robots\" content=\"index, follow, max-snippet:-1, max-image-preview:large, max-video-preview:-1\" \/>\n<link rel=\"canonical\" href=\"https:\/\/www.fernco.de\/fr\/produit\/conduites-forcees\" \/>\n<meta property=\"og:locale\" content=\"fr_FR\" \/>\n<meta property=\"og:type\" content=\"article\" \/>\n<meta property=\"og:title\" content=\"PS \u2013 Vannes \u00e0 Guillotine | Fernco\" \/>\n<meta property=\"og:description\" content=\"Les vannes murales en PEHD (poly\u00e9thyl\u00e8ne haute densit\u00e9) Fernco offrent une solution haute r\u00e9sistance et facile \u00e0 installer pour contr\u00f4ler l&#039;\u00e9coulement de l&#039;eau et des eaux us\u00e9es.\" \/>\n<meta property=\"og:url\" content=\"https:\/\/www.fernco.de\/fr\/produit\/conduites-forcees\" \/>\n<meta property=\"og:site_name\" content=\"Fernco\" \/>\n<meta property=\"article:publisher\" content=\"https:\/\/www.facebook.com\/Flexseal\" \/>\n<meta property=\"article:modified_time\" content=\"2026-03-11T11:16:58+00:00\" \/>\n<meta property=\"og:image\" content=\"https:\/\/www.fernco.de\/wp-content\/uploads\/2020\/01\/Penstocks-Isolated.png\" \/>\n\t<meta property=\"og:image:width\" content=\"800\" \/>\n\t<meta property=\"og:image:height\" content=\"450\" \/>\n\t<meta property=\"og:image:type\" content=\"image\/png\" \/>\n<meta name=\"twitter:card\" content=\"summary_large_image\" \/>\n<meta name=\"twitter:site\" content=\"@FlexsealUK\" \/>\n<meta name=\"twitter:label1\" content=\"Dur\u00e9e de lecture estim\u00e9e\" \/>\n\t<meta name=\"twitter:data1\" content=\"2 minutes\" \/>\n<script type=\"application\/ld+json\" class=\"yoast-schema-graph\">{\"@context\":\"https:\/\/schema.org\",\"@graph\":[{\"@type\":\"WebPage\",\"@id\":\"https:\/\/www.fernco.de\/fr\/produit\/conduites-forcees\",\"url\":\"https:\/\/www.fernco.de\/fr\/produit\/conduites-forcees\",\"name\":\"PS \u2013 Vannes \u00e0 Guillotine | Fernco\",\"isPartOf\":{\"@id\":\"https:\/\/www.fernco.de\/fr#website\"},\"primaryImageOfPage\":{\"@id\":\"https:\/\/www.fernco.de\/fr\/produit\/conduites-forcees#primaryimage\"},\"image\":{\"@id\":\"https:\/\/www.fernco.de\/fr\/produit\/conduites-forcees#primaryimage\"},\"thumbnailUrl\":\"https:\/\/www.fernco.de\/wp-content\/uploads\/2020\/01\/Penstocks-Isolated.png\",\"datePublished\":\"2023-11-22T09:54:39+00:00\",\"dateModified\":\"2026-03-11T11:16:58+00:00\",\"description\":\"Les vannes murales en PEHD (poly\u00e9thyl\u00e8ne haute densit\u00e9) Fernco offrent une solution haute r\u00e9sistance et facile \u00e0 installer pour contr\u00f4ler l'\u00e9coulement de l'eau et des eaux us\u00e9es.\",\"breadcrumb\":{\"@id\":\"https:\/\/www.fernco.de\/fr\/produit\/conduites-forcees#breadcrumb\"},\"inLanguage\":\"fr-FR\",\"potentialAction\":[{\"@type\":\"ReadAction\",\"target\":[\"https:\/\/www.fernco.de\/fr\/produit\/conduites-forcees\"]}]},{\"@type\":\"ImageObject\",\"inLanguage\":\"fr-FR\",\"@id\":\"https:\/\/www.fernco.de\/fr\/produit\/conduites-forcees#primaryimage\",\"url\":\"https:\/\/www.fernco.de\/wp-content\/uploads\/2020\/01\/Penstocks-Isolated.png\",\"contentUrl\":\"https:\/\/www.fernco.de\/wp-content\/uploads\/2020\/01\/Penstocks-Isolated.png\",\"width\":800,\"height\":450},{\"@type\":\"BreadcrumbList\",\"@id\":\"https:\/\/www.fernco.de\/fr\/produit\/conduites-forcees#breadcrumb\",\"itemListElement\":[{\"@type\":\"ListItem\",\"position\":1,\"name\":\"Home\",\"item\":\"https:\/\/www.fernco.de\/fr\"},{\"@type\":\"ListItem\",\"position\":2,\"name\":\"Produits\",\"item\":\"https:\/\/www.fernco.de\/fr\/shop\"},{\"@type\":\"ListItem\",\"position\":3,\"name\":\"PS \u2013 Vannes \u00e0 Guillotine\"}]},{\"@type\":\"WebSite\",\"@id\":\"https:\/\/www.fernco.de\/fr#website\",\"url\":\"https:\/\/www.fernco.de\/fr\",\"name\":\"Fernco\",\"description\":\"Flexible Couplings, Drainage &amp; Plumbing Systems\",\"publisher\":{\"@id\":\"https:\/\/www.fernco.de\/fr#organization\"},\"potentialAction\":[{\"@type\":\"SearchAction\",\"target\":{\"@type\":\"EntryPoint\",\"urlTemplate\":\"https:\/\/www.fernco.de\/fr?s={search_term_string}\"},\"query-input\":\"required name=search_term_string\"}],\"inLanguage\":\"fr-FR\"},{\"@type\":\"Organization\",\"@id\":\"https:\/\/www.fernco.de\/fr#organization\",\"name\":\"Fernco GmbH\",\"alternateName\":\"Fernco\",\"url\":\"https:\/\/www.fernco.de\/fr\",\"logo\":{\"@type\":\"ImageObject\",\"inLanguage\":\"fr-FR\",\"@id\":\"https:\/\/www.fernco.de\/fr#\/schema\/logo\/image\/\",\"url\":\"https:\/\/www.fernco.de\/wp-content\/uploads\/2022\/06\/fernco-logo.png\",\"contentUrl\":\"https:\/\/www.fernco.de\/wp-content\/uploads\/2022\/06\/fernco-logo.png\",\"width\":287,\"height\":50,\"caption\":\"Fernco GmbH\"},\"image\":{\"@id\":\"https:\/\/www.fernco.de\/fr#\/schema\/logo\/image\/\"},\"sameAs\":[\"https:\/\/www.facebook.com\/Flexseal\",\"https:\/\/x.com\/FlexsealUK\"]}]}<\/script>\n<!-- \/ Yoast SEO plugin. -->","yoast_head_json":{"title":"PS \u2013 Vannes \u00e0 Guillotine | Fernco","description":"Les vannes murales en PEHD (poly\u00e9thyl\u00e8ne haute densit\u00e9) Fernco offrent une solution haute r\u00e9sistance et facile \u00e0 installer pour contr\u00f4ler l'\u00e9coulement de l'eau et des eaux us\u00e9es.","robots":{"index":"index","follow":"follow","max-snippet":"max-snippet:-1","max-image-preview":"max-image-preview:large","max-video-preview":"max-video-preview:-1"},"canonical":"https:\/\/www.fernco.de\/fr\/produit\/conduites-forcees","og_locale":"fr_FR","og_type":"article","og_title":"PS \u2013 Vannes \u00e0 Guillotine | Fernco","og_description":"Les vannes murales en PEHD (poly\u00e9thyl\u00e8ne haute densit\u00e9) Fernco offrent une solution haute r\u00e9sistance et facile \u00e0 installer pour contr\u00f4ler l'\u00e9coulement de l'eau et des eaux us\u00e9es.","og_url":"https:\/\/www.fernco.de\/fr\/produit\/conduites-forcees","og_site_name":"Fernco","article_publisher":"https:\/\/www.facebook.com\/Flexseal","article_modified_time":"2026-03-11T11:16:58+00:00","og_image":[{"width":800,"height":450,"url":"https:\/\/www.fernco.de\/wp-content\/uploads\/2020\/01\/Penstocks-Isolated.png","type":"image\/png"}],"twitter_card":"summary_large_image","twitter_site":"@FlexsealUK","twitter_misc":{"Dur\u00e9e de lecture estim\u00e9e":"2 minutes"},"schema":{"@context":"https:\/\/schema.org","@graph":[{"@type":"WebPage","@id":"https:\/\/www.fernco.de\/fr\/produit\/conduites-forcees","url":"https:\/\/www.fernco.de\/fr\/produit\/conduites-forcees","name":"PS \u2013 Vannes \u00e0 Guillotine | Fernco","isPartOf":{"@id":"https:\/\/www.fernco.de\/fr#website"},"primaryImageOfPage":{"@id":"https:\/\/www.fernco.de\/fr\/produit\/conduites-forcees#primaryimage"},"image":{"@id":"https:\/\/www.fernco.de\/fr\/produit\/conduites-forcees#primaryimage"},"thumbnailUrl":"https:\/\/www.fernco.de\/wp-content\/uploads\/2020\/01\/Penstocks-Isolated.png","datePublished":"2023-11-22T09:54:39+00:00","dateModified":"2026-03-11T11:16:58+00:00","description":"Les vannes murales en PEHD (poly\u00e9thyl\u00e8ne haute densit\u00e9) Fernco offrent une solution haute r\u00e9sistance et facile \u00e0 installer pour contr\u00f4ler l'\u00e9coulement de l'eau et des eaux us\u00e9es.","breadcrumb":{"@id":"https:\/\/www.fernco.de\/fr\/produit\/conduites-forcees#breadcrumb"},"inLanguage":"fr-FR","potentialAction":[{"@type":"ReadAction","target":["https:\/\/www.fernco.de\/fr\/produit\/conduites-forcees"]}]},{"@type":"ImageObject","inLanguage":"fr-FR","@id":"https:\/\/www.fernco.de\/fr\/produit\/conduites-forcees#primaryimage","url":"https:\/\/www.fernco.de\/wp-content\/uploads\/2020\/01\/Penstocks-Isolated.png","contentUrl":"https:\/\/www.fernco.de\/wp-content\/uploads\/2020\/01\/Penstocks-Isolated.png","width":800,"height":450},{"@type":"BreadcrumbList","@id":"https:\/\/www.fernco.de\/fr\/produit\/conduites-forcees#breadcrumb","itemListElement":[{"@type":"ListItem","position":1,"name":"Home","item":"https:\/\/www.fernco.de\/fr"},{"@type":"ListItem","position":2,"name":"Produits","item":"https:\/\/www.fernco.de\/fr\/shop"},{"@type":"ListItem","position":3,"name":"PS \u2013 Vannes \u00e0 Guillotine"}]},{"@type":"WebSite","@id":"https:\/\/www.fernco.de\/fr#website","url":"https:\/\/www.fernco.de\/fr","name":"Fernco","description":"Flexible Couplings, Drainage &amp; Plumbing Systems","publisher":{"@id":"https:\/\/www.fernco.de\/fr#organization"},"potentialAction":[{"@type":"SearchAction","target":{"@type":"EntryPoint","urlTemplate":"https:\/\/www.fernco.de\/fr?s={search_term_string}"},"query-input":"required name=search_term_string"}],"inLanguage":"fr-FR"},{"@type":"Organization","@id":"https:\/\/www.fernco.de\/fr#organization","name":"Fernco GmbH","alternateName":"Fernco","url":"https:\/\/www.fernco.de\/fr","logo":{"@type":"ImageObject","inLanguage":"fr-FR","@id":"https:\/\/www.fernco.de\/fr#\/schema\/logo\/image\/","url":"https:\/\/www.fernco.de\/wp-content\/uploads\/2022\/06\/fernco-logo.png","contentUrl":"https:\/\/www.fernco.de\/wp-content\/uploads\/2022\/06\/fernco-logo.png","width":287,"height":50,"caption":"Fernco GmbH"},"image":{"@id":"https:\/\/www.fernco.de\/fr#\/schema\/logo\/image\/"},"sameAs":["https:\/\/www.facebook.com\/Flexseal","https:\/\/x.com\/FlexsealUK"]}]}},"_links":{"self":[{"href":"https:\/\/www.fernco.de\/fr\/wp-json\/wp\/v2\/product\/28969"}],"collection":[{"href":"https:\/\/www.fernco.de\/fr\/wp-json\/wp\/v2\/product"}],"about":[{"href":"https:\/\/www.fernco.de\/fr\/wp-json\/wp\/v2\/types\/product"}],"wp:featuredmedia":[{"embeddable":true,"href":"https:\/\/www.fernco.de\/fr\/wp-json\/wp\/v2\/media\/29007"}],"wp:attachment":[{"href":"https:\/\/www.fernco.de\/fr\/wp-json\/wp\/v2\/media?parent=28969"}],"wp:term":[{"taxonomy":"product_cat","embeddable":true,"href":"https:\/\/www.fernco.de\/fr\/wp-json\/wp\/v2\/product_cat?post=28969"},{"taxonomy":"product_tag","embeddable":true,"href":"https:\/\/www.fernco.de\/fr\/wp-json\/wp\/v2\/product_tag?post=28969"}],"curies":[{"name":"wp","href":"https:\/\/api.w.org\/{rel}","templated":true}]}}