{"id":28972,"date":"2019-04-26T13:04:17","date_gmt":"2023-11-22T13:02:36","guid":{"rendered":"https:\/\/www.fernco.de\/?post_type=product&#038;p=28972"},"modified":"2025-12-19T08:20:01","modified_gmt":"2025-12-19T08:20:01","slug":"colorant-de-drainage","status":"publish","type":"product","link":"https:\/\/www.fernco.de\/fr\/produit\/colorant-de-drainage","title":{"rendered":"DPD \u2013 Colorant de tra\u00e7age"},"content":{"rendered":"<p>DTDBLUE DTDGREEN DTDORANGE DTDPURPLE DTDRED DTDYELLOW DTD DTD200_BLUE DTD200_GREEN DTD200_ORANGE DTD200_PURPLE DTD200_RED DTD200_YELLOW<\/p>\n<p>Drain Dye F\u00e4rbemittel Abwasserf\u00e4rbemittel Poudre colorante de tra\u00e7age \u015arodek barwi\u0105cy<br \/>\nrot red rouge czerwony<br \/>\norange pomara\u0144czowy pomaranczowy<br \/>\ngelb yellow jaune z\u00f3\u0142ty zolty<br \/>\ngr\u00fcn green vert zielony<br \/>\nblau blue bleu niebieski<br \/>\nlila violett purple violet purpurowy fioletowy<br \/>\nPulver powder poudre<\/p>\n<p>wartung reparatur abwasser rohre Abwasserrohre Abflusssysteme Lecks leck Sch\u00e4den schaden verunreinigungen wasserwege umweltfreundlich ungiftig geruchlos Farbe farben regenwasser undicht Flachd\u00e4cher<br \/>\nmaintenance repair sewage leaks damages contamination water ways eco-friendly non-toxic odourfree colours colors rain water flat roofs pipes tubes<br \/>\nr\u00e9paration eaux us\u00e9es sewage tubes eaux us\u00e9es syst\u00e8mes d&rsquo;\u00e9vacuation \u00e9cologique inodore couleurs eau de pluie non \u00e9tanche toits plats<br \/>\nkonserwacja naprawa rury kanalizacyjne rury kanalizacyjne systemy odwadniaj\u0105ce wycieki uszkodzenia zanieczyszczenie dr\u00f3g wodnych przyjazne dla \u015brodowiska nietoksyczne farby bezzapachowe kolory przecieki wody deszczowej dachy p\u0142askie<\/p>\n","protected":false},"excerpt":{"rendered":"<p>La poudre colorante Drain Dye de Fernco permet le tra\u00e7age des r\u00e9seaux et le rep\u00e9rage de fuites ou dommages aux canalisations ou les non conformit\u00e9s de raccordement sur r\u00e9seaux anciens, \u00e9vitant ainsi la contamination et les voies d\u2019eau. Il est facile \u00e0 utiliser, non nocif, inodore et hautement concentr\u00e9.<\/p>\n<ul>\n<li>Utilis\u00e9 pour localiser la direction de l\u2019\u00e9coulement de l\u2019eau dans les tuyaux, les drains, etc.<\/li>\n<li>Hydrosoluble<\/li>\n<li>Non toxique<\/li>\n<li>Facile \u00e0 utiliser<\/li>\n<li>Des tubes pratiques pour des utilisations multiples<\/li>\n<li>Utilisation en toute s\u00e9curit\u00e9 dans les canalisations d&rsquo;\u00e9vacuations et d&rsquo;assainissement<\/li>\n<li>6 coloris disponibles<\/li>\n<li>Extr\u00eamement concentr\u00e9<\/li>\n<\/ul>\n","protected":false},"featured_media":29219,"template":"","meta":{"_acf_changed":false,"_mi_skip_tracking":false,"_monsterinsights_sitenote_active":false,"_monsterinsights_sitenote_note":"","_monsterinsights_sitenote_category":0},"product_cat":[243],"product_tag":[],"acf":[],"yoast_head":"<!-- This site is optimized with the Yoast SEO plugin v22.7 - https:\/\/yoast.com\/wordpress\/plugins\/seo\/ -->\n<title>DPD \u2013 Colorant de tra\u00e7age | Fernco<\/title>\n<meta name=\"robots\" content=\"index, follow, max-snippet:-1, max-image-preview:large, max-video-preview:-1\" \/>\n<link rel=\"canonical\" href=\"https:\/\/www.fernco.de\/fr\/produit\/colorant-de-drainage\" \/>\n<meta property=\"og:locale\" content=\"fr_FR\" \/>\n<meta property=\"og:type\" content=\"article\" \/>\n<meta property=\"og:title\" content=\"DPD \u2013 Colorant de tra\u00e7age | Fernco\" \/>\n<meta property=\"og:description\" content=\"La poudre colorante Drain Dye de Fernco permet le tra\u00e7age des r\u00e9seaux et le rep\u00e9rage de fuites ou dommages aux canalisations ou les non conformit\u00e9s de raccordement sur r\u00e9seaux anciens, \u00e9vitant ainsi la contamination et les voies d\u2019eau. Il est facile \u00e0 utiliser, non nocif, inodore et hautement concentr\u00e9.   Utilis\u00e9 pour localiser la direction de l\u2019\u00e9coulement de l\u2019eau dans les tuyaux, les drains, etc.  Hydrosoluble  Non toxique  Facile \u00e0 utiliser  Des tubes pratiques pour des utilisations multiples  Utilisation en toute s\u00e9curit\u00e9 dans les canalisations d&#039;\u00e9vacuations et d&#039;assainissement  6 coloris disponibles  Extr\u00eamement concentr\u00e9\" \/>\n<meta property=\"og:url\" content=\"https:\/\/www.fernco.de\/fr\/produit\/colorant-de-drainage\" \/>\n<meta property=\"og:site_name\" content=\"Fernco\" \/>\n<meta property=\"article:publisher\" content=\"https:\/\/www.facebook.com\/Flexseal\" \/>\n<meta property=\"article:modified_time\" content=\"2025-12-19T08:20:01+00:00\" \/>\n<meta property=\"og:image\" content=\"https:\/\/www.fernco.de\/wp-content\/uploads\/2020\/06\/Drain-Dye-Range-Isolation-600x338-1.png\" \/>\n\t<meta property=\"og:image:width\" content=\"1000\" \/>\n\t<meta property=\"og:image:height\" content=\"561\" \/>\n\t<meta property=\"og:image:type\" content=\"image\/png\" \/>\n<meta name=\"twitter:card\" content=\"summary_large_image\" \/>\n<meta name=\"twitter:site\" content=\"@FlexsealUK\" \/>\n<meta name=\"twitter:label1\" content=\"Dur\u00e9e de lecture estim\u00e9e\" \/>\n\t<meta name=\"twitter:data1\" content=\"1 minute\" \/>\n<script type=\"application\/ld+json\" class=\"yoast-schema-graph\">{\"@context\":\"https:\/\/schema.org\",\"@graph\":[{\"@type\":\"WebPage\",\"@id\":\"https:\/\/www.fernco.de\/fr\/produit\/colorant-de-drainage\",\"url\":\"https:\/\/www.fernco.de\/fr\/produit\/colorant-de-drainage\",\"name\":\"DPD \u2013 Colorant de tra\u00e7age | Fernco\",\"isPartOf\":{\"@id\":\"https:\/\/www.fernco.de\/fr#website\"},\"primaryImageOfPage\":{\"@id\":\"https:\/\/www.fernco.de\/fr\/produit\/colorant-de-drainage#primaryimage\"},\"image\":{\"@id\":\"https:\/\/www.fernco.de\/fr\/produit\/colorant-de-drainage#primaryimage\"},\"thumbnailUrl\":\"https:\/\/www.fernco.de\/wp-content\/uploads\/2020\/06\/Drain-Dye-Range-Isolation-600x338-1.png\",\"datePublished\":\"2023-11-22T13:02:36+00:00\",\"dateModified\":\"2025-12-19T08:20:01+00:00\",\"breadcrumb\":{\"@id\":\"https:\/\/www.fernco.de\/fr\/produit\/colorant-de-drainage#breadcrumb\"},\"inLanguage\":\"fr-FR\",\"potentialAction\":[{\"@type\":\"ReadAction\",\"target\":[\"https:\/\/www.fernco.de\/fr\/produit\/colorant-de-drainage\"]}]},{\"@type\":\"ImageObject\",\"inLanguage\":\"fr-FR\",\"@id\":\"https:\/\/www.fernco.de\/fr\/produit\/colorant-de-drainage#primaryimage\",\"url\":\"https:\/\/www.fernco.de\/wp-content\/uploads\/2020\/06\/Drain-Dye-Range-Isolation-600x338-1.png\",\"contentUrl\":\"https:\/\/www.fernco.de\/wp-content\/uploads\/2020\/06\/Drain-Dye-Range-Isolation-600x338-1.png\",\"width\":1000,\"height\":561},{\"@type\":\"BreadcrumbList\",\"@id\":\"https:\/\/www.fernco.de\/fr\/produit\/colorant-de-drainage#breadcrumb\",\"itemListElement\":[{\"@type\":\"ListItem\",\"position\":1,\"name\":\"Home\",\"item\":\"https:\/\/www.fernco.de\/fr\"},{\"@type\":\"ListItem\",\"position\":2,\"name\":\"Produits\",\"item\":\"https:\/\/www.fernco.de\/fr\/shop\"},{\"@type\":\"ListItem\",\"position\":3,\"name\":\"DPD \u2013 Colorant de tra\u00e7age\"}]},{\"@type\":\"WebSite\",\"@id\":\"https:\/\/www.fernco.de\/fr#website\",\"url\":\"https:\/\/www.fernco.de\/fr\",\"name\":\"Fernco\",\"description\":\"Flexible Couplings, Drainage &amp; Plumbing Systems\",\"publisher\":{\"@id\":\"https:\/\/www.fernco.de\/fr#organization\"},\"potentialAction\":[{\"@type\":\"SearchAction\",\"target\":{\"@type\":\"EntryPoint\",\"urlTemplate\":\"https:\/\/www.fernco.de\/fr?s={search_term_string}\"},\"query-input\":\"required name=search_term_string\"}],\"inLanguage\":\"fr-FR\"},{\"@type\":\"Organization\",\"@id\":\"https:\/\/www.fernco.de\/fr#organization\",\"name\":\"Fernco GmbH\",\"alternateName\":\"Fernco\",\"url\":\"https:\/\/www.fernco.de\/fr\",\"logo\":{\"@type\":\"ImageObject\",\"inLanguage\":\"fr-FR\",\"@id\":\"https:\/\/www.fernco.de\/fr#\/schema\/logo\/image\/\",\"url\":\"https:\/\/www.fernco.de\/wp-content\/uploads\/2022\/06\/fernco-logo.png\",\"contentUrl\":\"https:\/\/www.fernco.de\/wp-content\/uploads\/2022\/06\/fernco-logo.png\",\"width\":287,\"height\":50,\"caption\":\"Fernco GmbH\"},\"image\":{\"@id\":\"https:\/\/www.fernco.de\/fr#\/schema\/logo\/image\/\"},\"sameAs\":[\"https:\/\/www.facebook.com\/Flexseal\",\"https:\/\/x.com\/FlexsealUK\"]}]}<\/script>\n<!-- \/ Yoast SEO plugin. -->","yoast_head_json":{"title":"DPD \u2013 Colorant de tra\u00e7age | Fernco","robots":{"index":"index","follow":"follow","max-snippet":"max-snippet:-1","max-image-preview":"max-image-preview:large","max-video-preview":"max-video-preview:-1"},"canonical":"https:\/\/www.fernco.de\/fr\/produit\/colorant-de-drainage","og_locale":"fr_FR","og_type":"article","og_title":"DPD \u2013 Colorant de tra\u00e7age | Fernco","og_description":"La poudre colorante Drain Dye de Fernco permet le tra\u00e7age des r\u00e9seaux et le rep\u00e9rage de fuites ou dommages aux canalisations ou les non conformit\u00e9s de raccordement sur r\u00e9seaux anciens, \u00e9vitant ainsi la contamination et les voies d\u2019eau. Il est facile \u00e0 utiliser, non nocif, inodore et hautement concentr\u00e9.   Utilis\u00e9 pour localiser la direction de l\u2019\u00e9coulement de l\u2019eau dans les tuyaux, les drains, etc.  Hydrosoluble  Non toxique  Facile \u00e0 utiliser  Des tubes pratiques pour des utilisations multiples  Utilisation en toute s\u00e9curit\u00e9 dans les canalisations d'\u00e9vacuations et d'assainissement  6 coloris disponibles  Extr\u00eamement concentr\u00e9","og_url":"https:\/\/www.fernco.de\/fr\/produit\/colorant-de-drainage","og_site_name":"Fernco","article_publisher":"https:\/\/www.facebook.com\/Flexseal","article_modified_time":"2025-12-19T08:20:01+00:00","og_image":[{"width":1000,"height":561,"url":"https:\/\/www.fernco.de\/wp-content\/uploads\/2020\/06\/Drain-Dye-Range-Isolation-600x338-1.png","type":"image\/png"}],"twitter_card":"summary_large_image","twitter_site":"@FlexsealUK","twitter_misc":{"Dur\u00e9e de lecture estim\u00e9e":"1 minute"},"schema":{"@context":"https:\/\/schema.org","@graph":[{"@type":"WebPage","@id":"https:\/\/www.fernco.de\/fr\/produit\/colorant-de-drainage","url":"https:\/\/www.fernco.de\/fr\/produit\/colorant-de-drainage","name":"DPD \u2013 Colorant de tra\u00e7age | Fernco","isPartOf":{"@id":"https:\/\/www.fernco.de\/fr#website"},"primaryImageOfPage":{"@id":"https:\/\/www.fernco.de\/fr\/produit\/colorant-de-drainage#primaryimage"},"image":{"@id":"https:\/\/www.fernco.de\/fr\/produit\/colorant-de-drainage#primaryimage"},"thumbnailUrl":"https:\/\/www.fernco.de\/wp-content\/uploads\/2020\/06\/Drain-Dye-Range-Isolation-600x338-1.png","datePublished":"2023-11-22T13:02:36+00:00","dateModified":"2025-12-19T08:20:01+00:00","breadcrumb":{"@id":"https:\/\/www.fernco.de\/fr\/produit\/colorant-de-drainage#breadcrumb"},"inLanguage":"fr-FR","potentialAction":[{"@type":"ReadAction","target":["https:\/\/www.fernco.de\/fr\/produit\/colorant-de-drainage"]}]},{"@type":"ImageObject","inLanguage":"fr-FR","@id":"https:\/\/www.fernco.de\/fr\/produit\/colorant-de-drainage#primaryimage","url":"https:\/\/www.fernco.de\/wp-content\/uploads\/2020\/06\/Drain-Dye-Range-Isolation-600x338-1.png","contentUrl":"https:\/\/www.fernco.de\/wp-content\/uploads\/2020\/06\/Drain-Dye-Range-Isolation-600x338-1.png","width":1000,"height":561},{"@type":"BreadcrumbList","@id":"https:\/\/www.fernco.de\/fr\/produit\/colorant-de-drainage#breadcrumb","itemListElement":[{"@type":"ListItem","position":1,"name":"Home","item":"https:\/\/www.fernco.de\/fr"},{"@type":"ListItem","position":2,"name":"Produits","item":"https:\/\/www.fernco.de\/fr\/shop"},{"@type":"ListItem","position":3,"name":"DPD \u2013 Colorant de tra\u00e7age"}]},{"@type":"WebSite","@id":"https:\/\/www.fernco.de\/fr#website","url":"https:\/\/www.fernco.de\/fr","name":"Fernco","description":"Flexible Couplings, Drainage &amp; Plumbing Systems","publisher":{"@id":"https:\/\/www.fernco.de\/fr#organization"},"potentialAction":[{"@type":"SearchAction","target":{"@type":"EntryPoint","urlTemplate":"https:\/\/www.fernco.de\/fr?s={search_term_string}"},"query-input":"required name=search_term_string"}],"inLanguage":"fr-FR"},{"@type":"Organization","@id":"https:\/\/www.fernco.de\/fr#organization","name":"Fernco GmbH","alternateName":"Fernco","url":"https:\/\/www.fernco.de\/fr","logo":{"@type":"ImageObject","inLanguage":"fr-FR","@id":"https:\/\/www.fernco.de\/fr#\/schema\/logo\/image\/","url":"https:\/\/www.fernco.de\/wp-content\/uploads\/2022\/06\/fernco-logo.png","contentUrl":"https:\/\/www.fernco.de\/wp-content\/uploads\/2022\/06\/fernco-logo.png","width":287,"height":50,"caption":"Fernco GmbH"},"image":{"@id":"https:\/\/www.fernco.de\/fr#\/schema\/logo\/image\/"},"sameAs":["https:\/\/www.facebook.com\/Flexseal","https:\/\/x.com\/FlexsealUK"]}]}},"_links":{"self":[{"href":"https:\/\/www.fernco.de\/fr\/wp-json\/wp\/v2\/product\/28972"}],"collection":[{"href":"https:\/\/www.fernco.de\/fr\/wp-json\/wp\/v2\/product"}],"about":[{"href":"https:\/\/www.fernco.de\/fr\/wp-json\/wp\/v2\/types\/product"}],"wp:featuredmedia":[{"embeddable":true,"href":"https:\/\/www.fernco.de\/fr\/wp-json\/wp\/v2\/media\/29219"}],"wp:attachment":[{"href":"https:\/\/www.fernco.de\/fr\/wp-json\/wp\/v2\/media?parent=28972"}],"wp:term":[{"taxonomy":"product_cat","embeddable":true,"href":"https:\/\/www.fernco.de\/fr\/wp-json\/wp\/v2\/product_cat?post=28972"},{"taxonomy":"product_tag","embeddable":true,"href":"https:\/\/www.fernco.de\/fr\/wp-json\/wp\/v2\/product_tag?post=28972"}],"curies":[{"name":"wp","href":"https:\/\/api.w.org\/{rel}","templated":true}]}}