{"id":28974,"date":"2019-04-26T09:25:35","date_gmt":"2023-11-22T10:43:53","guid":{"rendered":"https:\/\/www.fernco.de\/?post_type=product&#038;p=28974"},"modified":"2026-03-11T10:51:55","modified_gmt":"2026-03-11T10:51:55","slug":"joints-insitu","status":"publish","type":"product","link":"https:\/\/www.fernco.de\/fr\/produit\/joints-insitu","title":{"rendered":"INSITU-SEAL &#8211; Joints pour tubes annel\u00e9s"},"content":{"rendered":"<p>L965-110\/60 L965-110\/90 L965-160\/60 L965-160\/90 L965-200\/75 PA130 PA180 L965 Insitu Insitu L965<\/p>\n<p>QS QS110-127-60 QS110-127-90 QS160-177-60 QS160-177-90 QS200-127-75 LPA110 LPA130 LPA180 HS-K95-177 STDN150 T-QS<\/p>\n<p>Anschlussdichtungen seitlicher Anschluss Anschl\u00fcsse Hauptrohre Hauptleitungen pipe seals lateral connection main pipes Joints de Tuyaux raccordement lat\u00e9ral Tuyaux principaux Conduites principales Uszczelki przy\u0142\u0105czeniowe Uszczelka przy\u0142\u0105czeniowa<br \/>\nKG KG2000 PVC Kunststoffrohre d\u00fcnnwandiges glattes Rohr PVCu plastics pipes Thin-Walled Pipe smooth Tubes en plastique Rury plastikowe cienko\u015bcienne g\u0142adkie<br \/>\nBetonrohre concrete pipes asbestos Tubes en b\u00e9ton Rury betonowe<br \/>\ngeripptes gewelltes Rohre Rippen kunststoff plastik strukturiertes Wellen doppelwandiges Robukan UR UltraRib ribbed ribs structured pipes twin-walled tube nervur\u00e9 ondul\u00e9 Rury faliste plastikowe dwu\u015bcienne<br \/>\nAbwasserrohre Abflusssysteme Kanal Kanalisation sewage pipes systems Tuyaux d&rsquo;\u00e9vacuation Syst\u00e8mes d&rsquo;\u00e9vacuation Rury kanalizacyjne Systemy odwadniaj\u0105ce Kanalizacja<br \/>\nHauptrohre Hauptleitung Sch\u00e4chte Schacht Bohrung Dichtungen main pipes main line manholes bore gasket Tuyaux principaux Conduite principale Puits Puits Per\u00e7age Joints d&rsquo;\u00e9tanch\u00e9it\u00e9 Rury magistralne Rury magistralne Studzienki Uszczelki studzienek<\/p>\n<p>V2A 1.4301 V4A 1.4404 Stahl Edelstahl rostfrei stainless steel NBR SBR EPDM Gummi schwarz Spannband acier acier inoxydable<\/p>\n<p>NBR SBR EPDM EPDM Gummi Elastomere kautschuk UV best\u00e4ndig \u00f6lbest\u00e4ndig benzinbest\u00e4ndig treibstoff tankstelle rubber gasoline fuel oil resistant gas Caoutchouc \u00c9lastom\u00e8re r\u00e9sistant l&rsquo;huile r\u00e9sistant \u00e0 l&rsquo;essence Guma Elastomery Odporne na promieniowanie na oleje<br \/>\nschwarz black noir czarny<\/p>\n<p>DN100 DN125 DN150 DN200 DN250 DN300 DN400 DN500<\/p>\n","protected":false},"excerpt":{"rendered":"<p>Le joint Quick Seal Fernco est utilis\u00e9 pour le raccordement de tuyaux en plastique (ou des tuyaux de m\u00eame diam\u00e8tre ext\u00e9rieur) aux conduites principales et aux regards, en plastique ondul\u00e9 ou \u00e0 paroi nervur\u00e9e.<\/p>\n<p><strong>Avantages du produit :<\/strong><\/p>\n<ul>\n<li>Permet un raccordement \u00e0 90\u00b0 pour les syst\u00e8mes de tuyaux \u00e0 double paroi et \u00e0 paroi annel\u00e9e<\/li>\n<li>M\u00e9thode rentable et efficace<\/li>\n<li>Installation rapide et facile<\/li>\n<\/ul>\n","protected":false},"featured_media":29228,"template":"","meta":{"_acf_changed":false,"_mi_skip_tracking":false,"_monsterinsights_sitenote_active":false,"_monsterinsights_sitenote_note":"","_monsterinsights_sitenote_category":0},"product_cat":[231],"product_tag":[],"acf":[],"yoast_head":"<!-- This site is optimized with the Yoast SEO plugin v22.7 - https:\/\/yoast.com\/wordpress\/plugins\/seo\/ -->\n<title>INSITU-SEAL - Joints pour tubes annel\u00e9s | Fernco<\/title>\n<meta name=\"description\" content=\"Le joint Quick Seal Fernco est utilis\u00e9 pour le raccordement de tuyaux en plastique aux conduites principales et aux regards, en plastique ondul\u00e9 ou \u00e0 paroi nervur\u00e9e.\" \/>\n<meta name=\"robots\" content=\"index, follow, max-snippet:-1, max-image-preview:large, max-video-preview:-1\" \/>\n<link rel=\"canonical\" href=\"https:\/\/www.fernco.de\/fr\/produit\/joints-insitu\" \/>\n<meta property=\"og:locale\" content=\"fr_FR\" \/>\n<meta property=\"og:type\" content=\"article\" \/>\n<meta property=\"og:title\" content=\"INSITU-SEAL - Joints pour tubes annel\u00e9s | Fernco\" \/>\n<meta property=\"og:description\" content=\"Le joint Quick Seal Fernco est utilis\u00e9 pour le raccordement de tuyaux en plastique aux conduites principales et aux regards, en plastique ondul\u00e9 ou \u00e0 paroi nervur\u00e9e.\" \/>\n<meta property=\"og:url\" content=\"https:\/\/www.fernco.de\/fr\/produit\/joints-insitu\" \/>\n<meta property=\"og:site_name\" content=\"Fernco\" \/>\n<meta property=\"article:publisher\" content=\"https:\/\/www.facebook.com\/Flexseal\" \/>\n<meta property=\"article:modified_time\" content=\"2026-03-11T10:51:55+00:00\" \/>\n<meta property=\"og:image\" content=\"https:\/\/www.fernco.de\/wp-content\/uploads\/2023\/05\/Insitu_700x394.png\" \/>\n\t<meta property=\"og:image:width\" content=\"700\" \/>\n\t<meta property=\"og:image:height\" content=\"394\" \/>\n\t<meta property=\"og:image:type\" content=\"image\/png\" \/>\n<meta name=\"twitter:card\" content=\"summary_large_image\" \/>\n<meta name=\"twitter:site\" content=\"@FlexsealUK\" \/>\n<meta name=\"twitter:label1\" content=\"Dur\u00e9e de lecture estim\u00e9e\" \/>\n\t<meta name=\"twitter:data1\" content=\"2 minutes\" \/>\n<script type=\"application\/ld+json\" class=\"yoast-schema-graph\">{\"@context\":\"https:\/\/schema.org\",\"@graph\":[{\"@type\":\"WebPage\",\"@id\":\"https:\/\/www.fernco.de\/fr\/produit\/joints-insitu\",\"url\":\"https:\/\/www.fernco.de\/fr\/produit\/joints-insitu\",\"name\":\"INSITU-SEAL - Joints pour tubes annel\u00e9s | Fernco\",\"isPartOf\":{\"@id\":\"https:\/\/www.fernco.de\/fr#website\"},\"primaryImageOfPage\":{\"@id\":\"https:\/\/www.fernco.de\/fr\/produit\/joints-insitu#primaryimage\"},\"image\":{\"@id\":\"https:\/\/www.fernco.de\/fr\/produit\/joints-insitu#primaryimage\"},\"thumbnailUrl\":\"https:\/\/www.fernco.de\/wp-content\/uploads\/2023\/05\/Insitu_700x394.png\",\"datePublished\":\"2023-11-22T10:43:53+00:00\",\"dateModified\":\"2026-03-11T10:51:55+00:00\",\"description\":\"Le joint Quick Seal Fernco est utilis\u00e9 pour le raccordement de tuyaux en plastique aux conduites principales et aux regards, en plastique ondul\u00e9 ou \u00e0 paroi nervur\u00e9e.\",\"breadcrumb\":{\"@id\":\"https:\/\/www.fernco.de\/fr\/produit\/joints-insitu#breadcrumb\"},\"inLanguage\":\"fr-FR\",\"potentialAction\":[{\"@type\":\"ReadAction\",\"target\":[\"https:\/\/www.fernco.de\/fr\/produit\/joints-insitu\"]}]},{\"@type\":\"ImageObject\",\"inLanguage\":\"fr-FR\",\"@id\":\"https:\/\/www.fernco.de\/fr\/produit\/joints-insitu#primaryimage\",\"url\":\"https:\/\/www.fernco.de\/wp-content\/uploads\/2023\/05\/Insitu_700x394.png\",\"contentUrl\":\"https:\/\/www.fernco.de\/wp-content\/uploads\/2023\/05\/Insitu_700x394.png\",\"width\":700,\"height\":394},{\"@type\":\"BreadcrumbList\",\"@id\":\"https:\/\/www.fernco.de\/fr\/produit\/joints-insitu#breadcrumb\",\"itemListElement\":[{\"@type\":\"ListItem\",\"position\":1,\"name\":\"Home\",\"item\":\"https:\/\/www.fernco.de\/fr\"},{\"@type\":\"ListItem\",\"position\":2,\"name\":\"Produits\",\"item\":\"https:\/\/www.fernco.de\/fr\/shop\"},{\"@type\":\"ListItem\",\"position\":3,\"name\":\"INSITU-SEAL &#8211; Joints pour tubes annel\u00e9s\"}]},{\"@type\":\"WebSite\",\"@id\":\"https:\/\/www.fernco.de\/fr#website\",\"url\":\"https:\/\/www.fernco.de\/fr\",\"name\":\"Fernco\",\"description\":\"Flexible Couplings, Drainage &amp; Plumbing Systems\",\"publisher\":{\"@id\":\"https:\/\/www.fernco.de\/fr#organization\"},\"potentialAction\":[{\"@type\":\"SearchAction\",\"target\":{\"@type\":\"EntryPoint\",\"urlTemplate\":\"https:\/\/www.fernco.de\/fr?s={search_term_string}\"},\"query-input\":\"required name=search_term_string\"}],\"inLanguage\":\"fr-FR\"},{\"@type\":\"Organization\",\"@id\":\"https:\/\/www.fernco.de\/fr#organization\",\"name\":\"Fernco GmbH\",\"alternateName\":\"Fernco\",\"url\":\"https:\/\/www.fernco.de\/fr\",\"logo\":{\"@type\":\"ImageObject\",\"inLanguage\":\"fr-FR\",\"@id\":\"https:\/\/www.fernco.de\/fr#\/schema\/logo\/image\/\",\"url\":\"https:\/\/www.fernco.de\/wp-content\/uploads\/2022\/06\/fernco-logo.png\",\"contentUrl\":\"https:\/\/www.fernco.de\/wp-content\/uploads\/2022\/06\/fernco-logo.png\",\"width\":287,\"height\":50,\"caption\":\"Fernco GmbH\"},\"image\":{\"@id\":\"https:\/\/www.fernco.de\/fr#\/schema\/logo\/image\/\"},\"sameAs\":[\"https:\/\/www.facebook.com\/Flexseal\",\"https:\/\/x.com\/FlexsealUK\"]}]}<\/script>\n<!-- \/ Yoast SEO plugin. -->","yoast_head_json":{"title":"INSITU-SEAL - Joints pour tubes annel\u00e9s | Fernco","description":"Le joint Quick Seal Fernco est utilis\u00e9 pour le raccordement de tuyaux en plastique aux conduites principales et aux regards, en plastique ondul\u00e9 ou \u00e0 paroi nervur\u00e9e.","robots":{"index":"index","follow":"follow","max-snippet":"max-snippet:-1","max-image-preview":"max-image-preview:large","max-video-preview":"max-video-preview:-1"},"canonical":"https:\/\/www.fernco.de\/fr\/produit\/joints-insitu","og_locale":"fr_FR","og_type":"article","og_title":"INSITU-SEAL - Joints pour tubes annel\u00e9s | Fernco","og_description":"Le joint Quick Seal Fernco est utilis\u00e9 pour le raccordement de tuyaux en plastique aux conduites principales et aux regards, en plastique ondul\u00e9 ou \u00e0 paroi nervur\u00e9e.","og_url":"https:\/\/www.fernco.de\/fr\/produit\/joints-insitu","og_site_name":"Fernco","article_publisher":"https:\/\/www.facebook.com\/Flexseal","article_modified_time":"2026-03-11T10:51:55+00:00","og_image":[{"width":700,"height":394,"url":"https:\/\/www.fernco.de\/wp-content\/uploads\/2023\/05\/Insitu_700x394.png","type":"image\/png"}],"twitter_card":"summary_large_image","twitter_site":"@FlexsealUK","twitter_misc":{"Dur\u00e9e de lecture estim\u00e9e":"2 minutes"},"schema":{"@context":"https:\/\/schema.org","@graph":[{"@type":"WebPage","@id":"https:\/\/www.fernco.de\/fr\/produit\/joints-insitu","url":"https:\/\/www.fernco.de\/fr\/produit\/joints-insitu","name":"INSITU-SEAL - Joints pour tubes annel\u00e9s | Fernco","isPartOf":{"@id":"https:\/\/www.fernco.de\/fr#website"},"primaryImageOfPage":{"@id":"https:\/\/www.fernco.de\/fr\/produit\/joints-insitu#primaryimage"},"image":{"@id":"https:\/\/www.fernco.de\/fr\/produit\/joints-insitu#primaryimage"},"thumbnailUrl":"https:\/\/www.fernco.de\/wp-content\/uploads\/2023\/05\/Insitu_700x394.png","datePublished":"2023-11-22T10:43:53+00:00","dateModified":"2026-03-11T10:51:55+00:00","description":"Le joint Quick Seal Fernco est utilis\u00e9 pour le raccordement de tuyaux en plastique aux conduites principales et aux regards, en plastique ondul\u00e9 ou \u00e0 paroi nervur\u00e9e.","breadcrumb":{"@id":"https:\/\/www.fernco.de\/fr\/produit\/joints-insitu#breadcrumb"},"inLanguage":"fr-FR","potentialAction":[{"@type":"ReadAction","target":["https:\/\/www.fernco.de\/fr\/produit\/joints-insitu"]}]},{"@type":"ImageObject","inLanguage":"fr-FR","@id":"https:\/\/www.fernco.de\/fr\/produit\/joints-insitu#primaryimage","url":"https:\/\/www.fernco.de\/wp-content\/uploads\/2023\/05\/Insitu_700x394.png","contentUrl":"https:\/\/www.fernco.de\/wp-content\/uploads\/2023\/05\/Insitu_700x394.png","width":700,"height":394},{"@type":"BreadcrumbList","@id":"https:\/\/www.fernco.de\/fr\/produit\/joints-insitu#breadcrumb","itemListElement":[{"@type":"ListItem","position":1,"name":"Home","item":"https:\/\/www.fernco.de\/fr"},{"@type":"ListItem","position":2,"name":"Produits","item":"https:\/\/www.fernco.de\/fr\/shop"},{"@type":"ListItem","position":3,"name":"INSITU-SEAL &#8211; Joints pour tubes annel\u00e9s"}]},{"@type":"WebSite","@id":"https:\/\/www.fernco.de\/fr#website","url":"https:\/\/www.fernco.de\/fr","name":"Fernco","description":"Flexible Couplings, Drainage &amp; Plumbing Systems","publisher":{"@id":"https:\/\/www.fernco.de\/fr#organization"},"potentialAction":[{"@type":"SearchAction","target":{"@type":"EntryPoint","urlTemplate":"https:\/\/www.fernco.de\/fr?s={search_term_string}"},"query-input":"required name=search_term_string"}],"inLanguage":"fr-FR"},{"@type":"Organization","@id":"https:\/\/www.fernco.de\/fr#organization","name":"Fernco GmbH","alternateName":"Fernco","url":"https:\/\/www.fernco.de\/fr","logo":{"@type":"ImageObject","inLanguage":"fr-FR","@id":"https:\/\/www.fernco.de\/fr#\/schema\/logo\/image\/","url":"https:\/\/www.fernco.de\/wp-content\/uploads\/2022\/06\/fernco-logo.png","contentUrl":"https:\/\/www.fernco.de\/wp-content\/uploads\/2022\/06\/fernco-logo.png","width":287,"height":50,"caption":"Fernco GmbH"},"image":{"@id":"https:\/\/www.fernco.de\/fr#\/schema\/logo\/image\/"},"sameAs":["https:\/\/www.facebook.com\/Flexseal","https:\/\/x.com\/FlexsealUK"]}]}},"_links":{"self":[{"href":"https:\/\/www.fernco.de\/fr\/wp-json\/wp\/v2\/product\/28974"}],"collection":[{"href":"https:\/\/www.fernco.de\/fr\/wp-json\/wp\/v2\/product"}],"about":[{"href":"https:\/\/www.fernco.de\/fr\/wp-json\/wp\/v2\/types\/product"}],"wp:featuredmedia":[{"embeddable":true,"href":"https:\/\/www.fernco.de\/fr\/wp-json\/wp\/v2\/media\/29228"}],"wp:attachment":[{"href":"https:\/\/www.fernco.de\/fr\/wp-json\/wp\/v2\/media?parent=28974"}],"wp:term":[{"taxonomy":"product_cat","embeddable":true,"href":"https:\/\/www.fernco.de\/fr\/wp-json\/wp\/v2\/product_cat?post=28974"},{"taxonomy":"product_tag","embeddable":true,"href":"https:\/\/www.fernco.de\/fr\/wp-json\/wp\/v2\/product_tag?post=28974"}],"curies":[{"name":"wp","href":"https:\/\/api.w.org\/{rel}","templated":true}]}}