{"id":28982,"date":"2019-04-11T13:38:01","date_gmt":"2023-11-22T12:40:17","guid":{"rendered":"https:\/\/www.fernco.de\/?post_type=product&#038;p=28982"},"modified":"2025-06-05T09:39:21","modified_gmt":"2025-06-05T08:39:21","slug":"rec-bouchon-extremite","status":"publish","type":"product","link":"https:\/\/www.fernco.de\/fr\/produit\/rec-bouchon-extremite","title":{"rendered":"REC &#8211; Bouchon d&rsquo;extr\u00e9mit\u00e9 EPDM"},"content":{"rendered":"<p>036C 045C 048C 056C 060C 068C 070C 076C 085C 092C 100C 112C 125C 135C 142C 162C 165C 173C 181C 190C 215C 230C 250C 274C 328C 358C EC REC<br \/>\nEndkappen rohrverschluss end caps Bouchons d\u2019Extr\u00e9mit\u00e9 Za\u015blepka ko\u0144cowa<\/p>\n<p>KG KG2000 PVC Kunststoffrohre d\u00fcnnwandiges glattes Rohr PVCu plastics pipes Thin-Walled Pipe smooth Tubes en plastique Rury plastikowe cienko\u015bcienne g\u0142adkie<br \/>\nBetonrohre concrete pipes Tubes en b\u00e9ton Rury betonowe<br \/>\nSteinzeugrohre eurotop vitrified clay pipes Tuyaux en gr\u00e8s Rury kamionkowe<br \/>\ngeripptes gewelltes Rohre Rippen kunststoff plastik strukturiertes Wellen doppelwandiges Robukan UR UltraRib ribbed ribs structured pipes twin-walled tube nervur\u00e9 ondul\u00e9 Rury faliste plastikowe dwu\u015bcienne<br \/>\nSML Gussrohre Gusseisen GGG cast ductile iron pipes Tuyaux en fonte Rury \u017celiwne \u017beliwo<\/p>\n<p>V2A 1.4301 304 W4 Edelstahl Stahl rostfrei Metall Stainless steel Metal rust free Acier inoxydable M\u00e9tal Stal Nierdzwena<br \/>\nEPDM gummi Kautschuk caoutchouc \u00c9lastom\u00e8re UV r\u00e9sistant rubber noir black noir czarny Eloastomere<br \/>\nDrucktest Druckpr\u00fcfung pressure test Test de pression pressure test<\/p>\n<p>DN100 DN125 DN150 DN200 DN225 DN250 DN300<\/p>\n","protected":false},"excerpt":{"rendered":"<p>Les bouchons d&rsquo;extr\u00e9mit\u00e9 Fernco sont utilis\u00e9s pour la fermeture temporaire ou permanente des extr\u00e9mit\u00e9s de tuyaux. Ils sont compatibles avec tous les types de tuyaux, \u00e0 condition que le diam\u00e8tre ext\u00e9rieur corresponde \u00e0 la plage sp\u00e9cifi\u00e9e.<\/p>\n<ul>\n<li>Installation rapide et facile<\/li>\n<li>Amovible et r\u00e9utilisable selon les besoins<\/li>\n<li>Id\u00e9al pour obturer les tuyaux de drainage lors des tests d&rsquo;\u00e9tanch\u00e9it\u00e9 \u00e0 l&rsquo;air et \u00e0 l&rsquo;eau<\/li>\n<li>Large gamme de tailles<\/li>\n<\/ul>\n","protected":false},"featured_media":31575,"template":"","meta":{"_acf_changed":false,"_mi_skip_tracking":false,"_monsterinsights_sitenote_active":false,"_monsterinsights_sitenote_note":"","_monsterinsights_sitenote_category":0},"product_cat":[237],"product_tag":[],"acf":[],"yoast_head":"<!-- This site is optimized with the Yoast SEO plugin v22.7 - https:\/\/yoast.com\/wordpress\/plugins\/seo\/ -->\n<title>REC - Bouchon d&#039;extr\u00e9mit\u00e9 EPDM | Fernco<\/title>\n<meta name=\"description\" content=\"Les bouchons d&#039;extr\u00e9mit\u00e9 Fernco sont id\u00e9aux pour sceller les extr\u00e9mit\u00e9s de tuyaux. Ils sont compatibles avec tous les types de mat\u00e9riaux de tuyauterie et conviennent aussi bien aux applicationsen surface qu&#039;en sous-sol.\" \/>\n<meta name=\"robots\" content=\"index, follow, max-snippet:-1, max-image-preview:large, max-video-preview:-1\" \/>\n<link rel=\"canonical\" href=\"https:\/\/www.fernco.de\/fr\/produit\/rec-bouchon-extremite\" \/>\n<meta property=\"og:locale\" content=\"fr_FR\" \/>\n<meta property=\"og:type\" content=\"article\" \/>\n<meta property=\"og:title\" content=\"REC - Bouchon d&#039;extr\u00e9mit\u00e9 EPDM | Fernco\" \/>\n<meta property=\"og:description\" content=\"Les bouchons d&#039;extr\u00e9mit\u00e9 Fernco sont id\u00e9aux pour sceller les extr\u00e9mit\u00e9s de tuyaux. Ils sont compatibles avec tous les types de mat\u00e9riaux de tuyauterie et conviennent aussi bien aux applicationsen surface qu&#039;en sous-sol.\" \/>\n<meta property=\"og:url\" content=\"https:\/\/www.fernco.de\/fr\/produit\/rec-bouchon-extremite\" \/>\n<meta property=\"og:site_name\" content=\"Fernco\" \/>\n<meta property=\"article:publisher\" content=\"https:\/\/www.facebook.com\/Flexseal\" \/>\n<meta property=\"article:modified_time\" content=\"2025-06-05T08:39:21+00:00\" \/>\n<meta property=\"og:image\" content=\"https:\/\/www.fernco.de\/wp-content\/uploads\/2019\/04\/C_700x394.png\" \/>\n\t<meta property=\"og:image:width\" content=\"700\" \/>\n\t<meta property=\"og:image:height\" content=\"394\" \/>\n\t<meta property=\"og:image:type\" content=\"image\/png\" \/>\n<meta name=\"twitter:card\" content=\"summary_large_image\" \/>\n<meta name=\"twitter:site\" content=\"@FlexsealUK\" \/>\n<meta name=\"twitter:label1\" content=\"Dur\u00e9e de lecture estim\u00e9e\" \/>\n\t<meta name=\"twitter:data1\" content=\"2 minutes\" \/>\n<script type=\"application\/ld+json\" class=\"yoast-schema-graph\">{\"@context\":\"https:\/\/schema.org\",\"@graph\":[{\"@type\":\"WebPage\",\"@id\":\"https:\/\/www.fernco.de\/fr\/produit\/rec-bouchon-extremite\",\"url\":\"https:\/\/www.fernco.de\/fr\/produit\/rec-bouchon-extremite\",\"name\":\"REC - Bouchon d'extr\u00e9mit\u00e9 EPDM | Fernco\",\"isPartOf\":{\"@id\":\"https:\/\/www.fernco.de\/fr#website\"},\"primaryImageOfPage\":{\"@id\":\"https:\/\/www.fernco.de\/fr\/produit\/rec-bouchon-extremite#primaryimage\"},\"image\":{\"@id\":\"https:\/\/www.fernco.de\/fr\/produit\/rec-bouchon-extremite#primaryimage\"},\"thumbnailUrl\":\"https:\/\/www.fernco.de\/wp-content\/uploads\/2019\/04\/C_700x394.png\",\"datePublished\":\"2023-11-22T12:40:17+00:00\",\"dateModified\":\"2025-06-05T08:39:21+00:00\",\"description\":\"Les bouchons d'extr\u00e9mit\u00e9 Fernco sont id\u00e9aux pour sceller les extr\u00e9mit\u00e9s de tuyaux. Ils sont compatibles avec tous les types de mat\u00e9riaux de tuyauterie et conviennent aussi bien aux applicationsen surface qu'en sous-sol.\",\"breadcrumb\":{\"@id\":\"https:\/\/www.fernco.de\/fr\/produit\/rec-bouchon-extremite#breadcrumb\"},\"inLanguage\":\"fr-FR\",\"potentialAction\":[{\"@type\":\"ReadAction\",\"target\":[\"https:\/\/www.fernco.de\/fr\/produit\/rec-bouchon-extremite\"]}]},{\"@type\":\"ImageObject\",\"inLanguage\":\"fr-FR\",\"@id\":\"https:\/\/www.fernco.de\/fr\/produit\/rec-bouchon-extremite#primaryimage\",\"url\":\"https:\/\/www.fernco.de\/wp-content\/uploads\/2019\/04\/C_700x394.png\",\"contentUrl\":\"https:\/\/www.fernco.de\/wp-content\/uploads\/2019\/04\/C_700x394.png\",\"width\":700,\"height\":394},{\"@type\":\"BreadcrumbList\",\"@id\":\"https:\/\/www.fernco.de\/fr\/produit\/rec-bouchon-extremite#breadcrumb\",\"itemListElement\":[{\"@type\":\"ListItem\",\"position\":1,\"name\":\"Home\",\"item\":\"https:\/\/www.fernco.de\/fr\"},{\"@type\":\"ListItem\",\"position\":2,\"name\":\"Produits\",\"item\":\"https:\/\/www.fernco.de\/fr\/shop\"},{\"@type\":\"ListItem\",\"position\":3,\"name\":\"REC &#8211; Bouchon d&#8217;extr\u00e9mit\u00e9 EPDM\"}]},{\"@type\":\"WebSite\",\"@id\":\"https:\/\/www.fernco.de\/fr#website\",\"url\":\"https:\/\/www.fernco.de\/fr\",\"name\":\"Fernco\",\"description\":\"Flexible Couplings, Drainage &amp; Plumbing Systems\",\"publisher\":{\"@id\":\"https:\/\/www.fernco.de\/fr#organization\"},\"potentialAction\":[{\"@type\":\"SearchAction\",\"target\":{\"@type\":\"EntryPoint\",\"urlTemplate\":\"https:\/\/www.fernco.de\/fr?s={search_term_string}\"},\"query-input\":\"required name=search_term_string\"}],\"inLanguage\":\"fr-FR\"},{\"@type\":\"Organization\",\"@id\":\"https:\/\/www.fernco.de\/fr#organization\",\"name\":\"Fernco GmbH\",\"alternateName\":\"Fernco\",\"url\":\"https:\/\/www.fernco.de\/fr\",\"logo\":{\"@type\":\"ImageObject\",\"inLanguage\":\"fr-FR\",\"@id\":\"https:\/\/www.fernco.de\/fr#\/schema\/logo\/image\/\",\"url\":\"https:\/\/www.fernco.de\/wp-content\/uploads\/2022\/06\/fernco-logo.png\",\"contentUrl\":\"https:\/\/www.fernco.de\/wp-content\/uploads\/2022\/06\/fernco-logo.png\",\"width\":287,\"height\":50,\"caption\":\"Fernco GmbH\"},\"image\":{\"@id\":\"https:\/\/www.fernco.de\/fr#\/schema\/logo\/image\/\"},\"sameAs\":[\"https:\/\/www.facebook.com\/Flexseal\",\"https:\/\/x.com\/FlexsealUK\"]}]}<\/script>\n<!-- \/ Yoast SEO plugin. -->","yoast_head_json":{"title":"REC - Bouchon d'extr\u00e9mit\u00e9 EPDM | Fernco","description":"Les bouchons d'extr\u00e9mit\u00e9 Fernco sont id\u00e9aux pour sceller les extr\u00e9mit\u00e9s de tuyaux. Ils sont compatibles avec tous les types de mat\u00e9riaux de tuyauterie et conviennent aussi bien aux applicationsen surface qu'en sous-sol.","robots":{"index":"index","follow":"follow","max-snippet":"max-snippet:-1","max-image-preview":"max-image-preview:large","max-video-preview":"max-video-preview:-1"},"canonical":"https:\/\/www.fernco.de\/fr\/produit\/rec-bouchon-extremite","og_locale":"fr_FR","og_type":"article","og_title":"REC - Bouchon d'extr\u00e9mit\u00e9 EPDM | Fernco","og_description":"Les bouchons d'extr\u00e9mit\u00e9 Fernco sont id\u00e9aux pour sceller les extr\u00e9mit\u00e9s de tuyaux. Ils sont compatibles avec tous les types de mat\u00e9riaux de tuyauterie et conviennent aussi bien aux applicationsen surface qu'en sous-sol.","og_url":"https:\/\/www.fernco.de\/fr\/produit\/rec-bouchon-extremite","og_site_name":"Fernco","article_publisher":"https:\/\/www.facebook.com\/Flexseal","article_modified_time":"2025-06-05T08:39:21+00:00","og_image":[{"width":700,"height":394,"url":"https:\/\/www.fernco.de\/wp-content\/uploads\/2019\/04\/C_700x394.png","type":"image\/png"}],"twitter_card":"summary_large_image","twitter_site":"@FlexsealUK","twitter_misc":{"Dur\u00e9e de lecture estim\u00e9e":"2 minutes"},"schema":{"@context":"https:\/\/schema.org","@graph":[{"@type":"WebPage","@id":"https:\/\/www.fernco.de\/fr\/produit\/rec-bouchon-extremite","url":"https:\/\/www.fernco.de\/fr\/produit\/rec-bouchon-extremite","name":"REC - Bouchon d'extr\u00e9mit\u00e9 EPDM | Fernco","isPartOf":{"@id":"https:\/\/www.fernco.de\/fr#website"},"primaryImageOfPage":{"@id":"https:\/\/www.fernco.de\/fr\/produit\/rec-bouchon-extremite#primaryimage"},"image":{"@id":"https:\/\/www.fernco.de\/fr\/produit\/rec-bouchon-extremite#primaryimage"},"thumbnailUrl":"https:\/\/www.fernco.de\/wp-content\/uploads\/2019\/04\/C_700x394.png","datePublished":"2023-11-22T12:40:17+00:00","dateModified":"2025-06-05T08:39:21+00:00","description":"Les bouchons d'extr\u00e9mit\u00e9 Fernco sont id\u00e9aux pour sceller les extr\u00e9mit\u00e9s de tuyaux. Ils sont compatibles avec tous les types de mat\u00e9riaux de tuyauterie et conviennent aussi bien aux applicationsen surface qu'en sous-sol.","breadcrumb":{"@id":"https:\/\/www.fernco.de\/fr\/produit\/rec-bouchon-extremite#breadcrumb"},"inLanguage":"fr-FR","potentialAction":[{"@type":"ReadAction","target":["https:\/\/www.fernco.de\/fr\/produit\/rec-bouchon-extremite"]}]},{"@type":"ImageObject","inLanguage":"fr-FR","@id":"https:\/\/www.fernco.de\/fr\/produit\/rec-bouchon-extremite#primaryimage","url":"https:\/\/www.fernco.de\/wp-content\/uploads\/2019\/04\/C_700x394.png","contentUrl":"https:\/\/www.fernco.de\/wp-content\/uploads\/2019\/04\/C_700x394.png","width":700,"height":394},{"@type":"BreadcrumbList","@id":"https:\/\/www.fernco.de\/fr\/produit\/rec-bouchon-extremite#breadcrumb","itemListElement":[{"@type":"ListItem","position":1,"name":"Home","item":"https:\/\/www.fernco.de\/fr"},{"@type":"ListItem","position":2,"name":"Produits","item":"https:\/\/www.fernco.de\/fr\/shop"},{"@type":"ListItem","position":3,"name":"REC &#8211; Bouchon d&#8217;extr\u00e9mit\u00e9 EPDM"}]},{"@type":"WebSite","@id":"https:\/\/www.fernco.de\/fr#website","url":"https:\/\/www.fernco.de\/fr","name":"Fernco","description":"Flexible Couplings, Drainage &amp; Plumbing Systems","publisher":{"@id":"https:\/\/www.fernco.de\/fr#organization"},"potentialAction":[{"@type":"SearchAction","target":{"@type":"EntryPoint","urlTemplate":"https:\/\/www.fernco.de\/fr?s={search_term_string}"},"query-input":"required name=search_term_string"}],"inLanguage":"fr-FR"},{"@type":"Organization","@id":"https:\/\/www.fernco.de\/fr#organization","name":"Fernco GmbH","alternateName":"Fernco","url":"https:\/\/www.fernco.de\/fr","logo":{"@type":"ImageObject","inLanguage":"fr-FR","@id":"https:\/\/www.fernco.de\/fr#\/schema\/logo\/image\/","url":"https:\/\/www.fernco.de\/wp-content\/uploads\/2022\/06\/fernco-logo.png","contentUrl":"https:\/\/www.fernco.de\/wp-content\/uploads\/2022\/06\/fernco-logo.png","width":287,"height":50,"caption":"Fernco GmbH"},"image":{"@id":"https:\/\/www.fernco.de\/fr#\/schema\/logo\/image\/"},"sameAs":["https:\/\/www.facebook.com\/Flexseal","https:\/\/x.com\/FlexsealUK"]}]}},"_links":{"self":[{"href":"https:\/\/www.fernco.de\/fr\/wp-json\/wp\/v2\/product\/28982"}],"collection":[{"href":"https:\/\/www.fernco.de\/fr\/wp-json\/wp\/v2\/product"}],"about":[{"href":"https:\/\/www.fernco.de\/fr\/wp-json\/wp\/v2\/types\/product"}],"wp:featuredmedia":[{"embeddable":true,"href":"https:\/\/www.fernco.de\/fr\/wp-json\/wp\/v2\/media\/31575"}],"wp:attachment":[{"href":"https:\/\/www.fernco.de\/fr\/wp-json\/wp\/v2\/media?parent=28982"}],"wp:term":[{"taxonomy":"product_cat","embeddable":true,"href":"https:\/\/www.fernco.de\/fr\/wp-json\/wp\/v2\/product_cat?post=28982"},{"taxonomy":"product_tag","embeddable":true,"href":"https:\/\/www.fernco.de\/fr\/wp-json\/wp\/v2\/product_tag?post=28982"}],"curies":[{"name":"wp","href":"https:\/\/api.w.org\/{rel}","templated":true}]}}