{"id":28989,"date":"2020-09-18T04:10:44","date_gmt":"2023-11-22T10:53:45","guid":{"rendered":"https:\/\/www.fernco.de\/?post_type=product&#038;p=28989"},"modified":"2025-12-11T14:38:22","modified_gmt":"2025-12-11T14:38:22","slug":"obturateurs-de-canalisations","status":"publish","type":"product","link":"https:\/\/www.fernco.de\/fr\/produit\/obturateurs-de-canalisations","title":{"rendered":"DTP \u2013 Obturateurs m\u00e9caniques \u00e0 vis"},"content":{"rendered":"<p>DTP DTP40 DTP50 DTP65 DTP75 DTP85 DTP100\/5 DTP115 DTP125\/5 DTP150\/5 DTP180 DTP200 DTP225 DTP250 DTP300 DTP350 DTP400 DTP500 DTP600 DTP040 DTP050 DTP065 DTP075 DTP085 DTP100 DTP125 DTP150<\/p>\n<p>Schnellverschlussteller Verschluss schnell Druckprobe Kanalrohr Aluminium metall Hohlschraube<br \/>\nDrain Test Plug quick pressure sewage pipe metal aluminum pipe end<br \/>\nObturateurs M\u00e9caniques \u00e0 Vis disque de fermeture rapide fermeture rapide Bouchon vidange tuyau d&rsquo;\u00e9gout pression extr\u00e9mit\u00e9 m\u00e9tal<br \/>\nKorek kontrolny spustu \u015aruba banjo bolt Wtyczka testowa spustu szybkoci\u015bnieniowa rura kanalizacyjna metalowa aluminiowa ko\u0144c\u00f3wka rury<\/p>\n<p>EPDM Gummi Eloastomere UV best\u00e4ndig rubber resistant Caoutchouc \u00c9lastom\u00e8re r\u00e9sistant vis creuse Guma Elastomery Odporne na promieniowanie<\/p>\n<p>wiederverwenden wiederverwendbar reuse reusable r\u00e9utiliser r\u00e9utilisable wielorazowy wielorazowego u\u017cytku<\/p>\n<p>gelb yellow jaune z\u00f3\u0142ty zolty<br \/>\nschwarz black noir czarny<\/p>\n<p>DN100 DN125 DN150 DN200 DN250 DN300 DN400 DN500 DN600<\/p>\n","protected":false},"excerpt":{"rendered":"<p>L&rsquo;obturateur m\u00e9canique \u00e0 vis Fernco est un produit polyvalent pour tous les syst\u00e8mes d&rsquo;assainissement. Gr\u00e2ce \u00e0 sa conception robuste, il peut \u00eatre r\u00e9utilis\u00e9 \u00e0 plusieurs reprises. La plaque est ins\u00e9r\u00e9e dans l&rsquo;extr\u00e9mit\u00e9 du tuyau (m\u00e2le ou manchon) et scelle la paroi int\u00e9rieure du tuyau. Les obturateurs Fernco peuvent \u00eatre utilis\u00e9s dans les conduites d&rsquo;\u00e9gout pour les tests de pression. Leur installation simple et rapide constitue un avantage majeur. Ils peuvent \u00e9galement servir de fermeture de nettoyage pr\u00e9ventive ou comme protection temporaire contre la salet\u00e9.<\/p>\n<p><strong>Avantages du produit :<\/strong><\/p>\n<ul>\n<li>Produit robuste qui peut \u00eatre utilis\u00e9 et r\u00e9utilis\u00e9 \u00e0 plusieurs reprises<\/li>\n<li>Polyvalent &#8211; convient \u00e0 tous types de canalisations d&rsquo;assainissement<\/li>\n<li>Installation simple<\/li>\n<li>D\u00e9montage rapide pour un retrait et une r\u00e9utilisation ais\u00e9s<\/li>\n<\/ul>\n","protected":false},"featured_media":32939,"template":"","meta":{"_acf_changed":false,"_mi_skip_tracking":false,"_monsterinsights_sitenote_active":false,"_monsterinsights_sitenote_note":"","_monsterinsights_sitenote_category":0},"product_cat":[237],"product_tag":[],"acf":[],"yoast_head":"<!-- This site is optimized with the Yoast SEO plugin v22.7 - https:\/\/yoast.com\/wordpress\/plugins\/seo\/ -->\n<title>DTP \u2013 Obturateurs m\u00e9caniques \u00e0 vis | Fernco<\/title>\n<meta name=\"description\" content=\"L&#039;obturateur m\u00e9canique \u00e0 vis Fernco : parfait pour les tests de pression des canalisations d&#039;assainissement, gr\u00e2ce \u00e0 son raccord de test avec boulon creux.\" \/>\n<meta name=\"robots\" content=\"index, follow, max-snippet:-1, max-image-preview:large, max-video-preview:-1\" \/>\n<link rel=\"canonical\" href=\"https:\/\/www.fernco.de\/fr\/produit\/obturateurs-de-canalisations\" \/>\n<meta property=\"og:locale\" content=\"fr_FR\" \/>\n<meta property=\"og:type\" content=\"article\" \/>\n<meta property=\"og:title\" content=\"DTP \u2013 Obturateurs m\u00e9caniques \u00e0 vis | Fernco\" \/>\n<meta property=\"og:description\" content=\"L&#039;obturateur m\u00e9canique \u00e0 vis Fernco : parfait pour les tests de pression des canalisations d&#039;assainissement, gr\u00e2ce \u00e0 son raccord de test avec boulon creux.\" \/>\n<meta property=\"og:url\" content=\"https:\/\/www.fernco.de\/fr\/produit\/obturateurs-de-canalisations\" \/>\n<meta property=\"og:site_name\" content=\"Fernco\" \/>\n<meta property=\"article:publisher\" content=\"https:\/\/www.facebook.com\/Flexseal\" \/>\n<meta property=\"article:modified_time\" content=\"2025-12-11T14:38:22+00:00\" \/>\n<meta property=\"og:image\" content=\"https:\/\/www.fernco.de\/wp-content\/uploads\/2020\/09\/DTP_700x394.png\" \/>\n\t<meta property=\"og:image:width\" content=\"700\" \/>\n\t<meta property=\"og:image:height\" content=\"394\" \/>\n\t<meta property=\"og:image:type\" content=\"image\/png\" \/>\n<meta name=\"twitter:card\" content=\"summary_large_image\" \/>\n<meta name=\"twitter:site\" content=\"@FlexsealUK\" \/>\n<meta name=\"twitter:label1\" content=\"Dur\u00e9e de lecture estim\u00e9e\" \/>\n\t<meta name=\"twitter:data1\" content=\"1 minute\" \/>\n<script type=\"application\/ld+json\" class=\"yoast-schema-graph\">{\"@context\":\"https:\/\/schema.org\",\"@graph\":[{\"@type\":\"WebPage\",\"@id\":\"https:\/\/www.fernco.de\/fr\/produit\/obturateurs-de-canalisations\",\"url\":\"https:\/\/www.fernco.de\/fr\/produit\/obturateurs-de-canalisations\",\"name\":\"DTP \u2013 Obturateurs m\u00e9caniques \u00e0 vis | Fernco\",\"isPartOf\":{\"@id\":\"https:\/\/www.fernco.de\/fr#website\"},\"primaryImageOfPage\":{\"@id\":\"https:\/\/www.fernco.de\/fr\/produit\/obturateurs-de-canalisations#primaryimage\"},\"image\":{\"@id\":\"https:\/\/www.fernco.de\/fr\/produit\/obturateurs-de-canalisations#primaryimage\"},\"thumbnailUrl\":\"https:\/\/www.fernco.de\/wp-content\/uploads\/2020\/09\/DTP_700x394.png\",\"datePublished\":\"2023-11-22T10:53:45+00:00\",\"dateModified\":\"2025-12-11T14:38:22+00:00\",\"description\":\"L'obturateur m\u00e9canique \u00e0 vis Fernco : parfait pour les tests de pression des canalisations d'assainissement, gr\u00e2ce \u00e0 son raccord de test avec boulon creux.\",\"breadcrumb\":{\"@id\":\"https:\/\/www.fernco.de\/fr\/produit\/obturateurs-de-canalisations#breadcrumb\"},\"inLanguage\":\"fr-FR\",\"potentialAction\":[{\"@type\":\"ReadAction\",\"target\":[\"https:\/\/www.fernco.de\/fr\/produit\/obturateurs-de-canalisations\"]}]},{\"@type\":\"ImageObject\",\"inLanguage\":\"fr-FR\",\"@id\":\"https:\/\/www.fernco.de\/fr\/produit\/obturateurs-de-canalisations#primaryimage\",\"url\":\"https:\/\/www.fernco.de\/wp-content\/uploads\/2020\/09\/DTP_700x394.png\",\"contentUrl\":\"https:\/\/www.fernco.de\/wp-content\/uploads\/2020\/09\/DTP_700x394.png\",\"width\":700,\"height\":394},{\"@type\":\"BreadcrumbList\",\"@id\":\"https:\/\/www.fernco.de\/fr\/produit\/obturateurs-de-canalisations#breadcrumb\",\"itemListElement\":[{\"@type\":\"ListItem\",\"position\":1,\"name\":\"Home\",\"item\":\"https:\/\/www.fernco.de\/fr\"},{\"@type\":\"ListItem\",\"position\":2,\"name\":\"Produits\",\"item\":\"https:\/\/www.fernco.de\/fr\/shop\"},{\"@type\":\"ListItem\",\"position\":3,\"name\":\"DTP \u2013 Obturateurs m\u00e9caniques \u00e0 vis\"}]},{\"@type\":\"WebSite\",\"@id\":\"https:\/\/www.fernco.de\/fr#website\",\"url\":\"https:\/\/www.fernco.de\/fr\",\"name\":\"Fernco\",\"description\":\"Flexible Couplings, Drainage &amp; Plumbing Systems\",\"publisher\":{\"@id\":\"https:\/\/www.fernco.de\/fr#organization\"},\"potentialAction\":[{\"@type\":\"SearchAction\",\"target\":{\"@type\":\"EntryPoint\",\"urlTemplate\":\"https:\/\/www.fernco.de\/fr?s={search_term_string}\"},\"query-input\":\"required name=search_term_string\"}],\"inLanguage\":\"fr-FR\"},{\"@type\":\"Organization\",\"@id\":\"https:\/\/www.fernco.de\/fr#organization\",\"name\":\"Fernco GmbH\",\"alternateName\":\"Fernco\",\"url\":\"https:\/\/www.fernco.de\/fr\",\"logo\":{\"@type\":\"ImageObject\",\"inLanguage\":\"fr-FR\",\"@id\":\"https:\/\/www.fernco.de\/fr#\/schema\/logo\/image\/\",\"url\":\"https:\/\/www.fernco.de\/wp-content\/uploads\/2022\/06\/fernco-logo.png\",\"contentUrl\":\"https:\/\/www.fernco.de\/wp-content\/uploads\/2022\/06\/fernco-logo.png\",\"width\":287,\"height\":50,\"caption\":\"Fernco GmbH\"},\"image\":{\"@id\":\"https:\/\/www.fernco.de\/fr#\/schema\/logo\/image\/\"},\"sameAs\":[\"https:\/\/www.facebook.com\/Flexseal\",\"https:\/\/x.com\/FlexsealUK\"]}]}<\/script>\n<!-- \/ Yoast SEO plugin. -->","yoast_head_json":{"title":"DTP \u2013 Obturateurs m\u00e9caniques \u00e0 vis | Fernco","description":"L'obturateur m\u00e9canique \u00e0 vis Fernco : parfait pour les tests de pression des canalisations d'assainissement, gr\u00e2ce \u00e0 son raccord de test avec boulon creux.","robots":{"index":"index","follow":"follow","max-snippet":"max-snippet:-1","max-image-preview":"max-image-preview:large","max-video-preview":"max-video-preview:-1"},"canonical":"https:\/\/www.fernco.de\/fr\/produit\/obturateurs-de-canalisations","og_locale":"fr_FR","og_type":"article","og_title":"DTP \u2013 Obturateurs m\u00e9caniques \u00e0 vis | Fernco","og_description":"L'obturateur m\u00e9canique \u00e0 vis Fernco : parfait pour les tests de pression des canalisations d'assainissement, gr\u00e2ce \u00e0 son raccord de test avec boulon creux.","og_url":"https:\/\/www.fernco.de\/fr\/produit\/obturateurs-de-canalisations","og_site_name":"Fernco","article_publisher":"https:\/\/www.facebook.com\/Flexseal","article_modified_time":"2025-12-11T14:38:22+00:00","og_image":[{"width":700,"height":394,"url":"https:\/\/www.fernco.de\/wp-content\/uploads\/2020\/09\/DTP_700x394.png","type":"image\/png"}],"twitter_card":"summary_large_image","twitter_site":"@FlexsealUK","twitter_misc":{"Dur\u00e9e de lecture estim\u00e9e":"1 minute"},"schema":{"@context":"https:\/\/schema.org","@graph":[{"@type":"WebPage","@id":"https:\/\/www.fernco.de\/fr\/produit\/obturateurs-de-canalisations","url":"https:\/\/www.fernco.de\/fr\/produit\/obturateurs-de-canalisations","name":"DTP \u2013 Obturateurs m\u00e9caniques \u00e0 vis | Fernco","isPartOf":{"@id":"https:\/\/www.fernco.de\/fr#website"},"primaryImageOfPage":{"@id":"https:\/\/www.fernco.de\/fr\/produit\/obturateurs-de-canalisations#primaryimage"},"image":{"@id":"https:\/\/www.fernco.de\/fr\/produit\/obturateurs-de-canalisations#primaryimage"},"thumbnailUrl":"https:\/\/www.fernco.de\/wp-content\/uploads\/2020\/09\/DTP_700x394.png","datePublished":"2023-11-22T10:53:45+00:00","dateModified":"2025-12-11T14:38:22+00:00","description":"L'obturateur m\u00e9canique \u00e0 vis Fernco : parfait pour les tests de pression des canalisations d'assainissement, gr\u00e2ce \u00e0 son raccord de test avec boulon creux.","breadcrumb":{"@id":"https:\/\/www.fernco.de\/fr\/produit\/obturateurs-de-canalisations#breadcrumb"},"inLanguage":"fr-FR","potentialAction":[{"@type":"ReadAction","target":["https:\/\/www.fernco.de\/fr\/produit\/obturateurs-de-canalisations"]}]},{"@type":"ImageObject","inLanguage":"fr-FR","@id":"https:\/\/www.fernco.de\/fr\/produit\/obturateurs-de-canalisations#primaryimage","url":"https:\/\/www.fernco.de\/wp-content\/uploads\/2020\/09\/DTP_700x394.png","contentUrl":"https:\/\/www.fernco.de\/wp-content\/uploads\/2020\/09\/DTP_700x394.png","width":700,"height":394},{"@type":"BreadcrumbList","@id":"https:\/\/www.fernco.de\/fr\/produit\/obturateurs-de-canalisations#breadcrumb","itemListElement":[{"@type":"ListItem","position":1,"name":"Home","item":"https:\/\/www.fernco.de\/fr"},{"@type":"ListItem","position":2,"name":"Produits","item":"https:\/\/www.fernco.de\/fr\/shop"},{"@type":"ListItem","position":3,"name":"DTP \u2013 Obturateurs m\u00e9caniques \u00e0 vis"}]},{"@type":"WebSite","@id":"https:\/\/www.fernco.de\/fr#website","url":"https:\/\/www.fernco.de\/fr","name":"Fernco","description":"Flexible Couplings, Drainage &amp; Plumbing Systems","publisher":{"@id":"https:\/\/www.fernco.de\/fr#organization"},"potentialAction":[{"@type":"SearchAction","target":{"@type":"EntryPoint","urlTemplate":"https:\/\/www.fernco.de\/fr?s={search_term_string}"},"query-input":"required name=search_term_string"}],"inLanguage":"fr-FR"},{"@type":"Organization","@id":"https:\/\/www.fernco.de\/fr#organization","name":"Fernco GmbH","alternateName":"Fernco","url":"https:\/\/www.fernco.de\/fr","logo":{"@type":"ImageObject","inLanguage":"fr-FR","@id":"https:\/\/www.fernco.de\/fr#\/schema\/logo\/image\/","url":"https:\/\/www.fernco.de\/wp-content\/uploads\/2022\/06\/fernco-logo.png","contentUrl":"https:\/\/www.fernco.de\/wp-content\/uploads\/2022\/06\/fernco-logo.png","width":287,"height":50,"caption":"Fernco GmbH"},"image":{"@id":"https:\/\/www.fernco.de\/fr#\/schema\/logo\/image\/"},"sameAs":["https:\/\/www.facebook.com\/Flexseal","https:\/\/x.com\/FlexsealUK"]}]}},"_links":{"self":[{"href":"https:\/\/www.fernco.de\/fr\/wp-json\/wp\/v2\/product\/28989"}],"collection":[{"href":"https:\/\/www.fernco.de\/fr\/wp-json\/wp\/v2\/product"}],"about":[{"href":"https:\/\/www.fernco.de\/fr\/wp-json\/wp\/v2\/types\/product"}],"wp:featuredmedia":[{"embeddable":true,"href":"https:\/\/www.fernco.de\/fr\/wp-json\/wp\/v2\/media\/32939"}],"wp:attachment":[{"href":"https:\/\/www.fernco.de\/fr\/wp-json\/wp\/v2\/media?parent=28989"}],"wp:term":[{"taxonomy":"product_cat","embeddable":true,"href":"https:\/\/www.fernco.de\/fr\/wp-json\/wp\/v2\/product_cat?post=28989"},{"taxonomy":"product_tag","embeddable":true,"href":"https:\/\/www.fernco.de\/fr\/wp-json\/wp\/v2\/product_tag?post=28989"}],"curies":[{"name":"wp","href":"https:\/\/api.w.org\/{rel}","templated":true}]}}