{"id":29021,"date":"2019-04-11T13:40:53","date_gmt":"2023-11-22T10:10:01","guid":{"rendered":"https:\/\/www.fernco.de\/?post_type=product&#038;p=29021"},"modified":"2025-06-02T14:41:32","modified_gmt":"2025-06-02T13:41:32","slug":"raccords-adaptateur","status":"publish","type":"product","link":"https:\/\/www.fernco.de\/fr\/produit\/raccords-adaptateur","title":{"rendered":"AC \/ AR \u2013 Raccords Adaptateurs"},"content":{"rendered":"<p>PAC0301 PQ040-032_X4 PAC0431 PQ050-032_X4 PAC0562 PAC0682 PAC0923 PAC0924 AC0633 AC0894 AC1155 AC1201 AC1221 AC1225 AC1226 AC5144 AC1361 AC1362 AC4000 AC1452 AC1552 AC1602 AC1603 AC1702 AC1703 AC1922 AC1923 AC1924 AC2000 AC2001 AC6000 AC2100 AC2101 ACOS2152 AC2154 AC2254 AC2352 AC2353 AC2354 AC2355 AC2356 AC2654 AC2655 AC2656 AC2657 AC2754 AC2756 AC9001 AC2904 AC2907 AC2908 ACOS2956 AC3204 AC3205 AC3207 AC3208 AC3209 ACOS3351 AC3608 AC3609 AC3600 AC3858 AC3850 AC4208 AC4209 AC3351O\/S* AC2956O\/S* AC2152O\/S* TACB052 TACB040<\/p>\n<p>Adapterkupplung adaptor coupling Manschettendichtungen unterschiedlicher Au\u00dfendurchmesser different outside diameters adaptateur Joints \u00e0 manchette de diff\u00e9rents diam\u00e8tres ext\u00e9rieurs Z\u0142\u0105cze adapterowe R\u00f3\u017cne \u015brednice zewn\u0119trzne Powierzchnia wewn\u0119trzna<\/p>\n<p>EPDM Gummi rubber caoutchouc guma gumowe schwarz black noir Czarny Eloastomer Elastomery NBR \u00f6lbest\u00e4ndig benzinbest\u00e4ndig resistant gasoline fuel resistant r\u00e9sistant \u00e0 l&rsquo;huile r\u00e9sistant \u00e0 l&rsquo;essence Odporne na oleje<br \/>\nV2A 1.4301 304 Edelstahl Stahl rostfrei Metall Stainless steel Metal Acier inoxydable Stal Nierdzewna<br \/>\nV4A 1.4404 316 seewasser best\u00e4ndig salzwasser meer k\u00fcsten schiffahrt coast sea ocean salt water ship shipping Odporna<br \/>\nSpannband Spannb\u00e4nder Bandes de serrage erdverlegt unterirdische \u00fcberirdische oberirdisch freiliegend buried underground above ground exposed enterr\u00e9es souterraines a\u00e9riennes a\u00e9riennes expos\u00e9es Opaska przeciw\u015bcinaj\u0105ca Odporna na obci\u0105\u017cenia \u015bcinaj\u0105ce Przeciw\u015bcinaj\u0105ca Podziemne Ods\u0142oni\u0119te<\/p>\n<p>Rohrverbindung pipe connection joint KG PVCu Kunststoffrohr plastic Betonrohr concrete Steinzeugrohr vitrified clay SML Gussrohr cast iron geripptes Rohr Rippen ribbed ribs pipes Abwasserrohr sewage<br \/>\nTiefbau Abwasser Civils Drainage Infrastruktura kanalizacji sanitarnej i deszczowej<\/p>\n","protected":false},"excerpt":{"rendered":"<p>Les raccords adaptateurs Fernco, parfois appel\u00e9s raccords r\u00e9ducteurs, sont con\u00e7us pour connecter des tuyaux d&rsquo;\u00e9vacuation ayant des diam\u00e8tres ext\u00e9rieurs diff\u00e9rents &#8211; permettant ainsi de raccorder des tuyaux d&rsquo;\u00e9vacuation de plus grand diam\u00e8tre \u00e0 des tuyaux plus petits, et inversement.<\/p>\n<ul>\n<li>Offre une m\u00e9thode rapide et efficace pour raccorder des tuyaux de mat\u00e9riaux et de diam\u00e8tres ext\u00e9rieurs diff\u00e9rents<\/li>\n<li>Produits fiables, test\u00e9s et certifi\u00e9s<\/li>\n<li>Large gamme de tailles pour s&rsquo;adapter \u00e0 de nombreuses configurations de tuyaux<\/li>\n<\/ul>\n","protected":false},"featured_media":31528,"template":"","meta":{"_acf_changed":false,"_mi_skip_tracking":false,"_monsterinsights_sitenote_active":false,"_monsterinsights_sitenote_note":"","_monsterinsights_sitenote_category":0},"product_cat":[225],"product_tag":[],"acf":[],"yoast_head":"<!-- This site is optimized with the Yoast SEO plugin v22.7 - https:\/\/yoast.com\/wordpress\/plugins\/seo\/ -->\n<title>AC \/ AR \u2013 Raccords Adaptateurs | Fernco<\/title>\n<meta name=\"description\" content=\"Les raccords adaptateurs Fernco sont con\u00e7us pour connecter de mani\u00e8re fiable des tuyaux d&#039;\u00e9vacuation sans pression, ayant des diam\u00e8tres ext\u00e9rieurs diff\u00e9rents.\" \/>\n<meta name=\"robots\" content=\"index, follow, max-snippet:-1, max-image-preview:large, max-video-preview:-1\" \/>\n<link rel=\"canonical\" href=\"https:\/\/www.fernco.de\/fr\/produit\/raccords-adaptateur\" \/>\n<meta property=\"og:locale\" content=\"fr_FR\" \/>\n<meta property=\"og:type\" content=\"article\" \/>\n<meta property=\"og:title\" content=\"AC \/ AR \u2013 Raccords Adaptateurs | Fernco\" \/>\n<meta property=\"og:description\" content=\"Les raccords adaptateurs Fernco sont con\u00e7us pour connecter de mani\u00e8re fiable des tuyaux d&#039;\u00e9vacuation sans pression, ayant des diam\u00e8tres ext\u00e9rieurs diff\u00e9rents.\" \/>\n<meta property=\"og:url\" content=\"https:\/\/www.fernco.de\/fr\/produit\/raccords-adaptateur\" \/>\n<meta property=\"og:site_name\" content=\"Fernco\" \/>\n<meta property=\"article:publisher\" content=\"https:\/\/www.facebook.com\/Flexseal\" \/>\n<meta property=\"article:modified_time\" content=\"2025-06-02T13:41:32+00:00\" \/>\n<meta property=\"og:image\" content=\"https:\/\/www.fernco.de\/wp-content\/uploads\/2024\/04\/AC_home.png\" \/>\n\t<meta property=\"og:image:width\" content=\"700\" \/>\n\t<meta property=\"og:image:height\" content=\"364\" \/>\n\t<meta property=\"og:image:type\" content=\"image\/png\" \/>\n<meta name=\"twitter:card\" content=\"summary_large_image\" \/>\n<meta name=\"twitter:site\" content=\"@FlexsealUK\" \/>\n<meta name=\"twitter:label1\" content=\"Dur\u00e9e de lecture estim\u00e9e\" \/>\n\t<meta name=\"twitter:data1\" content=\"2 minutes\" \/>\n<script type=\"application\/ld+json\" class=\"yoast-schema-graph\">{\"@context\":\"https:\/\/schema.org\",\"@graph\":[{\"@type\":\"WebPage\",\"@id\":\"https:\/\/www.fernco.de\/fr\/produit\/raccords-adaptateur\",\"url\":\"https:\/\/www.fernco.de\/fr\/produit\/raccords-adaptateur\",\"name\":\"AC \/ AR \u2013 Raccords Adaptateurs | Fernco\",\"isPartOf\":{\"@id\":\"https:\/\/www.fernco.de\/fr#website\"},\"primaryImageOfPage\":{\"@id\":\"https:\/\/www.fernco.de\/fr\/produit\/raccords-adaptateur#primaryimage\"},\"image\":{\"@id\":\"https:\/\/www.fernco.de\/fr\/produit\/raccords-adaptateur#primaryimage\"},\"thumbnailUrl\":\"https:\/\/www.fernco.de\/wp-content\/uploads\/2024\/04\/AC_home.png\",\"datePublished\":\"2023-11-22T10:10:01+00:00\",\"dateModified\":\"2025-06-02T13:41:32+00:00\",\"description\":\"Les raccords adaptateurs Fernco sont con\u00e7us pour connecter de mani\u00e8re fiable des tuyaux d'\u00e9vacuation sans pression, ayant des diam\u00e8tres ext\u00e9rieurs diff\u00e9rents.\",\"breadcrumb\":{\"@id\":\"https:\/\/www.fernco.de\/fr\/produit\/raccords-adaptateur#breadcrumb\"},\"inLanguage\":\"fr-FR\",\"potentialAction\":[{\"@type\":\"ReadAction\",\"target\":[\"https:\/\/www.fernco.de\/fr\/produit\/raccords-adaptateur\"]}]},{\"@type\":\"ImageObject\",\"inLanguage\":\"fr-FR\",\"@id\":\"https:\/\/www.fernco.de\/fr\/produit\/raccords-adaptateur#primaryimage\",\"url\":\"https:\/\/www.fernco.de\/wp-content\/uploads\/2024\/04\/AC_home.png\",\"contentUrl\":\"https:\/\/www.fernco.de\/wp-content\/uploads\/2024\/04\/AC_home.png\",\"width\":700,\"height\":364},{\"@type\":\"BreadcrumbList\",\"@id\":\"https:\/\/www.fernco.de\/fr\/produit\/raccords-adaptateur#breadcrumb\",\"itemListElement\":[{\"@type\":\"ListItem\",\"position\":1,\"name\":\"Home\",\"item\":\"https:\/\/www.fernco.de\/fr\"},{\"@type\":\"ListItem\",\"position\":2,\"name\":\"Produits\",\"item\":\"https:\/\/www.fernco.de\/fr\/shop\"},{\"@type\":\"ListItem\",\"position\":3,\"name\":\"AC \/ AR \u2013 Raccords Adaptateurs\"}]},{\"@type\":\"WebSite\",\"@id\":\"https:\/\/www.fernco.de\/fr#website\",\"url\":\"https:\/\/www.fernco.de\/fr\",\"name\":\"Fernco\",\"description\":\"Flexible Couplings, Drainage &amp; Plumbing Systems\",\"publisher\":{\"@id\":\"https:\/\/www.fernco.de\/fr#organization\"},\"potentialAction\":[{\"@type\":\"SearchAction\",\"target\":{\"@type\":\"EntryPoint\",\"urlTemplate\":\"https:\/\/www.fernco.de\/fr?s={search_term_string}\"},\"query-input\":\"required name=search_term_string\"}],\"inLanguage\":\"fr-FR\"},{\"@type\":\"Organization\",\"@id\":\"https:\/\/www.fernco.de\/fr#organization\",\"name\":\"Fernco GmbH\",\"alternateName\":\"Fernco\",\"url\":\"https:\/\/www.fernco.de\/fr\",\"logo\":{\"@type\":\"ImageObject\",\"inLanguage\":\"fr-FR\",\"@id\":\"https:\/\/www.fernco.de\/fr#\/schema\/logo\/image\/\",\"url\":\"https:\/\/www.fernco.de\/wp-content\/uploads\/2022\/06\/fernco-logo.png\",\"contentUrl\":\"https:\/\/www.fernco.de\/wp-content\/uploads\/2022\/06\/fernco-logo.png\",\"width\":287,\"height\":50,\"caption\":\"Fernco GmbH\"},\"image\":{\"@id\":\"https:\/\/www.fernco.de\/fr#\/schema\/logo\/image\/\"},\"sameAs\":[\"https:\/\/www.facebook.com\/Flexseal\",\"https:\/\/x.com\/FlexsealUK\"]}]}<\/script>\n<!-- \/ Yoast SEO plugin. -->","yoast_head_json":{"title":"AC \/ AR \u2013 Raccords Adaptateurs | Fernco","description":"Les raccords adaptateurs Fernco sont con\u00e7us pour connecter de mani\u00e8re fiable des tuyaux d'\u00e9vacuation sans pression, ayant des diam\u00e8tres ext\u00e9rieurs diff\u00e9rents.","robots":{"index":"index","follow":"follow","max-snippet":"max-snippet:-1","max-image-preview":"max-image-preview:large","max-video-preview":"max-video-preview:-1"},"canonical":"https:\/\/www.fernco.de\/fr\/produit\/raccords-adaptateur","og_locale":"fr_FR","og_type":"article","og_title":"AC \/ AR \u2013 Raccords Adaptateurs | Fernco","og_description":"Les raccords adaptateurs Fernco sont con\u00e7us pour connecter de mani\u00e8re fiable des tuyaux d'\u00e9vacuation sans pression, ayant des diam\u00e8tres ext\u00e9rieurs diff\u00e9rents.","og_url":"https:\/\/www.fernco.de\/fr\/produit\/raccords-adaptateur","og_site_name":"Fernco","article_publisher":"https:\/\/www.facebook.com\/Flexseal","article_modified_time":"2025-06-02T13:41:32+00:00","og_image":[{"width":700,"height":364,"url":"https:\/\/www.fernco.de\/wp-content\/uploads\/2024\/04\/AC_home.png","type":"image\/png"}],"twitter_card":"summary_large_image","twitter_site":"@FlexsealUK","twitter_misc":{"Dur\u00e9e de lecture estim\u00e9e":"2 minutes"},"schema":{"@context":"https:\/\/schema.org","@graph":[{"@type":"WebPage","@id":"https:\/\/www.fernco.de\/fr\/produit\/raccords-adaptateur","url":"https:\/\/www.fernco.de\/fr\/produit\/raccords-adaptateur","name":"AC \/ AR \u2013 Raccords Adaptateurs | Fernco","isPartOf":{"@id":"https:\/\/www.fernco.de\/fr#website"},"primaryImageOfPage":{"@id":"https:\/\/www.fernco.de\/fr\/produit\/raccords-adaptateur#primaryimage"},"image":{"@id":"https:\/\/www.fernco.de\/fr\/produit\/raccords-adaptateur#primaryimage"},"thumbnailUrl":"https:\/\/www.fernco.de\/wp-content\/uploads\/2024\/04\/AC_home.png","datePublished":"2023-11-22T10:10:01+00:00","dateModified":"2025-06-02T13:41:32+00:00","description":"Les raccords adaptateurs Fernco sont con\u00e7us pour connecter de mani\u00e8re fiable des tuyaux d'\u00e9vacuation sans pression, ayant des diam\u00e8tres ext\u00e9rieurs diff\u00e9rents.","breadcrumb":{"@id":"https:\/\/www.fernco.de\/fr\/produit\/raccords-adaptateur#breadcrumb"},"inLanguage":"fr-FR","potentialAction":[{"@type":"ReadAction","target":["https:\/\/www.fernco.de\/fr\/produit\/raccords-adaptateur"]}]},{"@type":"ImageObject","inLanguage":"fr-FR","@id":"https:\/\/www.fernco.de\/fr\/produit\/raccords-adaptateur#primaryimage","url":"https:\/\/www.fernco.de\/wp-content\/uploads\/2024\/04\/AC_home.png","contentUrl":"https:\/\/www.fernco.de\/wp-content\/uploads\/2024\/04\/AC_home.png","width":700,"height":364},{"@type":"BreadcrumbList","@id":"https:\/\/www.fernco.de\/fr\/produit\/raccords-adaptateur#breadcrumb","itemListElement":[{"@type":"ListItem","position":1,"name":"Home","item":"https:\/\/www.fernco.de\/fr"},{"@type":"ListItem","position":2,"name":"Produits","item":"https:\/\/www.fernco.de\/fr\/shop"},{"@type":"ListItem","position":3,"name":"AC \/ AR \u2013 Raccords Adaptateurs"}]},{"@type":"WebSite","@id":"https:\/\/www.fernco.de\/fr#website","url":"https:\/\/www.fernco.de\/fr","name":"Fernco","description":"Flexible Couplings, Drainage &amp; Plumbing Systems","publisher":{"@id":"https:\/\/www.fernco.de\/fr#organization"},"potentialAction":[{"@type":"SearchAction","target":{"@type":"EntryPoint","urlTemplate":"https:\/\/www.fernco.de\/fr?s={search_term_string}"},"query-input":"required name=search_term_string"}],"inLanguage":"fr-FR"},{"@type":"Organization","@id":"https:\/\/www.fernco.de\/fr#organization","name":"Fernco GmbH","alternateName":"Fernco","url":"https:\/\/www.fernco.de\/fr","logo":{"@type":"ImageObject","inLanguage":"fr-FR","@id":"https:\/\/www.fernco.de\/fr#\/schema\/logo\/image\/","url":"https:\/\/www.fernco.de\/wp-content\/uploads\/2022\/06\/fernco-logo.png","contentUrl":"https:\/\/www.fernco.de\/wp-content\/uploads\/2022\/06\/fernco-logo.png","width":287,"height":50,"caption":"Fernco GmbH"},"image":{"@id":"https:\/\/www.fernco.de\/fr#\/schema\/logo\/image\/"},"sameAs":["https:\/\/www.facebook.com\/Flexseal","https:\/\/x.com\/FlexsealUK"]}]}},"_links":{"self":[{"href":"https:\/\/www.fernco.de\/fr\/wp-json\/wp\/v2\/product\/29021"}],"collection":[{"href":"https:\/\/www.fernco.de\/fr\/wp-json\/wp\/v2\/product"}],"about":[{"href":"https:\/\/www.fernco.de\/fr\/wp-json\/wp\/v2\/types\/product"}],"wp:featuredmedia":[{"embeddable":true,"href":"https:\/\/www.fernco.de\/fr\/wp-json\/wp\/v2\/media\/31528"}],"wp:attachment":[{"href":"https:\/\/www.fernco.de\/fr\/wp-json\/wp\/v2\/media?parent=29021"}],"wp:term":[{"taxonomy":"product_cat","embeddable":true,"href":"https:\/\/www.fernco.de\/fr\/wp-json\/wp\/v2\/product_cat?post=29021"},{"taxonomy":"product_tag","embeddable":true,"href":"https:\/\/www.fernco.de\/fr\/wp-json\/wp\/v2\/product_tag?post=29021"}],"curies":[{"name":"wp","href":"https:\/\/api.w.org\/{rel}","templated":true}]}}