{"id":29029,"date":"2019-04-26T14:18:53","date_gmt":"2023-11-22T12:43:25","guid":{"rendered":"https:\/\/www.fernco.de\/?post_type=product&#038;p=29029"},"modified":"2026-03-11T11:12:29","modified_gmt":"2026-03-11T11:12:29","slug":"fv-fvs-clapet-pehd","status":"publish","type":"product","link":"https:\/\/www.fernco.de\/fr\/produit\/fv-fvs-clapet-pehd","title":{"rendered":"FV \u2013 Clapets de nez PEHD \u00e0 battant"},"content":{"rendered":"<p>FV100 FV150 FV200 FV250 FV300 FV350 FV400 FV450 FV500 FV600 FVS100 FVS150 FVS200 FVS250 FVS300 FVS350 FVS400 FVS450 FVS500 FVS600 WMK-01 WMK-02 FV FVS<\/p>\n<p>DN100 DN150 DN200 DN250 DN300 DN350 DN400 DN450 DN500 DN600<\/p>\n<p>HDPE EPDM CNC kunststoff plastic<\/p>\n<p>Froschklappe R\u00fcckfluss r\u00fcckstau Kanalisation Abwassersysteme R\u00fcckstauventil Klappenventil<br \/>\nFlap valve frog backflow sewage sewerage systens backwater<br \/>\nClapet de grenouille Reflux refoulement canalisation sewage Syst\u00e8mes d&rsquo;\u00e9vacuation des eaux us\u00e9es Clapet sans entretien<br \/>\nZaw\u00f3r \u017cabkowy Zaw\u00f3r zwrotny Systemy kanalizacyjne Zaw\u00f3r zwrotny Zaw\u00f3r klapowy<\/p>\n<p>recyclebar umweltfreundlich korrosionsbest\u00e4ndig corrosion resistant wartungsarm wartungsfrei low maintenance free maintenance-free sans entretien bezobs\u0142ugowy<\/p>\n<p>schwarz black noir czarny<\/p>\n","protected":false},"excerpt":{"rendered":"<p>Les clapets \u00e0 battant en PEHD (poly\u00e9thyl\u00e8ne haute densit\u00e9) Fernco offrent une solution robuste et \u00e9conomique, emp\u00eachant les reflux des canalisations d&rsquo;\u00e9gout ou d&rsquo;\u00e9vacuation.<\/p>\n<ul>\n<li>Gamme de clapets de nez PEHD \u00e0 battant l\u00e9gers<\/li>\n<li>Gamme standard en stock et disponible pour une livraison rapide<\/li>\n<li>Des clapets sur mesure peuvent \u00eatre fabriqu\u00e9s selon les exigences du client<\/li>\n<li>Disponible en montage mural, sur embo\u00eeture ou sur bride<\/li>\n<li>Faible pression d&rsquo;ouverture<\/li>\n<li>Installation facile et rapide &#8211; La liaison cadre-embo\u00eeture ne requiert pas de mortier.<\/li>\n<li>Une construction robuste et rigide<\/li>\n<li>R\u00e9sistant aux UV<\/li>\n<li>Enti\u00e8rement recyclable<\/li>\n<li>Les mat\u00e9riaux sont r\u00e9sistants \u00e0 la corrosion<\/li>\n<li>Pas ou peu d&rsquo;entretien n\u00e9cessaire<\/li>\n<li>Fabriqu\u00e9 selon la norme DIN 19569-4<\/li>\n<\/ul>\n","protected":false},"featured_media":31586,"template":"","meta":{"_acf_changed":false,"_mi_skip_tracking":false,"_monsterinsights_sitenote_active":false,"_monsterinsights_sitenote_note":"","_monsterinsights_sitenote_category":0},"product_cat":[243],"product_tag":[],"acf":[],"yoast_head":"<!-- This site is optimized with the Yoast SEO plugin v22.7 - https:\/\/yoast.com\/wordpress\/plugins\/seo\/ -->\n<title>FV \u2013 Clapets de nez PEHD \u00e0 battant | Fernco<\/title>\n<meta name=\"description\" content=\"Les clapets \u00e0 battant extra-l\u00e9gers en PEHD (poly\u00e9thyl\u00e8ne haute densit\u00e9) Fernco offrent une solution robuste et \u00e9conomique contre les reflux des canalisations d&#039;\u00e9gout ou d&#039;\u00e9vacuation.\" \/>\n<meta name=\"robots\" content=\"index, follow, max-snippet:-1, max-image-preview:large, max-video-preview:-1\" \/>\n<link rel=\"canonical\" href=\"https:\/\/www.fernco.de\/fr\/produit\/fv-fvs-clapet-pehd\" \/>\n<meta property=\"og:locale\" content=\"fr_FR\" \/>\n<meta property=\"og:type\" content=\"article\" \/>\n<meta property=\"og:title\" content=\"FV \u2013 Clapets de nez PEHD \u00e0 battant | Fernco\" \/>\n<meta property=\"og:description\" content=\"Les clapets \u00e0 battant extra-l\u00e9gers en PEHD (poly\u00e9thyl\u00e8ne haute densit\u00e9) Fernco offrent une solution robuste et \u00e9conomique contre les reflux des canalisations d&#039;\u00e9gout ou d&#039;\u00e9vacuation.\" \/>\n<meta property=\"og:url\" content=\"https:\/\/www.fernco.de\/fr\/produit\/fv-fvs-clapet-pehd\" \/>\n<meta property=\"og:site_name\" content=\"Fernco\" \/>\n<meta property=\"article:publisher\" content=\"https:\/\/www.facebook.com\/Flexseal\" \/>\n<meta property=\"article:modified_time\" content=\"2026-03-11T11:12:29+00:00\" \/>\n<meta property=\"og:image\" content=\"https:\/\/www.fernco.de\/wp-content\/uploads\/2019\/04\/FV_700x394.png\" \/>\n\t<meta property=\"og:image:width\" content=\"700\" \/>\n\t<meta property=\"og:image:height\" content=\"394\" \/>\n\t<meta property=\"og:image:type\" content=\"image\/png\" \/>\n<meta name=\"twitter:card\" content=\"summary_large_image\" \/>\n<meta name=\"twitter:site\" content=\"@FlexsealUK\" \/>\n<meta name=\"twitter:label1\" content=\"Dur\u00e9e de lecture estim\u00e9e\" \/>\n\t<meta name=\"twitter:data1\" content=\"1 minute\" \/>\n<script type=\"application\/ld+json\" class=\"yoast-schema-graph\">{\"@context\":\"https:\/\/schema.org\",\"@graph\":[{\"@type\":\"WebPage\",\"@id\":\"https:\/\/www.fernco.de\/fr\/produit\/fv-fvs-clapet-pehd\",\"url\":\"https:\/\/www.fernco.de\/fr\/produit\/fv-fvs-clapet-pehd\",\"name\":\"FV \u2013 Clapets de nez PEHD \u00e0 battant | Fernco\",\"isPartOf\":{\"@id\":\"https:\/\/www.fernco.de\/fr#website\"},\"primaryImageOfPage\":{\"@id\":\"https:\/\/www.fernco.de\/fr\/produit\/fv-fvs-clapet-pehd#primaryimage\"},\"image\":{\"@id\":\"https:\/\/www.fernco.de\/fr\/produit\/fv-fvs-clapet-pehd#primaryimage\"},\"thumbnailUrl\":\"https:\/\/www.fernco.de\/wp-content\/uploads\/2019\/04\/FV_700x394.png\",\"datePublished\":\"2023-11-22T12:43:25+00:00\",\"dateModified\":\"2026-03-11T11:12:29+00:00\",\"description\":\"Les clapets \u00e0 battant extra-l\u00e9gers en PEHD (poly\u00e9thyl\u00e8ne haute densit\u00e9) Fernco offrent une solution robuste et \u00e9conomique contre les reflux des canalisations d'\u00e9gout ou d'\u00e9vacuation.\",\"breadcrumb\":{\"@id\":\"https:\/\/www.fernco.de\/fr\/produit\/fv-fvs-clapet-pehd#breadcrumb\"},\"inLanguage\":\"fr-FR\",\"potentialAction\":[{\"@type\":\"ReadAction\",\"target\":[\"https:\/\/www.fernco.de\/fr\/produit\/fv-fvs-clapet-pehd\"]}]},{\"@type\":\"ImageObject\",\"inLanguage\":\"fr-FR\",\"@id\":\"https:\/\/www.fernco.de\/fr\/produit\/fv-fvs-clapet-pehd#primaryimage\",\"url\":\"https:\/\/www.fernco.de\/wp-content\/uploads\/2019\/04\/FV_700x394.png\",\"contentUrl\":\"https:\/\/www.fernco.de\/wp-content\/uploads\/2019\/04\/FV_700x394.png\",\"width\":700,\"height\":394},{\"@type\":\"BreadcrumbList\",\"@id\":\"https:\/\/www.fernco.de\/fr\/produit\/fv-fvs-clapet-pehd#breadcrumb\",\"itemListElement\":[{\"@type\":\"ListItem\",\"position\":1,\"name\":\"Home\",\"item\":\"https:\/\/www.fernco.de\/fr\"},{\"@type\":\"ListItem\",\"position\":2,\"name\":\"Produits\",\"item\":\"https:\/\/www.fernco.de\/fr\/shop\"},{\"@type\":\"ListItem\",\"position\":3,\"name\":\"FV \u2013 Clapets de nez PEHD \u00e0 battant\"}]},{\"@type\":\"WebSite\",\"@id\":\"https:\/\/www.fernco.de\/fr#website\",\"url\":\"https:\/\/www.fernco.de\/fr\",\"name\":\"Fernco\",\"description\":\"Flexible Couplings, Drainage &amp; Plumbing Systems\",\"publisher\":{\"@id\":\"https:\/\/www.fernco.de\/fr#organization\"},\"potentialAction\":[{\"@type\":\"SearchAction\",\"target\":{\"@type\":\"EntryPoint\",\"urlTemplate\":\"https:\/\/www.fernco.de\/fr?s={search_term_string}\"},\"query-input\":\"required name=search_term_string\"}],\"inLanguage\":\"fr-FR\"},{\"@type\":\"Organization\",\"@id\":\"https:\/\/www.fernco.de\/fr#organization\",\"name\":\"Fernco GmbH\",\"alternateName\":\"Fernco\",\"url\":\"https:\/\/www.fernco.de\/fr\",\"logo\":{\"@type\":\"ImageObject\",\"inLanguage\":\"fr-FR\",\"@id\":\"https:\/\/www.fernco.de\/fr#\/schema\/logo\/image\/\",\"url\":\"https:\/\/www.fernco.de\/wp-content\/uploads\/2022\/06\/fernco-logo.png\",\"contentUrl\":\"https:\/\/www.fernco.de\/wp-content\/uploads\/2022\/06\/fernco-logo.png\",\"width\":287,\"height\":50,\"caption\":\"Fernco GmbH\"},\"image\":{\"@id\":\"https:\/\/www.fernco.de\/fr#\/schema\/logo\/image\/\"},\"sameAs\":[\"https:\/\/www.facebook.com\/Flexseal\",\"https:\/\/x.com\/FlexsealUK\"]}]}<\/script>\n<!-- \/ Yoast SEO plugin. -->","yoast_head_json":{"title":"FV \u2013 Clapets de nez PEHD \u00e0 battant | Fernco","description":"Les clapets \u00e0 battant extra-l\u00e9gers en PEHD (poly\u00e9thyl\u00e8ne haute densit\u00e9) Fernco offrent une solution robuste et \u00e9conomique contre les reflux des canalisations d'\u00e9gout ou d'\u00e9vacuation.","robots":{"index":"index","follow":"follow","max-snippet":"max-snippet:-1","max-image-preview":"max-image-preview:large","max-video-preview":"max-video-preview:-1"},"canonical":"https:\/\/www.fernco.de\/fr\/produit\/fv-fvs-clapet-pehd","og_locale":"fr_FR","og_type":"article","og_title":"FV \u2013 Clapets de nez PEHD \u00e0 battant | Fernco","og_description":"Les clapets \u00e0 battant extra-l\u00e9gers en PEHD (poly\u00e9thyl\u00e8ne haute densit\u00e9) Fernco offrent une solution robuste et \u00e9conomique contre les reflux des canalisations d'\u00e9gout ou d'\u00e9vacuation.","og_url":"https:\/\/www.fernco.de\/fr\/produit\/fv-fvs-clapet-pehd","og_site_name":"Fernco","article_publisher":"https:\/\/www.facebook.com\/Flexseal","article_modified_time":"2026-03-11T11:12:29+00:00","og_image":[{"width":700,"height":394,"url":"https:\/\/www.fernco.de\/wp-content\/uploads\/2019\/04\/FV_700x394.png","type":"image\/png"}],"twitter_card":"summary_large_image","twitter_site":"@FlexsealUK","twitter_misc":{"Dur\u00e9e de lecture estim\u00e9e":"1 minute"},"schema":{"@context":"https:\/\/schema.org","@graph":[{"@type":"WebPage","@id":"https:\/\/www.fernco.de\/fr\/produit\/fv-fvs-clapet-pehd","url":"https:\/\/www.fernco.de\/fr\/produit\/fv-fvs-clapet-pehd","name":"FV \u2013 Clapets de nez PEHD \u00e0 battant | Fernco","isPartOf":{"@id":"https:\/\/www.fernco.de\/fr#website"},"primaryImageOfPage":{"@id":"https:\/\/www.fernco.de\/fr\/produit\/fv-fvs-clapet-pehd#primaryimage"},"image":{"@id":"https:\/\/www.fernco.de\/fr\/produit\/fv-fvs-clapet-pehd#primaryimage"},"thumbnailUrl":"https:\/\/www.fernco.de\/wp-content\/uploads\/2019\/04\/FV_700x394.png","datePublished":"2023-11-22T12:43:25+00:00","dateModified":"2026-03-11T11:12:29+00:00","description":"Les clapets \u00e0 battant extra-l\u00e9gers en PEHD (poly\u00e9thyl\u00e8ne haute densit\u00e9) Fernco offrent une solution robuste et \u00e9conomique contre les reflux des canalisations d'\u00e9gout ou d'\u00e9vacuation.","breadcrumb":{"@id":"https:\/\/www.fernco.de\/fr\/produit\/fv-fvs-clapet-pehd#breadcrumb"},"inLanguage":"fr-FR","potentialAction":[{"@type":"ReadAction","target":["https:\/\/www.fernco.de\/fr\/produit\/fv-fvs-clapet-pehd"]}]},{"@type":"ImageObject","inLanguage":"fr-FR","@id":"https:\/\/www.fernco.de\/fr\/produit\/fv-fvs-clapet-pehd#primaryimage","url":"https:\/\/www.fernco.de\/wp-content\/uploads\/2019\/04\/FV_700x394.png","contentUrl":"https:\/\/www.fernco.de\/wp-content\/uploads\/2019\/04\/FV_700x394.png","width":700,"height":394},{"@type":"BreadcrumbList","@id":"https:\/\/www.fernco.de\/fr\/produit\/fv-fvs-clapet-pehd#breadcrumb","itemListElement":[{"@type":"ListItem","position":1,"name":"Home","item":"https:\/\/www.fernco.de\/fr"},{"@type":"ListItem","position":2,"name":"Produits","item":"https:\/\/www.fernco.de\/fr\/shop"},{"@type":"ListItem","position":3,"name":"FV \u2013 Clapets de nez PEHD \u00e0 battant"}]},{"@type":"WebSite","@id":"https:\/\/www.fernco.de\/fr#website","url":"https:\/\/www.fernco.de\/fr","name":"Fernco","description":"Flexible Couplings, Drainage &amp; Plumbing Systems","publisher":{"@id":"https:\/\/www.fernco.de\/fr#organization"},"potentialAction":[{"@type":"SearchAction","target":{"@type":"EntryPoint","urlTemplate":"https:\/\/www.fernco.de\/fr?s={search_term_string}"},"query-input":"required name=search_term_string"}],"inLanguage":"fr-FR"},{"@type":"Organization","@id":"https:\/\/www.fernco.de\/fr#organization","name":"Fernco GmbH","alternateName":"Fernco","url":"https:\/\/www.fernco.de\/fr","logo":{"@type":"ImageObject","inLanguage":"fr-FR","@id":"https:\/\/www.fernco.de\/fr#\/schema\/logo\/image\/","url":"https:\/\/www.fernco.de\/wp-content\/uploads\/2022\/06\/fernco-logo.png","contentUrl":"https:\/\/www.fernco.de\/wp-content\/uploads\/2022\/06\/fernco-logo.png","width":287,"height":50,"caption":"Fernco GmbH"},"image":{"@id":"https:\/\/www.fernco.de\/fr#\/schema\/logo\/image\/"},"sameAs":["https:\/\/www.facebook.com\/Flexseal","https:\/\/x.com\/FlexsealUK"]}]}},"_links":{"self":[{"href":"https:\/\/www.fernco.de\/fr\/wp-json\/wp\/v2\/product\/29029"}],"collection":[{"href":"https:\/\/www.fernco.de\/fr\/wp-json\/wp\/v2\/product"}],"about":[{"href":"https:\/\/www.fernco.de\/fr\/wp-json\/wp\/v2\/types\/product"}],"wp:featuredmedia":[{"embeddable":true,"href":"https:\/\/www.fernco.de\/fr\/wp-json\/wp\/v2\/media\/31586"}],"wp:attachment":[{"href":"https:\/\/www.fernco.de\/fr\/wp-json\/wp\/v2\/media?parent=29029"}],"wp:term":[{"taxonomy":"product_cat","embeddable":true,"href":"https:\/\/www.fernco.de\/fr\/wp-json\/wp\/v2\/product_cat?post=29029"},{"taxonomy":"product_tag","embeddable":true,"href":"https:\/\/www.fernco.de\/fr\/wp-json\/wp\/v2\/product_tag?post=29029"}],"curies":[{"name":"wp","href":"https:\/\/api.w.org\/{rel}","templated":true}]}}