{"id":29044,"date":"2023-11-22T12:54:13","date_gmt":"2023-11-22T12:54:13","guid":{"rendered":"https:\/\/www.fernco.de\/?post_type=product&#038;p=29044"},"modified":"2025-06-05T12:42:41","modified_gmt":"2025-06-05T11:42:41","slug":"collecteur-de-sol","status":"publish","type":"product","link":"https:\/\/www.fernco.de\/fr\/produit\/collecteur-de-sol","title":{"rendered":"BARTOL 4 \u2013 Multiconnecteur de chute unique"},"content":{"rendered":"<p>culotte multi-connecteur multi-connecteur culotte chute unique chute unique \u00e9vacuation eaux us\u00e9es multi connection<br \/>\nplomberie assainissement \u00e9vacuation des eaux us\u00e9es<\/p>\n","protected":false},"excerpt":{"rendered":"<p>Le multiconnecteur BARTOL\u00ae 4 de Fernco est la seule culotte en PVC gris, m\u00e2le-femelle DN 100-110 mm, \u00e9quip\u00e9e de 4 entr\u00e9es eaux us\u00e9es multi-diam\u00e8tres DN 32-40-50mm, et b\u00e9n\u00e9ficiant d&rsquo;un Avis Technique du CSTB.<\/p>\n<p>Avec BARTOL\u00ae 4, vous ofaites le choix de la simplicit\u00e9 : une seule et unique r\u00e9f\u00e9rence de produit pour vos chantiers, permettant de raccorder jusqu\u2019\u00e0 quatre appareils terminaux en un seul point.<\/p>\n<p><strong>Domaines d&rsquo;application<\/strong><\/p>\n<p>BARTOL\u00ae 4 est le seul multiconnecteur du march\u00e9 qui est livr\u00e9 en \u00e9tant pr\u00eat \u00e0 \u00eatre raccord\u00e9 sur chantier :<\/p>\n<ul>\n<li>1 entr\u00e9e femelle DN 100-110 pr\u00e9-\u00e9quip\u00e9e d\u2019un joint de dilatation en EPDM<\/li>\n<li>1 sortie m\u00e2le DN 100-110 assurant la liaison avec la chute, par collage ou joint.<\/li>\n<li>4 possibilit\u00e9s de branchements pour 3 diam\u00e8tres de tuyaux diff\u00e9rents (DN 32-40-50), chaque entr\u00e9e est pr\u00e9-\u00e9quip\u00e9e d\u2019un joint de dilatation en EPDM<br \/>\nAvec BARTOL\u00ae 4, maximisez les possibilit\u00e9s de branchements verticaux des eaux us\u00e9es sans n\u00e9cessiter de d\u00e9soperculage ni l&rsquo;ajout de r\u00e9ductions 40\/32 ou 50\/40. Gr\u00e2ce \u00e0 BARTOL\u00ae 4, r\u00e9alisez le proc\u00e9d\u00e9 de chute unique sans ventilation secondaire, conform\u00e9ment \u00e0 la norme NF EN 12056-2.<\/li>\n<\/ul>\n<p>Adapt\u00e9 \u00e0 de nouvelles applications comme \u00e0 celles de r\u00e9novation.<\/p>\n","protected":false},"featured_media":29045,"template":"","meta":{"_acf_changed":false,"_mi_skip_tracking":false,"_monsterinsights_sitenote_active":false,"_monsterinsights_sitenote_note":"","_monsterinsights_sitenote_category":0},"product_cat":[241],"product_tag":[],"acf":[],"yoast_head":"<!-- This site is optimized with the Yoast SEO plugin v22.7 - https:\/\/yoast.com\/wordpress\/plugins\/seo\/ -->\n<title>BARTOL 4 \u2013 Multiconnecteur de chute unique | Fernco<\/title>\n<meta name=\"description\" content=\"Le collecteur de sol de Fernco, anciennement connu sous le nom de Flexseal, offre une solution efficace pour le raccordement de quatre entr\u00e9es d&#039;eaux us\u00e9es \u00e0 un seul syst\u00e8me de sol.\" \/>\n<meta name=\"robots\" content=\"index, follow, max-snippet:-1, max-image-preview:large, max-video-preview:-1\" \/>\n<link rel=\"canonical\" href=\"https:\/\/www.fernco.de\/fr\/produit\/collecteur-de-sol\" \/>\n<meta property=\"og:locale\" content=\"fr_FR\" \/>\n<meta property=\"og:type\" content=\"article\" \/>\n<meta property=\"og:title\" content=\"BARTOL 4 \u2013 Multiconnecteur de chute unique | Fernco\" \/>\n<meta property=\"og:description\" content=\"Le collecteur de sol de Fernco, anciennement connu sous le nom de Flexseal, offre une solution efficace pour le raccordement de quatre entr\u00e9es d&#039;eaux us\u00e9es \u00e0 un seul syst\u00e8me de sol.\" \/>\n<meta property=\"og:url\" content=\"https:\/\/www.fernco.de\/fr\/produit\/collecteur-de-sol\" \/>\n<meta property=\"og:site_name\" content=\"Fernco\" \/>\n<meta property=\"article:publisher\" content=\"https:\/\/www.facebook.com\/Flexseal\" \/>\n<meta property=\"article:modified_time\" content=\"2025-06-05T11:42:41+00:00\" \/>\n<meta property=\"og:image\" content=\"https:\/\/www.fernco.de\/wp-content\/uploads\/2023\/11\/Soil-Manifold-700x394-1.png\" \/>\n\t<meta property=\"og:image:width\" content=\"700\" \/>\n\t<meta property=\"og:image:height\" content=\"394\" \/>\n\t<meta property=\"og:image:type\" content=\"image\/png\" \/>\n<meta name=\"twitter:card\" content=\"summary_large_image\" \/>\n<meta name=\"twitter:site\" content=\"@FlexsealUK\" \/>\n<meta name=\"twitter:label1\" content=\"Dur\u00e9e de lecture estim\u00e9e\" \/>\n\t<meta name=\"twitter:data1\" content=\"1 minute\" \/>\n<script type=\"application\/ld+json\" class=\"yoast-schema-graph\">{\"@context\":\"https:\/\/schema.org\",\"@graph\":[{\"@type\":\"WebPage\",\"@id\":\"https:\/\/www.fernco.de\/fr\/produit\/collecteur-de-sol\",\"url\":\"https:\/\/www.fernco.de\/fr\/produit\/collecteur-de-sol\",\"name\":\"BARTOL 4 \u2013 Multiconnecteur de chute unique | Fernco\",\"isPartOf\":{\"@id\":\"https:\/\/www.fernco.de\/fr#website\"},\"primaryImageOfPage\":{\"@id\":\"https:\/\/www.fernco.de\/fr\/produit\/collecteur-de-sol#primaryimage\"},\"image\":{\"@id\":\"https:\/\/www.fernco.de\/fr\/produit\/collecteur-de-sol#primaryimage\"},\"thumbnailUrl\":\"https:\/\/www.fernco.de\/wp-content\/uploads\/2023\/11\/Soil-Manifold-700x394-1.png\",\"datePublished\":\"2023-11-22T12:54:13+00:00\",\"dateModified\":\"2025-06-05T11:42:41+00:00\",\"description\":\"Le collecteur de sol de Fernco, anciennement connu sous le nom de Flexseal, offre une solution efficace pour le raccordement de quatre entr\u00e9es d'eaux us\u00e9es \u00e0 un seul syst\u00e8me de sol.\",\"breadcrumb\":{\"@id\":\"https:\/\/www.fernco.de\/fr\/produit\/collecteur-de-sol#breadcrumb\"},\"inLanguage\":\"fr-FR\",\"potentialAction\":[{\"@type\":\"ReadAction\",\"target\":[\"https:\/\/www.fernco.de\/fr\/produit\/collecteur-de-sol\"]}]},{\"@type\":\"ImageObject\",\"inLanguage\":\"fr-FR\",\"@id\":\"https:\/\/www.fernco.de\/fr\/produit\/collecteur-de-sol#primaryimage\",\"url\":\"https:\/\/www.fernco.de\/wp-content\/uploads\/2023\/11\/Soil-Manifold-700x394-1.png\",\"contentUrl\":\"https:\/\/www.fernco.de\/wp-content\/uploads\/2023\/11\/Soil-Manifold-700x394-1.png\",\"width\":700,\"height\":394},{\"@type\":\"BreadcrumbList\",\"@id\":\"https:\/\/www.fernco.de\/fr\/produit\/collecteur-de-sol#breadcrumb\",\"itemListElement\":[{\"@type\":\"ListItem\",\"position\":1,\"name\":\"Home\",\"item\":\"https:\/\/www.fernco.de\/fr\"},{\"@type\":\"ListItem\",\"position\":2,\"name\":\"Produits\",\"item\":\"https:\/\/www.fernco.de\/fr\/shop\"},{\"@type\":\"ListItem\",\"position\":3,\"name\":\"BARTOL 4 \u2013 Multiconnecteur de chute unique\"}]},{\"@type\":\"WebSite\",\"@id\":\"https:\/\/www.fernco.de\/fr#website\",\"url\":\"https:\/\/www.fernco.de\/fr\",\"name\":\"Fernco\",\"description\":\"Flexible Couplings, Drainage &amp; Plumbing Systems\",\"publisher\":{\"@id\":\"https:\/\/www.fernco.de\/fr#organization\"},\"potentialAction\":[{\"@type\":\"SearchAction\",\"target\":{\"@type\":\"EntryPoint\",\"urlTemplate\":\"https:\/\/www.fernco.de\/fr?s={search_term_string}\"},\"query-input\":\"required name=search_term_string\"}],\"inLanguage\":\"fr-FR\"},{\"@type\":\"Organization\",\"@id\":\"https:\/\/www.fernco.de\/fr#organization\",\"name\":\"Fernco GmbH\",\"alternateName\":\"Fernco\",\"url\":\"https:\/\/www.fernco.de\/fr\",\"logo\":{\"@type\":\"ImageObject\",\"inLanguage\":\"fr-FR\",\"@id\":\"https:\/\/www.fernco.de\/fr#\/schema\/logo\/image\/\",\"url\":\"https:\/\/www.fernco.de\/wp-content\/uploads\/2022\/06\/fernco-logo.png\",\"contentUrl\":\"https:\/\/www.fernco.de\/wp-content\/uploads\/2022\/06\/fernco-logo.png\",\"width\":287,\"height\":50,\"caption\":\"Fernco GmbH\"},\"image\":{\"@id\":\"https:\/\/www.fernco.de\/fr#\/schema\/logo\/image\/\"},\"sameAs\":[\"https:\/\/www.facebook.com\/Flexseal\",\"https:\/\/x.com\/FlexsealUK\"]}]}<\/script>\n<!-- \/ Yoast SEO plugin. -->","yoast_head_json":{"title":"BARTOL 4 \u2013 Multiconnecteur de chute unique | Fernco","description":"Le collecteur de sol de Fernco, anciennement connu sous le nom de Flexseal, offre une solution efficace pour le raccordement de quatre entr\u00e9es d'eaux us\u00e9es \u00e0 un seul syst\u00e8me de sol.","robots":{"index":"index","follow":"follow","max-snippet":"max-snippet:-1","max-image-preview":"max-image-preview:large","max-video-preview":"max-video-preview:-1"},"canonical":"https:\/\/www.fernco.de\/fr\/produit\/collecteur-de-sol","og_locale":"fr_FR","og_type":"article","og_title":"BARTOL 4 \u2013 Multiconnecteur de chute unique | Fernco","og_description":"Le collecteur de sol de Fernco, anciennement connu sous le nom de Flexseal, offre une solution efficace pour le raccordement de quatre entr\u00e9es d'eaux us\u00e9es \u00e0 un seul syst\u00e8me de sol.","og_url":"https:\/\/www.fernco.de\/fr\/produit\/collecteur-de-sol","og_site_name":"Fernco","article_publisher":"https:\/\/www.facebook.com\/Flexseal","article_modified_time":"2025-06-05T11:42:41+00:00","og_image":[{"width":700,"height":394,"url":"https:\/\/www.fernco.de\/wp-content\/uploads\/2023\/11\/Soil-Manifold-700x394-1.png","type":"image\/png"}],"twitter_card":"summary_large_image","twitter_site":"@FlexsealUK","twitter_misc":{"Dur\u00e9e de lecture estim\u00e9e":"1 minute"},"schema":{"@context":"https:\/\/schema.org","@graph":[{"@type":"WebPage","@id":"https:\/\/www.fernco.de\/fr\/produit\/collecteur-de-sol","url":"https:\/\/www.fernco.de\/fr\/produit\/collecteur-de-sol","name":"BARTOL 4 \u2013 Multiconnecteur de chute unique | Fernco","isPartOf":{"@id":"https:\/\/www.fernco.de\/fr#website"},"primaryImageOfPage":{"@id":"https:\/\/www.fernco.de\/fr\/produit\/collecteur-de-sol#primaryimage"},"image":{"@id":"https:\/\/www.fernco.de\/fr\/produit\/collecteur-de-sol#primaryimage"},"thumbnailUrl":"https:\/\/www.fernco.de\/wp-content\/uploads\/2023\/11\/Soil-Manifold-700x394-1.png","datePublished":"2023-11-22T12:54:13+00:00","dateModified":"2025-06-05T11:42:41+00:00","description":"Le collecteur de sol de Fernco, anciennement connu sous le nom de Flexseal, offre une solution efficace pour le raccordement de quatre entr\u00e9es d'eaux us\u00e9es \u00e0 un seul syst\u00e8me de sol.","breadcrumb":{"@id":"https:\/\/www.fernco.de\/fr\/produit\/collecteur-de-sol#breadcrumb"},"inLanguage":"fr-FR","potentialAction":[{"@type":"ReadAction","target":["https:\/\/www.fernco.de\/fr\/produit\/collecteur-de-sol"]}]},{"@type":"ImageObject","inLanguage":"fr-FR","@id":"https:\/\/www.fernco.de\/fr\/produit\/collecteur-de-sol#primaryimage","url":"https:\/\/www.fernco.de\/wp-content\/uploads\/2023\/11\/Soil-Manifold-700x394-1.png","contentUrl":"https:\/\/www.fernco.de\/wp-content\/uploads\/2023\/11\/Soil-Manifold-700x394-1.png","width":700,"height":394},{"@type":"BreadcrumbList","@id":"https:\/\/www.fernco.de\/fr\/produit\/collecteur-de-sol#breadcrumb","itemListElement":[{"@type":"ListItem","position":1,"name":"Home","item":"https:\/\/www.fernco.de\/fr"},{"@type":"ListItem","position":2,"name":"Produits","item":"https:\/\/www.fernco.de\/fr\/shop"},{"@type":"ListItem","position":3,"name":"BARTOL 4 \u2013 Multiconnecteur de chute unique"}]},{"@type":"WebSite","@id":"https:\/\/www.fernco.de\/fr#website","url":"https:\/\/www.fernco.de\/fr","name":"Fernco","description":"Flexible Couplings, Drainage &amp; Plumbing Systems","publisher":{"@id":"https:\/\/www.fernco.de\/fr#organization"},"potentialAction":[{"@type":"SearchAction","target":{"@type":"EntryPoint","urlTemplate":"https:\/\/www.fernco.de\/fr?s={search_term_string}"},"query-input":"required name=search_term_string"}],"inLanguage":"fr-FR"},{"@type":"Organization","@id":"https:\/\/www.fernco.de\/fr#organization","name":"Fernco GmbH","alternateName":"Fernco","url":"https:\/\/www.fernco.de\/fr","logo":{"@type":"ImageObject","inLanguage":"fr-FR","@id":"https:\/\/www.fernco.de\/fr#\/schema\/logo\/image\/","url":"https:\/\/www.fernco.de\/wp-content\/uploads\/2022\/06\/fernco-logo.png","contentUrl":"https:\/\/www.fernco.de\/wp-content\/uploads\/2022\/06\/fernco-logo.png","width":287,"height":50,"caption":"Fernco GmbH"},"image":{"@id":"https:\/\/www.fernco.de\/fr#\/schema\/logo\/image\/"},"sameAs":["https:\/\/www.facebook.com\/Flexseal","https:\/\/x.com\/FlexsealUK"]}]}},"_links":{"self":[{"href":"https:\/\/www.fernco.de\/fr\/wp-json\/wp\/v2\/product\/29044"}],"collection":[{"href":"https:\/\/www.fernco.de\/fr\/wp-json\/wp\/v2\/product"}],"about":[{"href":"https:\/\/www.fernco.de\/fr\/wp-json\/wp\/v2\/types\/product"}],"wp:featuredmedia":[{"embeddable":true,"href":"https:\/\/www.fernco.de\/fr\/wp-json\/wp\/v2\/media\/29045"}],"wp:attachment":[{"href":"https:\/\/www.fernco.de\/fr\/wp-json\/wp\/v2\/media?parent=29044"}],"wp:term":[{"taxonomy":"product_cat","embeddable":true,"href":"https:\/\/www.fernco.de\/fr\/wp-json\/wp\/v2\/product_cat?post=29044"},{"taxonomy":"product_tag","embeddable":true,"href":"https:\/\/www.fernco.de\/fr\/wp-json\/wp\/v2\/product_tag?post=29044"}],"curies":[{"name":"wp","href":"https:\/\/api.w.org\/{rel}","templated":true}]}}