{"id":29230,"date":"2023-11-30T13:52:14","date_gmt":"2023-11-30T13:52:14","guid":{"rendered":"https:\/\/www.fernco.de\/?post_type=product&#038;p=29230"},"modified":"2025-09-26T14:19:03","modified_gmt":"2025-09-26T13:19:03","slug":"raccords-en-pvc-gris","status":"publish","type":"product","link":"https:\/\/www.fernco.de\/fr\/produit\/raccords-en-pvc-gris","title":{"rendered":"PlumbQwik\u2122 \u2013 Raccords \u00e9vacuation PVC Gris"},"content":{"rendered":"<p>Manschettendichtungen Drainagekupplungen Drainagesysteme Adapterkupplung Rohrverbindungen Sanit\u00e4rfachhandel Abwassersysteme Abwasserrohre Abflussleitung Entl\u00fcftungsssysteme Entw\u00e4sserungssysteme Reparaturen Haushalt Industrie \u00fcberirdische unterdirdisch wasserdicht luftdicht Adapter Rohrbogen T-Verbinder\u00a0 Bad 90\u00b0 Endkappen gerade<\/p>\n<p>couplings drainage systems adaptors pipes connections sanitary Plumbing bath Elbow bends Tee flexible domestic industrial airing drain repair household underground watertight airtight multi end cups straight<\/p>\n<p>EPDM PVC Gummi rubber schwarz grau black grey gray Eloastomer NBR \u00f6lbest\u00e4ndig benzinbest\u00e4ndig resistant gasoline fuel resistant<br \/>\nV2A 1.4301 304 Edelstahl Stahl rostfrei Metall Stainless steel Metal<br \/>\nV4A 1.4404 316<\/p>\n<p>Rohrverbindungen pipes connections joints KG Kunststoffrohre plastics Abwasserrohre Abflusssysteme sewage<\/p>\n<p>Joints \u00e0 manchons Raccords de drainage Syst\u00e8mes de drainage Raccords d&rsquo;adaptateurs Raccords de tuyauterie Commerce sp\u00e9cialis\u00e9 en plomberie Syst\u00e8mes d&rsquo;\u00e9vacuation Tuyaux d&rsquo;\u00e9vacuation Conduite d&rsquo;\u00e9vacuation Syst\u00e8mes d&rsquo;\u00e9vacuation Syst\u00e8mes de drainage R\u00e9parations m\u00e9nag\u00e8res Industrie souterraine \u00e9tanche \u00e0 l&rsquo;eau \u00e9tanche \u00e0 l&rsquo;air Adaptateurs Coudes de tuyaux Raccords en T Bain 90\u00b0 Embouts droits<\/p>\n<p>couplings drainage systems adaptors pipes connections sanitary Plumbing bath Elbow bends Tee flexible domestic industrial airing drain repair household underground watertight airtight multi end cups straight<\/p>\n<p>EPDM PVC caoutchouc rubber noir gris black grey gray Eloastomer NBR r\u00e9sistant \u00e0 l&rsquo;huile r\u00e9sistant \u00e0 l&rsquo;essence resistant gasoline fuel resistant<br \/>\nV2A 1.4301 304 Acier inoxydable Stainless steel Metal<br \/>\nV4A 1.4404 316<\/p>\n<p>Rohrverbindungen pipes connections joints KG Tubes en plastique plastics Tubes d&rsquo;\u00e9vacuation Syst\u00e8mes d&rsquo;\u00e9vacuation sewage<\/p>\n","protected":false},"excerpt":{"rendered":"<p>PlumbQwik\u2122 de Fernco est une gamme de raccords souples et multi-mat\u00e9riaux en PVC gris, con\u00e7us pour raccorder des tuyaux d\u2019\u00e9vacuation sanitaire les plus courants et aux applications de drainage hors sol, que l\u2019on trouve g\u00e9n\u00e9ralement sous les \u00e9viers de cuisine, les bacs \u00e0 douche, les baignoires, derri\u00e8re les machines \u00e0 laver, etc.<\/p>\n<ul>\n<li>Esth\u00e9tisme : couleur identique \u00e0 celle des tubes PVC \u00e9vacuation<\/li>\n<li>Con\u00e7u pour les applications d\u2019eaux us\u00e9es et d\u2019eaux grises<\/li>\n<li>Connecte des syst\u00e8mes de tuyaux normalement incompatibles<\/li>\n<li>Large gamme de variantes de type droit et adaptateur<\/li>\n<li>Extr\u00eamement facile \u00e0 installer \u00e0 l\u2019aide d\u2019un tourne-\u00e9crou ou d\u2019un tournevis<\/li>\n<li>Montable et d\u00e9montable au besoin<\/li>\n<\/ul>\n","protected":false},"featured_media":29231,"template":"","meta":{"_acf_changed":false,"_mi_skip_tracking":false,"_monsterinsights_sitenote_active":false,"_monsterinsights_sitenote_note":"","_monsterinsights_sitenote_category":0},"product_cat":[241],"product_tag":[],"acf":[],"yoast_head":"<!-- This site is optimized with the Yoast SEO plugin v22.7 - https:\/\/yoast.com\/wordpress\/plugins\/seo\/ -->\n<title>PlumbQwik\u2122 \u2013 Raccords \u00e9vacuation PVC Gris | Fernco<\/title>\n<meta name=\"description\" content=\"PlumbQwik\u2122 de Fernco est une gamme de raccords souples et multi-mat\u00e9riaux en PVC gris, con\u00e7us pour raccorder des tuyaux d\u2019\u00e9vacuation sanitaire les plus courants\" \/>\n<meta name=\"robots\" content=\"index, follow, max-snippet:-1, max-image-preview:large, max-video-preview:-1\" \/>\n<link rel=\"canonical\" href=\"https:\/\/www.fernco.de\/fr\/produit\/raccords-en-pvc-gris\" \/>\n<meta property=\"og:locale\" content=\"fr_FR\" \/>\n<meta property=\"og:type\" content=\"article\" \/>\n<meta property=\"og:title\" content=\"PlumbQwik\u2122 \u2013 Raccords \u00e9vacuation PVC Gris | Fernco\" \/>\n<meta property=\"og:description\" content=\"PlumbQwik\u2122 de Fernco est une gamme de raccords souples et multi-mat\u00e9riaux en PVC gris, con\u00e7us pour raccorder des tuyaux d\u2019\u00e9vacuation sanitaire les plus courants\" \/>\n<meta property=\"og:url\" content=\"https:\/\/www.fernco.de\/fr\/produit\/raccords-en-pvc-gris\" \/>\n<meta property=\"og:site_name\" content=\"Fernco\" \/>\n<meta property=\"article:publisher\" content=\"https:\/\/www.facebook.com\/Flexseal\" \/>\n<meta property=\"article:modified_time\" content=\"2025-09-26T13:19:03+00:00\" \/>\n<meta property=\"og:image\" content=\"https:\/\/www.fernco.de\/wp-content\/uploads\/2023\/11\/Sanitar.png\" \/>\n\t<meta property=\"og:image:width\" content=\"640\" \/>\n\t<meta property=\"og:image:height\" content=\"414\" \/>\n\t<meta property=\"og:image:type\" content=\"image\/png\" \/>\n<meta name=\"twitter:card\" content=\"summary_large_image\" \/>\n<meta name=\"twitter:site\" content=\"@FlexsealUK\" \/>\n<meta name=\"twitter:label1\" content=\"Dur\u00e9e de lecture estim\u00e9e\" \/>\n\t<meta name=\"twitter:data1\" content=\"2 minutes\" \/>\n<script type=\"application\/ld+json\" class=\"yoast-schema-graph\">{\"@context\":\"https:\/\/schema.org\",\"@graph\":[{\"@type\":\"WebPage\",\"@id\":\"https:\/\/www.fernco.de\/fr\/produit\/raccords-en-pvc-gris\",\"url\":\"https:\/\/www.fernco.de\/fr\/produit\/raccords-en-pvc-gris\",\"name\":\"PlumbQwik\u2122 \u2013 Raccords \u00e9vacuation PVC Gris | Fernco\",\"isPartOf\":{\"@id\":\"https:\/\/www.fernco.de\/fr#website\"},\"primaryImageOfPage\":{\"@id\":\"https:\/\/www.fernco.de\/fr\/produit\/raccords-en-pvc-gris#primaryimage\"},\"image\":{\"@id\":\"https:\/\/www.fernco.de\/fr\/produit\/raccords-en-pvc-gris#primaryimage\"},\"thumbnailUrl\":\"https:\/\/www.fernco.de\/wp-content\/uploads\/2023\/11\/Sanitar.png\",\"datePublished\":\"2023-11-30T13:52:14+00:00\",\"dateModified\":\"2025-09-26T13:19:03+00:00\",\"description\":\"PlumbQwik\u2122 de Fernco est une gamme de raccords souples et multi-mat\u00e9riaux en PVC gris, con\u00e7us pour raccorder des tuyaux d\u2019\u00e9vacuation sanitaire les plus courants\",\"breadcrumb\":{\"@id\":\"https:\/\/www.fernco.de\/fr\/produit\/raccords-en-pvc-gris#breadcrumb\"},\"inLanguage\":\"fr-FR\",\"potentialAction\":[{\"@type\":\"ReadAction\",\"target\":[\"https:\/\/www.fernco.de\/fr\/produit\/raccords-en-pvc-gris\"]}]},{\"@type\":\"ImageObject\",\"inLanguage\":\"fr-FR\",\"@id\":\"https:\/\/www.fernco.de\/fr\/produit\/raccords-en-pvc-gris#primaryimage\",\"url\":\"https:\/\/www.fernco.de\/wp-content\/uploads\/2023\/11\/Sanitar.png\",\"contentUrl\":\"https:\/\/www.fernco.de\/wp-content\/uploads\/2023\/11\/Sanitar.png\",\"width\":640,\"height\":414},{\"@type\":\"BreadcrumbList\",\"@id\":\"https:\/\/www.fernco.de\/fr\/produit\/raccords-en-pvc-gris#breadcrumb\",\"itemListElement\":[{\"@type\":\"ListItem\",\"position\":1,\"name\":\"Home\",\"item\":\"https:\/\/www.fernco.de\/fr\"},{\"@type\":\"ListItem\",\"position\":2,\"name\":\"Produits\",\"item\":\"https:\/\/www.fernco.de\/fr\/shop\"},{\"@type\":\"ListItem\",\"position\":3,\"name\":\"PlumbQwik\u2122 \u2013 Raccords \u00e9vacuation PVC Gris\"}]},{\"@type\":\"WebSite\",\"@id\":\"https:\/\/www.fernco.de\/fr#website\",\"url\":\"https:\/\/www.fernco.de\/fr\",\"name\":\"Fernco\",\"description\":\"Flexible Couplings, Drainage &amp; Plumbing Systems\",\"publisher\":{\"@id\":\"https:\/\/www.fernco.de\/fr#organization\"},\"potentialAction\":[{\"@type\":\"SearchAction\",\"target\":{\"@type\":\"EntryPoint\",\"urlTemplate\":\"https:\/\/www.fernco.de\/fr?s={search_term_string}\"},\"query-input\":\"required name=search_term_string\"}],\"inLanguage\":\"fr-FR\"},{\"@type\":\"Organization\",\"@id\":\"https:\/\/www.fernco.de\/fr#organization\",\"name\":\"Fernco GmbH\",\"alternateName\":\"Fernco\",\"url\":\"https:\/\/www.fernco.de\/fr\",\"logo\":{\"@type\":\"ImageObject\",\"inLanguage\":\"fr-FR\",\"@id\":\"https:\/\/www.fernco.de\/fr#\/schema\/logo\/image\/\",\"url\":\"https:\/\/www.fernco.de\/wp-content\/uploads\/2022\/06\/fernco-logo.png\",\"contentUrl\":\"https:\/\/www.fernco.de\/wp-content\/uploads\/2022\/06\/fernco-logo.png\",\"width\":287,\"height\":50,\"caption\":\"Fernco GmbH\"},\"image\":{\"@id\":\"https:\/\/www.fernco.de\/fr#\/schema\/logo\/image\/\"},\"sameAs\":[\"https:\/\/www.facebook.com\/Flexseal\",\"https:\/\/x.com\/FlexsealUK\"]}]}<\/script>\n<!-- \/ Yoast SEO plugin. -->","yoast_head_json":{"title":"PlumbQwik\u2122 \u2013 Raccords \u00e9vacuation PVC Gris | Fernco","description":"PlumbQwik\u2122 de Fernco est une gamme de raccords souples et multi-mat\u00e9riaux en PVC gris, con\u00e7us pour raccorder des tuyaux d\u2019\u00e9vacuation sanitaire les plus courants","robots":{"index":"index","follow":"follow","max-snippet":"max-snippet:-1","max-image-preview":"max-image-preview:large","max-video-preview":"max-video-preview:-1"},"canonical":"https:\/\/www.fernco.de\/fr\/produit\/raccords-en-pvc-gris","og_locale":"fr_FR","og_type":"article","og_title":"PlumbQwik\u2122 \u2013 Raccords \u00e9vacuation PVC Gris | Fernco","og_description":"PlumbQwik\u2122 de Fernco est une gamme de raccords souples et multi-mat\u00e9riaux en PVC gris, con\u00e7us pour raccorder des tuyaux d\u2019\u00e9vacuation sanitaire les plus courants","og_url":"https:\/\/www.fernco.de\/fr\/produit\/raccords-en-pvc-gris","og_site_name":"Fernco","article_publisher":"https:\/\/www.facebook.com\/Flexseal","article_modified_time":"2025-09-26T13:19:03+00:00","og_image":[{"width":640,"height":414,"url":"https:\/\/www.fernco.de\/wp-content\/uploads\/2023\/11\/Sanitar.png","type":"image\/png"}],"twitter_card":"summary_large_image","twitter_site":"@FlexsealUK","twitter_misc":{"Dur\u00e9e de lecture estim\u00e9e":"2 minutes"},"schema":{"@context":"https:\/\/schema.org","@graph":[{"@type":"WebPage","@id":"https:\/\/www.fernco.de\/fr\/produit\/raccords-en-pvc-gris","url":"https:\/\/www.fernco.de\/fr\/produit\/raccords-en-pvc-gris","name":"PlumbQwik\u2122 \u2013 Raccords \u00e9vacuation PVC Gris | Fernco","isPartOf":{"@id":"https:\/\/www.fernco.de\/fr#website"},"primaryImageOfPage":{"@id":"https:\/\/www.fernco.de\/fr\/produit\/raccords-en-pvc-gris#primaryimage"},"image":{"@id":"https:\/\/www.fernco.de\/fr\/produit\/raccords-en-pvc-gris#primaryimage"},"thumbnailUrl":"https:\/\/www.fernco.de\/wp-content\/uploads\/2023\/11\/Sanitar.png","datePublished":"2023-11-30T13:52:14+00:00","dateModified":"2025-09-26T13:19:03+00:00","description":"PlumbQwik\u2122 de Fernco est une gamme de raccords souples et multi-mat\u00e9riaux en PVC gris, con\u00e7us pour raccorder des tuyaux d\u2019\u00e9vacuation sanitaire les plus courants","breadcrumb":{"@id":"https:\/\/www.fernco.de\/fr\/produit\/raccords-en-pvc-gris#breadcrumb"},"inLanguage":"fr-FR","potentialAction":[{"@type":"ReadAction","target":["https:\/\/www.fernco.de\/fr\/produit\/raccords-en-pvc-gris"]}]},{"@type":"ImageObject","inLanguage":"fr-FR","@id":"https:\/\/www.fernco.de\/fr\/produit\/raccords-en-pvc-gris#primaryimage","url":"https:\/\/www.fernco.de\/wp-content\/uploads\/2023\/11\/Sanitar.png","contentUrl":"https:\/\/www.fernco.de\/wp-content\/uploads\/2023\/11\/Sanitar.png","width":640,"height":414},{"@type":"BreadcrumbList","@id":"https:\/\/www.fernco.de\/fr\/produit\/raccords-en-pvc-gris#breadcrumb","itemListElement":[{"@type":"ListItem","position":1,"name":"Home","item":"https:\/\/www.fernco.de\/fr"},{"@type":"ListItem","position":2,"name":"Produits","item":"https:\/\/www.fernco.de\/fr\/shop"},{"@type":"ListItem","position":3,"name":"PlumbQwik\u2122 \u2013 Raccords \u00e9vacuation PVC Gris"}]},{"@type":"WebSite","@id":"https:\/\/www.fernco.de\/fr#website","url":"https:\/\/www.fernco.de\/fr","name":"Fernco","description":"Flexible Couplings, Drainage &amp; Plumbing Systems","publisher":{"@id":"https:\/\/www.fernco.de\/fr#organization"},"potentialAction":[{"@type":"SearchAction","target":{"@type":"EntryPoint","urlTemplate":"https:\/\/www.fernco.de\/fr?s={search_term_string}"},"query-input":"required name=search_term_string"}],"inLanguage":"fr-FR"},{"@type":"Organization","@id":"https:\/\/www.fernco.de\/fr#organization","name":"Fernco GmbH","alternateName":"Fernco","url":"https:\/\/www.fernco.de\/fr","logo":{"@type":"ImageObject","inLanguage":"fr-FR","@id":"https:\/\/www.fernco.de\/fr#\/schema\/logo\/image\/","url":"https:\/\/www.fernco.de\/wp-content\/uploads\/2022\/06\/fernco-logo.png","contentUrl":"https:\/\/www.fernco.de\/wp-content\/uploads\/2022\/06\/fernco-logo.png","width":287,"height":50,"caption":"Fernco GmbH"},"image":{"@id":"https:\/\/www.fernco.de\/fr#\/schema\/logo\/image\/"},"sameAs":["https:\/\/www.facebook.com\/Flexseal","https:\/\/x.com\/FlexsealUK"]}]}},"_links":{"self":[{"href":"https:\/\/www.fernco.de\/fr\/wp-json\/wp\/v2\/product\/29230"}],"collection":[{"href":"https:\/\/www.fernco.de\/fr\/wp-json\/wp\/v2\/product"}],"about":[{"href":"https:\/\/www.fernco.de\/fr\/wp-json\/wp\/v2\/types\/product"}],"wp:featuredmedia":[{"embeddable":true,"href":"https:\/\/www.fernco.de\/fr\/wp-json\/wp\/v2\/media\/29231"}],"wp:attachment":[{"href":"https:\/\/www.fernco.de\/fr\/wp-json\/wp\/v2\/media?parent=29230"}],"wp:term":[{"taxonomy":"product_cat","embeddable":true,"href":"https:\/\/www.fernco.de\/fr\/wp-json\/wp\/v2\/product_cat?post=29230"},{"taxonomy":"product_tag","embeddable":true,"href":"https:\/\/www.fernco.de\/fr\/wp-json\/wp\/v2\/product_tag?post=29230"}],"curies":[{"name":"wp","href":"https:\/\/api.w.org\/{rel}","templated":true}]}}