{"id":29234,"date":"2023-11-30T13:58:43","date_gmt":"2023-11-30T13:58:43","guid":{"rendered":"https:\/\/www.fernco.de\/?post_type=product&#038;p=29234"},"modified":"2025-06-16T10:27:29","modified_gmt":"2025-06-16T09:27:29","slug":"accessoires-de-selle","status":"publish","type":"product","link":"https:\/\/www.fernco.de\/fr\/produit\/accessoires-de-selle","title":{"rendered":"Accessoires d&rsquo;installation des selles"},"content":{"rendered":"","protected":false},"excerpt":{"rendered":"<p>La plupart de nos articles peuvent \u00eatre assembl\u00e9s rapidement et en toute fiabilit\u00e9 \u00e0 l&rsquo;aide d&rsquo;outils standard. Toutefois, pour certains produits, l&rsquo;utilisation d&rsquo;outils sp\u00e9cifiques peut s&rsquo;av\u00e9rer utile te simplifier l&rsquo;assemblage.<\/p>\n<p>Fernco propose une gamme d&rsquo;outils pour l&rsquo;installation de ses selles de piquages.<\/p>\n<p>Pour en savoir plus sur les exigences en mati\u00e8re d&rsquo;outillage, n&rsquo;h\u00e9sitez pas \u00e0 contacter notre service commercial.<\/p>\n<ul>\n<li>Cl\u00e9 \u00e0 \u00e9crou ou \u00e0 cliquet de 8 mm : utilis\u00e9e pour l\u2019installation des selles TA,<\/li>\n<li>Cl\u00e9 Allen \u00e0 poign\u00e9e en T : utilis\u00e9e pour l\u2019installation des selles PA et UA,<\/li>\n<li>Kit de scie cloche 127 mm : utilis\u00e9 pour l\u2019installation des selles TA11090 ou TST-4FR. Comprend une scie-cloche, un foret et un outil d\u2019\u00e9bavurage.<\/li>\n<li>Kit de scie-cloche 177 mm : utilis\u00e9 pour l\u2019installation des selles TA16090 ou TST-6FR. Comprend une scie-cloche, un foret et des outils d\u2019\u00e9bavurage.<\/li>\n<li>Scie-cloche diamant 172 mm : utilis\u00e9e pour installer des selles FA150B, FA150ST et TA16090 sur des tuyaux en gr\u00e9s ou en b\u00e9ton.<\/li>\n<li>Scie cloche diamant 232 mm : utilis\u00e9e pour l\u2019installation de la selle FA200B sur des tuyaux en gr\u00e9s ou en b\u00e9ton.<\/li>\n<\/ul>\n","protected":false},"featured_media":29284,"template":"","meta":{"_acf_changed":false,"_mi_skip_tracking":false,"_monsterinsights_sitenote_active":false,"_monsterinsights_sitenote_note":"","_monsterinsights_sitenote_category":0},"product_cat":[237],"product_tag":[],"acf":[],"yoast_head":"<!-- This site is optimized with the Yoast SEO plugin v22.7 - https:\/\/yoast.com\/wordpress\/plugins\/seo\/ -->\n<title>Accessoires d&#039;installation des selles | Fernco<\/title>\n<meta name=\"description\" content=\"La plupart de nos articles peuvent \u00eatre assembl\u00e9s rapidement et de mani\u00e8re fiable avec des outils standard.\" \/>\n<meta name=\"robots\" content=\"index, follow, max-snippet:-1, max-image-preview:large, max-video-preview:-1\" \/>\n<link rel=\"canonical\" href=\"https:\/\/www.fernco.de\/fr\/produit\/accessoires-de-selle\" \/>\n<meta property=\"og:locale\" content=\"fr_FR\" \/>\n<meta property=\"og:type\" content=\"article\" \/>\n<meta property=\"og:title\" content=\"Accessoires d&#039;installation des selles | Fernco\" \/>\n<meta property=\"og:description\" content=\"La plupart de nos articles peuvent \u00eatre assembl\u00e9s rapidement et de mani\u00e8re fiable avec des outils standard.\" \/>\n<meta property=\"og:url\" content=\"https:\/\/www.fernco.de\/fr\/produit\/accessoires-de-selle\" \/>\n<meta property=\"og:site_name\" content=\"Fernco\" \/>\n<meta property=\"article:publisher\" content=\"https:\/\/www.facebook.com\/Flexseal\" \/>\n<meta property=\"article:modified_time\" content=\"2025-06-16T09:27:29+00:00\" \/>\n<meta property=\"og:image\" content=\"https:\/\/www.fernco.de\/wp-content\/uploads\/2023\/11\/Tools_Category.png\" \/>\n\t<meta property=\"og:image:width\" content=\"500\" \/>\n\t<meta property=\"og:image:height\" content=\"250\" \/>\n\t<meta property=\"og:image:type\" content=\"image\/png\" \/>\n<meta name=\"twitter:card\" content=\"summary_large_image\" \/>\n<meta name=\"twitter:site\" content=\"@FlexsealUK\" \/>\n<meta name=\"twitter:label1\" content=\"Dur\u00e9e de lecture estim\u00e9e\" \/>\n\t<meta name=\"twitter:data1\" content=\"1 minute\" \/>\n<script type=\"application\/ld+json\" class=\"yoast-schema-graph\">{\"@context\":\"https:\/\/schema.org\",\"@graph\":[{\"@type\":\"WebPage\",\"@id\":\"https:\/\/www.fernco.de\/fr\/produit\/accessoires-de-selle\",\"url\":\"https:\/\/www.fernco.de\/fr\/produit\/accessoires-de-selle\",\"name\":\"Accessoires d'installation des selles | Fernco\",\"isPartOf\":{\"@id\":\"https:\/\/www.fernco.de\/fr#website\"},\"primaryImageOfPage\":{\"@id\":\"https:\/\/www.fernco.de\/fr\/produit\/accessoires-de-selle#primaryimage\"},\"image\":{\"@id\":\"https:\/\/www.fernco.de\/fr\/produit\/accessoires-de-selle#primaryimage\"},\"thumbnailUrl\":\"https:\/\/www.fernco.de\/wp-content\/uploads\/2023\/11\/Tools_Category.png\",\"datePublished\":\"2023-11-30T13:58:43+00:00\",\"dateModified\":\"2025-06-16T09:27:29+00:00\",\"description\":\"La plupart de nos articles peuvent \u00eatre assembl\u00e9s rapidement et de mani\u00e8re fiable avec des outils standard.\",\"breadcrumb\":{\"@id\":\"https:\/\/www.fernco.de\/fr\/produit\/accessoires-de-selle#breadcrumb\"},\"inLanguage\":\"fr-FR\",\"potentialAction\":[{\"@type\":\"ReadAction\",\"target\":[\"https:\/\/www.fernco.de\/fr\/produit\/accessoires-de-selle\"]}]},{\"@type\":\"ImageObject\",\"inLanguage\":\"fr-FR\",\"@id\":\"https:\/\/www.fernco.de\/fr\/produit\/accessoires-de-selle#primaryimage\",\"url\":\"https:\/\/www.fernco.de\/wp-content\/uploads\/2023\/11\/Tools_Category.png\",\"contentUrl\":\"https:\/\/www.fernco.de\/wp-content\/uploads\/2023\/11\/Tools_Category.png\",\"width\":500,\"height\":250},{\"@type\":\"BreadcrumbList\",\"@id\":\"https:\/\/www.fernco.de\/fr\/produit\/accessoires-de-selle#breadcrumb\",\"itemListElement\":[{\"@type\":\"ListItem\",\"position\":1,\"name\":\"Home\",\"item\":\"https:\/\/www.fernco.de\/fr\"},{\"@type\":\"ListItem\",\"position\":2,\"name\":\"Produits\",\"item\":\"https:\/\/www.fernco.de\/fr\/shop\"},{\"@type\":\"ListItem\",\"position\":3,\"name\":\"Accessoires d&#8217;installation des selles\"}]},{\"@type\":\"WebSite\",\"@id\":\"https:\/\/www.fernco.de\/fr#website\",\"url\":\"https:\/\/www.fernco.de\/fr\",\"name\":\"Fernco\",\"description\":\"Flexible Couplings, Drainage &amp; Plumbing Systems\",\"publisher\":{\"@id\":\"https:\/\/www.fernco.de\/fr#organization\"},\"potentialAction\":[{\"@type\":\"SearchAction\",\"target\":{\"@type\":\"EntryPoint\",\"urlTemplate\":\"https:\/\/www.fernco.de\/fr?s={search_term_string}\"},\"query-input\":\"required name=search_term_string\"}],\"inLanguage\":\"fr-FR\"},{\"@type\":\"Organization\",\"@id\":\"https:\/\/www.fernco.de\/fr#organization\",\"name\":\"Fernco GmbH\",\"alternateName\":\"Fernco\",\"url\":\"https:\/\/www.fernco.de\/fr\",\"logo\":{\"@type\":\"ImageObject\",\"inLanguage\":\"fr-FR\",\"@id\":\"https:\/\/www.fernco.de\/fr#\/schema\/logo\/image\/\",\"url\":\"https:\/\/www.fernco.de\/wp-content\/uploads\/2022\/06\/fernco-logo.png\",\"contentUrl\":\"https:\/\/www.fernco.de\/wp-content\/uploads\/2022\/06\/fernco-logo.png\",\"width\":287,\"height\":50,\"caption\":\"Fernco GmbH\"},\"image\":{\"@id\":\"https:\/\/www.fernco.de\/fr#\/schema\/logo\/image\/\"},\"sameAs\":[\"https:\/\/www.facebook.com\/Flexseal\",\"https:\/\/x.com\/FlexsealUK\"]}]}<\/script>\n<!-- \/ Yoast SEO plugin. -->","yoast_head_json":{"title":"Accessoires d'installation des selles | Fernco","description":"La plupart de nos articles peuvent \u00eatre assembl\u00e9s rapidement et de mani\u00e8re fiable avec des outils standard.","robots":{"index":"index","follow":"follow","max-snippet":"max-snippet:-1","max-image-preview":"max-image-preview:large","max-video-preview":"max-video-preview:-1"},"canonical":"https:\/\/www.fernco.de\/fr\/produit\/accessoires-de-selle","og_locale":"fr_FR","og_type":"article","og_title":"Accessoires d'installation des selles | Fernco","og_description":"La plupart de nos articles peuvent \u00eatre assembl\u00e9s rapidement et de mani\u00e8re fiable avec des outils standard.","og_url":"https:\/\/www.fernco.de\/fr\/produit\/accessoires-de-selle","og_site_name":"Fernco","article_publisher":"https:\/\/www.facebook.com\/Flexseal","article_modified_time":"2025-06-16T09:27:29+00:00","og_image":[{"width":500,"height":250,"url":"https:\/\/www.fernco.de\/wp-content\/uploads\/2023\/11\/Tools_Category.png","type":"image\/png"}],"twitter_card":"summary_large_image","twitter_site":"@FlexsealUK","twitter_misc":{"Dur\u00e9e de lecture estim\u00e9e":"1 minute"},"schema":{"@context":"https:\/\/schema.org","@graph":[{"@type":"WebPage","@id":"https:\/\/www.fernco.de\/fr\/produit\/accessoires-de-selle","url":"https:\/\/www.fernco.de\/fr\/produit\/accessoires-de-selle","name":"Accessoires d'installation des selles | Fernco","isPartOf":{"@id":"https:\/\/www.fernco.de\/fr#website"},"primaryImageOfPage":{"@id":"https:\/\/www.fernco.de\/fr\/produit\/accessoires-de-selle#primaryimage"},"image":{"@id":"https:\/\/www.fernco.de\/fr\/produit\/accessoires-de-selle#primaryimage"},"thumbnailUrl":"https:\/\/www.fernco.de\/wp-content\/uploads\/2023\/11\/Tools_Category.png","datePublished":"2023-11-30T13:58:43+00:00","dateModified":"2025-06-16T09:27:29+00:00","description":"La plupart de nos articles peuvent \u00eatre assembl\u00e9s rapidement et de mani\u00e8re fiable avec des outils standard.","breadcrumb":{"@id":"https:\/\/www.fernco.de\/fr\/produit\/accessoires-de-selle#breadcrumb"},"inLanguage":"fr-FR","potentialAction":[{"@type":"ReadAction","target":["https:\/\/www.fernco.de\/fr\/produit\/accessoires-de-selle"]}]},{"@type":"ImageObject","inLanguage":"fr-FR","@id":"https:\/\/www.fernco.de\/fr\/produit\/accessoires-de-selle#primaryimage","url":"https:\/\/www.fernco.de\/wp-content\/uploads\/2023\/11\/Tools_Category.png","contentUrl":"https:\/\/www.fernco.de\/wp-content\/uploads\/2023\/11\/Tools_Category.png","width":500,"height":250},{"@type":"BreadcrumbList","@id":"https:\/\/www.fernco.de\/fr\/produit\/accessoires-de-selle#breadcrumb","itemListElement":[{"@type":"ListItem","position":1,"name":"Home","item":"https:\/\/www.fernco.de\/fr"},{"@type":"ListItem","position":2,"name":"Produits","item":"https:\/\/www.fernco.de\/fr\/shop"},{"@type":"ListItem","position":3,"name":"Accessoires d&#8217;installation des selles"}]},{"@type":"WebSite","@id":"https:\/\/www.fernco.de\/fr#website","url":"https:\/\/www.fernco.de\/fr","name":"Fernco","description":"Flexible Couplings, Drainage &amp; Plumbing Systems","publisher":{"@id":"https:\/\/www.fernco.de\/fr#organization"},"potentialAction":[{"@type":"SearchAction","target":{"@type":"EntryPoint","urlTemplate":"https:\/\/www.fernco.de\/fr?s={search_term_string}"},"query-input":"required name=search_term_string"}],"inLanguage":"fr-FR"},{"@type":"Organization","@id":"https:\/\/www.fernco.de\/fr#organization","name":"Fernco GmbH","alternateName":"Fernco","url":"https:\/\/www.fernco.de\/fr","logo":{"@type":"ImageObject","inLanguage":"fr-FR","@id":"https:\/\/www.fernco.de\/fr#\/schema\/logo\/image\/","url":"https:\/\/www.fernco.de\/wp-content\/uploads\/2022\/06\/fernco-logo.png","contentUrl":"https:\/\/www.fernco.de\/wp-content\/uploads\/2022\/06\/fernco-logo.png","width":287,"height":50,"caption":"Fernco GmbH"},"image":{"@id":"https:\/\/www.fernco.de\/fr#\/schema\/logo\/image\/"},"sameAs":["https:\/\/www.facebook.com\/Flexseal","https:\/\/x.com\/FlexsealUK"]}]}},"_links":{"self":[{"href":"https:\/\/www.fernco.de\/fr\/wp-json\/wp\/v2\/product\/29234"}],"collection":[{"href":"https:\/\/www.fernco.de\/fr\/wp-json\/wp\/v2\/product"}],"about":[{"href":"https:\/\/www.fernco.de\/fr\/wp-json\/wp\/v2\/types\/product"}],"wp:featuredmedia":[{"embeddable":true,"href":"https:\/\/www.fernco.de\/fr\/wp-json\/wp\/v2\/media\/29284"}],"wp:attachment":[{"href":"https:\/\/www.fernco.de\/fr\/wp-json\/wp\/v2\/media?parent=29234"}],"wp:term":[{"taxonomy":"product_cat","embeddable":true,"href":"https:\/\/www.fernco.de\/fr\/wp-json\/wp\/v2\/product_cat?post=29234"},{"taxonomy":"product_tag","embeddable":true,"href":"https:\/\/www.fernco.de\/fr\/wp-json\/wp\/v2\/product_tag?post=29234"}],"curies":[{"name":"wp","href":"https:\/\/api.w.org\/{rel}","templated":true}]}}