{"id":29235,"date":"2023-11-30T14:00:06","date_gmt":"2023-11-30T14:00:06","guid":{"rendered":"https:\/\/www.fernco.de\/?post_type=product&#038;p=29235"},"modified":"2025-06-05T11:10:44","modified_gmt":"2025-06-05T10:10:44","slug":"accessoires-raccordements-universels","status":"publish","type":"product","link":"https:\/\/www.fernco.de\/fr\/produit\/accessoires-raccordements-universels","title":{"rendered":"Bagues et accessoires pour piquages"},"content":{"rendered":"","protected":false},"excerpt":{"rendered":"<p>Nos accessoires de raccordement pour piquages Fernco permettent de connecter des tuyaux lat\u00e9raux de DN 100 \u00e0 DN 160 ayant un diam\u00e8tre ext\u00e9rieur allant de 100 mm \u00e0 215 mm, en fonction du type de tuyaux.<\/p>\n<p>L\u2019utilisation des adaptateurs PA et des bagues de compensation Multibush (MB) permet, selon le mod\u00e8le de selle utilis\u00e9, de r\u00e9aliser des piquages lat\u00e9raux de DN 100 au DN160 avec un seul type de piquage pour vos chantiers. Seul l\u2019adaptateur PA varie selon les besoins de raccordement.<\/p>\n<p>Les adaptateurs PA sont un bouchon qui permettent d&rsquo;utiliser une selle de piquage correspondant \u00e0 un tuyau lat\u00e9ral DN 160, tout en raccordants les tuyaux lat\u00e9raux DN 100, 110, 125 140 et 160 qui ont des diam\u00e8tres ext\u00e9rieurs diff\u00e9rents selon les mat\u00e9riaux.<\/p>\n<p>Les bagues de compensation Multibush (MB) en EPDM comprennent 3 sections (plis) de diff\u00e9rentes \u00e9paisseurs. Selon le besoin de compensation, il est possible de conserver ou couper une section avec un cutter.<\/p>\n<p>Pour en savoir plus, n&rsquo;h\u00e9sitez pas \u00e0 consulter notre fiche technique.<\/p>\n","protected":false},"featured_media":0,"template":"","meta":{"_acf_changed":false,"_mi_skip_tracking":false,"_monsterinsights_sitenote_active":false,"_monsterinsights_sitenote_note":"","_monsterinsights_sitenote_category":0},"product_cat":[237],"product_tag":[],"acf":[],"yoast_head":"<!-- This site is optimized with the Yoast SEO plugin v22.7 - https:\/\/yoast.com\/wordpress\/plugins\/seo\/ -->\n<title>Bagues et accessoires pour piquages | Fernco<\/title>\n<meta name=\"description\" content=\"Bagues et accessoires de raccordements universels pour selles de piquages Fernco\" \/>\n<meta name=\"robots\" content=\"index, follow, max-snippet:-1, max-image-preview:large, max-video-preview:-1\" \/>\n<link rel=\"canonical\" href=\"https:\/\/www.fernco.de\/fr\/produit\/accessoires-raccordements-universels\" \/>\n<meta property=\"og:locale\" content=\"fr_FR\" \/>\n<meta property=\"og:type\" content=\"article\" \/>\n<meta property=\"og:title\" content=\"Bagues et accessoires pour piquages | Fernco\" \/>\n<meta property=\"og:description\" content=\"Bagues et accessoires de raccordements universels pour selles de piquages Fernco\" \/>\n<meta property=\"og:url\" content=\"https:\/\/www.fernco.de\/fr\/produit\/accessoires-raccordements-universels\" \/>\n<meta property=\"og:site_name\" content=\"Fernco\" \/>\n<meta property=\"article:publisher\" content=\"https:\/\/www.facebook.com\/Flexseal\" \/>\n<meta property=\"article:modified_time\" content=\"2025-06-05T10:10:44+00:00\" \/>\n<meta name=\"twitter:card\" content=\"summary_large_image\" \/>\n<meta name=\"twitter:site\" content=\"@FlexsealUK\" \/>\n<script type=\"application\/ld+json\" class=\"yoast-schema-graph\">{\"@context\":\"https:\/\/schema.org\",\"@graph\":[{\"@type\":\"WebPage\",\"@id\":\"https:\/\/www.fernco.de\/fr\/produit\/accessoires-raccordements-universels\",\"url\":\"https:\/\/www.fernco.de\/fr\/produit\/accessoires-raccordements-universels\",\"name\":\"Bagues et accessoires pour piquages | Fernco\",\"isPartOf\":{\"@id\":\"https:\/\/www.fernco.de\/fr#website\"},\"datePublished\":\"2023-11-30T14:00:06+00:00\",\"dateModified\":\"2025-06-05T10:10:44+00:00\",\"description\":\"Bagues et accessoires de raccordements universels pour selles de piquages Fernco\",\"breadcrumb\":{\"@id\":\"https:\/\/www.fernco.de\/fr\/produit\/accessoires-raccordements-universels#breadcrumb\"},\"inLanguage\":\"fr-FR\",\"potentialAction\":[{\"@type\":\"ReadAction\",\"target\":[\"https:\/\/www.fernco.de\/fr\/produit\/accessoires-raccordements-universels\"]}]},{\"@type\":\"BreadcrumbList\",\"@id\":\"https:\/\/www.fernco.de\/fr\/produit\/accessoires-raccordements-universels#breadcrumb\",\"itemListElement\":[{\"@type\":\"ListItem\",\"position\":1,\"name\":\"Home\",\"item\":\"https:\/\/www.fernco.de\/fr\"},{\"@type\":\"ListItem\",\"position\":2,\"name\":\"Produits\",\"item\":\"https:\/\/www.fernco.de\/fr\/shop\"},{\"@type\":\"ListItem\",\"position\":3,\"name\":\"Bagues et accessoires pour piquages\"}]},{\"@type\":\"WebSite\",\"@id\":\"https:\/\/www.fernco.de\/fr#website\",\"url\":\"https:\/\/www.fernco.de\/fr\",\"name\":\"Fernco\",\"description\":\"Flexible Couplings, Drainage &amp; Plumbing Systems\",\"publisher\":{\"@id\":\"https:\/\/www.fernco.de\/fr#organization\"},\"potentialAction\":[{\"@type\":\"SearchAction\",\"target\":{\"@type\":\"EntryPoint\",\"urlTemplate\":\"https:\/\/www.fernco.de\/fr?s={search_term_string}\"},\"query-input\":\"required name=search_term_string\"}],\"inLanguage\":\"fr-FR\"},{\"@type\":\"Organization\",\"@id\":\"https:\/\/www.fernco.de\/fr#organization\",\"name\":\"Fernco GmbH\",\"alternateName\":\"Fernco\",\"url\":\"https:\/\/www.fernco.de\/fr\",\"logo\":{\"@type\":\"ImageObject\",\"inLanguage\":\"fr-FR\",\"@id\":\"https:\/\/www.fernco.de\/fr#\/schema\/logo\/image\/\",\"url\":\"https:\/\/www.fernco.de\/wp-content\/uploads\/2022\/06\/fernco-logo.png\",\"contentUrl\":\"https:\/\/www.fernco.de\/wp-content\/uploads\/2022\/06\/fernco-logo.png\",\"width\":287,\"height\":50,\"caption\":\"Fernco GmbH\"},\"image\":{\"@id\":\"https:\/\/www.fernco.de\/fr#\/schema\/logo\/image\/\"},\"sameAs\":[\"https:\/\/www.facebook.com\/Flexseal\",\"https:\/\/x.com\/FlexsealUK\"]}]}<\/script>\n<!-- \/ Yoast SEO plugin. -->","yoast_head_json":{"title":"Bagues et accessoires pour piquages | Fernco","description":"Bagues et accessoires de raccordements universels pour selles de piquages Fernco","robots":{"index":"index","follow":"follow","max-snippet":"max-snippet:-1","max-image-preview":"max-image-preview:large","max-video-preview":"max-video-preview:-1"},"canonical":"https:\/\/www.fernco.de\/fr\/produit\/accessoires-raccordements-universels","og_locale":"fr_FR","og_type":"article","og_title":"Bagues et accessoires pour piquages | Fernco","og_description":"Bagues et accessoires de raccordements universels pour selles de piquages Fernco","og_url":"https:\/\/www.fernco.de\/fr\/produit\/accessoires-raccordements-universels","og_site_name":"Fernco","article_publisher":"https:\/\/www.facebook.com\/Flexseal","article_modified_time":"2025-06-05T10:10:44+00:00","twitter_card":"summary_large_image","twitter_site":"@FlexsealUK","schema":{"@context":"https:\/\/schema.org","@graph":[{"@type":"WebPage","@id":"https:\/\/www.fernco.de\/fr\/produit\/accessoires-raccordements-universels","url":"https:\/\/www.fernco.de\/fr\/produit\/accessoires-raccordements-universels","name":"Bagues et accessoires pour piquages | Fernco","isPartOf":{"@id":"https:\/\/www.fernco.de\/fr#website"},"datePublished":"2023-11-30T14:00:06+00:00","dateModified":"2025-06-05T10:10:44+00:00","description":"Bagues et accessoires de raccordements universels pour selles de piquages Fernco","breadcrumb":{"@id":"https:\/\/www.fernco.de\/fr\/produit\/accessoires-raccordements-universels#breadcrumb"},"inLanguage":"fr-FR","potentialAction":[{"@type":"ReadAction","target":["https:\/\/www.fernco.de\/fr\/produit\/accessoires-raccordements-universels"]}]},{"@type":"BreadcrumbList","@id":"https:\/\/www.fernco.de\/fr\/produit\/accessoires-raccordements-universels#breadcrumb","itemListElement":[{"@type":"ListItem","position":1,"name":"Home","item":"https:\/\/www.fernco.de\/fr"},{"@type":"ListItem","position":2,"name":"Produits","item":"https:\/\/www.fernco.de\/fr\/shop"},{"@type":"ListItem","position":3,"name":"Bagues et accessoires pour piquages"}]},{"@type":"WebSite","@id":"https:\/\/www.fernco.de\/fr#website","url":"https:\/\/www.fernco.de\/fr","name":"Fernco","description":"Flexible Couplings, Drainage &amp; Plumbing Systems","publisher":{"@id":"https:\/\/www.fernco.de\/fr#organization"},"potentialAction":[{"@type":"SearchAction","target":{"@type":"EntryPoint","urlTemplate":"https:\/\/www.fernco.de\/fr?s={search_term_string}"},"query-input":"required name=search_term_string"}],"inLanguage":"fr-FR"},{"@type":"Organization","@id":"https:\/\/www.fernco.de\/fr#organization","name":"Fernco GmbH","alternateName":"Fernco","url":"https:\/\/www.fernco.de\/fr","logo":{"@type":"ImageObject","inLanguage":"fr-FR","@id":"https:\/\/www.fernco.de\/fr#\/schema\/logo\/image\/","url":"https:\/\/www.fernco.de\/wp-content\/uploads\/2022\/06\/fernco-logo.png","contentUrl":"https:\/\/www.fernco.de\/wp-content\/uploads\/2022\/06\/fernco-logo.png","width":287,"height":50,"caption":"Fernco GmbH"},"image":{"@id":"https:\/\/www.fernco.de\/fr#\/schema\/logo\/image\/"},"sameAs":["https:\/\/www.facebook.com\/Flexseal","https:\/\/x.com\/FlexsealUK"]}]}},"_links":{"self":[{"href":"https:\/\/www.fernco.de\/fr\/wp-json\/wp\/v2\/product\/29235"}],"collection":[{"href":"https:\/\/www.fernco.de\/fr\/wp-json\/wp\/v2\/product"}],"about":[{"href":"https:\/\/www.fernco.de\/fr\/wp-json\/wp\/v2\/types\/product"}],"wp:attachment":[{"href":"https:\/\/www.fernco.de\/fr\/wp-json\/wp\/v2\/media?parent=29235"}],"wp:term":[{"taxonomy":"product_cat","embeddable":true,"href":"https:\/\/www.fernco.de\/fr\/wp-json\/wp\/v2\/product_cat?post=29235"},{"taxonomy":"product_tag","embeddable":true,"href":"https:\/\/www.fernco.de\/fr\/wp-json\/wp\/v2\/product_tag?post=29235"}],"curies":[{"name":"wp","href":"https:\/\/api.w.org\/{rel}","templated":true}]}}