{"id":29637,"date":"2023-02-17T13:06:59","date_gmt":"2023-12-06T06:59:48","guid":{"rendered":"https:\/\/www.fernco.de\/?post_type=product&#038;p=29637"},"modified":"2026-03-12T14:04:05","modified_gmt":"2026-03-12T14:04:05","slug":"raccord-adaptateur-interieur-exterieur-gamme-ia","status":"publish","type":"product","link":"https:\/\/www.fernco.de\/fr\/produit\/raccord-adaptateur-interieur-exterieur-gamme-ia","title":{"rendered":"IA \u2013 Raccord Adaptateur Int\u00e9rieur\/Ext\u00e9rieur"},"content":{"rendered":"<p>IA IA100 IA125 IA150 IA200 IA225-250 IA250 IA300<\/p>\n<p>innen au\u00dfen adapter innenau\u00dfenadapter innenadapter au\u00dfenadapter inside outside adaptor<br \/>\nInnen-\/Au\u00dfenadapter Inside\/Outside-Adaptor Raccord Adaptateur Int\u00e9rieur\/Ext\u00e9rieur Adapter wewn\u0119trzny \/ zewn\u0119trzny<br \/>\nscherlastsicher Scherstabilit\u00e4r shear load resistant stability<br \/>\nunterschiedlicher Au\u00dfendurchmesser verschiedene Innenfl\u00e4che different outer diameter inner surface<br \/>\nInnenmanschetten steckverbinder steckverbindung inner internal couplings sleeves pushfit connections raccords Manchettes int\u00e9rieures Po\u0142\u0105czenia wewn\u0119trzne<br \/>\neinbetoniertes Rohr Betonrohr mit Fu\u00df b\u00fcndig abgeschnittenes Rohr besch\u00e4digte Au\u00dfenfl\u00e4che concrete pipe with foot flush cut off pipe damaged outer surface tuyau encastr\u00e9 dans le b\u00e9ton Tube en b\u00e9ton avec pied tube coup\u00e9 \u00e0 ras surface ext\u00e9rieure endommag\u00e9e diff\u00e9rents diam\u00e8tres ext\u00e9rieurs diff\u00e9rentes surfaces int\u00e9rieures Rura osadzona w betonie Rura betonowa z ci\u0119t\u0105 podstaw\u0105 Uszkodzona powierzchnia zewn\u0119trzna<br \/>\nunterschiedlicher verschiedene Au\u00dfendurchmesser Innenfl\u00e4che different outer diameter inner surface Diff\u00e9rents diam\u00e8tres ext\u00e9rieurs Surface int\u00e9rieure R\u00f3\u017cne \u015brednice zewn\u0119trzne Powierzchnia wewn\u0119trzna<br \/>\nschnell Steckverbindung quick push fit pushfit rapide vite Connecteur enfichable Szybkie z\u0142\u0105cze wtykowe Wtyczka<br \/>\nwiederverwenden wiederverwendbar reuse reusable r\u00e9utiliser r\u00e9utilisable wielorazowy wielorazowego u\u017cytku<\/p>\n<p>EPDM Gummi Eloastomere kautschuk UV best\u00e4ndig rubber resistant Caoutchouc \u00c9lastom\u00e8re r\u00e9sistant Guma Elastomery Odporne na promieniowanie<br \/>\nABS kunststoff plastik schlagfest plastic impact resistant plastique r\u00e9sistant aux chocs tworzywo sztuczne odporne na uderzenia<br \/>\nschwarz black noir czarny<br \/>\nblau blue bleu niebieski<\/p>\n<p>KG Muffe Universalmanschette Standardmanschette SC Drainagekupplung DC Universal Standard SC Drainage Coupling DC 2B1 ALL-IN-ONE<br \/>\nRohrverbindung pipe connection joint<br \/>\nKG KG2000 PVC Kunststoffrohre d\u00fcnnwandiges glattes Rohr PVCu plastics pipes Thin-Walled Pipe smooth Tubes en plastique Rury plastikowe cienko\u015bcienne g\u0142adkie<br \/>\nBetonrohre concrete pipes asbestos Tubes en b\u00e9ton Rury betonowe<br \/>\nSteinzeugrohre eurotop vitrified clay pipes Tuyaux en gr\u00e8s Rury kamionkowe<br \/>\ngeripptes gewelltes Rohre Rippen kunststoff plastik strukturiertes Wellen doppelwandiges Robukan UR UltraRib ribbed ribs structured pipes twin-walled tube nervur\u00e9 ondul\u00e9 Rury faliste plastikowe dwu\u015bcienne<br \/>\nSML Gussrohre Gusseisen GGG cast ductile iron pipes Tuyaux en fonte Rury \u017celiwne \u017beliwo<\/p>\n<p>DN100 DN125 DN150 DN200 DN225 DN250 DN300<\/p>\n","protected":false},"excerpt":{"rendered":"<p>Gr\u00e2ce \u00e0 notre gamme de raccords int\u00e9rieurs Fernco, les tuyaux en plastique, en fonte et en acier ayant le m\u00eame diam\u00e8tre int\u00e9rieur peuvent \u00eatre raccord\u00e9s rapidement et facilement, quel que soit le diam\u00e8tre ext\u00e9rieur. Ils sont utilis\u00e9s lorsque, pour diverses raisons, aucun raccord standard ne peut \u00eatre employ\u00e9. C&rsquo;est le cas, par exemple, d&rsquo;un tuyau coup\u00e9 \u00e0 ras, d&rsquo;un tuyau en b\u00e9ton avec embase ou d&rsquo;un tuyau pr\u00e9sentant une surface endommag\u00e9e ou irr\u00e9guli\u00e8re.<\/p>\n<p><strong>Avatanges du produit :<\/strong><\/p>\n<ul>\n<li>Connexion pushfit &#8211; aucun outil n&rsquo;est n\u00e9cessaire<\/li>\n<li>Installation facile &#8211; en quelques minutes. R\u00e9duisant consid\u00e9rablement le temps de travail pour connecter des tuyaux probl\u00e9matiques<\/li>\n<li>Pas besoin d&rsquo;exposer ou de nettoyer la surface ext\u00e9rieure du tuyau<\/li>\n<li>R\u00e9sistant aux charges de cisaillement<\/li>\n<li>Conforme aux exigences de la norme BS EN 295-4:2013<\/li>\n<\/ul>\n","protected":false},"featured_media":31560,"template":"","meta":{"_acf_changed":false,"_mi_skip_tracking":false,"_monsterinsights_sitenote_active":false,"_monsterinsights_sitenote_note":"","_monsterinsights_sitenote_category":0},"product_cat":[226],"product_tag":[],"acf":[],"yoast_head":"<!-- This site is optimized with the Yoast SEO plugin v22.7 - https:\/\/yoast.com\/wordpress\/plugins\/seo\/ -->\n<title>Inside\/Outside-Adaptor | Internal Coupling | Civils &amp; Drainage<\/title>\n<meta name=\"description\" content=\"Connexion fiable et r\u00e9sistante aux charges de cisaillement de tous les tuyaux circulaires via la surface int\u00e9rieure. Installation d&#039;un raccord pushfit, sans outils en quelques minutes\" \/>\n<meta name=\"robots\" content=\"index, follow, max-snippet:-1, max-image-preview:large, max-video-preview:-1\" \/>\n<link rel=\"canonical\" href=\"https:\/\/www.fernco.de\/fr\/produit\/raccord-adaptateur-interieur-exterieur-gamme-ia\" \/>\n<meta property=\"og:locale\" content=\"fr_FR\" \/>\n<meta property=\"og:type\" content=\"article\" \/>\n<meta property=\"og:title\" content=\"Inside\/Outside-Adaptor | Internal Coupling | Civils &amp; Drainage\" \/>\n<meta property=\"og:description\" content=\"Connexion fiable et r\u00e9sistante aux charges de cisaillement de tous les tuyaux circulaires via la surface int\u00e9rieure. Installation d&#039;un raccord pushfit, sans outils en quelques minutes\" \/>\n<meta property=\"og:url\" content=\"https:\/\/www.fernco.de\/fr\/produit\/raccord-adaptateur-interieur-exterieur-gamme-ia\" \/>\n<meta property=\"og:site_name\" content=\"Fernco\" \/>\n<meta property=\"article:publisher\" content=\"https:\/\/www.facebook.com\/Flexseal\" \/>\n<meta property=\"article:modified_time\" content=\"2026-03-12T14:04:05+00:00\" \/>\n<meta property=\"og:image\" content=\"https:\/\/www.fernco.de\/wp-content\/uploads\/2023\/02\/IA_700x394.png\" \/>\n\t<meta property=\"og:image:width\" content=\"700\" \/>\n\t<meta property=\"og:image:height\" content=\"394\" \/>\n\t<meta property=\"og:image:type\" content=\"image\/png\" \/>\n<meta name=\"twitter:card\" content=\"summary_large_image\" \/>\n<meta name=\"twitter:site\" content=\"@FlexsealUK\" \/>\n<meta name=\"twitter:label1\" content=\"Dur\u00e9e de lecture estim\u00e9e\" \/>\n\t<meta name=\"twitter:data1\" content=\"2 minutes\" \/>\n<script type=\"application\/ld+json\" class=\"yoast-schema-graph\">{\"@context\":\"https:\/\/schema.org\",\"@graph\":[{\"@type\":\"WebPage\",\"@id\":\"https:\/\/www.fernco.de\/fr\/produit\/raccord-adaptateur-interieur-exterieur-gamme-ia\",\"url\":\"https:\/\/www.fernco.de\/fr\/produit\/raccord-adaptateur-interieur-exterieur-gamme-ia\",\"name\":\"Inside\/Outside-Adaptor | Internal Coupling | Civils & Drainage\",\"isPartOf\":{\"@id\":\"https:\/\/www.fernco.de\/fr#website\"},\"primaryImageOfPage\":{\"@id\":\"https:\/\/www.fernco.de\/fr\/produit\/raccord-adaptateur-interieur-exterieur-gamme-ia#primaryimage\"},\"image\":{\"@id\":\"https:\/\/www.fernco.de\/fr\/produit\/raccord-adaptateur-interieur-exterieur-gamme-ia#primaryimage\"},\"thumbnailUrl\":\"https:\/\/www.fernco.de\/wp-content\/uploads\/2023\/02\/IA_700x394.png\",\"datePublished\":\"2023-12-06T06:59:48+00:00\",\"dateModified\":\"2026-03-12T14:04:05+00:00\",\"description\":\"Connexion fiable et r\u00e9sistante aux charges de cisaillement de tous les tuyaux circulaires via la surface int\u00e9rieure. Installation d'un raccord pushfit, sans outils en quelques minutes\",\"breadcrumb\":{\"@id\":\"https:\/\/www.fernco.de\/fr\/produit\/raccord-adaptateur-interieur-exterieur-gamme-ia#breadcrumb\"},\"inLanguage\":\"fr-FR\",\"potentialAction\":[{\"@type\":\"ReadAction\",\"target\":[\"https:\/\/www.fernco.de\/fr\/produit\/raccord-adaptateur-interieur-exterieur-gamme-ia\"]}]},{\"@type\":\"ImageObject\",\"inLanguage\":\"fr-FR\",\"@id\":\"https:\/\/www.fernco.de\/fr\/produit\/raccord-adaptateur-interieur-exterieur-gamme-ia#primaryimage\",\"url\":\"https:\/\/www.fernco.de\/wp-content\/uploads\/2023\/02\/IA_700x394.png\",\"contentUrl\":\"https:\/\/www.fernco.de\/wp-content\/uploads\/2023\/02\/IA_700x394.png\",\"width\":700,\"height\":394},{\"@type\":\"BreadcrumbList\",\"@id\":\"https:\/\/www.fernco.de\/fr\/produit\/raccord-adaptateur-interieur-exterieur-gamme-ia#breadcrumb\",\"itemListElement\":[{\"@type\":\"ListItem\",\"position\":1,\"name\":\"Home\",\"item\":\"https:\/\/www.fernco.de\/fr\"},{\"@type\":\"ListItem\",\"position\":2,\"name\":\"Produits\",\"item\":\"https:\/\/www.fernco.de\/fr\/shop\"},{\"@type\":\"ListItem\",\"position\":3,\"name\":\"IA \u2013 Raccord Adaptateur Int\u00e9rieur\/Ext\u00e9rieur\"}]},{\"@type\":\"WebSite\",\"@id\":\"https:\/\/www.fernco.de\/fr#website\",\"url\":\"https:\/\/www.fernco.de\/fr\",\"name\":\"Fernco\",\"description\":\"Flexible Couplings, Drainage &amp; Plumbing Systems\",\"publisher\":{\"@id\":\"https:\/\/www.fernco.de\/fr#organization\"},\"potentialAction\":[{\"@type\":\"SearchAction\",\"target\":{\"@type\":\"EntryPoint\",\"urlTemplate\":\"https:\/\/www.fernco.de\/fr?s={search_term_string}\"},\"query-input\":\"required name=search_term_string\"}],\"inLanguage\":\"fr-FR\"},{\"@type\":\"Organization\",\"@id\":\"https:\/\/www.fernco.de\/fr#organization\",\"name\":\"Fernco GmbH\",\"alternateName\":\"Fernco\",\"url\":\"https:\/\/www.fernco.de\/fr\",\"logo\":{\"@type\":\"ImageObject\",\"inLanguage\":\"fr-FR\",\"@id\":\"https:\/\/www.fernco.de\/fr#\/schema\/logo\/image\/\",\"url\":\"https:\/\/www.fernco.de\/wp-content\/uploads\/2022\/06\/fernco-logo.png\",\"contentUrl\":\"https:\/\/www.fernco.de\/wp-content\/uploads\/2022\/06\/fernco-logo.png\",\"width\":287,\"height\":50,\"caption\":\"Fernco GmbH\"},\"image\":{\"@id\":\"https:\/\/www.fernco.de\/fr#\/schema\/logo\/image\/\"},\"sameAs\":[\"https:\/\/www.facebook.com\/Flexseal\",\"https:\/\/x.com\/FlexsealUK\"]}]}<\/script>\n<!-- \/ Yoast SEO plugin. -->","yoast_head_json":{"title":"Inside\/Outside-Adaptor | Internal Coupling | Civils & Drainage","description":"Connexion fiable et r\u00e9sistante aux charges de cisaillement de tous les tuyaux circulaires via la surface int\u00e9rieure. Installation d'un raccord pushfit, sans outils en quelques minutes","robots":{"index":"index","follow":"follow","max-snippet":"max-snippet:-1","max-image-preview":"max-image-preview:large","max-video-preview":"max-video-preview:-1"},"canonical":"https:\/\/www.fernco.de\/fr\/produit\/raccord-adaptateur-interieur-exterieur-gamme-ia","og_locale":"fr_FR","og_type":"article","og_title":"Inside\/Outside-Adaptor | Internal Coupling | Civils & Drainage","og_description":"Connexion fiable et r\u00e9sistante aux charges de cisaillement de tous les tuyaux circulaires via la surface int\u00e9rieure. Installation d'un raccord pushfit, sans outils en quelques minutes","og_url":"https:\/\/www.fernco.de\/fr\/produit\/raccord-adaptateur-interieur-exterieur-gamme-ia","og_site_name":"Fernco","article_publisher":"https:\/\/www.facebook.com\/Flexseal","article_modified_time":"2026-03-12T14:04:05+00:00","og_image":[{"width":700,"height":394,"url":"https:\/\/www.fernco.de\/wp-content\/uploads\/2023\/02\/IA_700x394.png","type":"image\/png"}],"twitter_card":"summary_large_image","twitter_site":"@FlexsealUK","twitter_misc":{"Dur\u00e9e de lecture estim\u00e9e":"2 minutes"},"schema":{"@context":"https:\/\/schema.org","@graph":[{"@type":"WebPage","@id":"https:\/\/www.fernco.de\/fr\/produit\/raccord-adaptateur-interieur-exterieur-gamme-ia","url":"https:\/\/www.fernco.de\/fr\/produit\/raccord-adaptateur-interieur-exterieur-gamme-ia","name":"Inside\/Outside-Adaptor | Internal Coupling | Civils & Drainage","isPartOf":{"@id":"https:\/\/www.fernco.de\/fr#website"},"primaryImageOfPage":{"@id":"https:\/\/www.fernco.de\/fr\/produit\/raccord-adaptateur-interieur-exterieur-gamme-ia#primaryimage"},"image":{"@id":"https:\/\/www.fernco.de\/fr\/produit\/raccord-adaptateur-interieur-exterieur-gamme-ia#primaryimage"},"thumbnailUrl":"https:\/\/www.fernco.de\/wp-content\/uploads\/2023\/02\/IA_700x394.png","datePublished":"2023-12-06T06:59:48+00:00","dateModified":"2026-03-12T14:04:05+00:00","description":"Connexion fiable et r\u00e9sistante aux charges de cisaillement de tous les tuyaux circulaires via la surface int\u00e9rieure. Installation d'un raccord pushfit, sans outils en quelques minutes","breadcrumb":{"@id":"https:\/\/www.fernco.de\/fr\/produit\/raccord-adaptateur-interieur-exterieur-gamme-ia#breadcrumb"},"inLanguage":"fr-FR","potentialAction":[{"@type":"ReadAction","target":["https:\/\/www.fernco.de\/fr\/produit\/raccord-adaptateur-interieur-exterieur-gamme-ia"]}]},{"@type":"ImageObject","inLanguage":"fr-FR","@id":"https:\/\/www.fernco.de\/fr\/produit\/raccord-adaptateur-interieur-exterieur-gamme-ia#primaryimage","url":"https:\/\/www.fernco.de\/wp-content\/uploads\/2023\/02\/IA_700x394.png","contentUrl":"https:\/\/www.fernco.de\/wp-content\/uploads\/2023\/02\/IA_700x394.png","width":700,"height":394},{"@type":"BreadcrumbList","@id":"https:\/\/www.fernco.de\/fr\/produit\/raccord-adaptateur-interieur-exterieur-gamme-ia#breadcrumb","itemListElement":[{"@type":"ListItem","position":1,"name":"Home","item":"https:\/\/www.fernco.de\/fr"},{"@type":"ListItem","position":2,"name":"Produits","item":"https:\/\/www.fernco.de\/fr\/shop"},{"@type":"ListItem","position":3,"name":"IA \u2013 Raccord Adaptateur Int\u00e9rieur\/Ext\u00e9rieur"}]},{"@type":"WebSite","@id":"https:\/\/www.fernco.de\/fr#website","url":"https:\/\/www.fernco.de\/fr","name":"Fernco","description":"Flexible Couplings, Drainage &amp; Plumbing Systems","publisher":{"@id":"https:\/\/www.fernco.de\/fr#organization"},"potentialAction":[{"@type":"SearchAction","target":{"@type":"EntryPoint","urlTemplate":"https:\/\/www.fernco.de\/fr?s={search_term_string}"},"query-input":"required name=search_term_string"}],"inLanguage":"fr-FR"},{"@type":"Organization","@id":"https:\/\/www.fernco.de\/fr#organization","name":"Fernco GmbH","alternateName":"Fernco","url":"https:\/\/www.fernco.de\/fr","logo":{"@type":"ImageObject","inLanguage":"fr-FR","@id":"https:\/\/www.fernco.de\/fr#\/schema\/logo\/image\/","url":"https:\/\/www.fernco.de\/wp-content\/uploads\/2022\/06\/fernco-logo.png","contentUrl":"https:\/\/www.fernco.de\/wp-content\/uploads\/2022\/06\/fernco-logo.png","width":287,"height":50,"caption":"Fernco GmbH"},"image":{"@id":"https:\/\/www.fernco.de\/fr#\/schema\/logo\/image\/"},"sameAs":["https:\/\/www.facebook.com\/Flexseal","https:\/\/x.com\/FlexsealUK"]}]}},"_links":{"self":[{"href":"https:\/\/www.fernco.de\/fr\/wp-json\/wp\/v2\/product\/29637"}],"collection":[{"href":"https:\/\/www.fernco.de\/fr\/wp-json\/wp\/v2\/product"}],"about":[{"href":"https:\/\/www.fernco.de\/fr\/wp-json\/wp\/v2\/types\/product"}],"wp:featuredmedia":[{"embeddable":true,"href":"https:\/\/www.fernco.de\/fr\/wp-json\/wp\/v2\/media\/31560"}],"wp:attachment":[{"href":"https:\/\/www.fernco.de\/fr\/wp-json\/wp\/v2\/media?parent=29637"}],"wp:term":[{"taxonomy":"product_cat","embeddable":true,"href":"https:\/\/www.fernco.de\/fr\/wp-json\/wp\/v2\/product_cat?post=29637"},{"taxonomy":"product_tag","embeddable":true,"href":"https:\/\/www.fernco.de\/fr\/wp-json\/wp\/v2\/product_tag?post=29637"}],"curies":[{"name":"wp","href":"https:\/\/api.w.org\/{rel}","templated":true}]}}