{"id":30209,"date":"2021-02-12T13:00:05","date_gmt":"2024-01-10T12:59:19","guid":{"rendered":"https:\/\/www.fernco.de\/?post_type=product&#038;p=30209"},"modified":"2025-12-11T14:39:34","modified_gmt":"2025-12-11T14:39:34","slug":"ring-seal-mrs","status":"publish","type":"product","link":"https:\/\/www.fernco.de\/fr\/produit\/ring-seal-mrs","title":{"rendered":"Ring Seal \u2013 Joint d\u2019\u00e9tanch\u00e9it\u00e9 \u00e0 maillons \u2013 Gamme MRS"},"content":{"rendered":"<p>GK200-VZ-20 GK250-VZ-20 GK275-VZ-20 GK300-VZ-20 GK325-VZ-20 GK350-VZ-20 GK375-VZ-20 GK400-VZ-20 GK415-VZ-20 GK425-VZ-20 GK475-VZ-20 GK500-VZ-20 GK525-VZ-20 GK575-VZ-20 GK600- VZ-20 GK650-VZ-20 GK GK200-A2-20 GK250-A2-20 GK275-A2-20 GK300-A2-20 GK325-A2-20 GK350-A2-20 GK375-A2-20 GK400-A2-20 GK415-A2-20 GK425-A2-20 GK475-A2-20 GK500-A2-20 GK525-A2-20 GK575-A2-20 GK600-A2-20 GK650-A2-20 GK200-A4-20 GK250-A4-20 GK275-A4-20 GK300-A4-20 GK325-A4-20 GK350-A4-20 GK375-A4-20 GK400-A4-20 GK415-A4-20 GK425-A4-20 GK475-A4-20 GK500-A4-20 GK525-A4-20 GK575-A4-20 GK600-A4-20 GK650-A4-20 GK200-A2-20-KTW GK250-A2-20-KTW GK275-A2-20-KTW GK300-A2-20-KTW GK325-A2-20-KTW GK350-A2-20-KTW GK375-A2-20-KTW GK400-A2-20-KTW GK415-A2-20-KTW GK425-A2-20-KTW GK475-A2-20-KTW GK500-A2-20-KTW GK525-A2-20-KTW GK575-A2-20-KTW GK600-A2-20-KTW GK650-A2-20-KTW KTW GK200-VZ-20-NBR GK250-VZ-20-NBR GK275-VZ-20-NBR GK300-VZ-20-NBR GK325-VZ-20-NBR GK350-VZ-20-NBR GK375-VZ-20-NBR GK400-VZ-20-NBR GK415-VZ-20-NBR GK425-VZ-20-NBR GK475-VZ-20-NBR GK500-VZ-20-NBR GK525-VZ-20-NBR GK575-VZ-20-NBR GK600-VZ-20-NBR GK650-VZ-20-NBR GK200-A2-20-NBR GK250-A2-20-NBR GK275-A2-20-NBR GK300-A2-20-NBR GK325-A2-20-NBR GK350-A2-20- BR GK375-A2-20-NBR GK400-A2-20-NBR GK415-A2-20-NBR GK425-A2-20-NBR GK475-A2-20-NBR GK500-A2-20-NBR GK525-A2-20-NBR GK575-A2-20-NBR GK600-A2-20-NBR GK650-A2-20-NBR GK200-VZ-50 GK250-VZ-50 GK275-VZ-50 GK300-VZ-50 GK325-VZ-50 GK350-VZ-50 GK375-VZ-50 GK400-VZ-50 GK415-VZ-50 GK425-VZ-50 GK475-VZ-50 GK500-VZ-50 GK525-VZ-50 GK575-VZ-50 GK600-VZ-50 GK650-VZ-50 GK200-A2-50 GK250-A2-50 GK275-A2-50 GK300-A2-50 GK325-A2-50 GK350-A2-50 GK375-A2-50 GK400-A2-50 GK415-A2-50 GK425-A2-50 GK475-A2-50 GK500-A2-50 GK525-A2-50 GK575-A2-50 GK600-A2-50 GK650-A2-50 GK200-A4-50 GK250-A4-50 GK275-A4-50 GK300-A4-50 GK325-A4-50 GK350-A4-50 GK375-A4-50 GK400-A4-50 GK415-A4-50 GK425-A4-50 GK475-A4-50 GK500-A4-50 GK525-A4-50 GK575-A4-50 GK600-A4-50 GK650-A4-50 GK200-A2-50-KTW GK250-A2-50-KTW GK275-A2-50-KTW GK300-A2-50-KTW GK325-A2-50-KTW GK350-A2-50-KTW GK375-A2-50-KTW GK400-A2-50-KTW GK415-A2-50-KTW GK425-A2-50-KTW GK475-A2-50-KTW GK500-A2-50-KTW GK525-A2-50-KTW GK575-A2-50-KTW GK600-A2-50-KTW GK650-A2-50-KTW GK200-VZ-50-NBR GK250-VZ-50-NBR GK275-VZ-50-NBR GK300-VZ-50-NBR GK325-VZ-50-NBR GK350-VZ-50-NBR GK375-VZ-50-NBR GK400-VZ-50-NBR GK415-VZ-50-NBR GK425-VZ-50-NBR GK475-VZ-50-NBR GK500-VZ-50-NBR GK525-VZ-50-NBR GK575-VZ-50-NBR GK600-VZ-50-NBR GK650-VZ-50-NBR GK200-A2-50-NBR GK250-A2-50-NBR GK275-A2-50-NBR GK300-A2-50-NBR GK325-A2-50-NBR GK350-A2-50-NBR GK375-A2-50-NBR GK400-A2-50-NBR GK415-A2-50-NBR GK425-A2-50-NBR GK475-A2-50-NBR GK500-A2-50-NBR GK525-A2-50-NBR GK575-A2-50-NBR GK600-A2-50-NBR GK650-A2-50-NBR<\/p>\n<p>MRS200-2 MRS250-2 MRS275-2 MRS300-2 MRS325-2 MRS350-2 MRS375-2 MRS400-2 MRS415-2 MRS425-2 MRS475-2 MRS500-2 MRS525-2 MRS575-2 MRS600-2 MRS650-2<br \/>\nMRS200-5 MRS250-5 MRS275-5 MRS300-5 MRS325-5 MRS350-5 MRS375-5 MRS400-5 MRS415-5 MRS425-5 MRS475-5 MRS500-5 MRS525-5 MRS575-5 MRS600-5 MRS650-5<\/p>\n<p>Gliederkette Ringdichtung Modular Ring Seal Chain set modules Joint d\u2019\u00e9tanch\u00e9it\u00e9 \u00e0 maillons \u0141a\u0144cuch ogniwowy<br \/>\nRingraumdichtungen Gliederketten Ketten rings seals chains links Joints de l&rsquo;espace annulaire Cha\u00eenes \u00e0 maillons Cha\u00eenes Uszczelnienia pier\u015bcieniowe \u0141a\u0144cuchy ogniwowe \u0141a\u0144cuchy<br \/>\nRohre Kabel Wasser Gase Trinkwasseranlagen KTW Schallschutz Pipes Cables Water Gases Drinking water systems Sound insulationTuyaux C\u00e2bles Eau Gaz Installations d&rsquo;eau potable Insonorisation Rury Kable Woda Gazy Systemy wody pitnej Izolacja akustyczna<\/p>\n<p>Anschlussdichtungen seitlicher Anschluss Anschl\u00fcsse Hauptrohre Hauptleitungen pipe seals lateral connection main pipes Joints de Tuyaux raccordement lat\u00e9ral Tuyaux principaux Conduites principales Uszczelki przy\u0142\u0105czeniowe Uszczelka przy\u0142\u0105czeniowa<\/p>\n<p>PA kunststoff plastik schlagfest plastic impact resistant plastique r\u00e9sistant aux chocs tworzywo sztuczne odporne na uderzenia<br \/>\nEPDM Gummi Elastomere kautschuk UV best\u00e4ndig rubber resistant Caoutchouc \u00c9lastom\u00e8re r\u00e9sistant Guma Elastomery Odporne na promieniowanie<br \/>\nNBR Gummi Elastomere \u00f6lbest\u00e4ndig benzinbest\u00e4ndig treibstoff tankstelle rubber gasoline fuel oil resistant gas Caoutchouc \u00c9lastom\u00e8re r\u00e9sistant l&rsquo;huile r\u00e9sistant \u00e0 l&rsquo;essence Guma Elastomery Odporne na oleje<br \/>\nrot red rouge czerwony<br \/>\nblau blue bleu niebieski<br \/>\nschwarz black noir czarny<\/p>\n<p>druckdicht wasserdicht luftdicht pressuretight watertight airtight gases \u00e9tanche \u00e0 la pression \u00e9tanche \u00e0 l&rsquo;eau \u00e9tanche \u00e0 l&rsquo;air hermetyczny wodoszczelny hermetyczny<\/p>\n","protected":false},"excerpt":{"rendered":"<p>Lorsque des tuyaux ou des c\u00e2bles passent \u00e0 travers des murs, des sols ou des joints, il est essentiel de garantir que le passage soit parfaitement scell\u00e9 de mani\u00e8re durable. L&rsquo;eau sous pression et le gaz ne doivent pas traverser les murs. Les joints annulaires assurent une finition professionnelle tout en permettant une installation simple et rapide l\u00e0 o\u00f9 les tuyaux et les c\u00e2bles traversent les murs. Ils contribuent \u00e9galement \u00e0 pr\u00e9venir le transfert de temp\u00e9rature et \u00e0 limiter les nuisances sonores.<\/p>\n<p><strong>Avantages du produit :<\/strong><\/p>\n<ul>\n<li>\u00c9tanch\u00e9it\u00e9 des tuyaux et des c\u00e2bles \u00e0 l&rsquo;eau et au gaz sous pression<\/li>\n<li>\u00c9tanch\u00e9it\u00e9 des tuyaux et des c\u00e2bles contre les milieux agressifs<\/li>\n<li>\u00c9tanch\u00e9it\u00e9 des conduites dans les syst\u00e8mes d&rsquo;eau potable (en version KTW)<\/li>\n<li>Utilisation en isolation phonique conform\u00e9ment \u00e0 la norme DIN 4109<\/li>\n<li>Installation ult\u00e9rieure possible (tous les inserts d&rsquo;\u00e9tanch\u00e9it\u00e9 sont s\u00e9parables)<\/li>\n<\/ul>\n","protected":false},"featured_media":30211,"template":"","meta":{"_acf_changed":false,"_mi_skip_tracking":false,"_monsterinsights_sitenote_active":false,"_monsterinsights_sitenote_note":"","_monsterinsights_sitenote_category":0},"product_cat":[233],"product_tag":[],"acf":[],"yoast_head":"<!-- This site is optimized with the Yoast SEO plugin v22.7 - https:\/\/yoast.com\/wordpress\/plugins\/seo\/ -->\n<title>Ring Seal \u2013 Joint d\u2019\u00e9tanch\u00e9it\u00e9 \u00e0 maillons \u2013 Gamme MRS | Fernco<\/title>\n<meta name=\"description\" content=\"Les joints annulaires assurent une \u00e9tanch\u00e9it\u00e9 fiable pour les tuyaux et les c\u00e2bles contre l&#039;eau, les gaz et les milieux agressifs\" \/>\n<meta name=\"robots\" content=\"index, follow, max-snippet:-1, max-image-preview:large, max-video-preview:-1\" \/>\n<link rel=\"canonical\" href=\"https:\/\/www.fernco.de\/fr\/produit\/ring-seal-mrs\" \/>\n<meta property=\"og:locale\" content=\"fr_FR\" \/>\n<meta property=\"og:type\" content=\"article\" \/>\n<meta property=\"og:title\" content=\"Ring Seal \u2013 Joint d\u2019\u00e9tanch\u00e9it\u00e9 \u00e0 maillons \u2013 Gamme MRS | Fernco\" \/>\n<meta property=\"og:description\" content=\"Les joints annulaires assurent une \u00e9tanch\u00e9it\u00e9 fiable pour les tuyaux et les c\u00e2bles contre l&#039;eau, les gaz et les milieux agressifs\" \/>\n<meta property=\"og:url\" content=\"https:\/\/www.fernco.de\/fr\/produit\/ring-seal-mrs\" \/>\n<meta property=\"og:site_name\" content=\"Fernco\" \/>\n<meta property=\"article:publisher\" content=\"https:\/\/www.facebook.com\/Flexseal\" \/>\n<meta property=\"article:modified_time\" content=\"2025-12-11T14:39:34+00:00\" \/>\n<meta property=\"og:image\" content=\"https:\/\/www.fernco.de\/wp-content\/uploads\/2023\/05\/GK_700x394.png\" \/>\n\t<meta property=\"og:image:width\" content=\"700\" \/>\n\t<meta property=\"og:image:height\" content=\"394\" \/>\n\t<meta property=\"og:image:type\" content=\"image\/png\" \/>\n<meta name=\"twitter:card\" content=\"summary_large_image\" \/>\n<meta name=\"twitter:site\" content=\"@FlexsealUK\" \/>\n<meta name=\"twitter:label1\" content=\"Dur\u00e9e de lecture estim\u00e9e\" \/>\n\t<meta name=\"twitter:data1\" content=\"3 minutes\" \/>\n<script type=\"application\/ld+json\" class=\"yoast-schema-graph\">{\"@context\":\"https:\/\/schema.org\",\"@graph\":[{\"@type\":\"WebPage\",\"@id\":\"https:\/\/www.fernco.de\/fr\/produit\/ring-seal-mrs\",\"url\":\"https:\/\/www.fernco.de\/fr\/produit\/ring-seal-mrs\",\"name\":\"Ring Seal \u2013 Joint d\u2019\u00e9tanch\u00e9it\u00e9 \u00e0 maillons \u2013 Gamme MRS | Fernco\",\"isPartOf\":{\"@id\":\"https:\/\/www.fernco.de\/fr#website\"},\"primaryImageOfPage\":{\"@id\":\"https:\/\/www.fernco.de\/fr\/produit\/ring-seal-mrs#primaryimage\"},\"image\":{\"@id\":\"https:\/\/www.fernco.de\/fr\/produit\/ring-seal-mrs#primaryimage\"},\"thumbnailUrl\":\"https:\/\/www.fernco.de\/wp-content\/uploads\/2023\/05\/GK_700x394.png\",\"datePublished\":\"2024-01-10T12:59:19+00:00\",\"dateModified\":\"2025-12-11T14:39:34+00:00\",\"description\":\"Les joints annulaires assurent une \u00e9tanch\u00e9it\u00e9 fiable pour les tuyaux et les c\u00e2bles contre l'eau, les gaz et les milieux agressifs\",\"breadcrumb\":{\"@id\":\"https:\/\/www.fernco.de\/fr\/produit\/ring-seal-mrs#breadcrumb\"},\"inLanguage\":\"fr-FR\",\"potentialAction\":[{\"@type\":\"ReadAction\",\"target\":[\"https:\/\/www.fernco.de\/fr\/produit\/ring-seal-mrs\"]}]},{\"@type\":\"ImageObject\",\"inLanguage\":\"fr-FR\",\"@id\":\"https:\/\/www.fernco.de\/fr\/produit\/ring-seal-mrs#primaryimage\",\"url\":\"https:\/\/www.fernco.de\/wp-content\/uploads\/2023\/05\/GK_700x394.png\",\"contentUrl\":\"https:\/\/www.fernco.de\/wp-content\/uploads\/2023\/05\/GK_700x394.png\",\"width\":700,\"height\":394},{\"@type\":\"BreadcrumbList\",\"@id\":\"https:\/\/www.fernco.de\/fr\/produit\/ring-seal-mrs#breadcrumb\",\"itemListElement\":[{\"@type\":\"ListItem\",\"position\":1,\"name\":\"Home\",\"item\":\"https:\/\/www.fernco.de\/fr\"},{\"@type\":\"ListItem\",\"position\":2,\"name\":\"Produits\",\"item\":\"https:\/\/www.fernco.de\/fr\/shop\"},{\"@type\":\"ListItem\",\"position\":3,\"name\":\"Ring Seal \u2013 Joint d\u2019\u00e9tanch\u00e9it\u00e9 \u00e0 maillons \u2013 Gamme MRS\"}]},{\"@type\":\"WebSite\",\"@id\":\"https:\/\/www.fernco.de\/fr#website\",\"url\":\"https:\/\/www.fernco.de\/fr\",\"name\":\"Fernco\",\"description\":\"Flexible Couplings, Drainage &amp; Plumbing Systems\",\"publisher\":{\"@id\":\"https:\/\/www.fernco.de\/fr#organization\"},\"potentialAction\":[{\"@type\":\"SearchAction\",\"target\":{\"@type\":\"EntryPoint\",\"urlTemplate\":\"https:\/\/www.fernco.de\/fr?s={search_term_string}\"},\"query-input\":\"required name=search_term_string\"}],\"inLanguage\":\"fr-FR\"},{\"@type\":\"Organization\",\"@id\":\"https:\/\/www.fernco.de\/fr#organization\",\"name\":\"Fernco GmbH\",\"alternateName\":\"Fernco\",\"url\":\"https:\/\/www.fernco.de\/fr\",\"logo\":{\"@type\":\"ImageObject\",\"inLanguage\":\"fr-FR\",\"@id\":\"https:\/\/www.fernco.de\/fr#\/schema\/logo\/image\/\",\"url\":\"https:\/\/www.fernco.de\/wp-content\/uploads\/2022\/06\/fernco-logo.png\",\"contentUrl\":\"https:\/\/www.fernco.de\/wp-content\/uploads\/2022\/06\/fernco-logo.png\",\"width\":287,\"height\":50,\"caption\":\"Fernco GmbH\"},\"image\":{\"@id\":\"https:\/\/www.fernco.de\/fr#\/schema\/logo\/image\/\"},\"sameAs\":[\"https:\/\/www.facebook.com\/Flexseal\",\"https:\/\/x.com\/FlexsealUK\"]}]}<\/script>\n<!-- \/ Yoast SEO plugin. -->","yoast_head_json":{"title":"Ring Seal \u2013 Joint d\u2019\u00e9tanch\u00e9it\u00e9 \u00e0 maillons \u2013 Gamme MRS | Fernco","description":"Les joints annulaires assurent une \u00e9tanch\u00e9it\u00e9 fiable pour les tuyaux et les c\u00e2bles contre l'eau, les gaz et les milieux agressifs","robots":{"index":"index","follow":"follow","max-snippet":"max-snippet:-1","max-image-preview":"max-image-preview:large","max-video-preview":"max-video-preview:-1"},"canonical":"https:\/\/www.fernco.de\/fr\/produit\/ring-seal-mrs","og_locale":"fr_FR","og_type":"article","og_title":"Ring Seal \u2013 Joint d\u2019\u00e9tanch\u00e9it\u00e9 \u00e0 maillons \u2013 Gamme MRS | Fernco","og_description":"Les joints annulaires assurent une \u00e9tanch\u00e9it\u00e9 fiable pour les tuyaux et les c\u00e2bles contre l'eau, les gaz et les milieux agressifs","og_url":"https:\/\/www.fernco.de\/fr\/produit\/ring-seal-mrs","og_site_name":"Fernco","article_publisher":"https:\/\/www.facebook.com\/Flexseal","article_modified_time":"2025-12-11T14:39:34+00:00","og_image":[{"width":700,"height":394,"url":"https:\/\/www.fernco.de\/wp-content\/uploads\/2023\/05\/GK_700x394.png","type":"image\/png"}],"twitter_card":"summary_large_image","twitter_site":"@FlexsealUK","twitter_misc":{"Dur\u00e9e de lecture estim\u00e9e":"3 minutes"},"schema":{"@context":"https:\/\/schema.org","@graph":[{"@type":"WebPage","@id":"https:\/\/www.fernco.de\/fr\/produit\/ring-seal-mrs","url":"https:\/\/www.fernco.de\/fr\/produit\/ring-seal-mrs","name":"Ring Seal \u2013 Joint d\u2019\u00e9tanch\u00e9it\u00e9 \u00e0 maillons \u2013 Gamme MRS | Fernco","isPartOf":{"@id":"https:\/\/www.fernco.de\/fr#website"},"primaryImageOfPage":{"@id":"https:\/\/www.fernco.de\/fr\/produit\/ring-seal-mrs#primaryimage"},"image":{"@id":"https:\/\/www.fernco.de\/fr\/produit\/ring-seal-mrs#primaryimage"},"thumbnailUrl":"https:\/\/www.fernco.de\/wp-content\/uploads\/2023\/05\/GK_700x394.png","datePublished":"2024-01-10T12:59:19+00:00","dateModified":"2025-12-11T14:39:34+00:00","description":"Les joints annulaires assurent une \u00e9tanch\u00e9it\u00e9 fiable pour les tuyaux et les c\u00e2bles contre l'eau, les gaz et les milieux agressifs","breadcrumb":{"@id":"https:\/\/www.fernco.de\/fr\/produit\/ring-seal-mrs#breadcrumb"},"inLanguage":"fr-FR","potentialAction":[{"@type":"ReadAction","target":["https:\/\/www.fernco.de\/fr\/produit\/ring-seal-mrs"]}]},{"@type":"ImageObject","inLanguage":"fr-FR","@id":"https:\/\/www.fernco.de\/fr\/produit\/ring-seal-mrs#primaryimage","url":"https:\/\/www.fernco.de\/wp-content\/uploads\/2023\/05\/GK_700x394.png","contentUrl":"https:\/\/www.fernco.de\/wp-content\/uploads\/2023\/05\/GK_700x394.png","width":700,"height":394},{"@type":"BreadcrumbList","@id":"https:\/\/www.fernco.de\/fr\/produit\/ring-seal-mrs#breadcrumb","itemListElement":[{"@type":"ListItem","position":1,"name":"Home","item":"https:\/\/www.fernco.de\/fr"},{"@type":"ListItem","position":2,"name":"Produits","item":"https:\/\/www.fernco.de\/fr\/shop"},{"@type":"ListItem","position":3,"name":"Ring Seal \u2013 Joint d\u2019\u00e9tanch\u00e9it\u00e9 \u00e0 maillons \u2013 Gamme MRS"}]},{"@type":"WebSite","@id":"https:\/\/www.fernco.de\/fr#website","url":"https:\/\/www.fernco.de\/fr","name":"Fernco","description":"Flexible Couplings, Drainage &amp; Plumbing Systems","publisher":{"@id":"https:\/\/www.fernco.de\/fr#organization"},"potentialAction":[{"@type":"SearchAction","target":{"@type":"EntryPoint","urlTemplate":"https:\/\/www.fernco.de\/fr?s={search_term_string}"},"query-input":"required name=search_term_string"}],"inLanguage":"fr-FR"},{"@type":"Organization","@id":"https:\/\/www.fernco.de\/fr#organization","name":"Fernco GmbH","alternateName":"Fernco","url":"https:\/\/www.fernco.de\/fr","logo":{"@type":"ImageObject","inLanguage":"fr-FR","@id":"https:\/\/www.fernco.de\/fr#\/schema\/logo\/image\/","url":"https:\/\/www.fernco.de\/wp-content\/uploads\/2022\/06\/fernco-logo.png","contentUrl":"https:\/\/www.fernco.de\/wp-content\/uploads\/2022\/06\/fernco-logo.png","width":287,"height":50,"caption":"Fernco GmbH"},"image":{"@id":"https:\/\/www.fernco.de\/fr#\/schema\/logo\/image\/"},"sameAs":["https:\/\/www.facebook.com\/Flexseal","https:\/\/x.com\/FlexsealUK"]}]}},"_links":{"self":[{"href":"https:\/\/www.fernco.de\/fr\/wp-json\/wp\/v2\/product\/30209"}],"collection":[{"href":"https:\/\/www.fernco.de\/fr\/wp-json\/wp\/v2\/product"}],"about":[{"href":"https:\/\/www.fernco.de\/fr\/wp-json\/wp\/v2\/types\/product"}],"wp:featuredmedia":[{"embeddable":true,"href":"https:\/\/www.fernco.de\/fr\/wp-json\/wp\/v2\/media\/30211"}],"wp:attachment":[{"href":"https:\/\/www.fernco.de\/fr\/wp-json\/wp\/v2\/media?parent=30209"}],"wp:term":[{"taxonomy":"product_cat","embeddable":true,"href":"https:\/\/www.fernco.de\/fr\/wp-json\/wp\/v2\/product_cat?post=30209"},{"taxonomy":"product_tag","embeddable":true,"href":"https:\/\/www.fernco.de\/fr\/wp-json\/wp\/v2\/product_tag?post=30209"}],"curies":[{"name":"wp","href":"https:\/\/api.w.org\/{rel}","templated":true}]}}