{"id":34738,"date":"2025-02-11T10:52:42","date_gmt":"2025-02-11T10:52:42","guid":{"rendered":"https:\/\/www.fernco.de\/?post_type=product&#038;p=34738"},"modified":"2025-05-15T08:59:39","modified_gmt":"2025-05-15T07:59:39","slug":"mwstop-home","status":"publish","type":"product","link":"https:\/\/www.fernco.de\/fr\/produkt\/mwstop-home","title":{"rendered":"Geruchverschluss MwStop\u00ae Home CV-H"},"content":{"rendered":"<p>MWH MWH32 MwStop\u00ae Home DN32 CV-H<\/p>\n<p>R\u00fcckschlagventil r\u00fcckstauventil r\u00fcckfluss Kanalisation Abwassersysteme R\u00fcckstauventil R\u00fcckstauverschluss R\u00fcckfluss Hochwasserschutz Abwasserkanal Wasserwirtschaft Regenwasser Klappen Sch\u00e4dlinge ratten Nagetiere Nager<br \/>\nCheck valve backwater valve Sewerage systems Backflow Flood Protection sewer sewage water management stormwater pests vermin rats rodents<br \/>\nanti-retour \u00e9gout Syst\u00e8mes d&rsquo;\u00e9vacuation des eaux us\u00e9es protection contre les crues \u00e9gout gestion de l&rsquo;eau eau de pluie clapets nuisibles rats rongeurs Refoulement Protection contre les inondations \u00e9gouts eaux us\u00e9es gestion des eaux pluviales nuisibles rats rongeurs<br \/>\nZaw\u00f3r zwrotny Zaw\u00f3r zwrotny Systemy kanalizacyjne Przep\u0142yw zwrotny Ochrona przeciwpowodziowa kanalizacja gospodarka wodna woda deszczowa szkodniki szczury gryzonie<\/p>\n<p>abwasser Abwasserrohre Abflusssysteme Kanal Kanalisation sewerage sewage pipes systems \u00e9gouts Tuyaux d&rsquo;\u00e9vacuation Syst\u00e8mes d&rsquo;\u00e9vacuation Rury kanalizacyjne Systemy odwadniaj\u0105ce Kanalizacja<\/p>\n<p>blau blue bleu niebieski<\/p>\n<p>Sanit\u00e4r Plumbing Plomberie Hydraulika Kanalizacja<br \/>\nHaustechnik sanit\u00e4r bad Domestic sanitary bathroom Dometique Instalacja sanitarna<br \/>\nsilikon silicone<\/p>\n","protected":false},"excerpt":{"rendered":"<p>Der Geruchsverschluss MwStop\u00ae Home CV-H blockiert Ger\u00fcche aus der Kanalisation bei Siphons, die aufgrund geringer Nutzung austrocknen (Wohnungen und H\u00e4user, Ferienimmobilien, Gastronomiebetriebe, saisonale Hotellerie, \u00f6ffentliche Einrichtungen), oder bei Installationen ohne Siphon (Bodenabl\u00e4ufe, Trockenurinale, Installationen mit wenig Einbauraum).<\/p>\n<ul>\n<li>f\u00fcr DN32<\/li>\n<li>einfacher Einbau<\/li>\n<li>integrierter Dichtring ersetzt die Siphondichtung<\/li>\n<li>ohne mechanische Komponenten<\/li>\n<li>weitere Gr\u00f6\u00dfen bald verf\u00fcgbar<\/li>\n<\/ul>\n","protected":false},"featured_media":34741,"template":"","meta":{"_acf_changed":false,"_mi_skip_tracking":false,"_monsterinsights_sitenote_active":false,"_monsterinsights_sitenote_note":"","_monsterinsights_sitenote_category":0},"product_cat":[220],"product_tag":[],"acf":[],"yoast_head":"<!-- This site is optimized with the Yoast SEO plugin v22.7 - https:\/\/yoast.com\/wordpress\/plugins\/seo\/ -->\n<title>Geruchverschluss MwStop\u00ae Home CV-H | Fernco<\/title>\n<meta name=\"description\" content=\"Der Geruchsverschluss MwStop\u00ae Home CV-H blockiert Ger\u00fcche aus der Kanalisation bei trockenen Siphons oder Installationen ohne Siphon\" \/>\n<meta name=\"robots\" content=\"index, follow, max-snippet:-1, max-image-preview:large, max-video-preview:-1\" \/>\n<link rel=\"canonical\" href=\"https:\/\/www.fernco.de\/fr\/produkt\/mwstop-home\" \/>\n<meta property=\"og:locale\" content=\"fr_FR\" \/>\n<meta property=\"og:type\" content=\"article\" \/>\n<meta property=\"og:title\" content=\"Geruchverschluss MwStop\u00ae Home CV-H | Fernco\" \/>\n<meta property=\"og:description\" content=\"Der Geruchsverschluss MwStop\u00ae Home CV-H blockiert Ger\u00fcche aus der Kanalisation bei trockenen Siphons oder Installationen ohne Siphon\" \/>\n<meta property=\"og:url\" content=\"https:\/\/www.fernco.de\/fr\/produkt\/mwstop-home\" \/>\n<meta property=\"og:site_name\" content=\"Fernco\" \/>\n<meta property=\"article:publisher\" content=\"https:\/\/www.facebook.com\/Flexseal\" \/>\n<meta property=\"article:modified_time\" content=\"2025-05-15T07:59:39+00:00\" \/>\n<meta property=\"og:image\" content=\"https:\/\/www.fernco.de\/wp-content\/uploads\/2025\/02\/MWH_700x394.png\" \/>\n\t<meta property=\"og:image:width\" content=\"700\" \/>\n\t<meta property=\"og:image:height\" content=\"394\" \/>\n\t<meta property=\"og:image:type\" content=\"image\/png\" \/>\n<meta name=\"twitter:card\" content=\"summary_large_image\" \/>\n<meta name=\"twitter:site\" content=\"@FlexsealUK\" \/>\n<meta name=\"twitter:label1\" content=\"Dur\u00e9e de lecture estim\u00e9e\" \/>\n\t<meta name=\"twitter:data1\" content=\"1 minute\" \/>\n<script type=\"application\/ld+json\" class=\"yoast-schema-graph\">{\"@context\":\"https:\/\/schema.org\",\"@graph\":[{\"@type\":\"WebPage\",\"@id\":\"https:\/\/www.fernco.de\/fr\/produkt\/mwstop-home\",\"url\":\"https:\/\/www.fernco.de\/fr\/produkt\/mwstop-home\",\"name\":\"Geruchverschluss MwStop\u00ae Home CV-H | Fernco\",\"isPartOf\":{\"@id\":\"https:\/\/www.fernco.de\/fr#website\"},\"primaryImageOfPage\":{\"@id\":\"https:\/\/www.fernco.de\/fr\/produkt\/mwstop-home#primaryimage\"},\"image\":{\"@id\":\"https:\/\/www.fernco.de\/fr\/produkt\/mwstop-home#primaryimage\"},\"thumbnailUrl\":\"https:\/\/www.fernco.de\/wp-content\/uploads\/2025\/02\/MWH_700x394.png\",\"datePublished\":\"2025-02-11T10:52:42+00:00\",\"dateModified\":\"2025-05-15T07:59:39+00:00\",\"description\":\"Der Geruchsverschluss MwStop\u00ae Home CV-H blockiert Ger\u00fcche aus der Kanalisation bei trockenen Siphons oder Installationen ohne Siphon\",\"breadcrumb\":{\"@id\":\"https:\/\/www.fernco.de\/fr\/produkt\/mwstop-home#breadcrumb\"},\"inLanguage\":\"fr-FR\",\"potentialAction\":[{\"@type\":\"ReadAction\",\"target\":[\"https:\/\/www.fernco.de\/fr\/produkt\/mwstop-home\"]}]},{\"@type\":\"ImageObject\",\"inLanguage\":\"fr-FR\",\"@id\":\"https:\/\/www.fernco.de\/fr\/produkt\/mwstop-home#primaryimage\",\"url\":\"https:\/\/www.fernco.de\/wp-content\/uploads\/2025\/02\/MWH_700x394.png\",\"contentUrl\":\"https:\/\/www.fernco.de\/wp-content\/uploads\/2025\/02\/MWH_700x394.png\",\"width\":700,\"height\":394},{\"@type\":\"BreadcrumbList\",\"@id\":\"https:\/\/www.fernco.de\/fr\/produkt\/mwstop-home#breadcrumb\",\"itemListElement\":[{\"@type\":\"ListItem\",\"position\":1,\"name\":\"Home\",\"item\":\"https:\/\/www.fernco.de\/fr\"},{\"@type\":\"ListItem\",\"position\":2,\"name\":\"Produits\",\"item\":\"https:\/\/www.fernco.de\/fr\/shop\"},{\"@type\":\"ListItem\",\"position\":3,\"name\":\"Geruchverschluss MwStop\u00ae Home CV-H\"}]},{\"@type\":\"WebSite\",\"@id\":\"https:\/\/www.fernco.de\/fr#website\",\"url\":\"https:\/\/www.fernco.de\/fr\",\"name\":\"Fernco\",\"description\":\"Flexible Couplings, Drainage &amp; Plumbing Systems\",\"publisher\":{\"@id\":\"https:\/\/www.fernco.de\/fr#organization\"},\"potentialAction\":[{\"@type\":\"SearchAction\",\"target\":{\"@type\":\"EntryPoint\",\"urlTemplate\":\"https:\/\/www.fernco.de\/fr?s={search_term_string}\"},\"query-input\":\"required name=search_term_string\"}],\"inLanguage\":\"fr-FR\"},{\"@type\":\"Organization\",\"@id\":\"https:\/\/www.fernco.de\/fr#organization\",\"name\":\"Fernco GmbH\",\"alternateName\":\"Fernco\",\"url\":\"https:\/\/www.fernco.de\/fr\",\"logo\":{\"@type\":\"ImageObject\",\"inLanguage\":\"fr-FR\",\"@id\":\"https:\/\/www.fernco.de\/fr#\/schema\/logo\/image\/\",\"url\":\"https:\/\/www.fernco.de\/wp-content\/uploads\/2022\/06\/fernco-logo.png\",\"contentUrl\":\"https:\/\/www.fernco.de\/wp-content\/uploads\/2022\/06\/fernco-logo.png\",\"width\":287,\"height\":50,\"caption\":\"Fernco GmbH\"},\"image\":{\"@id\":\"https:\/\/www.fernco.de\/fr#\/schema\/logo\/image\/\"},\"sameAs\":[\"https:\/\/www.facebook.com\/Flexseal\",\"https:\/\/x.com\/FlexsealUK\"]}]}<\/script>\n<!-- \/ Yoast SEO plugin. -->","yoast_head_json":{"title":"Geruchverschluss MwStop\u00ae Home CV-H | Fernco","description":"Der Geruchsverschluss MwStop\u00ae Home CV-H blockiert Ger\u00fcche aus der Kanalisation bei trockenen Siphons oder Installationen ohne Siphon","robots":{"index":"index","follow":"follow","max-snippet":"max-snippet:-1","max-image-preview":"max-image-preview:large","max-video-preview":"max-video-preview:-1"},"canonical":"https:\/\/www.fernco.de\/fr\/produkt\/mwstop-home","og_locale":"fr_FR","og_type":"article","og_title":"Geruchverschluss MwStop\u00ae Home CV-H | Fernco","og_description":"Der Geruchsverschluss MwStop\u00ae Home CV-H blockiert Ger\u00fcche aus der Kanalisation bei trockenen Siphons oder Installationen ohne Siphon","og_url":"https:\/\/www.fernco.de\/fr\/produkt\/mwstop-home","og_site_name":"Fernco","article_publisher":"https:\/\/www.facebook.com\/Flexseal","article_modified_time":"2025-05-15T07:59:39+00:00","og_image":[{"width":700,"height":394,"url":"https:\/\/www.fernco.de\/wp-content\/uploads\/2025\/02\/MWH_700x394.png","type":"image\/png"}],"twitter_card":"summary_large_image","twitter_site":"@FlexsealUK","twitter_misc":{"Dur\u00e9e de lecture estim\u00e9e":"1 minute"},"schema":{"@context":"https:\/\/schema.org","@graph":[{"@type":"WebPage","@id":"https:\/\/www.fernco.de\/fr\/produkt\/mwstop-home","url":"https:\/\/www.fernco.de\/fr\/produkt\/mwstop-home","name":"Geruchverschluss MwStop\u00ae Home CV-H | Fernco","isPartOf":{"@id":"https:\/\/www.fernco.de\/fr#website"},"primaryImageOfPage":{"@id":"https:\/\/www.fernco.de\/fr\/produkt\/mwstop-home#primaryimage"},"image":{"@id":"https:\/\/www.fernco.de\/fr\/produkt\/mwstop-home#primaryimage"},"thumbnailUrl":"https:\/\/www.fernco.de\/wp-content\/uploads\/2025\/02\/MWH_700x394.png","datePublished":"2025-02-11T10:52:42+00:00","dateModified":"2025-05-15T07:59:39+00:00","description":"Der Geruchsverschluss MwStop\u00ae Home CV-H blockiert Ger\u00fcche aus der Kanalisation bei trockenen Siphons oder Installationen ohne Siphon","breadcrumb":{"@id":"https:\/\/www.fernco.de\/fr\/produkt\/mwstop-home#breadcrumb"},"inLanguage":"fr-FR","potentialAction":[{"@type":"ReadAction","target":["https:\/\/www.fernco.de\/fr\/produkt\/mwstop-home"]}]},{"@type":"ImageObject","inLanguage":"fr-FR","@id":"https:\/\/www.fernco.de\/fr\/produkt\/mwstop-home#primaryimage","url":"https:\/\/www.fernco.de\/wp-content\/uploads\/2025\/02\/MWH_700x394.png","contentUrl":"https:\/\/www.fernco.de\/wp-content\/uploads\/2025\/02\/MWH_700x394.png","width":700,"height":394},{"@type":"BreadcrumbList","@id":"https:\/\/www.fernco.de\/fr\/produkt\/mwstop-home#breadcrumb","itemListElement":[{"@type":"ListItem","position":1,"name":"Home","item":"https:\/\/www.fernco.de\/fr"},{"@type":"ListItem","position":2,"name":"Produits","item":"https:\/\/www.fernco.de\/fr\/shop"},{"@type":"ListItem","position":3,"name":"Geruchverschluss MwStop\u00ae Home CV-H"}]},{"@type":"WebSite","@id":"https:\/\/www.fernco.de\/fr#website","url":"https:\/\/www.fernco.de\/fr","name":"Fernco","description":"Flexible Couplings, Drainage &amp; Plumbing Systems","publisher":{"@id":"https:\/\/www.fernco.de\/fr#organization"},"potentialAction":[{"@type":"SearchAction","target":{"@type":"EntryPoint","urlTemplate":"https:\/\/www.fernco.de\/fr?s={search_term_string}"},"query-input":"required name=search_term_string"}],"inLanguage":"fr-FR"},{"@type":"Organization","@id":"https:\/\/www.fernco.de\/fr#organization","name":"Fernco GmbH","alternateName":"Fernco","url":"https:\/\/www.fernco.de\/fr","logo":{"@type":"ImageObject","inLanguage":"fr-FR","@id":"https:\/\/www.fernco.de\/fr#\/schema\/logo\/image\/","url":"https:\/\/www.fernco.de\/wp-content\/uploads\/2022\/06\/fernco-logo.png","contentUrl":"https:\/\/www.fernco.de\/wp-content\/uploads\/2022\/06\/fernco-logo.png","width":287,"height":50,"caption":"Fernco GmbH"},"image":{"@id":"https:\/\/www.fernco.de\/fr#\/schema\/logo\/image\/"},"sameAs":["https:\/\/www.facebook.com\/Flexseal","https:\/\/x.com\/FlexsealUK"]}]}},"_links":{"self":[{"href":"https:\/\/www.fernco.de\/fr\/wp-json\/wp\/v2\/product\/34738"}],"collection":[{"href":"https:\/\/www.fernco.de\/fr\/wp-json\/wp\/v2\/product"}],"about":[{"href":"https:\/\/www.fernco.de\/fr\/wp-json\/wp\/v2\/types\/product"}],"wp:featuredmedia":[{"embeddable":true,"href":"https:\/\/www.fernco.de\/fr\/wp-json\/wp\/v2\/media\/34741"}],"wp:attachment":[{"href":"https:\/\/www.fernco.de\/fr\/wp-json\/wp\/v2\/media?parent=34738"}],"wp:term":[{"taxonomy":"product_cat","embeddable":true,"href":"https:\/\/www.fernco.de\/fr\/wp-json\/wp\/v2\/product_cat?post=34738"},{"taxonomy":"product_tag","embeddable":true,"href":"https:\/\/www.fernco.de\/fr\/wp-json\/wp\/v2\/product_tag?post=34738"}],"curies":[{"name":"wp","href":"https:\/\/api.w.org\/{rel}","templated":true}]}}