{"id":35737,"date":"2024-01-23T07:59:53","date_gmt":"2025-05-15T12:32:25","guid":{"rendered":"https:\/\/www.fernco.de\/?post_type=product&#038;p=35737"},"modified":"2025-05-15T13:37:26","modified_gmt":"2025-05-15T12:37:26","slug":"clapet-anti-refoulement-bwv","status":"publish","type":"product","link":"https:\/\/www.fernco.de\/fr\/produit\/clapet-anti-refoulement-bwv","title":{"rendered":"Clapet anti-refoulement BWV"},"content":{"rendered":"<p>BWV110-1 BWV160-1 BWV200-1 BWV110-2 BWV160-2 BWV200-2<\/p>\n<p>R\u00fcckstauverschluss kanal abfluss abwasser R\u00fcckstauklappen R\u00fcckfluss Hochwasserschutz Abwasserkanal Wasserwirtschaft Regenwasser Klappen Sch\u00e4dlinge ratten Nagetiere Nager<br \/>\nBack Water Valve sewer drain wastewater Backwater Valve Flaps Backflow Flood Protection sewer sewage water management stormwater flaps pests vermin rats rodents<br \/>\nClapet de refoulement en ligne canalisation \u00e9coulement eaux us\u00e9es clapets anti-retour protection contre les inondations canalisation d&rsquo;eaux us\u00e9es gestion des eaux pluviales clapets nuisibles rats rongeurs<br \/>\nZaw\u00f3r zwrotny zasuwa burzowa kanalizacja \u015bcieki klapy zwrotne ochrona przeciwpowodziowa kanalizacja gospodarka wodna klapy burzowe szkodniki szczury gryzonie<br \/>\nClapet anti-retour Clapet anti-retour Protection contre les inondations Canalisation d&rsquo;eaux us\u00e9es Gestion de l&rsquo;eau Eaux pluviales Clapets anti-nuisibles Rats Rongeurs<br \/>\nWasserwirtschaft hochwasser schutz fluten fluss kanal stau r\u00fcckstau r\u00fcckfluss regen ventil regenrohre regenrinnen<br \/>\nWater Management flood defense defence defend channel backflow rain valve<br \/>\nGestion des Eaux Gospodarka wodna Przeciwpowodziowe<\/p>\n<p>braun brown marron br\u0105zowy brazowy gelb yellow jaune z\u00f3\u0142ty zolty rot red rouge czerwony<\/p>\n<p>ABS schlagfest impact resistant r\u00e9sistant aux chocs Kunststoff Plastik plastic plastique<\/p>\n","protected":false},"excerpt":{"rendered":"<p>Les clapets anti-refoulement Fernco prot\u00e8gent les b\u00e2timents contre le reflux d&rsquo;eaux pluviales et us\u00e9es venant du syt\u00e8me d&rsquo;\u00e9vacuation gr\u00e2ce \u00e0 un syst\u00e8me de fermeture automatique. Leur design sp\u00e9cial r\u00e9duit le risque d&rsquo;accumulation de d\u00e9p\u00f4ts et de blocage du clapet.<\/p>\n<p><strong>En un coup d&rsquo;\u0153il\u00a0:<\/strong><\/p>\n<ul>\n<li>Fiable et n\u00e9cessitant peu d&rsquo;entretien<\/li>\n<li>Dot\u00e9 d&rsquo;un syst\u00e8me de fermeture manuelle d&rsquo;urgence<\/li>\n<li>Emp\u00eache les odeurs et les rongeurs de p\u00e9n\u00e9trer<\/li>\n<li>Fabriqu\u00e9 en ABS (Acrylonitrile butadi\u00e8ne styr\u00e8ne) ; haute r\u00e9sistance aux substances agressives<\/li>\n<li>Retrait facile du couvercle pour un entretien r\u00e9gulier<\/li>\n<li>Adapt\u00e9 aux eaux us\u00e9es exemptes de mati\u00e8res f\u00e9cales<\/li>\n<\/ul>\n","protected":false},"featured_media":30366,"template":"","meta":{"_acf_changed":false,"_mi_skip_tracking":false,"_monsterinsights_sitenote_active":false,"_monsterinsights_sitenote_note":"","_monsterinsights_sitenote_category":0},"product_cat":[243],"product_tag":[],"acf":[],"yoast_head":"<!-- This site is optimized with the Yoast SEO plugin v22.7 - https:\/\/yoast.com\/wordpress\/plugins\/seo\/ -->\n<title>Clapet anti-refoulement BWV | Fernco<\/title>\n<meta name=\"description\" content=\"Les clapets anti-refoulement Fernco prot\u00e8gent les b\u00e2timents contre le reflux d&#039;eaux pluviales et us\u00e9es venant du syt\u00e8me d&#039;\u00e9vacuation gr\u00e2ce \u00e0 un syst\u00e8me de fermeture automatique.\" \/>\n<meta name=\"robots\" content=\"index, follow, max-snippet:-1, max-image-preview:large, max-video-preview:-1\" \/>\n<link rel=\"canonical\" href=\"https:\/\/www.fernco.de\/fr\/produit\/clapet-anti-refoulement-bwv\" \/>\n<meta property=\"og:locale\" content=\"fr_FR\" \/>\n<meta property=\"og:type\" content=\"article\" \/>\n<meta property=\"og:title\" content=\"Clapet anti-refoulement BWV | Fernco\" \/>\n<meta property=\"og:description\" content=\"Les clapets anti-refoulement Fernco prot\u00e8gent les b\u00e2timents contre le reflux d&#039;eaux pluviales et us\u00e9es venant du syt\u00e8me d&#039;\u00e9vacuation gr\u00e2ce \u00e0 un syst\u00e8me de fermeture automatique.\" \/>\n<meta property=\"og:url\" content=\"https:\/\/www.fernco.de\/fr\/produit\/clapet-anti-refoulement-bwv\" \/>\n<meta property=\"og:site_name\" content=\"Fernco\" \/>\n<meta property=\"article:publisher\" content=\"https:\/\/www.facebook.com\/Flexseal\" \/>\n<meta property=\"article:modified_time\" content=\"2025-05-15T12:37:26+00:00\" \/>\n<meta property=\"og:image\" content=\"https:\/\/www.fernco.de\/wp-content\/uploads\/2024\/01\/BWV-back-water-valve.jpg\" \/>\n\t<meta property=\"og:image:width\" content=\"700\" \/>\n\t<meta property=\"og:image:height\" content=\"394\" \/>\n\t<meta property=\"og:image:type\" content=\"image\/jpeg\" \/>\n<meta name=\"twitter:card\" content=\"summary_large_image\" \/>\n<meta name=\"twitter:site\" content=\"@FlexsealUK\" \/>\n<meta name=\"twitter:label1\" content=\"Dur\u00e9e de lecture estim\u00e9e\" \/>\n\t<meta name=\"twitter:data1\" content=\"2 minutes\" \/>\n<script type=\"application\/ld+json\" class=\"yoast-schema-graph\">{\"@context\":\"https:\/\/schema.org\",\"@graph\":[{\"@type\":\"WebPage\",\"@id\":\"https:\/\/www.fernco.de\/fr\/produit\/clapet-anti-refoulement-bwv\",\"url\":\"https:\/\/www.fernco.de\/fr\/produit\/clapet-anti-refoulement-bwv\",\"name\":\"Clapet anti-refoulement BWV | Fernco\",\"isPartOf\":{\"@id\":\"https:\/\/www.fernco.de\/fr#website\"},\"primaryImageOfPage\":{\"@id\":\"https:\/\/www.fernco.de\/fr\/produit\/clapet-anti-refoulement-bwv#primaryimage\"},\"image\":{\"@id\":\"https:\/\/www.fernco.de\/fr\/produit\/clapet-anti-refoulement-bwv#primaryimage\"},\"thumbnailUrl\":\"https:\/\/www.fernco.de\/wp-content\/uploads\/2024\/01\/BWV-back-water-valve.jpg\",\"datePublished\":\"2025-05-15T12:32:25+00:00\",\"dateModified\":\"2025-05-15T12:37:26+00:00\",\"description\":\"Les clapets anti-refoulement Fernco prot\u00e8gent les b\u00e2timents contre le reflux d'eaux pluviales et us\u00e9es venant du syt\u00e8me d'\u00e9vacuation gr\u00e2ce \u00e0 un syst\u00e8me de fermeture automatique.\",\"breadcrumb\":{\"@id\":\"https:\/\/www.fernco.de\/fr\/produit\/clapet-anti-refoulement-bwv#breadcrumb\"},\"inLanguage\":\"fr-FR\",\"potentialAction\":[{\"@type\":\"ReadAction\",\"target\":[\"https:\/\/www.fernco.de\/fr\/produit\/clapet-anti-refoulement-bwv\"]}]},{\"@type\":\"ImageObject\",\"inLanguage\":\"fr-FR\",\"@id\":\"https:\/\/www.fernco.de\/fr\/produit\/clapet-anti-refoulement-bwv#primaryimage\",\"url\":\"https:\/\/www.fernco.de\/wp-content\/uploads\/2024\/01\/BWV-back-water-valve.jpg\",\"contentUrl\":\"https:\/\/www.fernco.de\/wp-content\/uploads\/2024\/01\/BWV-back-water-valve.jpg\",\"width\":700,\"height\":394},{\"@type\":\"BreadcrumbList\",\"@id\":\"https:\/\/www.fernco.de\/fr\/produit\/clapet-anti-refoulement-bwv#breadcrumb\",\"itemListElement\":[{\"@type\":\"ListItem\",\"position\":1,\"name\":\"Home\",\"item\":\"https:\/\/www.fernco.de\/fr\"},{\"@type\":\"ListItem\",\"position\":2,\"name\":\"Produits\",\"item\":\"https:\/\/www.fernco.de\/fr\/shop\"},{\"@type\":\"ListItem\",\"position\":3,\"name\":\"Clapet anti-refoulement BWV\"}]},{\"@type\":\"WebSite\",\"@id\":\"https:\/\/www.fernco.de\/fr#website\",\"url\":\"https:\/\/www.fernco.de\/fr\",\"name\":\"Fernco\",\"description\":\"Flexible Couplings, Drainage &amp; Plumbing Systems\",\"publisher\":{\"@id\":\"https:\/\/www.fernco.de\/fr#organization\"},\"potentialAction\":[{\"@type\":\"SearchAction\",\"target\":{\"@type\":\"EntryPoint\",\"urlTemplate\":\"https:\/\/www.fernco.de\/fr?s={search_term_string}\"},\"query-input\":\"required name=search_term_string\"}],\"inLanguage\":\"fr-FR\"},{\"@type\":\"Organization\",\"@id\":\"https:\/\/www.fernco.de\/fr#organization\",\"name\":\"Fernco GmbH\",\"alternateName\":\"Fernco\",\"url\":\"https:\/\/www.fernco.de\/fr\",\"logo\":{\"@type\":\"ImageObject\",\"inLanguage\":\"fr-FR\",\"@id\":\"https:\/\/www.fernco.de\/fr#\/schema\/logo\/image\/\",\"url\":\"https:\/\/www.fernco.de\/wp-content\/uploads\/2022\/06\/fernco-logo.png\",\"contentUrl\":\"https:\/\/www.fernco.de\/wp-content\/uploads\/2022\/06\/fernco-logo.png\",\"width\":287,\"height\":50,\"caption\":\"Fernco GmbH\"},\"image\":{\"@id\":\"https:\/\/www.fernco.de\/fr#\/schema\/logo\/image\/\"},\"sameAs\":[\"https:\/\/www.facebook.com\/Flexseal\",\"https:\/\/x.com\/FlexsealUK\"]}]}<\/script>\n<!-- \/ Yoast SEO plugin. -->","yoast_head_json":{"title":"Clapet anti-refoulement BWV | Fernco","description":"Les clapets anti-refoulement Fernco prot\u00e8gent les b\u00e2timents contre le reflux d'eaux pluviales et us\u00e9es venant du syt\u00e8me d'\u00e9vacuation gr\u00e2ce \u00e0 un syst\u00e8me de fermeture automatique.","robots":{"index":"index","follow":"follow","max-snippet":"max-snippet:-1","max-image-preview":"max-image-preview:large","max-video-preview":"max-video-preview:-1"},"canonical":"https:\/\/www.fernco.de\/fr\/produit\/clapet-anti-refoulement-bwv","og_locale":"fr_FR","og_type":"article","og_title":"Clapet anti-refoulement BWV | Fernco","og_description":"Les clapets anti-refoulement Fernco prot\u00e8gent les b\u00e2timents contre le reflux d'eaux pluviales et us\u00e9es venant du syt\u00e8me d'\u00e9vacuation gr\u00e2ce \u00e0 un syst\u00e8me de fermeture automatique.","og_url":"https:\/\/www.fernco.de\/fr\/produit\/clapet-anti-refoulement-bwv","og_site_name":"Fernco","article_publisher":"https:\/\/www.facebook.com\/Flexseal","article_modified_time":"2025-05-15T12:37:26+00:00","og_image":[{"width":700,"height":394,"url":"https:\/\/www.fernco.de\/wp-content\/uploads\/2024\/01\/BWV-back-water-valve.jpg","type":"image\/jpeg"}],"twitter_card":"summary_large_image","twitter_site":"@FlexsealUK","twitter_misc":{"Dur\u00e9e de lecture estim\u00e9e":"2 minutes"},"schema":{"@context":"https:\/\/schema.org","@graph":[{"@type":"WebPage","@id":"https:\/\/www.fernco.de\/fr\/produit\/clapet-anti-refoulement-bwv","url":"https:\/\/www.fernco.de\/fr\/produit\/clapet-anti-refoulement-bwv","name":"Clapet anti-refoulement BWV | Fernco","isPartOf":{"@id":"https:\/\/www.fernco.de\/fr#website"},"primaryImageOfPage":{"@id":"https:\/\/www.fernco.de\/fr\/produit\/clapet-anti-refoulement-bwv#primaryimage"},"image":{"@id":"https:\/\/www.fernco.de\/fr\/produit\/clapet-anti-refoulement-bwv#primaryimage"},"thumbnailUrl":"https:\/\/www.fernco.de\/wp-content\/uploads\/2024\/01\/BWV-back-water-valve.jpg","datePublished":"2025-05-15T12:32:25+00:00","dateModified":"2025-05-15T12:37:26+00:00","description":"Les clapets anti-refoulement Fernco prot\u00e8gent les b\u00e2timents contre le reflux d'eaux pluviales et us\u00e9es venant du syt\u00e8me d'\u00e9vacuation gr\u00e2ce \u00e0 un syst\u00e8me de fermeture automatique.","breadcrumb":{"@id":"https:\/\/www.fernco.de\/fr\/produit\/clapet-anti-refoulement-bwv#breadcrumb"},"inLanguage":"fr-FR","potentialAction":[{"@type":"ReadAction","target":["https:\/\/www.fernco.de\/fr\/produit\/clapet-anti-refoulement-bwv"]}]},{"@type":"ImageObject","inLanguage":"fr-FR","@id":"https:\/\/www.fernco.de\/fr\/produit\/clapet-anti-refoulement-bwv#primaryimage","url":"https:\/\/www.fernco.de\/wp-content\/uploads\/2024\/01\/BWV-back-water-valve.jpg","contentUrl":"https:\/\/www.fernco.de\/wp-content\/uploads\/2024\/01\/BWV-back-water-valve.jpg","width":700,"height":394},{"@type":"BreadcrumbList","@id":"https:\/\/www.fernco.de\/fr\/produit\/clapet-anti-refoulement-bwv#breadcrumb","itemListElement":[{"@type":"ListItem","position":1,"name":"Home","item":"https:\/\/www.fernco.de\/fr"},{"@type":"ListItem","position":2,"name":"Produits","item":"https:\/\/www.fernco.de\/fr\/shop"},{"@type":"ListItem","position":3,"name":"Clapet anti-refoulement BWV"}]},{"@type":"WebSite","@id":"https:\/\/www.fernco.de\/fr#website","url":"https:\/\/www.fernco.de\/fr","name":"Fernco","description":"Flexible Couplings, Drainage &amp; Plumbing Systems","publisher":{"@id":"https:\/\/www.fernco.de\/fr#organization"},"potentialAction":[{"@type":"SearchAction","target":{"@type":"EntryPoint","urlTemplate":"https:\/\/www.fernco.de\/fr?s={search_term_string}"},"query-input":"required name=search_term_string"}],"inLanguage":"fr-FR"},{"@type":"Organization","@id":"https:\/\/www.fernco.de\/fr#organization","name":"Fernco GmbH","alternateName":"Fernco","url":"https:\/\/www.fernco.de\/fr","logo":{"@type":"ImageObject","inLanguage":"fr-FR","@id":"https:\/\/www.fernco.de\/fr#\/schema\/logo\/image\/","url":"https:\/\/www.fernco.de\/wp-content\/uploads\/2022\/06\/fernco-logo.png","contentUrl":"https:\/\/www.fernco.de\/wp-content\/uploads\/2022\/06\/fernco-logo.png","width":287,"height":50,"caption":"Fernco GmbH"},"image":{"@id":"https:\/\/www.fernco.de\/fr#\/schema\/logo\/image\/"},"sameAs":["https:\/\/www.facebook.com\/Flexseal","https:\/\/x.com\/FlexsealUK"]}]}},"_links":{"self":[{"href":"https:\/\/www.fernco.de\/fr\/wp-json\/wp\/v2\/product\/35737"}],"collection":[{"href":"https:\/\/www.fernco.de\/fr\/wp-json\/wp\/v2\/product"}],"about":[{"href":"https:\/\/www.fernco.de\/fr\/wp-json\/wp\/v2\/types\/product"}],"wp:featuredmedia":[{"embeddable":true,"href":"https:\/\/www.fernco.de\/fr\/wp-json\/wp\/v2\/media\/30366"}],"wp:attachment":[{"href":"https:\/\/www.fernco.de\/fr\/wp-json\/wp\/v2\/media?parent=35737"}],"wp:term":[{"taxonomy":"product_cat","embeddable":true,"href":"https:\/\/www.fernco.de\/fr\/wp-json\/wp\/v2\/product_cat?post=35737"},{"taxonomy":"product_tag","embeddable":true,"href":"https:\/\/www.fernco.de\/fr\/wp-json\/wp\/v2\/product_tag?post=35737"}],"curies":[{"name":"wp","href":"https:\/\/api.w.org\/{rel}","templated":true}]}}