{"id":35742,"date":"2024-09-16T09:50:21","date_gmt":"2025-05-15T13:03:11","guid":{"rendered":"https:\/\/www.fernco.de\/?post_type=product&#038;p=35742"},"modified":"2025-05-15T14:07:05","modified_gmt":"2025-05-15T13:07:05","slug":"floodbag","status":"publish","type":"product","link":"https:\/\/www.fernco.de\/fr\/produit\/floodbag","title":{"rendered":"FLOODbag"},"content":{"rendered":"<p>Floodbag floodsax sandbag sandsack FB sand FB01 Worek z piaskiem Sac de sable barriere barrier barri\u00e8re bariera<br \/>\nHochwasserschutz Hochwasser flut \u00fcberschwemmbungen r\u00fcckfluss abwasser kanalisation floods defense defence protection backflow sewage sewerage water block return protection inondations crues inondations reflux eaux us\u00e9es \u00e9gouts ochrona przeciwpowodziowa pow\u00f3d\u017a przep\u0142yw zwrotny kanalizacja system kanalizacyjny<br \/>\nSanit\u00e4r Plumbing Plomberie Hydraulika Kanalizacja<\/p>\n<p>wei\u00df white blanc bia\u0142y bialy<br \/>\nSuperabsorbierendes Polymer fleece super absorbing polymer<\/p>\n<p>wartung reparatur abwasser rohre Abwasserrohre Abflusssysteme Lecks leck Sch\u00e4den schaden regenwasser undicht<br \/>\nmaintenance repair sewage leaks damages rain water flat roofs pipes tubes<br \/>\nr\u00e9paration eaux us\u00e9es tubes eaux us\u00e9es syst\u00e8mes d&rsquo;\u00e9vacuation \u00e9cologique inodore eau de pluie non \u00e9tanche toits plats<br \/>\n\u015arodek barwi\u0105cy konserwacja naprawa rury kanalizacyjne rury kanalizacyjne systemy odwadniaj\u0105ce wycieki uszkodzenia zanieczyszczenie dr\u00f3g wodnych przyjazne dla \u015brodowiska nietoksyczne bezzapachowe kolory przecieki wody deszczowej dachy p\u0142askie<\/p>\n","protected":false},"excerpt":{"rendered":"<p><strong>Les sacs anti-inondation Fernco sont des sacs absorbants remplis d&rsquo;un polym\u00e8re super absorbant (SAP), con\u00e7us pour la protection contre les inondations. C&rsquo;est une solution id\u00e9ale et facile \u00e0 stocker, qui constitue une alternative plus efficace et \u00e9conomique aux sacs de sable traditionnels. <\/strong><\/p>\n<p>Les sacs anti-inondation Fernco peuvent \u00eatre utilis\u00e9s pour de nombreuses applications, y compris pour les portes, les garages, les inondations soudaines, la couverture des briques d&rsquo;a\u00e9ration, les fuites, les chaudi\u00e8res et les reflux des toilettes. La technologie SAP int\u00e9gr\u00e9e dans les sacs Fernco absorbe l&rsquo;eau en quelques minutes &#8211; sans besoin de remplir manuellement des sacs de sable.<\/p>\n<p>Le polym\u00e8re super absorbant (SAP), se trouvant \u00e0 l&rsquo;int\u00e9rieur du sac, absorbe simplement l&rsquo;eau pour former un sac anti-inondation tendu et propre, sans d\u00e9bordement. Polyvalents et flexibles, ils peuvent \u00eatre utilis\u00e9s aussi bien \u00e0 l&rsquo;int\u00e9rieur qu&rsquo;\u00e0 l&rsquo;ext\u00e9rieur.<\/p>\n<p><strong>Les avantages en un coup d&rsquo;\u0153il\u00a0:<\/strong><\/p>\n<ul>\n<li>Bloque ou d\u00e9tourne efficacement les eaux de crue pour emp\u00eacher leur intrusion<\/li>\n<li>Emball\u00e9 \u00e0 plat pour un stockage facile &#8211; un sac sec ne p\u00e8se qu&rsquo;environ 400 grammes<\/li>\n<li>Mat\u00e9riau tr\u00e8s absorbant qui bloque le passage de l&rsquo;eau une fois satur\u00e9<\/li>\n<li>Absorbe les fuites et les \u00e9coulements dans les zones difficiles d&rsquo;acc\u00e8s<\/li>\n<li>Installation facile et rapide &#8211; 3 \u00e9tapes (simples)<\/li>\n<li>Facile \u00e0 transporter et \u00e0 stocker<\/li>\n<\/ul>\n","protected":false},"featured_media":33295,"template":"","meta":{"_acf_changed":false,"_mi_skip_tracking":false,"_monsterinsights_sitenote_active":false,"_monsterinsights_sitenote_note":"","_monsterinsights_sitenote_category":0},"product_cat":[243],"product_tag":[],"acf":[],"yoast_head":"<!-- This site is optimized with the Yoast SEO plugin v22.7 - https:\/\/yoast.com\/wordpress\/plugins\/seo\/ -->\n<title>FLOODbag | Fernco<\/title>\n<meta name=\"description\" content=\"Les sacs anti-inondation Fernco prot\u00e8gent les biens contre les inondations. Faciles \u00e0 stocker, ils constituent une alternative plus efficace aux sacs de sable.\" \/>\n<meta name=\"robots\" content=\"index, follow, max-snippet:-1, max-image-preview:large, max-video-preview:-1\" \/>\n<link rel=\"canonical\" href=\"https:\/\/www.fernco.de\/fr\/produit\/floodbag\" \/>\n<meta property=\"og:locale\" content=\"fr_FR\" \/>\n<meta property=\"og:type\" content=\"article\" \/>\n<meta property=\"og:title\" content=\"FLOODbag | Fernco\" \/>\n<meta property=\"og:description\" content=\"Les sacs anti-inondation Fernco prot\u00e8gent les biens contre les inondations. Faciles \u00e0 stocker, ils constituent une alternative plus efficace aux sacs de sable.\" \/>\n<meta property=\"og:url\" content=\"https:\/\/www.fernco.de\/fr\/produit\/floodbag\" \/>\n<meta property=\"og:site_name\" content=\"Fernco\" \/>\n<meta property=\"article:publisher\" content=\"https:\/\/www.facebook.com\/Flexseal\" \/>\n<meta property=\"article:modified_time\" content=\"2025-05-15T13:07:05+00:00\" \/>\n<meta property=\"og:image\" content=\"https:\/\/www.fernco.de\/wp-content\/uploads\/2024\/08\/FB_700x394.png\" \/>\n\t<meta property=\"og:image:width\" content=\"700\" \/>\n\t<meta property=\"og:image:height\" content=\"394\" \/>\n\t<meta property=\"og:image:type\" content=\"image\/png\" \/>\n<meta name=\"twitter:card\" content=\"summary_large_image\" \/>\n<meta name=\"twitter:site\" content=\"@FlexsealUK\" \/>\n<meta name=\"twitter:label1\" content=\"Dur\u00e9e de lecture estim\u00e9e\" \/>\n\t<meta name=\"twitter:data1\" content=\"1 minute\" \/>\n<script type=\"application\/ld+json\" class=\"yoast-schema-graph\">{\"@context\":\"https:\/\/schema.org\",\"@graph\":[{\"@type\":\"WebPage\",\"@id\":\"https:\/\/www.fernco.de\/fr\/produit\/floodbag\",\"url\":\"https:\/\/www.fernco.de\/fr\/produit\/floodbag\",\"name\":\"FLOODbag | Fernco\",\"isPartOf\":{\"@id\":\"https:\/\/www.fernco.de\/fr#website\"},\"primaryImageOfPage\":{\"@id\":\"https:\/\/www.fernco.de\/fr\/produit\/floodbag#primaryimage\"},\"image\":{\"@id\":\"https:\/\/www.fernco.de\/fr\/produit\/floodbag#primaryimage\"},\"thumbnailUrl\":\"https:\/\/www.fernco.de\/wp-content\/uploads\/2024\/08\/FB_700x394.png\",\"datePublished\":\"2025-05-15T13:03:11+00:00\",\"dateModified\":\"2025-05-15T13:07:05+00:00\",\"description\":\"Les sacs anti-inondation Fernco prot\u00e8gent les biens contre les inondations. Faciles \u00e0 stocker, ils constituent une alternative plus efficace aux sacs de sable.\",\"breadcrumb\":{\"@id\":\"https:\/\/www.fernco.de\/fr\/produit\/floodbag#breadcrumb\"},\"inLanguage\":\"fr-FR\",\"potentialAction\":[{\"@type\":\"ReadAction\",\"target\":[\"https:\/\/www.fernco.de\/fr\/produit\/floodbag\"]}]},{\"@type\":\"ImageObject\",\"inLanguage\":\"fr-FR\",\"@id\":\"https:\/\/www.fernco.de\/fr\/produit\/floodbag#primaryimage\",\"url\":\"https:\/\/www.fernco.de\/wp-content\/uploads\/2024\/08\/FB_700x394.png\",\"contentUrl\":\"https:\/\/www.fernco.de\/wp-content\/uploads\/2024\/08\/FB_700x394.png\",\"width\":700,\"height\":394},{\"@type\":\"BreadcrumbList\",\"@id\":\"https:\/\/www.fernco.de\/fr\/produit\/floodbag#breadcrumb\",\"itemListElement\":[{\"@type\":\"ListItem\",\"position\":1,\"name\":\"Home\",\"item\":\"https:\/\/www.fernco.de\/fr\"},{\"@type\":\"ListItem\",\"position\":2,\"name\":\"Produits\",\"item\":\"https:\/\/www.fernco.de\/fr\/shop\"},{\"@type\":\"ListItem\",\"position\":3,\"name\":\"FLOODbag\"}]},{\"@type\":\"WebSite\",\"@id\":\"https:\/\/www.fernco.de\/fr#website\",\"url\":\"https:\/\/www.fernco.de\/fr\",\"name\":\"Fernco\",\"description\":\"Flexible Couplings, Drainage &amp; Plumbing Systems\",\"publisher\":{\"@id\":\"https:\/\/www.fernco.de\/fr#organization\"},\"potentialAction\":[{\"@type\":\"SearchAction\",\"target\":{\"@type\":\"EntryPoint\",\"urlTemplate\":\"https:\/\/www.fernco.de\/fr?s={search_term_string}\"},\"query-input\":\"required name=search_term_string\"}],\"inLanguage\":\"fr-FR\"},{\"@type\":\"Organization\",\"@id\":\"https:\/\/www.fernco.de\/fr#organization\",\"name\":\"Fernco GmbH\",\"alternateName\":\"Fernco\",\"url\":\"https:\/\/www.fernco.de\/fr\",\"logo\":{\"@type\":\"ImageObject\",\"inLanguage\":\"fr-FR\",\"@id\":\"https:\/\/www.fernco.de\/fr#\/schema\/logo\/image\/\",\"url\":\"https:\/\/www.fernco.de\/wp-content\/uploads\/2022\/06\/fernco-logo.png\",\"contentUrl\":\"https:\/\/www.fernco.de\/wp-content\/uploads\/2022\/06\/fernco-logo.png\",\"width\":287,\"height\":50,\"caption\":\"Fernco GmbH\"},\"image\":{\"@id\":\"https:\/\/www.fernco.de\/fr#\/schema\/logo\/image\/\"},\"sameAs\":[\"https:\/\/www.facebook.com\/Flexseal\",\"https:\/\/x.com\/FlexsealUK\"]}]}<\/script>\n<!-- \/ Yoast SEO plugin. -->","yoast_head_json":{"title":"FLOODbag | Fernco","description":"Les sacs anti-inondation Fernco prot\u00e8gent les biens contre les inondations. Faciles \u00e0 stocker, ils constituent une alternative plus efficace aux sacs de sable.","robots":{"index":"index","follow":"follow","max-snippet":"max-snippet:-1","max-image-preview":"max-image-preview:large","max-video-preview":"max-video-preview:-1"},"canonical":"https:\/\/www.fernco.de\/fr\/produit\/floodbag","og_locale":"fr_FR","og_type":"article","og_title":"FLOODbag | Fernco","og_description":"Les sacs anti-inondation Fernco prot\u00e8gent les biens contre les inondations. Faciles \u00e0 stocker, ils constituent une alternative plus efficace aux sacs de sable.","og_url":"https:\/\/www.fernco.de\/fr\/produit\/floodbag","og_site_name":"Fernco","article_publisher":"https:\/\/www.facebook.com\/Flexseal","article_modified_time":"2025-05-15T13:07:05+00:00","og_image":[{"width":700,"height":394,"url":"https:\/\/www.fernco.de\/wp-content\/uploads\/2024\/08\/FB_700x394.png","type":"image\/png"}],"twitter_card":"summary_large_image","twitter_site":"@FlexsealUK","twitter_misc":{"Dur\u00e9e de lecture estim\u00e9e":"1 minute"},"schema":{"@context":"https:\/\/schema.org","@graph":[{"@type":"WebPage","@id":"https:\/\/www.fernco.de\/fr\/produit\/floodbag","url":"https:\/\/www.fernco.de\/fr\/produit\/floodbag","name":"FLOODbag | Fernco","isPartOf":{"@id":"https:\/\/www.fernco.de\/fr#website"},"primaryImageOfPage":{"@id":"https:\/\/www.fernco.de\/fr\/produit\/floodbag#primaryimage"},"image":{"@id":"https:\/\/www.fernco.de\/fr\/produit\/floodbag#primaryimage"},"thumbnailUrl":"https:\/\/www.fernco.de\/wp-content\/uploads\/2024\/08\/FB_700x394.png","datePublished":"2025-05-15T13:03:11+00:00","dateModified":"2025-05-15T13:07:05+00:00","description":"Les sacs anti-inondation Fernco prot\u00e8gent les biens contre les inondations. Faciles \u00e0 stocker, ils constituent une alternative plus efficace aux sacs de sable.","breadcrumb":{"@id":"https:\/\/www.fernco.de\/fr\/produit\/floodbag#breadcrumb"},"inLanguage":"fr-FR","potentialAction":[{"@type":"ReadAction","target":["https:\/\/www.fernco.de\/fr\/produit\/floodbag"]}]},{"@type":"ImageObject","inLanguage":"fr-FR","@id":"https:\/\/www.fernco.de\/fr\/produit\/floodbag#primaryimage","url":"https:\/\/www.fernco.de\/wp-content\/uploads\/2024\/08\/FB_700x394.png","contentUrl":"https:\/\/www.fernco.de\/wp-content\/uploads\/2024\/08\/FB_700x394.png","width":700,"height":394},{"@type":"BreadcrumbList","@id":"https:\/\/www.fernco.de\/fr\/produit\/floodbag#breadcrumb","itemListElement":[{"@type":"ListItem","position":1,"name":"Home","item":"https:\/\/www.fernco.de\/fr"},{"@type":"ListItem","position":2,"name":"Produits","item":"https:\/\/www.fernco.de\/fr\/shop"},{"@type":"ListItem","position":3,"name":"FLOODbag"}]},{"@type":"WebSite","@id":"https:\/\/www.fernco.de\/fr#website","url":"https:\/\/www.fernco.de\/fr","name":"Fernco","description":"Flexible Couplings, Drainage &amp; Plumbing Systems","publisher":{"@id":"https:\/\/www.fernco.de\/fr#organization"},"potentialAction":[{"@type":"SearchAction","target":{"@type":"EntryPoint","urlTemplate":"https:\/\/www.fernco.de\/fr?s={search_term_string}"},"query-input":"required name=search_term_string"}],"inLanguage":"fr-FR"},{"@type":"Organization","@id":"https:\/\/www.fernco.de\/fr#organization","name":"Fernco GmbH","alternateName":"Fernco","url":"https:\/\/www.fernco.de\/fr","logo":{"@type":"ImageObject","inLanguage":"fr-FR","@id":"https:\/\/www.fernco.de\/fr#\/schema\/logo\/image\/","url":"https:\/\/www.fernco.de\/wp-content\/uploads\/2022\/06\/fernco-logo.png","contentUrl":"https:\/\/www.fernco.de\/wp-content\/uploads\/2022\/06\/fernco-logo.png","width":287,"height":50,"caption":"Fernco GmbH"},"image":{"@id":"https:\/\/www.fernco.de\/fr#\/schema\/logo\/image\/"},"sameAs":["https:\/\/www.facebook.com\/Flexseal","https:\/\/x.com\/FlexsealUK"]}]}},"_links":{"self":[{"href":"https:\/\/www.fernco.de\/fr\/wp-json\/wp\/v2\/product\/35742"}],"collection":[{"href":"https:\/\/www.fernco.de\/fr\/wp-json\/wp\/v2\/product"}],"about":[{"href":"https:\/\/www.fernco.de\/fr\/wp-json\/wp\/v2\/types\/product"}],"wp:featuredmedia":[{"embeddable":true,"href":"https:\/\/www.fernco.de\/fr\/wp-json\/wp\/v2\/media\/33295"}],"wp:attachment":[{"href":"https:\/\/www.fernco.de\/fr\/wp-json\/wp\/v2\/media?parent=35742"}],"wp:term":[{"taxonomy":"product_cat","embeddable":true,"href":"https:\/\/www.fernco.de\/fr\/wp-json\/wp\/v2\/product_cat?post=35742"},{"taxonomy":"product_tag","embeddable":true,"href":"https:\/\/www.fernco.de\/fr\/wp-json\/wp\/v2\/product_tag?post=35742"}],"curies":[{"name":"wp","href":"https:\/\/api.w.org\/{rel}","templated":true}]}}