{"id":35834,"date":"2023-08-18T14:15:51","date_gmt":"2025-06-04T09:15:31","guid":{"rendered":"https:\/\/www.fernco.de\/?post_type=product&#038;p=35834"},"modified":"2025-12-11T14:40:05","modified_gmt":"2025-12-11T14:40:05","slug":"joint-detancheite-lps","status":"publish","type":"product","link":"https:\/\/www.fernco.de\/fr\/produit\/joint-detancheite-lps","title":{"rendered":"Joint d&rsquo;\u00e9tanch\u00e9it\u00e9 LPS"},"content":{"rendered":"<p>LPS Tubocor LPS110-250-400 LPS110-630-1000 LPS160-300-500 LPS160-630-1000 LPS160-1200 LPS200-315 LPS200-400-500 LPS200-630-1000 LPS200-1200 LPS250-400-500 LPS250-630-1000 LPS315-630-1000 LPS400-1000-1200<\/p>\n<p>Anschlussdichtungen seitlicher Anschluss Anschl\u00fcsse Hauptrohre Hauptleitungen pipe seals lateral connection main pipes Joints de Tuyaux raccordement lat\u00e9ral Tuyaux principaux Conduites principales Uszczelki przy\u0142\u0105czeniowe Uszczelka przy\u0142\u0105czeniowa<\/p>\n<p>KG KG2000 PVC Kunststoffrohre d\u00fcnnwandiges glattes Rohr PVCu plastics pipes Thin-Walled Pipe smooth Tubes en plastique Rury plastikowe cienko\u015bcienne g\u0142adkie<br \/>\nBetonrohre concrete pipes asbestos Tubes en b\u00e9ton Rury betonowe<br \/>\ngeripptes gewelltes Rohre Rippen kunststoff plastik strukturiertes Wellen doppelwandiges Robukan UR UltraRib ribbed ribs structured pipes twin-walled tube nervur\u00e9 ondul\u00e9 Rury faliste plastikowe dwu\u015bcienne<br \/>\nAbwasserrohre Abflusssysteme Kanal Kanalisation sewage pipes systems Tuyaux d&rsquo;\u00e9vacuation Syst\u00e8mes d&rsquo;\u00e9vacuation Rury kanalizacyjne Systemy odwadniaj\u0105ce Kanalizacja<br \/>\nHauptrohre Hauptleitung Sch\u00e4chte Schacht Bohrung Dichtungen main pipes main line manholes bore gasket Tuyaux principaux Conduite principale Puits Puits Per\u00e7age Joints d&rsquo;\u00e9tanch\u00e9it\u00e9 Rury magistralne Rury magistralne Studzienki Uszczelki studzienek<\/p>\n<p>NBR SBR EPDM Elastomere \u00f6lbest\u00e4ndig benzinbest\u00e4ndig treibstoff tankstelle kautschuk UV best\u00e4ndig rubber resistant gasoline fuel oil resistant gas caoutchouc \u00c9lastom\u00e8re r\u00e9sistant l&rsquo;huile r\u00e9sistant l&rsquo;essence Guma Elastomery Odporne na promieniowanie na oleje<br \/>\nschwarz black noir czarny<\/p>\n<p>DN110 DN160 DN200 DN250 DN315 DN400<\/p>\n","protected":false},"excerpt":{"rendered":"<p>Le joint d&rsquo;\u00e9tanch\u00e9it\u00e9 de tuyaux LPS Fernco est une solution simple, rapide et s\u00e9curis\u00e9e pour raccorder lat\u00e9ralement des tuyaux en plastique \u00e0 paroi lisse aux syst\u00e8mes d&rsquo;\u00e9vacuation principaux. Ce joint offre une entr\u00e9e \u00e0 90\u00b0 dans le syt\u00e8me principal, ind\u00e9pendamment du fait que le raccordement se fasse \u00e0 un tuyau principal existant ou neuf ou sur un regard.<\/p>\n<p>Le joint peut \u00eatre facilement install\u00e9 dans un trou de carottage r\u00e9alis\u00e9 dans la conduite principale, o\u00f9 un tuyau lat\u00e9ral sera ensuite raccord\u00e9. Les joints sont fabriqu\u00e9s en EPDM conforme \u00e0 la norme EN 681-1, garantissant une fiabilit\u00e9 \u00e0 long terme. Sur demande, les joints peuvent \u00e9galement \u00eatre fabriqu\u00e9s en NBR si une r\u00e9sistance aux huiles et carburants est n\u00e9cessaire pour le raccordement.<\/p>\n<p><strong>Les avantages du produit en un coup d&rsquo;\u0153il :<\/strong><\/p>\n<ul>\n<li>\u00c9tanch\u00e9it\u00e9 rapide et efficace des tuyaux<\/li>\n<li>Pour les syst\u00e8mes d&rsquo;assainissement neufs ou existants<\/li>\n<li>R\u00e9duction des co\u00fbts de mat\u00e9riel et de main-d&rsquo;\u0153uvre<\/li>\n<li>Flexibilit\u00e9 accrue dans le positionnement<\/li>\n<li>Petit et l\u00e9ger, facile \u00e0 transporter et \u00e0 manipuler pour une installation rapide<\/li>\n<li>L&rsquo;installation est ind\u00e9pendante des conditions m\u00e9t\u00e9orologiques<\/li>\n<\/ul>\n","protected":false},"featured_media":35835,"template":"","meta":{"_acf_changed":false,"_mi_skip_tracking":false,"_monsterinsights_sitenote_active":false,"_monsterinsights_sitenote_note":"","_monsterinsights_sitenote_category":0},"product_cat":[231],"product_tag":[],"acf":[],"yoast_head":"<!-- This site is optimized with the Yoast SEO plugin v22.7 - https:\/\/yoast.com\/wordpress\/plugins\/seo\/ -->\n<title>Joint d&#039;\u00e9tanch\u00e9it\u00e9 LPS | Fernco<\/title>\n<meta name=\"description\" content=\"Le moyen rapide et fiable pour raccorder des tuyaux en plastique aux syst\u00e8mes d&#039;\u00e9vacuation principaux. Installation facile, joint durable en EPDM et positionnement flexible !\" \/>\n<meta name=\"robots\" content=\"index, follow, max-snippet:-1, max-image-preview:large, max-video-preview:-1\" \/>\n<link rel=\"canonical\" href=\"https:\/\/www.fernco.de\/fr\/produit\/joint-detancheite-lps\" \/>\n<meta property=\"og:locale\" content=\"fr_FR\" \/>\n<meta property=\"og:type\" content=\"article\" \/>\n<meta property=\"og:title\" content=\"Joint d&#039;\u00e9tanch\u00e9it\u00e9 LPS | Fernco\" \/>\n<meta property=\"og:description\" content=\"Le moyen rapide et fiable pour raccorder des tuyaux en plastique aux syst\u00e8mes d&#039;\u00e9vacuation principaux. Installation facile, joint durable en EPDM et positionnement flexible !\" \/>\n<meta property=\"og:url\" content=\"https:\/\/www.fernco.de\/fr\/produit\/joint-detancheite-lps\" \/>\n<meta property=\"og:site_name\" content=\"Fernco\" \/>\n<meta property=\"article:publisher\" content=\"https:\/\/www.facebook.com\/Flexseal\" \/>\n<meta property=\"article:modified_time\" content=\"2025-12-11T14:40:05+00:00\" \/>\n<meta property=\"og:image\" content=\"https:\/\/www.fernco.de\/wp-content\/uploads\/2023\/08\/Anschlussdichtung_LPS.jpg\" \/>\n\t<meta property=\"og:image:width\" content=\"1912\" \/>\n\t<meta property=\"og:image:height\" content=\"1078\" \/>\n\t<meta property=\"og:image:type\" content=\"image\/jpeg\" \/>\n<meta name=\"twitter:card\" content=\"summary_large_image\" \/>\n<meta name=\"twitter:site\" content=\"@FlexsealUK\" \/>\n<meta name=\"twitter:label1\" content=\"Dur\u00e9e de lecture estim\u00e9e\" \/>\n\t<meta name=\"twitter:data1\" content=\"2 minutes\" \/>\n<script type=\"application\/ld+json\" class=\"yoast-schema-graph\">{\"@context\":\"https:\/\/schema.org\",\"@graph\":[{\"@type\":\"WebPage\",\"@id\":\"https:\/\/www.fernco.de\/fr\/produit\/joint-detancheite-lps\",\"url\":\"https:\/\/www.fernco.de\/fr\/produit\/joint-detancheite-lps\",\"name\":\"Joint d'\u00e9tanch\u00e9it\u00e9 LPS | Fernco\",\"isPartOf\":{\"@id\":\"https:\/\/www.fernco.de\/fr#website\"},\"primaryImageOfPage\":{\"@id\":\"https:\/\/www.fernco.de\/fr\/produit\/joint-detancheite-lps#primaryimage\"},\"image\":{\"@id\":\"https:\/\/www.fernco.de\/fr\/produit\/joint-detancheite-lps#primaryimage\"},\"thumbnailUrl\":\"https:\/\/www.fernco.de\/wp-content\/uploads\/2023\/08\/Anschlussdichtung_LPS.jpg\",\"datePublished\":\"2025-06-04T09:15:31+00:00\",\"dateModified\":\"2025-12-11T14:40:05+00:00\",\"description\":\"Le moyen rapide et fiable pour raccorder des tuyaux en plastique aux syst\u00e8mes d'\u00e9vacuation principaux. Installation facile, joint durable en EPDM et positionnement flexible !\",\"breadcrumb\":{\"@id\":\"https:\/\/www.fernco.de\/fr\/produit\/joint-detancheite-lps#breadcrumb\"},\"inLanguage\":\"fr-FR\",\"potentialAction\":[{\"@type\":\"ReadAction\",\"target\":[\"https:\/\/www.fernco.de\/fr\/produit\/joint-detancheite-lps\"]}]},{\"@type\":\"ImageObject\",\"inLanguage\":\"fr-FR\",\"@id\":\"https:\/\/www.fernco.de\/fr\/produit\/joint-detancheite-lps#primaryimage\",\"url\":\"https:\/\/www.fernco.de\/wp-content\/uploads\/2023\/08\/Anschlussdichtung_LPS.jpg\",\"contentUrl\":\"https:\/\/www.fernco.de\/wp-content\/uploads\/2023\/08\/Anschlussdichtung_LPS.jpg\",\"width\":1912,\"height\":1078},{\"@type\":\"BreadcrumbList\",\"@id\":\"https:\/\/www.fernco.de\/fr\/produit\/joint-detancheite-lps#breadcrumb\",\"itemListElement\":[{\"@type\":\"ListItem\",\"position\":1,\"name\":\"Home\",\"item\":\"https:\/\/www.fernco.de\/fr\"},{\"@type\":\"ListItem\",\"position\":2,\"name\":\"Produits\",\"item\":\"https:\/\/www.fernco.de\/fr\/shop\"},{\"@type\":\"ListItem\",\"position\":3,\"name\":\"Joint d&#8217;\u00e9tanch\u00e9it\u00e9 LPS\"}]},{\"@type\":\"WebSite\",\"@id\":\"https:\/\/www.fernco.de\/fr#website\",\"url\":\"https:\/\/www.fernco.de\/fr\",\"name\":\"Fernco\",\"description\":\"Flexible Couplings, Drainage &amp; Plumbing Systems\",\"publisher\":{\"@id\":\"https:\/\/www.fernco.de\/fr#organization\"},\"potentialAction\":[{\"@type\":\"SearchAction\",\"target\":{\"@type\":\"EntryPoint\",\"urlTemplate\":\"https:\/\/www.fernco.de\/fr?s={search_term_string}\"},\"query-input\":\"required name=search_term_string\"}],\"inLanguage\":\"fr-FR\"},{\"@type\":\"Organization\",\"@id\":\"https:\/\/www.fernco.de\/fr#organization\",\"name\":\"Fernco GmbH\",\"alternateName\":\"Fernco\",\"url\":\"https:\/\/www.fernco.de\/fr\",\"logo\":{\"@type\":\"ImageObject\",\"inLanguage\":\"fr-FR\",\"@id\":\"https:\/\/www.fernco.de\/fr#\/schema\/logo\/image\/\",\"url\":\"https:\/\/www.fernco.de\/wp-content\/uploads\/2022\/06\/fernco-logo.png\",\"contentUrl\":\"https:\/\/www.fernco.de\/wp-content\/uploads\/2022\/06\/fernco-logo.png\",\"width\":287,\"height\":50,\"caption\":\"Fernco GmbH\"},\"image\":{\"@id\":\"https:\/\/www.fernco.de\/fr#\/schema\/logo\/image\/\"},\"sameAs\":[\"https:\/\/www.facebook.com\/Flexseal\",\"https:\/\/x.com\/FlexsealUK\"]}]}<\/script>\n<!-- \/ Yoast SEO plugin. -->","yoast_head_json":{"title":"Joint d'\u00e9tanch\u00e9it\u00e9 LPS | Fernco","description":"Le moyen rapide et fiable pour raccorder des tuyaux en plastique aux syst\u00e8mes d'\u00e9vacuation principaux. Installation facile, joint durable en EPDM et positionnement flexible !","robots":{"index":"index","follow":"follow","max-snippet":"max-snippet:-1","max-image-preview":"max-image-preview:large","max-video-preview":"max-video-preview:-1"},"canonical":"https:\/\/www.fernco.de\/fr\/produit\/joint-detancheite-lps","og_locale":"fr_FR","og_type":"article","og_title":"Joint d'\u00e9tanch\u00e9it\u00e9 LPS | Fernco","og_description":"Le moyen rapide et fiable pour raccorder des tuyaux en plastique aux syst\u00e8mes d'\u00e9vacuation principaux. Installation facile, joint durable en EPDM et positionnement flexible !","og_url":"https:\/\/www.fernco.de\/fr\/produit\/joint-detancheite-lps","og_site_name":"Fernco","article_publisher":"https:\/\/www.facebook.com\/Flexseal","article_modified_time":"2025-12-11T14:40:05+00:00","og_image":[{"width":1912,"height":1078,"url":"https:\/\/www.fernco.de\/wp-content\/uploads\/2023\/08\/Anschlussdichtung_LPS.jpg","type":"image\/jpeg"}],"twitter_card":"summary_large_image","twitter_site":"@FlexsealUK","twitter_misc":{"Dur\u00e9e de lecture estim\u00e9e":"2 minutes"},"schema":{"@context":"https:\/\/schema.org","@graph":[{"@type":"WebPage","@id":"https:\/\/www.fernco.de\/fr\/produit\/joint-detancheite-lps","url":"https:\/\/www.fernco.de\/fr\/produit\/joint-detancheite-lps","name":"Joint d'\u00e9tanch\u00e9it\u00e9 LPS | Fernco","isPartOf":{"@id":"https:\/\/www.fernco.de\/fr#website"},"primaryImageOfPage":{"@id":"https:\/\/www.fernco.de\/fr\/produit\/joint-detancheite-lps#primaryimage"},"image":{"@id":"https:\/\/www.fernco.de\/fr\/produit\/joint-detancheite-lps#primaryimage"},"thumbnailUrl":"https:\/\/www.fernco.de\/wp-content\/uploads\/2023\/08\/Anschlussdichtung_LPS.jpg","datePublished":"2025-06-04T09:15:31+00:00","dateModified":"2025-12-11T14:40:05+00:00","description":"Le moyen rapide et fiable pour raccorder des tuyaux en plastique aux syst\u00e8mes d'\u00e9vacuation principaux. Installation facile, joint durable en EPDM et positionnement flexible !","breadcrumb":{"@id":"https:\/\/www.fernco.de\/fr\/produit\/joint-detancheite-lps#breadcrumb"},"inLanguage":"fr-FR","potentialAction":[{"@type":"ReadAction","target":["https:\/\/www.fernco.de\/fr\/produit\/joint-detancheite-lps"]}]},{"@type":"ImageObject","inLanguage":"fr-FR","@id":"https:\/\/www.fernco.de\/fr\/produit\/joint-detancheite-lps#primaryimage","url":"https:\/\/www.fernco.de\/wp-content\/uploads\/2023\/08\/Anschlussdichtung_LPS.jpg","contentUrl":"https:\/\/www.fernco.de\/wp-content\/uploads\/2023\/08\/Anschlussdichtung_LPS.jpg","width":1912,"height":1078},{"@type":"BreadcrumbList","@id":"https:\/\/www.fernco.de\/fr\/produit\/joint-detancheite-lps#breadcrumb","itemListElement":[{"@type":"ListItem","position":1,"name":"Home","item":"https:\/\/www.fernco.de\/fr"},{"@type":"ListItem","position":2,"name":"Produits","item":"https:\/\/www.fernco.de\/fr\/shop"},{"@type":"ListItem","position":3,"name":"Joint d&#8217;\u00e9tanch\u00e9it\u00e9 LPS"}]},{"@type":"WebSite","@id":"https:\/\/www.fernco.de\/fr#website","url":"https:\/\/www.fernco.de\/fr","name":"Fernco","description":"Flexible Couplings, Drainage &amp; Plumbing Systems","publisher":{"@id":"https:\/\/www.fernco.de\/fr#organization"},"potentialAction":[{"@type":"SearchAction","target":{"@type":"EntryPoint","urlTemplate":"https:\/\/www.fernco.de\/fr?s={search_term_string}"},"query-input":"required name=search_term_string"}],"inLanguage":"fr-FR"},{"@type":"Organization","@id":"https:\/\/www.fernco.de\/fr#organization","name":"Fernco GmbH","alternateName":"Fernco","url":"https:\/\/www.fernco.de\/fr","logo":{"@type":"ImageObject","inLanguage":"fr-FR","@id":"https:\/\/www.fernco.de\/fr#\/schema\/logo\/image\/","url":"https:\/\/www.fernco.de\/wp-content\/uploads\/2022\/06\/fernco-logo.png","contentUrl":"https:\/\/www.fernco.de\/wp-content\/uploads\/2022\/06\/fernco-logo.png","width":287,"height":50,"caption":"Fernco GmbH"},"image":{"@id":"https:\/\/www.fernco.de\/fr#\/schema\/logo\/image\/"},"sameAs":["https:\/\/www.facebook.com\/Flexseal","https:\/\/x.com\/FlexsealUK"]}]}},"_links":{"self":[{"href":"https:\/\/www.fernco.de\/fr\/wp-json\/wp\/v2\/product\/35834"}],"collection":[{"href":"https:\/\/www.fernco.de\/fr\/wp-json\/wp\/v2\/product"}],"about":[{"href":"https:\/\/www.fernco.de\/fr\/wp-json\/wp\/v2\/types\/product"}],"wp:featuredmedia":[{"embeddable":true,"href":"https:\/\/www.fernco.de\/fr\/wp-json\/wp\/v2\/media\/35835"}],"wp:attachment":[{"href":"https:\/\/www.fernco.de\/fr\/wp-json\/wp\/v2\/media?parent=35834"}],"wp:term":[{"taxonomy":"product_cat","embeddable":true,"href":"https:\/\/www.fernco.de\/fr\/wp-json\/wp\/v2\/product_cat?post=35834"},{"taxonomy":"product_tag","embeddable":true,"href":"https:\/\/www.fernco.de\/fr\/wp-json\/wp\/v2\/product_tag?post=35834"}],"curies":[{"name":"wp","href":"https:\/\/api.w.org\/{rel}","templated":true}]}}