{"id":35868,"date":"2020-10-27T08:27:39","date_gmt":"2025-06-04T14:15:14","guid":{"rendered":"https:\/\/www.fernco.de\/?post_type=product&#038;p=35868"},"modified":"2025-12-11T14:53:09","modified_gmt":"2025-12-11T14:53:09","slug":"joint-torique-br","status":"publish","type":"product","link":"https:\/\/www.fernco.de\/fr\/produit\/joint-torique-br","title":{"rendered":"Joint torique BR"},"content":{"rendered":"<p>BR150 BR200<br \/>\nBR Bohrring drilling ring b-ring Pier\u015bcie\u0144 do wierce\u0144<\/p>\n<p>abgel\u00e4ngte Steinzeugrohre Steckmuffe L radiusangepasster radius adjusted<\/p>\n<p>Steinzeugrohre eurotop vitrified clay pipes Tuyaux en gr\u00e8s Rury kamionkowe<br \/>\nHauptleitungen Hauptrohre Abwassersysteme Abflusssysteme Main lines pipes Sewage Drainage systems Rohrverbindungen joints connections<\/p>\n<p>DN150 DN200 DN300 DN400<\/p>\n<p>Dichtringe steinzeugrohr rohrspitzende abdichten sealing rings Bagues d&rsquo;\u00c9tanch\u00e9it\u00e9 Pier\u015bcienie Pier\u015bcie\u0144 uszczelniaj\u0105ce<\/p>\n","protected":false},"excerpt":{"rendered":"<p>Le joint torique BR est utilis\u00e9 comme joint d&rsquo;\u00e9tanch\u00e9it\u00e9 en combinaison avec un embo\u00eetement en gr\u00e8s pour former une selle de branchement sur les conduites principales d&rsquo;\u00e9gouts en gr\u00e8s.<\/p>\n<p>La bague de per\u00e7age DN 150 Fernco est la seule sur le march\u00e9 allemand \u00e0 disposer d&rsquo;une l\u00e8vre d&rsquo;\u00e9tanch\u00e9it\u00e9 brevet\u00e9e s&rsquo;adaptant au rayon du tuyau, et offrant un avantage consid\u00e9rable en mati\u00e8re d&rsquo;\u00e9tanch\u00e9it\u00e9. Par cons\u00e9quent, elle peut \u00eatre raccord\u00e9e aux conduites principales en gr\u00e8s \u00e0 partir de DN 300 (BR 200 &#8211; \u00e0 partir de DN 400).<\/p>\n","protected":false},"featured_media":35869,"template":"","meta":{"_acf_changed":false,"_mi_skip_tracking":false,"_monsterinsights_sitenote_active":false,"_monsterinsights_sitenote_note":"","_monsterinsights_sitenote_category":0},"product_cat":[235],"product_tag":[],"acf":[],"yoast_head":"<!-- This site is optimized with the Yoast SEO plugin v22.7 - https:\/\/yoast.com\/wordpress\/plugins\/seo\/ -->\n<title>Joint torique BR | Fernco<\/title>\n<meta name=\"description\" content=\"Les joints toriques BR DN 150 Fernco sont utilis\u00e9s comme joint d&#039;\u00e9tanch\u00e9it\u00e9 pour le raccordement de bout m\u00e2le en gr\u00e8s aux conduites principales auss en gr\u00e8s \u00e0 partir de DN 300.\" \/>\n<meta name=\"robots\" content=\"index, follow, max-snippet:-1, max-image-preview:large, max-video-preview:-1\" \/>\n<link rel=\"canonical\" href=\"https:\/\/www.fernco.de\/fr\/produit\/joint-torique-br\" \/>\n<meta property=\"og:locale\" content=\"fr_FR\" \/>\n<meta property=\"og:type\" content=\"article\" \/>\n<meta property=\"og:title\" content=\"Joint torique BR | Fernco\" \/>\n<meta property=\"og:description\" content=\"Les joints toriques BR DN 150 Fernco sont utilis\u00e9s comme joint d&#039;\u00e9tanch\u00e9it\u00e9 pour le raccordement de bout m\u00e2le en gr\u00e8s aux conduites principales auss en gr\u00e8s \u00e0 partir de DN 300.\" \/>\n<meta property=\"og:url\" content=\"https:\/\/www.fernco.de\/fr\/produit\/joint-torique-br\" \/>\n<meta property=\"og:site_name\" content=\"Fernco\" \/>\n<meta property=\"article:publisher\" content=\"https:\/\/www.facebook.com\/Flexseal\" \/>\n<meta property=\"article:modified_time\" content=\"2025-12-11T14:53:09+00:00\" \/>\n<meta property=\"og:image\" content=\"https:\/\/www.fernco.de\/wp-content\/uploads\/2023\/05\/BR_700x394.png\" \/>\n\t<meta property=\"og:image:width\" content=\"700\" \/>\n\t<meta property=\"og:image:height\" content=\"394\" \/>\n\t<meta property=\"og:image:type\" content=\"image\/png\" \/>\n<meta name=\"twitter:card\" content=\"summary_large_image\" \/>\n<meta name=\"twitter:site\" content=\"@FlexsealUK\" \/>\n<meta name=\"twitter:label1\" content=\"Dur\u00e9e de lecture estim\u00e9e\" \/>\n\t<meta name=\"twitter:data1\" content=\"1 minute\" \/>\n<script type=\"application\/ld+json\" class=\"yoast-schema-graph\">{\"@context\":\"https:\/\/schema.org\",\"@graph\":[{\"@type\":\"WebPage\",\"@id\":\"https:\/\/www.fernco.de\/fr\/produit\/joint-torique-br\",\"url\":\"https:\/\/www.fernco.de\/fr\/produit\/joint-torique-br\",\"name\":\"Joint torique BR | Fernco\",\"isPartOf\":{\"@id\":\"https:\/\/www.fernco.de\/fr#website\"},\"primaryImageOfPage\":{\"@id\":\"https:\/\/www.fernco.de\/fr\/produit\/joint-torique-br#primaryimage\"},\"image\":{\"@id\":\"https:\/\/www.fernco.de\/fr\/produit\/joint-torique-br#primaryimage\"},\"thumbnailUrl\":\"https:\/\/www.fernco.de\/wp-content\/uploads\/2023\/05\/BR_700x394.png\",\"datePublished\":\"2025-06-04T14:15:14+00:00\",\"dateModified\":\"2025-12-11T14:53:09+00:00\",\"description\":\"Les joints toriques BR DN 150 Fernco sont utilis\u00e9s comme joint d'\u00e9tanch\u00e9it\u00e9 pour le raccordement de bout m\u00e2le en gr\u00e8s aux conduites principales auss en gr\u00e8s \u00e0 partir de DN 300.\",\"breadcrumb\":{\"@id\":\"https:\/\/www.fernco.de\/fr\/produit\/joint-torique-br#breadcrumb\"},\"inLanguage\":\"fr-FR\",\"potentialAction\":[{\"@type\":\"ReadAction\",\"target\":[\"https:\/\/www.fernco.de\/fr\/produit\/joint-torique-br\"]}]},{\"@type\":\"ImageObject\",\"inLanguage\":\"fr-FR\",\"@id\":\"https:\/\/www.fernco.de\/fr\/produit\/joint-torique-br#primaryimage\",\"url\":\"https:\/\/www.fernco.de\/wp-content\/uploads\/2023\/05\/BR_700x394.png\",\"contentUrl\":\"https:\/\/www.fernco.de\/wp-content\/uploads\/2023\/05\/BR_700x394.png\",\"width\":700,\"height\":394},{\"@type\":\"BreadcrumbList\",\"@id\":\"https:\/\/www.fernco.de\/fr\/produit\/joint-torique-br#breadcrumb\",\"itemListElement\":[{\"@type\":\"ListItem\",\"position\":1,\"name\":\"Home\",\"item\":\"https:\/\/www.fernco.de\/fr\"},{\"@type\":\"ListItem\",\"position\":2,\"name\":\"Produits\",\"item\":\"https:\/\/www.fernco.de\/fr\/shop\"},{\"@type\":\"ListItem\",\"position\":3,\"name\":\"Joint torique BR\"}]},{\"@type\":\"WebSite\",\"@id\":\"https:\/\/www.fernco.de\/fr#website\",\"url\":\"https:\/\/www.fernco.de\/fr\",\"name\":\"Fernco\",\"description\":\"Flexible Couplings, Drainage &amp; Plumbing Systems\",\"publisher\":{\"@id\":\"https:\/\/www.fernco.de\/fr#organization\"},\"potentialAction\":[{\"@type\":\"SearchAction\",\"target\":{\"@type\":\"EntryPoint\",\"urlTemplate\":\"https:\/\/www.fernco.de\/fr?s={search_term_string}\"},\"query-input\":\"required name=search_term_string\"}],\"inLanguage\":\"fr-FR\"},{\"@type\":\"Organization\",\"@id\":\"https:\/\/www.fernco.de\/fr#organization\",\"name\":\"Fernco GmbH\",\"alternateName\":\"Fernco\",\"url\":\"https:\/\/www.fernco.de\/fr\",\"logo\":{\"@type\":\"ImageObject\",\"inLanguage\":\"fr-FR\",\"@id\":\"https:\/\/www.fernco.de\/fr#\/schema\/logo\/image\/\",\"url\":\"https:\/\/www.fernco.de\/wp-content\/uploads\/2022\/06\/fernco-logo.png\",\"contentUrl\":\"https:\/\/www.fernco.de\/wp-content\/uploads\/2022\/06\/fernco-logo.png\",\"width\":287,\"height\":50,\"caption\":\"Fernco GmbH\"},\"image\":{\"@id\":\"https:\/\/www.fernco.de\/fr#\/schema\/logo\/image\/\"},\"sameAs\":[\"https:\/\/www.facebook.com\/Flexseal\",\"https:\/\/x.com\/FlexsealUK\"]}]}<\/script>\n<!-- \/ Yoast SEO plugin. -->","yoast_head_json":{"title":"Joint torique BR | Fernco","description":"Les joints toriques BR DN 150 Fernco sont utilis\u00e9s comme joint d'\u00e9tanch\u00e9it\u00e9 pour le raccordement de bout m\u00e2le en gr\u00e8s aux conduites principales auss en gr\u00e8s \u00e0 partir de DN 300.","robots":{"index":"index","follow":"follow","max-snippet":"max-snippet:-1","max-image-preview":"max-image-preview:large","max-video-preview":"max-video-preview:-1"},"canonical":"https:\/\/www.fernco.de\/fr\/produit\/joint-torique-br","og_locale":"fr_FR","og_type":"article","og_title":"Joint torique BR | Fernco","og_description":"Les joints toriques BR DN 150 Fernco sont utilis\u00e9s comme joint d'\u00e9tanch\u00e9it\u00e9 pour le raccordement de bout m\u00e2le en gr\u00e8s aux conduites principales auss en gr\u00e8s \u00e0 partir de DN 300.","og_url":"https:\/\/www.fernco.de\/fr\/produit\/joint-torique-br","og_site_name":"Fernco","article_publisher":"https:\/\/www.facebook.com\/Flexseal","article_modified_time":"2025-12-11T14:53:09+00:00","og_image":[{"width":700,"height":394,"url":"https:\/\/www.fernco.de\/wp-content\/uploads\/2023\/05\/BR_700x394.png","type":"image\/png"}],"twitter_card":"summary_large_image","twitter_site":"@FlexsealUK","twitter_misc":{"Dur\u00e9e de lecture estim\u00e9e":"1 minute"},"schema":{"@context":"https:\/\/schema.org","@graph":[{"@type":"WebPage","@id":"https:\/\/www.fernco.de\/fr\/produit\/joint-torique-br","url":"https:\/\/www.fernco.de\/fr\/produit\/joint-torique-br","name":"Joint torique BR | Fernco","isPartOf":{"@id":"https:\/\/www.fernco.de\/fr#website"},"primaryImageOfPage":{"@id":"https:\/\/www.fernco.de\/fr\/produit\/joint-torique-br#primaryimage"},"image":{"@id":"https:\/\/www.fernco.de\/fr\/produit\/joint-torique-br#primaryimage"},"thumbnailUrl":"https:\/\/www.fernco.de\/wp-content\/uploads\/2023\/05\/BR_700x394.png","datePublished":"2025-06-04T14:15:14+00:00","dateModified":"2025-12-11T14:53:09+00:00","description":"Les joints toriques BR DN 150 Fernco sont utilis\u00e9s comme joint d'\u00e9tanch\u00e9it\u00e9 pour le raccordement de bout m\u00e2le en gr\u00e8s aux conduites principales auss en gr\u00e8s \u00e0 partir de DN 300.","breadcrumb":{"@id":"https:\/\/www.fernco.de\/fr\/produit\/joint-torique-br#breadcrumb"},"inLanguage":"fr-FR","potentialAction":[{"@type":"ReadAction","target":["https:\/\/www.fernco.de\/fr\/produit\/joint-torique-br"]}]},{"@type":"ImageObject","inLanguage":"fr-FR","@id":"https:\/\/www.fernco.de\/fr\/produit\/joint-torique-br#primaryimage","url":"https:\/\/www.fernco.de\/wp-content\/uploads\/2023\/05\/BR_700x394.png","contentUrl":"https:\/\/www.fernco.de\/wp-content\/uploads\/2023\/05\/BR_700x394.png","width":700,"height":394},{"@type":"BreadcrumbList","@id":"https:\/\/www.fernco.de\/fr\/produit\/joint-torique-br#breadcrumb","itemListElement":[{"@type":"ListItem","position":1,"name":"Home","item":"https:\/\/www.fernco.de\/fr"},{"@type":"ListItem","position":2,"name":"Produits","item":"https:\/\/www.fernco.de\/fr\/shop"},{"@type":"ListItem","position":3,"name":"Joint torique BR"}]},{"@type":"WebSite","@id":"https:\/\/www.fernco.de\/fr#website","url":"https:\/\/www.fernco.de\/fr","name":"Fernco","description":"Flexible Couplings, Drainage &amp; Plumbing Systems","publisher":{"@id":"https:\/\/www.fernco.de\/fr#organization"},"potentialAction":[{"@type":"SearchAction","target":{"@type":"EntryPoint","urlTemplate":"https:\/\/www.fernco.de\/fr?s={search_term_string}"},"query-input":"required name=search_term_string"}],"inLanguage":"fr-FR"},{"@type":"Organization","@id":"https:\/\/www.fernco.de\/fr#organization","name":"Fernco GmbH","alternateName":"Fernco","url":"https:\/\/www.fernco.de\/fr","logo":{"@type":"ImageObject","inLanguage":"fr-FR","@id":"https:\/\/www.fernco.de\/fr#\/schema\/logo\/image\/","url":"https:\/\/www.fernco.de\/wp-content\/uploads\/2022\/06\/fernco-logo.png","contentUrl":"https:\/\/www.fernco.de\/wp-content\/uploads\/2022\/06\/fernco-logo.png","width":287,"height":50,"caption":"Fernco GmbH"},"image":{"@id":"https:\/\/www.fernco.de\/fr#\/schema\/logo\/image\/"},"sameAs":["https:\/\/www.facebook.com\/Flexseal","https:\/\/x.com\/FlexsealUK"]}]}},"_links":{"self":[{"href":"https:\/\/www.fernco.de\/fr\/wp-json\/wp\/v2\/product\/35868"}],"collection":[{"href":"https:\/\/www.fernco.de\/fr\/wp-json\/wp\/v2\/product"}],"about":[{"href":"https:\/\/www.fernco.de\/fr\/wp-json\/wp\/v2\/types\/product"}],"wp:featuredmedia":[{"embeddable":true,"href":"https:\/\/www.fernco.de\/fr\/wp-json\/wp\/v2\/media\/35869"}],"wp:attachment":[{"href":"https:\/\/www.fernco.de\/fr\/wp-json\/wp\/v2\/media?parent=35868"}],"wp:term":[{"taxonomy":"product_cat","embeddable":true,"href":"https:\/\/www.fernco.de\/fr\/wp-json\/wp\/v2\/product_cat?post=35868"},{"taxonomy":"product_tag","embeddable":true,"href":"https:\/\/www.fernco.de\/fr\/wp-json\/wp\/v2\/product_tag?post=35868"}],"curies":[{"name":"wp","href":"https:\/\/api.w.org\/{rel}","templated":true}]}}