{"id":35872,"date":"2020-10-27T08:24:50","date_gmt":"2025-06-04T14:33:09","guid":{"rendered":"https:\/\/www.fernco.de\/?post_type=product&#038;p=35872"},"modified":"2025-12-11T14:54:31","modified_gmt":"2025-12-11T14:54:31","slug":"joint-torique-pr","status":"publish","type":"product","link":"https:\/\/www.fernco.de\/fr\/produit\/joint-torique-pr","title":{"rendered":"Joint torique PR"},"content":{"rendered":"<p>PR Passring P-Ring Pier\u015bcie\u0144 pasowany<br \/>\nPR200N PR200H PR250N PR250H PR300N PR300H PR400N PR400H PR500N PR500H PR600N PR600H<br \/>\nPRN200 PRH200 PRN250 PRH250 PRN300 PRH300 PRN400 PRH400 PRN500 PRH500 PRN600 PRH600<\/p>\n<p>DN200 DN250 DN300 DN400 DN500 DN600<\/p>\n<p>Dichtringe steinzeugrohr rohrspitzende abdichten sealing rings Bagues d&rsquo;\u00c9tanch\u00e9it\u00e9 Pier\u015bcienie Pier\u015bcie\u0144 uszczelniaj\u0105ce<\/p>\n<p>Hochlast Normallast High load Normal load Charge \u00e9lev\u00e9e Charge normale Wysokie obci\u0105\u017cenie Normalne obci\u0105\u017cenie<br \/>\nSteinzeugrohre eurotop vitrified clay pipes Tuyaux en gr\u00e8s Rury kamionkowe<br \/>\nRohrverbindungen pipe connections joints Raccords de tuyaux Po\u0142\u0105czenia rurowe<\/p>\n<p>EPDM Gummi Elastomere kautschuk UV best\u00e4ndig rubber resistant Caoutchouc \u00c9lastom\u00e8re r\u00e9sistant Guma Elastomery Odporne na promieniowanie<br \/>\nV2A 1.4301 304 W4 Edelstahl Stahl rostfrei Metall Stainless steel Metal rust free Acier inoxydable M\u00e9tal Stal Nierdzwena<br \/>\nschwarz black noir czarny<\/p>\n<p>Reparaturen repair Wartungen maintenance<\/p>\n","protected":false},"excerpt":{"rendered":"<p>Les joints toriques PR Fernco sont des \u00e9l\u00e9ments d&rsquo;\u00e9tanch\u00e9it\u00e9 pour l&rsquo;extr\u00e9mit\u00e9 des tuyaux en gr\u00e8s et des moulures.<\/p>\n","protected":false},"featured_media":35876,"template":"","meta":{"_acf_changed":false,"_mi_skip_tracking":false,"_monsterinsights_sitenote_active":false,"_monsterinsights_sitenote_note":"","_monsterinsights_sitenote_category":0},"product_cat":[235],"product_tag":[],"acf":[],"yoast_head":"<!-- This site is optimized with the Yoast SEO plugin v22.7 - https:\/\/yoast.com\/wordpress\/plugins\/seo\/ -->\n<title>Joint torique PR | Fernco<\/title>\n<meta name=\"description\" content=\"Les joints toriques PR Fernco sont des \u00e9l\u00e9ments d&#039;\u00e9tanch\u00e9it\u00e9 pour l&#039;extr\u00e9mit\u00e9 des tuyaux en gr\u00e8s et des moulures.\" \/>\n<meta name=\"robots\" content=\"index, follow, max-snippet:-1, max-image-preview:large, max-video-preview:-1\" \/>\n<link rel=\"canonical\" href=\"https:\/\/www.fernco.de\/fr\/produit\/joint-torique-pr\" \/>\n<meta property=\"og:locale\" content=\"fr_FR\" \/>\n<meta property=\"og:type\" content=\"article\" \/>\n<meta property=\"og:title\" content=\"Joint torique PR | Fernco\" \/>\n<meta property=\"og:description\" content=\"Les joints toriques PR Fernco sont des \u00e9l\u00e9ments d&#039;\u00e9tanch\u00e9it\u00e9 pour l&#039;extr\u00e9mit\u00e9 des tuyaux en gr\u00e8s et des moulures.\" \/>\n<meta property=\"og:url\" content=\"https:\/\/www.fernco.de\/fr\/produit\/joint-torique-pr\" \/>\n<meta property=\"og:site_name\" content=\"Fernco\" \/>\n<meta property=\"article:publisher\" content=\"https:\/\/www.facebook.com\/Flexseal\" \/>\n<meta property=\"article:modified_time\" content=\"2025-12-11T14:54:31+00:00\" \/>\n<meta property=\"og:image\" content=\"https:\/\/www.fernco.de\/wp-content\/uploads\/2023\/05\/PR_700x394.png\" \/>\n\t<meta property=\"og:image:width\" content=\"700\" \/>\n\t<meta property=\"og:image:height\" content=\"394\" \/>\n\t<meta property=\"og:image:type\" content=\"image\/png\" \/>\n<meta name=\"twitter:card\" content=\"summary_large_image\" \/>\n<meta name=\"twitter:site\" content=\"@FlexsealUK\" \/>\n<meta name=\"twitter:label1\" content=\"Dur\u00e9e de lecture estim\u00e9e\" \/>\n\t<meta name=\"twitter:data1\" content=\"1 minute\" \/>\n<script type=\"application\/ld+json\" class=\"yoast-schema-graph\">{\"@context\":\"https:\/\/schema.org\",\"@graph\":[{\"@type\":\"WebPage\",\"@id\":\"https:\/\/www.fernco.de\/fr\/produit\/joint-torique-pr\",\"url\":\"https:\/\/www.fernco.de\/fr\/produit\/joint-torique-pr\",\"name\":\"Joint torique PR | Fernco\",\"isPartOf\":{\"@id\":\"https:\/\/www.fernco.de\/fr#website\"},\"primaryImageOfPage\":{\"@id\":\"https:\/\/www.fernco.de\/fr\/produit\/joint-torique-pr#primaryimage\"},\"image\":{\"@id\":\"https:\/\/www.fernco.de\/fr\/produit\/joint-torique-pr#primaryimage\"},\"thumbnailUrl\":\"https:\/\/www.fernco.de\/wp-content\/uploads\/2023\/05\/PR_700x394.png\",\"datePublished\":\"2025-06-04T14:33:09+00:00\",\"dateModified\":\"2025-12-11T14:54:31+00:00\",\"description\":\"Les joints toriques PR Fernco sont des \u00e9l\u00e9ments d'\u00e9tanch\u00e9it\u00e9 pour l'extr\u00e9mit\u00e9 des tuyaux en gr\u00e8s et des moulures.\",\"breadcrumb\":{\"@id\":\"https:\/\/www.fernco.de\/fr\/produit\/joint-torique-pr#breadcrumb\"},\"inLanguage\":\"fr-FR\",\"potentialAction\":[{\"@type\":\"ReadAction\",\"target\":[\"https:\/\/www.fernco.de\/fr\/produit\/joint-torique-pr\"]}]},{\"@type\":\"ImageObject\",\"inLanguage\":\"fr-FR\",\"@id\":\"https:\/\/www.fernco.de\/fr\/produit\/joint-torique-pr#primaryimage\",\"url\":\"https:\/\/www.fernco.de\/wp-content\/uploads\/2023\/05\/PR_700x394.png\",\"contentUrl\":\"https:\/\/www.fernco.de\/wp-content\/uploads\/2023\/05\/PR_700x394.png\",\"width\":700,\"height\":394},{\"@type\":\"BreadcrumbList\",\"@id\":\"https:\/\/www.fernco.de\/fr\/produit\/joint-torique-pr#breadcrumb\",\"itemListElement\":[{\"@type\":\"ListItem\",\"position\":1,\"name\":\"Home\",\"item\":\"https:\/\/www.fernco.de\/fr\"},{\"@type\":\"ListItem\",\"position\":2,\"name\":\"Produits\",\"item\":\"https:\/\/www.fernco.de\/fr\/shop\"},{\"@type\":\"ListItem\",\"position\":3,\"name\":\"Joint torique PR\"}]},{\"@type\":\"WebSite\",\"@id\":\"https:\/\/www.fernco.de\/fr#website\",\"url\":\"https:\/\/www.fernco.de\/fr\",\"name\":\"Fernco\",\"description\":\"Flexible Couplings, Drainage &amp; Plumbing Systems\",\"publisher\":{\"@id\":\"https:\/\/www.fernco.de\/fr#organization\"},\"potentialAction\":[{\"@type\":\"SearchAction\",\"target\":{\"@type\":\"EntryPoint\",\"urlTemplate\":\"https:\/\/www.fernco.de\/fr?s={search_term_string}\"},\"query-input\":\"required name=search_term_string\"}],\"inLanguage\":\"fr-FR\"},{\"@type\":\"Organization\",\"@id\":\"https:\/\/www.fernco.de\/fr#organization\",\"name\":\"Fernco GmbH\",\"alternateName\":\"Fernco\",\"url\":\"https:\/\/www.fernco.de\/fr\",\"logo\":{\"@type\":\"ImageObject\",\"inLanguage\":\"fr-FR\",\"@id\":\"https:\/\/www.fernco.de\/fr#\/schema\/logo\/image\/\",\"url\":\"https:\/\/www.fernco.de\/wp-content\/uploads\/2022\/06\/fernco-logo.png\",\"contentUrl\":\"https:\/\/www.fernco.de\/wp-content\/uploads\/2022\/06\/fernco-logo.png\",\"width\":287,\"height\":50,\"caption\":\"Fernco GmbH\"},\"image\":{\"@id\":\"https:\/\/www.fernco.de\/fr#\/schema\/logo\/image\/\"},\"sameAs\":[\"https:\/\/www.facebook.com\/Flexseal\",\"https:\/\/x.com\/FlexsealUK\"]}]}<\/script>\n<!-- \/ Yoast SEO plugin. -->","yoast_head_json":{"title":"Joint torique PR | Fernco","description":"Les joints toriques PR Fernco sont des \u00e9l\u00e9ments d'\u00e9tanch\u00e9it\u00e9 pour l'extr\u00e9mit\u00e9 des tuyaux en gr\u00e8s et des moulures.","robots":{"index":"index","follow":"follow","max-snippet":"max-snippet:-1","max-image-preview":"max-image-preview:large","max-video-preview":"max-video-preview:-1"},"canonical":"https:\/\/www.fernco.de\/fr\/produit\/joint-torique-pr","og_locale":"fr_FR","og_type":"article","og_title":"Joint torique PR | Fernco","og_description":"Les joints toriques PR Fernco sont des \u00e9l\u00e9ments d'\u00e9tanch\u00e9it\u00e9 pour l'extr\u00e9mit\u00e9 des tuyaux en gr\u00e8s et des moulures.","og_url":"https:\/\/www.fernco.de\/fr\/produit\/joint-torique-pr","og_site_name":"Fernco","article_publisher":"https:\/\/www.facebook.com\/Flexseal","article_modified_time":"2025-12-11T14:54:31+00:00","og_image":[{"width":700,"height":394,"url":"https:\/\/www.fernco.de\/wp-content\/uploads\/2023\/05\/PR_700x394.png","type":"image\/png"}],"twitter_card":"summary_large_image","twitter_site":"@FlexsealUK","twitter_misc":{"Dur\u00e9e de lecture estim\u00e9e":"1 minute"},"schema":{"@context":"https:\/\/schema.org","@graph":[{"@type":"WebPage","@id":"https:\/\/www.fernco.de\/fr\/produit\/joint-torique-pr","url":"https:\/\/www.fernco.de\/fr\/produit\/joint-torique-pr","name":"Joint torique PR | Fernco","isPartOf":{"@id":"https:\/\/www.fernco.de\/fr#website"},"primaryImageOfPage":{"@id":"https:\/\/www.fernco.de\/fr\/produit\/joint-torique-pr#primaryimage"},"image":{"@id":"https:\/\/www.fernco.de\/fr\/produit\/joint-torique-pr#primaryimage"},"thumbnailUrl":"https:\/\/www.fernco.de\/wp-content\/uploads\/2023\/05\/PR_700x394.png","datePublished":"2025-06-04T14:33:09+00:00","dateModified":"2025-12-11T14:54:31+00:00","description":"Les joints toriques PR Fernco sont des \u00e9l\u00e9ments d'\u00e9tanch\u00e9it\u00e9 pour l'extr\u00e9mit\u00e9 des tuyaux en gr\u00e8s et des moulures.","breadcrumb":{"@id":"https:\/\/www.fernco.de\/fr\/produit\/joint-torique-pr#breadcrumb"},"inLanguage":"fr-FR","potentialAction":[{"@type":"ReadAction","target":["https:\/\/www.fernco.de\/fr\/produit\/joint-torique-pr"]}]},{"@type":"ImageObject","inLanguage":"fr-FR","@id":"https:\/\/www.fernco.de\/fr\/produit\/joint-torique-pr#primaryimage","url":"https:\/\/www.fernco.de\/wp-content\/uploads\/2023\/05\/PR_700x394.png","contentUrl":"https:\/\/www.fernco.de\/wp-content\/uploads\/2023\/05\/PR_700x394.png","width":700,"height":394},{"@type":"BreadcrumbList","@id":"https:\/\/www.fernco.de\/fr\/produit\/joint-torique-pr#breadcrumb","itemListElement":[{"@type":"ListItem","position":1,"name":"Home","item":"https:\/\/www.fernco.de\/fr"},{"@type":"ListItem","position":2,"name":"Produits","item":"https:\/\/www.fernco.de\/fr\/shop"},{"@type":"ListItem","position":3,"name":"Joint torique PR"}]},{"@type":"WebSite","@id":"https:\/\/www.fernco.de\/fr#website","url":"https:\/\/www.fernco.de\/fr","name":"Fernco","description":"Flexible Couplings, Drainage &amp; Plumbing Systems","publisher":{"@id":"https:\/\/www.fernco.de\/fr#organization"},"potentialAction":[{"@type":"SearchAction","target":{"@type":"EntryPoint","urlTemplate":"https:\/\/www.fernco.de\/fr?s={search_term_string}"},"query-input":"required name=search_term_string"}],"inLanguage":"fr-FR"},{"@type":"Organization","@id":"https:\/\/www.fernco.de\/fr#organization","name":"Fernco GmbH","alternateName":"Fernco","url":"https:\/\/www.fernco.de\/fr","logo":{"@type":"ImageObject","inLanguage":"fr-FR","@id":"https:\/\/www.fernco.de\/fr#\/schema\/logo\/image\/","url":"https:\/\/www.fernco.de\/wp-content\/uploads\/2022\/06\/fernco-logo.png","contentUrl":"https:\/\/www.fernco.de\/wp-content\/uploads\/2022\/06\/fernco-logo.png","width":287,"height":50,"caption":"Fernco GmbH"},"image":{"@id":"https:\/\/www.fernco.de\/fr#\/schema\/logo\/image\/"},"sameAs":["https:\/\/www.facebook.com\/Flexseal","https:\/\/x.com\/FlexsealUK"]}]}},"_links":{"self":[{"href":"https:\/\/www.fernco.de\/fr\/wp-json\/wp\/v2\/product\/35872"}],"collection":[{"href":"https:\/\/www.fernco.de\/fr\/wp-json\/wp\/v2\/product"}],"about":[{"href":"https:\/\/www.fernco.de\/fr\/wp-json\/wp\/v2\/types\/product"}],"wp:featuredmedia":[{"embeddable":true,"href":"https:\/\/www.fernco.de\/fr\/wp-json\/wp\/v2\/media\/35876"}],"wp:attachment":[{"href":"https:\/\/www.fernco.de\/fr\/wp-json\/wp\/v2\/media?parent=35872"}],"wp:term":[{"taxonomy":"product_cat","embeddable":true,"href":"https:\/\/www.fernco.de\/fr\/wp-json\/wp\/v2\/product_cat?post=35872"},{"taxonomy":"product_tag","embeddable":true,"href":"https:\/\/www.fernco.de\/fr\/wp-json\/wp\/v2\/product_tag?post=35872"}],"curies":[{"name":"wp","href":"https:\/\/api.w.org\/{rel}","templated":true}]}}